{"id":16977,"date":"2025-07-30T10:22:42","date_gmt":"2025-07-30T10:22:42","guid":{"rendered":"https:\/\/www.gtline.com\/de\/prodotto\/work-line-by-gt-werkzeugtasche-btp-03-r\/"},"modified":"2026-04-21T02:11:05","modified_gmt":"2026-04-21T02:11:05","slug":"work-line-by-gt-werkzeugtasche-btp-03-r","status":"publish","type":"product","link":"https:\/\/www.gtline.com\/de\/products\/work-line-by-gt-werkzeugtasche-btp-03-r\/","title":{"rendered":"Work Line by GT Werkzeugtasche BTP 03 R (Artikel aus dem Sortiment genommen &ndash; Verf&uuml;gbar solange der Vorrat reicht)"},"content":{"rendered":"<p data-start=\"3\" data-end=\"299\"><strong data-start=\"3\" data-end=\"80\" data-is-only-node=\"\">1.Maximale Widerstandsf\u00e4higkeit und Langlebigkeit in jeder Arbeitsumgebung.<br \/><\/strong><br data-start=\"80\" data-end=\"83\">Die Struktur aus <strong data-start=\"103\" data-end=\"117\">600D-Nylon<\/strong> mit <strong data-start=\"122\" data-end=\"144\">verst\u00e4rkten N\u00e4hten<\/strong> und einem <strong data-start=\"155\" data-end=\"180\">verzinkten Stahlboden<\/strong> macht die <strong data-start=\"191\" data-end=\"203\">BTP 03 R<\/strong> zur idealen <strong data-start=\"216\" data-end=\"234\">Werkzeugtasche<\/strong> f\u00fcr Baustellen, Werkst\u00e4tten und intensive technische Eins\u00e4tze.<\/p>\n<p data-start=\"304\" data-end=\"540\"><strong data-start=\"304\" data-end=\"363\" data-is-only-node=\"\">2.Verbesserte Sichtbarkeit f\u00fcr die Sicherheit des Profis.<br \/><\/strong><br data-start=\"363\" data-end=\"366\"><strong data-start=\"369\" data-end=\"396\">Reflektierende Eins\u00e4tze<\/strong> erh\u00f6hen die Sichtbarkeit in schlecht beleuchteten Umgebungen und tragen zur <strong data-start=\"473\" data-end=\"503\">Sicherheit am Arbeitsplatz<\/strong> auch bei geringer Beleuchtung bei.<\/p>\n<p data-start=\"545\" data-end=\"799\"><strong data-start=\"545\" data-end=\"603\" data-is-only-node=\"\">3.Einfacher Werkzeugzugriff dank doppelter Frontklappen.<br \/><\/strong><br data-start=\"603\" data-end=\"606\">Die <strong data-start=\"613\" data-end=\"660\">vorderen und hinteren aufklappbaren Fronten<\/strong> mit <strong data-start=\"665\" data-end=\"680\">90\u00b0-\u00d6ffnung<\/strong> erm\u00f6glichen eine vollst\u00e4ndige \u00dcbersicht \u00fcber den Inhalt und einen schnellen Zugriff \u2013 f\u00fcr mehr <strong data-start=\"776\" data-end=\"796\">Arbeitseffizienz<\/strong>.<\/p>\n<p data-start=\"804\" data-end=\"1071\"><strong data-start=\"804\" data-end=\"857\" data-is-only-node=\"\">4.Professionelle und modulare Werkzeugorganisation.<br \/><\/strong><br data-start=\"857\" data-end=\"860\">Die <strong data-start=\"867\" data-end=\"897\">FLEXI POUCHES\u2122-Halterungen<\/strong> und das <strong data-start=\"906\" data-end=\"921\">PSS\u2122-System<\/strong> erlauben eine <strong data-start=\"936\" data-end=\"970\">individuelle Innenorganisation<\/strong> f\u00fcr Werkzeuge unterschiedlicher Form und Gr\u00f6\u00dfe, die stets <strong data-start=\"1029\" data-end=\"1060\">geordnet und sicher fixiert<\/strong> bleiben.<\/p>\n<p data-start=\"1076\" data-end=\"1371\"><strong data-start=\"1076\" data-end=\"1134\" data-is-only-node=\"\">5.Intelligente Au\u00dfenbefestigungen f\u00fcr l\u00e4ngere Werkzeuge.<br \/><\/strong><br data-start=\"1134\" data-end=\"1137\">Die <strong data-start=\"1144\" data-end=\"1196\">integrierten Elastikhalterungen f\u00fcr Wasserwaagen<\/strong> erm\u00f6glichen den sicheren Transport sperriger Werkzeuge, ohne wertvollen Innenraum zu beanspruchen \u2013 ideal f\u00fcr Techniker, die mit Messger\u00e4ten und Spezialwerkzeugen arbeiten.<\/p>\n<p data-start=\"1376\" data-end=\"1670\" data-is-last-node=\"\"><strong data-start=\"1376\" data-end=\"1427\" data-is-only-node=\"\">6.Hoher Tragekomfort auch \u00fcber l\u00e4ngere Distanzen.<br \/><\/strong><br data-start=\"1427\" data-end=\"1430\">Der <strong data-start=\"1437\" data-end=\"1480\">verstellbare Ultra Comfort-Schultergurt<\/strong> und der <strong data-start=\"1489\" data-end=\"1503\">Gummigriff<\/strong> sorgen f\u00fcr <strong data-start=\"1515\" data-end=\"1547\">Ergonomie und Bequemlichkeit<\/strong>, wodurch die <strong data-start=\"1561\" data-end=\"1573\">BTP 03 R<\/strong> zu einer <strong data-start=\"1583\" data-end=\"1643\">leicht transportierbaren, professionellen Werkzeugtasche<\/strong> wird \u2013 \u00fcberall einsetzbar.<\/p>\n","protected":false},"excerpt":{"rendered":"<p data-start=\"0\" data-end=\"341\">Die <strong data-start=\"4\" data-end=\"16\">BTP 03 R<\/strong> ist eine <strong data-start=\"26\" data-end=\"80\">hochleistungsf\u00e4hige, professionelle Werkzeugtasche<\/strong>, die speziell f\u00fcr den Einsatz in <strong data-start=\"114\" data-end=\"158\">technischen und industriellen Umgebungen<\/strong> entwickelt wurde.<br data-start=\"176\" data-end=\"179\">Gefertigt aus <strong data-start=\"193\" data-end=\"207\">600D-Nylon<\/strong> mit <strong data-start=\"212\" data-end=\"234\">verst\u00e4rkten N\u00e4hten<\/strong> und einem <strong data-start=\"245\" data-end=\"270\">verzinkten Stahlboden<\/strong>, garantiert sie <strong data-start=\"287\" data-end=\"338\">maximale Widerstandsf\u00e4higkeit und Langlebigkeit<\/strong>.<\/p>\n<p data-start=\"343\" data-end=\"972\" data-is-last-node=\"\" data-is-only-node=\"\">Konzipiert f\u00fcr optimale <strong data-start=\"367\" data-end=\"400\">Organisation und Sichtbarkeit<\/strong>, verf\u00fcgt sie \u00fcber <strong data-start=\"419\" data-end=\"446\">reflektierende Eins\u00e4tze<\/strong>, <strong data-start=\"448\" data-end=\"465\">Seitentaschen<\/strong> sowie die <strong data-start=\"476\" data-end=\"495\">FLEXI POUCHES\u2122-<\/strong> und <strong data-start=\"500\" data-end=\"516\">PSS\u2122-Systeme<\/strong> f\u00fcr eine <strong data-start=\"526\" data-end=\"573\">schnelle und geordnete Werkzeugaufbewahrung<\/strong>.<br \/><br data-start=\"574\" data-end=\"577\">Die <strong data-start=\"581\" data-end=\"628\">doppelt aufklappbaren Front- und R\u00fcckseiten<\/strong> mit <strong data-start=\"633\" data-end=\"648\">90\u00b0-\u00d6ffnung<\/strong> sowie die <strong data-start=\"659\" data-end=\"710\">\u00e4u\u00dferen Elastikhalterungen f\u00fcr eine Wasserwaage<\/strong> vervollst\u00e4ndigen eine L\u00f6sung, die <strong data-start=\"745\" data-end=\"794\">Zuverl\u00e4ssigkeit, Funktionalit\u00e4t und Mobilit\u00e4t<\/strong> vereint \u2013 ideal f\u00fcr alle, die eine <strong data-start=\"830\" data-end=\"887\">praktische und leicht transportierbare Werkzeugtasche<\/strong> suchen, auch in Kombination mit <strong data-start=\"920\" data-end=\"971\">professionellen Rucks\u00e4cken oder Werkzeugkoffern<\/strong>.<\/p>\n","protected":false},"featured_media":8960,"comment_status":"open","ping_status":"closed","template":"","meta":{"_acf_changed":false},"product_brand":[],"product_cat":[233],"product_tag":[],"class_list":{"0":"post-16977","1":"product","2":"type-product","3":"status-publish","4":"has-post-thumbnail","6":"product_cat-linea-basic","7":"pa_anwendungen-koffer-und-taschen-fur-betreuer","8":"pa_anwendungen-koffer-und-taschen-fur-elektriker","9":"pa_anwendungen-koffer-und-taschen-fur-installateure","10":"pa_anwendungen-koffer-und-taschen-fur-servicetechniker","11":"pa_produkttyp-werkzeugtaschen-und-rucksacke","13":"first","14":"instock","15":"shipping-taxable","16":"purchasable","17":"product-type-simple"},"acf":[],"yoast_head":"<!-- This site is optimized with the Yoast SEO plugin v25.4 - https:\/\/yoast.com\/wordpress\/plugins\/seo\/ -->\n<title>Work Line by GT Werkzeugtasche BTP 03 R (Artikel aus dem Sortiment genommen &ndash; Verf&uuml;gbar solange der Vorrat reicht) - Gt Line DE<\/title>\n<meta name=\"robots\" content=\"index, follow, max-snippet:-1, max-image-preview:large, max-video-preview:-1\" \/>\n<link rel=\"canonical\" href=\"https:\/\/www.gtline.com\/de\/products\/work-line-by-gt-werkzeugtasche-btp-03-r\/\" \/>\n<meta property=\"og:locale\" content=\"de_DE\" \/>\n<meta property=\"og:type\" content=\"article\" \/>\n<meta property=\"og:title\" content=\"Work Line by GT Werkzeugtasche BTP 03 R (Artikel aus dem Sortiment genommen &ndash; Verf&uuml;gbar solange der Vorrat reicht) - Gt Line DE\" \/>\n<meta property=\"og:description\" content=\"Die BTP 03 R ist eine hochleistungsf\u00e4hige, professionelle Werkzeugtasche, die speziell f\u00fcr den Einsatz in technischen und industriellen Umgebungen entwickelt wurde.Gefertigt aus 600D-Nylon mit verst\u00e4rkten N\u00e4hten und einem verzinkten Stahlboden, garantiert sie maximale Widerstandsf\u00e4higkeit und Langlebigkeit. Konzipiert f\u00fcr optimale Organisation und Sichtbarkeit, verf\u00fcgt sie \u00fcber reflektierende Eins\u00e4tze, Seitentaschen sowie die FLEXI POUCHES\u2122- und PSS\u2122-Systeme f\u00fcr eine schnelle und geordnete Werkzeugaufbewahrung.Die doppelt aufklappbaren Front- und R\u00fcckseiten mit 90\u00b0-\u00d6ffnung sowie die \u00e4u\u00dferen Elastikhalterungen f\u00fcr eine Wasserwaage vervollst\u00e4ndigen eine L\u00f6sung, die Zuverl\u00e4ssigkeit, Funktionalit\u00e4t und Mobilit\u00e4t vereint \u2013 ideal f\u00fcr alle, die eine praktische und leicht transportierbare Werkzeugtasche suchen, auch in Kombination mit professionellen Rucks\u00e4cken oder Werkzeugkoffern.\" \/>\n<meta property=\"og:url\" content=\"https:\/\/www.gtline.com\/de\/products\/work-line-by-gt-werkzeugtasche-btp-03-r\/\" \/>\n<meta property=\"og:site_name\" content=\"Gt Line DE\" \/>\n<meta property=\"article:publisher\" content=\"https:\/\/www.facebook.com\/gtlinesrl?locale=it_IT\" \/>\n<meta property=\"article:modified_time\" content=\"2026-04-21T02:11:05+00:00\" \/>\n<meta property=\"og:image\" content=\"https:\/\/www.gtline.com\/de\/wp-content\/uploads\/sites\/5\/2025\/05\/BTP-03-R_ALL_01_9066.jpg\" \/>\n\t<meta property=\"og:image:width\" content=\"500\" \/>\n\t<meta property=\"og:image:height\" content=\"500\" \/>\n\t<meta property=\"og:image:type\" content=\"image\/jpeg\" \/>\n<meta name=\"twitter:card\" content=\"summary_large_image\" \/>\n<meta name=\"twitter:label1\" content=\"Gesch\u00e4tzte Lesezeit\" \/>\n\t<meta name=\"twitter:data1\" content=\"1\u00a0Minute\" \/>\n<script type=\"application\/ld+json\" class=\"yoast-schema-graph\">{\"@context\":\"https:\/\/schema.org\",\"@graph\":[{\"@type\":\"WebPage\",\"@id\":\"https:\/\/www.gtline.com\/de\/products\/work-line-by-gt-werkzeugtasche-btp-03-r\/\",\"url\":\"https:\/\/www.gtline.com\/de\/products\/work-line-by-gt-werkzeugtasche-btp-03-r\/\",\"name\":\"Work Line by GT Werkzeugtasche BTP 03 R (Artikel aus dem Sortiment genommen &ndash; Verf&uuml;gbar solange der Vorrat reicht) - Gt Line DE\",\"isPartOf\":{\"@id\":\"https:\/\/www.gtline.com\/de\/#website\"},\"primaryImageOfPage\":{\"@id\":\"https:\/\/www.gtline.com\/de\/products\/work-line-by-gt-werkzeugtasche-btp-03-r\/#primaryimage\"},\"image\":{\"@id\":\"https:\/\/www.gtline.com\/de\/products\/work-line-by-gt-werkzeugtasche-btp-03-r\/#primaryimage\"},\"thumbnailUrl\":\"https:\/\/www.gtline.com\/de\/wp-content\/uploads\/sites\/5\/2025\/05\/BTP-03-R_ALL_01_9066.jpg\",\"datePublished\":\"2025-07-30T10:22:42+00:00\",\"dateModified\":\"2026-04-21T02:11:05+00:00\",\"breadcrumb\":{\"@id\":\"https:\/\/www.gtline.com\/de\/products\/work-line-by-gt-werkzeugtasche-btp-03-r\/#breadcrumb\"},\"inLanguage\":\"de\",\"potentialAction\":[{\"@type\":\"ReadAction\",\"target\":[\"https:\/\/www.gtline.com\/de\/products\/work-line-by-gt-werkzeugtasche-btp-03-r\/\"]}]},{\"@type\":\"ImageObject\",\"inLanguage\":\"de\",\"@id\":\"https:\/\/www.gtline.com\/de\/products\/work-line-by-gt-werkzeugtasche-btp-03-r\/#primaryimage\",\"url\":\"https:\/\/www.gtline.com\/de\/wp-content\/uploads\/sites\/5\/2025\/05\/BTP-03-R_ALL_01_9066.jpg\",\"contentUrl\":\"https:\/\/www.gtline.com\/de\/wp-content\/uploads\/sites\/5\/2025\/05\/BTP-03-R_ALL_01_9066.jpg\",\"width\":500,\"height\":500},{\"@type\":\"BreadcrumbList\",\"@id\":\"https:\/\/www.gtline.com\/de\/products\/work-line-by-gt-werkzeugtasche-btp-03-r\/#breadcrumb\",\"itemListElement\":[{\"@type\":\"ListItem\",\"position\":1,\"name\":\"Home\",\"item\":\"https:\/\/www.gtline.com\/de\/\"},{\"@type\":\"ListItem\",\"position\":2,\"name\":\"Shop\",\"item\":\"https:\/\/www.gtline.com\/de\/negozio\/\"},{\"@type\":\"ListItem\",\"position\":3,\"name\":\"Work Line by GT Werkzeugtasche BTP 03 R\"}]},{\"@type\":\"WebSite\",\"@id\":\"https:\/\/www.gtline.com\/de\/#website\",\"url\":\"https:\/\/www.gtline.com\/de\/\",\"name\":\"Gt Line\",\"description\":\"\",\"publisher\":{\"@id\":\"https:\/\/www.gtline.com\/de\/#organization\"},\"potentialAction\":[{\"@type\":\"SearchAction\",\"target\":{\"@type\":\"EntryPoint\",\"urlTemplate\":\"https:\/\/www.gtline.com\/de\/?s={search_term_string}\"},\"query-input\":{\"@type\":\"PropertyValueSpecification\",\"valueRequired\":true,\"valueName\":\"search_term_string\"}}],\"inLanguage\":\"de\"},{\"@type\":\"Organization\",\"@id\":\"https:\/\/www.gtline.com\/de\/#organization\",\"name\":\"Gt Line\",\"url\":\"https:\/\/www.gtline.com\/de\/\",\"logo\":{\"@type\":\"ImageObject\",\"inLanguage\":\"de\",\"@id\":\"https:\/\/www.gtline.com\/de\/#\/schema\/logo\/image\/\",\"url\":\"https:\/\/www.gtline.com\/de\/wp-content\/uploads\/sites\/5\/2025\/02\/logo.png\",\"contentUrl\":\"https:\/\/www.gtline.com\/de\/wp-content\/uploads\/sites\/5\/2025\/02\/logo.png\",\"width\":228,\"height\":146,\"caption\":\"Gt Line\"},\"image\":{\"@id\":\"https:\/\/www.gtline.com\/de\/#\/schema\/logo\/image\/\"},\"sameAs\":[\"https:\/\/www.facebook.com\/gtlinesrl?locale=it_IT\",\"https:\/\/www.instagram.com\/gt_line_srl\/\",\"https:\/\/www.youtube.com\/channel\/UCDvpkFqswNJOVFz64PkYRQQ\",\"https:\/\/www.linkedin.com\/company\/gt-line-srl\/\"]}]}<\/script>\n<!-- \/ Yoast SEO plugin. -->","yoast_head_json":{"title":"Work Line by GT Werkzeugtasche BTP 03 R (Artikel aus dem Sortiment genommen &ndash; Verf&uuml;gbar solange der Vorrat reicht) - Gt Line DE","robots":{"index":"index","follow":"follow","max-snippet":"max-snippet:-1","max-image-preview":"max-image-preview:large","max-video-preview":"max-video-preview:-1"},"canonical":"https:\/\/www.gtline.com\/de\/products\/work-line-by-gt-werkzeugtasche-btp-03-r\/","og_locale":"de_DE","og_type":"article","og_title":"Work Line by GT Werkzeugtasche BTP 03 R (Artikel aus dem Sortiment genommen &ndash; Verf&uuml;gbar solange der Vorrat reicht) - Gt Line DE","og_description":"Die BTP 03 R ist eine hochleistungsf\u00e4hige, professionelle Werkzeugtasche, die speziell f\u00fcr den Einsatz in technischen und industriellen Umgebungen entwickelt wurde.Gefertigt aus 600D-Nylon mit verst\u00e4rkten N\u00e4hten und einem verzinkten Stahlboden, garantiert sie maximale Widerstandsf\u00e4higkeit und Langlebigkeit. Konzipiert f\u00fcr optimale Organisation und Sichtbarkeit, verf\u00fcgt sie \u00fcber reflektierende Eins\u00e4tze, Seitentaschen sowie die FLEXI POUCHES\u2122- und PSS\u2122-Systeme f\u00fcr eine schnelle und geordnete Werkzeugaufbewahrung.Die doppelt aufklappbaren Front- und R\u00fcckseiten mit 90\u00b0-\u00d6ffnung sowie die \u00e4u\u00dferen Elastikhalterungen f\u00fcr eine Wasserwaage vervollst\u00e4ndigen eine L\u00f6sung, die Zuverl\u00e4ssigkeit, Funktionalit\u00e4t und Mobilit\u00e4t vereint \u2013 ideal f\u00fcr alle, die eine praktische und leicht transportierbare Werkzeugtasche suchen, auch in Kombination mit professionellen Rucks\u00e4cken oder Werkzeugkoffern.","og_url":"https:\/\/www.gtline.com\/de\/products\/work-line-by-gt-werkzeugtasche-btp-03-r\/","og_site_name":"Gt Line DE","article_publisher":"https:\/\/www.facebook.com\/gtlinesrl?locale=it_IT","article_modified_time":"2026-04-21T02:11:05+00:00","og_image":[{"width":500,"height":500,"url":"https:\/\/www.gtline.com\/de\/wp-content\/uploads\/sites\/5\/2025\/05\/BTP-03-R_ALL_01_9066.jpg","type":"image\/jpeg"}],"twitter_card":"summary_large_image","twitter_misc":{"Gesch\u00e4tzte Lesezeit":"1\u00a0Minute"},"schema":{"@context":"https:\/\/schema.org","@graph":[{"@type":"WebPage","@id":"https:\/\/www.gtline.com\/de\/products\/work-line-by-gt-werkzeugtasche-btp-03-r\/","url":"https:\/\/www.gtline.com\/de\/products\/work-line-by-gt-werkzeugtasche-btp-03-r\/","name":"Work Line by GT Werkzeugtasche BTP 03 R (Artikel aus dem Sortiment genommen &ndash; Verf&uuml;gbar solange der Vorrat reicht) - Gt Line DE","isPartOf":{"@id":"https:\/\/www.gtline.com\/de\/#website"},"primaryImageOfPage":{"@id":"https:\/\/www.gtline.com\/de\/products\/work-line-by-gt-werkzeugtasche-btp-03-r\/#primaryimage"},"image":{"@id":"https:\/\/www.gtline.com\/de\/products\/work-line-by-gt-werkzeugtasche-btp-03-r\/#primaryimage"},"thumbnailUrl":"https:\/\/www.gtline.com\/de\/wp-content\/uploads\/sites\/5\/2025\/05\/BTP-03-R_ALL_01_9066.jpg","datePublished":"2025-07-30T10:22:42+00:00","dateModified":"2026-04-21T02:11:05+00:00","breadcrumb":{"@id":"https:\/\/www.gtline.com\/de\/products\/work-line-by-gt-werkzeugtasche-btp-03-r\/#breadcrumb"},"inLanguage":"de","potentialAction":[{"@type":"ReadAction","target":["https:\/\/www.gtline.com\/de\/products\/work-line-by-gt-werkzeugtasche-btp-03-r\/"]}]},{"@type":"ImageObject","inLanguage":"de","@id":"https:\/\/www.gtline.com\/de\/products\/work-line-by-gt-werkzeugtasche-btp-03-r\/#primaryimage","url":"https:\/\/www.gtline.com\/de\/wp-content\/uploads\/sites\/5\/2025\/05\/BTP-03-R_ALL_01_9066.jpg","contentUrl":"https:\/\/www.gtline.com\/de\/wp-content\/uploads\/sites\/5\/2025\/05\/BTP-03-R_ALL_01_9066.jpg","width":500,"height":500},{"@type":"BreadcrumbList","@id":"https:\/\/www.gtline.com\/de\/products\/work-line-by-gt-werkzeugtasche-btp-03-r\/#breadcrumb","itemListElement":[{"@type":"ListItem","position":1,"name":"Home","item":"https:\/\/www.gtline.com\/de\/"},{"@type":"ListItem","position":2,"name":"Shop","item":"https:\/\/www.gtline.com\/de\/negozio\/"},{"@type":"ListItem","position":3,"name":"Work Line by GT Werkzeugtasche BTP 03 R"}]},{"@type":"WebSite","@id":"https:\/\/www.gtline.com\/de\/#website","url":"https:\/\/www.gtline.com\/de\/","name":"Gt Line","description":"","publisher":{"@id":"https:\/\/www.gtline.com\/de\/#organization"},"potentialAction":[{"@type":"SearchAction","target":{"@type":"EntryPoint","urlTemplate":"https:\/\/www.gtline.com\/de\/?s={search_term_string}"},"query-input":{"@type":"PropertyValueSpecification","valueRequired":true,"valueName":"search_term_string"}}],"inLanguage":"de"},{"@type":"Organization","@id":"https:\/\/www.gtline.com\/de\/#organization","name":"Gt Line","url":"https:\/\/www.gtline.com\/de\/","logo":{"@type":"ImageObject","inLanguage":"de","@id":"https:\/\/www.gtline.com\/de\/#\/schema\/logo\/image\/","url":"https:\/\/www.gtline.com\/de\/wp-content\/uploads\/sites\/5\/2025\/02\/logo.png","contentUrl":"https:\/\/www.gtline.com\/de\/wp-content\/uploads\/sites\/5\/2025\/02\/logo.png","width":228,"height":146,"caption":"Gt Line"},"image":{"@id":"https:\/\/www.gtline.com\/de\/#\/schema\/logo\/image\/"},"sameAs":["https:\/\/www.facebook.com\/gtlinesrl?locale=it_IT","https:\/\/www.instagram.com\/gt_line_srl\/","https:\/\/www.youtube.com\/channel\/UCDvpkFqswNJOVFz64PkYRQQ","https:\/\/www.linkedin.com\/company\/gt-line-srl\/"]}]}},"_links":{"self":[{"href":"https:\/\/www.gtline.com\/de\/wp-json\/wp\/v2\/product\/16977","targetHints":{"allow":["GET"]}}],"collection":[{"href":"https:\/\/www.gtline.com\/de\/wp-json\/wp\/v2\/product"}],"about":[{"href":"https:\/\/www.gtline.com\/de\/wp-json\/wp\/v2\/types\/product"}],"replies":[{"embeddable":true,"href":"https:\/\/www.gtline.com\/de\/wp-json\/wp\/v2\/comments?post=16977"}],"version-history":[{"count":3,"href":"https:\/\/www.gtline.com\/de\/wp-json\/wp\/v2\/product\/16977\/revisions"}],"predecessor-version":[{"id":27127,"href":"https:\/\/www.gtline.com\/de\/wp-json\/wp\/v2\/product\/16977\/revisions\/27127"}],"wp:featuredmedia":[{"embeddable":true,"href":"https:\/\/www.gtline.com\/de\/wp-json\/wp\/v2\/media\/8960"}],"wp:attachment":[{"href":"https:\/\/www.gtline.com\/de\/wp-json\/wp\/v2\/media?parent=16977"}],"wp:term":[{"taxonomy":"product_brand","embeddable":true,"href":"https:\/\/www.gtline.com\/de\/wp-json\/wp\/v2\/product_brand?post=16977"},{"taxonomy":"product_cat","embeddable":true,"href":"https:\/\/www.gtline.com\/de\/wp-json\/wp\/v2\/product_cat?post=16977"},{"taxonomy":"product_tag","embeddable":true,"href":"https:\/\/www.gtline.com\/de\/wp-json\/wp\/v2\/product_tag?post=16977"}],"curies":[{"name":"wp","href":"https:\/\/api.w.org\/{rel}","templated":true}]}}