{"id":16979,"date":"2025-07-30T10:22:45","date_gmt":"2025-07-30T10:22:45","guid":{"rendered":"https:\/\/www.gtline.com\/de\/prodotto\/work-line-by-gt-werkzeugtasche-bcf-134-r\/"},"modified":"2026-04-17T02:10:42","modified_gmt":"2026-04-17T02:10:42","slug":"work-line-by-gt-werkzeugtasche-bcf-134-r","status":"publish","type":"product","link":"https:\/\/www.gtline.com\/de\/products\/work-line-by-gt-werkzeugtasche-bcf-134-r\/","title":{"rendered":"Work Line by GT Werkzeugtasche BCF 134 R (Artikel aus dem Sortiment genommen &ndash; Verf&uuml;gbar solange der Vorrat reicht)"},"content":{"rendered":"<p data-start=\"3\" data-end=\"279\"><strong data-start=\"3\" data-end=\"66\" data-is-only-node=\"\">1.Maximale Widerstandsf\u00e4higkeit gegen\u00fcber \u00e4u\u00dferen Einfl\u00fcssen.<\/strong><br \/><br data-start=\"66\" data-end=\"69\">Hergestellt aus <strong data-start=\"85\" data-end=\"98\">Tarpaulin<\/strong>, ist die <strong data-start=\"108\" data-end=\"121\">BCF 134 R<\/strong> eine Werkzeugtasche, die auf Langlebigkeit ausgelegt ist: <strong data-start=\"180\" data-end=\"195\">wasserdicht<\/strong>, <strong data-start=\"197\" data-end=\"217\">schmutzabweisend<\/strong>, <strong data-start=\"219\" data-end=\"243\">rei\u00df- und abriebfest,<\/strong>\u00a0ideal f\u00fcr den <strong data-start=\"260\" data-end=\"276\">Au\u00dfeneinsatz<\/strong>.<\/p>\n<p data-start=\"284\" data-end=\"506\"><strong data-start=\"284\" data-end=\"324\" data-is-only-node=\"\">2.Komfort auch bei l\u00e4ngerem Transport.<br \/><\/strong><br data-start=\"324\" data-end=\"327\">Der <strong data-start=\"331\" data-end=\"373\">gepolsterte, verstellbare Schultergurt<\/strong> sorgt f\u00fcr ergonomischen und bequemen Transport, selbst bei voller Beladung, perfekt auch als <strong data-start=\"468\" data-end=\"503\">Alternative zum Arbeitsrucksack<\/strong>.<\/p>\n<p data-start=\"511\" data-end=\"717\"><strong data-start=\"511\" data-end=\"549\" data-is-only-node=\"\">3.Schneller und sicherer Verschluss.<br \/><\/strong><br data-start=\"549\" data-end=\"552\">Die <strong data-start=\"556\" data-end=\"585\">zwei Schnallenverschl\u00fcsse<\/strong> gew\u00e4hrleisten zuverl\u00e4ssigen Schutz der Werkzeuge, verhindern unbeabsichtigtes \u00d6ffnen und sorgen f\u00fcr sicheren Halt beim Transport.<\/p>\n<p data-start=\"722\" data-end=\"952\"><strong data-start=\"722\" data-end=\"769\" data-is-only-node=\"\">4.Ordnung und Praktikabilit\u00e4t bis ins Detail.<br \/><\/strong><br data-start=\"769\" data-end=\"772\">Das <strong data-start=\"776\" data-end=\"802\">transparente Innenfach<\/strong> ist ideal zur Aufbewahrung kleiner Dokumente, technischer Datenbl\u00e4tter oder Montageanleitungen und tr\u00e4gt zu einer besseren Arbeitsorganisation bei.<\/p>\n<p data-start=\"957\" data-end=\"1208\"><strong data-start=\"957\" data-end=\"984\" data-is-only-node=\"\">5.Kompakt, aber ger\u00e4umig.<br \/><\/strong><br data-start=\"984\" data-end=\"987\">Mit Au\u00dfenma\u00dfen von <strong data-start=\"1006\" data-end=\"1028\">410 x 200 x 180 mm<\/strong> und einem Gewicht von nur <strong data-start=\"1055\" data-end=\"1065\">1,2 kg<\/strong> ist die <strong data-start=\"1074\" data-end=\"1087\">BCF 134 R<\/strong> eine kompakte, aber \u00fcberraschend ger\u00e4umige Werkzeugtasche, auch ideal zum Einsetzen in einen gr\u00f6\u00dferen Werkzeugkoffer.<\/p>\n<p data-start=\"1213\" data-end=\"1457\" data-is-last-node=\"\"><strong data-start=\"1213\" data-end=\"1268\" data-is-only-node=\"\">6.Perfekt f\u00fcr den intensiven professionellen Einsatz.<br \/><\/strong><br data-start=\"1268\" data-end=\"1271\">Die <strong data-start=\"1275\" data-end=\"1322\">stabile Konstruktion mit verst\u00e4rkten N\u00e4hten<\/strong> ist auf den t\u00e4glichen, anspruchsvollen Gebrauch ausgelegt und macht sie zu einer <strong data-start=\"1404\" data-end=\"1456\">echten Arbeitstasche f\u00fcr professionelle Anwender<\/strong>.<\/p>\n","protected":false},"excerpt":{"rendered":"<p>Die <strong data-start=\"4\" data-end=\"17\">BCF 134 R<\/strong> ist eine <strong data-start=\"27\" data-end=\"81\">kompakte und robuste professionelle Werkzeugtasche<\/strong>, die speziell f\u00fcr <strong data-start=\"100\" data-end=\"151\">Installateure, Wartungstechniker und Fachkr\u00e4fte<\/strong> entwickelt wurde, die in anspruchsvollen Umgebungen arbeiten.<br \/><br data-start=\"213\" data-end=\"216\">Gefertigt aus <strong data-start=\"230\" data-end=\"243\">Tarpaulin<\/strong>, einem <strong data-start=\"251\" data-end=\"308\">wasserdichten und \u00e4u\u00dferst widerstandsf\u00e4higen Material<\/strong>, bietet diese <strong data-start=\"323\" data-end=\"341\">Werkzeugtasche<\/strong> zuverl\u00e4ssigen <strong data-start=\"356\" data-end=\"401\">Schutz vor Witterungseinfl\u00fcssen und Staub<\/strong>.<br data-start=\"402\" data-end=\"405\"><strong data-start=\"405\" data-end=\"425\">Verst\u00e4rkte N\u00e4hte<\/strong>, ein <strong data-start=\"431\" data-end=\"475\">gepolsterter, verstellbarer Schultergurt<\/strong> und ein <strong data-start=\"484\" data-end=\"507\">Schnallenverschluss<\/strong> machen sie zu einer <strong data-start=\"528\" data-end=\"596\">praktischen und verl\u00e4sslichen L\u00f6sung f\u00fcr den t\u00e4glichen Transport<\/strong>.<br data-start=\"597\" data-end=\"600\">Auch als <strong data-start=\"609\" data-end=\"637\">kompakter Werkzeugkoffer<\/strong> ideal geeignet, wurde sie entwickelt, um <strong data-start=\"679\" data-end=\"722\">Profis \u00fcberall zuverl\u00e4ssig zu begleiten<\/strong>, wo ihre Arbeit sie hinf\u00fchrt.<\/p>\n","protected":false},"featured_media":8976,"comment_status":"open","ping_status":"closed","template":"","meta":{"_acf_changed":false},"product_brand":[],"product_cat":[233],"product_tag":[],"class_list":{"0":"post-16979","1":"product","2":"type-product","3":"status-publish","4":"has-post-thumbnail","6":"product_cat-linea-basic","7":"pa_anwendungen-koffer-und-taschen-fur-betreuer","8":"pa_anwendungen-koffer-und-taschen-fur-elektriker","9":"pa_anwendungen-koffer-und-taschen-fur-installateure","10":"pa_anwendungen-koffer-und-taschen-fur-servicetechniker","11":"pa_produkttyp-werkzeugtaschen-und-rucksacke","13":"first","14":"instock","15":"shipping-taxable","16":"purchasable","17":"product-type-simple"},"acf":[],"yoast_head":"<!-- This site is optimized with the Yoast SEO plugin v25.4 - https:\/\/yoast.com\/wordpress\/plugins\/seo\/ -->\n<title>Work Line by GT Werkzeugtasche BCF 134 R (Artikel aus dem Sortiment genommen &ndash; Verf&uuml;gbar solange der Vorrat reicht) - Gt Line DE<\/title>\n<meta name=\"robots\" content=\"index, follow, max-snippet:-1, max-image-preview:large, max-video-preview:-1\" \/>\n<link rel=\"canonical\" href=\"https:\/\/www.gtline.com\/de\/products\/work-line-by-gt-werkzeugtasche-bcf-134-r\/\" \/>\n<meta property=\"og:locale\" content=\"de_DE\" \/>\n<meta property=\"og:type\" content=\"article\" \/>\n<meta property=\"og:title\" content=\"Work Line by GT Werkzeugtasche BCF 134 R (Artikel aus dem Sortiment genommen &ndash; Verf&uuml;gbar solange der Vorrat reicht) - Gt Line DE\" \/>\n<meta property=\"og:description\" content=\"Die BCF 134 R ist eine kompakte und robuste professionelle Werkzeugtasche, die speziell f\u00fcr Installateure, Wartungstechniker und Fachkr\u00e4fte entwickelt wurde, die in anspruchsvollen Umgebungen arbeiten.Gefertigt aus Tarpaulin, einem wasserdichten und \u00e4u\u00dferst widerstandsf\u00e4higen Material, bietet diese Werkzeugtasche zuverl\u00e4ssigen Schutz vor Witterungseinfl\u00fcssen und Staub.Verst\u00e4rkte N\u00e4hte, ein gepolsterter, verstellbarer Schultergurt und ein Schnallenverschluss machen sie zu einer praktischen und verl\u00e4sslichen L\u00f6sung f\u00fcr den t\u00e4glichen Transport.Auch als kompakter Werkzeugkoffer ideal geeignet, wurde sie entwickelt, um Profis \u00fcberall zuverl\u00e4ssig zu begleiten, wo ihre Arbeit sie hinf\u00fchrt.\" \/>\n<meta property=\"og:url\" content=\"https:\/\/www.gtline.com\/de\/products\/work-line-by-gt-werkzeugtasche-bcf-134-r\/\" \/>\n<meta property=\"og:site_name\" content=\"Gt Line DE\" \/>\n<meta property=\"article:publisher\" content=\"https:\/\/www.facebook.com\/gtlinesrl?locale=it_IT\" \/>\n<meta property=\"article:modified_time\" content=\"2026-04-17T02:10:42+00:00\" \/>\n<meta property=\"og:image\" content=\"https:\/\/www.gtline.com\/de\/wp-content\/uploads\/sites\/5\/2025\/05\/BCF-134-R_ALL_01_9067.jpg\" \/>\n\t<meta property=\"og:image:width\" content=\"500\" \/>\n\t<meta property=\"og:image:height\" content=\"500\" \/>\n\t<meta property=\"og:image:type\" content=\"image\/jpeg\" \/>\n<meta name=\"twitter:card\" content=\"summary_large_image\" \/>\n<meta name=\"twitter:label1\" content=\"Gesch\u00e4tzte Lesezeit\" \/>\n\t<meta name=\"twitter:data1\" content=\"1\u00a0Minute\" \/>\n<script type=\"application\/ld+json\" class=\"yoast-schema-graph\">{\"@context\":\"https:\/\/schema.org\",\"@graph\":[{\"@type\":\"WebPage\",\"@id\":\"https:\/\/www.gtline.com\/de\/products\/work-line-by-gt-werkzeugtasche-bcf-134-r\/\",\"url\":\"https:\/\/www.gtline.com\/de\/products\/work-line-by-gt-werkzeugtasche-bcf-134-r\/\",\"name\":\"Work Line by GT Werkzeugtasche BCF 134 R (Artikel aus dem Sortiment genommen &ndash; Verf&uuml;gbar solange der Vorrat reicht) - Gt Line DE\",\"isPartOf\":{\"@id\":\"https:\/\/www.gtline.com\/de\/#website\"},\"primaryImageOfPage\":{\"@id\":\"https:\/\/www.gtline.com\/de\/products\/work-line-by-gt-werkzeugtasche-bcf-134-r\/#primaryimage\"},\"image\":{\"@id\":\"https:\/\/www.gtline.com\/de\/products\/work-line-by-gt-werkzeugtasche-bcf-134-r\/#primaryimage\"},\"thumbnailUrl\":\"https:\/\/www.gtline.com\/de\/wp-content\/uploads\/sites\/5\/2025\/05\/BCF-134-R_ALL_01_9067.jpg\",\"datePublished\":\"2025-07-30T10:22:45+00:00\",\"dateModified\":\"2026-04-17T02:10:42+00:00\",\"breadcrumb\":{\"@id\":\"https:\/\/www.gtline.com\/de\/products\/work-line-by-gt-werkzeugtasche-bcf-134-r\/#breadcrumb\"},\"inLanguage\":\"de\",\"potentialAction\":[{\"@type\":\"ReadAction\",\"target\":[\"https:\/\/www.gtline.com\/de\/products\/work-line-by-gt-werkzeugtasche-bcf-134-r\/\"]}]},{\"@type\":\"ImageObject\",\"inLanguage\":\"de\",\"@id\":\"https:\/\/www.gtline.com\/de\/products\/work-line-by-gt-werkzeugtasche-bcf-134-r\/#primaryimage\",\"url\":\"https:\/\/www.gtline.com\/de\/wp-content\/uploads\/sites\/5\/2025\/05\/BCF-134-R_ALL_01_9067.jpg\",\"contentUrl\":\"https:\/\/www.gtline.com\/de\/wp-content\/uploads\/sites\/5\/2025\/05\/BCF-134-R_ALL_01_9067.jpg\",\"width\":500,\"height\":500},{\"@type\":\"BreadcrumbList\",\"@id\":\"https:\/\/www.gtline.com\/de\/products\/work-line-by-gt-werkzeugtasche-bcf-134-r\/#breadcrumb\",\"itemListElement\":[{\"@type\":\"ListItem\",\"position\":1,\"name\":\"Home\",\"item\":\"https:\/\/www.gtline.com\/de\/\"},{\"@type\":\"ListItem\",\"position\":2,\"name\":\"Shop\",\"item\":\"https:\/\/www.gtline.com\/de\/negozio\/\"},{\"@type\":\"ListItem\",\"position\":3,\"name\":\"Work Line by GT Werkzeugtasche BCF 134 R\"}]},{\"@type\":\"WebSite\",\"@id\":\"https:\/\/www.gtline.com\/de\/#website\",\"url\":\"https:\/\/www.gtline.com\/de\/\",\"name\":\"Gt Line\",\"description\":\"\",\"publisher\":{\"@id\":\"https:\/\/www.gtline.com\/de\/#organization\"},\"potentialAction\":[{\"@type\":\"SearchAction\",\"target\":{\"@type\":\"EntryPoint\",\"urlTemplate\":\"https:\/\/www.gtline.com\/de\/?s={search_term_string}\"},\"query-input\":{\"@type\":\"PropertyValueSpecification\",\"valueRequired\":true,\"valueName\":\"search_term_string\"}}],\"inLanguage\":\"de\"},{\"@type\":\"Organization\",\"@id\":\"https:\/\/www.gtline.com\/de\/#organization\",\"name\":\"Gt Line\",\"url\":\"https:\/\/www.gtline.com\/de\/\",\"logo\":{\"@type\":\"ImageObject\",\"inLanguage\":\"de\",\"@id\":\"https:\/\/www.gtline.com\/de\/#\/schema\/logo\/image\/\",\"url\":\"https:\/\/www.gtline.com\/de\/wp-content\/uploads\/sites\/5\/2025\/02\/logo.png\",\"contentUrl\":\"https:\/\/www.gtline.com\/de\/wp-content\/uploads\/sites\/5\/2025\/02\/logo.png\",\"width\":228,\"height\":146,\"caption\":\"Gt Line\"},\"image\":{\"@id\":\"https:\/\/www.gtline.com\/de\/#\/schema\/logo\/image\/\"},\"sameAs\":[\"https:\/\/www.facebook.com\/gtlinesrl?locale=it_IT\",\"https:\/\/www.instagram.com\/gt_line_srl\/\",\"https:\/\/www.youtube.com\/channel\/UCDvpkFqswNJOVFz64PkYRQQ\",\"https:\/\/www.linkedin.com\/company\/gt-line-srl\/\"]}]}<\/script>\n<!-- \/ Yoast SEO plugin. -->","yoast_head_json":{"title":"Work Line by GT Werkzeugtasche BCF 134 R (Artikel aus dem Sortiment genommen &ndash; Verf&uuml;gbar solange der Vorrat reicht) - Gt Line DE","robots":{"index":"index","follow":"follow","max-snippet":"max-snippet:-1","max-image-preview":"max-image-preview:large","max-video-preview":"max-video-preview:-1"},"canonical":"https:\/\/www.gtline.com\/de\/products\/work-line-by-gt-werkzeugtasche-bcf-134-r\/","og_locale":"de_DE","og_type":"article","og_title":"Work Line by GT Werkzeugtasche BCF 134 R (Artikel aus dem Sortiment genommen &ndash; Verf&uuml;gbar solange der Vorrat reicht) - Gt Line DE","og_description":"Die BCF 134 R ist eine kompakte und robuste professionelle Werkzeugtasche, die speziell f\u00fcr Installateure, Wartungstechniker und Fachkr\u00e4fte entwickelt wurde, die in anspruchsvollen Umgebungen arbeiten.Gefertigt aus Tarpaulin, einem wasserdichten und \u00e4u\u00dferst widerstandsf\u00e4higen Material, bietet diese Werkzeugtasche zuverl\u00e4ssigen Schutz vor Witterungseinfl\u00fcssen und Staub.Verst\u00e4rkte N\u00e4hte, ein gepolsterter, verstellbarer Schultergurt und ein Schnallenverschluss machen sie zu einer praktischen und verl\u00e4sslichen L\u00f6sung f\u00fcr den t\u00e4glichen Transport.Auch als kompakter Werkzeugkoffer ideal geeignet, wurde sie entwickelt, um Profis \u00fcberall zuverl\u00e4ssig zu begleiten, wo ihre Arbeit sie hinf\u00fchrt.","og_url":"https:\/\/www.gtline.com\/de\/products\/work-line-by-gt-werkzeugtasche-bcf-134-r\/","og_site_name":"Gt Line DE","article_publisher":"https:\/\/www.facebook.com\/gtlinesrl?locale=it_IT","article_modified_time":"2026-04-17T02:10:42+00:00","og_image":[{"width":500,"height":500,"url":"https:\/\/www.gtline.com\/de\/wp-content\/uploads\/sites\/5\/2025\/05\/BCF-134-R_ALL_01_9067.jpg","type":"image\/jpeg"}],"twitter_card":"summary_large_image","twitter_misc":{"Gesch\u00e4tzte Lesezeit":"1\u00a0Minute"},"schema":{"@context":"https:\/\/schema.org","@graph":[{"@type":"WebPage","@id":"https:\/\/www.gtline.com\/de\/products\/work-line-by-gt-werkzeugtasche-bcf-134-r\/","url":"https:\/\/www.gtline.com\/de\/products\/work-line-by-gt-werkzeugtasche-bcf-134-r\/","name":"Work Line by GT Werkzeugtasche BCF 134 R (Artikel aus dem Sortiment genommen &ndash; Verf&uuml;gbar solange der Vorrat reicht) - Gt Line DE","isPartOf":{"@id":"https:\/\/www.gtline.com\/de\/#website"},"primaryImageOfPage":{"@id":"https:\/\/www.gtline.com\/de\/products\/work-line-by-gt-werkzeugtasche-bcf-134-r\/#primaryimage"},"image":{"@id":"https:\/\/www.gtline.com\/de\/products\/work-line-by-gt-werkzeugtasche-bcf-134-r\/#primaryimage"},"thumbnailUrl":"https:\/\/www.gtline.com\/de\/wp-content\/uploads\/sites\/5\/2025\/05\/BCF-134-R_ALL_01_9067.jpg","datePublished":"2025-07-30T10:22:45+00:00","dateModified":"2026-04-17T02:10:42+00:00","breadcrumb":{"@id":"https:\/\/www.gtline.com\/de\/products\/work-line-by-gt-werkzeugtasche-bcf-134-r\/#breadcrumb"},"inLanguage":"de","potentialAction":[{"@type":"ReadAction","target":["https:\/\/www.gtline.com\/de\/products\/work-line-by-gt-werkzeugtasche-bcf-134-r\/"]}]},{"@type":"ImageObject","inLanguage":"de","@id":"https:\/\/www.gtline.com\/de\/products\/work-line-by-gt-werkzeugtasche-bcf-134-r\/#primaryimage","url":"https:\/\/www.gtline.com\/de\/wp-content\/uploads\/sites\/5\/2025\/05\/BCF-134-R_ALL_01_9067.jpg","contentUrl":"https:\/\/www.gtline.com\/de\/wp-content\/uploads\/sites\/5\/2025\/05\/BCF-134-R_ALL_01_9067.jpg","width":500,"height":500},{"@type":"BreadcrumbList","@id":"https:\/\/www.gtline.com\/de\/products\/work-line-by-gt-werkzeugtasche-bcf-134-r\/#breadcrumb","itemListElement":[{"@type":"ListItem","position":1,"name":"Home","item":"https:\/\/www.gtline.com\/de\/"},{"@type":"ListItem","position":2,"name":"Shop","item":"https:\/\/www.gtline.com\/de\/negozio\/"},{"@type":"ListItem","position":3,"name":"Work Line by GT Werkzeugtasche BCF 134 R"}]},{"@type":"WebSite","@id":"https:\/\/www.gtline.com\/de\/#website","url":"https:\/\/www.gtline.com\/de\/","name":"Gt Line","description":"","publisher":{"@id":"https:\/\/www.gtline.com\/de\/#organization"},"potentialAction":[{"@type":"SearchAction","target":{"@type":"EntryPoint","urlTemplate":"https:\/\/www.gtline.com\/de\/?s={search_term_string}"},"query-input":{"@type":"PropertyValueSpecification","valueRequired":true,"valueName":"search_term_string"}}],"inLanguage":"de"},{"@type":"Organization","@id":"https:\/\/www.gtline.com\/de\/#organization","name":"Gt Line","url":"https:\/\/www.gtline.com\/de\/","logo":{"@type":"ImageObject","inLanguage":"de","@id":"https:\/\/www.gtline.com\/de\/#\/schema\/logo\/image\/","url":"https:\/\/www.gtline.com\/de\/wp-content\/uploads\/sites\/5\/2025\/02\/logo.png","contentUrl":"https:\/\/www.gtline.com\/de\/wp-content\/uploads\/sites\/5\/2025\/02\/logo.png","width":228,"height":146,"caption":"Gt Line"},"image":{"@id":"https:\/\/www.gtline.com\/de\/#\/schema\/logo\/image\/"},"sameAs":["https:\/\/www.facebook.com\/gtlinesrl?locale=it_IT","https:\/\/www.instagram.com\/gt_line_srl\/","https:\/\/www.youtube.com\/channel\/UCDvpkFqswNJOVFz64PkYRQQ","https:\/\/www.linkedin.com\/company\/gt-line-srl\/"]}]}},"_links":{"self":[{"href":"https:\/\/www.gtline.com\/de\/wp-json\/wp\/v2\/product\/16979","targetHints":{"allow":["GET"]}}],"collection":[{"href":"https:\/\/www.gtline.com\/de\/wp-json\/wp\/v2\/product"}],"about":[{"href":"https:\/\/www.gtline.com\/de\/wp-json\/wp\/v2\/types\/product"}],"replies":[{"embeddable":true,"href":"https:\/\/www.gtline.com\/de\/wp-json\/wp\/v2\/comments?post=16979"}],"version-history":[{"count":3,"href":"https:\/\/www.gtline.com\/de\/wp-json\/wp\/v2\/product\/16979\/revisions"}],"predecessor-version":[{"id":27128,"href":"https:\/\/www.gtline.com\/de\/wp-json\/wp\/v2\/product\/16979\/revisions\/27128"}],"wp:featuredmedia":[{"embeddable":true,"href":"https:\/\/www.gtline.com\/de\/wp-json\/wp\/v2\/media\/8976"}],"wp:attachment":[{"href":"https:\/\/www.gtline.com\/de\/wp-json\/wp\/v2\/media?parent=16979"}],"wp:term":[{"taxonomy":"product_brand","embeddable":true,"href":"https:\/\/www.gtline.com\/de\/wp-json\/wp\/v2\/product_brand?post=16979"},{"taxonomy":"product_cat","embeddable":true,"href":"https:\/\/www.gtline.com\/de\/wp-json\/wp\/v2\/product_cat?post=16979"},{"taxonomy":"product_tag","embeddable":true,"href":"https:\/\/www.gtline.com\/de\/wp-json\/wp\/v2\/product_tag?post=16979"}],"curies":[{"name":"wp","href":"https:\/\/api.w.org\/{rel}","templated":true}]}}