{"id":16981,"date":"2025-07-30T10:22:49","date_gmt":"2025-07-30T10:22:49","guid":{"rendered":"https:\/\/www.gtline.com\/de\/prodotto\/work-line-by-gt-werkzeugtasche-bcf-135-r\/"},"modified":"2026-04-17T02:10:46","modified_gmt":"2026-04-17T02:10:46","slug":"work-line-by-gt-werkzeugtasche-bcf-135-r","status":"publish","type":"product","link":"https:\/\/www.gtline.com\/de\/products\/work-line-by-gt-werkzeugtasche-bcf-135-r\/","title":{"rendered":"Work Line by GT Werkzeugtasche BCF 135 R (Artikel aus dem Sortiment genommen &ndash; Verf&uuml;gbar solange der Vorrat reicht)"},"content":{"rendered":"<p data-start=\"3\" data-end=\"260\"><strong data-start=\"3\" data-end=\"71\" data-is-only-node=\"\">1.Robuste und wasserdichte Struktur f\u00fcr anspruchsvolle Umgebungen.<\/strong><br \/><br data-start=\"71\" data-end=\"74\">Hergestellt aus ultra-robustem und wasserdichtem Tarpaulin ist die <strong data-start=\"144\" data-end=\"157\">BCF 135 R<\/strong> eine professionelle Werkzeugtasche, ideal f\u00fcr Umgebungen mit Staub, Wasser und extremen Bedingungen.<\/p>\n<p data-start=\"265\" data-end=\"496\"><strong data-start=\"265\" data-end=\"302\" data-is-only-node=\"\">2.Komfort beim t\u00e4glichen Transport.<br \/><\/strong><br data-start=\"302\" data-end=\"305\">Der verstellbare, gepolsterte Schultergurt sorgt f\u00fcr eine gleichm\u00e4\u00dfige Gewichtsverteilung und reduziert die Erm\u00fcdung bei h\u00e4ufigen Bewegungen \u2013 ideal f\u00fcr alle, die st\u00e4ndig unterwegs sind.<\/p>\n<p data-start=\"501\" data-end=\"705\"><strong data-start=\"501\" data-end=\"542\" data-is-only-node=\"\">3.Sichere und zuverl\u00e4ssige Verschl\u00fcsse.<br \/><\/strong><br data-start=\"542\" data-end=\"545\">Die zwei Frontschnallen gew\u00e4hrleisten ein schnelles und sicheres Schlie\u00dfen und halten die Werkzeuge auch bei dynamischen Transporten sicher an ihrem Platz.<\/p>\n<p data-start=\"710\" data-end=\"936\"><strong data-start=\"710\" data-end=\"746\" data-is-only-node=\"\">4.Optimale Dokumentenorganisation.<br \/><\/strong><br data-start=\"746\" data-end=\"749\">Die transparente Innentasche eignet sich perfekt zur Aufbewahrung kleiner Dokumente, technischer Handb\u00fccher oder Checklisten und erleichtert die Einsicht w\u00e4hrend der Arbeitseins\u00e4tze.<\/p>\n<p data-start=\"941\" data-end=\"1178\"><strong data-start=\"941\" data-end=\"968\" data-is-only-node=\"\">5.Kompakt, aber ger\u00e4umig.<br \/><\/strong><br data-start=\"968\" data-end=\"971\">Mit den Abmessungen <strong data-start=\"994\" data-end=\"1016\">450 x 200 x 180 mm<\/strong> und einem Gewicht von <strong data-start=\"1039\" data-end=\"1050\">1,47 kg<\/strong> bietet die <strong data-start=\"1062\" data-end=\"1075\">BCF 135 R<\/strong> genau das richtige Fassungsverm\u00f6gen f\u00fcr den t\u00e4glichen Bedarf \u2013 ohne Kompromisse bei der Tragbarkeit.<\/p>\n<p data-start=\"1183\" data-end=\"1477\" data-is-last-node=\"\"><strong data-start=\"1183\" data-end=\"1248\" data-is-only-node=\"\">6.Ideal f\u00fcr die Integration in professionelle Transportsysteme.<br \/><\/strong><br data-start=\"1248\" data-end=\"1251\">Sowohl einzeln als auch als Erg\u00e4nzung zu einem <strong data-start=\"1301\" data-end=\"1319\">Werkzeugkoffer<\/strong> oder <strong data-start=\"1325\" data-end=\"1353\">professionellen Rucksack<\/strong> einsetzbar, ist diese Tasche eine flexible L\u00f6sung zur Organisation und zum Schutz von Werkzeugen in jeder Arbeitssituation.<\/p>\n","protected":false},"excerpt":{"rendered":"<p>Die <strong data-start=\"4\" data-end=\"17\">BCF 135 R<\/strong> ist eine <strong data-start=\"27\" data-end=\"60\">professionelle Werkzeugtasche<\/strong>, die speziell f\u00fcr <strong data-start=\"79\" data-end=\"130\">Fachkr\u00e4fte in anspruchsvollen Arbeitsumgebungen<\/strong> \u2013 wie <strong data-start=\"137\" data-end=\"186\">Installateure, Wartungstechniker und Monteure<\/strong> \u2013 entwickelt wurde.<br \/><br data-start=\"206\" data-end=\"209\">Gefertigt aus <strong data-start=\"223\" data-end=\"236\">Tarpaulin<\/strong>, einem <strong data-start=\"244\" data-end=\"290\">hochresistenten und wasserdichten Material<\/strong>, bietet diese <strong data-start=\"305\" data-end=\"323\">Werkzeugtasche<\/strong>zuverl\u00e4ssigen <strong data-start=\"338\" data-end=\"387\">Schutz vor Witterungseinfl\u00fcssen und Abnutzung<\/strong>.<br data-start=\"388\" data-end=\"391\"><strong data-start=\"391\" data-end=\"411\">Verst\u00e4rkte N\u00e4hte<\/strong>, ein <strong data-start=\"417\" data-end=\"461\">gepolsterter, verstellbarer Schultergurt<\/strong> und <strong data-start=\"466\" data-end=\"490\">Schnallenverschl\u00fcsse<\/strong> gew\u00e4hrleisten <strong data-start=\"505\" data-end=\"560\">Zuverl\u00e4ssigkeit, Komfort und Benutzerfreundlichkeit<\/strong>, auch bei h\u00e4ufigem Transport.<br \/><br data-start=\"590\" data-end=\"593\"><strong data-start=\"593\" data-end=\"619\">Kompakt, aber ger\u00e4umig<\/strong>, eignet sie sich perfekt als <strong data-start=\"649\" data-end=\"667\">Werkzeugkoffer<\/strong>, der sich ideal mit einem <strong data-start=\"694\" data-end=\"714\">Werkzeug-Trolley<\/strong> oder einer <strong data-start=\"726\" data-end=\"757\">professionellen Werkzeugbox<\/strong> kombinieren l\u00e4sst.<\/p>\n","protected":false},"featured_media":8987,"comment_status":"open","ping_status":"closed","template":"","meta":{"_acf_changed":false},"product_brand":[],"product_cat":[233],"product_tag":[],"class_list":{"0":"post-16981","1":"product","2":"type-product","3":"status-publish","4":"has-post-thumbnail","6":"product_cat-linea-basic","7":"pa_anwendungen-koffer-und-taschen-fur-betreuer","8":"pa_anwendungen-koffer-und-taschen-fur-elektriker","9":"pa_anwendungen-koffer-und-taschen-fur-installateure","10":"pa_anwendungen-koffer-und-taschen-fur-servicetechniker","11":"pa_produkttyp-werkzeugtaschen-und-rucksacke","13":"first","14":"instock","15":"shipping-taxable","16":"purchasable","17":"product-type-simple"},"acf":[],"yoast_head":"<!-- This site is optimized with the Yoast SEO plugin v25.4 - https:\/\/yoast.com\/wordpress\/plugins\/seo\/ -->\n<title>Work Line by GT Werkzeugtasche BCF 135 R (Artikel aus dem Sortiment genommen &ndash; Verf&uuml;gbar solange der Vorrat reicht) - Gt Line DE<\/title>\n<meta name=\"robots\" content=\"index, follow, max-snippet:-1, max-image-preview:large, max-video-preview:-1\" \/>\n<link rel=\"canonical\" href=\"https:\/\/www.gtline.com\/de\/products\/work-line-by-gt-werkzeugtasche-bcf-135-r\/\" \/>\n<meta property=\"og:locale\" content=\"de_DE\" \/>\n<meta property=\"og:type\" content=\"article\" \/>\n<meta property=\"og:title\" content=\"Work Line by GT Werkzeugtasche BCF 135 R (Artikel aus dem Sortiment genommen &ndash; Verf&uuml;gbar solange der Vorrat reicht) - Gt Line DE\" \/>\n<meta property=\"og:description\" content=\"Die BCF 135 R ist eine professionelle Werkzeugtasche, die speziell f\u00fcr Fachkr\u00e4fte in anspruchsvollen Arbeitsumgebungen \u2013 wie Installateure, Wartungstechniker und Monteure \u2013 entwickelt wurde.Gefertigt aus Tarpaulin, einem hochresistenten und wasserdichten Material, bietet diese Werkzeugtaschezuverl\u00e4ssigen Schutz vor Witterungseinfl\u00fcssen und Abnutzung.Verst\u00e4rkte N\u00e4hte, ein gepolsterter, verstellbarer Schultergurt und Schnallenverschl\u00fcsse gew\u00e4hrleisten Zuverl\u00e4ssigkeit, Komfort und Benutzerfreundlichkeit, auch bei h\u00e4ufigem Transport.Kompakt, aber ger\u00e4umig, eignet sie sich perfekt als Werkzeugkoffer, der sich ideal mit einem Werkzeug-Trolley oder einer professionellen Werkzeugbox kombinieren l\u00e4sst.\" \/>\n<meta property=\"og:url\" content=\"https:\/\/www.gtline.com\/de\/products\/work-line-by-gt-werkzeugtasche-bcf-135-r\/\" \/>\n<meta property=\"og:site_name\" content=\"Gt Line DE\" \/>\n<meta property=\"article:publisher\" content=\"https:\/\/www.facebook.com\/gtlinesrl?locale=it_IT\" \/>\n<meta property=\"article:modified_time\" content=\"2026-04-17T02:10:46+00:00\" \/>\n<meta property=\"og:image\" content=\"https:\/\/www.gtline.com\/de\/wp-content\/uploads\/sites\/5\/2025\/05\/BCF-135-R_ALL_01_9068.jpg\" \/>\n\t<meta property=\"og:image:width\" content=\"500\" \/>\n\t<meta property=\"og:image:height\" content=\"500\" \/>\n\t<meta property=\"og:image:type\" content=\"image\/jpeg\" \/>\n<meta name=\"twitter:card\" content=\"summary_large_image\" \/>\n<meta name=\"twitter:label1\" content=\"Gesch\u00e4tzte Lesezeit\" \/>\n\t<meta name=\"twitter:data1\" content=\"1\u00a0Minute\" \/>\n<script type=\"application\/ld+json\" class=\"yoast-schema-graph\">{\"@context\":\"https:\/\/schema.org\",\"@graph\":[{\"@type\":\"WebPage\",\"@id\":\"https:\/\/www.gtline.com\/de\/products\/work-line-by-gt-werkzeugtasche-bcf-135-r\/\",\"url\":\"https:\/\/www.gtline.com\/de\/products\/work-line-by-gt-werkzeugtasche-bcf-135-r\/\",\"name\":\"Work Line by GT Werkzeugtasche BCF 135 R (Artikel aus dem Sortiment genommen &ndash; Verf&uuml;gbar solange der Vorrat reicht) - Gt Line DE\",\"isPartOf\":{\"@id\":\"https:\/\/www.gtline.com\/de\/#website\"},\"primaryImageOfPage\":{\"@id\":\"https:\/\/www.gtline.com\/de\/products\/work-line-by-gt-werkzeugtasche-bcf-135-r\/#primaryimage\"},\"image\":{\"@id\":\"https:\/\/www.gtline.com\/de\/products\/work-line-by-gt-werkzeugtasche-bcf-135-r\/#primaryimage\"},\"thumbnailUrl\":\"https:\/\/www.gtline.com\/de\/wp-content\/uploads\/sites\/5\/2025\/05\/BCF-135-R_ALL_01_9068.jpg\",\"datePublished\":\"2025-07-30T10:22:49+00:00\",\"dateModified\":\"2026-04-17T02:10:46+00:00\",\"breadcrumb\":{\"@id\":\"https:\/\/www.gtline.com\/de\/products\/work-line-by-gt-werkzeugtasche-bcf-135-r\/#breadcrumb\"},\"inLanguage\":\"de\",\"potentialAction\":[{\"@type\":\"ReadAction\",\"target\":[\"https:\/\/www.gtline.com\/de\/products\/work-line-by-gt-werkzeugtasche-bcf-135-r\/\"]}]},{\"@type\":\"ImageObject\",\"inLanguage\":\"de\",\"@id\":\"https:\/\/www.gtline.com\/de\/products\/work-line-by-gt-werkzeugtasche-bcf-135-r\/#primaryimage\",\"url\":\"https:\/\/www.gtline.com\/de\/wp-content\/uploads\/sites\/5\/2025\/05\/BCF-135-R_ALL_01_9068.jpg\",\"contentUrl\":\"https:\/\/www.gtline.com\/de\/wp-content\/uploads\/sites\/5\/2025\/05\/BCF-135-R_ALL_01_9068.jpg\",\"width\":500,\"height\":500},{\"@type\":\"BreadcrumbList\",\"@id\":\"https:\/\/www.gtline.com\/de\/products\/work-line-by-gt-werkzeugtasche-bcf-135-r\/#breadcrumb\",\"itemListElement\":[{\"@type\":\"ListItem\",\"position\":1,\"name\":\"Home\",\"item\":\"https:\/\/www.gtline.com\/de\/\"},{\"@type\":\"ListItem\",\"position\":2,\"name\":\"Shop\",\"item\":\"https:\/\/www.gtline.com\/de\/negozio\/\"},{\"@type\":\"ListItem\",\"position\":3,\"name\":\"Work Line by GT Werkzeugtasche BCF 135 R\"}]},{\"@type\":\"WebSite\",\"@id\":\"https:\/\/www.gtline.com\/de\/#website\",\"url\":\"https:\/\/www.gtline.com\/de\/\",\"name\":\"Gt Line\",\"description\":\"\",\"publisher\":{\"@id\":\"https:\/\/www.gtline.com\/de\/#organization\"},\"potentialAction\":[{\"@type\":\"SearchAction\",\"target\":{\"@type\":\"EntryPoint\",\"urlTemplate\":\"https:\/\/www.gtline.com\/de\/?s={search_term_string}\"},\"query-input\":{\"@type\":\"PropertyValueSpecification\",\"valueRequired\":true,\"valueName\":\"search_term_string\"}}],\"inLanguage\":\"de\"},{\"@type\":\"Organization\",\"@id\":\"https:\/\/www.gtline.com\/de\/#organization\",\"name\":\"Gt Line\",\"url\":\"https:\/\/www.gtline.com\/de\/\",\"logo\":{\"@type\":\"ImageObject\",\"inLanguage\":\"de\",\"@id\":\"https:\/\/www.gtline.com\/de\/#\/schema\/logo\/image\/\",\"url\":\"https:\/\/www.gtline.com\/de\/wp-content\/uploads\/sites\/5\/2025\/02\/logo.png\",\"contentUrl\":\"https:\/\/www.gtline.com\/de\/wp-content\/uploads\/sites\/5\/2025\/02\/logo.png\",\"width\":228,\"height\":146,\"caption\":\"Gt Line\"},\"image\":{\"@id\":\"https:\/\/www.gtline.com\/de\/#\/schema\/logo\/image\/\"},\"sameAs\":[\"https:\/\/www.facebook.com\/gtlinesrl?locale=it_IT\",\"https:\/\/www.instagram.com\/gt_line_srl\/\",\"https:\/\/www.youtube.com\/channel\/UCDvpkFqswNJOVFz64PkYRQQ\",\"https:\/\/www.linkedin.com\/company\/gt-line-srl\/\"]}]}<\/script>\n<!-- \/ Yoast SEO plugin. -->","yoast_head_json":{"title":"Work Line by GT Werkzeugtasche BCF 135 R (Artikel aus dem Sortiment genommen &ndash; Verf&uuml;gbar solange der Vorrat reicht) - Gt Line DE","robots":{"index":"index","follow":"follow","max-snippet":"max-snippet:-1","max-image-preview":"max-image-preview:large","max-video-preview":"max-video-preview:-1"},"canonical":"https:\/\/www.gtline.com\/de\/products\/work-line-by-gt-werkzeugtasche-bcf-135-r\/","og_locale":"de_DE","og_type":"article","og_title":"Work Line by GT Werkzeugtasche BCF 135 R (Artikel aus dem Sortiment genommen &ndash; Verf&uuml;gbar solange der Vorrat reicht) - Gt Line DE","og_description":"Die BCF 135 R ist eine professionelle Werkzeugtasche, die speziell f\u00fcr Fachkr\u00e4fte in anspruchsvollen Arbeitsumgebungen \u2013 wie Installateure, Wartungstechniker und Monteure \u2013 entwickelt wurde.Gefertigt aus Tarpaulin, einem hochresistenten und wasserdichten Material, bietet diese Werkzeugtaschezuverl\u00e4ssigen Schutz vor Witterungseinfl\u00fcssen und Abnutzung.Verst\u00e4rkte N\u00e4hte, ein gepolsterter, verstellbarer Schultergurt und Schnallenverschl\u00fcsse gew\u00e4hrleisten Zuverl\u00e4ssigkeit, Komfort und Benutzerfreundlichkeit, auch bei h\u00e4ufigem Transport.Kompakt, aber ger\u00e4umig, eignet sie sich perfekt als Werkzeugkoffer, der sich ideal mit einem Werkzeug-Trolley oder einer professionellen Werkzeugbox kombinieren l\u00e4sst.","og_url":"https:\/\/www.gtline.com\/de\/products\/work-line-by-gt-werkzeugtasche-bcf-135-r\/","og_site_name":"Gt Line DE","article_publisher":"https:\/\/www.facebook.com\/gtlinesrl?locale=it_IT","article_modified_time":"2026-04-17T02:10:46+00:00","og_image":[{"width":500,"height":500,"url":"https:\/\/www.gtline.com\/de\/wp-content\/uploads\/sites\/5\/2025\/05\/BCF-135-R_ALL_01_9068.jpg","type":"image\/jpeg"}],"twitter_card":"summary_large_image","twitter_misc":{"Gesch\u00e4tzte Lesezeit":"1\u00a0Minute"},"schema":{"@context":"https:\/\/schema.org","@graph":[{"@type":"WebPage","@id":"https:\/\/www.gtline.com\/de\/products\/work-line-by-gt-werkzeugtasche-bcf-135-r\/","url":"https:\/\/www.gtline.com\/de\/products\/work-line-by-gt-werkzeugtasche-bcf-135-r\/","name":"Work Line by GT Werkzeugtasche BCF 135 R (Artikel aus dem Sortiment genommen &ndash; Verf&uuml;gbar solange der Vorrat reicht) - Gt Line DE","isPartOf":{"@id":"https:\/\/www.gtline.com\/de\/#website"},"primaryImageOfPage":{"@id":"https:\/\/www.gtline.com\/de\/products\/work-line-by-gt-werkzeugtasche-bcf-135-r\/#primaryimage"},"image":{"@id":"https:\/\/www.gtline.com\/de\/products\/work-line-by-gt-werkzeugtasche-bcf-135-r\/#primaryimage"},"thumbnailUrl":"https:\/\/www.gtline.com\/de\/wp-content\/uploads\/sites\/5\/2025\/05\/BCF-135-R_ALL_01_9068.jpg","datePublished":"2025-07-30T10:22:49+00:00","dateModified":"2026-04-17T02:10:46+00:00","breadcrumb":{"@id":"https:\/\/www.gtline.com\/de\/products\/work-line-by-gt-werkzeugtasche-bcf-135-r\/#breadcrumb"},"inLanguage":"de","potentialAction":[{"@type":"ReadAction","target":["https:\/\/www.gtline.com\/de\/products\/work-line-by-gt-werkzeugtasche-bcf-135-r\/"]}]},{"@type":"ImageObject","inLanguage":"de","@id":"https:\/\/www.gtline.com\/de\/products\/work-line-by-gt-werkzeugtasche-bcf-135-r\/#primaryimage","url":"https:\/\/www.gtline.com\/de\/wp-content\/uploads\/sites\/5\/2025\/05\/BCF-135-R_ALL_01_9068.jpg","contentUrl":"https:\/\/www.gtline.com\/de\/wp-content\/uploads\/sites\/5\/2025\/05\/BCF-135-R_ALL_01_9068.jpg","width":500,"height":500},{"@type":"BreadcrumbList","@id":"https:\/\/www.gtline.com\/de\/products\/work-line-by-gt-werkzeugtasche-bcf-135-r\/#breadcrumb","itemListElement":[{"@type":"ListItem","position":1,"name":"Home","item":"https:\/\/www.gtline.com\/de\/"},{"@type":"ListItem","position":2,"name":"Shop","item":"https:\/\/www.gtline.com\/de\/negozio\/"},{"@type":"ListItem","position":3,"name":"Work Line by GT Werkzeugtasche BCF 135 R"}]},{"@type":"WebSite","@id":"https:\/\/www.gtline.com\/de\/#website","url":"https:\/\/www.gtline.com\/de\/","name":"Gt Line","description":"","publisher":{"@id":"https:\/\/www.gtline.com\/de\/#organization"},"potentialAction":[{"@type":"SearchAction","target":{"@type":"EntryPoint","urlTemplate":"https:\/\/www.gtline.com\/de\/?s={search_term_string}"},"query-input":{"@type":"PropertyValueSpecification","valueRequired":true,"valueName":"search_term_string"}}],"inLanguage":"de"},{"@type":"Organization","@id":"https:\/\/www.gtline.com\/de\/#organization","name":"Gt Line","url":"https:\/\/www.gtline.com\/de\/","logo":{"@type":"ImageObject","inLanguage":"de","@id":"https:\/\/www.gtline.com\/de\/#\/schema\/logo\/image\/","url":"https:\/\/www.gtline.com\/de\/wp-content\/uploads\/sites\/5\/2025\/02\/logo.png","contentUrl":"https:\/\/www.gtline.com\/de\/wp-content\/uploads\/sites\/5\/2025\/02\/logo.png","width":228,"height":146,"caption":"Gt Line"},"image":{"@id":"https:\/\/www.gtline.com\/de\/#\/schema\/logo\/image\/"},"sameAs":["https:\/\/www.facebook.com\/gtlinesrl?locale=it_IT","https:\/\/www.instagram.com\/gt_line_srl\/","https:\/\/www.youtube.com\/channel\/UCDvpkFqswNJOVFz64PkYRQQ","https:\/\/www.linkedin.com\/company\/gt-line-srl\/"]}]}},"_links":{"self":[{"href":"https:\/\/www.gtline.com\/de\/wp-json\/wp\/v2\/product\/16981","targetHints":{"allow":["GET"]}}],"collection":[{"href":"https:\/\/www.gtline.com\/de\/wp-json\/wp\/v2\/product"}],"about":[{"href":"https:\/\/www.gtline.com\/de\/wp-json\/wp\/v2\/types\/product"}],"replies":[{"embeddable":true,"href":"https:\/\/www.gtline.com\/de\/wp-json\/wp\/v2\/comments?post=16981"}],"version-history":[{"count":3,"href":"https:\/\/www.gtline.com\/de\/wp-json\/wp\/v2\/product\/16981\/revisions"}],"predecessor-version":[{"id":27129,"href":"https:\/\/www.gtline.com\/de\/wp-json\/wp\/v2\/product\/16981\/revisions\/27129"}],"wp:featuredmedia":[{"embeddable":true,"href":"https:\/\/www.gtline.com\/de\/wp-json\/wp\/v2\/media\/8987"}],"wp:attachment":[{"href":"https:\/\/www.gtline.com\/de\/wp-json\/wp\/v2\/media?parent=16981"}],"wp:term":[{"taxonomy":"product_brand","embeddable":true,"href":"https:\/\/www.gtline.com\/de\/wp-json\/wp\/v2\/product_brand?post=16981"},{"taxonomy":"product_cat","embeddable":true,"href":"https:\/\/www.gtline.com\/de\/wp-json\/wp\/v2\/product_cat?post=16981"},{"taxonomy":"product_tag","embeddable":true,"href":"https:\/\/www.gtline.com\/de\/wp-json\/wp\/v2\/product_tag?post=16981"}],"curies":[{"name":"wp","href":"https:\/\/api.w.org\/{rel}","templated":true}]}}