{"id":16983,"date":"2025-07-30T10:22:52","date_gmt":"2025-07-30T10:22:52","guid":{"rendered":"https:\/\/www.gtline.com\/de\/prodotto\/work-line-by-gt-werkzeugtasche-bcf-136-r\/"},"modified":"2026-04-17T02:10:49","modified_gmt":"2026-04-17T02:10:49","slug":"work-line-by-gt-werkzeugtasche-bcf-136-r","status":"publish","type":"product","link":"https:\/\/www.gtline.com\/de\/products\/work-line-by-gt-werkzeugtasche-bcf-136-r\/","title":{"rendered":"Work Line by GT Werkzeugtasche BCF 136 R (Artikel aus dem Sortiment genommen &ndash; Verf&uuml;gbar solange der Vorrat reicht)"},"content":{"rendered":"<p data-start=\"3\" data-end=\"311\"><strong data-start=\"3\" data-end=\"82\" data-is-only-node=\"\">1.Wasserfestes und widerstandsf\u00e4higes Material f\u00fcr anspruchsvolle Umgebungen.<\/strong><br \/><br data-start=\"82\" data-end=\"85\">Gefertigt aus <strong data-start=\"102\" data-end=\"115\">Tarpaulin<\/strong> ist die <strong data-start=\"124\" data-end=\"137\">BCF 136 R<\/strong> eine <strong data-start=\"143\" data-end=\"176\">professionelle Werkzeugtasche<\/strong>, die Regen, Staub und Abnutzung standh\u00e4lt \u2013 ideal f\u00fcr den intensiven Einsatz auf Baustellen, in Werkst\u00e4tten und technischen Anlagen.<\/p>\n<p data-start=\"316\" data-end=\"585\"><strong data-start=\"316\" data-end=\"376\" data-is-only-node=\"\">2.Komfort und Praktikabilit\u00e4t auch bei h\u00e4ufigen Eins\u00e4tzen.<br \/><\/strong><br data-start=\"376\" data-end=\"379\">Der <strong data-start=\"386\" data-end=\"445\">ergonomische, gepolsterte und verstellbare Schultergurt<\/strong> sorgt f\u00fcr einen bequemen und stabilen Transport, reduziert die Belastung und erm\u00f6glicht freie H\u00e4nde bei Bewegungen oder Arbeitseins\u00e4tzen.<\/p>\n<p data-start=\"590\" data-end=\"812\"><strong data-start=\"590\" data-end=\"639\" data-is-only-node=\"\">3.Sicherer Verschluss f\u00fcr zuverl\u00e4ssigen Schutz.<br \/><\/strong><br data-start=\"639\" data-end=\"642\">Die <strong data-start=\"649\" data-end=\"672\">zwei Frontschnallen<\/strong> gew\u00e4hrleisten ein schnelles und stabiles Schlie\u00dfen, sch\u00fctzen die Werkzeuge w\u00e4hrend des Transports und verhindern unbeabsichtigtes \u00d6ffnen.<\/p>\n<p data-start=\"817\" data-end=\"1052\"><strong data-start=\"817\" data-end=\"866\" data-is-only-node=\"\">4.Effiziente Organisation der Arbeitsdokumente.<\/strong><br data-start=\"866\" data-end=\"869\">Mit einer <strong data-start=\"882\" data-end=\"911\">transparenten Innentasche<\/strong> ausgestattet, lassen sich kleine Dokumente, technische Datenbl\u00e4tter, Handb\u00fccher oder Zertifikate sicher und leicht zug\u00e4nglich aufbewahren.<\/p>\n<p data-start=\"1057\" data-end=\"1325\"><strong data-start=\"1057\" data-end=\"1103\" data-is-only-node=\"\">5.Gro\u00dfes Fassungsverm\u00f6gen in kompakter Form.<br \/><\/strong><br data-start=\"1103\" data-end=\"1106\">Mit den Abmessungen <strong data-start=\"1129\" data-end=\"1151\">520 x 200 x 180 mm<\/strong> und einem Gewicht von <strong data-start=\"1174\" data-end=\"1185\">1,47 kg<\/strong> bietet diese <strong data-start=\"1199\" data-end=\"1217\">Werkzeugtasche<\/strong> gro\u00dfz\u00fcgigen Stauraum f\u00fcr die wichtigsten Werkzeuge und bleibt dabei schlank und leicht zu transportieren.<\/p>\n<p data-start=\"1330\" data-end=\"1637\" data-is-last-node=\"\"><strong data-start=\"1330\" data-end=\"1384\" data-is-only-node=\"\">6.Perfekte Integration in modulare Transportsysteme.<br \/><\/strong><br data-start=\"1384\" data-end=\"1387\">Einsetzbar als <strong data-start=\"1405\" data-end=\"1459\">Innenmodul in einem professionellen Werkzeugkoffer<\/strong> oder in Kombination mit einem <strong data-start=\"1490\" data-end=\"1510\">Werkzeugrucksack<\/strong> oder <strong data-start=\"1516\" data-end=\"1535\">Arbeits-Trolley<\/strong>, ist die <strong data-start=\"1545\" data-end=\"1558\">BCF 136 R<\/strong> eine vielseitige und vollst\u00e4ndige L\u00f6sung f\u00fcr jede Art von technischem Einsatz.<\/p>\n","protected":false},"excerpt":{"rendered":"<p>Die <strong data-start=\"19\" data-end=\"32\" data-is-only-node=\"\">BCF 136 R<\/strong> ist eine professionelle Werkzeugtasche, die f\u00fcr anspruchsvolle Arbeitsbedingungen entwickelt wurde \u2013 ideal f\u00fcr Installateure, Monteure und Wartungstechniker.<\/p>\n<p><\/p>\n<p>Hergestellt aus\u00a0<strong data-start=\"207\" data-end=\"220\">Tarpaulin<\/strong>, einem robusten, wasserdichten und leicht zu reinigenden Material, bietet sie Schutz vor Wasser, Schmutz und t\u00e4glicher Abnutzung. Dank der verst\u00e4rkten N\u00e4hte, dem verstellbaren <strong data-start=\"397\" data-end=\"414\">Ultra Comfort<\/strong>-Neoprentragegurt und der praktischen transparenten Innentasche f\u00fcr Dokumente vereint diese Werkzeugtasche Robustheit und Funktionalit\u00e4t in einem kompakten und effizienten Design. Perfekt geeignet als Werkzeugtasche, Werkzeugkoffer oder als Erg\u00e4nzung zu einem Arbeits-Trolley-Rucksack.<\/p>\n","protected":false},"featured_media":8998,"comment_status":"open","ping_status":"closed","template":"","meta":{"_acf_changed":false},"product_brand":[],"product_cat":[233],"product_tag":[],"class_list":{"0":"post-16983","1":"product","2":"type-product","3":"status-publish","4":"has-post-thumbnail","6":"product_cat-linea-basic","7":"pa_anwendungen-koffer-und-taschen-fur-betreuer","8":"pa_anwendungen-koffer-und-taschen-fur-elektriker","9":"pa_anwendungen-koffer-und-taschen-fur-installateure","10":"pa_anwendungen-koffer-und-taschen-fur-servicetechniker","11":"pa_produkttyp-werkzeugtaschen-und-rucksacke","13":"first","14":"instock","15":"shipping-taxable","16":"purchasable","17":"product-type-simple"},"acf":[],"yoast_head":"<!-- This site is optimized with the Yoast SEO plugin v25.4 - https:\/\/yoast.com\/wordpress\/plugins\/seo\/ -->\n<title>Work Line by GT Werkzeugtasche BCF 136 R (Artikel aus dem Sortiment genommen &ndash; Verf&uuml;gbar solange der Vorrat reicht) - Gt Line DE<\/title>\n<meta name=\"robots\" content=\"index, follow, max-snippet:-1, max-image-preview:large, max-video-preview:-1\" \/>\n<link rel=\"canonical\" href=\"https:\/\/www.gtline.com\/de\/products\/work-line-by-gt-werkzeugtasche-bcf-136-r\/\" \/>\n<meta property=\"og:locale\" content=\"de_DE\" \/>\n<meta property=\"og:type\" content=\"article\" \/>\n<meta property=\"og:title\" content=\"Work Line by GT Werkzeugtasche BCF 136 R (Artikel aus dem Sortiment genommen &ndash; Verf&uuml;gbar solange der Vorrat reicht) - Gt Line DE\" \/>\n<meta property=\"og:description\" content=\"Die BCF 136 R ist eine professionelle Werkzeugtasche, die f\u00fcr anspruchsvolle Arbeitsbedingungen entwickelt wurde \u2013 ideal f\u00fcr Installateure, Monteure und Wartungstechniker. Hergestellt aus\u00a0Tarpaulin, einem robusten, wasserdichten und leicht zu reinigenden Material, bietet sie Schutz vor Wasser, Schmutz und t\u00e4glicher Abnutzung. Dank der verst\u00e4rkten N\u00e4hte, dem verstellbaren Ultra Comfort-Neoprentragegurt und der praktischen transparenten Innentasche f\u00fcr Dokumente vereint diese Werkzeugtasche Robustheit und Funktionalit\u00e4t in einem kompakten und effizienten Design. Perfekt geeignet als Werkzeugtasche, Werkzeugkoffer oder als Erg\u00e4nzung zu einem Arbeits-Trolley-Rucksack.\" \/>\n<meta property=\"og:url\" content=\"https:\/\/www.gtline.com\/de\/products\/work-line-by-gt-werkzeugtasche-bcf-136-r\/\" \/>\n<meta property=\"og:site_name\" content=\"Gt Line DE\" \/>\n<meta property=\"article:publisher\" content=\"https:\/\/www.facebook.com\/gtlinesrl?locale=it_IT\" \/>\n<meta property=\"article:modified_time\" content=\"2026-04-17T02:10:49+00:00\" \/>\n<meta property=\"og:image\" content=\"https:\/\/www.gtline.com\/de\/wp-content\/uploads\/sites\/5\/2025\/05\/BCF-136-R_ALL_01_9069.jpg\" \/>\n\t<meta property=\"og:image:width\" content=\"500\" \/>\n\t<meta property=\"og:image:height\" content=\"500\" \/>\n\t<meta property=\"og:image:type\" content=\"image\/jpeg\" \/>\n<meta name=\"twitter:card\" content=\"summary_large_image\" \/>\n<meta name=\"twitter:label1\" content=\"Gesch\u00e4tzte Lesezeit\" \/>\n\t<meta name=\"twitter:data1\" content=\"1\u00a0Minute\" \/>\n<script type=\"application\/ld+json\" class=\"yoast-schema-graph\">{\"@context\":\"https:\/\/schema.org\",\"@graph\":[{\"@type\":\"WebPage\",\"@id\":\"https:\/\/www.gtline.com\/de\/products\/work-line-by-gt-werkzeugtasche-bcf-136-r\/\",\"url\":\"https:\/\/www.gtline.com\/de\/products\/work-line-by-gt-werkzeugtasche-bcf-136-r\/\",\"name\":\"Work Line by GT Werkzeugtasche BCF 136 R (Artikel aus dem Sortiment genommen &ndash; Verf&uuml;gbar solange der Vorrat reicht) - Gt Line DE\",\"isPartOf\":{\"@id\":\"https:\/\/www.gtline.com\/de\/#website\"},\"primaryImageOfPage\":{\"@id\":\"https:\/\/www.gtline.com\/de\/products\/work-line-by-gt-werkzeugtasche-bcf-136-r\/#primaryimage\"},\"image\":{\"@id\":\"https:\/\/www.gtline.com\/de\/products\/work-line-by-gt-werkzeugtasche-bcf-136-r\/#primaryimage\"},\"thumbnailUrl\":\"https:\/\/www.gtline.com\/de\/wp-content\/uploads\/sites\/5\/2025\/05\/BCF-136-R_ALL_01_9069.jpg\",\"datePublished\":\"2025-07-30T10:22:52+00:00\",\"dateModified\":\"2026-04-17T02:10:49+00:00\",\"breadcrumb\":{\"@id\":\"https:\/\/www.gtline.com\/de\/products\/work-line-by-gt-werkzeugtasche-bcf-136-r\/#breadcrumb\"},\"inLanguage\":\"de\",\"potentialAction\":[{\"@type\":\"ReadAction\",\"target\":[\"https:\/\/www.gtline.com\/de\/products\/work-line-by-gt-werkzeugtasche-bcf-136-r\/\"]}]},{\"@type\":\"ImageObject\",\"inLanguage\":\"de\",\"@id\":\"https:\/\/www.gtline.com\/de\/products\/work-line-by-gt-werkzeugtasche-bcf-136-r\/#primaryimage\",\"url\":\"https:\/\/www.gtline.com\/de\/wp-content\/uploads\/sites\/5\/2025\/05\/BCF-136-R_ALL_01_9069.jpg\",\"contentUrl\":\"https:\/\/www.gtline.com\/de\/wp-content\/uploads\/sites\/5\/2025\/05\/BCF-136-R_ALL_01_9069.jpg\",\"width\":500,\"height\":500},{\"@type\":\"BreadcrumbList\",\"@id\":\"https:\/\/www.gtline.com\/de\/products\/work-line-by-gt-werkzeugtasche-bcf-136-r\/#breadcrumb\",\"itemListElement\":[{\"@type\":\"ListItem\",\"position\":1,\"name\":\"Home\",\"item\":\"https:\/\/www.gtline.com\/de\/\"},{\"@type\":\"ListItem\",\"position\":2,\"name\":\"Shop\",\"item\":\"https:\/\/www.gtline.com\/de\/negozio\/\"},{\"@type\":\"ListItem\",\"position\":3,\"name\":\"Work Line by GT Werkzeugtasche BCF 136 R\"}]},{\"@type\":\"WebSite\",\"@id\":\"https:\/\/www.gtline.com\/de\/#website\",\"url\":\"https:\/\/www.gtline.com\/de\/\",\"name\":\"Gt Line\",\"description\":\"\",\"publisher\":{\"@id\":\"https:\/\/www.gtline.com\/de\/#organization\"},\"potentialAction\":[{\"@type\":\"SearchAction\",\"target\":{\"@type\":\"EntryPoint\",\"urlTemplate\":\"https:\/\/www.gtline.com\/de\/?s={search_term_string}\"},\"query-input\":{\"@type\":\"PropertyValueSpecification\",\"valueRequired\":true,\"valueName\":\"search_term_string\"}}],\"inLanguage\":\"de\"},{\"@type\":\"Organization\",\"@id\":\"https:\/\/www.gtline.com\/de\/#organization\",\"name\":\"Gt Line\",\"url\":\"https:\/\/www.gtline.com\/de\/\",\"logo\":{\"@type\":\"ImageObject\",\"inLanguage\":\"de\",\"@id\":\"https:\/\/www.gtline.com\/de\/#\/schema\/logo\/image\/\",\"url\":\"https:\/\/www.gtline.com\/de\/wp-content\/uploads\/sites\/5\/2025\/02\/logo.png\",\"contentUrl\":\"https:\/\/www.gtline.com\/de\/wp-content\/uploads\/sites\/5\/2025\/02\/logo.png\",\"width\":228,\"height\":146,\"caption\":\"Gt Line\"},\"image\":{\"@id\":\"https:\/\/www.gtline.com\/de\/#\/schema\/logo\/image\/\"},\"sameAs\":[\"https:\/\/www.facebook.com\/gtlinesrl?locale=it_IT\",\"https:\/\/www.instagram.com\/gt_line_srl\/\",\"https:\/\/www.youtube.com\/channel\/UCDvpkFqswNJOVFz64PkYRQQ\",\"https:\/\/www.linkedin.com\/company\/gt-line-srl\/\"]}]}<\/script>\n<!-- \/ Yoast SEO plugin. -->","yoast_head_json":{"title":"Work Line by GT Werkzeugtasche BCF 136 R (Artikel aus dem Sortiment genommen &ndash; Verf&uuml;gbar solange der Vorrat reicht) - Gt Line DE","robots":{"index":"index","follow":"follow","max-snippet":"max-snippet:-1","max-image-preview":"max-image-preview:large","max-video-preview":"max-video-preview:-1"},"canonical":"https:\/\/www.gtline.com\/de\/products\/work-line-by-gt-werkzeugtasche-bcf-136-r\/","og_locale":"de_DE","og_type":"article","og_title":"Work Line by GT Werkzeugtasche BCF 136 R (Artikel aus dem Sortiment genommen &ndash; Verf&uuml;gbar solange der Vorrat reicht) - Gt Line DE","og_description":"Die BCF 136 R ist eine professionelle Werkzeugtasche, die f\u00fcr anspruchsvolle Arbeitsbedingungen entwickelt wurde \u2013 ideal f\u00fcr Installateure, Monteure und Wartungstechniker. Hergestellt aus\u00a0Tarpaulin, einem robusten, wasserdichten und leicht zu reinigenden Material, bietet sie Schutz vor Wasser, Schmutz und t\u00e4glicher Abnutzung. Dank der verst\u00e4rkten N\u00e4hte, dem verstellbaren Ultra Comfort-Neoprentragegurt und der praktischen transparenten Innentasche f\u00fcr Dokumente vereint diese Werkzeugtasche Robustheit und Funktionalit\u00e4t in einem kompakten und effizienten Design. Perfekt geeignet als Werkzeugtasche, Werkzeugkoffer oder als Erg\u00e4nzung zu einem Arbeits-Trolley-Rucksack.","og_url":"https:\/\/www.gtline.com\/de\/products\/work-line-by-gt-werkzeugtasche-bcf-136-r\/","og_site_name":"Gt Line DE","article_publisher":"https:\/\/www.facebook.com\/gtlinesrl?locale=it_IT","article_modified_time":"2026-04-17T02:10:49+00:00","og_image":[{"width":500,"height":500,"url":"https:\/\/www.gtline.com\/de\/wp-content\/uploads\/sites\/5\/2025\/05\/BCF-136-R_ALL_01_9069.jpg","type":"image\/jpeg"}],"twitter_card":"summary_large_image","twitter_misc":{"Gesch\u00e4tzte Lesezeit":"1\u00a0Minute"},"schema":{"@context":"https:\/\/schema.org","@graph":[{"@type":"WebPage","@id":"https:\/\/www.gtline.com\/de\/products\/work-line-by-gt-werkzeugtasche-bcf-136-r\/","url":"https:\/\/www.gtline.com\/de\/products\/work-line-by-gt-werkzeugtasche-bcf-136-r\/","name":"Work Line by GT Werkzeugtasche BCF 136 R (Artikel aus dem Sortiment genommen &ndash; Verf&uuml;gbar solange der Vorrat reicht) - Gt Line DE","isPartOf":{"@id":"https:\/\/www.gtline.com\/de\/#website"},"primaryImageOfPage":{"@id":"https:\/\/www.gtline.com\/de\/products\/work-line-by-gt-werkzeugtasche-bcf-136-r\/#primaryimage"},"image":{"@id":"https:\/\/www.gtline.com\/de\/products\/work-line-by-gt-werkzeugtasche-bcf-136-r\/#primaryimage"},"thumbnailUrl":"https:\/\/www.gtline.com\/de\/wp-content\/uploads\/sites\/5\/2025\/05\/BCF-136-R_ALL_01_9069.jpg","datePublished":"2025-07-30T10:22:52+00:00","dateModified":"2026-04-17T02:10:49+00:00","breadcrumb":{"@id":"https:\/\/www.gtline.com\/de\/products\/work-line-by-gt-werkzeugtasche-bcf-136-r\/#breadcrumb"},"inLanguage":"de","potentialAction":[{"@type":"ReadAction","target":["https:\/\/www.gtline.com\/de\/products\/work-line-by-gt-werkzeugtasche-bcf-136-r\/"]}]},{"@type":"ImageObject","inLanguage":"de","@id":"https:\/\/www.gtline.com\/de\/products\/work-line-by-gt-werkzeugtasche-bcf-136-r\/#primaryimage","url":"https:\/\/www.gtline.com\/de\/wp-content\/uploads\/sites\/5\/2025\/05\/BCF-136-R_ALL_01_9069.jpg","contentUrl":"https:\/\/www.gtline.com\/de\/wp-content\/uploads\/sites\/5\/2025\/05\/BCF-136-R_ALL_01_9069.jpg","width":500,"height":500},{"@type":"BreadcrumbList","@id":"https:\/\/www.gtline.com\/de\/products\/work-line-by-gt-werkzeugtasche-bcf-136-r\/#breadcrumb","itemListElement":[{"@type":"ListItem","position":1,"name":"Home","item":"https:\/\/www.gtline.com\/de\/"},{"@type":"ListItem","position":2,"name":"Shop","item":"https:\/\/www.gtline.com\/de\/negozio\/"},{"@type":"ListItem","position":3,"name":"Work Line by GT Werkzeugtasche BCF 136 R"}]},{"@type":"WebSite","@id":"https:\/\/www.gtline.com\/de\/#website","url":"https:\/\/www.gtline.com\/de\/","name":"Gt Line","description":"","publisher":{"@id":"https:\/\/www.gtline.com\/de\/#organization"},"potentialAction":[{"@type":"SearchAction","target":{"@type":"EntryPoint","urlTemplate":"https:\/\/www.gtline.com\/de\/?s={search_term_string}"},"query-input":{"@type":"PropertyValueSpecification","valueRequired":true,"valueName":"search_term_string"}}],"inLanguage":"de"},{"@type":"Organization","@id":"https:\/\/www.gtline.com\/de\/#organization","name":"Gt Line","url":"https:\/\/www.gtline.com\/de\/","logo":{"@type":"ImageObject","inLanguage":"de","@id":"https:\/\/www.gtline.com\/de\/#\/schema\/logo\/image\/","url":"https:\/\/www.gtline.com\/de\/wp-content\/uploads\/sites\/5\/2025\/02\/logo.png","contentUrl":"https:\/\/www.gtline.com\/de\/wp-content\/uploads\/sites\/5\/2025\/02\/logo.png","width":228,"height":146,"caption":"Gt Line"},"image":{"@id":"https:\/\/www.gtline.com\/de\/#\/schema\/logo\/image\/"},"sameAs":["https:\/\/www.facebook.com\/gtlinesrl?locale=it_IT","https:\/\/www.instagram.com\/gt_line_srl\/","https:\/\/www.youtube.com\/channel\/UCDvpkFqswNJOVFz64PkYRQQ","https:\/\/www.linkedin.com\/company\/gt-line-srl\/"]}]}},"_links":{"self":[{"href":"https:\/\/www.gtline.com\/de\/wp-json\/wp\/v2\/product\/16983","targetHints":{"allow":["GET"]}}],"collection":[{"href":"https:\/\/www.gtline.com\/de\/wp-json\/wp\/v2\/product"}],"about":[{"href":"https:\/\/www.gtline.com\/de\/wp-json\/wp\/v2\/types\/product"}],"replies":[{"embeddable":true,"href":"https:\/\/www.gtline.com\/de\/wp-json\/wp\/v2\/comments?post=16983"}],"version-history":[{"count":3,"href":"https:\/\/www.gtline.com\/de\/wp-json\/wp\/v2\/product\/16983\/revisions"}],"predecessor-version":[{"id":27130,"href":"https:\/\/www.gtline.com\/de\/wp-json\/wp\/v2\/product\/16983\/revisions\/27130"}],"wp:featuredmedia":[{"embeddable":true,"href":"https:\/\/www.gtline.com\/de\/wp-json\/wp\/v2\/media\/8998"}],"wp:attachment":[{"href":"https:\/\/www.gtline.com\/de\/wp-json\/wp\/v2\/media?parent=16983"}],"wp:term":[{"taxonomy":"product_brand","embeddable":true,"href":"https:\/\/www.gtline.com\/de\/wp-json\/wp\/v2\/product_brand?post=16983"},{"taxonomy":"product_cat","embeddable":true,"href":"https:\/\/www.gtline.com\/de\/wp-json\/wp\/v2\/product_cat?post=16983"},{"taxonomy":"product_tag","embeddable":true,"href":"https:\/\/www.gtline.com\/de\/wp-json\/wp\/v2\/product_tag?post=16983"}],"curies":[{"name":"wp","href":"https:\/\/api.w.org\/{rel}","templated":true}]}}