{"id":16985,"date":"2025-07-30T10:22:57","date_gmt":"2025-07-30T10:22:57","guid":{"rendered":"https:\/\/www.gtline.com\/de\/prodotto\/gt-line-professioneller-trolley-neu-mega-wheels-pel\/"},"modified":"2026-04-21T02:11:21","modified_gmt":"2026-04-21T02:11:21","slug":"gt-line-professioneller-trolley-neu-mega-wheels-pel","status":"publish","type":"product","link":"https:\/\/www.gtline.com\/de\/products\/gt-line-professioneller-trolley-neu-mega-wheels-pel\/","title":{"rendered":"GT Line Professioneller Trolley Neu Mega Wheels PEL"},"content":{"rendered":"<p data-start=\"118\" data-end=\"373\"><strong>1. H\u00f6here Robustheit und Stabilit\u00e4t w\u00e4hrend des Transports:<\/strong><br \/><br data-start=\"198\" data-end=\"201\">Dank der im Rotationsgussverfahren hergestellten Polyethylen-Schalen mit integrierten Standf\u00fc\u00dfen wird ein hervorragender Schutz gegen St\u00f6\u00dfe und Kratzer gew\u00e4hrleistet.<\/p>\n<p data-start=\"375\" data-end=\"618\"><strong>2. Sicherheit und einfacher Zugang bei Flughafenkontrollen:<\/strong><br \/><br data-start=\"455\" data-end=\"458\">Die TSA-zertifizierten Schl\u00f6sser mit Schl\u00fcssel erm\u00f6glichen autorisiertem Personal eine unkomplizierte Gep\u00e4ckkontrolle, ohne Besch\u00e4digungen zu verursachen.<\/p>\n<p data-start=\"620\" data-end=\"815\"><strong>3. L\u00e4ngere Lebensdauer und erh\u00f6hte Widerstandsf\u00e4higkeit:<\/strong><br \/><br data-start=\"697\" data-end=\"700\">Die stabilen Metall-Deckelst\u00fctzarme sorgen daf\u00fcr, dass der Deckel w\u00e4hrend der Nutzung sicher ge\u00f6ffnet bleibt.<\/p>\n<p data-start=\"817\" data-end=\"1062\"><strong>4. M\u00fcheloser und fl\u00fcssiger Transport, auch \u00fcber lange Strecken:<\/strong><br \/><br data-start=\"901\" data-end=\"904\">Der teleskopierbare Griff ist f\u00fcr einen komfortablen Halt konzipiert, w\u00e4hrend die kugelgelagerten R\u00e4der eine leichte und stabile Bewegung gew\u00e4hrleisten.<\/p>\n<p data-start=\"1064\" data-end=\"1300\"><strong>5. Individuelle Innenraumgestaltung f\u00fcr eine optimale Werkzeugorganisation:<\/strong><br \/><br data-start=\"1160\" data-end=\"1163\">Das Bodenfach ist mit verstellbaren Trennw\u00e4nden ausgestattet, die es erm\u00f6glichen, den Raum an spezifische Anforderungen anzupassen.<\/p>\n<p data-start=\"1302\" data-end=\"1509\"><strong>6. Komfortabler Transport zur Reduzierung von Erm\u00fcdung:<\/strong><br \/><br data-start=\"1378\" data-end=\"1381\">Der ergonomische, gummibeschichtete Handgriff bietet sicheren Halt und erleichtert das Tragen auch \u00fcber l\u00e4ngere Zeitr\u00e4ume.<\/p>\n<p data-start=\"1511\" data-end=\"1713\"><strong>7. Maximale Widerstandsf\u00e4higkeit und Sicherheit:<\/strong><br \/><br data-start=\"1580\" data-end=\"1583\">Das robuste, mehrfach vernietete Stahlscharnier sorgt daf\u00fcr, dass der Koffer stets sicher verschlossen und gesch\u00fctzt bleibt.<\/p>\n<p data-start=\"1715\" data-end=\"1886\"><strong>8. Platzersparnis beim Transport und bei der Lagerung:<\/strong><br \/><br data-start=\"1790\" data-end=\"1793\">Die Stapelbarkeit des Trolleys erleichtert die effiziente Raumnutzung und Aufbewahrung.<\/p>\n<p data-start=\"1888\" data-end=\"2061\"><strong>9. Schneller Zugriff auf wichtige Dokumente:<\/strong><br \/><br data-start=\"1953\" data-end=\"1956\">Das Dokumentenfach ist ideal, um Tickets, Vertr\u00e4ge und andere Unterlagen griffbereit aufzubewahren.<\/p>\n<p data-start=\"2063\" data-end=\"2276\"><strong>10. Effiziente Organisation kleiner Zubeh\u00f6rteile und Werkzeuge:<\/strong><br \/><br data-start=\"2147\" data-end=\"2150\">Die zwei Kleinteil-Schubladen erm\u00f6glichen eine \u00fcbersichtliche Aufbewahrung auch der kleinsten Werkzeuge und Komponenten.<\/p>\n<p data-start=\"2278\" data-end=\"2691\"><strong>11. Werkzeugorganisation:<\/strong><br \/><br data-start=\"2324\" data-end=\"2327\">Ausgestattet mit einer Werkzeugtafel mit Gummischlaufen auf beiden Seiten und einer zweiten Tafel mit Gummischlaufen auf einer Seite bietet dieser Koffer eine geordnete und funktionale Anordnung der Werkzeuge. Jedes Werkzeug hat seinen festen Platz \u2013 f\u00fcr effizientes Arbeiten, schnellen Zugriff und perfekte Ordnung, selbst in dynamischen Einsatzsituationen.<\/p>\n","protected":false},"excerpt":{"rendered":"<p data-start=\"119\" data-end=\"299\"><strong>Der professionelle Trolley New Mega Wheels<\/strong> ist die ideale L\u00f6sung f\u00fcr Fachleute, die einen sicheren und organisierten Transport ihrer Werkzeuge ben\u00f6tigen.<\/p>\n<p data-start=\"301\" data-end=\"515\">Dank seiner robusten Doppelwandkonstruktion und modernster Technologie ist dieser Werkzeugkoffer so konzipiert, dass er extremen Bedingungen standh\u00e4lt und einen einfachen sowie sicheren Zugriff gew\u00e4hrleistet.<\/p>\n","protected":false},"featured_media":9010,"comment_status":"open","ping_status":"closed","template":"","meta":{"_acf_changed":false},"product_brand":[],"product_cat":[248],"product_tag":[],"class_list":{"0":"post-16985","1":"product","2":"type-product","3":"status-publish","4":"has-post-thumbnail","6":"product_cat-new-mega","7":"pa_anwendungen-alle","8":"pa_anwendungen-koffer-und-taschen-fur-betreuer","9":"pa_anwendungen-koffer-und-taschen-fur-elektriker","10":"pa_anwendungen-koffer-und-taschen-fur-installateure","11":"pa_anwendungen-koffer-und-taschen-fur-servicetechniker","12":"pa_produkttyp-werkzeugkoffer","14":"first","15":"instock","16":"shipping-taxable","17":"purchasable","18":"product-type-simple"},"acf":[],"yoast_head":"<!-- This site is optimized with the Yoast SEO plugin v25.4 - https:\/\/yoast.com\/wordpress\/plugins\/seo\/ -->\n<title>GT Line Professioneller Trolley Neu Mega Wheels PEL - Gt Line DE<\/title>\n<meta name=\"robots\" content=\"index, follow, max-snippet:-1, max-image-preview:large, max-video-preview:-1\" \/>\n<link rel=\"canonical\" href=\"https:\/\/www.gtline.com\/de\/products\/gt-line-professioneller-trolley-neu-mega-wheels-pel\/\" \/>\n<meta property=\"og:locale\" content=\"de_DE\" \/>\n<meta property=\"og:type\" content=\"article\" \/>\n<meta property=\"og:title\" content=\"GT Line Professioneller Trolley Neu Mega Wheels PEL - Gt Line DE\" \/>\n<meta property=\"og:description\" content=\"Der professionelle Trolley New Mega Wheels ist die ideale L\u00f6sung f\u00fcr Fachleute, die einen sicheren und organisierten Transport ihrer Werkzeuge ben\u00f6tigen. Dank seiner robusten Doppelwandkonstruktion und modernster Technologie ist dieser Werkzeugkoffer so konzipiert, dass er extremen Bedingungen standh\u00e4lt und einen einfachen sowie sicheren Zugriff gew\u00e4hrleistet.\" \/>\n<meta property=\"og:url\" content=\"https:\/\/www.gtline.com\/de\/products\/gt-line-professioneller-trolley-neu-mega-wheels-pel\/\" \/>\n<meta property=\"og:site_name\" content=\"Gt Line DE\" \/>\n<meta property=\"article:publisher\" content=\"https:\/\/www.facebook.com\/gtlinesrl?locale=it_IT\" \/>\n<meta property=\"article:modified_time\" content=\"2026-04-21T02:11:21+00:00\" \/>\n<meta property=\"og:image\" content=\"https:\/\/www.gtline.com\/de\/wp-content\/uploads\/sites\/5\/2025\/05\/NM-WHEELS_PEL_01_9079.jpg\" \/>\n\t<meta property=\"og:image:width\" content=\"500\" \/>\n\t<meta property=\"og:image:height\" content=\"500\" \/>\n\t<meta property=\"og:image:type\" content=\"image\/jpeg\" \/>\n<meta name=\"twitter:card\" content=\"summary_large_image\" \/>\n<meta name=\"twitter:label1\" content=\"Gesch\u00e4tzte Lesezeit\" \/>\n\t<meta name=\"twitter:data1\" content=\"1\u00a0Minute\" \/>\n<script type=\"application\/ld+json\" class=\"yoast-schema-graph\">{\"@context\":\"https:\/\/schema.org\",\"@graph\":[{\"@type\":\"WebPage\",\"@id\":\"https:\/\/www.gtline.com\/de\/products\/gt-line-professioneller-trolley-neu-mega-wheels-pel\/\",\"url\":\"https:\/\/www.gtline.com\/de\/products\/gt-line-professioneller-trolley-neu-mega-wheels-pel\/\",\"name\":\"GT Line Professioneller Trolley Neu Mega Wheels PEL - Gt Line DE\",\"isPartOf\":{\"@id\":\"https:\/\/www.gtline.com\/de\/#website\"},\"primaryImageOfPage\":{\"@id\":\"https:\/\/www.gtline.com\/de\/products\/gt-line-professioneller-trolley-neu-mega-wheels-pel\/#primaryimage\"},\"image\":{\"@id\":\"https:\/\/www.gtline.com\/de\/products\/gt-line-professioneller-trolley-neu-mega-wheels-pel\/#primaryimage\"},\"thumbnailUrl\":\"https:\/\/www.gtline.com\/de\/wp-content\/uploads\/sites\/5\/2025\/05\/NM-WHEELS_PEL_01_9079.jpg\",\"datePublished\":\"2025-07-30T10:22:57+00:00\",\"dateModified\":\"2026-04-21T02:11:21+00:00\",\"breadcrumb\":{\"@id\":\"https:\/\/www.gtline.com\/de\/products\/gt-line-professioneller-trolley-neu-mega-wheels-pel\/#breadcrumb\"},\"inLanguage\":\"de\",\"potentialAction\":[{\"@type\":\"ReadAction\",\"target\":[\"https:\/\/www.gtline.com\/de\/products\/gt-line-professioneller-trolley-neu-mega-wheels-pel\/\"]}]},{\"@type\":\"ImageObject\",\"inLanguage\":\"de\",\"@id\":\"https:\/\/www.gtline.com\/de\/products\/gt-line-professioneller-trolley-neu-mega-wheels-pel\/#primaryimage\",\"url\":\"https:\/\/www.gtline.com\/de\/wp-content\/uploads\/sites\/5\/2025\/05\/NM-WHEELS_PEL_01_9079.jpg\",\"contentUrl\":\"https:\/\/www.gtline.com\/de\/wp-content\/uploads\/sites\/5\/2025\/05\/NM-WHEELS_PEL_01_9079.jpg\",\"width\":500,\"height\":500},{\"@type\":\"BreadcrumbList\",\"@id\":\"https:\/\/www.gtline.com\/de\/products\/gt-line-professioneller-trolley-neu-mega-wheels-pel\/#breadcrumb\",\"itemListElement\":[{\"@type\":\"ListItem\",\"position\":1,\"name\":\"Home\",\"item\":\"https:\/\/www.gtline.com\/de\/\"},{\"@type\":\"ListItem\",\"position\":2,\"name\":\"Shop\",\"item\":\"https:\/\/www.gtline.com\/de\/negozio\/\"},{\"@type\":\"ListItem\",\"position\":3,\"name\":\"GT Line Professioneller Trolley Neu Mega Wheels PEL\"}]},{\"@type\":\"WebSite\",\"@id\":\"https:\/\/www.gtline.com\/de\/#website\",\"url\":\"https:\/\/www.gtline.com\/de\/\",\"name\":\"Gt Line\",\"description\":\"\",\"publisher\":{\"@id\":\"https:\/\/www.gtline.com\/de\/#organization\"},\"potentialAction\":[{\"@type\":\"SearchAction\",\"target\":{\"@type\":\"EntryPoint\",\"urlTemplate\":\"https:\/\/www.gtline.com\/de\/?s={search_term_string}\"},\"query-input\":{\"@type\":\"PropertyValueSpecification\",\"valueRequired\":true,\"valueName\":\"search_term_string\"}}],\"inLanguage\":\"de\"},{\"@type\":\"Organization\",\"@id\":\"https:\/\/www.gtline.com\/de\/#organization\",\"name\":\"Gt Line\",\"url\":\"https:\/\/www.gtline.com\/de\/\",\"logo\":{\"@type\":\"ImageObject\",\"inLanguage\":\"de\",\"@id\":\"https:\/\/www.gtline.com\/de\/#\/schema\/logo\/image\/\",\"url\":\"https:\/\/www.gtline.com\/de\/wp-content\/uploads\/sites\/5\/2025\/02\/logo.png\",\"contentUrl\":\"https:\/\/www.gtline.com\/de\/wp-content\/uploads\/sites\/5\/2025\/02\/logo.png\",\"width\":228,\"height\":146,\"caption\":\"Gt Line\"},\"image\":{\"@id\":\"https:\/\/www.gtline.com\/de\/#\/schema\/logo\/image\/\"},\"sameAs\":[\"https:\/\/www.facebook.com\/gtlinesrl?locale=it_IT\",\"https:\/\/www.instagram.com\/gt_line_srl\/\",\"https:\/\/www.youtube.com\/channel\/UCDvpkFqswNJOVFz64PkYRQQ\",\"https:\/\/www.linkedin.com\/company\/gt-line-srl\/\"]}]}<\/script>\n<!-- \/ Yoast SEO plugin. -->","yoast_head_json":{"title":"GT Line Professioneller Trolley Neu Mega Wheels PEL - Gt Line DE","robots":{"index":"index","follow":"follow","max-snippet":"max-snippet:-1","max-image-preview":"max-image-preview:large","max-video-preview":"max-video-preview:-1"},"canonical":"https:\/\/www.gtline.com\/de\/products\/gt-line-professioneller-trolley-neu-mega-wheels-pel\/","og_locale":"de_DE","og_type":"article","og_title":"GT Line Professioneller Trolley Neu Mega Wheels PEL - Gt Line DE","og_description":"Der professionelle Trolley New Mega Wheels ist die ideale L\u00f6sung f\u00fcr Fachleute, die einen sicheren und organisierten Transport ihrer Werkzeuge ben\u00f6tigen. Dank seiner robusten Doppelwandkonstruktion und modernster Technologie ist dieser Werkzeugkoffer so konzipiert, dass er extremen Bedingungen standh\u00e4lt und einen einfachen sowie sicheren Zugriff gew\u00e4hrleistet.","og_url":"https:\/\/www.gtline.com\/de\/products\/gt-line-professioneller-trolley-neu-mega-wheels-pel\/","og_site_name":"Gt Line DE","article_publisher":"https:\/\/www.facebook.com\/gtlinesrl?locale=it_IT","article_modified_time":"2026-04-21T02:11:21+00:00","og_image":[{"width":500,"height":500,"url":"https:\/\/www.gtline.com\/de\/wp-content\/uploads\/sites\/5\/2025\/05\/NM-WHEELS_PEL_01_9079.jpg","type":"image\/jpeg"}],"twitter_card":"summary_large_image","twitter_misc":{"Gesch\u00e4tzte Lesezeit":"1\u00a0Minute"},"schema":{"@context":"https:\/\/schema.org","@graph":[{"@type":"WebPage","@id":"https:\/\/www.gtline.com\/de\/products\/gt-line-professioneller-trolley-neu-mega-wheels-pel\/","url":"https:\/\/www.gtline.com\/de\/products\/gt-line-professioneller-trolley-neu-mega-wheels-pel\/","name":"GT Line Professioneller Trolley Neu Mega Wheels PEL - Gt Line DE","isPartOf":{"@id":"https:\/\/www.gtline.com\/de\/#website"},"primaryImageOfPage":{"@id":"https:\/\/www.gtline.com\/de\/products\/gt-line-professioneller-trolley-neu-mega-wheels-pel\/#primaryimage"},"image":{"@id":"https:\/\/www.gtline.com\/de\/products\/gt-line-professioneller-trolley-neu-mega-wheels-pel\/#primaryimage"},"thumbnailUrl":"https:\/\/www.gtline.com\/de\/wp-content\/uploads\/sites\/5\/2025\/05\/NM-WHEELS_PEL_01_9079.jpg","datePublished":"2025-07-30T10:22:57+00:00","dateModified":"2026-04-21T02:11:21+00:00","breadcrumb":{"@id":"https:\/\/www.gtline.com\/de\/products\/gt-line-professioneller-trolley-neu-mega-wheels-pel\/#breadcrumb"},"inLanguage":"de","potentialAction":[{"@type":"ReadAction","target":["https:\/\/www.gtline.com\/de\/products\/gt-line-professioneller-trolley-neu-mega-wheels-pel\/"]}]},{"@type":"ImageObject","inLanguage":"de","@id":"https:\/\/www.gtline.com\/de\/products\/gt-line-professioneller-trolley-neu-mega-wheels-pel\/#primaryimage","url":"https:\/\/www.gtline.com\/de\/wp-content\/uploads\/sites\/5\/2025\/05\/NM-WHEELS_PEL_01_9079.jpg","contentUrl":"https:\/\/www.gtline.com\/de\/wp-content\/uploads\/sites\/5\/2025\/05\/NM-WHEELS_PEL_01_9079.jpg","width":500,"height":500},{"@type":"BreadcrumbList","@id":"https:\/\/www.gtline.com\/de\/products\/gt-line-professioneller-trolley-neu-mega-wheels-pel\/#breadcrumb","itemListElement":[{"@type":"ListItem","position":1,"name":"Home","item":"https:\/\/www.gtline.com\/de\/"},{"@type":"ListItem","position":2,"name":"Shop","item":"https:\/\/www.gtline.com\/de\/negozio\/"},{"@type":"ListItem","position":3,"name":"GT Line Professioneller Trolley Neu Mega Wheels PEL"}]},{"@type":"WebSite","@id":"https:\/\/www.gtline.com\/de\/#website","url":"https:\/\/www.gtline.com\/de\/","name":"Gt Line","description":"","publisher":{"@id":"https:\/\/www.gtline.com\/de\/#organization"},"potentialAction":[{"@type":"SearchAction","target":{"@type":"EntryPoint","urlTemplate":"https:\/\/www.gtline.com\/de\/?s={search_term_string}"},"query-input":{"@type":"PropertyValueSpecification","valueRequired":true,"valueName":"search_term_string"}}],"inLanguage":"de"},{"@type":"Organization","@id":"https:\/\/www.gtline.com\/de\/#organization","name":"Gt Line","url":"https:\/\/www.gtline.com\/de\/","logo":{"@type":"ImageObject","inLanguage":"de","@id":"https:\/\/www.gtline.com\/de\/#\/schema\/logo\/image\/","url":"https:\/\/www.gtline.com\/de\/wp-content\/uploads\/sites\/5\/2025\/02\/logo.png","contentUrl":"https:\/\/www.gtline.com\/de\/wp-content\/uploads\/sites\/5\/2025\/02\/logo.png","width":228,"height":146,"caption":"Gt Line"},"image":{"@id":"https:\/\/www.gtline.com\/de\/#\/schema\/logo\/image\/"},"sameAs":["https:\/\/www.facebook.com\/gtlinesrl?locale=it_IT","https:\/\/www.instagram.com\/gt_line_srl\/","https:\/\/www.youtube.com\/channel\/UCDvpkFqswNJOVFz64PkYRQQ","https:\/\/www.linkedin.com\/company\/gt-line-srl\/"]}]}},"_links":{"self":[{"href":"https:\/\/www.gtline.com\/de\/wp-json\/wp\/v2\/product\/16985","targetHints":{"allow":["GET"]}}],"collection":[{"href":"https:\/\/www.gtline.com\/de\/wp-json\/wp\/v2\/product"}],"about":[{"href":"https:\/\/www.gtline.com\/de\/wp-json\/wp\/v2\/types\/product"}],"replies":[{"embeddable":true,"href":"https:\/\/www.gtline.com\/de\/wp-json\/wp\/v2\/comments?post=16985"}],"version-history":[{"count":3,"href":"https:\/\/www.gtline.com\/de\/wp-json\/wp\/v2\/product\/16985\/revisions"}],"predecessor-version":[{"id":22293,"href":"https:\/\/www.gtline.com\/de\/wp-json\/wp\/v2\/product\/16985\/revisions\/22293"}],"wp:featuredmedia":[{"embeddable":true,"href":"https:\/\/www.gtline.com\/de\/wp-json\/wp\/v2\/media\/9010"}],"wp:attachment":[{"href":"https:\/\/www.gtline.com\/de\/wp-json\/wp\/v2\/media?parent=16985"}],"wp:term":[{"taxonomy":"product_brand","embeddable":true,"href":"https:\/\/www.gtline.com\/de\/wp-json\/wp\/v2\/product_brand?post=16985"},{"taxonomy":"product_cat","embeddable":true,"href":"https:\/\/www.gtline.com\/de\/wp-json\/wp\/v2\/product_cat?post=16985"},{"taxonomy":"product_tag","embeddable":true,"href":"https:\/\/www.gtline.com\/de\/wp-json\/wp\/v2\/product_tag?post=16985"}],"curies":[{"name":"wp","href":"https:\/\/api.w.org\/{rel}","templated":true}]}}