{"id":16987,"date":"2025-07-30T10:23:03","date_gmt":"2025-07-30T10:23:03","guid":{"rendered":"https:\/\/www.gtline.com\/de\/prodotto\/gt-line-professioneller-trolley-neu-mega-wheels-pts\/"},"modified":"2026-04-17T02:11:05","modified_gmt":"2026-04-17T02:11:05","slug":"gt-line-professioneller-trolley-neu-mega-wheels-pts","status":"publish","type":"product","link":"https:\/\/www.gtline.com\/de\/products\/gt-line-professioneller-trolley-neu-mega-wheels-pts\/","title":{"rendered":"GT Line Professioneller Trolley Neu Mega Wheels PTS"},"content":{"rendered":"<p data-start=\"172\" data-end=\"391\"><strong>1. H\u00f6here Robustheit und Stabilit\u00e4t beim Transport:<\/strong><br \/><br data-start=\"244\" data-end=\"247\">Dank des Rotationsformverfahrens bieten die Polyethylen-Schalen mit integrierten Standf\u00fc\u00dfen hervorragenden Schutz gegen St\u00f6\u00dfe und Kratzer.<\/p>\n<p data-start=\"393\" data-end=\"630\"><strong>2. Sicherheit und einfacher Zugang bei Flughafenkontrollen:<\/strong><br \/><br data-start=\"473\" data-end=\"476\">Die TSA-zertifizierten Schl\u00f6sser mit Schl\u00fcssel erm\u00f6glichen autorisiertem Personal eine einfache Gep\u00e4ckkontrolle, ohne dass Besch\u00e4digungen entstehen.<\/p>\n<p data-start=\"632\" data-end=\"809\"><strong>3. L\u00e4ngere Lebensdauer und hohe Widerstandsf\u00e4higkeit:<\/strong><br \/><br data-start=\"706\" data-end=\"709\">Die Metall-Deckelhalter sorgen daf\u00fcr, dass der Deckel w\u00e4hrend der Nutzung sicher offen bleibt.<\/p>\n<p data-start=\"811\" data-end=\"1038\"><strong>4. Leichter und m\u00fcheloser Transport, auch \u00fcber l\u00e4ngere Strecken:<\/strong><br \/><br data-start=\"896\" data-end=\"899\">Der Teleskopgriff ist f\u00fcr einen komfortablen Halt konzipiert, w\u00e4hrend kugelgelagerte R\u00e4der eine reibungslose Mobilit\u00e4t gew\u00e4hrleisten.<\/p>\n<p data-start=\"1040\" data-end=\"1382\"><strong>5. Individuelle Innenraumgestaltung f\u00fcr optimale Werkzeugorganisation:<\/strong><br \/><br data-start=\"1131\" data-end=\"1134\">Das Bodenfach ist mit verstellbaren Trennw\u00e4nden ausgestattet, die eine flexible Anpassung des Stauraums an spezifische Anforderungen erm\u00f6glichen. Die FLEXI POUCHES\u2122-Taschenpaneele bieten zudem praktische und vielseitige Organisationsl\u00f6sungen.<\/p>\n<p data-start=\"1384\" data-end=\"1595\"><strong>6. Komfortabler Transport mit reduzierter Erm\u00fcdung:<\/strong><br \/><br data-start=\"1456\" data-end=\"1459\">Der ergonomische, gummibeschichtete Griff sorgt f\u00fcr einen sicheren Halt und erleichtert den Transport auch \u00fcber l\u00e4ngere Zeitr\u00e4ume.<\/p>\n<p data-start=\"1597\" data-end=\"1794\"><strong>7. Maximale Festigkeit und Sicherheit:<\/strong><br \/><br data-start=\"1656\" data-end=\"1659\">Das robuste, mehrfach vernietete Stahlscharnier gew\u00e4hrleistet, dass der Koffer w\u00e4hrend des Transports sicher verschlossen bleibt.<\/p>\n<p data-start=\"1796\" data-end=\"1951\"><strong>8. Platzsparend beim Transport und bei der Lagerung:<\/strong><br \/><br data-start=\"1869\" data-end=\"1872\">Die Stapelbarkeit des Trolleys erleichtert das effiziente Raummanagement.<\/p>\n<p data-start=\"1953\" data-end=\"2134\"><strong>9. Schneller Zugriff auf wichtige Dokumente:<\/strong><br \/><br data-start=\"2018\" data-end=\"2021\">Die Dokumententasche ist ideal, um Tickets, Vertr\u00e4ge und andere Unterlagen stets griffbereit aufzubewahren.<\/p>\n<p data-start=\"2136\" data-end=\"2345\"><strong>10. Effiziente Organisation von kleinem Zubeh\u00f6r und Werkzeugen:<\/strong><br \/><br data-start=\"2220\" data-end=\"2223\">Die beiden Kleinteileschubladen erm\u00f6glichen eine \u00fcbersichtliche und geordnete Aufbewahrung auch kleinster Werkzeuge.<\/p>\n<p data-start=\"2347\" data-end=\"2640\"><strong>11. Werkzeugorganisation:<\/strong><br \/><br data-start=\"2393\" data-end=\"2396\">Ausgestattet mit einem Werkzeugpaneel mit FLEXI POUCHES\u2122-Taschen auf beiden Seiten und einem weiteren Werkzeugpaneel mit FLEXI POUCHES\u2122-Taschen auf einer Seite, bietet der Koffer eine strukturierte und funktionale Anordnung aller Werkzeuge.<\/p>\n","protected":false},"excerpt":{"rendered":"<p data-start=\"119\" data-end=\"299\"><strong>Der professionelle Trolley New Mega Wheels<\/strong> ist die ideale L\u00f6sung f\u00fcr Fachleute, die einen sicheren und organisierten Transport ihrer Werkzeuge ben\u00f6tigen.<\/p>\n<p data-start=\"301\" data-end=\"515\">Dank seiner robusten Doppelwandkonstruktion und modernster Technologie ist dieser Werkzeugkoffer so konzipiert, dass er extremen Bedingungen standh\u00e4lt und einen einfachen sowie sicheren Zugriff gew\u00e4hrleistet.<\/p>\n<p>\u00a0<\/p>\n","protected":false},"featured_media":9024,"comment_status":"open","ping_status":"closed","template":"","meta":{"_acf_changed":false},"product_brand":[],"product_cat":[248],"product_tag":[],"class_list":{"0":"post-16987","1":"product","2":"type-product","3":"status-publish","4":"has-post-thumbnail","6":"product_cat-new-mega","7":"pa_anwendungen-alle","8":"pa_anwendungen-koffer-und-taschen-fur-betreuer","9":"pa_anwendungen-koffer-und-taschen-fur-elektriker","10":"pa_anwendungen-koffer-und-taschen-fur-installateure","11":"pa_anwendungen-koffer-und-taschen-fur-servicetechniker","12":"pa_produkttyp-werkzeugkoffer","14":"first","15":"instock","16":"shipping-taxable","17":"purchasable","18":"product-type-simple"},"acf":[],"yoast_head":"<!-- This site is optimized with the Yoast SEO plugin v25.4 - https:\/\/yoast.com\/wordpress\/plugins\/seo\/ -->\n<title>GT Line Professioneller Trolley Neu Mega Wheels PTS - Gt Line DE<\/title>\n<meta name=\"robots\" content=\"index, follow, max-snippet:-1, max-image-preview:large, max-video-preview:-1\" \/>\n<link rel=\"canonical\" href=\"https:\/\/www.gtline.com\/de\/products\/gt-line-professioneller-trolley-neu-mega-wheels-pts\/\" \/>\n<meta property=\"og:locale\" content=\"de_DE\" \/>\n<meta property=\"og:type\" content=\"article\" \/>\n<meta property=\"og:title\" content=\"GT Line Professioneller Trolley Neu Mega Wheels PTS - Gt Line DE\" \/>\n<meta property=\"og:description\" content=\"Der professionelle Trolley New Mega Wheels ist die ideale L\u00f6sung f\u00fcr Fachleute, die einen sicheren und organisierten Transport ihrer Werkzeuge ben\u00f6tigen. Dank seiner robusten Doppelwandkonstruktion und modernster Technologie ist dieser Werkzeugkoffer so konzipiert, dass er extremen Bedingungen standh\u00e4lt und einen einfachen sowie sicheren Zugriff gew\u00e4hrleistet. \u00a0\" \/>\n<meta property=\"og:url\" content=\"https:\/\/www.gtline.com\/de\/products\/gt-line-professioneller-trolley-neu-mega-wheels-pts\/\" \/>\n<meta property=\"og:site_name\" content=\"Gt Line DE\" \/>\n<meta property=\"article:publisher\" content=\"https:\/\/www.facebook.com\/gtlinesrl?locale=it_IT\" \/>\n<meta property=\"article:modified_time\" content=\"2026-04-17T02:11:05+00:00\" \/>\n<meta property=\"og:image\" content=\"https:\/\/www.gtline.com\/de\/wp-content\/uploads\/sites\/5\/2025\/05\/NM-WHEELS_PTS_01_9080.jpg\" \/>\n\t<meta property=\"og:image:width\" content=\"500\" \/>\n\t<meta property=\"og:image:height\" content=\"500\" \/>\n\t<meta property=\"og:image:type\" content=\"image\/jpeg\" \/>\n<meta name=\"twitter:card\" content=\"summary_large_image\" \/>\n<meta name=\"twitter:label1\" content=\"Gesch\u00e4tzte Lesezeit\" \/>\n\t<meta name=\"twitter:data1\" content=\"1\u00a0Minute\" \/>\n<script type=\"application\/ld+json\" class=\"yoast-schema-graph\">{\"@context\":\"https:\/\/schema.org\",\"@graph\":[{\"@type\":\"WebPage\",\"@id\":\"https:\/\/www.gtline.com\/de\/products\/gt-line-professioneller-trolley-neu-mega-wheels-pts\/\",\"url\":\"https:\/\/www.gtline.com\/de\/products\/gt-line-professioneller-trolley-neu-mega-wheels-pts\/\",\"name\":\"GT Line Professioneller Trolley Neu Mega Wheels PTS - Gt Line DE\",\"isPartOf\":{\"@id\":\"https:\/\/www.gtline.com\/de\/#website\"},\"primaryImageOfPage\":{\"@id\":\"https:\/\/www.gtline.com\/de\/products\/gt-line-professioneller-trolley-neu-mega-wheels-pts\/#primaryimage\"},\"image\":{\"@id\":\"https:\/\/www.gtline.com\/de\/products\/gt-line-professioneller-trolley-neu-mega-wheels-pts\/#primaryimage\"},\"thumbnailUrl\":\"https:\/\/www.gtline.com\/de\/wp-content\/uploads\/sites\/5\/2025\/05\/NM-WHEELS_PTS_01_9080.jpg\",\"datePublished\":\"2025-07-30T10:23:03+00:00\",\"dateModified\":\"2026-04-17T02:11:05+00:00\",\"breadcrumb\":{\"@id\":\"https:\/\/www.gtline.com\/de\/products\/gt-line-professioneller-trolley-neu-mega-wheels-pts\/#breadcrumb\"},\"inLanguage\":\"de\",\"potentialAction\":[{\"@type\":\"ReadAction\",\"target\":[\"https:\/\/www.gtline.com\/de\/products\/gt-line-professioneller-trolley-neu-mega-wheels-pts\/\"]}]},{\"@type\":\"ImageObject\",\"inLanguage\":\"de\",\"@id\":\"https:\/\/www.gtline.com\/de\/products\/gt-line-professioneller-trolley-neu-mega-wheels-pts\/#primaryimage\",\"url\":\"https:\/\/www.gtline.com\/de\/wp-content\/uploads\/sites\/5\/2025\/05\/NM-WHEELS_PTS_01_9080.jpg\",\"contentUrl\":\"https:\/\/www.gtline.com\/de\/wp-content\/uploads\/sites\/5\/2025\/05\/NM-WHEELS_PTS_01_9080.jpg\",\"width\":500,\"height\":500},{\"@type\":\"BreadcrumbList\",\"@id\":\"https:\/\/www.gtline.com\/de\/products\/gt-line-professioneller-trolley-neu-mega-wheels-pts\/#breadcrumb\",\"itemListElement\":[{\"@type\":\"ListItem\",\"position\":1,\"name\":\"Home\",\"item\":\"https:\/\/www.gtline.com\/de\/\"},{\"@type\":\"ListItem\",\"position\":2,\"name\":\"Shop\",\"item\":\"https:\/\/www.gtline.com\/de\/negozio\/\"},{\"@type\":\"ListItem\",\"position\":3,\"name\":\"GT Line Professioneller Trolley Neu Mega Wheels PTS\"}]},{\"@type\":\"WebSite\",\"@id\":\"https:\/\/www.gtline.com\/de\/#website\",\"url\":\"https:\/\/www.gtline.com\/de\/\",\"name\":\"Gt Line\",\"description\":\"\",\"publisher\":{\"@id\":\"https:\/\/www.gtline.com\/de\/#organization\"},\"potentialAction\":[{\"@type\":\"SearchAction\",\"target\":{\"@type\":\"EntryPoint\",\"urlTemplate\":\"https:\/\/www.gtline.com\/de\/?s={search_term_string}\"},\"query-input\":{\"@type\":\"PropertyValueSpecification\",\"valueRequired\":true,\"valueName\":\"search_term_string\"}}],\"inLanguage\":\"de\"},{\"@type\":\"Organization\",\"@id\":\"https:\/\/www.gtline.com\/de\/#organization\",\"name\":\"Gt Line\",\"url\":\"https:\/\/www.gtline.com\/de\/\",\"logo\":{\"@type\":\"ImageObject\",\"inLanguage\":\"de\",\"@id\":\"https:\/\/www.gtline.com\/de\/#\/schema\/logo\/image\/\",\"url\":\"https:\/\/www.gtline.com\/de\/wp-content\/uploads\/sites\/5\/2025\/02\/logo.png\",\"contentUrl\":\"https:\/\/www.gtline.com\/de\/wp-content\/uploads\/sites\/5\/2025\/02\/logo.png\",\"width\":228,\"height\":146,\"caption\":\"Gt Line\"},\"image\":{\"@id\":\"https:\/\/www.gtline.com\/de\/#\/schema\/logo\/image\/\"},\"sameAs\":[\"https:\/\/www.facebook.com\/gtlinesrl?locale=it_IT\",\"https:\/\/www.instagram.com\/gt_line_srl\/\",\"https:\/\/www.youtube.com\/channel\/UCDvpkFqswNJOVFz64PkYRQQ\",\"https:\/\/www.linkedin.com\/company\/gt-line-srl\/\"]}]}<\/script>\n<!-- \/ Yoast SEO plugin. -->","yoast_head_json":{"title":"GT Line Professioneller Trolley Neu Mega Wheels PTS - Gt Line DE","robots":{"index":"index","follow":"follow","max-snippet":"max-snippet:-1","max-image-preview":"max-image-preview:large","max-video-preview":"max-video-preview:-1"},"canonical":"https:\/\/www.gtline.com\/de\/products\/gt-line-professioneller-trolley-neu-mega-wheels-pts\/","og_locale":"de_DE","og_type":"article","og_title":"GT Line Professioneller Trolley Neu Mega Wheels PTS - Gt Line DE","og_description":"Der professionelle Trolley New Mega Wheels ist die ideale L\u00f6sung f\u00fcr Fachleute, die einen sicheren und organisierten Transport ihrer Werkzeuge ben\u00f6tigen. Dank seiner robusten Doppelwandkonstruktion und modernster Technologie ist dieser Werkzeugkoffer so konzipiert, dass er extremen Bedingungen standh\u00e4lt und einen einfachen sowie sicheren Zugriff gew\u00e4hrleistet. \u00a0","og_url":"https:\/\/www.gtline.com\/de\/products\/gt-line-professioneller-trolley-neu-mega-wheels-pts\/","og_site_name":"Gt Line DE","article_publisher":"https:\/\/www.facebook.com\/gtlinesrl?locale=it_IT","article_modified_time":"2026-04-17T02:11:05+00:00","og_image":[{"width":500,"height":500,"url":"https:\/\/www.gtline.com\/de\/wp-content\/uploads\/sites\/5\/2025\/05\/NM-WHEELS_PTS_01_9080.jpg","type":"image\/jpeg"}],"twitter_card":"summary_large_image","twitter_misc":{"Gesch\u00e4tzte Lesezeit":"1\u00a0Minute"},"schema":{"@context":"https:\/\/schema.org","@graph":[{"@type":"WebPage","@id":"https:\/\/www.gtline.com\/de\/products\/gt-line-professioneller-trolley-neu-mega-wheels-pts\/","url":"https:\/\/www.gtline.com\/de\/products\/gt-line-professioneller-trolley-neu-mega-wheels-pts\/","name":"GT Line Professioneller Trolley Neu Mega Wheels PTS - Gt Line DE","isPartOf":{"@id":"https:\/\/www.gtline.com\/de\/#website"},"primaryImageOfPage":{"@id":"https:\/\/www.gtline.com\/de\/products\/gt-line-professioneller-trolley-neu-mega-wheels-pts\/#primaryimage"},"image":{"@id":"https:\/\/www.gtline.com\/de\/products\/gt-line-professioneller-trolley-neu-mega-wheels-pts\/#primaryimage"},"thumbnailUrl":"https:\/\/www.gtline.com\/de\/wp-content\/uploads\/sites\/5\/2025\/05\/NM-WHEELS_PTS_01_9080.jpg","datePublished":"2025-07-30T10:23:03+00:00","dateModified":"2026-04-17T02:11:05+00:00","breadcrumb":{"@id":"https:\/\/www.gtline.com\/de\/products\/gt-line-professioneller-trolley-neu-mega-wheels-pts\/#breadcrumb"},"inLanguage":"de","potentialAction":[{"@type":"ReadAction","target":["https:\/\/www.gtline.com\/de\/products\/gt-line-professioneller-trolley-neu-mega-wheels-pts\/"]}]},{"@type":"ImageObject","inLanguage":"de","@id":"https:\/\/www.gtline.com\/de\/products\/gt-line-professioneller-trolley-neu-mega-wheels-pts\/#primaryimage","url":"https:\/\/www.gtline.com\/de\/wp-content\/uploads\/sites\/5\/2025\/05\/NM-WHEELS_PTS_01_9080.jpg","contentUrl":"https:\/\/www.gtline.com\/de\/wp-content\/uploads\/sites\/5\/2025\/05\/NM-WHEELS_PTS_01_9080.jpg","width":500,"height":500},{"@type":"BreadcrumbList","@id":"https:\/\/www.gtline.com\/de\/products\/gt-line-professioneller-trolley-neu-mega-wheels-pts\/#breadcrumb","itemListElement":[{"@type":"ListItem","position":1,"name":"Home","item":"https:\/\/www.gtline.com\/de\/"},{"@type":"ListItem","position":2,"name":"Shop","item":"https:\/\/www.gtline.com\/de\/negozio\/"},{"@type":"ListItem","position":3,"name":"GT Line Professioneller Trolley Neu Mega Wheels PTS"}]},{"@type":"WebSite","@id":"https:\/\/www.gtline.com\/de\/#website","url":"https:\/\/www.gtline.com\/de\/","name":"Gt Line","description":"","publisher":{"@id":"https:\/\/www.gtline.com\/de\/#organization"},"potentialAction":[{"@type":"SearchAction","target":{"@type":"EntryPoint","urlTemplate":"https:\/\/www.gtline.com\/de\/?s={search_term_string}"},"query-input":{"@type":"PropertyValueSpecification","valueRequired":true,"valueName":"search_term_string"}}],"inLanguage":"de"},{"@type":"Organization","@id":"https:\/\/www.gtline.com\/de\/#organization","name":"Gt Line","url":"https:\/\/www.gtline.com\/de\/","logo":{"@type":"ImageObject","inLanguage":"de","@id":"https:\/\/www.gtline.com\/de\/#\/schema\/logo\/image\/","url":"https:\/\/www.gtline.com\/de\/wp-content\/uploads\/sites\/5\/2025\/02\/logo.png","contentUrl":"https:\/\/www.gtline.com\/de\/wp-content\/uploads\/sites\/5\/2025\/02\/logo.png","width":228,"height":146,"caption":"Gt Line"},"image":{"@id":"https:\/\/www.gtline.com\/de\/#\/schema\/logo\/image\/"},"sameAs":["https:\/\/www.facebook.com\/gtlinesrl?locale=it_IT","https:\/\/www.instagram.com\/gt_line_srl\/","https:\/\/www.youtube.com\/channel\/UCDvpkFqswNJOVFz64PkYRQQ","https:\/\/www.linkedin.com\/company\/gt-line-srl\/"]}]}},"_links":{"self":[{"href":"https:\/\/www.gtline.com\/de\/wp-json\/wp\/v2\/product\/16987","targetHints":{"allow":["GET"]}}],"collection":[{"href":"https:\/\/www.gtline.com\/de\/wp-json\/wp\/v2\/product"}],"about":[{"href":"https:\/\/www.gtline.com\/de\/wp-json\/wp\/v2\/types\/product"}],"replies":[{"embeddable":true,"href":"https:\/\/www.gtline.com\/de\/wp-json\/wp\/v2\/comments?post=16987"}],"version-history":[{"count":3,"href":"https:\/\/www.gtline.com\/de\/wp-json\/wp\/v2\/product\/16987\/revisions"}],"predecessor-version":[{"id":22294,"href":"https:\/\/www.gtline.com\/de\/wp-json\/wp\/v2\/product\/16987\/revisions\/22294"}],"wp:featuredmedia":[{"embeddable":true,"href":"https:\/\/www.gtline.com\/de\/wp-json\/wp\/v2\/media\/9024"}],"wp:attachment":[{"href":"https:\/\/www.gtline.com\/de\/wp-json\/wp\/v2\/media?parent=16987"}],"wp:term":[{"taxonomy":"product_brand","embeddable":true,"href":"https:\/\/www.gtline.com\/de\/wp-json\/wp\/v2\/product_brand?post=16987"},{"taxonomy":"product_cat","embeddable":true,"href":"https:\/\/www.gtline.com\/de\/wp-json\/wp\/v2\/product_cat?post=16987"},{"taxonomy":"product_tag","embeddable":true,"href":"https:\/\/www.gtline.com\/de\/wp-json\/wp\/v2\/product_tag?post=16987"}],"curies":[{"name":"wp","href":"https:\/\/api.w.org\/{rel}","templated":true}]}}