{"id":16992,"date":"2025-07-30T10:23:15","date_gmt":"2025-07-30T10:23:15","guid":{"rendered":"https:\/\/www.gtline.com\/de\/prodotto\/gt-line-werkzeugkoffer-ai1mod16-pel\/"},"modified":"2026-04-17T02:11:23","modified_gmt":"2026-04-17T02:11:23","slug":"gt-line-werkzeugkoffer-ai1mod16-pel","status":"publish","type":"product","link":"https:\/\/www.gtline.com\/de\/products\/gt-line-werkzeugkoffer-ai1mod16-pel\/","title":{"rendered":"GT Line Werkzeugkoffer AI1MOD16 PEL"},"content":{"rendered":"<p>1. Kompakte und leichte Struktur, gebaut f\u00fcr eine lange Lebensdauer<br \/>\nHergestellt aus schlagfestem Polypropylen mit Spritzgusstechnologie, bietet es bei einem Gewicht von nur 4,11 kg Haltbarkeit und Festigkeit unter allen Arbeitsbedingungen.<br \/>\n2. Zwei elastische Tool-Panels f\u00fcr eine organisierte Verwaltung<br \/>\nDie internen elastischen Paneele erm\u00f6glichen eine pr\u00e4zise Anordnung von Handwerkzeugen in verschiedenen Formen und Gr\u00f6\u00dfen und sorgen so f\u00fcr Ordnung und sofortige Zug\u00e4nglichkeit w\u00e4hrend des t\u00e4glichen Gebrauchs.<br \/>\n3. AI1MOD modulares System f\u00fcr maximale Vielseitigkeit<br \/>\nIn Kombination mit anderen Modulen oder eigenst\u00e4ndig einsetzbar, ist AI1MOD16 PEL die ideale Wahl, um einen professionellen Container zu erstellen, der auf Ihre betrieblichen Anforderungen zugeschnitten ist.<br \/>\n4. Patentiertes Lock-Unlock-System f\u00fcr schnelles Stapeln und L\u00f6sen<br \/>\nDer praktische Tastenmechanismus erm\u00f6glicht es, die Module mit einer einzigen Geste zu verbinden und zu trennen, was den Transport und die Organisation vereinfacht.<br \/>\n5. Kompatibilit\u00e4t mit fr\u00fcheren ALL IN ONE Systemversionen<br \/>\nMit der neuen AI1LID-Abdeckung kann AI1MOD16 PEL auch mit All-in-One-Wagen fr\u00fcherer Generationen verwendet werden, um eine vollst\u00e4ndige Abw\u00e4rtskompatibilit\u00e4t zu gew\u00e4hrleisten.<br \/>\n6. Digitales Content Management mit INTELLIRESPOND<br \/>\nDie kostenlose INTELLIRESPONDE-App erm\u00f6glicht die Bestandsverfolgung und Verwaltung von Werkzeugen im Koffer direkt von Ihrem Mobilger\u00e4t aus. Mehr Infos unter www.intellirespond.com.<br \/>\n7. Optimierte Abmessungen f\u00fcr Integration und Transport<br \/>\nMit Au\u00dfenma\u00dfen von 585 x 369 x 198 mm ist AI1MOD16 PEL leicht zu transportieren, stapelbar und zu lagern, ohne die notwendige Kapazit\u00e4t f\u00fcr Arbeitsger\u00e4te zu opfern.<\/p>\n","protected":false},"excerpt":{"rendered":"<p>Der Werkzeugkoffer <strong data-start=\"332\" data-end=\"348\">AI1MOD16 PEL<\/strong> ist die ideale Wahl f\u00fcr alle, die die Praktikabilit\u00e4t eines kompakten Profibeh\u00e4lters mit der Effizienz eines perfekt organisierten Werkzeugkoffers kombinieren m\u00f6chten.<\/p>\n<p>Ausgestattet mit <strong data-start=\"613\" data-end=\"652\">zwei Innentafeln mit Elastikb\u00e4ndern<\/strong>, erm\u00f6glicht dieser Profikoffer die geordnete und sichere Aufbewahrung von Handwerkzeugen aller Art \u2013 f\u00fcr schnellen und unmittelbaren Zugriff im t\u00e4glichen Einsatz.<\/p>\n<p>Der AI1MOD16 PEL ist ein integraler Bestandteil des <strong data-start=\"936\" data-end=\"964\">modularen AI1MOD-Systems<\/strong>, vollst\u00e4ndig <strong data-start=\"978\" data-end=\"1041\">kompatibel mit dem bekannten ALL IN ONE-Trolley-Werkzeugkoffer von GT Line<\/strong>, kann jedoch auch <strong data-start=\"1060\" data-end=\"1086\">eigenst\u00e4ndig verwendet<\/strong> werden.<\/p>\n<p>Das patentierte <strong data-start=\"1185\" data-end=\"1207\">Lock-Unlock-System<\/strong> erm\u00f6glicht das <strong data-start=\"1223\" data-end=\"1266\">schnelle Verbinden und L\u00f6sen der Module<\/strong> in wenigen Sekunden und verwandelt jede Konfiguration in einen <strong data-start=\"1330\" data-end=\"1383\">ma\u00dfgeschneiderten, professionellen Werkzeugkoffer<\/strong>.<\/p>\n<p>Dank der integrierten <strong data-start=\"1488\" data-end=\"1518\">INTELLIRESPOND-Technologie<\/strong> k\u00f6nnen Sie Ihre Werkzeuge <strong data-start=\"1545\" data-end=\"1581\">digital verwalten und \u00fcberwachen<\/strong> \u2013 direkt \u00fcber <strong data-start=\"1596\" data-end=\"1622\">Smartphone oder Tablet<\/strong> f\u00fcr maximale Kontrolle und Effizienz.<\/p>\n","protected":false},"featured_media":9150,"comment_status":"open","ping_status":"closed","template":"","meta":{"_acf_changed":false},"product_brand":[],"product_cat":[231],"product_tag":[],"class_list":{"0":"post-16992","1":"product","2":"type-product","3":"status-publish","4":"has-post-thumbnail","6":"product_cat-impilabili","7":"pa_anwendungen-alle","8":"pa_anwendungen-koffer-und-taschen-fur-betreuer","9":"pa_anwendungen-koffer-und-taschen-fur-die-luft-und-raumfahrtbranche-mro","10":"pa_anwendungen-koffer-und-taschen-fur-elektriker","11":"pa_anwendungen-koffer-und-taschen-fur-installateure","12":"pa_anwendungen-koffer-und-taschen-fur-servicetechniker","13":"pa_produkttyp-werkzeugkoffer","14":"pa_produkttyp-all-in-one-modular-system","16":"first","17":"instock","18":"shipping-taxable","19":"purchasable","20":"product-type-simple"},"acf":[],"yoast_head":"<!-- This site is optimized with the Yoast SEO plugin v25.4 - https:\/\/yoast.com\/wordpress\/plugins\/seo\/ -->\n<title>GT Line Werkzeugkoffer AI1MOD16 PEL - Gt Line DE<\/title>\n<meta name=\"robots\" content=\"index, follow, max-snippet:-1, max-image-preview:large, max-video-preview:-1\" \/>\n<link rel=\"canonical\" href=\"https:\/\/www.gtline.com\/de\/products\/gt-line-werkzeugkoffer-ai1mod16-pel\/\" \/>\n<meta property=\"og:locale\" content=\"de_DE\" \/>\n<meta property=\"og:type\" content=\"article\" \/>\n<meta property=\"og:title\" content=\"GT Line Werkzeugkoffer AI1MOD16 PEL - Gt Line DE\" \/>\n<meta property=\"og:description\" content=\"Der Werkzeugkoffer AI1MOD16 PEL ist die ideale Wahl f\u00fcr alle, die die Praktikabilit\u00e4t eines kompakten Profibeh\u00e4lters mit der Effizienz eines perfekt organisierten Werkzeugkoffers kombinieren m\u00f6chten. Ausgestattet mit zwei Innentafeln mit Elastikb\u00e4ndern, erm\u00f6glicht dieser Profikoffer die geordnete und sichere Aufbewahrung von Handwerkzeugen aller Art \u2013 f\u00fcr schnellen und unmittelbaren Zugriff im t\u00e4glichen Einsatz. Der AI1MOD16 PEL ist ein integraler Bestandteil des modularen AI1MOD-Systems, vollst\u00e4ndig kompatibel mit dem bekannten ALL IN ONE-Trolley-Werkzeugkoffer von GT Line, kann jedoch auch eigenst\u00e4ndig verwendet werden. Das patentierte Lock-Unlock-System erm\u00f6glicht das schnelle Verbinden und L\u00f6sen der Module in wenigen Sekunden und verwandelt jede Konfiguration in einen ma\u00dfgeschneiderten, professionellen Werkzeugkoffer. Dank der integrierten INTELLIRESPOND-Technologie k\u00f6nnen Sie Ihre Werkzeuge digital verwalten und \u00fcberwachen \u2013 direkt \u00fcber Smartphone oder Tablet f\u00fcr maximale Kontrolle und Effizienz.\" \/>\n<meta property=\"og:url\" content=\"https:\/\/www.gtline.com\/de\/products\/gt-line-werkzeugkoffer-ai1mod16-pel\/\" \/>\n<meta property=\"og:site_name\" content=\"Gt Line DE\" \/>\n<meta property=\"article:publisher\" content=\"https:\/\/www.facebook.com\/gtlinesrl?locale=it_IT\" \/>\n<meta property=\"article:modified_time\" content=\"2026-04-17T02:11:23+00:00\" \/>\n<meta property=\"og:image\" content=\"https:\/\/www.gtline.com\/de\/wp-content\/uploads\/sites\/5\/2025\/05\/AI1MOD16_PEL_01_9089.jpg\" \/>\n\t<meta property=\"og:image:width\" content=\"500\" \/>\n\t<meta property=\"og:image:height\" content=\"500\" \/>\n\t<meta property=\"og:image:type\" content=\"image\/jpeg\" \/>\n<meta name=\"twitter:card\" content=\"summary_large_image\" \/>\n<meta name=\"twitter:label1\" content=\"Gesch\u00e4tzte Lesezeit\" \/>\n\t<meta name=\"twitter:data1\" content=\"1\u00a0Minute\" \/>\n<script type=\"application\/ld+json\" class=\"yoast-schema-graph\">{\"@context\":\"https:\/\/schema.org\",\"@graph\":[{\"@type\":\"WebPage\",\"@id\":\"https:\/\/www.gtline.com\/de\/products\/gt-line-werkzeugkoffer-ai1mod16-pel\/\",\"url\":\"https:\/\/www.gtline.com\/de\/products\/gt-line-werkzeugkoffer-ai1mod16-pel\/\",\"name\":\"GT Line Werkzeugkoffer AI1MOD16 PEL - Gt Line DE\",\"isPartOf\":{\"@id\":\"https:\/\/www.gtline.com\/de\/#website\"},\"primaryImageOfPage\":{\"@id\":\"https:\/\/www.gtline.com\/de\/products\/gt-line-werkzeugkoffer-ai1mod16-pel\/#primaryimage\"},\"image\":{\"@id\":\"https:\/\/www.gtline.com\/de\/products\/gt-line-werkzeugkoffer-ai1mod16-pel\/#primaryimage\"},\"thumbnailUrl\":\"https:\/\/www.gtline.com\/de\/wp-content\/uploads\/sites\/5\/2025\/05\/AI1MOD16_PEL_01_9089.jpg\",\"datePublished\":\"2025-07-30T10:23:15+00:00\",\"dateModified\":\"2026-04-17T02:11:23+00:00\",\"breadcrumb\":{\"@id\":\"https:\/\/www.gtline.com\/de\/products\/gt-line-werkzeugkoffer-ai1mod16-pel\/#breadcrumb\"},\"inLanguage\":\"de\",\"potentialAction\":[{\"@type\":\"ReadAction\",\"target\":[\"https:\/\/www.gtline.com\/de\/products\/gt-line-werkzeugkoffer-ai1mod16-pel\/\"]}]},{\"@type\":\"ImageObject\",\"inLanguage\":\"de\",\"@id\":\"https:\/\/www.gtline.com\/de\/products\/gt-line-werkzeugkoffer-ai1mod16-pel\/#primaryimage\",\"url\":\"https:\/\/www.gtline.com\/de\/wp-content\/uploads\/sites\/5\/2025\/05\/AI1MOD16_PEL_01_9089.jpg\",\"contentUrl\":\"https:\/\/www.gtline.com\/de\/wp-content\/uploads\/sites\/5\/2025\/05\/AI1MOD16_PEL_01_9089.jpg\",\"width\":500,\"height\":500},{\"@type\":\"BreadcrumbList\",\"@id\":\"https:\/\/www.gtline.com\/de\/products\/gt-line-werkzeugkoffer-ai1mod16-pel\/#breadcrumb\",\"itemListElement\":[{\"@type\":\"ListItem\",\"position\":1,\"name\":\"Home\",\"item\":\"https:\/\/www.gtline.com\/de\/\"},{\"@type\":\"ListItem\",\"position\":2,\"name\":\"Shop\",\"item\":\"https:\/\/www.gtline.com\/de\/negozio\/\"},{\"@type\":\"ListItem\",\"position\":3,\"name\":\"GT Line Werkzeugkoffer AI1MOD16 PEL\"}]},{\"@type\":\"WebSite\",\"@id\":\"https:\/\/www.gtline.com\/de\/#website\",\"url\":\"https:\/\/www.gtline.com\/de\/\",\"name\":\"Gt Line\",\"description\":\"\",\"publisher\":{\"@id\":\"https:\/\/www.gtline.com\/de\/#organization\"},\"potentialAction\":[{\"@type\":\"SearchAction\",\"target\":{\"@type\":\"EntryPoint\",\"urlTemplate\":\"https:\/\/www.gtline.com\/de\/?s={search_term_string}\"},\"query-input\":{\"@type\":\"PropertyValueSpecification\",\"valueRequired\":true,\"valueName\":\"search_term_string\"}}],\"inLanguage\":\"de\"},{\"@type\":\"Organization\",\"@id\":\"https:\/\/www.gtline.com\/de\/#organization\",\"name\":\"Gt Line\",\"url\":\"https:\/\/www.gtline.com\/de\/\",\"logo\":{\"@type\":\"ImageObject\",\"inLanguage\":\"de\",\"@id\":\"https:\/\/www.gtline.com\/de\/#\/schema\/logo\/image\/\",\"url\":\"https:\/\/www.gtline.com\/de\/wp-content\/uploads\/sites\/5\/2025\/02\/logo.png\",\"contentUrl\":\"https:\/\/www.gtline.com\/de\/wp-content\/uploads\/sites\/5\/2025\/02\/logo.png\",\"width\":228,\"height\":146,\"caption\":\"Gt Line\"},\"image\":{\"@id\":\"https:\/\/www.gtline.com\/de\/#\/schema\/logo\/image\/\"},\"sameAs\":[\"https:\/\/www.facebook.com\/gtlinesrl?locale=it_IT\",\"https:\/\/www.instagram.com\/gt_line_srl\/\",\"https:\/\/www.youtube.com\/channel\/UCDvpkFqswNJOVFz64PkYRQQ\",\"https:\/\/www.linkedin.com\/company\/gt-line-srl\/\"]}]}<\/script>\n<!-- \/ Yoast SEO plugin. -->","yoast_head_json":{"title":"GT Line Werkzeugkoffer AI1MOD16 PEL - Gt Line DE","robots":{"index":"index","follow":"follow","max-snippet":"max-snippet:-1","max-image-preview":"max-image-preview:large","max-video-preview":"max-video-preview:-1"},"canonical":"https:\/\/www.gtline.com\/de\/products\/gt-line-werkzeugkoffer-ai1mod16-pel\/","og_locale":"de_DE","og_type":"article","og_title":"GT Line Werkzeugkoffer AI1MOD16 PEL - Gt Line DE","og_description":"Der Werkzeugkoffer AI1MOD16 PEL ist die ideale Wahl f\u00fcr alle, die die Praktikabilit\u00e4t eines kompakten Profibeh\u00e4lters mit der Effizienz eines perfekt organisierten Werkzeugkoffers kombinieren m\u00f6chten. Ausgestattet mit zwei Innentafeln mit Elastikb\u00e4ndern, erm\u00f6glicht dieser Profikoffer die geordnete und sichere Aufbewahrung von Handwerkzeugen aller Art \u2013 f\u00fcr schnellen und unmittelbaren Zugriff im t\u00e4glichen Einsatz. Der AI1MOD16 PEL ist ein integraler Bestandteil des modularen AI1MOD-Systems, vollst\u00e4ndig kompatibel mit dem bekannten ALL IN ONE-Trolley-Werkzeugkoffer von GT Line, kann jedoch auch eigenst\u00e4ndig verwendet werden. Das patentierte Lock-Unlock-System erm\u00f6glicht das schnelle Verbinden und L\u00f6sen der Module in wenigen Sekunden und verwandelt jede Konfiguration in einen ma\u00dfgeschneiderten, professionellen Werkzeugkoffer. Dank der integrierten INTELLIRESPOND-Technologie k\u00f6nnen Sie Ihre Werkzeuge digital verwalten und \u00fcberwachen \u2013 direkt \u00fcber Smartphone oder Tablet f\u00fcr maximale Kontrolle und Effizienz.","og_url":"https:\/\/www.gtline.com\/de\/products\/gt-line-werkzeugkoffer-ai1mod16-pel\/","og_site_name":"Gt Line DE","article_publisher":"https:\/\/www.facebook.com\/gtlinesrl?locale=it_IT","article_modified_time":"2026-04-17T02:11:23+00:00","og_image":[{"width":500,"height":500,"url":"https:\/\/www.gtline.com\/de\/wp-content\/uploads\/sites\/5\/2025\/05\/AI1MOD16_PEL_01_9089.jpg","type":"image\/jpeg"}],"twitter_card":"summary_large_image","twitter_misc":{"Gesch\u00e4tzte Lesezeit":"1\u00a0Minute"},"schema":{"@context":"https:\/\/schema.org","@graph":[{"@type":"WebPage","@id":"https:\/\/www.gtline.com\/de\/products\/gt-line-werkzeugkoffer-ai1mod16-pel\/","url":"https:\/\/www.gtline.com\/de\/products\/gt-line-werkzeugkoffer-ai1mod16-pel\/","name":"GT Line Werkzeugkoffer AI1MOD16 PEL - Gt Line DE","isPartOf":{"@id":"https:\/\/www.gtline.com\/de\/#website"},"primaryImageOfPage":{"@id":"https:\/\/www.gtline.com\/de\/products\/gt-line-werkzeugkoffer-ai1mod16-pel\/#primaryimage"},"image":{"@id":"https:\/\/www.gtline.com\/de\/products\/gt-line-werkzeugkoffer-ai1mod16-pel\/#primaryimage"},"thumbnailUrl":"https:\/\/www.gtline.com\/de\/wp-content\/uploads\/sites\/5\/2025\/05\/AI1MOD16_PEL_01_9089.jpg","datePublished":"2025-07-30T10:23:15+00:00","dateModified":"2026-04-17T02:11:23+00:00","breadcrumb":{"@id":"https:\/\/www.gtline.com\/de\/products\/gt-line-werkzeugkoffer-ai1mod16-pel\/#breadcrumb"},"inLanguage":"de","potentialAction":[{"@type":"ReadAction","target":["https:\/\/www.gtline.com\/de\/products\/gt-line-werkzeugkoffer-ai1mod16-pel\/"]}]},{"@type":"ImageObject","inLanguage":"de","@id":"https:\/\/www.gtline.com\/de\/products\/gt-line-werkzeugkoffer-ai1mod16-pel\/#primaryimage","url":"https:\/\/www.gtline.com\/de\/wp-content\/uploads\/sites\/5\/2025\/05\/AI1MOD16_PEL_01_9089.jpg","contentUrl":"https:\/\/www.gtline.com\/de\/wp-content\/uploads\/sites\/5\/2025\/05\/AI1MOD16_PEL_01_9089.jpg","width":500,"height":500},{"@type":"BreadcrumbList","@id":"https:\/\/www.gtline.com\/de\/products\/gt-line-werkzeugkoffer-ai1mod16-pel\/#breadcrumb","itemListElement":[{"@type":"ListItem","position":1,"name":"Home","item":"https:\/\/www.gtline.com\/de\/"},{"@type":"ListItem","position":2,"name":"Shop","item":"https:\/\/www.gtline.com\/de\/negozio\/"},{"@type":"ListItem","position":3,"name":"GT Line Werkzeugkoffer AI1MOD16 PEL"}]},{"@type":"WebSite","@id":"https:\/\/www.gtline.com\/de\/#website","url":"https:\/\/www.gtline.com\/de\/","name":"Gt Line","description":"","publisher":{"@id":"https:\/\/www.gtline.com\/de\/#organization"},"potentialAction":[{"@type":"SearchAction","target":{"@type":"EntryPoint","urlTemplate":"https:\/\/www.gtline.com\/de\/?s={search_term_string}"},"query-input":{"@type":"PropertyValueSpecification","valueRequired":true,"valueName":"search_term_string"}}],"inLanguage":"de"},{"@type":"Organization","@id":"https:\/\/www.gtline.com\/de\/#organization","name":"Gt Line","url":"https:\/\/www.gtline.com\/de\/","logo":{"@type":"ImageObject","inLanguage":"de","@id":"https:\/\/www.gtline.com\/de\/#\/schema\/logo\/image\/","url":"https:\/\/www.gtline.com\/de\/wp-content\/uploads\/sites\/5\/2025\/02\/logo.png","contentUrl":"https:\/\/www.gtline.com\/de\/wp-content\/uploads\/sites\/5\/2025\/02\/logo.png","width":228,"height":146,"caption":"Gt Line"},"image":{"@id":"https:\/\/www.gtline.com\/de\/#\/schema\/logo\/image\/"},"sameAs":["https:\/\/www.facebook.com\/gtlinesrl?locale=it_IT","https:\/\/www.instagram.com\/gt_line_srl\/","https:\/\/www.youtube.com\/channel\/UCDvpkFqswNJOVFz64PkYRQQ","https:\/\/www.linkedin.com\/company\/gt-line-srl\/"]}]}},"_links":{"self":[{"href":"https:\/\/www.gtline.com\/de\/wp-json\/wp\/v2\/product\/16992","targetHints":{"allow":["GET"]}}],"collection":[{"href":"https:\/\/www.gtline.com\/de\/wp-json\/wp\/v2\/product"}],"about":[{"href":"https:\/\/www.gtline.com\/de\/wp-json\/wp\/v2\/types\/product"}],"replies":[{"embeddable":true,"href":"https:\/\/www.gtline.com\/de\/wp-json\/wp\/v2\/comments?post=16992"}],"version-history":[{"count":2,"href":"https:\/\/www.gtline.com\/de\/wp-json\/wp\/v2\/product\/16992\/revisions"}],"predecessor-version":[{"id":22269,"href":"https:\/\/www.gtline.com\/de\/wp-json\/wp\/v2\/product\/16992\/revisions\/22269"}],"wp:featuredmedia":[{"embeddable":true,"href":"https:\/\/www.gtline.com\/de\/wp-json\/wp\/v2\/media\/9150"}],"wp:attachment":[{"href":"https:\/\/www.gtline.com\/de\/wp-json\/wp\/v2\/media?parent=16992"}],"wp:term":[{"taxonomy":"product_brand","embeddable":true,"href":"https:\/\/www.gtline.com\/de\/wp-json\/wp\/v2\/product_brand?post=16992"},{"taxonomy":"product_cat","embeddable":true,"href":"https:\/\/www.gtline.com\/de\/wp-json\/wp\/v2\/product_cat?post=16992"},{"taxonomy":"product_tag","embeddable":true,"href":"https:\/\/www.gtline.com\/de\/wp-json\/wp\/v2\/product_tag?post=16992"}],"curies":[{"name":"wp","href":"https:\/\/api.w.org\/{rel}","templated":true}]}}