{"id":16994,"date":"2025-07-30T10:23:21","date_gmt":"2025-07-30T10:23:21","guid":{"rendered":"https:\/\/www.gtline.com\/de\/prodotto\/gt-line-werkzeugkoffer-ai1mod16-pts\/"},"modified":"2026-04-17T02:11:28","modified_gmt":"2026-04-17T02:11:28","slug":"gt-line-werkzeugkoffer-ai1mod16-pts","status":"publish","type":"product","link":"https:\/\/www.gtline.com\/de\/products\/gt-line-werkzeugkoffer-ai1mod16-pts\/","title":{"rendered":"GT Line Werkzeugkoffer AI1MOD16 PTS"},"content":{"rendered":"<p>1. Flexibilit\u00e4t und Ordnung mit FLEXI POUCHES\u2122<br \/>\nDie beiden Innenverkleidungen mit flexiblen Taschen erm\u00f6glichen es, manuelle Werkzeuge schnell, sichtbar und individuell zu verstauen und zu organisieren, was die Betriebseffizienz verbessert.<br \/>\n2. Kompakte, leichte und extrem langlebige Struktur<br \/>\nHergestellt aus hochfestem Polypropylen im Spritzgussverfahren, bietet das Geh\u00e4use Robustheit in rauen Umgebungen bei gleichzeitig geringem Gewicht von 4,11 kg.<br \/>\n3. Modulares System AI1MOD, kompatibel mit ALL IN ONE<br \/>\nEr kann unabh\u00e4ngig voneinander verwendet oder mit anderen Modulen gestapelt werden, um einen professionellen Container auf R\u00e4dern zu schaffen, der sich ideal f\u00fcr mobile Werkst\u00e4tten und Au\u00dfendienstmitarbeiter eignet.<br \/>\n4. Patentiertes Lock-Unlock-System f\u00fcr schnelle Verbindung<br \/>\nDer praktische Druckknopfmechanismus erm\u00f6glicht das anschlie\u00dfende oder trennende Verbinden oder Trennen der Module und erleichtert so den Transport und die Konfiguration.<br \/>\n5. Abw\u00e4rtskompatibilit\u00e4t dank der AI1LID-Abdeckung<br \/>\nDas Modul ist abw\u00e4rtskompatibel mit fr\u00fcheren Generationen von ALL IN ONE-Wagen, die mit dem neuen Deckel aufger\u00fcstet werden k\u00f6nnen, um Kontinuit\u00e4t und Vielseitigkeit der Verwendung zu gew\u00e4hrleisten.<br \/>\n6. Integriertes digitales Management mit INTELLIRESPOND<br \/>\nDie kostenlose App erm\u00f6glicht die \u00dcberwachung, Bestandsverwaltung und Steuerung von Werkzeugen per Smartphone oder Tablet. Erfahren Sie mehr unter www.intellirespond.com.<br \/>\n7. Optimale Abmessungen f\u00fcr Transport und Integration<br \/>\nMit Au\u00dfenma\u00dfen von 585 x 369 x 198 mm ist der Koffer leicht stapelbar und eignet sich perfekt f\u00fcr ausgestattete Fahrzeuge, professionelle Regale und mobile Systeme.<\/p>\n","protected":false},"excerpt":{"rendered":"<p>Der <strong data-start=\"350\" data-end=\"381\">Werkzeugkoffer AI1MOD16 PTS<\/strong> bietet eine praktische und professionelle Aufbewahrungsl\u00f6sung f\u00fcr alle, die einen <strong data-start=\"464\" data-end=\"523\">kompakten, widerstandsf\u00e4higen und perfekt organisierten<\/strong> Beh\u00e4lter ben\u00f6tigen.<\/p>\n<p>Ausgestattet mit <strong data-start=\"646\" data-end=\"688\">zwei Werkzeugtafeln mit FLEXI POUCHES\u2122<\/strong>, erm\u00f6glicht dieser Profikoffer eine <strong data-start=\"725\" data-end=\"762\">flexible und sichere Aufbewahrung<\/strong> von Handwerkzeugen unterschiedlicher Gr\u00f6\u00dfen, sodass jedes Werkzeug <strong data-start=\"830\" data-end=\"863\">schnell und bequem erreichbar<\/strong> ist.<\/p>\n<p>Der <strong data-start=\"953\" data-end=\"969\">AI1MOD16 PTS<\/strong> ist ein <strong data-start=\"978\" data-end=\"1033\">integraler Bestandteil des modularen AI1MOD-Systems<\/strong> und kann sowohl <strong data-start=\"1050\" data-end=\"1076\">eigenst\u00e4ndig verwendet<\/strong> als auch mithilfe des <strong data-start=\"1099\" data-end=\"1135\">patentierten Lock-Unlock-Systems<\/strong> mit anderen Modulen des <strong data-start=\"1160\" data-end=\"1198\">Trolley-Werkzeugkoffers ALL IN ONE<\/strong> kombiniert werden.<\/p>\n<p>Gefertigt aus <strong data-start=\"1304\" data-end=\"1354\">sto\u00dffestem Polypropylen im Spritzgussverfahren<\/strong>, bietet der Koffer hohe Stabilit\u00e4t und Langlebigkeit. In Kombination mit dem <strong data-start=\"1432\" data-end=\"1449\">Deckel AI1LID<\/strong> ist er auch <strong data-start=\"1462\" data-end=\"1525\">mit Trolley-Werkzeugkoffern \u00e4lterer Generationen kompatibel<\/strong>.<\/p>\n<p>Dank der <strong data-start=\"1617\" data-end=\"1660\">integrierten INTELLIRESPOND-Technologie<\/strong> k\u00f6nnen die Inhalte des Koffers <strong data-start=\"1692\" data-end=\"1729\">intelligent und digital verwaltet<\/strong> werden \u2013 direkt \u00fcber <strong data-start=\"1751\" data-end=\"1777\">Smartphone oder Tablet<\/strong>, f\u00fcr maximale Kontrolle und Effizienz im Arbeitsalltag.<\/p>\n","protected":false},"featured_media":9162,"comment_status":"open","ping_status":"closed","template":"","meta":{"_acf_changed":false},"product_brand":[],"product_cat":[231],"product_tag":[],"class_list":{"0":"post-16994","1":"product","2":"type-product","3":"status-publish","4":"has-post-thumbnail","6":"product_cat-impilabili","7":"pa_anwendungen-alle","8":"pa_anwendungen-koffer-und-taschen-fur-betreuer","9":"pa_anwendungen-koffer-und-taschen-fur-die-luft-und-raumfahrtbranche-mro","10":"pa_anwendungen-koffer-und-taschen-fur-elektriker","11":"pa_anwendungen-koffer-und-taschen-fur-installateure","12":"pa_anwendungen-koffer-und-taschen-fur-servicetechniker","13":"pa_produkttyp-werkzeugkoffer","14":"pa_produkttyp-all-in-one-modular-system","16":"first","17":"instock","18":"shipping-taxable","19":"purchasable","20":"product-type-simple"},"acf":[],"yoast_head":"<!-- This site is optimized with the Yoast SEO plugin v25.4 - https:\/\/yoast.com\/wordpress\/plugins\/seo\/ -->\n<title>GT Line Werkzeugkoffer AI1MOD16 PTS - Gt Line DE<\/title>\n<meta name=\"robots\" content=\"index, follow, max-snippet:-1, max-image-preview:large, max-video-preview:-1\" \/>\n<link rel=\"canonical\" href=\"https:\/\/www.gtline.com\/de\/products\/gt-line-werkzeugkoffer-ai1mod16-pts\/\" \/>\n<meta property=\"og:locale\" content=\"de_DE\" \/>\n<meta property=\"og:type\" content=\"article\" \/>\n<meta property=\"og:title\" content=\"GT Line Werkzeugkoffer AI1MOD16 PTS - Gt Line DE\" \/>\n<meta property=\"og:description\" content=\"Der Werkzeugkoffer AI1MOD16 PTS bietet eine praktische und professionelle Aufbewahrungsl\u00f6sung f\u00fcr alle, die einen kompakten, widerstandsf\u00e4higen und perfekt organisierten Beh\u00e4lter ben\u00f6tigen. Ausgestattet mit zwei Werkzeugtafeln mit FLEXI POUCHES\u2122, erm\u00f6glicht dieser Profikoffer eine flexible und sichere Aufbewahrung von Handwerkzeugen unterschiedlicher Gr\u00f6\u00dfen, sodass jedes Werkzeug schnell und bequem erreichbar ist. Der AI1MOD16 PTS ist ein integraler Bestandteil des modularen AI1MOD-Systems und kann sowohl eigenst\u00e4ndig verwendet als auch mithilfe des patentierten Lock-Unlock-Systems mit anderen Modulen des Trolley-Werkzeugkoffers ALL IN ONE kombiniert werden. Gefertigt aus sto\u00dffestem Polypropylen im Spritzgussverfahren, bietet der Koffer hohe Stabilit\u00e4t und Langlebigkeit. In Kombination mit dem Deckel AI1LID ist er auch mit Trolley-Werkzeugkoffern \u00e4lterer Generationen kompatibel. Dank der integrierten INTELLIRESPOND-Technologie k\u00f6nnen die Inhalte des Koffers intelligent und digital verwaltet werden \u2013 direkt \u00fcber Smartphone oder Tablet, f\u00fcr maximale Kontrolle und Effizienz im Arbeitsalltag.\" \/>\n<meta property=\"og:url\" content=\"https:\/\/www.gtline.com\/de\/products\/gt-line-werkzeugkoffer-ai1mod16-pts\/\" \/>\n<meta property=\"og:site_name\" content=\"Gt Line DE\" \/>\n<meta property=\"article:publisher\" content=\"https:\/\/www.facebook.com\/gtlinesrl?locale=it_IT\" \/>\n<meta property=\"article:modified_time\" content=\"2026-04-17T02:11:28+00:00\" \/>\n<meta property=\"og:image\" content=\"https:\/\/www.gtline.com\/de\/wp-content\/uploads\/sites\/5\/2025\/05\/AI1MOD16_PTS_01_9090.jpg\" \/>\n\t<meta property=\"og:image:width\" content=\"500\" \/>\n\t<meta property=\"og:image:height\" content=\"500\" \/>\n\t<meta property=\"og:image:type\" content=\"image\/jpeg\" \/>\n<meta name=\"twitter:card\" content=\"summary_large_image\" \/>\n<meta name=\"twitter:label1\" content=\"Gesch\u00e4tzte Lesezeit\" \/>\n\t<meta name=\"twitter:data1\" content=\"1\u00a0Minute\" \/>\n<script type=\"application\/ld+json\" class=\"yoast-schema-graph\">{\"@context\":\"https:\/\/schema.org\",\"@graph\":[{\"@type\":\"WebPage\",\"@id\":\"https:\/\/www.gtline.com\/de\/products\/gt-line-werkzeugkoffer-ai1mod16-pts\/\",\"url\":\"https:\/\/www.gtline.com\/de\/products\/gt-line-werkzeugkoffer-ai1mod16-pts\/\",\"name\":\"GT Line Werkzeugkoffer AI1MOD16 PTS - Gt Line DE\",\"isPartOf\":{\"@id\":\"https:\/\/www.gtline.com\/de\/#website\"},\"primaryImageOfPage\":{\"@id\":\"https:\/\/www.gtline.com\/de\/products\/gt-line-werkzeugkoffer-ai1mod16-pts\/#primaryimage\"},\"image\":{\"@id\":\"https:\/\/www.gtline.com\/de\/products\/gt-line-werkzeugkoffer-ai1mod16-pts\/#primaryimage\"},\"thumbnailUrl\":\"https:\/\/www.gtline.com\/de\/wp-content\/uploads\/sites\/5\/2025\/05\/AI1MOD16_PTS_01_9090.jpg\",\"datePublished\":\"2025-07-30T10:23:21+00:00\",\"dateModified\":\"2026-04-17T02:11:28+00:00\",\"breadcrumb\":{\"@id\":\"https:\/\/www.gtline.com\/de\/products\/gt-line-werkzeugkoffer-ai1mod16-pts\/#breadcrumb\"},\"inLanguage\":\"de\",\"potentialAction\":[{\"@type\":\"ReadAction\",\"target\":[\"https:\/\/www.gtline.com\/de\/products\/gt-line-werkzeugkoffer-ai1mod16-pts\/\"]}]},{\"@type\":\"ImageObject\",\"inLanguage\":\"de\",\"@id\":\"https:\/\/www.gtline.com\/de\/products\/gt-line-werkzeugkoffer-ai1mod16-pts\/#primaryimage\",\"url\":\"https:\/\/www.gtline.com\/de\/wp-content\/uploads\/sites\/5\/2025\/05\/AI1MOD16_PTS_01_9090.jpg\",\"contentUrl\":\"https:\/\/www.gtline.com\/de\/wp-content\/uploads\/sites\/5\/2025\/05\/AI1MOD16_PTS_01_9090.jpg\",\"width\":500,\"height\":500},{\"@type\":\"BreadcrumbList\",\"@id\":\"https:\/\/www.gtline.com\/de\/products\/gt-line-werkzeugkoffer-ai1mod16-pts\/#breadcrumb\",\"itemListElement\":[{\"@type\":\"ListItem\",\"position\":1,\"name\":\"Home\",\"item\":\"https:\/\/www.gtline.com\/de\/\"},{\"@type\":\"ListItem\",\"position\":2,\"name\":\"Shop\",\"item\":\"https:\/\/www.gtline.com\/de\/negozio\/\"},{\"@type\":\"ListItem\",\"position\":3,\"name\":\"GT Line Werkzeugkoffer AI1MOD16 PTS\"}]},{\"@type\":\"WebSite\",\"@id\":\"https:\/\/www.gtline.com\/de\/#website\",\"url\":\"https:\/\/www.gtline.com\/de\/\",\"name\":\"Gt Line\",\"description\":\"\",\"publisher\":{\"@id\":\"https:\/\/www.gtline.com\/de\/#organization\"},\"potentialAction\":[{\"@type\":\"SearchAction\",\"target\":{\"@type\":\"EntryPoint\",\"urlTemplate\":\"https:\/\/www.gtline.com\/de\/?s={search_term_string}\"},\"query-input\":{\"@type\":\"PropertyValueSpecification\",\"valueRequired\":true,\"valueName\":\"search_term_string\"}}],\"inLanguage\":\"de\"},{\"@type\":\"Organization\",\"@id\":\"https:\/\/www.gtline.com\/de\/#organization\",\"name\":\"Gt Line\",\"url\":\"https:\/\/www.gtline.com\/de\/\",\"logo\":{\"@type\":\"ImageObject\",\"inLanguage\":\"de\",\"@id\":\"https:\/\/www.gtline.com\/de\/#\/schema\/logo\/image\/\",\"url\":\"https:\/\/www.gtline.com\/de\/wp-content\/uploads\/sites\/5\/2025\/02\/logo.png\",\"contentUrl\":\"https:\/\/www.gtline.com\/de\/wp-content\/uploads\/sites\/5\/2025\/02\/logo.png\",\"width\":228,\"height\":146,\"caption\":\"Gt Line\"},\"image\":{\"@id\":\"https:\/\/www.gtline.com\/de\/#\/schema\/logo\/image\/\"},\"sameAs\":[\"https:\/\/www.facebook.com\/gtlinesrl?locale=it_IT\",\"https:\/\/www.instagram.com\/gt_line_srl\/\",\"https:\/\/www.youtube.com\/channel\/UCDvpkFqswNJOVFz64PkYRQQ\",\"https:\/\/www.linkedin.com\/company\/gt-line-srl\/\"]}]}<\/script>\n<!-- \/ Yoast SEO plugin. -->","yoast_head_json":{"title":"GT Line Werkzeugkoffer AI1MOD16 PTS - Gt Line DE","robots":{"index":"index","follow":"follow","max-snippet":"max-snippet:-1","max-image-preview":"max-image-preview:large","max-video-preview":"max-video-preview:-1"},"canonical":"https:\/\/www.gtline.com\/de\/products\/gt-line-werkzeugkoffer-ai1mod16-pts\/","og_locale":"de_DE","og_type":"article","og_title":"GT Line Werkzeugkoffer AI1MOD16 PTS - Gt Line DE","og_description":"Der Werkzeugkoffer AI1MOD16 PTS bietet eine praktische und professionelle Aufbewahrungsl\u00f6sung f\u00fcr alle, die einen kompakten, widerstandsf\u00e4higen und perfekt organisierten Beh\u00e4lter ben\u00f6tigen. Ausgestattet mit zwei Werkzeugtafeln mit FLEXI POUCHES\u2122, erm\u00f6glicht dieser Profikoffer eine flexible und sichere Aufbewahrung von Handwerkzeugen unterschiedlicher Gr\u00f6\u00dfen, sodass jedes Werkzeug schnell und bequem erreichbar ist. Der AI1MOD16 PTS ist ein integraler Bestandteil des modularen AI1MOD-Systems und kann sowohl eigenst\u00e4ndig verwendet als auch mithilfe des patentierten Lock-Unlock-Systems mit anderen Modulen des Trolley-Werkzeugkoffers ALL IN ONE kombiniert werden. Gefertigt aus sto\u00dffestem Polypropylen im Spritzgussverfahren, bietet der Koffer hohe Stabilit\u00e4t und Langlebigkeit. In Kombination mit dem Deckel AI1LID ist er auch mit Trolley-Werkzeugkoffern \u00e4lterer Generationen kompatibel. Dank der integrierten INTELLIRESPOND-Technologie k\u00f6nnen die Inhalte des Koffers intelligent und digital verwaltet werden \u2013 direkt \u00fcber Smartphone oder Tablet, f\u00fcr maximale Kontrolle und Effizienz im Arbeitsalltag.","og_url":"https:\/\/www.gtline.com\/de\/products\/gt-line-werkzeugkoffer-ai1mod16-pts\/","og_site_name":"Gt Line DE","article_publisher":"https:\/\/www.facebook.com\/gtlinesrl?locale=it_IT","article_modified_time":"2026-04-17T02:11:28+00:00","og_image":[{"width":500,"height":500,"url":"https:\/\/www.gtline.com\/de\/wp-content\/uploads\/sites\/5\/2025\/05\/AI1MOD16_PTS_01_9090.jpg","type":"image\/jpeg"}],"twitter_card":"summary_large_image","twitter_misc":{"Gesch\u00e4tzte Lesezeit":"1\u00a0Minute"},"schema":{"@context":"https:\/\/schema.org","@graph":[{"@type":"WebPage","@id":"https:\/\/www.gtline.com\/de\/products\/gt-line-werkzeugkoffer-ai1mod16-pts\/","url":"https:\/\/www.gtline.com\/de\/products\/gt-line-werkzeugkoffer-ai1mod16-pts\/","name":"GT Line Werkzeugkoffer AI1MOD16 PTS - Gt Line DE","isPartOf":{"@id":"https:\/\/www.gtline.com\/de\/#website"},"primaryImageOfPage":{"@id":"https:\/\/www.gtline.com\/de\/products\/gt-line-werkzeugkoffer-ai1mod16-pts\/#primaryimage"},"image":{"@id":"https:\/\/www.gtline.com\/de\/products\/gt-line-werkzeugkoffer-ai1mod16-pts\/#primaryimage"},"thumbnailUrl":"https:\/\/www.gtline.com\/de\/wp-content\/uploads\/sites\/5\/2025\/05\/AI1MOD16_PTS_01_9090.jpg","datePublished":"2025-07-30T10:23:21+00:00","dateModified":"2026-04-17T02:11:28+00:00","breadcrumb":{"@id":"https:\/\/www.gtline.com\/de\/products\/gt-line-werkzeugkoffer-ai1mod16-pts\/#breadcrumb"},"inLanguage":"de","potentialAction":[{"@type":"ReadAction","target":["https:\/\/www.gtline.com\/de\/products\/gt-line-werkzeugkoffer-ai1mod16-pts\/"]}]},{"@type":"ImageObject","inLanguage":"de","@id":"https:\/\/www.gtline.com\/de\/products\/gt-line-werkzeugkoffer-ai1mod16-pts\/#primaryimage","url":"https:\/\/www.gtline.com\/de\/wp-content\/uploads\/sites\/5\/2025\/05\/AI1MOD16_PTS_01_9090.jpg","contentUrl":"https:\/\/www.gtline.com\/de\/wp-content\/uploads\/sites\/5\/2025\/05\/AI1MOD16_PTS_01_9090.jpg","width":500,"height":500},{"@type":"BreadcrumbList","@id":"https:\/\/www.gtline.com\/de\/products\/gt-line-werkzeugkoffer-ai1mod16-pts\/#breadcrumb","itemListElement":[{"@type":"ListItem","position":1,"name":"Home","item":"https:\/\/www.gtline.com\/de\/"},{"@type":"ListItem","position":2,"name":"Shop","item":"https:\/\/www.gtline.com\/de\/negozio\/"},{"@type":"ListItem","position":3,"name":"GT Line Werkzeugkoffer AI1MOD16 PTS"}]},{"@type":"WebSite","@id":"https:\/\/www.gtline.com\/de\/#website","url":"https:\/\/www.gtline.com\/de\/","name":"Gt Line","description":"","publisher":{"@id":"https:\/\/www.gtline.com\/de\/#organization"},"potentialAction":[{"@type":"SearchAction","target":{"@type":"EntryPoint","urlTemplate":"https:\/\/www.gtline.com\/de\/?s={search_term_string}"},"query-input":{"@type":"PropertyValueSpecification","valueRequired":true,"valueName":"search_term_string"}}],"inLanguage":"de"},{"@type":"Organization","@id":"https:\/\/www.gtline.com\/de\/#organization","name":"Gt Line","url":"https:\/\/www.gtline.com\/de\/","logo":{"@type":"ImageObject","inLanguage":"de","@id":"https:\/\/www.gtline.com\/de\/#\/schema\/logo\/image\/","url":"https:\/\/www.gtline.com\/de\/wp-content\/uploads\/sites\/5\/2025\/02\/logo.png","contentUrl":"https:\/\/www.gtline.com\/de\/wp-content\/uploads\/sites\/5\/2025\/02\/logo.png","width":228,"height":146,"caption":"Gt Line"},"image":{"@id":"https:\/\/www.gtline.com\/de\/#\/schema\/logo\/image\/"},"sameAs":["https:\/\/www.facebook.com\/gtlinesrl?locale=it_IT","https:\/\/www.instagram.com\/gt_line_srl\/","https:\/\/www.youtube.com\/channel\/UCDvpkFqswNJOVFz64PkYRQQ","https:\/\/www.linkedin.com\/company\/gt-line-srl\/"]}]}},"_links":{"self":[{"href":"https:\/\/www.gtline.com\/de\/wp-json\/wp\/v2\/product\/16994","targetHints":{"allow":["GET"]}}],"collection":[{"href":"https:\/\/www.gtline.com\/de\/wp-json\/wp\/v2\/product"}],"about":[{"href":"https:\/\/www.gtline.com\/de\/wp-json\/wp\/v2\/types\/product"}],"replies":[{"embeddable":true,"href":"https:\/\/www.gtline.com\/de\/wp-json\/wp\/v2\/comments?post=16994"}],"version-history":[{"count":2,"href":"https:\/\/www.gtline.com\/de\/wp-json\/wp\/v2\/product\/16994\/revisions"}],"predecessor-version":[{"id":22270,"href":"https:\/\/www.gtline.com\/de\/wp-json\/wp\/v2\/product\/16994\/revisions\/22270"}],"wp:featuredmedia":[{"embeddable":true,"href":"https:\/\/www.gtline.com\/de\/wp-json\/wp\/v2\/media\/9162"}],"wp:attachment":[{"href":"https:\/\/www.gtline.com\/de\/wp-json\/wp\/v2\/media?parent=16994"}],"wp:term":[{"taxonomy":"product_brand","embeddable":true,"href":"https:\/\/www.gtline.com\/de\/wp-json\/wp\/v2\/product_brand?post=16994"},{"taxonomy":"product_cat","embeddable":true,"href":"https:\/\/www.gtline.com\/de\/wp-json\/wp\/v2\/product_cat?post=16994"},{"taxonomy":"product_tag","embeddable":true,"href":"https:\/\/www.gtline.com\/de\/wp-json\/wp\/v2\/product_tag?post=16994"}],"curies":[{"name":"wp","href":"https:\/\/api.w.org\/{rel}","templated":true}]}}