{"id":16998,"date":"2025-07-30T10:23:32","date_gmt":"2025-07-30T10:23:32","guid":{"rendered":"https:\/\/www.gtline.com\/de\/prodotto\/gt-line-werkzeugkoffer-aimod31\/"},"modified":"2026-04-17T02:11:44","modified_gmt":"2026-04-17T02:11:44","slug":"gt-line-werkzeugkoffer-aimod31","status":"publish","type":"product","link":"https:\/\/www.gtline.com\/de\/products\/gt-line-werkzeugkoffer-aimod31\/","title":{"rendered":"GT Line Werkzeugkoffer AIMOD31"},"content":{"rendered":"<p data-start=\"335\" data-end=\"616\"><strong>1. Zus\u00e4tzliche Kapazit\u00e4t f\u00fcr sperrige Werkzeuge oder Elektrowerkzeuge<\/strong><br \/><br data-start=\"425\" data-end=\"428\">Die <strong data-start=\"432\" data-end=\"444\">AI1MOD31<\/strong> ist die ideale L\u00f6sung f\u00fcr alle, die <strong data-start=\"481\" data-end=\"498\">mehr Stauraum<\/strong> innerhalb ihres Transportsystems ben\u00f6tigen \u2013 ein <strong data-start=\"548\" data-end=\"609\">professioneller Beh\u00e4lter f\u00fcr gro\u00dfe oder schwere Werkzeuge<\/strong>.<\/p>\n<p data-start=\"618\" data-end=\"887\"><strong>2. Einzeln oder in Kombination mit anderen Modulen verwendbar<\/strong><br \/><br data-start=\"700\" data-end=\"703\">Kann <strong data-start=\"708\" data-end=\"743\">eigenst\u00e4ndig als Werkzeugkoffer<\/strong> genutzt oder <strong data-start=\"757\" data-end=\"807\">mit anderen Modulen der AI1MOD-Serie gestapelt<\/strong> werden, um ein <strong data-start=\"823\" data-end=\"868\">modulares und mobiles Aufbewahrungssystem<\/strong> zu schaffen.<\/p>\n<p data-start=\"889\" data-end=\"1147\"><strong>3. Herausnehmbare Innenschublade f\u00fcr flexible Organisation<\/strong><br \/><br data-start=\"968\" data-end=\"971\">Der Innenraum enth\u00e4lt eine <strong data-start=\"998\" data-end=\"1033\">gro\u00dfe, herausnehmbare Schublade<\/strong>, ideal zur <strong data-start=\"1045\" data-end=\"1111\">geordneten Aufbewahrung von Werkzeugen, Zubeh\u00f6r oder Bauteilen<\/strong>, auch w\u00e4hrend des Transports.<\/p>\n<p data-start=\"1149\" data-end=\"1397\"><strong>4. Patentiertes Lock-Unlock-System f\u00fcr schnelles Stapeln<\/strong><br \/><br data-start=\"1226\" data-end=\"1229\">Ein praktischer Entriegelungsknopf erm\u00f6glicht das <strong data-start=\"1279\" data-end=\"1324\">schnelle Verbinden und Trennen der Module<\/strong>, was die <strong data-start=\"1334\" data-end=\"1369\">Handhabung im t\u00e4glichen Einsatz<\/strong> deutlich erleichtert.<\/p>\n<p data-start=\"1399\" data-end=\"1662\"><strong>5. Kompatibilit\u00e4t mit \u00e4lteren ALL IN ONE-Versionen<\/strong><br \/><br data-start=\"1470\" data-end=\"1473\">Mit dem <strong data-start=\"1481\" data-end=\"1498\">AI1LID-Deckel<\/strong> kann die <strong data-start=\"1508\" data-end=\"1520\">AI1MOD31<\/strong> auch mit <strong data-start=\"1530\" data-end=\"1579\">Trolley-Werkzeugkoffern fr\u00fcherer Generationen<\/strong> kombiniert werden \u2013 f\u00fcr <strong data-start=\"1604\" data-end=\"1655\">maximale Kontinuit\u00e4t und Investitionssicherheit<\/strong>.<\/p>\n<p data-start=\"1664\" data-end=\"1902\"><strong>6. Robuste, aber leichte Struktur<\/strong><br \/><br data-start=\"1718\" data-end=\"1721\">Gefertigt aus <strong data-start=\"1735\" data-end=\"1762\">sto\u00dffestem Polypropylen<\/strong>, wiegt sie nur <strong data-start=\"1778\" data-end=\"1789\">4,79 kg<\/strong> und bietet <strong data-start=\"1801\" data-end=\"1842\">optimalen Schutz bei geringem Gewicht<\/strong> \u2013 perfekt f\u00fcr den t\u00e4glichen, professionellen Einsatz.<\/p>\n<p data-start=\"1904\" data-end=\"2181\"><strong>7. Digitale Verwaltung mit INTELLIRESPOND-Technologie<\/strong><br \/><br data-start=\"1978\" data-end=\"1981\">Mit der kostenlosen <strong data-start=\"2001\" data-end=\"2023\">INTELLIRESPOND-App<\/strong> lassen sich die Inhalte des Koffers <strong data-start=\"2060\" data-end=\"2133\">\u00fcber Smartphone oder Tablet verwalten, inventarisieren und \u00fcberwachen<\/strong>. Mehr Infos unter www.intellirespond.com.<\/p>\n<p data-start=\"2183\" data-end=\"2466\"><strong>8. Ideale Abmessungen f\u00fcr Transport und modulare Integration<\/strong><br \/><br data-start=\"2264\" data-end=\"2267\">Die <strong data-start=\"2271\" data-end=\"2315\">kompakten Au\u00dfenma\u00dfe (585 x 369 x 348 mm)<\/strong> erm\u00f6glichen eine <strong data-start=\"2333\" data-end=\"2377\">perfekte Kombination mit anderen Modulen<\/strong>der Serie und erleichtern den <strong data-start=\"2408\" data-end=\"2459\">Transport in Werkst\u00e4tten oder Servicefahrzeugen<\/strong>.<\/p>\n","protected":false},"excerpt":{"rendered":"<p data-start=\"405\" data-end=\"802\">Die <strong data-start=\"409\" data-end=\"436\">Werkzeugkoffer AI1MOD31<\/strong> ist das <strong data-start=\"445\" data-end=\"468\">Hochkapazit\u00e4tsmodul<\/strong>, das entwickelt wurde, um die <strong data-start=\"499\" data-end=\"531\">ALL IN ONE-Serie von GT Line<\/strong> zu erweitern.<br \/><br data-start=\"545\" data-end=\"548\">Ideal zum Verstauen von <strong data-start=\"572\" data-end=\"648\">Elektrowerkzeugen, zus\u00e4tzlichem Handwerkzeug oder sperrigen Ersatzteilen<\/strong>, kann sie sowohl <strong data-start=\"666\" data-end=\"721\">in Kombination mit dem Haupt-Trolley-Werkzeugkoffer<\/strong> als auch <strong data-start=\"731\" data-end=\"782\">eigenst\u00e4ndig als professioneller Werkzeugkoffer<\/strong> verwendet werden.<\/p>\n<p data-start=\"804\" data-end=\"987\">Hergestellt aus <strong data-start=\"820\" data-end=\"863\">robustem, spritzgegossenem Polypropylen<\/strong>, bietet sie die gleiche <strong data-start=\"888\" data-end=\"922\">Stabilit\u00e4t und Zuverl\u00e4ssigkeit<\/strong>, die das <strong data-start=\"932\" data-end=\"978\">ALL IN ONE-System weltweit bekannt gemacht<\/strong> haben.<\/p>\n<p data-start=\"989\" data-end=\"1240\">Dank des <strong data-start=\"998\" data-end=\"1034\">patentierten Lock-Unlock-Systems<\/strong> l\u00e4sst sich die <strong data-start=\"1050\" data-end=\"1062\">AI1MOD31<\/strong> mit einem einzigen Handgriff <strong data-start=\"1092\" data-end=\"1122\">stapeln und wieder trennen<\/strong>, wodurch ein <strong data-start=\"1136\" data-end=\"1192\">flexibles, modulares und mobiles Aufbewahrungssystem<\/strong> f\u00fcr jede professionelle Anforderung entsteht.<\/p>\n<p data-start=\"1242\" data-end=\"1374\">Der Koffer ist zudem <strong data-start=\"1263\" data-end=\"1300\">kompatibel mit fr\u00fcheren Versionen<\/strong> der ALL IN ONE-Serie durch die Verwendung des neuen <strong data-start=\"1353\" data-end=\"1371\">AI1LID-Deckels<\/strong>.<\/p>\n<p data-start=\"1376\" data-end=\"1572\">Dar\u00fcber hinaus verf\u00fcgt er \u00fcber die <strong data-start=\"1411\" data-end=\"1453\">integrierte INTELLIRESPOND-Technologie<\/strong>, die eine <strong data-start=\"1464\" data-end=\"1509\">digitale Kontrolle und Nachverfolgbarkeit<\/strong> des Inhalts erm\u00f6glicht \u2013 direkt \u00fcber Smartphone oder Tablet.<\/p>\n","protected":false},"featured_media":9186,"comment_status":"open","ping_status":"closed","template":"","meta":{"_acf_changed":false},"product_brand":[],"product_cat":[231],"product_tag":[],"class_list":{"0":"post-16998","1":"product","2":"type-product","3":"status-publish","4":"has-post-thumbnail","6":"product_cat-impilabili","7":"pa_anwendungen-alle","8":"pa_anwendungen-koffer-und-taschen-fur-betreuer","9":"pa_anwendungen-koffer-und-taschen-fur-die-luft-und-raumfahrtbranche-mro","10":"pa_anwendungen-koffer-und-taschen-fur-elektriker","11":"pa_anwendungen-koffer-und-taschen-fur-installateure","12":"pa_anwendungen-koffer-und-taschen-fur-servicetechniker","13":"pa_produkttyp-werkzeugkoffer","14":"pa_produkttyp-all-in-one-modular-system","16":"first","17":"instock","18":"shipping-taxable","19":"purchasable","20":"product-type-simple"},"acf":[],"yoast_head":"<!-- This site is optimized with the Yoast SEO plugin v25.4 - https:\/\/yoast.com\/wordpress\/plugins\/seo\/ -->\n<title>GT Line Werkzeugkoffer AIMOD31 - Gt Line DE<\/title>\n<meta name=\"robots\" content=\"index, follow, max-snippet:-1, max-image-preview:large, max-video-preview:-1\" \/>\n<link rel=\"canonical\" href=\"https:\/\/www.gtline.com\/de\/products\/gt-line-werkzeugkoffer-aimod31\/\" \/>\n<meta property=\"og:locale\" content=\"de_DE\" \/>\n<meta property=\"og:type\" content=\"article\" \/>\n<meta property=\"og:title\" content=\"GT Line Werkzeugkoffer AIMOD31 - Gt Line DE\" \/>\n<meta property=\"og:description\" content=\"Die Werkzeugkoffer AI1MOD31 ist das Hochkapazit\u00e4tsmodul, das entwickelt wurde, um die ALL IN ONE-Serie von GT Line zu erweitern.Ideal zum Verstauen von Elektrowerkzeugen, zus\u00e4tzlichem Handwerkzeug oder sperrigen Ersatzteilen, kann sie sowohl in Kombination mit dem Haupt-Trolley-Werkzeugkoffer als auch eigenst\u00e4ndig als professioneller Werkzeugkoffer verwendet werden. Hergestellt aus robustem, spritzgegossenem Polypropylen, bietet sie die gleiche Stabilit\u00e4t und Zuverl\u00e4ssigkeit, die das ALL IN ONE-System weltweit bekannt gemacht haben. Dank des patentierten Lock-Unlock-Systems l\u00e4sst sich die AI1MOD31 mit einem einzigen Handgriff stapeln und wieder trennen, wodurch ein flexibles, modulares und mobiles Aufbewahrungssystem f\u00fcr jede professionelle Anforderung entsteht. Der Koffer ist zudem kompatibel mit fr\u00fcheren Versionen der ALL IN ONE-Serie durch die Verwendung des neuen AI1LID-Deckels. Dar\u00fcber hinaus verf\u00fcgt er \u00fcber die integrierte INTELLIRESPOND-Technologie, die eine digitale Kontrolle und Nachverfolgbarkeit des Inhalts erm\u00f6glicht \u2013 direkt \u00fcber Smartphone oder Tablet.\" \/>\n<meta property=\"og:url\" content=\"https:\/\/www.gtline.com\/de\/products\/gt-line-werkzeugkoffer-aimod31\/\" \/>\n<meta property=\"og:site_name\" content=\"Gt Line DE\" \/>\n<meta property=\"article:publisher\" content=\"https:\/\/www.facebook.com\/gtlinesrl?locale=it_IT\" \/>\n<meta property=\"article:modified_time\" content=\"2026-04-17T02:11:44+00:00\" \/>\n<meta property=\"og:image\" content=\"https:\/\/www.gtline.com\/de\/wp-content\/uploads\/sites\/5\/2025\/05\/AI1MOD31_01_9092.jpg\" \/>\n\t<meta property=\"og:image:width\" content=\"500\" \/>\n\t<meta property=\"og:image:height\" content=\"500\" \/>\n\t<meta property=\"og:image:type\" content=\"image\/jpeg\" \/>\n<meta name=\"twitter:card\" content=\"summary_large_image\" \/>\n<meta name=\"twitter:label1\" content=\"Gesch\u00e4tzte Lesezeit\" \/>\n\t<meta name=\"twitter:data1\" content=\"1\u00a0Minute\" \/>\n<script type=\"application\/ld+json\" class=\"yoast-schema-graph\">{\"@context\":\"https:\/\/schema.org\",\"@graph\":[{\"@type\":\"WebPage\",\"@id\":\"https:\/\/www.gtline.com\/de\/products\/gt-line-werkzeugkoffer-aimod31\/\",\"url\":\"https:\/\/www.gtline.com\/de\/products\/gt-line-werkzeugkoffer-aimod31\/\",\"name\":\"GT Line Werkzeugkoffer AIMOD31 - Gt Line DE\",\"isPartOf\":{\"@id\":\"https:\/\/www.gtline.com\/de\/#website\"},\"primaryImageOfPage\":{\"@id\":\"https:\/\/www.gtline.com\/de\/products\/gt-line-werkzeugkoffer-aimod31\/#primaryimage\"},\"image\":{\"@id\":\"https:\/\/www.gtline.com\/de\/products\/gt-line-werkzeugkoffer-aimod31\/#primaryimage\"},\"thumbnailUrl\":\"https:\/\/www.gtline.com\/de\/wp-content\/uploads\/sites\/5\/2025\/05\/AI1MOD31_01_9092.jpg\",\"datePublished\":\"2025-07-30T10:23:32+00:00\",\"dateModified\":\"2026-04-17T02:11:44+00:00\",\"breadcrumb\":{\"@id\":\"https:\/\/www.gtline.com\/de\/products\/gt-line-werkzeugkoffer-aimod31\/#breadcrumb\"},\"inLanguage\":\"de\",\"potentialAction\":[{\"@type\":\"ReadAction\",\"target\":[\"https:\/\/www.gtline.com\/de\/products\/gt-line-werkzeugkoffer-aimod31\/\"]}]},{\"@type\":\"ImageObject\",\"inLanguage\":\"de\",\"@id\":\"https:\/\/www.gtline.com\/de\/products\/gt-line-werkzeugkoffer-aimod31\/#primaryimage\",\"url\":\"https:\/\/www.gtline.com\/de\/wp-content\/uploads\/sites\/5\/2025\/05\/AI1MOD31_01_9092.jpg\",\"contentUrl\":\"https:\/\/www.gtline.com\/de\/wp-content\/uploads\/sites\/5\/2025\/05\/AI1MOD31_01_9092.jpg\",\"width\":500,\"height\":500},{\"@type\":\"BreadcrumbList\",\"@id\":\"https:\/\/www.gtline.com\/de\/products\/gt-line-werkzeugkoffer-aimod31\/#breadcrumb\",\"itemListElement\":[{\"@type\":\"ListItem\",\"position\":1,\"name\":\"Home\",\"item\":\"https:\/\/www.gtline.com\/de\/\"},{\"@type\":\"ListItem\",\"position\":2,\"name\":\"Shop\",\"item\":\"https:\/\/www.gtline.com\/de\/negozio\/\"},{\"@type\":\"ListItem\",\"position\":3,\"name\":\"GT Line Werkzeugkoffer AIMOD31\"}]},{\"@type\":\"WebSite\",\"@id\":\"https:\/\/www.gtline.com\/de\/#website\",\"url\":\"https:\/\/www.gtline.com\/de\/\",\"name\":\"Gt Line\",\"description\":\"\",\"publisher\":{\"@id\":\"https:\/\/www.gtline.com\/de\/#organization\"},\"potentialAction\":[{\"@type\":\"SearchAction\",\"target\":{\"@type\":\"EntryPoint\",\"urlTemplate\":\"https:\/\/www.gtline.com\/de\/?s={search_term_string}\"},\"query-input\":{\"@type\":\"PropertyValueSpecification\",\"valueRequired\":true,\"valueName\":\"search_term_string\"}}],\"inLanguage\":\"de\"},{\"@type\":\"Organization\",\"@id\":\"https:\/\/www.gtline.com\/de\/#organization\",\"name\":\"Gt Line\",\"url\":\"https:\/\/www.gtline.com\/de\/\",\"logo\":{\"@type\":\"ImageObject\",\"inLanguage\":\"de\",\"@id\":\"https:\/\/www.gtline.com\/de\/#\/schema\/logo\/image\/\",\"url\":\"https:\/\/www.gtline.com\/de\/wp-content\/uploads\/sites\/5\/2025\/02\/logo.png\",\"contentUrl\":\"https:\/\/www.gtline.com\/de\/wp-content\/uploads\/sites\/5\/2025\/02\/logo.png\",\"width\":228,\"height\":146,\"caption\":\"Gt Line\"},\"image\":{\"@id\":\"https:\/\/www.gtline.com\/de\/#\/schema\/logo\/image\/\"},\"sameAs\":[\"https:\/\/www.facebook.com\/gtlinesrl?locale=it_IT\",\"https:\/\/www.instagram.com\/gt_line_srl\/\",\"https:\/\/www.youtube.com\/channel\/UCDvpkFqswNJOVFz64PkYRQQ\",\"https:\/\/www.linkedin.com\/company\/gt-line-srl\/\"]}]}<\/script>\n<!-- \/ Yoast SEO plugin. -->","yoast_head_json":{"title":"GT Line Werkzeugkoffer AIMOD31 - Gt Line DE","robots":{"index":"index","follow":"follow","max-snippet":"max-snippet:-1","max-image-preview":"max-image-preview:large","max-video-preview":"max-video-preview:-1"},"canonical":"https:\/\/www.gtline.com\/de\/products\/gt-line-werkzeugkoffer-aimod31\/","og_locale":"de_DE","og_type":"article","og_title":"GT Line Werkzeugkoffer AIMOD31 - Gt Line DE","og_description":"Die Werkzeugkoffer AI1MOD31 ist das Hochkapazit\u00e4tsmodul, das entwickelt wurde, um die ALL IN ONE-Serie von GT Line zu erweitern.Ideal zum Verstauen von Elektrowerkzeugen, zus\u00e4tzlichem Handwerkzeug oder sperrigen Ersatzteilen, kann sie sowohl in Kombination mit dem Haupt-Trolley-Werkzeugkoffer als auch eigenst\u00e4ndig als professioneller Werkzeugkoffer verwendet werden. Hergestellt aus robustem, spritzgegossenem Polypropylen, bietet sie die gleiche Stabilit\u00e4t und Zuverl\u00e4ssigkeit, die das ALL IN ONE-System weltweit bekannt gemacht haben. Dank des patentierten Lock-Unlock-Systems l\u00e4sst sich die AI1MOD31 mit einem einzigen Handgriff stapeln und wieder trennen, wodurch ein flexibles, modulares und mobiles Aufbewahrungssystem f\u00fcr jede professionelle Anforderung entsteht. Der Koffer ist zudem kompatibel mit fr\u00fcheren Versionen der ALL IN ONE-Serie durch die Verwendung des neuen AI1LID-Deckels. Dar\u00fcber hinaus verf\u00fcgt er \u00fcber die integrierte INTELLIRESPOND-Technologie, die eine digitale Kontrolle und Nachverfolgbarkeit des Inhalts erm\u00f6glicht \u2013 direkt \u00fcber Smartphone oder Tablet.","og_url":"https:\/\/www.gtline.com\/de\/products\/gt-line-werkzeugkoffer-aimod31\/","og_site_name":"Gt Line DE","article_publisher":"https:\/\/www.facebook.com\/gtlinesrl?locale=it_IT","article_modified_time":"2026-04-17T02:11:44+00:00","og_image":[{"width":500,"height":500,"url":"https:\/\/www.gtline.com\/de\/wp-content\/uploads\/sites\/5\/2025\/05\/AI1MOD31_01_9092.jpg","type":"image\/jpeg"}],"twitter_card":"summary_large_image","twitter_misc":{"Gesch\u00e4tzte Lesezeit":"1\u00a0Minute"},"schema":{"@context":"https:\/\/schema.org","@graph":[{"@type":"WebPage","@id":"https:\/\/www.gtline.com\/de\/products\/gt-line-werkzeugkoffer-aimod31\/","url":"https:\/\/www.gtline.com\/de\/products\/gt-line-werkzeugkoffer-aimod31\/","name":"GT Line Werkzeugkoffer AIMOD31 - Gt Line DE","isPartOf":{"@id":"https:\/\/www.gtline.com\/de\/#website"},"primaryImageOfPage":{"@id":"https:\/\/www.gtline.com\/de\/products\/gt-line-werkzeugkoffer-aimod31\/#primaryimage"},"image":{"@id":"https:\/\/www.gtline.com\/de\/products\/gt-line-werkzeugkoffer-aimod31\/#primaryimage"},"thumbnailUrl":"https:\/\/www.gtline.com\/de\/wp-content\/uploads\/sites\/5\/2025\/05\/AI1MOD31_01_9092.jpg","datePublished":"2025-07-30T10:23:32+00:00","dateModified":"2026-04-17T02:11:44+00:00","breadcrumb":{"@id":"https:\/\/www.gtline.com\/de\/products\/gt-line-werkzeugkoffer-aimod31\/#breadcrumb"},"inLanguage":"de","potentialAction":[{"@type":"ReadAction","target":["https:\/\/www.gtline.com\/de\/products\/gt-line-werkzeugkoffer-aimod31\/"]}]},{"@type":"ImageObject","inLanguage":"de","@id":"https:\/\/www.gtline.com\/de\/products\/gt-line-werkzeugkoffer-aimod31\/#primaryimage","url":"https:\/\/www.gtline.com\/de\/wp-content\/uploads\/sites\/5\/2025\/05\/AI1MOD31_01_9092.jpg","contentUrl":"https:\/\/www.gtline.com\/de\/wp-content\/uploads\/sites\/5\/2025\/05\/AI1MOD31_01_9092.jpg","width":500,"height":500},{"@type":"BreadcrumbList","@id":"https:\/\/www.gtline.com\/de\/products\/gt-line-werkzeugkoffer-aimod31\/#breadcrumb","itemListElement":[{"@type":"ListItem","position":1,"name":"Home","item":"https:\/\/www.gtline.com\/de\/"},{"@type":"ListItem","position":2,"name":"Shop","item":"https:\/\/www.gtline.com\/de\/negozio\/"},{"@type":"ListItem","position":3,"name":"GT Line Werkzeugkoffer AIMOD31"}]},{"@type":"WebSite","@id":"https:\/\/www.gtline.com\/de\/#website","url":"https:\/\/www.gtline.com\/de\/","name":"Gt Line","description":"","publisher":{"@id":"https:\/\/www.gtline.com\/de\/#organization"},"potentialAction":[{"@type":"SearchAction","target":{"@type":"EntryPoint","urlTemplate":"https:\/\/www.gtline.com\/de\/?s={search_term_string}"},"query-input":{"@type":"PropertyValueSpecification","valueRequired":true,"valueName":"search_term_string"}}],"inLanguage":"de"},{"@type":"Organization","@id":"https:\/\/www.gtline.com\/de\/#organization","name":"Gt Line","url":"https:\/\/www.gtline.com\/de\/","logo":{"@type":"ImageObject","inLanguage":"de","@id":"https:\/\/www.gtline.com\/de\/#\/schema\/logo\/image\/","url":"https:\/\/www.gtline.com\/de\/wp-content\/uploads\/sites\/5\/2025\/02\/logo.png","contentUrl":"https:\/\/www.gtline.com\/de\/wp-content\/uploads\/sites\/5\/2025\/02\/logo.png","width":228,"height":146,"caption":"Gt Line"},"image":{"@id":"https:\/\/www.gtline.com\/de\/#\/schema\/logo\/image\/"},"sameAs":["https:\/\/www.facebook.com\/gtlinesrl?locale=it_IT","https:\/\/www.instagram.com\/gt_line_srl\/","https:\/\/www.youtube.com\/channel\/UCDvpkFqswNJOVFz64PkYRQQ","https:\/\/www.linkedin.com\/company\/gt-line-srl\/"]}]}},"_links":{"self":[{"href":"https:\/\/www.gtline.com\/de\/wp-json\/wp\/v2\/product\/16998","targetHints":{"allow":["GET"]}}],"collection":[{"href":"https:\/\/www.gtline.com\/de\/wp-json\/wp\/v2\/product"}],"about":[{"href":"https:\/\/www.gtline.com\/de\/wp-json\/wp\/v2\/types\/product"}],"replies":[{"embeddable":true,"href":"https:\/\/www.gtline.com\/de\/wp-json\/wp\/v2\/comments?post=16998"}],"version-history":[{"count":2,"href":"https:\/\/www.gtline.com\/de\/wp-json\/wp\/v2\/product\/16998\/revisions"}],"predecessor-version":[{"id":22272,"href":"https:\/\/www.gtline.com\/de\/wp-json\/wp\/v2\/product\/16998\/revisions\/22272"}],"wp:featuredmedia":[{"embeddable":true,"href":"https:\/\/www.gtline.com\/de\/wp-json\/wp\/v2\/media\/9186"}],"wp:attachment":[{"href":"https:\/\/www.gtline.com\/de\/wp-json\/wp\/v2\/media?parent=16998"}],"wp:term":[{"taxonomy":"product_brand","embeddable":true,"href":"https:\/\/www.gtline.com\/de\/wp-json\/wp\/v2\/product_brand?post=16998"},{"taxonomy":"product_cat","embeddable":true,"href":"https:\/\/www.gtline.com\/de\/wp-json\/wp\/v2\/product_cat?post=16998"},{"taxonomy":"product_tag","embeddable":true,"href":"https:\/\/www.gtline.com\/de\/wp-json\/wp\/v2\/product_tag?post=16998"}],"curies":[{"name":"wp","href":"https:\/\/api.w.org\/{rel}","templated":true}]}}