{"id":17001,"date":"2025-07-30T10:23:42","date_gmt":"2025-07-30T10:23:42","guid":{"rendered":"https:\/\/www.gtline.com\/de\/prodotto\/gt-line-ai1lid-professioneller-deckel-fur-all-in-one-werkzeugkoffer\/"},"modified":"2026-04-17T02:11:53","modified_gmt":"2026-04-17T02:11:53","slug":"gt-line-ai1lid-professioneller-deckel-fur-all-in-one-werkzeugkoffer","status":"publish","type":"product","link":"https:\/\/www.gtline.com\/de\/products\/gt-line-ai1lid-professioneller-deckel-fur-all-in-one-werkzeugkoffer\/","title":{"rendered":"GT Line AI1LID Professioneller Deckel f\u00fcr ALL IN ONE Werkzeugkoffer"},"content":{"rendered":"<p data-start=\"381\" data-end=\"699\"><strong>1. Sofortige Kompatibilit\u00e4t mit bestehenden ALL IN ONE-Modellen<\/strong><br \/><br data-start=\"468\" data-end=\"471\">Der <strong data-start=\"475\" data-end=\"492\">AI1LID-Deckel<\/strong> erm\u00f6glicht ein schnelles Upgrade \u00e4lterer <strong data-start=\"534\" data-end=\"571\">ALL IN ONE-Trolley-Werkzeugkoffer<\/strong>, wodurch diese vollst\u00e4ndig mit den <strong data-start=\"607\" data-end=\"625\">AI1MOD-Modulen<\/strong> kompatibel werden und ihre Funktionalit\u00e4t erheblich erweitert wird.<\/p>\n<p data-start=\"701\" data-end=\"990\"><strong>2. Patentiertes Stapelsystem f\u00fcr sichere Verbindungen<\/strong><br \/><br data-start=\"778\" data-end=\"781\">Dank des <strong data-start=\"790\" data-end=\"841\">integrierten, patentierten Verriegelungssystems<\/strong> lassen sich Module <strong data-start=\"861\" data-end=\"891\">stabil und schnell stapeln<\/strong>, wodurch eine robuste und professionelle Struktur entsteht \u2013 ideal f\u00fcr jede Arbeitsumgebung.<\/p>\n<p data-start=\"992\" data-end=\"1270\"><strong>3. Grenzenlose modulare Erweiterung<\/strong><br \/><br data-start=\"1051\" data-end=\"1054\">Der Deckel verwandelt einen einfachen <strong data-start=\"1092\" data-end=\"1110\">Werkzeugkoffer<\/strong> in ein <strong data-start=\"1118\" data-end=\"1168\">professionelles, modulares Aufbewahrungssystem<\/strong>, das sich flexibel erweitern l\u00e4sst \u2013 durch das \u00dcbereinanderstapeln mehrerer kompatibler Module.<\/p>\n<p data-start=\"1272\" data-end=\"1593\"><strong>4. Leicht, aber extrem widerstandsf\u00e4hig<\/strong><br \/><br data-start=\"1335\" data-end=\"1338\">Gefertigt aus <strong data-start=\"1352\" data-end=\"1379\">sto\u00dffestem Polypropylen<\/strong> im Spritzgussverfahren, bietet der AI1LID ein perfektes Gleichgewicht zwischen <strong data-start=\"1459\" data-end=\"1494\">Stabilit\u00e4t und geringem Gewicht<\/strong> (nur 1,50 kg) und garantiert h\u00f6chste Leistung auch unter anspruchsvollen Arbeitsbedingungen.<\/p>\n<p>Balance zwischen Festigkeit und Leichtigkeit (nur 1,50 kg) und gew\u00e4hrleistet eine hohe Leistung auch in anspruchsvollen Arbeitsumgebungen.<\/p>\n","protected":false},"excerpt":{"rendered":"<p><strong data-start=\"297\" data-end=\"318\">Der Deckel AI1LID<\/strong> ist das <strong data-start=\"327\" data-end=\"353\">unverzichtbare Zubeh\u00f6r<\/strong> f\u00fcr alle, die ihre \u00e4lteren Modelle des <strong data-start=\"393\" data-end=\"415\">ALL IN ONE-Systems<\/strong> auf den neuesten Stand bringen und sie vollst\u00e4ndig mit dem <strong data-start=\"475\" data-end=\"514\">modularen AI1MOD-System von GT Line<\/strong> kompatibel machen m\u00f6chten.<br \/><br data-start=\"541\" data-end=\"544\" data-is-only-node=\"\">Als integraler Bestandteil eines <strong data-start=\"577\" data-end=\"627\">modularen professionellen Aufbewahrungssystems<\/strong> erm\u00f6glicht dieser Deckel ein <strong data-start=\"657\" data-end=\"691\">sicheres und schnelles Stapeln<\/strong> neuer Module \u2013 und verwandelt einen einfachen <strong data-start=\"738\" data-end=\"756\">Werkzeugkoffer<\/strong> in ein <strong data-start=\"764\" data-end=\"843\">erweitertes, ausbauf\u00e4higes und individuell konfigurierbares Transportsystem<\/strong>.<br \/><br data-start=\"844\" data-end=\"847\">Gefertigt aus <strong data-start=\"861\" data-end=\"888\">hochfestem Polypropylen<\/strong>, ist der AI1LID <strong data-start=\"905\" data-end=\"924\">leicht, kompakt<\/strong> und ideal f\u00fcr Fachleute, die viel unterwegs sind und <strong data-start=\"978\" data-end=\"1042\">robuste, zuverl\u00e4ssige und vollst\u00e4ndig integrierbare L\u00f6sungen<\/strong> ben\u00f6tigen.<br \/><br data-start=\"1053\" data-end=\"1056\">Mit dem <strong data-start=\"1064\" data-end=\"1074\">AI1LID<\/strong> entwickelt sich Ihr <strong data-start=\"1095\" data-end=\"1113\">Werkzeugkoffer<\/strong> weiter \u2013 <strong data-start=\"1123\" data-end=\"1182\">bereit f\u00fcr die Anforderungen des modernen Professionals<\/strong>.<\/p>\n","protected":false},"featured_media":9198,"comment_status":"open","ping_status":"closed","template":"","meta":{"_acf_changed":false},"product_brand":[],"product_cat":[231,227],"product_tag":[],"class_list":{"0":"post-17001","1":"product","2":"type-product","3":"status-publish","4":"has-post-thumbnail","6":"product_cat-impilabili","7":"product_cat-zubehor","8":"pa_anwendungen-alle","9":"pa_anwendungen-koffer-und-taschen-fur-betreuer","10":"pa_anwendungen-koffer-und-taschen-fur-die-luft-und-raumfahrtbranche-mro","11":"pa_anwendungen-koffer-und-taschen-fur-elektriker","12":"pa_anwendungen-koffer-und-taschen-fur-installateure","13":"pa_anwendungen-koffer-und-taschen-fur-servicetechniker","14":"pa_produkttyp-werkzeugkoffer","15":"pa_produkttyp-all-in-one-modular-system","17":"first","18":"instock","19":"shipping-taxable","20":"purchasable","21":"product-type-simple"},"acf":[],"yoast_head":"<!-- This site is optimized with the Yoast SEO plugin v25.4 - https:\/\/yoast.com\/wordpress\/plugins\/seo\/ -->\n<title>GT Line AI1LID Professioneller Deckel f\u00fcr ALL IN ONE Werkzeugkoffer - Gt Line DE<\/title>\n<meta name=\"robots\" content=\"index, follow, max-snippet:-1, max-image-preview:large, max-video-preview:-1\" \/>\n<link rel=\"canonical\" href=\"https:\/\/www.gtline.com\/de\/products\/gt-line-ai1lid-professioneller-deckel-fur-all-in-one-werkzeugkoffer\/\" \/>\n<meta property=\"og:locale\" content=\"de_DE\" \/>\n<meta property=\"og:type\" content=\"article\" \/>\n<meta property=\"og:title\" content=\"GT Line AI1LID Professioneller Deckel f\u00fcr ALL IN ONE Werkzeugkoffer - Gt Line DE\" \/>\n<meta property=\"og:description\" content=\"Der Deckel AI1LID ist das unverzichtbare Zubeh\u00f6r f\u00fcr alle, die ihre \u00e4lteren Modelle des ALL IN ONE-Systems auf den neuesten Stand bringen und sie vollst\u00e4ndig mit dem modularen AI1MOD-System von GT Line kompatibel machen m\u00f6chten.Als integraler Bestandteil eines modularen professionellen Aufbewahrungssystems erm\u00f6glicht dieser Deckel ein sicheres und schnelles Stapeln neuer Module \u2013 und verwandelt einen einfachen Werkzeugkoffer in ein erweitertes, ausbauf\u00e4higes und individuell konfigurierbares Transportsystem.Gefertigt aus hochfestem Polypropylen, ist der AI1LID leicht, kompakt und ideal f\u00fcr Fachleute, die viel unterwegs sind und robuste, zuverl\u00e4ssige und vollst\u00e4ndig integrierbare L\u00f6sungen ben\u00f6tigen.Mit dem AI1LID entwickelt sich Ihr Werkzeugkoffer weiter \u2013 bereit f\u00fcr die Anforderungen des modernen Professionals.\" \/>\n<meta property=\"og:url\" content=\"https:\/\/www.gtline.com\/de\/products\/gt-line-ai1lid-professioneller-deckel-fur-all-in-one-werkzeugkoffer\/\" \/>\n<meta property=\"og:site_name\" content=\"Gt Line DE\" \/>\n<meta property=\"article:publisher\" content=\"https:\/\/www.facebook.com\/gtlinesrl?locale=it_IT\" \/>\n<meta property=\"article:modified_time\" content=\"2026-04-17T02:11:53+00:00\" \/>\n<meta property=\"og:image\" content=\"https:\/\/www.gtline.com\/de\/wp-content\/uploads\/sites\/5\/2025\/05\/AI1LID1_9094.jpg\" \/>\n\t<meta property=\"og:image:width\" content=\"500\" \/>\n\t<meta property=\"og:image:height\" content=\"500\" \/>\n\t<meta property=\"og:image:type\" content=\"image\/jpeg\" \/>\n<meta name=\"twitter:card\" content=\"summary_large_image\" \/>\n<meta name=\"twitter:label1\" content=\"Gesch\u00e4tzte Lesezeit\" \/>\n\t<meta name=\"twitter:data1\" content=\"1\u00a0Minute\" \/>\n<script type=\"application\/ld+json\" class=\"yoast-schema-graph\">{\"@context\":\"https:\/\/schema.org\",\"@graph\":[{\"@type\":\"WebPage\",\"@id\":\"https:\/\/www.gtline.com\/de\/products\/gt-line-ai1lid-professioneller-deckel-fur-all-in-one-werkzeugkoffer\/\",\"url\":\"https:\/\/www.gtline.com\/de\/products\/gt-line-ai1lid-professioneller-deckel-fur-all-in-one-werkzeugkoffer\/\",\"name\":\"GT Line AI1LID Professioneller Deckel f\u00fcr ALL IN ONE Werkzeugkoffer - Gt Line DE\",\"isPartOf\":{\"@id\":\"https:\/\/www.gtline.com\/de\/#website\"},\"primaryImageOfPage\":{\"@id\":\"https:\/\/www.gtline.com\/de\/products\/gt-line-ai1lid-professioneller-deckel-fur-all-in-one-werkzeugkoffer\/#primaryimage\"},\"image\":{\"@id\":\"https:\/\/www.gtline.com\/de\/products\/gt-line-ai1lid-professioneller-deckel-fur-all-in-one-werkzeugkoffer\/#primaryimage\"},\"thumbnailUrl\":\"https:\/\/www.gtline.com\/de\/wp-content\/uploads\/sites\/5\/2025\/05\/AI1LID1_9094.jpg\",\"datePublished\":\"2025-07-30T10:23:42+00:00\",\"dateModified\":\"2026-04-17T02:11:53+00:00\",\"breadcrumb\":{\"@id\":\"https:\/\/www.gtline.com\/de\/products\/gt-line-ai1lid-professioneller-deckel-fur-all-in-one-werkzeugkoffer\/#breadcrumb\"},\"inLanguage\":\"de\",\"potentialAction\":[{\"@type\":\"ReadAction\",\"target\":[\"https:\/\/www.gtline.com\/de\/products\/gt-line-ai1lid-professioneller-deckel-fur-all-in-one-werkzeugkoffer\/\"]}]},{\"@type\":\"ImageObject\",\"inLanguage\":\"de\",\"@id\":\"https:\/\/www.gtline.com\/de\/products\/gt-line-ai1lid-professioneller-deckel-fur-all-in-one-werkzeugkoffer\/#primaryimage\",\"url\":\"https:\/\/www.gtline.com\/de\/wp-content\/uploads\/sites\/5\/2025\/05\/AI1LID1_9094.jpg\",\"contentUrl\":\"https:\/\/www.gtline.com\/de\/wp-content\/uploads\/sites\/5\/2025\/05\/AI1LID1_9094.jpg\",\"width\":500,\"height\":500},{\"@type\":\"BreadcrumbList\",\"@id\":\"https:\/\/www.gtline.com\/de\/products\/gt-line-ai1lid-professioneller-deckel-fur-all-in-one-werkzeugkoffer\/#breadcrumb\",\"itemListElement\":[{\"@type\":\"ListItem\",\"position\":1,\"name\":\"Home\",\"item\":\"https:\/\/www.gtline.com\/de\/\"},{\"@type\":\"ListItem\",\"position\":2,\"name\":\"Shop\",\"item\":\"https:\/\/www.gtline.com\/de\/negozio\/\"},{\"@type\":\"ListItem\",\"position\":3,\"name\":\"GT Line AI1LID Professioneller Deckel f\u00fcr ALL IN ONE Werkzeugkoffer\"}]},{\"@type\":\"WebSite\",\"@id\":\"https:\/\/www.gtline.com\/de\/#website\",\"url\":\"https:\/\/www.gtline.com\/de\/\",\"name\":\"Gt Line\",\"description\":\"\",\"publisher\":{\"@id\":\"https:\/\/www.gtline.com\/de\/#organization\"},\"potentialAction\":[{\"@type\":\"SearchAction\",\"target\":{\"@type\":\"EntryPoint\",\"urlTemplate\":\"https:\/\/www.gtline.com\/de\/?s={search_term_string}\"},\"query-input\":{\"@type\":\"PropertyValueSpecification\",\"valueRequired\":true,\"valueName\":\"search_term_string\"}}],\"inLanguage\":\"de\"},{\"@type\":\"Organization\",\"@id\":\"https:\/\/www.gtline.com\/de\/#organization\",\"name\":\"Gt Line\",\"url\":\"https:\/\/www.gtline.com\/de\/\",\"logo\":{\"@type\":\"ImageObject\",\"inLanguage\":\"de\",\"@id\":\"https:\/\/www.gtline.com\/de\/#\/schema\/logo\/image\/\",\"url\":\"https:\/\/www.gtline.com\/de\/wp-content\/uploads\/sites\/5\/2025\/02\/logo.png\",\"contentUrl\":\"https:\/\/www.gtline.com\/de\/wp-content\/uploads\/sites\/5\/2025\/02\/logo.png\",\"width\":228,\"height\":146,\"caption\":\"Gt Line\"},\"image\":{\"@id\":\"https:\/\/www.gtline.com\/de\/#\/schema\/logo\/image\/\"},\"sameAs\":[\"https:\/\/www.facebook.com\/gtlinesrl?locale=it_IT\",\"https:\/\/www.instagram.com\/gt_line_srl\/\",\"https:\/\/www.youtube.com\/channel\/UCDvpkFqswNJOVFz64PkYRQQ\",\"https:\/\/www.linkedin.com\/company\/gt-line-srl\/\"]}]}<\/script>\n<!-- \/ Yoast SEO plugin. -->","yoast_head_json":{"title":"GT Line AI1LID Professioneller Deckel f\u00fcr ALL IN ONE Werkzeugkoffer - Gt Line DE","robots":{"index":"index","follow":"follow","max-snippet":"max-snippet:-1","max-image-preview":"max-image-preview:large","max-video-preview":"max-video-preview:-1"},"canonical":"https:\/\/www.gtline.com\/de\/products\/gt-line-ai1lid-professioneller-deckel-fur-all-in-one-werkzeugkoffer\/","og_locale":"de_DE","og_type":"article","og_title":"GT Line AI1LID Professioneller Deckel f\u00fcr ALL IN ONE Werkzeugkoffer - Gt Line DE","og_description":"Der Deckel AI1LID ist das unverzichtbare Zubeh\u00f6r f\u00fcr alle, die ihre \u00e4lteren Modelle des ALL IN ONE-Systems auf den neuesten Stand bringen und sie vollst\u00e4ndig mit dem modularen AI1MOD-System von GT Line kompatibel machen m\u00f6chten.Als integraler Bestandteil eines modularen professionellen Aufbewahrungssystems erm\u00f6glicht dieser Deckel ein sicheres und schnelles Stapeln neuer Module \u2013 und verwandelt einen einfachen Werkzeugkoffer in ein erweitertes, ausbauf\u00e4higes und individuell konfigurierbares Transportsystem.Gefertigt aus hochfestem Polypropylen, ist der AI1LID leicht, kompakt und ideal f\u00fcr Fachleute, die viel unterwegs sind und robuste, zuverl\u00e4ssige und vollst\u00e4ndig integrierbare L\u00f6sungen ben\u00f6tigen.Mit dem AI1LID entwickelt sich Ihr Werkzeugkoffer weiter \u2013 bereit f\u00fcr die Anforderungen des modernen Professionals.","og_url":"https:\/\/www.gtline.com\/de\/products\/gt-line-ai1lid-professioneller-deckel-fur-all-in-one-werkzeugkoffer\/","og_site_name":"Gt Line DE","article_publisher":"https:\/\/www.facebook.com\/gtlinesrl?locale=it_IT","article_modified_time":"2026-04-17T02:11:53+00:00","og_image":[{"width":500,"height":500,"url":"https:\/\/www.gtline.com\/de\/wp-content\/uploads\/sites\/5\/2025\/05\/AI1LID1_9094.jpg","type":"image\/jpeg"}],"twitter_card":"summary_large_image","twitter_misc":{"Gesch\u00e4tzte Lesezeit":"1\u00a0Minute"},"schema":{"@context":"https:\/\/schema.org","@graph":[{"@type":"WebPage","@id":"https:\/\/www.gtline.com\/de\/products\/gt-line-ai1lid-professioneller-deckel-fur-all-in-one-werkzeugkoffer\/","url":"https:\/\/www.gtline.com\/de\/products\/gt-line-ai1lid-professioneller-deckel-fur-all-in-one-werkzeugkoffer\/","name":"GT Line AI1LID Professioneller Deckel f\u00fcr ALL IN ONE Werkzeugkoffer - Gt Line DE","isPartOf":{"@id":"https:\/\/www.gtline.com\/de\/#website"},"primaryImageOfPage":{"@id":"https:\/\/www.gtline.com\/de\/products\/gt-line-ai1lid-professioneller-deckel-fur-all-in-one-werkzeugkoffer\/#primaryimage"},"image":{"@id":"https:\/\/www.gtline.com\/de\/products\/gt-line-ai1lid-professioneller-deckel-fur-all-in-one-werkzeugkoffer\/#primaryimage"},"thumbnailUrl":"https:\/\/www.gtline.com\/de\/wp-content\/uploads\/sites\/5\/2025\/05\/AI1LID1_9094.jpg","datePublished":"2025-07-30T10:23:42+00:00","dateModified":"2026-04-17T02:11:53+00:00","breadcrumb":{"@id":"https:\/\/www.gtline.com\/de\/products\/gt-line-ai1lid-professioneller-deckel-fur-all-in-one-werkzeugkoffer\/#breadcrumb"},"inLanguage":"de","potentialAction":[{"@type":"ReadAction","target":["https:\/\/www.gtline.com\/de\/products\/gt-line-ai1lid-professioneller-deckel-fur-all-in-one-werkzeugkoffer\/"]}]},{"@type":"ImageObject","inLanguage":"de","@id":"https:\/\/www.gtline.com\/de\/products\/gt-line-ai1lid-professioneller-deckel-fur-all-in-one-werkzeugkoffer\/#primaryimage","url":"https:\/\/www.gtline.com\/de\/wp-content\/uploads\/sites\/5\/2025\/05\/AI1LID1_9094.jpg","contentUrl":"https:\/\/www.gtline.com\/de\/wp-content\/uploads\/sites\/5\/2025\/05\/AI1LID1_9094.jpg","width":500,"height":500},{"@type":"BreadcrumbList","@id":"https:\/\/www.gtline.com\/de\/products\/gt-line-ai1lid-professioneller-deckel-fur-all-in-one-werkzeugkoffer\/#breadcrumb","itemListElement":[{"@type":"ListItem","position":1,"name":"Home","item":"https:\/\/www.gtline.com\/de\/"},{"@type":"ListItem","position":2,"name":"Shop","item":"https:\/\/www.gtline.com\/de\/negozio\/"},{"@type":"ListItem","position":3,"name":"GT Line AI1LID Professioneller Deckel f\u00fcr ALL IN ONE Werkzeugkoffer"}]},{"@type":"WebSite","@id":"https:\/\/www.gtline.com\/de\/#website","url":"https:\/\/www.gtline.com\/de\/","name":"Gt Line","description":"","publisher":{"@id":"https:\/\/www.gtline.com\/de\/#organization"},"potentialAction":[{"@type":"SearchAction","target":{"@type":"EntryPoint","urlTemplate":"https:\/\/www.gtline.com\/de\/?s={search_term_string}"},"query-input":{"@type":"PropertyValueSpecification","valueRequired":true,"valueName":"search_term_string"}}],"inLanguage":"de"},{"@type":"Organization","@id":"https:\/\/www.gtline.com\/de\/#organization","name":"Gt Line","url":"https:\/\/www.gtline.com\/de\/","logo":{"@type":"ImageObject","inLanguage":"de","@id":"https:\/\/www.gtline.com\/de\/#\/schema\/logo\/image\/","url":"https:\/\/www.gtline.com\/de\/wp-content\/uploads\/sites\/5\/2025\/02\/logo.png","contentUrl":"https:\/\/www.gtline.com\/de\/wp-content\/uploads\/sites\/5\/2025\/02\/logo.png","width":228,"height":146,"caption":"Gt Line"},"image":{"@id":"https:\/\/www.gtline.com\/de\/#\/schema\/logo\/image\/"},"sameAs":["https:\/\/www.facebook.com\/gtlinesrl?locale=it_IT","https:\/\/www.instagram.com\/gt_line_srl\/","https:\/\/www.youtube.com\/channel\/UCDvpkFqswNJOVFz64PkYRQQ","https:\/\/www.linkedin.com\/company\/gt-line-srl\/"]}]}},"_links":{"self":[{"href":"https:\/\/www.gtline.com\/de\/wp-json\/wp\/v2\/product\/17001","targetHints":{"allow":["GET"]}}],"collection":[{"href":"https:\/\/www.gtline.com\/de\/wp-json\/wp\/v2\/product"}],"about":[{"href":"https:\/\/www.gtline.com\/de\/wp-json\/wp\/v2\/types\/product"}],"replies":[{"embeddable":true,"href":"https:\/\/www.gtline.com\/de\/wp-json\/wp\/v2\/comments?post=17001"}],"version-history":[{"count":2,"href":"https:\/\/www.gtline.com\/de\/wp-json\/wp\/v2\/product\/17001\/revisions"}],"predecessor-version":[{"id":22274,"href":"https:\/\/www.gtline.com\/de\/wp-json\/wp\/v2\/product\/17001\/revisions\/22274"}],"wp:featuredmedia":[{"embeddable":true,"href":"https:\/\/www.gtline.com\/de\/wp-json\/wp\/v2\/media\/9198"}],"wp:attachment":[{"href":"https:\/\/www.gtline.com\/de\/wp-json\/wp\/v2\/media?parent=17001"}],"wp:term":[{"taxonomy":"product_brand","embeddable":true,"href":"https:\/\/www.gtline.com\/de\/wp-json\/wp\/v2\/product_brand?post=17001"},{"taxonomy":"product_cat","embeddable":true,"href":"https:\/\/www.gtline.com\/de\/wp-json\/wp\/v2\/product_cat?post=17001"},{"taxonomy":"product_tag","embeddable":true,"href":"https:\/\/www.gtline.com\/de\/wp-json\/wp\/v2\/product_tag?post=17001"}],"curies":[{"name":"wp","href":"https:\/\/api.w.org\/{rel}","templated":true}]}}