{"id":17003,"date":"2025-07-30T10:23:46","date_gmt":"2025-07-30T10:23:46","guid":{"rendered":"https:\/\/www.gtline.com\/de\/prodotto\/work-line-by-gt-werkzeugrucksack-monolith-lt35\/"},"modified":"2026-04-17T02:11:57","modified_gmt":"2026-04-17T02:11:57","slug":"work-line-by-gt-werkzeugrucksack-monolith-lt35","status":"publish","type":"product","link":"https:\/\/www.gtline.com\/de\/products\/work-line-by-gt-werkzeugrucksack-monolith-lt35\/","title":{"rendered":"Work Line by GT Werkzeugrucksack MONOLITH LT35"},"content":{"rendered":"<p data-start=\"0\" data-end=\"290\"><strong data-start=\"0\" data-end=\"85\">1. Vielseitiger und organisierter Transport von Werkzeugen und digitalen Ger\u00e4ten.<br \/><\/strong><br data-start=\"85\" data-end=\"88\">Der Werkzeugrucksack verf\u00fcgt \u00fcber ein <strong data-start=\"126\" data-end=\"169\">gro\u00dfes Hauptfach mit 43 Werkzeugf\u00e4chern<\/strong> sowie eine <strong data-start=\"181\" data-end=\"222\">separate Tasche f\u00fcr Notebooks bis 17&#8243;<\/strong>. Zus\u00e4tzlich bietet er Platz f\u00fcr <strong data-start=\"255\" data-end=\"287\">Dokumente und Arbeitszubeh\u00f6r<\/strong>.<strong data-start=\"0\" data-end=\"85\"><br \/><\/strong><\/p>\n<p data-start=\"292\" data-end=\"553\"><strong data-start=\"292\" data-end=\"354\">2. Schneller und vollst\u00e4ndiger Zugriff auf alle Werkzeuge.<strong data-start=\"0\" data-end=\"85\"><br \/><\/strong><\/strong><br data-start=\"354\" data-end=\"357\">Die <strong data-start=\"361\" data-end=\"401\">90\u00b0-\u00d6ffnung an Vorder- und R\u00fcckseite<\/strong> erm\u00f6glicht einen <strong data-start=\"419\" data-end=\"457\">sofortigen Zugriff auf alle F\u00e4cher<\/strong> und macht diesen <strong data-start=\"475\" data-end=\"515\">Arbeitsrucksack besonders funktional<\/strong>, selbst in engen Arbeitsumgebungen.<strong data-start=\"0\" data-end=\"85\"><br \/><\/strong><\/p>\n<p data-start=\"555\" data-end=\"855\"><strong data-start=\"555\" data-end=\"588\">3. Intelligente Organisation.<strong data-start=\"0\" data-end=\"85\"><br \/><\/strong><\/strong><br data-start=\"588\" data-end=\"591\">Die <strong data-start=\"595\" data-end=\"625\">innenliegenden Halterungen<\/strong> sind so konzipiert, dass sie sich <strong data-start=\"660\" data-end=\"706\">an unterschiedliche Werkzeugtypen anpassen<\/strong>, dank der Kombination aus <strong data-start=\"733\" data-end=\"770\">elastischen und starren Elementen<\/strong>, die eine individuelle Konfiguration nach den Bed\u00fcrfnissen des Profis erm\u00f6glichen.<strong data-start=\"0\" data-end=\"85\"><br \/><\/strong><\/p>\n<p data-start=\"857\" data-end=\"1138\"><strong data-start=\"857\" data-end=\"945\">4. Herausnehmbares und beidseitig verwendbares Innenpanel f\u00fcr maximale Flexibilit\u00e4t.<strong data-start=\"0\" data-end=\"85\"><br \/><\/strong><\/strong><br data-start=\"945\" data-end=\"948\">Gestalten Sie die <strong data-start=\"966\" data-end=\"999\">Innenorganisation individuell<\/strong> mit einem <strong data-start=\"1010\" data-end=\"1057\">herausnehmbaren, beidseitig nutzbaren Panel<\/strong> \u2013 ideal, um <strong data-start=\"1070\" data-end=\"1135\">Werkzeugs\u00e4tze oder Arbeitskonfigurationen schnell zu wechseln<\/strong>.<strong data-start=\"0\" data-end=\"85\"><br \/><\/strong><\/p>\n<p data-start=\"1140\" data-end=\"1412\"><strong data-start=\"1140\" data-end=\"1195\">5. Fester Boden f\u00fcr schwere und sperrige Werkzeuge.<strong data-start=\"0\" data-end=\"85\"><br \/><\/strong><\/strong><br data-start=\"1195\" data-end=\"1198\">Das <strong data-start=\"1202\" data-end=\"1260\">tief ausgeformte, stabile und formbest\u00e4ndige Bodenfach<\/strong> erm\u00f6glicht den <strong data-start=\"1276\" data-end=\"1322\">sicheren Transport von gr\u00f6\u00dferen Werkzeugen<\/strong>, sch\u00fctzt den Inhalt vor St\u00f6\u00dfen und sorgt f\u00fcr <strong data-start=\"1368\" data-end=\"1409\">eine bessere Stabilit\u00e4t des Rucksacks<\/strong>.<strong data-start=\"0\" data-end=\"85\"><br \/><\/strong><\/p>\n<p data-start=\"1414\" data-end=\"1672\"><strong data-start=\"1414\" data-end=\"1460\">6. Ergonomischer Komfort f\u00fcr l\u00e4ngere Wege.<strong data-start=\"0\" data-end=\"85\"><br \/><\/strong><\/strong><br data-start=\"1460\" data-end=\"1463\">Die <strong data-start=\"1467\" data-end=\"1501\">extra gepolsterte R\u00fcckenpartie<\/strong>, <strong data-start=\"1503\" data-end=\"1544\">verstellbare, bel\u00fcftete Schultergurte<\/strong> und der <strong data-start=\"1553\" data-end=\"1573\">gro\u00dfe Tragegriff<\/strong> gew\u00e4hrleisten <strong data-start=\"1588\" data-end=\"1641\">h\u00f6chsten Tragekomfort auch bei l\u00e4ngeren Eins\u00e4tzen<\/strong> und reduzieren die Erm\u00fcdung.<strong data-start=\"0\" data-end=\"85\"><br \/><\/strong><\/p>\n<p data-start=\"1674\" data-end=\"1803\"><strong data-start=\"1674\" data-end=\"1694\">7. Au\u00dfentaschen.<strong data-start=\"0\" data-end=\"85\"><br \/><\/strong><\/strong><br data-start=\"1694\" data-end=\"1697\">Die <strong data-start=\"1701\" data-end=\"1736\">seitlichen und vorderen Taschen<\/strong> erm\u00f6glichen <strong data-start=\"1749\" data-end=\"1800\">schnellen Zugriff auf h\u00e4ufig ben\u00f6tigtes Zubeh\u00f6r<\/strong>.<strong data-start=\"0\" data-end=\"85\"><br \/><\/strong><\/p>\n<p data-start=\"1805\" data-end=\"2131\" data-is-last-node=\"\" data-is-only-node=\"\"><strong data-start=\"1805\" data-end=\"1874\">8. Robustheit und Zuverl\u00e4ssigkeit unter allen Arbeitsbedingungen.<strong data-start=\"0\" data-end=\"85\"><br \/><\/strong><\/strong><br data-start=\"1874\" data-end=\"1877\"><strong data-start=\"1877\" data-end=\"1909\">Strapazierf\u00e4hige Materialien<\/strong> und <strong data-start=\"1914\" data-end=\"1942\">hochwertige Verarbeitung<\/strong> machen den <strong data-start=\"1954\" data-end=\"1971\">Monolith LT35<\/strong> zu einer <strong data-start=\"1981\" data-end=\"2015\">professionellen Werkzeugtasche<\/strong>, die f\u00fcr <strong data-start=\"2025\" data-end=\"2066\">Langlebigkeit und Einsatzbereitschaft<\/strong> selbst unter <strong data-start=\"2080\" data-end=\"2113\">anspruchsvollsten Bedingungen<\/strong>entwickelt wurde.<\/p>\n","protected":false},"excerpt":{"rendered":"<p>Der professionelle Rucksack <strong data-start=\"28\" data-end=\"45\">Monolith LT35<\/strong> aus der <strong data-start=\"54\" data-end=\"73\">Work Line by GT<\/strong> ist die ideale L\u00f6sung f\u00fcr alle, die eine <strong data-start=\"115\" data-end=\"133\">Werkzeugtasche<\/strong> mit <strong data-start=\"138\" data-end=\"161\">gro\u00dfem Innenvolumen<\/strong>, <strong data-start=\"163\" data-end=\"187\">hoher Funktionalit\u00e4t<\/strong> und <strong data-start=\"192\" data-end=\"208\">Tragekomfort<\/strong> suchen. <br \/>Entwickelt f\u00fcr <strong data-start=\"232\" data-end=\"279\">Techniker, Wartungs- und Servicemitarbeiter<\/strong>, wurde dieser <strong data-start=\"294\" data-end=\"314\">Werkzeugrucksack<\/strong> speziell f\u00fcr den <strong data-start=\"332\" data-end=\"372\">sicheren und organisierten Transport<\/strong> von Werkzeugen, Zubeh\u00f6r, Dokumenten und <strong data-start=\"413\" data-end=\"434\">Notebooks bis 17&#8243;<\/strong> konzipiert.<br \/><br data-start=\"446\" data-end=\"449\">Dank seines <strong data-start=\"461\" data-end=\"486\">ergonomischen Designs<\/strong> und der <strong data-start=\"495\" data-end=\"526\">hohen Materialbest\u00e4ndigkeit<\/strong> erweist sich der <strong data-start=\"544\" data-end=\"561\">Monolith LT35<\/strong> als unverzichtbares Arbeitsmittel f\u00fcr alle, die viel unterwegs sind \u2013 eine <strong data-start=\"637\" data-end=\"680\">kompakte, aber vollst\u00e4ndige Alternative<\/strong> zum herk\u00f6mmlichen <strong data-start=\"699\" data-end=\"717\">Werkzeugkoffer<\/strong> oder zur <strong data-start=\"727\" data-end=\"761\">professionellen Werkzeugtasche<\/strong>.<\/p>\n","protected":false},"featured_media":9035,"comment_status":"open","ping_status":"closed","template":"","meta":{"_acf_changed":false},"product_brand":[],"product_cat":[230],"product_tag":[],"class_list":{"0":"post-17003","1":"product","2":"type-product","3":"status-publish","4":"has-post-thumbnail","6":"product_cat-linea-top","7":"pa_produkttyp-werkzeugtaschen-und-rucksacke","9":"first","10":"instock","11":"shipping-taxable","12":"purchasable","13":"product-type-simple"},"acf":[],"yoast_head":"<!-- This site is optimized with the Yoast SEO plugin v25.4 - https:\/\/yoast.com\/wordpress\/plugins\/seo\/ -->\n<title>Work Line by GT Werkzeugrucksack MONOLITH LT35 - Gt Line DE<\/title>\n<meta name=\"robots\" content=\"index, follow, max-snippet:-1, max-image-preview:large, max-video-preview:-1\" \/>\n<link rel=\"canonical\" href=\"https:\/\/www.gtline.com\/de\/products\/work-line-by-gt-werkzeugrucksack-monolith-lt35\/\" \/>\n<meta property=\"og:locale\" content=\"de_DE\" \/>\n<meta property=\"og:type\" content=\"article\" \/>\n<meta property=\"og:title\" content=\"Work Line by GT Werkzeugrucksack MONOLITH LT35 - Gt Line DE\" \/>\n<meta property=\"og:description\" content=\"Der professionelle Rucksack Monolith LT35 aus der Work Line by GT ist die ideale L\u00f6sung f\u00fcr alle, die eine Werkzeugtasche mit gro\u00dfem Innenvolumen, hoher Funktionalit\u00e4t und Tragekomfort suchen. Entwickelt f\u00fcr Techniker, Wartungs- und Servicemitarbeiter, wurde dieser Werkzeugrucksack speziell f\u00fcr den sicheren und organisierten Transport von Werkzeugen, Zubeh\u00f6r, Dokumenten und Notebooks bis 17&quot; konzipiert.Dank seines ergonomischen Designs und der hohen Materialbest\u00e4ndigkeit erweist sich der Monolith LT35 als unverzichtbares Arbeitsmittel f\u00fcr alle, die viel unterwegs sind \u2013 eine kompakte, aber vollst\u00e4ndige Alternative zum herk\u00f6mmlichen Werkzeugkoffer oder zur professionellen Werkzeugtasche.\" \/>\n<meta property=\"og:url\" content=\"https:\/\/www.gtline.com\/de\/products\/work-line-by-gt-werkzeugrucksack-monolith-lt35\/\" \/>\n<meta property=\"og:site_name\" content=\"Gt Line DE\" \/>\n<meta property=\"article:publisher\" content=\"https:\/\/www.facebook.com\/gtlinesrl?locale=it_IT\" \/>\n<meta property=\"article:modified_time\" content=\"2026-04-17T02:11:57+00:00\" \/>\n<meta property=\"og:image\" content=\"https:\/\/www.gtline.com\/de\/wp-content\/uploads\/sites\/5\/2025\/05\/MONOLITH-LT35_ALL_01_9095.jpg\" \/>\n\t<meta property=\"og:image:width\" content=\"500\" \/>\n\t<meta property=\"og:image:height\" content=\"500\" \/>\n\t<meta property=\"og:image:type\" content=\"image\/jpeg\" \/>\n<meta name=\"twitter:card\" content=\"summary_large_image\" \/>\n<meta name=\"twitter:label1\" content=\"Gesch\u00e4tzte Lesezeit\" \/>\n\t<meta name=\"twitter:data1\" content=\"1\u00a0Minute\" \/>\n<script type=\"application\/ld+json\" class=\"yoast-schema-graph\">{\"@context\":\"https:\/\/schema.org\",\"@graph\":[{\"@type\":\"WebPage\",\"@id\":\"https:\/\/www.gtline.com\/de\/products\/work-line-by-gt-werkzeugrucksack-monolith-lt35\/\",\"url\":\"https:\/\/www.gtline.com\/de\/products\/work-line-by-gt-werkzeugrucksack-monolith-lt35\/\",\"name\":\"Work Line by GT Werkzeugrucksack MONOLITH LT35 - Gt Line DE\",\"isPartOf\":{\"@id\":\"https:\/\/www.gtline.com\/de\/#website\"},\"primaryImageOfPage\":{\"@id\":\"https:\/\/www.gtline.com\/de\/products\/work-line-by-gt-werkzeugrucksack-monolith-lt35\/#primaryimage\"},\"image\":{\"@id\":\"https:\/\/www.gtline.com\/de\/products\/work-line-by-gt-werkzeugrucksack-monolith-lt35\/#primaryimage\"},\"thumbnailUrl\":\"https:\/\/www.gtline.com\/de\/wp-content\/uploads\/sites\/5\/2025\/05\/MONOLITH-LT35_ALL_01_9095.jpg\",\"datePublished\":\"2025-07-30T10:23:46+00:00\",\"dateModified\":\"2026-04-17T02:11:57+00:00\",\"breadcrumb\":{\"@id\":\"https:\/\/www.gtline.com\/de\/products\/work-line-by-gt-werkzeugrucksack-monolith-lt35\/#breadcrumb\"},\"inLanguage\":\"de\",\"potentialAction\":[{\"@type\":\"ReadAction\",\"target\":[\"https:\/\/www.gtline.com\/de\/products\/work-line-by-gt-werkzeugrucksack-monolith-lt35\/\"]}]},{\"@type\":\"ImageObject\",\"inLanguage\":\"de\",\"@id\":\"https:\/\/www.gtline.com\/de\/products\/work-line-by-gt-werkzeugrucksack-monolith-lt35\/#primaryimage\",\"url\":\"https:\/\/www.gtline.com\/de\/wp-content\/uploads\/sites\/5\/2025\/05\/MONOLITH-LT35_ALL_01_9095.jpg\",\"contentUrl\":\"https:\/\/www.gtline.com\/de\/wp-content\/uploads\/sites\/5\/2025\/05\/MONOLITH-LT35_ALL_01_9095.jpg\",\"width\":500,\"height\":500},{\"@type\":\"BreadcrumbList\",\"@id\":\"https:\/\/www.gtline.com\/de\/products\/work-line-by-gt-werkzeugrucksack-monolith-lt35\/#breadcrumb\",\"itemListElement\":[{\"@type\":\"ListItem\",\"position\":1,\"name\":\"Home\",\"item\":\"https:\/\/www.gtline.com\/de\/\"},{\"@type\":\"ListItem\",\"position\":2,\"name\":\"Shop\",\"item\":\"https:\/\/www.gtline.com\/de\/negozio\/\"},{\"@type\":\"ListItem\",\"position\":3,\"name\":\"Work Line by GT Werkzeugrucksack MONOLITH LT35\"}]},{\"@type\":\"WebSite\",\"@id\":\"https:\/\/www.gtline.com\/de\/#website\",\"url\":\"https:\/\/www.gtline.com\/de\/\",\"name\":\"Gt Line\",\"description\":\"\",\"publisher\":{\"@id\":\"https:\/\/www.gtline.com\/de\/#organization\"},\"potentialAction\":[{\"@type\":\"SearchAction\",\"target\":{\"@type\":\"EntryPoint\",\"urlTemplate\":\"https:\/\/www.gtline.com\/de\/?s={search_term_string}\"},\"query-input\":{\"@type\":\"PropertyValueSpecification\",\"valueRequired\":true,\"valueName\":\"search_term_string\"}}],\"inLanguage\":\"de\"},{\"@type\":\"Organization\",\"@id\":\"https:\/\/www.gtline.com\/de\/#organization\",\"name\":\"Gt Line\",\"url\":\"https:\/\/www.gtline.com\/de\/\",\"logo\":{\"@type\":\"ImageObject\",\"inLanguage\":\"de\",\"@id\":\"https:\/\/www.gtline.com\/de\/#\/schema\/logo\/image\/\",\"url\":\"https:\/\/www.gtline.com\/de\/wp-content\/uploads\/sites\/5\/2025\/02\/logo.png\",\"contentUrl\":\"https:\/\/www.gtline.com\/de\/wp-content\/uploads\/sites\/5\/2025\/02\/logo.png\",\"width\":228,\"height\":146,\"caption\":\"Gt Line\"},\"image\":{\"@id\":\"https:\/\/www.gtline.com\/de\/#\/schema\/logo\/image\/\"},\"sameAs\":[\"https:\/\/www.facebook.com\/gtlinesrl?locale=it_IT\",\"https:\/\/www.instagram.com\/gt_line_srl\/\",\"https:\/\/www.youtube.com\/channel\/UCDvpkFqswNJOVFz64PkYRQQ\",\"https:\/\/www.linkedin.com\/company\/gt-line-srl\/\"]}]}<\/script>\n<!-- \/ Yoast SEO plugin. -->","yoast_head_json":{"title":"Work Line by GT Werkzeugrucksack MONOLITH LT35 - Gt Line DE","robots":{"index":"index","follow":"follow","max-snippet":"max-snippet:-1","max-image-preview":"max-image-preview:large","max-video-preview":"max-video-preview:-1"},"canonical":"https:\/\/www.gtline.com\/de\/products\/work-line-by-gt-werkzeugrucksack-monolith-lt35\/","og_locale":"de_DE","og_type":"article","og_title":"Work Line by GT Werkzeugrucksack MONOLITH LT35 - Gt Line DE","og_description":"Der professionelle Rucksack Monolith LT35 aus der Work Line by GT ist die ideale L\u00f6sung f\u00fcr alle, die eine Werkzeugtasche mit gro\u00dfem Innenvolumen, hoher Funktionalit\u00e4t und Tragekomfort suchen. Entwickelt f\u00fcr Techniker, Wartungs- und Servicemitarbeiter, wurde dieser Werkzeugrucksack speziell f\u00fcr den sicheren und organisierten Transport von Werkzeugen, Zubeh\u00f6r, Dokumenten und Notebooks bis 17\" konzipiert.Dank seines ergonomischen Designs und der hohen Materialbest\u00e4ndigkeit erweist sich der Monolith LT35 als unverzichtbares Arbeitsmittel f\u00fcr alle, die viel unterwegs sind \u2013 eine kompakte, aber vollst\u00e4ndige Alternative zum herk\u00f6mmlichen Werkzeugkoffer oder zur professionellen Werkzeugtasche.","og_url":"https:\/\/www.gtline.com\/de\/products\/work-line-by-gt-werkzeugrucksack-monolith-lt35\/","og_site_name":"Gt Line DE","article_publisher":"https:\/\/www.facebook.com\/gtlinesrl?locale=it_IT","article_modified_time":"2026-04-17T02:11:57+00:00","og_image":[{"width":500,"height":500,"url":"https:\/\/www.gtline.com\/de\/wp-content\/uploads\/sites\/5\/2025\/05\/MONOLITH-LT35_ALL_01_9095.jpg","type":"image\/jpeg"}],"twitter_card":"summary_large_image","twitter_misc":{"Gesch\u00e4tzte Lesezeit":"1\u00a0Minute"},"schema":{"@context":"https:\/\/schema.org","@graph":[{"@type":"WebPage","@id":"https:\/\/www.gtline.com\/de\/products\/work-line-by-gt-werkzeugrucksack-monolith-lt35\/","url":"https:\/\/www.gtline.com\/de\/products\/work-line-by-gt-werkzeugrucksack-monolith-lt35\/","name":"Work Line by GT Werkzeugrucksack MONOLITH LT35 - Gt Line DE","isPartOf":{"@id":"https:\/\/www.gtline.com\/de\/#website"},"primaryImageOfPage":{"@id":"https:\/\/www.gtline.com\/de\/products\/work-line-by-gt-werkzeugrucksack-monolith-lt35\/#primaryimage"},"image":{"@id":"https:\/\/www.gtline.com\/de\/products\/work-line-by-gt-werkzeugrucksack-monolith-lt35\/#primaryimage"},"thumbnailUrl":"https:\/\/www.gtline.com\/de\/wp-content\/uploads\/sites\/5\/2025\/05\/MONOLITH-LT35_ALL_01_9095.jpg","datePublished":"2025-07-30T10:23:46+00:00","dateModified":"2026-04-17T02:11:57+00:00","breadcrumb":{"@id":"https:\/\/www.gtline.com\/de\/products\/work-line-by-gt-werkzeugrucksack-monolith-lt35\/#breadcrumb"},"inLanguage":"de","potentialAction":[{"@type":"ReadAction","target":["https:\/\/www.gtline.com\/de\/products\/work-line-by-gt-werkzeugrucksack-monolith-lt35\/"]}]},{"@type":"ImageObject","inLanguage":"de","@id":"https:\/\/www.gtline.com\/de\/products\/work-line-by-gt-werkzeugrucksack-monolith-lt35\/#primaryimage","url":"https:\/\/www.gtline.com\/de\/wp-content\/uploads\/sites\/5\/2025\/05\/MONOLITH-LT35_ALL_01_9095.jpg","contentUrl":"https:\/\/www.gtline.com\/de\/wp-content\/uploads\/sites\/5\/2025\/05\/MONOLITH-LT35_ALL_01_9095.jpg","width":500,"height":500},{"@type":"BreadcrumbList","@id":"https:\/\/www.gtline.com\/de\/products\/work-line-by-gt-werkzeugrucksack-monolith-lt35\/#breadcrumb","itemListElement":[{"@type":"ListItem","position":1,"name":"Home","item":"https:\/\/www.gtline.com\/de\/"},{"@type":"ListItem","position":2,"name":"Shop","item":"https:\/\/www.gtline.com\/de\/negozio\/"},{"@type":"ListItem","position":3,"name":"Work Line by GT Werkzeugrucksack MONOLITH LT35"}]},{"@type":"WebSite","@id":"https:\/\/www.gtline.com\/de\/#website","url":"https:\/\/www.gtline.com\/de\/","name":"Gt Line","description":"","publisher":{"@id":"https:\/\/www.gtline.com\/de\/#organization"},"potentialAction":[{"@type":"SearchAction","target":{"@type":"EntryPoint","urlTemplate":"https:\/\/www.gtline.com\/de\/?s={search_term_string}"},"query-input":{"@type":"PropertyValueSpecification","valueRequired":true,"valueName":"search_term_string"}}],"inLanguage":"de"},{"@type":"Organization","@id":"https:\/\/www.gtline.com\/de\/#organization","name":"Gt Line","url":"https:\/\/www.gtline.com\/de\/","logo":{"@type":"ImageObject","inLanguage":"de","@id":"https:\/\/www.gtline.com\/de\/#\/schema\/logo\/image\/","url":"https:\/\/www.gtline.com\/de\/wp-content\/uploads\/sites\/5\/2025\/02\/logo.png","contentUrl":"https:\/\/www.gtline.com\/de\/wp-content\/uploads\/sites\/5\/2025\/02\/logo.png","width":228,"height":146,"caption":"Gt Line"},"image":{"@id":"https:\/\/www.gtline.com\/de\/#\/schema\/logo\/image\/"},"sameAs":["https:\/\/www.facebook.com\/gtlinesrl?locale=it_IT","https:\/\/www.instagram.com\/gt_line_srl\/","https:\/\/www.youtube.com\/channel\/UCDvpkFqswNJOVFz64PkYRQQ","https:\/\/www.linkedin.com\/company\/gt-line-srl\/"]}]}},"_links":{"self":[{"href":"https:\/\/www.gtline.com\/de\/wp-json\/wp\/v2\/product\/17003","targetHints":{"allow":["GET"]}}],"collection":[{"href":"https:\/\/www.gtline.com\/de\/wp-json\/wp\/v2\/product"}],"about":[{"href":"https:\/\/www.gtline.com\/de\/wp-json\/wp\/v2\/types\/product"}],"replies":[{"embeddable":true,"href":"https:\/\/www.gtline.com\/de\/wp-json\/wp\/v2\/comments?post=17003"}],"version-history":[{"count":3,"href":"https:\/\/www.gtline.com\/de\/wp-json\/wp\/v2\/product\/17003\/revisions"}],"predecessor-version":[{"id":22349,"href":"https:\/\/www.gtline.com\/de\/wp-json\/wp\/v2\/product\/17003\/revisions\/22349"}],"wp:featuredmedia":[{"embeddable":true,"href":"https:\/\/www.gtline.com\/de\/wp-json\/wp\/v2\/media\/9035"}],"wp:attachment":[{"href":"https:\/\/www.gtline.com\/de\/wp-json\/wp\/v2\/media?parent=17003"}],"wp:term":[{"taxonomy":"product_brand","embeddable":true,"href":"https:\/\/www.gtline.com\/de\/wp-json\/wp\/v2\/product_brand?post=17003"},{"taxonomy":"product_cat","embeddable":true,"href":"https:\/\/www.gtline.com\/de\/wp-json\/wp\/v2\/product_cat?post=17003"},{"taxonomy":"product_tag","embeddable":true,"href":"https:\/\/www.gtline.com\/de\/wp-json\/wp\/v2\/product_tag?post=17003"}],"curies":[{"name":"wp","href":"https:\/\/api.w.org\/{rel}","templated":true}]}}