{"id":17005,"date":"2025-07-30T10:23:56","date_gmt":"2025-07-30T10:23:56","guid":{"rendered":"https:\/\/www.gtline.com\/de\/prodotto\/gt-line-werkzeugwagen-ai1-kt02\/"},"modified":"2026-04-17T02:12:08","modified_gmt":"2026-04-17T02:12:08","slug":"gt-line-werkzeugwagen-ai1-kt02","status":"publish","type":"product","link":"https:\/\/www.gtline.com\/de\/products\/gt-line-werkzeugwagen-ai1-kt02\/","title":{"rendered":"GT Line Werkzeugwagen AI1. KT02"},"content":{"rendered":"<p data-start=\"86\" data-end=\"368\"><strong data-start=\"86\" data-end=\"145\">1. Ultrarobuste Struktur f\u00fcr anspruchsvolle Umgebungen<br \/><\/strong><br data-start=\"145\" data-end=\"148\">Das Geh\u00e4use aus <strong data-start=\"164\" data-end=\"197\">spritzgegossenem Polypropylen<\/strong> bietet <strong data-start=\"205\" data-end=\"259\">Sto\u00df-, Wasser-, Staub- und Korrosionsbest\u00e4ndigkeit<\/strong> und macht diesen <strong data-start=\"277\" data-end=\"303\">Trolley-Werkzeugkoffer<\/strong> ideal f\u00fcr den t\u00e4glichen Einsatz unter schwierigen Bedingungen.<\/p>\n<p data-start=\"370\" data-end=\"686\"><strong data-start=\"370\" data-end=\"412\">2. Vollst\u00e4ndig anpassbares Innenleben <br \/><\/strong><br data-start=\"412\" data-end=\"415\">Die <strong data-start=\"419\" data-end=\"443\">modularen Schubladen<\/strong> (30, 60 und 95 mm) k\u00f6nnen mit <strong data-start=\"474\" data-end=\"529\">zweifarbigen, vorgeschnittenen Schaumstoffeins\u00e4tzen<\/strong>oder <strong data-start=\"535\" data-end=\"554\">Kleinteileboxen<\/strong> konfiguriert werden, um <strong data-start=\"579\" data-end=\"653\">Handwerkzeuge, elektronische Komponenten und technisches Kleinmaterial<\/strong> \u00fcbersichtlich zu organisieren.<\/p>\n<p data-start=\"688\" data-end=\"968\"><strong data-start=\"688\" data-end=\"748\">3. Sicherheitsmechanismus gegen unbeabsichtigtes \u00d6ffnen<br \/><\/strong><br data-start=\"748\" data-end=\"751\">Das <strong data-start=\"755\" data-end=\"814\">Sicherheitsverriegelungssystem f\u00fcr ge\u00f6ffnete Schubladen<\/strong> verhindert das unbeabsichtigte Herausgleiten der Schubladen w\u00e4hrend der Nutzung oder des Transports und sorgt f\u00fcr <strong data-start=\"929\" data-end=\"965\">stabile und sichere Organisation<\/strong>.<\/p>\n<p data-start=\"970\" data-end=\"1224\"><strong data-start=\"970\" data-end=\"1026\">4. Schneller Zugriff mit doppelt abnehmbarem Deckel<br \/><\/strong><br data-start=\"1026\" data-end=\"1029\">Die beiden <strong data-start=\"1040\" data-end=\"1077\">abnehmbaren Front- und Oberdeckel<\/strong> sind mit <strong data-start=\"1087\" data-end=\"1114\">Doppelhebelverschl\u00fcssen<\/strong> ausgestattet, die <strong data-start=\"1133\" data-end=\"1159\">einen einfachen Zugang<\/strong> und <strong data-start=\"1164\" data-end=\"1193\">eine sichere Verriegelung<\/strong> der Innenf\u00e4cher erm\u00f6glichen.<\/p>\n<p data-start=\"1226\" data-end=\"1532\"><strong data-start=\"1226\" data-end=\"1295\">5. Leichter und komfortabler Transport auch auf unebenen Fl\u00e4chen<br \/><\/strong><br data-start=\"1295\" data-end=\"1298\">Dank des <strong data-start=\"1307\" data-end=\"1338\">ausziehbaren Teleskopgriffs<\/strong>, der <strong data-start=\"1344\" data-end=\"1370\">seitlichen Tragegriffe<\/strong> und der <strong data-start=\"1379\" data-end=\"1422\">vier robusten, selbstschmierenden R\u00e4der<\/strong>l\u00e4sst sich der <strong data-start=\"1438\" data-end=\"1464\">Trolley-Werkzeugkoffer<\/strong> auch auf schwierigen Oberfl\u00e4chen oder auf Reisen m\u00fchelos bewegen.<\/p>\n<p data-start=\"1534\" data-end=\"1833\"><strong data-start=\"1534\" data-end=\"1611\">6. Zentralverriegelung mit Schl\u00fcssel und Vorrichtung f\u00fcr Zusatzschl\u00f6sser<br \/><\/strong><br data-start=\"1611\" data-end=\"1614\">Das <strong data-start=\"1618\" data-end=\"1658\">zentrale Schlie\u00dfsystem mit Schl\u00fcssel<\/strong> verriegelt beide Deckel gleichzeitig. Zus\u00e4tzliche <strong data-start=\"1709\" data-end=\"1730\">Vorh\u00e4ngeschl\u00f6sser<\/strong>k\u00f6nnen angebracht werden, um einen noch besseren <strong data-start=\"1780\" data-end=\"1813\">Schutz vor unbefugtem Zugriff<\/strong> zu gew\u00e4hrleisten.<\/p>\n<p data-start=\"1835\" data-end=\"2072\"><strong data-start=\"1835\" data-end=\"1878\">7. Patentiertes modulares Stapelsystem<br \/><\/strong><br data-start=\"1878\" data-end=\"1881\">Der neue <strong data-start=\"1890\" data-end=\"1906\">obere Deckel<\/strong> verf\u00fcgt \u00fcber ein <strong data-start=\"1924\" data-end=\"1958\">patentiertes Verbindungssystem<\/strong> f\u00fcr die <strong data-start=\"1967\" data-end=\"1984\">AI1MOD-Module<\/strong>, wodurch der Koffer mit <strong data-start=\"2009\" data-end=\"2047\">weiterem Zubeh\u00f6r und Zusatzmodulen<\/strong> erweitert werden kann.<\/p>\n<p data-start=\"2074\" data-end=\"2283\"><strong data-start=\"2074\" data-end=\"2112\">8. Intelligente Inhaltsverwaltung <br \/><\/strong><br data-start=\"2112\" data-end=\"2115\">Die <strong data-start=\"2119\" data-end=\"2149\">INTELLIRESPOND-Technologie<\/strong> erm\u00f6glicht die <strong data-start=\"2165\" data-end=\"2202\">digitale Verwaltung der Werkzeuge<\/strong> \u00fcber eine App \u2013 f\u00fcr eine <strong data-start=\"2228\" data-end=\"2262\">smarte und sofortige Kontrolle<\/strong> des Kofferinhalts.<\/p>\n<p data-start=\"2285\" data-end=\"2500\"><strong data-start=\"2285\" data-end=\"2337\">9. Schnelle Identifikation und visuelle Ordnung<strong data-start=\"2074\" data-end=\"2112\"><br \/><\/strong><\/strong><br data-start=\"2337\" data-end=\"2340\">Enth\u00e4lt ein <strong data-start=\"2352\" data-end=\"2377\">Identifikationsschild<\/strong>, ein <strong data-start=\"2383\" data-end=\"2402\">Inhalts-Etikett<\/strong> und ein <strong data-start=\"2411\" data-end=\"2442\">herausnehmbares oberes Fach<\/strong>, um die Werkzeuge <strong data-start=\"2461\" data-end=\"2481\">klar und schnell<\/strong> zu organisieren.<strong data-start=\"2074\" data-end=\"2112\"><br \/><\/strong><\/p>\n<p data-start=\"2502\" data-end=\"2563\"><strong data-start=\"2502\" data-end=\"2561\">10. Vollst\u00e4ndige und vielseitige Standardkonfiguration<strong data-start=\"2074\" data-end=\"2112\"><br \/><\/strong><\/strong><\/p>\n<p data-start=\"2566\" data-end=\"2597\">1 Schublade, H\u00f6he 30 mm, leer <strong data-start=\"2074\" data-end=\"2112\"><br \/><\/strong><\/p>\n<p data-start=\"2600\" data-end=\"2632\">2 Schubladen, H\u00f6he 60 mm, leer<strong data-start=\"2074\" data-end=\"2112\"><br \/><\/strong><\/p>\n<p data-start=\"2635\" data-end=\"2666\">1 Schublade, H\u00f6he 95 mm, leer<strong data-start=\"2074\" data-end=\"2112\"><br \/><\/strong><\/p>\n<p data-start=\"2669\" data-end=\"2719\">5 Kleinteileboxen (2 \u00d7 WL01, 2 \u00d7 WL02, 1 \u00d7 WL04)<strong data-start=\"2074\" data-end=\"2112\"><br \/><\/strong><\/p>\n<p data-placeholder=\"Fai una domanda\">\n","protected":false},"excerpt":{"rendered":"<p>Der <strong data-start=\"108\" data-end=\"143\">Trolley-Werkzeugkoffer AI1.KT02<\/strong> von <strong data-start=\"148\" data-end=\"159\">GT Line<\/strong> ist ein professioneller Werkzeugkoffer, der speziell f\u00fcr <strong data-start=\"217\" data-end=\"251\">Techniker und Wartungspersonal<\/strong> entwickelt wurde, die <strong data-start=\"274\" data-end=\"321\">Widerstandsf\u00e4higkeit, Ordnung und Mobilit\u00e4t<\/strong> suchen.<br \/><br data-start=\"329\" data-end=\"332\">Hergestellt aus <strong data-start=\"348\" data-end=\"381\">hochschlagfestem Polypropylen<\/strong>, eignet er sich perfekt f\u00fcr den Einsatz in <strong data-start=\"425\" data-end=\"455\">anspruchsvollen Umgebungen<\/strong> und unter <strong data-start=\"466\" data-end=\"497\">extremen Arbeitsbedingungen<\/strong>.<br data-start=\"498\" data-end=\"501\">Ausgestattet mit <strong data-start=\"518\" data-end=\"558\">herausnehmbaren modularen Schubladen<\/strong>, <strong data-start=\"560\" data-end=\"583\">abnehmbaren Deckeln<\/strong> und einem <strong data-start=\"594\" data-end=\"631\">intelligenten Verriegelungssystem<\/strong>, erm\u00f6glicht dieser professionelle Trolley-Werkzeugkoffer den <strong data-start=\"693\" data-end=\"780\">sicheren Transport von Handwerkzeugen, Bauteilen, Elektrowerkzeugen und Kleinteilen<\/strong>.<br data-start=\"781\" data-end=\"784\">Der <strong data-start=\"788\" data-end=\"817\">ausziehbare Teleskopgriff<\/strong>, die <strong data-start=\"823\" data-end=\"861\">robusten, selbstschmierenden R\u00e4der<\/strong> und die <strong data-start=\"870\" data-end=\"896\">Sicherheitsverschl\u00fcsse<\/strong> sorgen f\u00fcr einen <strong data-start=\"914\" data-end=\"949\">bequemen und sicheren Transport<\/strong>, auch \u00fcber <strong data-start=\"961\" data-end=\"979\">lange Strecken<\/strong> oder beim <strong data-start=\"990\" data-end=\"1007\">Flugtransport<\/strong>.<br \/><br data-start=\"1008\" data-end=\"1011\">Dank der integrierten <strong data-start=\"1033\" data-end=\"1063\">INTELLIRESPOND-Technologie<\/strong> kann der Inhalt <strong data-start=\"1080\" data-end=\"1101\">digital verwaltet<\/strong> werden \u2013 \u00fcber eine <strong data-start=\"1121\" data-end=\"1139\">dedizierte App<\/strong>.<br data-start=\"1140\" data-end=\"1143\">Ein <strong data-start=\"1147\" data-end=\"1181\">zuverl\u00e4ssiger Arbeitsbegleiter<\/strong> f\u00fcr alle, die <strong data-start=\"1196\" data-end=\"1227\">Ordnung und Zuverl\u00e4ssigkeit<\/strong> in jeder Situation verlangen.<\/p>\n","protected":false},"featured_media":9113,"comment_status":"open","ping_status":"closed","template":"","meta":{"_acf_changed":false},"product_brand":[],"product_cat":[229],"product_tag":[],"class_list":{"0":"post-17005","1":"product","2":"type-product","3":"status-publish","4":"has-post-thumbnail","6":"product_cat-tool-chest","7":"pa_anwendungen-alle","8":"pa_anwendungen-koffer-und-taschen-fur-betreuer","9":"pa_anwendungen-koffer-und-taschen-fur-die-luft-und-raumfahrtbranche-mro","10":"pa_anwendungen-koffer-und-taschen-fur-elektriker","11":"pa_anwendungen-koffer-und-taschen-fur-installateure","12":"pa_anwendungen-koffer-und-taschen-fur-servicetechniker","13":"pa_produkttyp-werkzeugkoffer","14":"pa_produkttyp-all-in-one-modular-system","16":"first","17":"instock","18":"shipping-taxable","19":"purchasable","20":"product-type-simple"},"acf":[],"yoast_head":"<!-- This site is optimized with the Yoast SEO plugin v25.4 - https:\/\/yoast.com\/wordpress\/plugins\/seo\/ -->\n<title>GT Line Werkzeugwagen AI1. KT02 - Gt Line DE<\/title>\n<meta name=\"robots\" content=\"index, follow, max-snippet:-1, max-image-preview:large, max-video-preview:-1\" \/>\n<link rel=\"canonical\" href=\"https:\/\/www.gtline.com\/de\/products\/gt-line-werkzeugwagen-ai1-kt02\/\" \/>\n<meta property=\"og:locale\" content=\"de_DE\" \/>\n<meta property=\"og:type\" content=\"article\" \/>\n<meta property=\"og:title\" content=\"GT Line Werkzeugwagen AI1. KT02 - Gt Line DE\" \/>\n<meta property=\"og:description\" content=\"Der Trolley-Werkzeugkoffer AI1.KT02 von GT Line ist ein professioneller Werkzeugkoffer, der speziell f\u00fcr Techniker und Wartungspersonal entwickelt wurde, die Widerstandsf\u00e4higkeit, Ordnung und Mobilit\u00e4t suchen.Hergestellt aus hochschlagfestem Polypropylen, eignet er sich perfekt f\u00fcr den Einsatz in anspruchsvollen Umgebungen und unter extremen Arbeitsbedingungen.Ausgestattet mit herausnehmbaren modularen Schubladen, abnehmbaren Deckeln und einem intelligenten Verriegelungssystem, erm\u00f6glicht dieser professionelle Trolley-Werkzeugkoffer den sicheren Transport von Handwerkzeugen, Bauteilen, Elektrowerkzeugen und Kleinteilen.Der ausziehbare Teleskopgriff, die robusten, selbstschmierenden R\u00e4der und die Sicherheitsverschl\u00fcsse sorgen f\u00fcr einen bequemen und sicheren Transport, auch \u00fcber lange Strecken oder beim Flugtransport.Dank der integrierten INTELLIRESPOND-Technologie kann der Inhalt digital verwaltet werden \u2013 \u00fcber eine dedizierte App.Ein zuverl\u00e4ssiger Arbeitsbegleiter f\u00fcr alle, die Ordnung und Zuverl\u00e4ssigkeit in jeder Situation verlangen.\" \/>\n<meta property=\"og:url\" content=\"https:\/\/www.gtline.com\/de\/products\/gt-line-werkzeugwagen-ai1-kt02\/\" \/>\n<meta property=\"og:site_name\" content=\"Gt Line DE\" \/>\n<meta property=\"article:publisher\" content=\"https:\/\/www.facebook.com\/gtlinesrl?locale=it_IT\" \/>\n<meta property=\"article:modified_time\" content=\"2026-04-17T02:12:08+00:00\" \/>\n<meta property=\"og:image\" content=\"https:\/\/www.gtline.com\/de\/wp-content\/uploads\/sites\/5\/2025\/05\/AI1_KT02_03_9099.jpg\" \/>\n\t<meta property=\"og:image:width\" content=\"500\" \/>\n\t<meta property=\"og:image:height\" content=\"500\" \/>\n\t<meta property=\"og:image:type\" content=\"image\/jpeg\" \/>\n<meta name=\"twitter:card\" content=\"summary_large_image\" \/>\n<meta name=\"twitter:label1\" content=\"Gesch\u00e4tzte Lesezeit\" \/>\n\t<meta name=\"twitter:data1\" content=\"1\u00a0Minute\" \/>\n<script type=\"application\/ld+json\" class=\"yoast-schema-graph\">{\"@context\":\"https:\/\/schema.org\",\"@graph\":[{\"@type\":\"WebPage\",\"@id\":\"https:\/\/www.gtline.com\/de\/products\/gt-line-werkzeugwagen-ai1-kt02\/\",\"url\":\"https:\/\/www.gtline.com\/de\/products\/gt-line-werkzeugwagen-ai1-kt02\/\",\"name\":\"GT Line Werkzeugwagen AI1. KT02 - Gt Line DE\",\"isPartOf\":{\"@id\":\"https:\/\/www.gtline.com\/de\/#website\"},\"primaryImageOfPage\":{\"@id\":\"https:\/\/www.gtline.com\/de\/products\/gt-line-werkzeugwagen-ai1-kt02\/#primaryimage\"},\"image\":{\"@id\":\"https:\/\/www.gtline.com\/de\/products\/gt-line-werkzeugwagen-ai1-kt02\/#primaryimage\"},\"thumbnailUrl\":\"https:\/\/www.gtline.com\/de\/wp-content\/uploads\/sites\/5\/2025\/05\/AI1_KT02_03_9099.jpg\",\"datePublished\":\"2025-07-30T10:23:56+00:00\",\"dateModified\":\"2026-04-17T02:12:08+00:00\",\"breadcrumb\":{\"@id\":\"https:\/\/www.gtline.com\/de\/products\/gt-line-werkzeugwagen-ai1-kt02\/#breadcrumb\"},\"inLanguage\":\"de\",\"potentialAction\":[{\"@type\":\"ReadAction\",\"target\":[\"https:\/\/www.gtline.com\/de\/products\/gt-line-werkzeugwagen-ai1-kt02\/\"]}]},{\"@type\":\"ImageObject\",\"inLanguage\":\"de\",\"@id\":\"https:\/\/www.gtline.com\/de\/products\/gt-line-werkzeugwagen-ai1-kt02\/#primaryimage\",\"url\":\"https:\/\/www.gtline.com\/de\/wp-content\/uploads\/sites\/5\/2025\/05\/AI1_KT02_03_9099.jpg\",\"contentUrl\":\"https:\/\/www.gtline.com\/de\/wp-content\/uploads\/sites\/5\/2025\/05\/AI1_KT02_03_9099.jpg\",\"width\":500,\"height\":500},{\"@type\":\"BreadcrumbList\",\"@id\":\"https:\/\/www.gtline.com\/de\/products\/gt-line-werkzeugwagen-ai1-kt02\/#breadcrumb\",\"itemListElement\":[{\"@type\":\"ListItem\",\"position\":1,\"name\":\"Home\",\"item\":\"https:\/\/www.gtline.com\/de\/\"},{\"@type\":\"ListItem\",\"position\":2,\"name\":\"Shop\",\"item\":\"https:\/\/www.gtline.com\/de\/negozio\/\"},{\"@type\":\"ListItem\",\"position\":3,\"name\":\"GT Line Werkzeugwagen AI1. KT02\"}]},{\"@type\":\"WebSite\",\"@id\":\"https:\/\/www.gtline.com\/de\/#website\",\"url\":\"https:\/\/www.gtline.com\/de\/\",\"name\":\"Gt Line\",\"description\":\"\",\"publisher\":{\"@id\":\"https:\/\/www.gtline.com\/de\/#organization\"},\"potentialAction\":[{\"@type\":\"SearchAction\",\"target\":{\"@type\":\"EntryPoint\",\"urlTemplate\":\"https:\/\/www.gtline.com\/de\/?s={search_term_string}\"},\"query-input\":{\"@type\":\"PropertyValueSpecification\",\"valueRequired\":true,\"valueName\":\"search_term_string\"}}],\"inLanguage\":\"de\"},{\"@type\":\"Organization\",\"@id\":\"https:\/\/www.gtline.com\/de\/#organization\",\"name\":\"Gt Line\",\"url\":\"https:\/\/www.gtline.com\/de\/\",\"logo\":{\"@type\":\"ImageObject\",\"inLanguage\":\"de\",\"@id\":\"https:\/\/www.gtline.com\/de\/#\/schema\/logo\/image\/\",\"url\":\"https:\/\/www.gtline.com\/de\/wp-content\/uploads\/sites\/5\/2025\/02\/logo.png\",\"contentUrl\":\"https:\/\/www.gtline.com\/de\/wp-content\/uploads\/sites\/5\/2025\/02\/logo.png\",\"width\":228,\"height\":146,\"caption\":\"Gt Line\"},\"image\":{\"@id\":\"https:\/\/www.gtline.com\/de\/#\/schema\/logo\/image\/\"},\"sameAs\":[\"https:\/\/www.facebook.com\/gtlinesrl?locale=it_IT\",\"https:\/\/www.instagram.com\/gt_line_srl\/\",\"https:\/\/www.youtube.com\/channel\/UCDvpkFqswNJOVFz64PkYRQQ\",\"https:\/\/www.linkedin.com\/company\/gt-line-srl\/\"]}]}<\/script>\n<!-- \/ Yoast SEO plugin. -->","yoast_head_json":{"title":"GT Line Werkzeugwagen AI1. KT02 - Gt Line DE","robots":{"index":"index","follow":"follow","max-snippet":"max-snippet:-1","max-image-preview":"max-image-preview:large","max-video-preview":"max-video-preview:-1"},"canonical":"https:\/\/www.gtline.com\/de\/products\/gt-line-werkzeugwagen-ai1-kt02\/","og_locale":"de_DE","og_type":"article","og_title":"GT Line Werkzeugwagen AI1. KT02 - Gt Line DE","og_description":"Der Trolley-Werkzeugkoffer AI1.KT02 von GT Line ist ein professioneller Werkzeugkoffer, der speziell f\u00fcr Techniker und Wartungspersonal entwickelt wurde, die Widerstandsf\u00e4higkeit, Ordnung und Mobilit\u00e4t suchen.Hergestellt aus hochschlagfestem Polypropylen, eignet er sich perfekt f\u00fcr den Einsatz in anspruchsvollen Umgebungen und unter extremen Arbeitsbedingungen.Ausgestattet mit herausnehmbaren modularen Schubladen, abnehmbaren Deckeln und einem intelligenten Verriegelungssystem, erm\u00f6glicht dieser professionelle Trolley-Werkzeugkoffer den sicheren Transport von Handwerkzeugen, Bauteilen, Elektrowerkzeugen und Kleinteilen.Der ausziehbare Teleskopgriff, die robusten, selbstschmierenden R\u00e4der und die Sicherheitsverschl\u00fcsse sorgen f\u00fcr einen bequemen und sicheren Transport, auch \u00fcber lange Strecken oder beim Flugtransport.Dank der integrierten INTELLIRESPOND-Technologie kann der Inhalt digital verwaltet werden \u2013 \u00fcber eine dedizierte App.Ein zuverl\u00e4ssiger Arbeitsbegleiter f\u00fcr alle, die Ordnung und Zuverl\u00e4ssigkeit in jeder Situation verlangen.","og_url":"https:\/\/www.gtline.com\/de\/products\/gt-line-werkzeugwagen-ai1-kt02\/","og_site_name":"Gt Line DE","article_publisher":"https:\/\/www.facebook.com\/gtlinesrl?locale=it_IT","article_modified_time":"2026-04-17T02:12:08+00:00","og_image":[{"width":500,"height":500,"url":"https:\/\/www.gtline.com\/de\/wp-content\/uploads\/sites\/5\/2025\/05\/AI1_KT02_03_9099.jpg","type":"image\/jpeg"}],"twitter_card":"summary_large_image","twitter_misc":{"Gesch\u00e4tzte Lesezeit":"1\u00a0Minute"},"schema":{"@context":"https:\/\/schema.org","@graph":[{"@type":"WebPage","@id":"https:\/\/www.gtline.com\/de\/products\/gt-line-werkzeugwagen-ai1-kt02\/","url":"https:\/\/www.gtline.com\/de\/products\/gt-line-werkzeugwagen-ai1-kt02\/","name":"GT Line Werkzeugwagen AI1. KT02 - Gt Line DE","isPartOf":{"@id":"https:\/\/www.gtline.com\/de\/#website"},"primaryImageOfPage":{"@id":"https:\/\/www.gtline.com\/de\/products\/gt-line-werkzeugwagen-ai1-kt02\/#primaryimage"},"image":{"@id":"https:\/\/www.gtline.com\/de\/products\/gt-line-werkzeugwagen-ai1-kt02\/#primaryimage"},"thumbnailUrl":"https:\/\/www.gtline.com\/de\/wp-content\/uploads\/sites\/5\/2025\/05\/AI1_KT02_03_9099.jpg","datePublished":"2025-07-30T10:23:56+00:00","dateModified":"2026-04-17T02:12:08+00:00","breadcrumb":{"@id":"https:\/\/www.gtline.com\/de\/products\/gt-line-werkzeugwagen-ai1-kt02\/#breadcrumb"},"inLanguage":"de","potentialAction":[{"@type":"ReadAction","target":["https:\/\/www.gtline.com\/de\/products\/gt-line-werkzeugwagen-ai1-kt02\/"]}]},{"@type":"ImageObject","inLanguage":"de","@id":"https:\/\/www.gtline.com\/de\/products\/gt-line-werkzeugwagen-ai1-kt02\/#primaryimage","url":"https:\/\/www.gtline.com\/de\/wp-content\/uploads\/sites\/5\/2025\/05\/AI1_KT02_03_9099.jpg","contentUrl":"https:\/\/www.gtline.com\/de\/wp-content\/uploads\/sites\/5\/2025\/05\/AI1_KT02_03_9099.jpg","width":500,"height":500},{"@type":"BreadcrumbList","@id":"https:\/\/www.gtline.com\/de\/products\/gt-line-werkzeugwagen-ai1-kt02\/#breadcrumb","itemListElement":[{"@type":"ListItem","position":1,"name":"Home","item":"https:\/\/www.gtline.com\/de\/"},{"@type":"ListItem","position":2,"name":"Shop","item":"https:\/\/www.gtline.com\/de\/negozio\/"},{"@type":"ListItem","position":3,"name":"GT Line Werkzeugwagen AI1. KT02"}]},{"@type":"WebSite","@id":"https:\/\/www.gtline.com\/de\/#website","url":"https:\/\/www.gtline.com\/de\/","name":"Gt Line","description":"","publisher":{"@id":"https:\/\/www.gtline.com\/de\/#organization"},"potentialAction":[{"@type":"SearchAction","target":{"@type":"EntryPoint","urlTemplate":"https:\/\/www.gtline.com\/de\/?s={search_term_string}"},"query-input":{"@type":"PropertyValueSpecification","valueRequired":true,"valueName":"search_term_string"}}],"inLanguage":"de"},{"@type":"Organization","@id":"https:\/\/www.gtline.com\/de\/#organization","name":"Gt Line","url":"https:\/\/www.gtline.com\/de\/","logo":{"@type":"ImageObject","inLanguage":"de","@id":"https:\/\/www.gtline.com\/de\/#\/schema\/logo\/image\/","url":"https:\/\/www.gtline.com\/de\/wp-content\/uploads\/sites\/5\/2025\/02\/logo.png","contentUrl":"https:\/\/www.gtline.com\/de\/wp-content\/uploads\/sites\/5\/2025\/02\/logo.png","width":228,"height":146,"caption":"Gt Line"},"image":{"@id":"https:\/\/www.gtline.com\/de\/#\/schema\/logo\/image\/"},"sameAs":["https:\/\/www.facebook.com\/gtlinesrl?locale=it_IT","https:\/\/www.instagram.com\/gt_line_srl\/","https:\/\/www.youtube.com\/channel\/UCDvpkFqswNJOVFz64PkYRQQ","https:\/\/www.linkedin.com\/company\/gt-line-srl\/"]}]}},"_links":{"self":[{"href":"https:\/\/www.gtline.com\/de\/wp-json\/wp\/v2\/product\/17005","targetHints":{"allow":["GET"]}}],"collection":[{"href":"https:\/\/www.gtline.com\/de\/wp-json\/wp\/v2\/product"}],"about":[{"href":"https:\/\/www.gtline.com\/de\/wp-json\/wp\/v2\/types\/product"}],"replies":[{"embeddable":true,"href":"https:\/\/www.gtline.com\/de\/wp-json\/wp\/v2\/comments?post=17005"}],"version-history":[{"count":2,"href":"https:\/\/www.gtline.com\/de\/wp-json\/wp\/v2\/product\/17005\/revisions"}],"predecessor-version":[{"id":22276,"href":"https:\/\/www.gtline.com\/de\/wp-json\/wp\/v2\/product\/17005\/revisions\/22276"}],"wp:featuredmedia":[{"embeddable":true,"href":"https:\/\/www.gtline.com\/de\/wp-json\/wp\/v2\/media\/9113"}],"wp:attachment":[{"href":"https:\/\/www.gtline.com\/de\/wp-json\/wp\/v2\/media?parent=17005"}],"wp:term":[{"taxonomy":"product_brand","embeddable":true,"href":"https:\/\/www.gtline.com\/de\/wp-json\/wp\/v2\/product_brand?post=17005"},{"taxonomy":"product_cat","embeddable":true,"href":"https:\/\/www.gtline.com\/de\/wp-json\/wp\/v2\/product_cat?post=17005"},{"taxonomy":"product_tag","embeddable":true,"href":"https:\/\/www.gtline.com\/de\/wp-json\/wp\/v2\/product_tag?post=17005"}],"curies":[{"name":"wp","href":"https:\/\/api.w.org\/{rel}","templated":true}]}}