{"id":17007,"date":"2025-07-30T10:24:02","date_gmt":"2025-07-30T10:24:02","guid":{"rendered":"https:\/\/www.gtline.com\/de\/prodotto\/gt-line-werkzeugwagen-ai1x-b\/"},"modified":"2026-04-17T02:12:14","modified_gmt":"2026-04-17T02:12:14","slug":"gt-line-werkzeugwagen-ai1x-b","status":"publish","type":"product","link":"https:\/\/www.gtline.com\/de\/products\/gt-line-werkzeugwagen-ai1x-b\/","title":{"rendered":"GT Line Werkzeugwagen AI1X. B"},"content":{"rendered":"<p data-start=\"177\" data-end=\"519\"><strong>1. Maximale Widerstandsf\u00e4higkeit unter allen Arbeitsbedingungen<\/strong><br \/><br data-start=\"261\" data-end=\"264\">Gefertigt aus <strong data-start=\"278\" data-end=\"324\">hochdichtem, spritzgegossenem Polypropylen<\/strong>, ist dieser <strong data-start=\"337\" data-end=\"363\">Trolley-Werkzeugkoffer<\/strong> darauf ausgelegt, <strong data-start=\"382\" data-end=\"430\">St\u00f6\u00dfen, Belastungen und extremen Bedingungen<\/strong> standzuhalten und dabei <strong data-start=\"455\" data-end=\"495\">Langlebigkeit und dauerhaften Schutz<\/strong>zu gew\u00e4hrleisten.<\/p>\n<p data-start=\"521\" data-end=\"896\"><strong>2. Modulares System mit konfigurierbaren Schubladen<\/strong><br \/><br data-start=\"593\" data-end=\"596\">Der <strong data-start=\"600\" data-end=\"613\">Innenraum<\/strong> kann individuell mit <strong data-start=\"635\" data-end=\"657\">3 bis 7 Schubladen<\/strong> in unterschiedlichen H\u00f6hen (30, 60, 95 mm) ausgestattet werden \u2013 wahlweise mit <strong data-start=\"737\" data-end=\"769\">vorgeschnittenem Schaumstoff<\/strong>, <strong data-start=\"771\" data-end=\"790\">Kleinteileboxen<\/strong> oder <strong data-start=\"796\" data-end=\"814\">Werkzeugtafeln<\/strong> \u2013 und verwandelt den Trolley in einen <strong data-start=\"853\" data-end=\"889\">ma\u00dfgeschneiderten Werkzeugkoffer<\/strong>.<\/p>\n<p data-start=\"898\" data-end=\"1164\"><strong>3. Zentralverriegelung mit Schl\u00fcssel<\/strong><br \/><br data-start=\"955\" data-end=\"958\">Ein <strong data-start=\"962\" data-end=\"989\">zentrales Schlie\u00dfsystem<\/strong> verriegelt <strong data-start=\"1001\" data-end=\"1049\">gleichzeitig die obere und vordere Abdeckung<\/strong>, um den Inhalt vor <strong data-start=\"1069\" data-end=\"1091\">unbefugtem Zugriff<\/strong> und <strong data-start=\"1096\" data-end=\"1145\">versehentlichem \u00d6ffnen w\u00e4hrend des Transports<\/strong> zu sch\u00fctzen.<\/p>\n<p data-start=\"1166\" data-end=\"1485\"><strong>4. Einfacher Transport und professionelle Mobilit\u00e4t<\/strong><br \/><br data-start=\"1238\" data-end=\"1241\">Mit <strong data-start=\"1245\" data-end=\"1275\">ausziehbarem Teleskopgriff<\/strong>, <strong data-start=\"1277\" data-end=\"1309\">zwei seitlichen Tragegriffen<\/strong> und <strong data-start=\"1314\" data-end=\"1353\">vier robusten, ger\u00e4uscharmen R\u00e4dern<\/strong> l\u00e4sst sich der Trolley <strong data-start=\"1377\" data-end=\"1414\">m\u00fchelos auch auf unebenem Gel\u00e4nde<\/strong> bewegen \u2013 f\u00fcr <strong data-start=\"1429\" data-end=\"1478\">h\u00f6heren Komfort und gesteigerte Produktivit\u00e4t<\/strong>.<\/p>\n<p data-start=\"1487\" data-end=\"1770\"><strong>5. Intelligentes Werkzeugmanagement mit INTELLIRESPOND<\/strong><br \/><br data-start=\"1562\" data-end=\"1565\">Mit der kostenlosen <strong data-start=\"1585\" data-end=\"1607\">INTELLIRESPOND-App<\/strong> k\u00f6nnen Werkzeuge <strong data-start=\"1625\" data-end=\"1671\">nachverfolgt, inventarisiert und verwaltet<\/strong>werden \u2013 direkt \u00fcber das Smartphone. Weitere Informationen unter <strong data-start=\"1737\" data-end=\"1763\">www.intellirespond.com<\/strong>.<\/p>\n<p data-start=\"1772\" data-end=\"2066\"><strong>6. Erweiterte Organisation f\u00fcr Kleinteile<\/strong><br \/><br data-start=\"1834\" data-end=\"1837\">Enthalten sind <strong data-start=\"1852\" data-end=\"1890\">5 vorkonfigurierte Kleinteileboxen<\/strong> (2\u00d7 WL01, 2\u00d7 WL02, 1\u00d7 WL04) mit speziellen F\u00e4chern f\u00fcr <strong data-start=\"1946\" data-end=\"1997\">Schrauben, Muttern, Bolzen und Kleinkomponenten<\/strong>, f\u00fcr eine <strong data-start=\"2008\" data-end=\"2059\">optimale und jederzeit zug\u00e4ngliche Organisation<\/strong>.<\/p>\n<p data-start=\"2068\" data-end=\"2386\"><strong>7. Erweiterbare Struktur \u2013 kompatibel mit Zusatzmodulen<\/strong><br \/><br data-start=\"2144\" data-end=\"2147\">Der neue <strong data-start=\"2156\" data-end=\"2172\">obere Deckel<\/strong> verf\u00fcgt \u00fcber ein <strong data-start=\"2190\" data-end=\"2219\">patentiertes Stapelsystem<\/strong>, das <strong data-start=\"2225\" data-end=\"2262\">kompatibel mit den AI1MOD-Modulen<\/strong> ist \u2013 f\u00fcr die <strong data-start=\"2277\" data-end=\"2306\">Erweiterung des Stauraums<\/strong> und den Aufbau eines <strong data-start=\"2328\" data-end=\"2379\">mehrst\u00f6ckigen, professionellen Transportsystems<\/strong>.<\/p>\n<p data-start=\"2388\" data-end=\"2725\"><strong>8. Durchdachte Details f\u00fcr den professionellen Einsatz<\/strong><br \/><br data-start=\"2463\" data-end=\"2466\">Ein <strong data-start=\"2470\" data-end=\"2501\">herausnehmbares oberes Fach<\/strong>, <strong data-start=\"2503\" data-end=\"2529\">Doppelhebelverschl\u00fcsse<\/strong>, <strong data-start=\"2531\" data-end=\"2557\">Identifikationsetikett<\/strong>, <strong data-start=\"2559\" data-end=\"2598\">Vorrichtungen f\u00fcr Vorh\u00e4ngeschl\u00f6sser<\/strong> und <strong data-start=\"2603\" data-end=\"2619\">Namensschild<\/strong> \u2013 jedes Detail ist darauf ausgelegt, den <strong data-start=\"2661\" data-end=\"2683\">t\u00e4glichen Gebrauch<\/strong> des Werkzeugkoffers zu erleichtern.<\/p>\n","protected":false},"excerpt":{"rendered":"<p data-start=\"106\" data-end=\"494\">Der <strong data-start=\"110\" data-end=\"143\">Trolley-Werkzeugkoffer AI1X.B<\/strong> ist ein <strong data-start=\"152\" data-end=\"180\">professioneller Beh\u00e4lter<\/strong>, der speziell f\u00fcr <strong data-start=\"199\" data-end=\"233\">Techniker und Wartungspersonal<\/strong> entwickelt wurde, die einen <strong data-start=\"262\" data-end=\"332\">robusten, vielseitigen und hochgradig organisierten Werkzeugkoffer<\/strong>ben\u00f6tigen.<br \/><br data-start=\"343\" data-end=\"346\">Gefertigt aus <strong data-start=\"360\" data-end=\"412\" data-is-only-node=\"\">strapazierf\u00e4higem, spritzgegossenem Polypropylen<\/strong>, eignet er sich ideal f\u00fcr den Einsatz in <strong data-start=\"454\" data-end=\"491\">anspruchsvollen Arbeitsumgebungen<\/strong>.<\/p>\n<p data-start=\"496\" data-end=\"909\">Die <strong data-start=\"500\" data-end=\"521\">modulare Struktur<\/strong> wird <strong data-start=\"527\" data-end=\"545\">leer geliefert<\/strong> und kann mit verschiedenen <strong data-start=\"573\" data-end=\"617\">Schubladentypen individuell konfiguriert<\/strong>werden \u2013 mit bis zu <strong data-start=\"638\" data-end=\"666\">acht m\u00f6glichen Varianten<\/strong>.<br data-start=\"667\" data-end=\"670\">Der <strong data-start=\"674\" data-end=\"697\" data-is-only-node=\"\">gro\u00dfz\u00fcgige Stauraum<\/strong> und das <strong data-start=\"706\" data-end=\"727\">optionale Zubeh\u00f6r<\/strong> machen diesen <strong data-start=\"742\" data-end=\"768\">Trolley-Werkzeugkoffer<\/strong> zur <strong data-start=\"773\" data-end=\"793\">perfekten L\u00f6sung<\/strong>f\u00fcr alle, die <strong data-start=\"808\" data-end=\"858\">Ordnung, Sicherheit und Benutzerfreundlichkeit<\/strong> auch bei <strong data-start=\"868\" data-end=\"899\">langen Eins\u00e4tzen und Reisen<\/strong> suchen.<\/p>\n<p data-start=\"911\" data-end=\"1117\">Dank der integrierten <strong data-start=\"933\" data-end=\"963\">INTELLIRESPOND-Technologie<\/strong> l\u00e4sst sich der <strong data-start=\"979\" data-end=\"1028\">Inhalt des Koffers direkt \u00fcber das Smartphone<\/strong>verwalten und \u00fcberwachen \u2013 f\u00fcr eine <strong data-start=\"1065\" data-end=\"1114\">intelligente Kontrolle der eigenen Ausr\u00fcstung<\/strong>.<\/p>\n","protected":false},"featured_media":9205,"comment_status":"open","ping_status":"closed","template":"","meta":{"_acf_changed":false},"product_brand":[],"product_cat":[229],"product_tag":[],"class_list":{"0":"post-17007","1":"product","2":"type-product","3":"status-publish","4":"has-post-thumbnail","6":"product_cat-tool-chest","7":"pa_anwendungen-alle","8":"pa_anwendungen-koffer-und-taschen-fur-betreuer","9":"pa_anwendungen-koffer-und-taschen-fur-die-luft-und-raumfahrtbranche-mro","10":"pa_anwendungen-koffer-und-taschen-fur-elektriker","11":"pa_anwendungen-koffer-und-taschen-fur-installateure","12":"pa_anwendungen-koffer-und-taschen-fur-servicetechniker","13":"pa_produkttyp-werkzeugkoffer","14":"pa_produkttyp-all-in-one-modular-system","16":"first","17":"instock","18":"shipping-taxable","19":"purchasable","20":"product-type-simple"},"acf":[],"yoast_head":"<!-- This site is optimized with the Yoast SEO plugin v25.4 - https:\/\/yoast.com\/wordpress\/plugins\/seo\/ -->\n<title>GT Line Werkzeugwagen AI1X. B - Gt Line DE<\/title>\n<meta name=\"robots\" content=\"index, follow, max-snippet:-1, max-image-preview:large, max-video-preview:-1\" \/>\n<link rel=\"canonical\" href=\"https:\/\/www.gtline.com\/de\/products\/gt-line-werkzeugwagen-ai1x-b\/\" \/>\n<meta property=\"og:locale\" content=\"de_DE\" \/>\n<meta property=\"og:type\" content=\"article\" \/>\n<meta property=\"og:title\" content=\"GT Line Werkzeugwagen AI1X. B - Gt Line DE\" \/>\n<meta property=\"og:description\" content=\"Der Trolley-Werkzeugkoffer AI1X.B ist ein professioneller Beh\u00e4lter, der speziell f\u00fcr Techniker und Wartungspersonal entwickelt wurde, die einen robusten, vielseitigen und hochgradig organisierten Werkzeugkofferben\u00f6tigen.Gefertigt aus strapazierf\u00e4higem, spritzgegossenem Polypropylen, eignet er sich ideal f\u00fcr den Einsatz in anspruchsvollen Arbeitsumgebungen. Die modulare Struktur wird leer geliefert und kann mit verschiedenen Schubladentypen individuell konfiguriertwerden \u2013 mit bis zu acht m\u00f6glichen Varianten.Der gro\u00dfz\u00fcgige Stauraum und das optionale Zubeh\u00f6r machen diesen Trolley-Werkzeugkoffer zur perfekten L\u00f6sungf\u00fcr alle, die Ordnung, Sicherheit und Benutzerfreundlichkeit auch bei langen Eins\u00e4tzen und Reisen suchen. Dank der integrierten INTELLIRESPOND-Technologie l\u00e4sst sich der Inhalt des Koffers direkt \u00fcber das Smartphoneverwalten und \u00fcberwachen \u2013 f\u00fcr eine intelligente Kontrolle der eigenen Ausr\u00fcstung.\" \/>\n<meta property=\"og:url\" content=\"https:\/\/www.gtline.com\/de\/products\/gt-line-werkzeugwagen-ai1x-b\/\" \/>\n<meta property=\"og:site_name\" content=\"Gt Line DE\" \/>\n<meta property=\"article:publisher\" content=\"https:\/\/www.facebook.com\/gtlinesrl?locale=it_IT\" \/>\n<meta property=\"article:modified_time\" content=\"2026-04-17T02:12:14+00:00\" \/>\n<meta property=\"og:image\" content=\"https:\/\/www.gtline.com\/de\/wp-content\/uploads\/sites\/5\/2025\/05\/AI1X.B_01_9117.jpg\" \/>\n\t<meta property=\"og:image:width\" content=\"500\" \/>\n\t<meta property=\"og:image:height\" content=\"500\" \/>\n\t<meta property=\"og:image:type\" content=\"image\/jpeg\" \/>\n<meta name=\"twitter:card\" content=\"summary_large_image\" \/>\n<meta name=\"twitter:label1\" content=\"Gesch\u00e4tzte Lesezeit\" \/>\n\t<meta name=\"twitter:data1\" content=\"1\u00a0Minute\" \/>\n<script type=\"application\/ld+json\" class=\"yoast-schema-graph\">{\"@context\":\"https:\/\/schema.org\",\"@graph\":[{\"@type\":\"WebPage\",\"@id\":\"https:\/\/www.gtline.com\/de\/products\/gt-line-werkzeugwagen-ai1x-b\/\",\"url\":\"https:\/\/www.gtline.com\/de\/products\/gt-line-werkzeugwagen-ai1x-b\/\",\"name\":\"GT Line Werkzeugwagen AI1X. B - Gt Line DE\",\"isPartOf\":{\"@id\":\"https:\/\/www.gtline.com\/de\/#website\"},\"primaryImageOfPage\":{\"@id\":\"https:\/\/www.gtline.com\/de\/products\/gt-line-werkzeugwagen-ai1x-b\/#primaryimage\"},\"image\":{\"@id\":\"https:\/\/www.gtline.com\/de\/products\/gt-line-werkzeugwagen-ai1x-b\/#primaryimage\"},\"thumbnailUrl\":\"https:\/\/www.gtline.com\/de\/wp-content\/uploads\/sites\/5\/2025\/05\/AI1X.B_01_9117.jpg\",\"datePublished\":\"2025-07-30T10:24:02+00:00\",\"dateModified\":\"2026-04-17T02:12:14+00:00\",\"breadcrumb\":{\"@id\":\"https:\/\/www.gtline.com\/de\/products\/gt-line-werkzeugwagen-ai1x-b\/#breadcrumb\"},\"inLanguage\":\"de\",\"potentialAction\":[{\"@type\":\"ReadAction\",\"target\":[\"https:\/\/www.gtline.com\/de\/products\/gt-line-werkzeugwagen-ai1x-b\/\"]}]},{\"@type\":\"ImageObject\",\"inLanguage\":\"de\",\"@id\":\"https:\/\/www.gtline.com\/de\/products\/gt-line-werkzeugwagen-ai1x-b\/#primaryimage\",\"url\":\"https:\/\/www.gtline.com\/de\/wp-content\/uploads\/sites\/5\/2025\/05\/AI1X.B_01_9117.jpg\",\"contentUrl\":\"https:\/\/www.gtline.com\/de\/wp-content\/uploads\/sites\/5\/2025\/05\/AI1X.B_01_9117.jpg\",\"width\":500,\"height\":500},{\"@type\":\"BreadcrumbList\",\"@id\":\"https:\/\/www.gtline.com\/de\/products\/gt-line-werkzeugwagen-ai1x-b\/#breadcrumb\",\"itemListElement\":[{\"@type\":\"ListItem\",\"position\":1,\"name\":\"Home\",\"item\":\"https:\/\/www.gtline.com\/de\/\"},{\"@type\":\"ListItem\",\"position\":2,\"name\":\"Shop\",\"item\":\"https:\/\/www.gtline.com\/de\/negozio\/\"},{\"@type\":\"ListItem\",\"position\":3,\"name\":\"GT Line Werkzeugwagen AI1X. B\"}]},{\"@type\":\"WebSite\",\"@id\":\"https:\/\/www.gtline.com\/de\/#website\",\"url\":\"https:\/\/www.gtline.com\/de\/\",\"name\":\"Gt Line\",\"description\":\"\",\"publisher\":{\"@id\":\"https:\/\/www.gtline.com\/de\/#organization\"},\"potentialAction\":[{\"@type\":\"SearchAction\",\"target\":{\"@type\":\"EntryPoint\",\"urlTemplate\":\"https:\/\/www.gtline.com\/de\/?s={search_term_string}\"},\"query-input\":{\"@type\":\"PropertyValueSpecification\",\"valueRequired\":true,\"valueName\":\"search_term_string\"}}],\"inLanguage\":\"de\"},{\"@type\":\"Organization\",\"@id\":\"https:\/\/www.gtline.com\/de\/#organization\",\"name\":\"Gt Line\",\"url\":\"https:\/\/www.gtline.com\/de\/\",\"logo\":{\"@type\":\"ImageObject\",\"inLanguage\":\"de\",\"@id\":\"https:\/\/www.gtline.com\/de\/#\/schema\/logo\/image\/\",\"url\":\"https:\/\/www.gtline.com\/de\/wp-content\/uploads\/sites\/5\/2025\/02\/logo.png\",\"contentUrl\":\"https:\/\/www.gtline.com\/de\/wp-content\/uploads\/sites\/5\/2025\/02\/logo.png\",\"width\":228,\"height\":146,\"caption\":\"Gt Line\"},\"image\":{\"@id\":\"https:\/\/www.gtline.com\/de\/#\/schema\/logo\/image\/\"},\"sameAs\":[\"https:\/\/www.facebook.com\/gtlinesrl?locale=it_IT\",\"https:\/\/www.instagram.com\/gt_line_srl\/\",\"https:\/\/www.youtube.com\/channel\/UCDvpkFqswNJOVFz64PkYRQQ\",\"https:\/\/www.linkedin.com\/company\/gt-line-srl\/\"]}]}<\/script>\n<!-- \/ Yoast SEO plugin. -->","yoast_head_json":{"title":"GT Line Werkzeugwagen AI1X. B - Gt Line DE","robots":{"index":"index","follow":"follow","max-snippet":"max-snippet:-1","max-image-preview":"max-image-preview:large","max-video-preview":"max-video-preview:-1"},"canonical":"https:\/\/www.gtline.com\/de\/products\/gt-line-werkzeugwagen-ai1x-b\/","og_locale":"de_DE","og_type":"article","og_title":"GT Line Werkzeugwagen AI1X. B - Gt Line DE","og_description":"Der Trolley-Werkzeugkoffer AI1X.B ist ein professioneller Beh\u00e4lter, der speziell f\u00fcr Techniker und Wartungspersonal entwickelt wurde, die einen robusten, vielseitigen und hochgradig organisierten Werkzeugkofferben\u00f6tigen.Gefertigt aus strapazierf\u00e4higem, spritzgegossenem Polypropylen, eignet er sich ideal f\u00fcr den Einsatz in anspruchsvollen Arbeitsumgebungen. Die modulare Struktur wird leer geliefert und kann mit verschiedenen Schubladentypen individuell konfiguriertwerden \u2013 mit bis zu acht m\u00f6glichen Varianten.Der gro\u00dfz\u00fcgige Stauraum und das optionale Zubeh\u00f6r machen diesen Trolley-Werkzeugkoffer zur perfekten L\u00f6sungf\u00fcr alle, die Ordnung, Sicherheit und Benutzerfreundlichkeit auch bei langen Eins\u00e4tzen und Reisen suchen. Dank der integrierten INTELLIRESPOND-Technologie l\u00e4sst sich der Inhalt des Koffers direkt \u00fcber das Smartphoneverwalten und \u00fcberwachen \u2013 f\u00fcr eine intelligente Kontrolle der eigenen Ausr\u00fcstung.","og_url":"https:\/\/www.gtline.com\/de\/products\/gt-line-werkzeugwagen-ai1x-b\/","og_site_name":"Gt Line DE","article_publisher":"https:\/\/www.facebook.com\/gtlinesrl?locale=it_IT","article_modified_time":"2026-04-17T02:12:14+00:00","og_image":[{"width":500,"height":500,"url":"https:\/\/www.gtline.com\/de\/wp-content\/uploads\/sites\/5\/2025\/05\/AI1X.B_01_9117.jpg","type":"image\/jpeg"}],"twitter_card":"summary_large_image","twitter_misc":{"Gesch\u00e4tzte Lesezeit":"1\u00a0Minute"},"schema":{"@context":"https:\/\/schema.org","@graph":[{"@type":"WebPage","@id":"https:\/\/www.gtline.com\/de\/products\/gt-line-werkzeugwagen-ai1x-b\/","url":"https:\/\/www.gtline.com\/de\/products\/gt-line-werkzeugwagen-ai1x-b\/","name":"GT Line Werkzeugwagen AI1X. B - Gt Line DE","isPartOf":{"@id":"https:\/\/www.gtline.com\/de\/#website"},"primaryImageOfPage":{"@id":"https:\/\/www.gtline.com\/de\/products\/gt-line-werkzeugwagen-ai1x-b\/#primaryimage"},"image":{"@id":"https:\/\/www.gtline.com\/de\/products\/gt-line-werkzeugwagen-ai1x-b\/#primaryimage"},"thumbnailUrl":"https:\/\/www.gtline.com\/de\/wp-content\/uploads\/sites\/5\/2025\/05\/AI1X.B_01_9117.jpg","datePublished":"2025-07-30T10:24:02+00:00","dateModified":"2026-04-17T02:12:14+00:00","breadcrumb":{"@id":"https:\/\/www.gtline.com\/de\/products\/gt-line-werkzeugwagen-ai1x-b\/#breadcrumb"},"inLanguage":"de","potentialAction":[{"@type":"ReadAction","target":["https:\/\/www.gtline.com\/de\/products\/gt-line-werkzeugwagen-ai1x-b\/"]}]},{"@type":"ImageObject","inLanguage":"de","@id":"https:\/\/www.gtline.com\/de\/products\/gt-line-werkzeugwagen-ai1x-b\/#primaryimage","url":"https:\/\/www.gtline.com\/de\/wp-content\/uploads\/sites\/5\/2025\/05\/AI1X.B_01_9117.jpg","contentUrl":"https:\/\/www.gtline.com\/de\/wp-content\/uploads\/sites\/5\/2025\/05\/AI1X.B_01_9117.jpg","width":500,"height":500},{"@type":"BreadcrumbList","@id":"https:\/\/www.gtline.com\/de\/products\/gt-line-werkzeugwagen-ai1x-b\/#breadcrumb","itemListElement":[{"@type":"ListItem","position":1,"name":"Home","item":"https:\/\/www.gtline.com\/de\/"},{"@type":"ListItem","position":2,"name":"Shop","item":"https:\/\/www.gtline.com\/de\/negozio\/"},{"@type":"ListItem","position":3,"name":"GT Line Werkzeugwagen AI1X. B"}]},{"@type":"WebSite","@id":"https:\/\/www.gtline.com\/de\/#website","url":"https:\/\/www.gtline.com\/de\/","name":"Gt Line","description":"","publisher":{"@id":"https:\/\/www.gtline.com\/de\/#organization"},"potentialAction":[{"@type":"SearchAction","target":{"@type":"EntryPoint","urlTemplate":"https:\/\/www.gtline.com\/de\/?s={search_term_string}"},"query-input":{"@type":"PropertyValueSpecification","valueRequired":true,"valueName":"search_term_string"}}],"inLanguage":"de"},{"@type":"Organization","@id":"https:\/\/www.gtline.com\/de\/#organization","name":"Gt Line","url":"https:\/\/www.gtline.com\/de\/","logo":{"@type":"ImageObject","inLanguage":"de","@id":"https:\/\/www.gtline.com\/de\/#\/schema\/logo\/image\/","url":"https:\/\/www.gtline.com\/de\/wp-content\/uploads\/sites\/5\/2025\/02\/logo.png","contentUrl":"https:\/\/www.gtline.com\/de\/wp-content\/uploads\/sites\/5\/2025\/02\/logo.png","width":228,"height":146,"caption":"Gt Line"},"image":{"@id":"https:\/\/www.gtline.com\/de\/#\/schema\/logo\/image\/"},"sameAs":["https:\/\/www.facebook.com\/gtlinesrl?locale=it_IT","https:\/\/www.instagram.com\/gt_line_srl\/","https:\/\/www.youtube.com\/channel\/UCDvpkFqswNJOVFz64PkYRQQ","https:\/\/www.linkedin.com\/company\/gt-line-srl\/"]}]}},"_links":{"self":[{"href":"https:\/\/www.gtline.com\/de\/wp-json\/wp\/v2\/product\/17007","targetHints":{"allow":["GET"]}}],"collection":[{"href":"https:\/\/www.gtline.com\/de\/wp-json\/wp\/v2\/product"}],"about":[{"href":"https:\/\/www.gtline.com\/de\/wp-json\/wp\/v2\/types\/product"}],"replies":[{"embeddable":true,"href":"https:\/\/www.gtline.com\/de\/wp-json\/wp\/v2\/comments?post=17007"}],"version-history":[{"count":2,"href":"https:\/\/www.gtline.com\/de\/wp-json\/wp\/v2\/product\/17007\/revisions"}],"predecessor-version":[{"id":22277,"href":"https:\/\/www.gtline.com\/de\/wp-json\/wp\/v2\/product\/17007\/revisions\/22277"}],"wp:featuredmedia":[{"embeddable":true,"href":"https:\/\/www.gtline.com\/de\/wp-json\/wp\/v2\/media\/9205"}],"wp:attachment":[{"href":"https:\/\/www.gtline.com\/de\/wp-json\/wp\/v2\/media?parent=17007"}],"wp:term":[{"taxonomy":"product_brand","embeddable":true,"href":"https:\/\/www.gtline.com\/de\/wp-json\/wp\/v2\/product_brand?post=17007"},{"taxonomy":"product_cat","embeddable":true,"href":"https:\/\/www.gtline.com\/de\/wp-json\/wp\/v2\/product_cat?post=17007"},{"taxonomy":"product_tag","embeddable":true,"href":"https:\/\/www.gtline.com\/de\/wp-json\/wp\/v2\/product_tag?post=17007"}],"curies":[{"name":"wp","href":"https:\/\/api.w.org\/{rel}","templated":true}]}}