{"id":17009,"date":"2025-07-30T10:24:08","date_gmt":"2025-07-30T10:24:08","guid":{"rendered":"https:\/\/www.gtline.com\/de\/prodotto\/gt-line-werkzeugwagen-ai1x-b-lmt\/"},"modified":"2026-04-17T02:12:20","modified_gmt":"2026-04-17T02:12:20","slug":"gt-line-werkzeugwagen-ai1x-b-lmt","status":"publish","type":"product","link":"https:\/\/www.gtline.com\/de\/products\/gt-line-werkzeugwagen-ai1x-b-lmt\/","title":{"rendered":"GT Line Werkzeugwagen AI1X. B.LMT"},"content":{"rendered":"<p data-start=\"149\" data-end=\"449\"><strong>1. Ultrastabile und leicht \u2013 f\u00fcr anspruchsvolle Arbeitsumgebungen<\/strong><br \/><br data-start=\"235\" data-end=\"238\">Gefertigt aus <strong data-start=\"252\" data-end=\"280\">hochdichtem Polypropylen<\/strong>, bietet dieser <strong data-start=\"296\" data-end=\"314\">Werkzeugkoffer<\/strong> eine perfekte Kombination aus <strong data-start=\"345\" data-end=\"395\">Sto\u00dffestigkeit, Leichtigkeit und Langlebigkeit<\/strong>, selbst unter den h\u00e4rtesten Einsatzbedingungen.<\/p>\n<p data-start=\"451\" data-end=\"759\"><strong>2. Modulares Design f\u00fcr individuelle Organisation<\/strong><br \/><br data-start=\"521\" data-end=\"524\">Mit <strong data-start=\"528\" data-end=\"571\">3 bis 7 herausnehmbaren Frontschubladen<\/strong> in verschiedenen H\u00f6hen (30, 60, 95 mm) l\u00e4sst sich ein <strong data-start=\"626\" data-end=\"654\">ma\u00dfgeschneidertes Layout<\/strong> erstellen \u2013 mit <strong data-start=\"671\" data-end=\"703\">vorgeschnittenem Schaumstoff<\/strong>, <strong data-start=\"705\" data-end=\"728\">Kleinteilebeh\u00e4ltern<\/strong> oder <strong data-start=\"734\" data-end=\"752\">Werkzeugtafeln<\/strong>.<\/p>\n<p data-start=\"761\" data-end=\"1031\"><strong>3. Zentralverriegelung mit Schl\u00fcssel f\u00fcr maximale Sicherheit<\/strong><br \/><br data-start=\"842\" data-end=\"845\">Das <strong data-start=\"849\" data-end=\"875\">zentrale Schlie\u00dfsystem<\/strong> verriegelt gleichzeitig den <strong data-start=\"904\" data-end=\"934\">oberen und vorderen Deckel<\/strong> und sch\u00fctzt den Inhalt zuverl\u00e4ssig vor <strong data-start=\"974\" data-end=\"1024\">unbeabsichtigtem \u00d6ffnen und unbefugtem Zugriff<\/strong>.<\/p>\n<p data-start=\"1033\" data-end=\"1300\"><strong>4. INTELLIRESPOND-Technologie f\u00fcr intelligente Verwaltung<\/strong><br \/><br data-start=\"1111\" data-end=\"1114\">\u00dcber die kostenlose <strong data-start=\"1134\" data-end=\"1156\">INTELLIRESPOND-App<\/strong> lassen sich die Inhalte des Werkzeugkoffers <strong data-start=\"1201\" data-end=\"1237\">digital \u00fcberwachen und verwalten<\/strong>. Weitere Informationen unter <strong data-start=\"1267\" data-end=\"1293\">www.intellirespond.com<\/strong>.<\/p>\n<p data-start=\"1302\" data-end=\"1586\"><strong>5. Mobilit\u00e4t ohne Kompromisse<\/strong><br \/><br data-start=\"1352\" data-end=\"1355\">Mit <strong data-start=\"1359\" data-end=\"1389\">ausziehbarem Teleskopgriff<\/strong>, <strong data-start=\"1391\" data-end=\"1423\">zwei seitlichen Tragegriffen<\/strong> und <strong data-start=\"1428\" data-end=\"1480\">vier robusten, leisen, selbstschmierenden R\u00e4dern<\/strong>ist der Trolley <strong data-start=\"1497\" data-end=\"1525\">leicht zu transportieren<\/strong>, auch \u00fcber <strong data-start=\"1537\" data-end=\"1579\">lange Strecken und schwieriges Gel\u00e4nde<\/strong>.<\/p>\n<p data-start=\"1588\" data-end=\"1869\"><strong>6. Perfekte Organisation f\u00fcr Kleinteile<\/strong><br \/><br data-start=\"1648\" data-end=\"1651\">Der Koffer ist mit <strong data-start=\"1670\" data-end=\"1691\">5 Kleinteileboxen<\/strong> ausgestattet (2 \u00d7 WL01 mit 6 F\u00e4chern, 2 \u00d7 WL02 mit 13 F\u00e4chern, 1 \u00d7 WL04 mit 10 F\u00e4chern) sowie einem <strong data-start=\"1792\" data-end=\"1826\">herausnehmbaren oberen Einsatz<\/strong> f\u00fcr gr\u00f6\u00dfere Komponenten und Zubeh\u00f6r.<\/p>\n<p data-start=\"1871\" data-end=\"2156\"><strong>7. Erweiterbare Struktur mit patentiertem AI1MOD-System<\/strong><br \/><br data-start=\"1947\" data-end=\"1950\">Der neue <strong data-start=\"1959\" data-end=\"1975\">obere Deckel<\/strong> verf\u00fcgt \u00fcber ein <strong data-start=\"1993\" data-end=\"2022\">patentiertes Stapelsystem<\/strong> zur Verbindung mit <strong data-start=\"2042\" data-end=\"2060\">AI1MOD-Modulen<\/strong>, wodurch die <strong data-start=\"2074\" data-end=\"2104\">Kapazit\u00e4t und Flexibilit\u00e4t<\/strong> des professionellen Beh\u00e4lters erweitert wird.<\/p>\n<p data-start=\"2158\" data-end=\"2458\"><strong>8. Durchdachte Details f\u00fcr den t\u00e4glichen professionellen Einsatz<\/strong><br \/><br data-start=\"2243\" data-end=\"2246\">Mit <strong data-start=\"2250\" data-end=\"2266\">Namensschild<\/strong>, <strong data-start=\"2268\" data-end=\"2286\">Inhaltsetikett<\/strong>, <strong data-start=\"2288\" data-end=\"2315\">Doppelhebelverschl\u00fcssen<\/strong> und <strong data-start=\"2320\" data-end=\"2359\">Vorrichtungen f\u00fcr Vorh\u00e4ngeschl\u00f6sser<\/strong> ist dieser Werkzeugkoffer <strong data-start=\"2386\" data-end=\"2441\">bis ins Detail auf Effizienz und Praxistauglichkeit<\/strong> ausgelegt.<\/p>\n","protected":false},"excerpt":{"rendered":"<p data-start=\"173\" data-end=\"663\">Der <strong data-start=\"177\" data-end=\"214\">Trolley-Werkzeugkoffer AI1X.B.LMT<\/strong> ist ein <strong data-start=\"223\" data-end=\"257\">professioneller Werkzeugkoffer<\/strong>, der entwickelt wurde, um <strong data-start=\"284\" data-end=\"322\">maximale Funktionalit\u00e4t und Schutz<\/strong> beim Transport von <strong data-start=\"342\" data-end=\"395\">Handwerkzeugen, Elektrowerkzeugen und Kleinteilen<\/strong> zu bieten.<br \/><br data-start=\"406\" data-end=\"409\">Gefertigt aus <strong data-start=\"423\" data-end=\"466\">robustem, spritzgegossenem Polypropylen<\/strong>, ist dieser <strong data-start=\"479\" data-end=\"506\">professionelle Beh\u00e4lter<\/strong> speziell f\u00fcr den Einsatz in <strong data-start=\"535\" data-end=\"565\">extremen Arbeitsumgebungen<\/strong> konzipiert und gew\u00e4hrleistet eine <strong data-start=\"600\" data-end=\"621\">lange Lebensdauer<\/strong> auch unter anspruchsvollen Bedingungen.<\/p>\n<p data-start=\"665\" data-end=\"1115\">Dank seiner <strong data-start=\"677\" data-end=\"699\">modularen Struktur<\/strong> mit <strong data-start=\"704\" data-end=\"735\">konfigurierbaren Schubladen<\/strong>, einem <strong data-start=\"743\" data-end=\"769\">sicheren Schlie\u00dfsystem<\/strong> und <strong data-start=\"774\" data-end=\"796\">optionalem Zubeh\u00f6r<\/strong> wird der <strong data-start=\"806\" data-end=\"820\">AI1X.B.LMT<\/strong> zu einem <strong data-start=\"830\" data-end=\"867\">unverzichtbaren Arbeitsinstrument<\/strong> f\u00fcr anspruchsvolle Techniker.<br \/><br data-start=\"897\" data-end=\"900\">Mit der integrierten <strong data-start=\"921\" data-end=\"951\">INTELLIRESPOND-Technologie<\/strong> k\u00f6nnen Profis den <strong data-start=\"970\" data-end=\"1051\">Inhalt ihres Werkzeugkoffers intelligent und digital \u00fcberwachen und verwalten<\/strong> \u2013 f\u00fcr maximale <strong data-start=\"1067\" data-end=\"1094\">Effizienz und Kontrolle<\/strong> bei jedem Einsatz.<\/p>\n","protected":false},"featured_media":9217,"comment_status":"open","ping_status":"closed","template":"","meta":{"_acf_changed":false},"product_brand":[],"product_cat":[229],"product_tag":[],"class_list":{"0":"post-17009","1":"product","2":"type-product","3":"status-publish","4":"has-post-thumbnail","6":"product_cat-tool-chest","7":"pa_anwendungen-alle","8":"pa_anwendungen-koffer-und-taschen-fur-betreuer","9":"pa_anwendungen-koffer-und-taschen-fur-die-luft-und-raumfahrtbranche-mro","10":"pa_anwendungen-koffer-und-taschen-fur-elektriker","11":"pa_anwendungen-koffer-und-taschen-fur-installateure","12":"pa_anwendungen-koffer-und-taschen-fur-servicetechniker","13":"pa_produkttyp-werkzeugkoffer","14":"pa_produkttyp-all-in-one-modular-system","16":"first","17":"instock","18":"shipping-taxable","19":"purchasable","20":"product-type-simple"},"acf":[],"yoast_head":"<!-- This site is optimized with the Yoast SEO plugin v25.4 - https:\/\/yoast.com\/wordpress\/plugins\/seo\/ -->\n<title>GT Line Werkzeugwagen AI1X. B.LMT - Gt Line DE<\/title>\n<meta name=\"robots\" content=\"index, follow, max-snippet:-1, max-image-preview:large, max-video-preview:-1\" \/>\n<link rel=\"canonical\" href=\"https:\/\/www.gtline.com\/de\/products\/gt-line-werkzeugwagen-ai1x-b-lmt\/\" \/>\n<meta property=\"og:locale\" content=\"de_DE\" \/>\n<meta property=\"og:type\" content=\"article\" \/>\n<meta property=\"og:title\" content=\"GT Line Werkzeugwagen AI1X. B.LMT - Gt Line DE\" \/>\n<meta property=\"og:description\" content=\"Der Trolley-Werkzeugkoffer AI1X.B.LMT ist ein professioneller Werkzeugkoffer, der entwickelt wurde, um maximale Funktionalit\u00e4t und Schutz beim Transport von Handwerkzeugen, Elektrowerkzeugen und Kleinteilen zu bieten.Gefertigt aus robustem, spritzgegossenem Polypropylen, ist dieser professionelle Beh\u00e4lter speziell f\u00fcr den Einsatz in extremen Arbeitsumgebungen konzipiert und gew\u00e4hrleistet eine lange Lebensdauer auch unter anspruchsvollen Bedingungen. Dank seiner modularen Struktur mit konfigurierbaren Schubladen, einem sicheren Schlie\u00dfsystem und optionalem Zubeh\u00f6r wird der AI1X.B.LMT zu einem unverzichtbaren Arbeitsinstrument f\u00fcr anspruchsvolle Techniker.Mit der integrierten INTELLIRESPOND-Technologie k\u00f6nnen Profis den Inhalt ihres Werkzeugkoffers intelligent und digital \u00fcberwachen und verwalten \u2013 f\u00fcr maximale Effizienz und Kontrolle bei jedem Einsatz.\" \/>\n<meta property=\"og:url\" content=\"https:\/\/www.gtline.com\/de\/products\/gt-line-werkzeugwagen-ai1x-b-lmt\/\" \/>\n<meta property=\"og:site_name\" content=\"Gt Line DE\" \/>\n<meta property=\"article:publisher\" content=\"https:\/\/www.facebook.com\/gtlinesrl?locale=it_IT\" \/>\n<meta property=\"article:modified_time\" content=\"2026-04-17T02:12:20+00:00\" \/>\n<meta property=\"og:image\" content=\"https:\/\/www.gtline.com\/de\/wp-content\/uploads\/sites\/5\/2025\/05\/AI1X.B.2MT_03_9120.jpg\" \/>\n\t<meta property=\"og:image:width\" content=\"500\" \/>\n\t<meta property=\"og:image:height\" content=\"500\" \/>\n\t<meta property=\"og:image:type\" content=\"image\/jpeg\" \/>\n<meta name=\"twitter:card\" content=\"summary_large_image\" \/>\n<meta name=\"twitter:label1\" content=\"Gesch\u00e4tzte Lesezeit\" \/>\n\t<meta name=\"twitter:data1\" content=\"1\u00a0Minute\" \/>\n<script type=\"application\/ld+json\" class=\"yoast-schema-graph\">{\"@context\":\"https:\/\/schema.org\",\"@graph\":[{\"@type\":\"WebPage\",\"@id\":\"https:\/\/www.gtline.com\/de\/products\/gt-line-werkzeugwagen-ai1x-b-lmt\/\",\"url\":\"https:\/\/www.gtline.com\/de\/products\/gt-line-werkzeugwagen-ai1x-b-lmt\/\",\"name\":\"GT Line Werkzeugwagen AI1X. B.LMT - Gt Line DE\",\"isPartOf\":{\"@id\":\"https:\/\/www.gtline.com\/de\/#website\"},\"primaryImageOfPage\":{\"@id\":\"https:\/\/www.gtline.com\/de\/products\/gt-line-werkzeugwagen-ai1x-b-lmt\/#primaryimage\"},\"image\":{\"@id\":\"https:\/\/www.gtline.com\/de\/products\/gt-line-werkzeugwagen-ai1x-b-lmt\/#primaryimage\"},\"thumbnailUrl\":\"https:\/\/www.gtline.com\/de\/wp-content\/uploads\/sites\/5\/2025\/05\/AI1X.B.2MT_03_9120.jpg\",\"datePublished\":\"2025-07-30T10:24:08+00:00\",\"dateModified\":\"2026-04-17T02:12:20+00:00\",\"breadcrumb\":{\"@id\":\"https:\/\/www.gtline.com\/de\/products\/gt-line-werkzeugwagen-ai1x-b-lmt\/#breadcrumb\"},\"inLanguage\":\"de\",\"potentialAction\":[{\"@type\":\"ReadAction\",\"target\":[\"https:\/\/www.gtline.com\/de\/products\/gt-line-werkzeugwagen-ai1x-b-lmt\/\"]}]},{\"@type\":\"ImageObject\",\"inLanguage\":\"de\",\"@id\":\"https:\/\/www.gtline.com\/de\/products\/gt-line-werkzeugwagen-ai1x-b-lmt\/#primaryimage\",\"url\":\"https:\/\/www.gtline.com\/de\/wp-content\/uploads\/sites\/5\/2025\/05\/AI1X.B.2MT_03_9120.jpg\",\"contentUrl\":\"https:\/\/www.gtline.com\/de\/wp-content\/uploads\/sites\/5\/2025\/05\/AI1X.B.2MT_03_9120.jpg\",\"width\":500,\"height\":500},{\"@type\":\"BreadcrumbList\",\"@id\":\"https:\/\/www.gtline.com\/de\/products\/gt-line-werkzeugwagen-ai1x-b-lmt\/#breadcrumb\",\"itemListElement\":[{\"@type\":\"ListItem\",\"position\":1,\"name\":\"Home\",\"item\":\"https:\/\/www.gtline.com\/de\/\"},{\"@type\":\"ListItem\",\"position\":2,\"name\":\"Shop\",\"item\":\"https:\/\/www.gtline.com\/de\/negozio\/\"},{\"@type\":\"ListItem\",\"position\":3,\"name\":\"GT Line Werkzeugwagen AI1X. B.LMT\"}]},{\"@type\":\"WebSite\",\"@id\":\"https:\/\/www.gtline.com\/de\/#website\",\"url\":\"https:\/\/www.gtline.com\/de\/\",\"name\":\"Gt Line\",\"description\":\"\",\"publisher\":{\"@id\":\"https:\/\/www.gtline.com\/de\/#organization\"},\"potentialAction\":[{\"@type\":\"SearchAction\",\"target\":{\"@type\":\"EntryPoint\",\"urlTemplate\":\"https:\/\/www.gtline.com\/de\/?s={search_term_string}\"},\"query-input\":{\"@type\":\"PropertyValueSpecification\",\"valueRequired\":true,\"valueName\":\"search_term_string\"}}],\"inLanguage\":\"de\"},{\"@type\":\"Organization\",\"@id\":\"https:\/\/www.gtline.com\/de\/#organization\",\"name\":\"Gt Line\",\"url\":\"https:\/\/www.gtline.com\/de\/\",\"logo\":{\"@type\":\"ImageObject\",\"inLanguage\":\"de\",\"@id\":\"https:\/\/www.gtline.com\/de\/#\/schema\/logo\/image\/\",\"url\":\"https:\/\/www.gtline.com\/de\/wp-content\/uploads\/sites\/5\/2025\/02\/logo.png\",\"contentUrl\":\"https:\/\/www.gtline.com\/de\/wp-content\/uploads\/sites\/5\/2025\/02\/logo.png\",\"width\":228,\"height\":146,\"caption\":\"Gt Line\"},\"image\":{\"@id\":\"https:\/\/www.gtline.com\/de\/#\/schema\/logo\/image\/\"},\"sameAs\":[\"https:\/\/www.facebook.com\/gtlinesrl?locale=it_IT\",\"https:\/\/www.instagram.com\/gt_line_srl\/\",\"https:\/\/www.youtube.com\/channel\/UCDvpkFqswNJOVFz64PkYRQQ\",\"https:\/\/www.linkedin.com\/company\/gt-line-srl\/\"]}]}<\/script>\n<!-- \/ Yoast SEO plugin. -->","yoast_head_json":{"title":"GT Line Werkzeugwagen AI1X. B.LMT - Gt Line DE","robots":{"index":"index","follow":"follow","max-snippet":"max-snippet:-1","max-image-preview":"max-image-preview:large","max-video-preview":"max-video-preview:-1"},"canonical":"https:\/\/www.gtline.com\/de\/products\/gt-line-werkzeugwagen-ai1x-b-lmt\/","og_locale":"de_DE","og_type":"article","og_title":"GT Line Werkzeugwagen AI1X. B.LMT - Gt Line DE","og_description":"Der Trolley-Werkzeugkoffer AI1X.B.LMT ist ein professioneller Werkzeugkoffer, der entwickelt wurde, um maximale Funktionalit\u00e4t und Schutz beim Transport von Handwerkzeugen, Elektrowerkzeugen und Kleinteilen zu bieten.Gefertigt aus robustem, spritzgegossenem Polypropylen, ist dieser professionelle Beh\u00e4lter speziell f\u00fcr den Einsatz in extremen Arbeitsumgebungen konzipiert und gew\u00e4hrleistet eine lange Lebensdauer auch unter anspruchsvollen Bedingungen. Dank seiner modularen Struktur mit konfigurierbaren Schubladen, einem sicheren Schlie\u00dfsystem und optionalem Zubeh\u00f6r wird der AI1X.B.LMT zu einem unverzichtbaren Arbeitsinstrument f\u00fcr anspruchsvolle Techniker.Mit der integrierten INTELLIRESPOND-Technologie k\u00f6nnen Profis den Inhalt ihres Werkzeugkoffers intelligent und digital \u00fcberwachen und verwalten \u2013 f\u00fcr maximale Effizienz und Kontrolle bei jedem Einsatz.","og_url":"https:\/\/www.gtline.com\/de\/products\/gt-line-werkzeugwagen-ai1x-b-lmt\/","og_site_name":"Gt Line DE","article_publisher":"https:\/\/www.facebook.com\/gtlinesrl?locale=it_IT","article_modified_time":"2026-04-17T02:12:20+00:00","og_image":[{"width":500,"height":500,"url":"https:\/\/www.gtline.com\/de\/wp-content\/uploads\/sites\/5\/2025\/05\/AI1X.B.2MT_03_9120.jpg","type":"image\/jpeg"}],"twitter_card":"summary_large_image","twitter_misc":{"Gesch\u00e4tzte Lesezeit":"1\u00a0Minute"},"schema":{"@context":"https:\/\/schema.org","@graph":[{"@type":"WebPage","@id":"https:\/\/www.gtline.com\/de\/products\/gt-line-werkzeugwagen-ai1x-b-lmt\/","url":"https:\/\/www.gtline.com\/de\/products\/gt-line-werkzeugwagen-ai1x-b-lmt\/","name":"GT Line Werkzeugwagen AI1X. B.LMT - Gt Line DE","isPartOf":{"@id":"https:\/\/www.gtline.com\/de\/#website"},"primaryImageOfPage":{"@id":"https:\/\/www.gtline.com\/de\/products\/gt-line-werkzeugwagen-ai1x-b-lmt\/#primaryimage"},"image":{"@id":"https:\/\/www.gtline.com\/de\/products\/gt-line-werkzeugwagen-ai1x-b-lmt\/#primaryimage"},"thumbnailUrl":"https:\/\/www.gtline.com\/de\/wp-content\/uploads\/sites\/5\/2025\/05\/AI1X.B.2MT_03_9120.jpg","datePublished":"2025-07-30T10:24:08+00:00","dateModified":"2026-04-17T02:12:20+00:00","breadcrumb":{"@id":"https:\/\/www.gtline.com\/de\/products\/gt-line-werkzeugwagen-ai1x-b-lmt\/#breadcrumb"},"inLanguage":"de","potentialAction":[{"@type":"ReadAction","target":["https:\/\/www.gtline.com\/de\/products\/gt-line-werkzeugwagen-ai1x-b-lmt\/"]}]},{"@type":"ImageObject","inLanguage":"de","@id":"https:\/\/www.gtline.com\/de\/products\/gt-line-werkzeugwagen-ai1x-b-lmt\/#primaryimage","url":"https:\/\/www.gtline.com\/de\/wp-content\/uploads\/sites\/5\/2025\/05\/AI1X.B.2MT_03_9120.jpg","contentUrl":"https:\/\/www.gtline.com\/de\/wp-content\/uploads\/sites\/5\/2025\/05\/AI1X.B.2MT_03_9120.jpg","width":500,"height":500},{"@type":"BreadcrumbList","@id":"https:\/\/www.gtline.com\/de\/products\/gt-line-werkzeugwagen-ai1x-b-lmt\/#breadcrumb","itemListElement":[{"@type":"ListItem","position":1,"name":"Home","item":"https:\/\/www.gtline.com\/de\/"},{"@type":"ListItem","position":2,"name":"Shop","item":"https:\/\/www.gtline.com\/de\/negozio\/"},{"@type":"ListItem","position":3,"name":"GT Line Werkzeugwagen AI1X. B.LMT"}]},{"@type":"WebSite","@id":"https:\/\/www.gtline.com\/de\/#website","url":"https:\/\/www.gtline.com\/de\/","name":"Gt Line","description":"","publisher":{"@id":"https:\/\/www.gtline.com\/de\/#organization"},"potentialAction":[{"@type":"SearchAction","target":{"@type":"EntryPoint","urlTemplate":"https:\/\/www.gtline.com\/de\/?s={search_term_string}"},"query-input":{"@type":"PropertyValueSpecification","valueRequired":true,"valueName":"search_term_string"}}],"inLanguage":"de"},{"@type":"Organization","@id":"https:\/\/www.gtline.com\/de\/#organization","name":"Gt Line","url":"https:\/\/www.gtline.com\/de\/","logo":{"@type":"ImageObject","inLanguage":"de","@id":"https:\/\/www.gtline.com\/de\/#\/schema\/logo\/image\/","url":"https:\/\/www.gtline.com\/de\/wp-content\/uploads\/sites\/5\/2025\/02\/logo.png","contentUrl":"https:\/\/www.gtline.com\/de\/wp-content\/uploads\/sites\/5\/2025\/02\/logo.png","width":228,"height":146,"caption":"Gt Line"},"image":{"@id":"https:\/\/www.gtline.com\/de\/#\/schema\/logo\/image\/"},"sameAs":["https:\/\/www.facebook.com\/gtlinesrl?locale=it_IT","https:\/\/www.instagram.com\/gt_line_srl\/","https:\/\/www.youtube.com\/channel\/UCDvpkFqswNJOVFz64PkYRQQ","https:\/\/www.linkedin.com\/company\/gt-line-srl\/"]}]}},"_links":{"self":[{"href":"https:\/\/www.gtline.com\/de\/wp-json\/wp\/v2\/product\/17009","targetHints":{"allow":["GET"]}}],"collection":[{"href":"https:\/\/www.gtline.com\/de\/wp-json\/wp\/v2\/product"}],"about":[{"href":"https:\/\/www.gtline.com\/de\/wp-json\/wp\/v2\/types\/product"}],"replies":[{"embeddable":true,"href":"https:\/\/www.gtline.com\/de\/wp-json\/wp\/v2\/comments?post=17009"}],"version-history":[{"count":2,"href":"https:\/\/www.gtline.com\/de\/wp-json\/wp\/v2\/product\/17009\/revisions"}],"predecessor-version":[{"id":22278,"href":"https:\/\/www.gtline.com\/de\/wp-json\/wp\/v2\/product\/17009\/revisions\/22278"}],"wp:featuredmedia":[{"embeddable":true,"href":"https:\/\/www.gtline.com\/de\/wp-json\/wp\/v2\/media\/9217"}],"wp:attachment":[{"href":"https:\/\/www.gtline.com\/de\/wp-json\/wp\/v2\/media?parent=17009"}],"wp:term":[{"taxonomy":"product_brand","embeddable":true,"href":"https:\/\/www.gtline.com\/de\/wp-json\/wp\/v2\/product_brand?post=17009"},{"taxonomy":"product_cat","embeddable":true,"href":"https:\/\/www.gtline.com\/de\/wp-json\/wp\/v2\/product_cat?post=17009"},{"taxonomy":"product_tag","embeddable":true,"href":"https:\/\/www.gtline.com\/de\/wp-json\/wp\/v2\/product_tag?post=17009"}],"curies":[{"name":"wp","href":"https:\/\/api.w.org\/{rel}","templated":true}]}}