{"id":17011,"date":"2025-07-30T10:24:14","date_gmt":"2025-07-30T10:24:14","guid":{"rendered":"https:\/\/www.gtline.com\/de\/prodotto\/gt-line-werkzeugwagen-ai1x-b-2lr\/"},"modified":"2026-04-17T02:12:26","modified_gmt":"2026-04-17T02:12:26","slug":"gt-line-werkzeugwagen-ai1x-b-2lr","status":"publish","type":"product","link":"https:\/\/www.gtline.com\/de\/products\/gt-line-werkzeugwagen-ai1x-b-2lr\/","title":{"rendered":"GT Line Werkzeugwagen AI1X. B.2LR"},"content":{"rendered":"<p data-start=\"146\" data-end=\"453\"><strong>1. Robuste und leichte Struktur f\u00fcr jeden Einsatzbereich<\/strong><br \/><br data-start=\"223\" data-end=\"226\">Das <strong data-start=\"230\" data-end=\"274\">hochdichte, spritzgegossene Polypropylen<\/strong> garantiert eine <strong data-start=\"291\" data-end=\"359\">hohe Best\u00e4ndigkeit gegen St\u00f6\u00dfe, Belastungen und \u00e4u\u00dfere Einfl\u00fcsse<\/strong>, w\u00e4hrend das geringe Gewicht den <strong data-start=\"393\" data-end=\"440\">Transport besonders einfach und komfortabel<\/strong> macht.<\/p>\n<p data-start=\"455\" data-end=\"781\"><strong>2. Individuell anpassbare Organisation f\u00fcr jedes Werkzeug<\/strong><br \/><br data-start=\"533\" data-end=\"536\">Bis zu <strong data-start=\"543\" data-end=\"564\">7 Frontschubladen<\/strong>, die mit <strong data-start=\"574\" data-end=\"618\">Organizern, vorgeschnittenem Schaumstoff<\/strong> oder <strong data-start=\"624\" data-end=\"642\">Werkzeugtafeln<\/strong> ausgestattet werden k\u00f6nnen \u2013 f\u00fcr ein <strong data-start=\"680\" data-end=\"722\">vollst\u00e4ndig anpassbares Ordnungssystem<\/strong>, das sich an die Anforderungen jedes Profis anpasst.<\/p>\n<p data-start=\"783\" data-end=\"1116\"><strong>3. Intelligente Aufbewahrung f\u00fcr Kleinteile<\/strong><br \/><br data-start=\"847\" data-end=\"850\">Inklusive <strong data-start=\"860\" data-end=\"881\">5 Kleinteileboxen<\/strong> (2\u00d7 WL01, 2\u00d7 WL02, 1\u00d7 WL04) mit <strong data-start=\"914\" data-end=\"984\">vordefinierten F\u00e4chern f\u00fcr Schrauben, Muttern und Kleinkomponenten<\/strong>. Zwei zus\u00e4tzliche <strong data-start=\"1003\" data-end=\"1031\">Organizer mit 60 mm H\u00f6he<\/strong> und einer mit <strong data-start=\"1046\" data-end=\"1060\">95 mm H\u00f6he<\/strong> bieten zus\u00e4tzlichen, flexibel nutzbaren Stauraum.<\/p>\n<p data-start=\"1118\" data-end=\"1415\"><strong>4. Zentralverriegelung f\u00fcr maximale Sicherheit<\/strong><br \/><br data-start=\"1185\" data-end=\"1188\">Ein <strong data-start=\"1192\" data-end=\"1233\">zentrales Schlie\u00dfsystem mit Schl\u00fcssel<\/strong> verriegelt gleichzeitig den <strong data-start=\"1262\" data-end=\"1292\">oberen und vorderen Deckel<\/strong> und sch\u00fctzt den Inhalt zuverl\u00e4ssig vor <strong data-start=\"1332\" data-end=\"1354\">unbefugtem Zugriff<\/strong> und <strong data-start=\"1359\" data-end=\"1408\">versehentlichem \u00d6ffnen w\u00e4hrend des Transports<\/strong>.<\/p>\n<p data-start=\"1417\" data-end=\"1707\"><strong>5. Leichtg\u00e4ngige Mobilit\u00e4t und komfortabler Transport<\/strong><br \/><br data-start=\"1491\" data-end=\"1494\">Der <strong data-start=\"1498\" data-end=\"1527\">ausziehbare Teleskopgriff<\/strong>, <strong data-start=\"1529\" data-end=\"1559\">zwei seitliche Tragegriffe<\/strong> und <strong data-start=\"1564\" data-end=\"1595\">robuste, ger\u00e4uscharme R\u00e4der<\/strong> erm\u00f6glichen einen <strong data-start=\"1614\" data-end=\"1641\">reibungslosen Transport<\/strong>, selbst auf <strong data-start=\"1654\" data-end=\"1700\">unebenen Fl\u00e4chen oder bei langen Eins\u00e4tzen<\/strong>.<\/p>\n<p data-start=\"1709\" data-end=\"2020\"><strong>6. Integrierte INTELLIRESPOND-Technologie f\u00fcr digitale Kontrolle<\/strong><br \/><br data-start=\"1794\" data-end=\"1797\">Mit der kostenlosen <strong data-start=\"1817\" data-end=\"1839\">INTELLIRESPOND-App<\/strong> k\u00f6nnen Werkzeuge <strong data-start=\"1857\" data-end=\"1892\">digital \u00fcberwacht und verwaltet<\/strong> werden \u2013 f\u00fcr <strong data-start=\"1906\" data-end=\"1960\">optimierte Nachverfolgbarkeit und h\u00f6here Effizienz<\/strong>. Mehr Informationen unter <strong data-start=\"1987\" data-end=\"2013\">www.intellirespond.com<\/strong>.<\/p>\n<p data-start=\"2022\" data-end=\"2290\"><strong>7. Erweiterbare Modularit\u00e4t mit Stapelsystem<\/strong><br \/><br data-start=\"2087\" data-end=\"2090\">Der <strong data-start=\"2094\" data-end=\"2110\">obere Deckel<\/strong> ist mit einem <strong data-start=\"2125\" data-end=\"2154\">patentierten Stapelsystem<\/strong> ausgestattet, das die <strong data-start=\"2177\" data-end=\"2208\">Kopplung mit AI1MOD-Modulen<\/strong>erm\u00f6glicht \u2013 f\u00fcr eine <strong data-start=\"2231\" data-end=\"2283\">erweiterbare und skalierbare Aufbewahrungsl\u00f6sung<\/strong>.<\/p>\n<p data-start=\"2292\" data-end=\"2639\"><strong>8. Durchdachte Details f\u00fcr professionelle Anwender<\/strong><br \/><br data-start=\"2363\" data-end=\"2366\">Ein <strong data-start=\"2370\" data-end=\"2401\">herausnehmbares oberes Fach<\/strong>, <strong data-start=\"2403\" data-end=\"2419\">Namensschild<\/strong>, <strong data-start=\"2421\" data-end=\"2439\">Inhaltsetikett<\/strong> und <strong data-start=\"2444\" data-end=\"2490\">abschlie\u00dfbare Punkte f\u00fcr Vorh\u00e4ngeschl\u00f6sser<\/strong> machen den <strong data-start=\"2502\" data-end=\"2539\">Trolley-Werkzeugkoffer AI1X.B.2LR<\/strong> zu einer <strong data-start=\"2549\" data-end=\"2600\">kompletten, sicheren und praxisgerechten L\u00f6sung<\/strong> f\u00fcr den professionellen Einsatz.<\/p>\n","protected":false},"excerpt":{"rendered":"<p data-start=\"128\" data-end=\"586\">Der <strong data-start=\"132\" data-end=\"169\">Trolley-Werkzeugkoffer AI1X.B.2LR<\/strong> ist ein <strong data-start=\"178\" data-end=\"212\">professioneller Werkzeugkoffer<\/strong>, der speziell f\u00fcr <strong data-start=\"231\" data-end=\"284\">Techniker, Wartungspersonal und mobile Fachkr\u00e4fte<\/strong> entwickelt wurde, die einen <strong data-start=\"313\" data-end=\"381\">robusten, gut organisierten und individuell anpassbaren Beh\u00e4lter<\/strong> ben\u00f6tigen.<br \/><br data-start=\"392\" data-end=\"395\">Gefertigt aus <strong data-start=\"409\" data-end=\"454\" data-is-only-node=\"\">hochfestem, spritzgegossenem Polypropylen<\/strong>, ist dieser <strong data-start=\"467\" data-end=\"485\">Werkzeugkoffer<\/strong> ideal f\u00fcr den Einsatz in <strong data-start=\"511\" data-end=\"541\">anspruchsvollen Umgebungen<\/strong> und unter <strong data-start=\"552\" data-end=\"583\">extremen Arbeitsbedingungen<\/strong>.<\/p>\n<p data-start=\"588\" data-end=\"815\">Die <strong data-start=\"592\" data-end=\"623\">modulare Frontkonfiguration<\/strong> erm\u00f6glicht die Ausstattung mit einer <strong data-start=\"661\" data-end=\"722\">Kombination aus Schubladen, Organizern und Werkzeugtafeln<\/strong>, wodurch der Trolley in einen <strong data-start=\"753\" data-end=\"789\">ma\u00dfgeschneiderten Werkzeugkoffer<\/strong> verwandelt werden kann.<\/p>\n<p data-start=\"817\" data-end=\"1057\">Dank der integrierten <strong data-start=\"839\" data-end=\"869\">INTELLIRESPOND-Technologie<\/strong> erlaubt der <strong data-start=\"882\" data-end=\"896\">AI1X.B.2LR<\/strong> die <strong data-start=\"901\" data-end=\"938\">digitale Verwaltung und Kontrolle<\/strong> der gesamten Ausr\u00fcstung <strong data-start=\"963\" data-end=\"993\">direkt \u00fcber das Smartphone<\/strong> \u2013 f\u00fcr maximale Effizienz und Sicherheit im t\u00e4glichen Einsatz.<\/p>\n","protected":false},"featured_media":9229,"comment_status":"open","ping_status":"closed","template":"","meta":{"_acf_changed":false},"product_brand":[],"product_cat":[229],"product_tag":[],"class_list":{"0":"post-17011","1":"product","2":"type-product","3":"status-publish","4":"has-post-thumbnail","6":"product_cat-tool-chest","7":"pa_anwendungen-alle","8":"pa_anwendungen-koffer-und-taschen-fur-betreuer","9":"pa_anwendungen-koffer-und-taschen-fur-die-luft-und-raumfahrtbranche-mro","10":"pa_anwendungen-koffer-und-taschen-fur-elektriker","11":"pa_anwendungen-koffer-und-taschen-fur-installateure","12":"pa_anwendungen-koffer-und-taschen-fur-servicetechniker","13":"pa_produkttyp-werkzeugkoffer","14":"pa_produkttyp-all-in-one-modular-system","16":"first","17":"instock","18":"shipping-taxable","19":"purchasable","20":"product-type-simple"},"acf":[],"yoast_head":"<!-- This site is optimized with the Yoast SEO plugin v25.4 - https:\/\/yoast.com\/wordpress\/plugins\/seo\/ -->\n<title>GT Line Werkzeugwagen AI1X. B.2LR - Gt Line DE<\/title>\n<meta name=\"robots\" content=\"index, follow, max-snippet:-1, max-image-preview:large, max-video-preview:-1\" \/>\n<link rel=\"canonical\" href=\"https:\/\/www.gtline.com\/de\/products\/gt-line-werkzeugwagen-ai1x-b-2lr\/\" \/>\n<meta property=\"og:locale\" content=\"de_DE\" \/>\n<meta property=\"og:type\" content=\"article\" \/>\n<meta property=\"og:title\" content=\"GT Line Werkzeugwagen AI1X. B.2LR - Gt Line DE\" \/>\n<meta property=\"og:description\" content=\"Der Trolley-Werkzeugkoffer AI1X.B.2LR ist ein professioneller Werkzeugkoffer, der speziell f\u00fcr Techniker, Wartungspersonal und mobile Fachkr\u00e4fte entwickelt wurde, die einen robusten, gut organisierten und individuell anpassbaren Beh\u00e4lter ben\u00f6tigen.Gefertigt aus hochfestem, spritzgegossenem Polypropylen, ist dieser Werkzeugkoffer ideal f\u00fcr den Einsatz in anspruchsvollen Umgebungen und unter extremen Arbeitsbedingungen. Die modulare Frontkonfiguration erm\u00f6glicht die Ausstattung mit einer Kombination aus Schubladen, Organizern und Werkzeugtafeln, wodurch der Trolley in einen ma\u00dfgeschneiderten Werkzeugkoffer verwandelt werden kann. Dank der integrierten INTELLIRESPOND-Technologie erlaubt der AI1X.B.2LR die digitale Verwaltung und Kontrolle der gesamten Ausr\u00fcstung direkt \u00fcber das Smartphone \u2013 f\u00fcr maximale Effizienz und Sicherheit im t\u00e4glichen Einsatz.\" \/>\n<meta property=\"og:url\" content=\"https:\/\/www.gtline.com\/de\/products\/gt-line-werkzeugwagen-ai1x-b-2lr\/\" \/>\n<meta property=\"og:site_name\" content=\"Gt Line DE\" \/>\n<meta property=\"article:publisher\" content=\"https:\/\/www.facebook.com\/gtlinesrl?locale=it_IT\" \/>\n<meta property=\"article:modified_time\" content=\"2026-04-17T02:12:26+00:00\" \/>\n<meta property=\"og:image\" content=\"https:\/\/www.gtline.com\/de\/wp-content\/uploads\/sites\/5\/2025\/05\/AI1X.B.2LR_03_9122.jpg\" \/>\n\t<meta property=\"og:image:width\" content=\"500\" \/>\n\t<meta property=\"og:image:height\" content=\"500\" \/>\n\t<meta property=\"og:image:type\" content=\"image\/jpeg\" \/>\n<meta name=\"twitter:card\" content=\"summary_large_image\" \/>\n<meta name=\"twitter:label1\" content=\"Gesch\u00e4tzte Lesezeit\" \/>\n\t<meta name=\"twitter:data1\" content=\"1\u00a0Minute\" \/>\n<script type=\"application\/ld+json\" class=\"yoast-schema-graph\">{\"@context\":\"https:\/\/schema.org\",\"@graph\":[{\"@type\":\"WebPage\",\"@id\":\"https:\/\/www.gtline.com\/de\/products\/gt-line-werkzeugwagen-ai1x-b-2lr\/\",\"url\":\"https:\/\/www.gtline.com\/de\/products\/gt-line-werkzeugwagen-ai1x-b-2lr\/\",\"name\":\"GT Line Werkzeugwagen AI1X. B.2LR - Gt Line DE\",\"isPartOf\":{\"@id\":\"https:\/\/www.gtline.com\/de\/#website\"},\"primaryImageOfPage\":{\"@id\":\"https:\/\/www.gtline.com\/de\/products\/gt-line-werkzeugwagen-ai1x-b-2lr\/#primaryimage\"},\"image\":{\"@id\":\"https:\/\/www.gtline.com\/de\/products\/gt-line-werkzeugwagen-ai1x-b-2lr\/#primaryimage\"},\"thumbnailUrl\":\"https:\/\/www.gtline.com\/de\/wp-content\/uploads\/sites\/5\/2025\/05\/AI1X.B.2LR_03_9122.jpg\",\"datePublished\":\"2025-07-30T10:24:14+00:00\",\"dateModified\":\"2026-04-17T02:12:26+00:00\",\"breadcrumb\":{\"@id\":\"https:\/\/www.gtline.com\/de\/products\/gt-line-werkzeugwagen-ai1x-b-2lr\/#breadcrumb\"},\"inLanguage\":\"de\",\"potentialAction\":[{\"@type\":\"ReadAction\",\"target\":[\"https:\/\/www.gtline.com\/de\/products\/gt-line-werkzeugwagen-ai1x-b-2lr\/\"]}]},{\"@type\":\"ImageObject\",\"inLanguage\":\"de\",\"@id\":\"https:\/\/www.gtline.com\/de\/products\/gt-line-werkzeugwagen-ai1x-b-2lr\/#primaryimage\",\"url\":\"https:\/\/www.gtline.com\/de\/wp-content\/uploads\/sites\/5\/2025\/05\/AI1X.B.2LR_03_9122.jpg\",\"contentUrl\":\"https:\/\/www.gtline.com\/de\/wp-content\/uploads\/sites\/5\/2025\/05\/AI1X.B.2LR_03_9122.jpg\",\"width\":500,\"height\":500},{\"@type\":\"BreadcrumbList\",\"@id\":\"https:\/\/www.gtline.com\/de\/products\/gt-line-werkzeugwagen-ai1x-b-2lr\/#breadcrumb\",\"itemListElement\":[{\"@type\":\"ListItem\",\"position\":1,\"name\":\"Home\",\"item\":\"https:\/\/www.gtline.com\/de\/\"},{\"@type\":\"ListItem\",\"position\":2,\"name\":\"Shop\",\"item\":\"https:\/\/www.gtline.com\/de\/negozio\/\"},{\"@type\":\"ListItem\",\"position\":3,\"name\":\"GT Line Werkzeugwagen AI1X. B.2LR\"}]},{\"@type\":\"WebSite\",\"@id\":\"https:\/\/www.gtline.com\/de\/#website\",\"url\":\"https:\/\/www.gtline.com\/de\/\",\"name\":\"Gt Line\",\"description\":\"\",\"publisher\":{\"@id\":\"https:\/\/www.gtline.com\/de\/#organization\"},\"potentialAction\":[{\"@type\":\"SearchAction\",\"target\":{\"@type\":\"EntryPoint\",\"urlTemplate\":\"https:\/\/www.gtline.com\/de\/?s={search_term_string}\"},\"query-input\":{\"@type\":\"PropertyValueSpecification\",\"valueRequired\":true,\"valueName\":\"search_term_string\"}}],\"inLanguage\":\"de\"},{\"@type\":\"Organization\",\"@id\":\"https:\/\/www.gtline.com\/de\/#organization\",\"name\":\"Gt Line\",\"url\":\"https:\/\/www.gtline.com\/de\/\",\"logo\":{\"@type\":\"ImageObject\",\"inLanguage\":\"de\",\"@id\":\"https:\/\/www.gtline.com\/de\/#\/schema\/logo\/image\/\",\"url\":\"https:\/\/www.gtline.com\/de\/wp-content\/uploads\/sites\/5\/2025\/02\/logo.png\",\"contentUrl\":\"https:\/\/www.gtline.com\/de\/wp-content\/uploads\/sites\/5\/2025\/02\/logo.png\",\"width\":228,\"height\":146,\"caption\":\"Gt Line\"},\"image\":{\"@id\":\"https:\/\/www.gtline.com\/de\/#\/schema\/logo\/image\/\"},\"sameAs\":[\"https:\/\/www.facebook.com\/gtlinesrl?locale=it_IT\",\"https:\/\/www.instagram.com\/gt_line_srl\/\",\"https:\/\/www.youtube.com\/channel\/UCDvpkFqswNJOVFz64PkYRQQ\",\"https:\/\/www.linkedin.com\/company\/gt-line-srl\/\"]}]}<\/script>\n<!-- \/ Yoast SEO plugin. -->","yoast_head_json":{"title":"GT Line Werkzeugwagen AI1X. B.2LR - Gt Line DE","robots":{"index":"index","follow":"follow","max-snippet":"max-snippet:-1","max-image-preview":"max-image-preview:large","max-video-preview":"max-video-preview:-1"},"canonical":"https:\/\/www.gtline.com\/de\/products\/gt-line-werkzeugwagen-ai1x-b-2lr\/","og_locale":"de_DE","og_type":"article","og_title":"GT Line Werkzeugwagen AI1X. B.2LR - Gt Line DE","og_description":"Der Trolley-Werkzeugkoffer AI1X.B.2LR ist ein professioneller Werkzeugkoffer, der speziell f\u00fcr Techniker, Wartungspersonal und mobile Fachkr\u00e4fte entwickelt wurde, die einen robusten, gut organisierten und individuell anpassbaren Beh\u00e4lter ben\u00f6tigen.Gefertigt aus hochfestem, spritzgegossenem Polypropylen, ist dieser Werkzeugkoffer ideal f\u00fcr den Einsatz in anspruchsvollen Umgebungen und unter extremen Arbeitsbedingungen. Die modulare Frontkonfiguration erm\u00f6glicht die Ausstattung mit einer Kombination aus Schubladen, Organizern und Werkzeugtafeln, wodurch der Trolley in einen ma\u00dfgeschneiderten Werkzeugkoffer verwandelt werden kann. Dank der integrierten INTELLIRESPOND-Technologie erlaubt der AI1X.B.2LR die digitale Verwaltung und Kontrolle der gesamten Ausr\u00fcstung direkt \u00fcber das Smartphone \u2013 f\u00fcr maximale Effizienz und Sicherheit im t\u00e4glichen Einsatz.","og_url":"https:\/\/www.gtline.com\/de\/products\/gt-line-werkzeugwagen-ai1x-b-2lr\/","og_site_name":"Gt Line DE","article_publisher":"https:\/\/www.facebook.com\/gtlinesrl?locale=it_IT","article_modified_time":"2026-04-17T02:12:26+00:00","og_image":[{"width":500,"height":500,"url":"https:\/\/www.gtline.com\/de\/wp-content\/uploads\/sites\/5\/2025\/05\/AI1X.B.2LR_03_9122.jpg","type":"image\/jpeg"}],"twitter_card":"summary_large_image","twitter_misc":{"Gesch\u00e4tzte Lesezeit":"1\u00a0Minute"},"schema":{"@context":"https:\/\/schema.org","@graph":[{"@type":"WebPage","@id":"https:\/\/www.gtline.com\/de\/products\/gt-line-werkzeugwagen-ai1x-b-2lr\/","url":"https:\/\/www.gtline.com\/de\/products\/gt-line-werkzeugwagen-ai1x-b-2lr\/","name":"GT Line Werkzeugwagen AI1X. B.2LR - Gt Line DE","isPartOf":{"@id":"https:\/\/www.gtline.com\/de\/#website"},"primaryImageOfPage":{"@id":"https:\/\/www.gtline.com\/de\/products\/gt-line-werkzeugwagen-ai1x-b-2lr\/#primaryimage"},"image":{"@id":"https:\/\/www.gtline.com\/de\/products\/gt-line-werkzeugwagen-ai1x-b-2lr\/#primaryimage"},"thumbnailUrl":"https:\/\/www.gtline.com\/de\/wp-content\/uploads\/sites\/5\/2025\/05\/AI1X.B.2LR_03_9122.jpg","datePublished":"2025-07-30T10:24:14+00:00","dateModified":"2026-04-17T02:12:26+00:00","breadcrumb":{"@id":"https:\/\/www.gtline.com\/de\/products\/gt-line-werkzeugwagen-ai1x-b-2lr\/#breadcrumb"},"inLanguage":"de","potentialAction":[{"@type":"ReadAction","target":["https:\/\/www.gtline.com\/de\/products\/gt-line-werkzeugwagen-ai1x-b-2lr\/"]}]},{"@type":"ImageObject","inLanguage":"de","@id":"https:\/\/www.gtline.com\/de\/products\/gt-line-werkzeugwagen-ai1x-b-2lr\/#primaryimage","url":"https:\/\/www.gtline.com\/de\/wp-content\/uploads\/sites\/5\/2025\/05\/AI1X.B.2LR_03_9122.jpg","contentUrl":"https:\/\/www.gtline.com\/de\/wp-content\/uploads\/sites\/5\/2025\/05\/AI1X.B.2LR_03_9122.jpg","width":500,"height":500},{"@type":"BreadcrumbList","@id":"https:\/\/www.gtline.com\/de\/products\/gt-line-werkzeugwagen-ai1x-b-2lr\/#breadcrumb","itemListElement":[{"@type":"ListItem","position":1,"name":"Home","item":"https:\/\/www.gtline.com\/de\/"},{"@type":"ListItem","position":2,"name":"Shop","item":"https:\/\/www.gtline.com\/de\/negozio\/"},{"@type":"ListItem","position":3,"name":"GT Line Werkzeugwagen AI1X. B.2LR"}]},{"@type":"WebSite","@id":"https:\/\/www.gtline.com\/de\/#website","url":"https:\/\/www.gtline.com\/de\/","name":"Gt Line","description":"","publisher":{"@id":"https:\/\/www.gtline.com\/de\/#organization"},"potentialAction":[{"@type":"SearchAction","target":{"@type":"EntryPoint","urlTemplate":"https:\/\/www.gtline.com\/de\/?s={search_term_string}"},"query-input":{"@type":"PropertyValueSpecification","valueRequired":true,"valueName":"search_term_string"}}],"inLanguage":"de"},{"@type":"Organization","@id":"https:\/\/www.gtline.com\/de\/#organization","name":"Gt Line","url":"https:\/\/www.gtline.com\/de\/","logo":{"@type":"ImageObject","inLanguage":"de","@id":"https:\/\/www.gtline.com\/de\/#\/schema\/logo\/image\/","url":"https:\/\/www.gtline.com\/de\/wp-content\/uploads\/sites\/5\/2025\/02\/logo.png","contentUrl":"https:\/\/www.gtline.com\/de\/wp-content\/uploads\/sites\/5\/2025\/02\/logo.png","width":228,"height":146,"caption":"Gt Line"},"image":{"@id":"https:\/\/www.gtline.com\/de\/#\/schema\/logo\/image\/"},"sameAs":["https:\/\/www.facebook.com\/gtlinesrl?locale=it_IT","https:\/\/www.instagram.com\/gt_line_srl\/","https:\/\/www.youtube.com\/channel\/UCDvpkFqswNJOVFz64PkYRQQ","https:\/\/www.linkedin.com\/company\/gt-line-srl\/"]}]}},"_links":{"self":[{"href":"https:\/\/www.gtline.com\/de\/wp-json\/wp\/v2\/product\/17011","targetHints":{"allow":["GET"]}}],"collection":[{"href":"https:\/\/www.gtline.com\/de\/wp-json\/wp\/v2\/product"}],"about":[{"href":"https:\/\/www.gtline.com\/de\/wp-json\/wp\/v2\/types\/product"}],"replies":[{"embeddable":true,"href":"https:\/\/www.gtline.com\/de\/wp-json\/wp\/v2\/comments?post=17011"}],"version-history":[{"count":2,"href":"https:\/\/www.gtline.com\/de\/wp-json\/wp\/v2\/product\/17011\/revisions"}],"predecessor-version":[{"id":22279,"href":"https:\/\/www.gtline.com\/de\/wp-json\/wp\/v2\/product\/17011\/revisions\/22279"}],"wp:featuredmedia":[{"embeddable":true,"href":"https:\/\/www.gtline.com\/de\/wp-json\/wp\/v2\/media\/9229"}],"wp:attachment":[{"href":"https:\/\/www.gtline.com\/de\/wp-json\/wp\/v2\/media?parent=17011"}],"wp:term":[{"taxonomy":"product_brand","embeddable":true,"href":"https:\/\/www.gtline.com\/de\/wp-json\/wp\/v2\/product_brand?post=17011"},{"taxonomy":"product_cat","embeddable":true,"href":"https:\/\/www.gtline.com\/de\/wp-json\/wp\/v2\/product_cat?post=17011"},{"taxonomy":"product_tag","embeddable":true,"href":"https:\/\/www.gtline.com\/de\/wp-json\/wp\/v2\/product_tag?post=17011"}],"curies":[{"name":"wp","href":"https:\/\/api.w.org\/{rel}","templated":true}]}}