{"id":17055,"date":"2025-07-30T10:25:31","date_gmt":"2025-07-30T10:25:31","guid":{"rendered":"https:\/\/www.gtline.com\/de\/prodotto\/gt-line-wasserdichter-profi-trolley-gt-48-25-pss\/"},"modified":"2026-04-17T02:13:47","modified_gmt":"2026-04-17T02:13:47","slug":"gt-line-wasserdichter-profi-trolley-gt-48-25-pss","status":"publish","type":"product","link":"https:\/\/www.gtline.com\/de\/products\/gt-line-wasserdichter-profi-trolley-gt-48-25-pss\/","title":{"rendered":"GT Line Profi-Trolley GT 48-25 PSS"},"content":{"rendered":"<p data-start=\"145\" data-end=\"365\">Schutz vor Wasser, Staub und \u00e4u\u00dferen Einfl\u00fcssen.<br \/><br data-start=\"197\" data-end=\"200\">Der professionelle Koffer besteht aus Polypropylen und bietet zuverl\u00e4ssigen Schutz vor Spritzwasser, Feuchtigkeit und Sand \u2013 selbst unter extremen Bedingungen.<\/p>\n<p data-start=\"370\" data-end=\"617\">Strukturelle Widerstandsf\u00e4higkeit f\u00fcr extreme Umgebungen.<br \/><br data-start=\"431\" data-end=\"434\">Ausgelegt f\u00fcr Temperaturen von -33 \u00b0C bis +90 \u00b0C, St\u00f6\u00dfe, Quetschungen und korrosive Substanzen ist dieser Werkzeugkoffer ideal f\u00fcr anspruchsvolle Eins\u00e4tze und intensive Nutzung.<\/p>\n<p data-start=\"622\" data-end=\"918\">Vielseitige und intelligente Innenorganisation.<br \/><br data-start=\"673\" data-end=\"676\">Zwei Werkzeugtafeln mit elastischen Halterungen erm\u00f6glichen eine \u00fcbersichtliche und leicht zug\u00e4ngliche Anordnung von Werkzeugen unterschiedlicher Gr\u00f6\u00dfen, w\u00e4hrend modulare Trennw\u00e4nde im Bodenfach eine individuelle Konfiguration erlauben.<\/p>\n<p data-start=\"923\" data-end=\"1155\">Maximale Stabilit\u00e4t und Komfort beim Transport.<br \/><br data-start=\"974\" data-end=\"977\">Ausgestattet mit ergonomischem, gummiertem Griff, teleskopischem Handgriff und integrierten Rollen erm\u00f6glicht der Koffer einen m\u00fchelosen Transport auch bei voller Beladung.<\/p>\n<p data-start=\"1160\" data-end=\"1400\">Erh\u00f6hte Sicherheit und professionelle Details.<br \/><br data-start=\"1210\" data-end=\"1213\">Stahlverst\u00e4rkungen an den Schlossaufnahmen, korrosionsbest\u00e4ndige Scharniere und gasdruckunterst\u00fctzte Deckelhalter gew\u00e4hrleisten Langlebigkeit, Sicherheit und Benutzerfreundlichkeit.<\/p>\n<p data-start=\"1405\" data-end=\"1641\">Integriertes Dokumentenmanagement.<br \/><br data-start=\"1443\" data-end=\"1446\">Ein Dokumentenfach und ein integriertes Namensschild runden die Ausstattung ab und machen diesen Werkzeugkoffer ideal f\u00fcr die Aufbewahrung sensibler Unterlagen oder technischer Zertifikate.<\/p>\n<p data-start=\"1646\" data-end=\"1857\">Stapelbares Design f\u00fcr effiziente Logistik.<br \/><br data-start=\"1693\" data-end=\"1696\">Das \u00e4u\u00dfere Design ist f\u00fcr das sichere Stapeln optimiert \u2013 ideal f\u00fcr Mehrfachtransporte und die organisierte Lagerung in Werkst\u00e4tten oder Servicefahrzeugen.<\/p>\n","protected":false},"excerpt":{"rendered":"<p data-start=\"140\" data-end=\"318\"><strong data-start=\"140\" data-end=\"194\">Der Profi-Trolley der neuesten Generation GT 48-25<\/strong> wird von Fachkr\u00e4ften gew\u00e4hlt, die in anspruchsvollen Umgebungen arbeiten und eine effiziente Innenorganisation ben\u00f6tigen.<\/p>\n<p data-start=\"320\" data-end=\"461\">Dieser Werkzeugtrolley ist wasserbest\u00e4ndig und bietet einen vollst\u00e4ndigen Schutz vor Wasser, Staub, Feuchtigkeit und korrosiven Substanzen.<\/p>\n","protected":false},"featured_media":9946,"comment_status":"open","ping_status":"closed","template":"","meta":{"_acf_changed":false},"product_brand":[],"product_cat":[251],"product_tag":[],"class_list":{"0":"post-17055","1":"product","2":"type-product","3":"status-publish","4":"has-post-thumbnail","6":"product_cat-251","7":"pa_anwendungen-alle","8":"pa_anwendungen-koffer-und-taschen-fur-betreuer","9":"pa_anwendungen-koffer-und-taschen-fur-elektriker","10":"pa_anwendungen-koffer-und-taschen-fur-installateure","11":"pa_anwendungen-koffer-und-taschen-fur-servicetechniker","12":"pa_produkttyp-werkzeugkoffer","13":"pa_produkttyp-wasserdichte-werkzeugkoffer","15":"first","16":"instock","17":"shipping-taxable","18":"purchasable","19":"product-type-simple"},"acf":[],"yoast_head":"<!-- This site is optimized with the Yoast SEO plugin v25.4 - https:\/\/yoast.com\/wordpress\/plugins\/seo\/ -->\n<title>GT Line Profi-Trolley GT 48-25 PSS - Gt Line DE<\/title>\n<meta name=\"robots\" content=\"index, follow, max-snippet:-1, max-image-preview:large, max-video-preview:-1\" \/>\n<link rel=\"canonical\" href=\"https:\/\/www.gtline.com\/de\/products\/gt-line-wasserdichter-profi-trolley-gt-48-25-pss\/\" \/>\n<meta property=\"og:locale\" content=\"de_DE\" \/>\n<meta property=\"og:type\" content=\"article\" \/>\n<meta property=\"og:title\" content=\"GT Line Profi-Trolley GT 48-25 PSS - Gt Line DE\" \/>\n<meta property=\"og:description\" content=\"Der Profi-Trolley der neuesten Generation GT 48-25 wird von Fachkr\u00e4ften gew\u00e4hlt, die in anspruchsvollen Umgebungen arbeiten und eine effiziente Innenorganisation ben\u00f6tigen. Dieser Werkzeugtrolley ist wasserbest\u00e4ndig und bietet einen vollst\u00e4ndigen Schutz vor Wasser, Staub, Feuchtigkeit und korrosiven Substanzen.\" \/>\n<meta property=\"og:url\" content=\"https:\/\/www.gtline.com\/de\/products\/gt-line-wasserdichter-profi-trolley-gt-48-25-pss\/\" \/>\n<meta property=\"og:site_name\" content=\"Gt Line DE\" \/>\n<meta property=\"article:publisher\" content=\"https:\/\/www.facebook.com\/gtlinesrl?locale=it_IT\" \/>\n<meta property=\"article:modified_time\" content=\"2026-04-17T02:13:47+00:00\" \/>\n<meta property=\"og:image\" content=\"https:\/\/www.gtline.com\/de\/wp-content\/uploads\/sites\/5\/2025\/05\/GT-48-25_PSS_01_9170.jpg\" \/>\n\t<meta property=\"og:image:width\" content=\"500\" \/>\n\t<meta property=\"og:image:height\" content=\"500\" \/>\n\t<meta property=\"og:image:type\" content=\"image\/jpeg\" \/>\n<meta name=\"twitter:card\" content=\"summary_large_image\" \/>\n<meta name=\"twitter:label1\" content=\"Gesch\u00e4tzte Lesezeit\" \/>\n\t<meta name=\"twitter:data1\" content=\"1\u00a0Minute\" \/>\n<script type=\"application\/ld+json\" class=\"yoast-schema-graph\">{\"@context\":\"https:\/\/schema.org\",\"@graph\":[{\"@type\":\"WebPage\",\"@id\":\"https:\/\/www.gtline.com\/de\/products\/gt-line-wasserdichter-profi-trolley-gt-48-25-pss\/\",\"url\":\"https:\/\/www.gtline.com\/de\/products\/gt-line-wasserdichter-profi-trolley-gt-48-25-pss\/\",\"name\":\"GT Line Profi-Trolley GT 48-25 PSS - Gt Line DE\",\"isPartOf\":{\"@id\":\"https:\/\/www.gtline.com\/de\/#website\"},\"primaryImageOfPage\":{\"@id\":\"https:\/\/www.gtline.com\/de\/products\/gt-line-wasserdichter-profi-trolley-gt-48-25-pss\/#primaryimage\"},\"image\":{\"@id\":\"https:\/\/www.gtline.com\/de\/products\/gt-line-wasserdichter-profi-trolley-gt-48-25-pss\/#primaryimage\"},\"thumbnailUrl\":\"https:\/\/www.gtline.com\/de\/wp-content\/uploads\/sites\/5\/2025\/05\/GT-48-25_PSS_01_9170.jpg\",\"datePublished\":\"2025-07-30T10:25:31+00:00\",\"dateModified\":\"2026-04-17T02:13:47+00:00\",\"breadcrumb\":{\"@id\":\"https:\/\/www.gtline.com\/de\/products\/gt-line-wasserdichter-profi-trolley-gt-48-25-pss\/#breadcrumb\"},\"inLanguage\":\"de\",\"potentialAction\":[{\"@type\":\"ReadAction\",\"target\":[\"https:\/\/www.gtline.com\/de\/products\/gt-line-wasserdichter-profi-trolley-gt-48-25-pss\/\"]}]},{\"@type\":\"ImageObject\",\"inLanguage\":\"de\",\"@id\":\"https:\/\/www.gtline.com\/de\/products\/gt-line-wasserdichter-profi-trolley-gt-48-25-pss\/#primaryimage\",\"url\":\"https:\/\/www.gtline.com\/de\/wp-content\/uploads\/sites\/5\/2025\/05\/GT-48-25_PSS_01_9170.jpg\",\"contentUrl\":\"https:\/\/www.gtline.com\/de\/wp-content\/uploads\/sites\/5\/2025\/05\/GT-48-25_PSS_01_9170.jpg\",\"width\":500,\"height\":500},{\"@type\":\"BreadcrumbList\",\"@id\":\"https:\/\/www.gtline.com\/de\/products\/gt-line-wasserdichter-profi-trolley-gt-48-25-pss\/#breadcrumb\",\"itemListElement\":[{\"@type\":\"ListItem\",\"position\":1,\"name\":\"Home\",\"item\":\"https:\/\/www.gtline.com\/de\/\"},{\"@type\":\"ListItem\",\"position\":2,\"name\":\"Shop\",\"item\":\"https:\/\/www.gtline.com\/de\/negozio\/\"},{\"@type\":\"ListItem\",\"position\":3,\"name\":\"GT Line Wasserdichter Profi-Trolley GT 48-25 PSS\"}]},{\"@type\":\"WebSite\",\"@id\":\"https:\/\/www.gtline.com\/de\/#website\",\"url\":\"https:\/\/www.gtline.com\/de\/\",\"name\":\"Gt Line\",\"description\":\"\",\"publisher\":{\"@id\":\"https:\/\/www.gtline.com\/de\/#organization\"},\"potentialAction\":[{\"@type\":\"SearchAction\",\"target\":{\"@type\":\"EntryPoint\",\"urlTemplate\":\"https:\/\/www.gtline.com\/de\/?s={search_term_string}\"},\"query-input\":{\"@type\":\"PropertyValueSpecification\",\"valueRequired\":true,\"valueName\":\"search_term_string\"}}],\"inLanguage\":\"de\"},{\"@type\":\"Organization\",\"@id\":\"https:\/\/www.gtline.com\/de\/#organization\",\"name\":\"Gt Line\",\"url\":\"https:\/\/www.gtline.com\/de\/\",\"logo\":{\"@type\":\"ImageObject\",\"inLanguage\":\"de\",\"@id\":\"https:\/\/www.gtline.com\/de\/#\/schema\/logo\/image\/\",\"url\":\"https:\/\/www.gtline.com\/de\/wp-content\/uploads\/sites\/5\/2025\/02\/logo.png\",\"contentUrl\":\"https:\/\/www.gtline.com\/de\/wp-content\/uploads\/sites\/5\/2025\/02\/logo.png\",\"width\":228,\"height\":146,\"caption\":\"Gt Line\"},\"image\":{\"@id\":\"https:\/\/www.gtline.com\/de\/#\/schema\/logo\/image\/\"},\"sameAs\":[\"https:\/\/www.facebook.com\/gtlinesrl?locale=it_IT\",\"https:\/\/www.instagram.com\/gt_line_srl\/\",\"https:\/\/www.youtube.com\/channel\/UCDvpkFqswNJOVFz64PkYRQQ\",\"https:\/\/www.linkedin.com\/company\/gt-line-srl\/\"]}]}<\/script>\n<!-- \/ Yoast SEO plugin. -->","yoast_head_json":{"title":"GT Line Profi-Trolley GT 48-25 PSS - Gt Line DE","robots":{"index":"index","follow":"follow","max-snippet":"max-snippet:-1","max-image-preview":"max-image-preview:large","max-video-preview":"max-video-preview:-1"},"canonical":"https:\/\/www.gtline.com\/de\/products\/gt-line-wasserdichter-profi-trolley-gt-48-25-pss\/","og_locale":"de_DE","og_type":"article","og_title":"GT Line Profi-Trolley GT 48-25 PSS - Gt Line DE","og_description":"Der Profi-Trolley der neuesten Generation GT 48-25 wird von Fachkr\u00e4ften gew\u00e4hlt, die in anspruchsvollen Umgebungen arbeiten und eine effiziente Innenorganisation ben\u00f6tigen. Dieser Werkzeugtrolley ist wasserbest\u00e4ndig und bietet einen vollst\u00e4ndigen Schutz vor Wasser, Staub, Feuchtigkeit und korrosiven Substanzen.","og_url":"https:\/\/www.gtline.com\/de\/products\/gt-line-wasserdichter-profi-trolley-gt-48-25-pss\/","og_site_name":"Gt Line DE","article_publisher":"https:\/\/www.facebook.com\/gtlinesrl?locale=it_IT","article_modified_time":"2026-04-17T02:13:47+00:00","og_image":[{"width":500,"height":500,"url":"https:\/\/www.gtline.com\/de\/wp-content\/uploads\/sites\/5\/2025\/05\/GT-48-25_PSS_01_9170.jpg","type":"image\/jpeg"}],"twitter_card":"summary_large_image","twitter_misc":{"Gesch\u00e4tzte Lesezeit":"1\u00a0Minute"},"schema":{"@context":"https:\/\/schema.org","@graph":[{"@type":"WebPage","@id":"https:\/\/www.gtline.com\/de\/products\/gt-line-wasserdichter-profi-trolley-gt-48-25-pss\/","url":"https:\/\/www.gtline.com\/de\/products\/gt-line-wasserdichter-profi-trolley-gt-48-25-pss\/","name":"GT Line Profi-Trolley GT 48-25 PSS - Gt Line DE","isPartOf":{"@id":"https:\/\/www.gtline.com\/de\/#website"},"primaryImageOfPage":{"@id":"https:\/\/www.gtline.com\/de\/products\/gt-line-wasserdichter-profi-trolley-gt-48-25-pss\/#primaryimage"},"image":{"@id":"https:\/\/www.gtline.com\/de\/products\/gt-line-wasserdichter-profi-trolley-gt-48-25-pss\/#primaryimage"},"thumbnailUrl":"https:\/\/www.gtline.com\/de\/wp-content\/uploads\/sites\/5\/2025\/05\/GT-48-25_PSS_01_9170.jpg","datePublished":"2025-07-30T10:25:31+00:00","dateModified":"2026-04-17T02:13:47+00:00","breadcrumb":{"@id":"https:\/\/www.gtline.com\/de\/products\/gt-line-wasserdichter-profi-trolley-gt-48-25-pss\/#breadcrumb"},"inLanguage":"de","potentialAction":[{"@type":"ReadAction","target":["https:\/\/www.gtline.com\/de\/products\/gt-line-wasserdichter-profi-trolley-gt-48-25-pss\/"]}]},{"@type":"ImageObject","inLanguage":"de","@id":"https:\/\/www.gtline.com\/de\/products\/gt-line-wasserdichter-profi-trolley-gt-48-25-pss\/#primaryimage","url":"https:\/\/www.gtline.com\/de\/wp-content\/uploads\/sites\/5\/2025\/05\/GT-48-25_PSS_01_9170.jpg","contentUrl":"https:\/\/www.gtline.com\/de\/wp-content\/uploads\/sites\/5\/2025\/05\/GT-48-25_PSS_01_9170.jpg","width":500,"height":500},{"@type":"BreadcrumbList","@id":"https:\/\/www.gtline.com\/de\/products\/gt-line-wasserdichter-profi-trolley-gt-48-25-pss\/#breadcrumb","itemListElement":[{"@type":"ListItem","position":1,"name":"Home","item":"https:\/\/www.gtline.com\/de\/"},{"@type":"ListItem","position":2,"name":"Shop","item":"https:\/\/www.gtline.com\/de\/negozio\/"},{"@type":"ListItem","position":3,"name":"GT Line Wasserdichter Profi-Trolley GT 48-25 PSS"}]},{"@type":"WebSite","@id":"https:\/\/www.gtline.com\/de\/#website","url":"https:\/\/www.gtline.com\/de\/","name":"Gt Line","description":"","publisher":{"@id":"https:\/\/www.gtline.com\/de\/#organization"},"potentialAction":[{"@type":"SearchAction","target":{"@type":"EntryPoint","urlTemplate":"https:\/\/www.gtline.com\/de\/?s={search_term_string}"},"query-input":{"@type":"PropertyValueSpecification","valueRequired":true,"valueName":"search_term_string"}}],"inLanguage":"de"},{"@type":"Organization","@id":"https:\/\/www.gtline.com\/de\/#organization","name":"Gt Line","url":"https:\/\/www.gtline.com\/de\/","logo":{"@type":"ImageObject","inLanguage":"de","@id":"https:\/\/www.gtline.com\/de\/#\/schema\/logo\/image\/","url":"https:\/\/www.gtline.com\/de\/wp-content\/uploads\/sites\/5\/2025\/02\/logo.png","contentUrl":"https:\/\/www.gtline.com\/de\/wp-content\/uploads\/sites\/5\/2025\/02\/logo.png","width":228,"height":146,"caption":"Gt Line"},"image":{"@id":"https:\/\/www.gtline.com\/de\/#\/schema\/logo\/image\/"},"sameAs":["https:\/\/www.facebook.com\/gtlinesrl?locale=it_IT","https:\/\/www.instagram.com\/gt_line_srl\/","https:\/\/www.youtube.com\/channel\/UCDvpkFqswNJOVFz64PkYRQQ","https:\/\/www.linkedin.com\/company\/gt-line-srl\/"]}]}},"_links":{"self":[{"href":"https:\/\/www.gtline.com\/de\/wp-json\/wp\/v2\/product\/17055","targetHints":{"allow":["GET"]}}],"collection":[{"href":"https:\/\/www.gtline.com\/de\/wp-json\/wp\/v2\/product"}],"about":[{"href":"https:\/\/www.gtline.com\/de\/wp-json\/wp\/v2\/types\/product"}],"replies":[{"embeddable":true,"href":"https:\/\/www.gtline.com\/de\/wp-json\/wp\/v2\/comments?post=17055"}],"version-history":[{"count":3,"href":"https:\/\/www.gtline.com\/de\/wp-json\/wp\/v2\/product\/17055\/revisions"}],"predecessor-version":[{"id":22317,"href":"https:\/\/www.gtline.com\/de\/wp-json\/wp\/v2\/product\/17055\/revisions\/22317"}],"wp:featuredmedia":[{"embeddable":true,"href":"https:\/\/www.gtline.com\/de\/wp-json\/wp\/v2\/media\/9946"}],"wp:attachment":[{"href":"https:\/\/www.gtline.com\/de\/wp-json\/wp\/v2\/media?parent=17055"}],"wp:term":[{"taxonomy":"product_brand","embeddable":true,"href":"https:\/\/www.gtline.com\/de\/wp-json\/wp\/v2\/product_brand?post=17055"},{"taxonomy":"product_cat","embeddable":true,"href":"https:\/\/www.gtline.com\/de\/wp-json\/wp\/v2\/product_cat?post=17055"},{"taxonomy":"product_tag","embeddable":true,"href":"https:\/\/www.gtline.com\/de\/wp-json\/wp\/v2\/product_tag?post=17055"}],"curies":[{"name":"wp","href":"https:\/\/api.w.org\/{rel}","templated":true}]}}