{"id":27088,"date":"2026-02-04T03:12:56","date_gmt":"2026-02-04T03:12:56","guid":{"rendered":"https:\/\/www.gtline.com\/de\/prodotto\/monolith-cross-lt40-zaino-x-utens-troll\/"},"modified":"2026-04-17T02:14:03","modified_gmt":"2026-04-17T02:14:03","slug":"monolith-cross-lt40-zaino-x-utens-troll","status":"publish","type":"product","link":"https:\/\/www.gtline.com\/de\/products\/monolith-cross-lt40-zaino-x-utens-troll\/","title":{"rendered":"Work Line by GT &ndash; Werkzeugwagen MONOLITH CROSS LT40 (Demn&auml;chst verf&uuml;gbar)"},"content":{"rendered":"<p data-start=\"3251\" data-end=\"3378\"><strong data-start=\"3251\" data-end=\"3270\">40-L-Kapazit\u00e4t:<\/strong> Gro\u00dfz\u00fcgiges Volumen von 40 Litern, ausgelegt f\u00fcr den Transport einer Vielzahl von Werkzeugen und Zubeh\u00f6r.<\/p>\n<p data-start=\"3382\" data-end=\"3532\"><strong data-start=\"3382\" data-end=\"3398\">Gro\u00dfe R\u00e4der:<\/strong> Ausgestattet mit robusten, profilierten \u00d8120-mm-R\u00e4dern f\u00fcr eine ruhige und stabile Fortbewegung auf unterschiedlichen Untergr\u00fcnden.<\/p>\n<p data-start=\"3536\" data-end=\"3671\"><strong data-start=\"3536\" data-end=\"3571\">Konvertierbares Trolley-System:<\/strong> Sowohl als Trolley als auch als Rucksack nutzbar und bietet maximale Flexibilit\u00e4t beim Transport.<\/p>\n<p data-start=\"3675\" data-end=\"3777\"><strong data-start=\"3675\" data-end=\"3692\">Komfortgriff:<\/strong> Ergonomischer Gummigriff mit Memory-Schaum f\u00fcr einen sicheren und angenehmen Halt.<\/p>\n<p data-start=\"3781\" data-end=\"3885\"><strong data-start=\"3781\" data-end=\"3803\">R\u00fcckwand-Aufnahme:<\/strong> Internes R\u00fcckwandpanel zur Aufnahme von bis zu drei kleinen WL-Kleinteileboxen.<\/p>\n<p data-start=\"3889\" data-end=\"4054\"><strong data-start=\"3889\" data-end=\"3923\">Ergonomische R\u00fcckenpolsterung:<\/strong> Gepolsterte R\u00fcckenfl\u00e4che mit Befestigungspunkten f\u00fcr die mitgelieferten Schultergurte f\u00fcr hohen Tragekomfort im Rucksackbetrieb.<\/p>\n<p data-start=\"4058\" data-end=\"4235\"><strong data-start=\"4058\" data-end=\"4085\">Interne Werkzeugpanels:<\/strong> Gro\u00dfes Hauptfach mit doppelt ausgef\u00fchrten, herausnehmbaren Werkzeugpanels mit integrierten Griffen f\u00fcr einfache Organisation und schnellen Zugriff.<\/p>\n<p data-start=\"4239\" data-end=\"4384\"><strong data-start=\"4239\" data-end=\"4257\">Seitentaschen:<\/strong><br data-start=\"4257\" data-end=\"4260\">\u2022 Separate Tasche f\u00fcr Dokumente und Laptop<br data-start=\"4305\" data-end=\"4308\">\u2022 Zwei externe Zusatztaschen mit MOLLE-System zur modularen Erweiterung<\/p>\n<p data-start=\"4388\" data-end=\"4504\"><strong data-start=\"4388\" data-end=\"4415\">Hohe Aufnahmekapazit\u00e4t:<\/strong> Mit 46 Taschen und 6 elastischen Schlaufen f\u00fcr den Transport von bis zu 66 Werkzeugen.<\/p>\n<p data-start=\"4509\" data-end=\"4653\"><strong data-start=\"4509\" data-end=\"4523\">Frontfach:<\/strong> Halbsteifes EVA-Frontfach mit Zubeh\u00f6rtasche und internem Rei\u00dfverschlusszugang f\u00fcr zus\u00e4tzlichen Schutz und bessere Organisation.<\/p>\n<p data-start=\"4658\" data-end=\"4792\"><strong data-start=\"4658\" data-end=\"4680\">Verst\u00e4rkter Boden:<\/strong> Stabiler Kunststoffboden f\u00fcr erh\u00f6hte Standfestigkeit, Langlebigkeit sowie Schutz vor St\u00f6\u00dfen und Feuchtigkeit.<\/p>\n","protected":false},"excerpt":{"rendered":"<p data-start=\"0\" data-end=\"179\">Monolith Cross LT40 ist der Work Line Trolley mit innovativem Design, entwickelt f\u00fcr alle, die im Au\u00dfeneinsatz arbeiten und maximale Funktionalit\u00e4t sowie Organisation ben\u00f6tigen.<\/p>\n<p data-start=\"181\" data-end=\"364\">Die gro\u00dfen 120-mm-Profilr\u00e4der, der stabile, verst\u00e4rkte Boden und die M\u00f6glichkeit, ihn als Rucksack zu tragen, gew\u00e4hrleisten Bewegungsfreiheit und Robustheit in jedem Einsatzbereich.<\/p>\n<p data-start=\"366\" data-end=\"538\" data-is-last-node=\"\" data-is-only-node=\"\">Mit 46 Taschen, 6 elastischen Schlaufen und einem doppelt herausnehmbaren Werkzeugpaneel bietet er eine \u00fcberlegene Lade- und Organisationskapazit\u00e4t f\u00fcr bis zu 66 Werkzeuge.<\/p>\n","protected":false},"featured_media":27090,"comment_status":"open","ping_status":"closed","template":"","meta":{"_acf_changed":false},"product_brand":[],"product_cat":[230],"product_tag":[],"class_list":{"0":"post-27088","1":"product","2":"type-product","3":"status-publish","4":"has-post-thumbnail","6":"product_cat-linea-top","7":"pa_anwendungen-koffer-und-taschen-fur-betreuer","8":"pa_anwendungen-koffer-und-taschen-fur-elektriker","9":"pa_anwendungen-koffer-und-taschen-fur-installateure","10":"pa_anwendungen-koffer-und-taschen-fur-servicetechniker","11":"pa_produkttyp-werkzeugtaschen-und-rucksacke","13":"first","14":"instock","15":"shipping-taxable","16":"purchasable","17":"product-type-simple"},"acf":[],"yoast_head":"<!-- This site is optimized with the Yoast SEO plugin v25.4 - https:\/\/yoast.com\/wordpress\/plugins\/seo\/ -->\n<title>Work Line by GT &ndash; Werkzeugwagen MONOLITH CROSS LT40 (Demn&auml;chst verf&uuml;gbar) - Gt Line DE<\/title>\n<meta name=\"robots\" content=\"index, follow, max-snippet:-1, max-image-preview:large, max-video-preview:-1\" \/>\n<link rel=\"canonical\" href=\"https:\/\/www.gtline.com\/de\/products\/monolith-cross-lt40-zaino-x-utens-troll\/\" \/>\n<meta property=\"og:locale\" content=\"de_DE\" \/>\n<meta property=\"og:type\" content=\"article\" \/>\n<meta property=\"og:title\" content=\"Work Line by GT &ndash; Werkzeugwagen MONOLITH CROSS LT40 (Demn&auml;chst verf&uuml;gbar) - Gt Line DE\" \/>\n<meta property=\"og:description\" content=\"Monolith Cross LT40 ist der Work Line Trolley mit innovativem Design, entwickelt f\u00fcr alle, die im Au\u00dfeneinsatz arbeiten und maximale Funktionalit\u00e4t sowie Organisation ben\u00f6tigen. Die gro\u00dfen 120-mm-Profilr\u00e4der, der stabile, verst\u00e4rkte Boden und die M\u00f6glichkeit, ihn als Rucksack zu tragen, gew\u00e4hrleisten Bewegungsfreiheit und Robustheit in jedem Einsatzbereich. Mit 46 Taschen, 6 elastischen Schlaufen und einem doppelt herausnehmbaren Werkzeugpaneel bietet er eine \u00fcberlegene Lade- und Organisationskapazit\u00e4t f\u00fcr bis zu 66 Werkzeuge.\" \/>\n<meta property=\"og:url\" content=\"https:\/\/www.gtline.com\/de\/products\/monolith-cross-lt40-zaino-x-utens-troll\/\" \/>\n<meta property=\"og:site_name\" content=\"Gt Line DE\" \/>\n<meta property=\"article:publisher\" content=\"https:\/\/www.facebook.com\/gtlinesrl?locale=it_IT\" \/>\n<meta property=\"article:modified_time\" content=\"2026-04-17T02:14:03+00:00\" \/>\n<meta name=\"twitter:card\" content=\"summary_large_image\" \/>\n<meta name=\"twitter:label1\" content=\"Gesch\u00e4tzte Lesezeit\" \/>\n\t<meta name=\"twitter:data1\" content=\"1\u00a0Minute\" \/>\n<script type=\"application\/ld+json\" class=\"yoast-schema-graph\">{\"@context\":\"https:\/\/schema.org\",\"@graph\":[{\"@type\":\"WebPage\",\"@id\":\"https:\/\/www.gtline.com\/de\/products\/monolith-cross-lt40-zaino-x-utens-troll\/\",\"url\":\"https:\/\/www.gtline.com\/de\/products\/monolith-cross-lt40-zaino-x-utens-troll\/\",\"name\":\"Work Line by GT &ndash; Werkzeugwagen MONOLITH CROSS LT40 (Demn&auml;chst verf&uuml;gbar) - Gt Line DE\",\"isPartOf\":{\"@id\":\"https:\/\/www.gtline.com\/de\/#website\"},\"primaryImageOfPage\":{\"@id\":\"https:\/\/www.gtline.com\/de\/products\/monolith-cross-lt40-zaino-x-utens-troll\/#primaryimage\"},\"image\":{\"@id\":\"https:\/\/www.gtline.com\/de\/products\/monolith-cross-lt40-zaino-x-utens-troll\/#primaryimage\"},\"thumbnailUrl\":\"https:\/\/www.gtline.com\/de\/wp-content\/uploads\/sites\/5\/2026\/02\/Monolith_Cross_01_9178.jpg\",\"datePublished\":\"2026-02-04T03:12:56+00:00\",\"dateModified\":\"2026-04-17T02:14:03+00:00\",\"breadcrumb\":{\"@id\":\"https:\/\/www.gtline.com\/de\/products\/monolith-cross-lt40-zaino-x-utens-troll\/#breadcrumb\"},\"inLanguage\":\"de\",\"potentialAction\":[{\"@type\":\"ReadAction\",\"target\":[\"https:\/\/www.gtline.com\/de\/products\/monolith-cross-lt40-zaino-x-utens-troll\/\"]}]},{\"@type\":\"ImageObject\",\"inLanguage\":\"de\",\"@id\":\"https:\/\/www.gtline.com\/de\/products\/monolith-cross-lt40-zaino-x-utens-troll\/#primaryimage\",\"url\":\"https:\/\/www.gtline.com\/de\/wp-content\/uploads\/sites\/5\/2026\/02\/Monolith_Cross_01_9178.jpg\",\"contentUrl\":\"https:\/\/www.gtline.com\/de\/wp-content\/uploads\/sites\/5\/2026\/02\/Monolith_Cross_01_9178.jpg\",\"width\":500,\"height\":500},{\"@type\":\"BreadcrumbList\",\"@id\":\"https:\/\/www.gtline.com\/de\/products\/monolith-cross-lt40-zaino-x-utens-troll\/#breadcrumb\",\"itemListElement\":[{\"@type\":\"ListItem\",\"position\":1,\"name\":\"Home\",\"item\":\"https:\/\/www.gtline.com\/de\/\"},{\"@type\":\"ListItem\",\"position\":2,\"name\":\"Shop\",\"item\":\"https:\/\/www.gtline.com\/de\/negozio\/\"},{\"@type\":\"ListItem\",\"position\":3,\"name\":\"MONOLITH CROSS LT40-ZAINO X UTENS. TROLL\"}]},{\"@type\":\"WebSite\",\"@id\":\"https:\/\/www.gtline.com\/de\/#website\",\"url\":\"https:\/\/www.gtline.com\/de\/\",\"name\":\"Gt Line\",\"description\":\"\",\"publisher\":{\"@id\":\"https:\/\/www.gtline.com\/de\/#organization\"},\"potentialAction\":[{\"@type\":\"SearchAction\",\"target\":{\"@type\":\"EntryPoint\",\"urlTemplate\":\"https:\/\/www.gtline.com\/de\/?s={search_term_string}\"},\"query-input\":{\"@type\":\"PropertyValueSpecification\",\"valueRequired\":true,\"valueName\":\"search_term_string\"}}],\"inLanguage\":\"de\"},{\"@type\":\"Organization\",\"@id\":\"https:\/\/www.gtline.com\/de\/#organization\",\"name\":\"Gt Line\",\"url\":\"https:\/\/www.gtline.com\/de\/\",\"logo\":{\"@type\":\"ImageObject\",\"inLanguage\":\"de\",\"@id\":\"https:\/\/www.gtline.com\/de\/#\/schema\/logo\/image\/\",\"url\":\"https:\/\/www.gtline.com\/de\/wp-content\/uploads\/sites\/5\/2025\/02\/logo.png\",\"contentUrl\":\"https:\/\/www.gtline.com\/de\/wp-content\/uploads\/sites\/5\/2025\/02\/logo.png\",\"width\":228,\"height\":146,\"caption\":\"Gt Line\"},\"image\":{\"@id\":\"https:\/\/www.gtline.com\/de\/#\/schema\/logo\/image\/\"},\"sameAs\":[\"https:\/\/www.facebook.com\/gtlinesrl?locale=it_IT\",\"https:\/\/www.instagram.com\/gt_line_srl\/\",\"https:\/\/www.youtube.com\/channel\/UCDvpkFqswNJOVFz64PkYRQQ\",\"https:\/\/www.linkedin.com\/company\/gt-line-srl\/\"]}]}<\/script>\n<!-- \/ Yoast SEO plugin. -->","yoast_head_json":{"title":"Work Line by GT &ndash; Werkzeugwagen MONOLITH CROSS LT40 (Demn&auml;chst verf&uuml;gbar) - Gt Line DE","robots":{"index":"index","follow":"follow","max-snippet":"max-snippet:-1","max-image-preview":"max-image-preview:large","max-video-preview":"max-video-preview:-1"},"canonical":"https:\/\/www.gtline.com\/de\/products\/monolith-cross-lt40-zaino-x-utens-troll\/","og_locale":"de_DE","og_type":"article","og_title":"Work Line by GT &ndash; Werkzeugwagen MONOLITH CROSS LT40 (Demn&auml;chst verf&uuml;gbar) - Gt Line DE","og_description":"Monolith Cross LT40 ist der Work Line Trolley mit innovativem Design, entwickelt f\u00fcr alle, die im Au\u00dfeneinsatz arbeiten und maximale Funktionalit\u00e4t sowie Organisation ben\u00f6tigen. Die gro\u00dfen 120-mm-Profilr\u00e4der, der stabile, verst\u00e4rkte Boden und die M\u00f6glichkeit, ihn als Rucksack zu tragen, gew\u00e4hrleisten Bewegungsfreiheit und Robustheit in jedem Einsatzbereich. Mit 46 Taschen, 6 elastischen Schlaufen und einem doppelt herausnehmbaren Werkzeugpaneel bietet er eine \u00fcberlegene Lade- und Organisationskapazit\u00e4t f\u00fcr bis zu 66 Werkzeuge.","og_url":"https:\/\/www.gtline.com\/de\/products\/monolith-cross-lt40-zaino-x-utens-troll\/","og_site_name":"Gt Line DE","article_publisher":"https:\/\/www.facebook.com\/gtlinesrl?locale=it_IT","article_modified_time":"2026-04-17T02:14:03+00:00","twitter_card":"summary_large_image","twitter_misc":{"Gesch\u00e4tzte Lesezeit":"1\u00a0Minute"},"schema":{"@context":"https:\/\/schema.org","@graph":[{"@type":"WebPage","@id":"https:\/\/www.gtline.com\/de\/products\/monolith-cross-lt40-zaino-x-utens-troll\/","url":"https:\/\/www.gtline.com\/de\/products\/monolith-cross-lt40-zaino-x-utens-troll\/","name":"Work Line by GT &ndash; Werkzeugwagen MONOLITH CROSS LT40 (Demn&auml;chst verf&uuml;gbar) - Gt Line DE","isPartOf":{"@id":"https:\/\/www.gtline.com\/de\/#website"},"primaryImageOfPage":{"@id":"https:\/\/www.gtline.com\/de\/products\/monolith-cross-lt40-zaino-x-utens-troll\/#primaryimage"},"image":{"@id":"https:\/\/www.gtline.com\/de\/products\/monolith-cross-lt40-zaino-x-utens-troll\/#primaryimage"},"thumbnailUrl":"https:\/\/www.gtline.com\/de\/wp-content\/uploads\/sites\/5\/2026\/02\/Monolith_Cross_01_9178.jpg","datePublished":"2026-02-04T03:12:56+00:00","dateModified":"2026-04-17T02:14:03+00:00","breadcrumb":{"@id":"https:\/\/www.gtline.com\/de\/products\/monolith-cross-lt40-zaino-x-utens-troll\/#breadcrumb"},"inLanguage":"de","potentialAction":[{"@type":"ReadAction","target":["https:\/\/www.gtline.com\/de\/products\/monolith-cross-lt40-zaino-x-utens-troll\/"]}]},{"@type":"ImageObject","inLanguage":"de","@id":"https:\/\/www.gtline.com\/de\/products\/monolith-cross-lt40-zaino-x-utens-troll\/#primaryimage","url":"https:\/\/www.gtline.com\/de\/wp-content\/uploads\/sites\/5\/2026\/02\/Monolith_Cross_01_9178.jpg","contentUrl":"https:\/\/www.gtline.com\/de\/wp-content\/uploads\/sites\/5\/2026\/02\/Monolith_Cross_01_9178.jpg","width":500,"height":500},{"@type":"BreadcrumbList","@id":"https:\/\/www.gtline.com\/de\/products\/monolith-cross-lt40-zaino-x-utens-troll\/#breadcrumb","itemListElement":[{"@type":"ListItem","position":1,"name":"Home","item":"https:\/\/www.gtline.com\/de\/"},{"@type":"ListItem","position":2,"name":"Shop","item":"https:\/\/www.gtline.com\/de\/negozio\/"},{"@type":"ListItem","position":3,"name":"MONOLITH CROSS LT40-ZAINO X UTENS. TROLL"}]},{"@type":"WebSite","@id":"https:\/\/www.gtline.com\/de\/#website","url":"https:\/\/www.gtline.com\/de\/","name":"Gt Line","description":"","publisher":{"@id":"https:\/\/www.gtline.com\/de\/#organization"},"potentialAction":[{"@type":"SearchAction","target":{"@type":"EntryPoint","urlTemplate":"https:\/\/www.gtline.com\/de\/?s={search_term_string}"},"query-input":{"@type":"PropertyValueSpecification","valueRequired":true,"valueName":"search_term_string"}}],"inLanguage":"de"},{"@type":"Organization","@id":"https:\/\/www.gtline.com\/de\/#organization","name":"Gt Line","url":"https:\/\/www.gtline.com\/de\/","logo":{"@type":"ImageObject","inLanguage":"de","@id":"https:\/\/www.gtline.com\/de\/#\/schema\/logo\/image\/","url":"https:\/\/www.gtline.com\/de\/wp-content\/uploads\/sites\/5\/2025\/02\/logo.png","contentUrl":"https:\/\/www.gtline.com\/de\/wp-content\/uploads\/sites\/5\/2025\/02\/logo.png","width":228,"height":146,"caption":"Gt Line"},"image":{"@id":"https:\/\/www.gtline.com\/de\/#\/schema\/logo\/image\/"},"sameAs":["https:\/\/www.facebook.com\/gtlinesrl?locale=it_IT","https:\/\/www.instagram.com\/gt_line_srl\/","https:\/\/www.youtube.com\/channel\/UCDvpkFqswNJOVFz64PkYRQQ","https:\/\/www.linkedin.com\/company\/gt-line-srl\/"]}]}},"_links":{"self":[{"href":"https:\/\/www.gtline.com\/de\/wp-json\/wp\/v2\/product\/27088","targetHints":{"allow":["GET"]}}],"collection":[{"href":"https:\/\/www.gtline.com\/de\/wp-json\/wp\/v2\/product"}],"about":[{"href":"https:\/\/www.gtline.com\/de\/wp-json\/wp\/v2\/types\/product"}],"replies":[{"embeddable":true,"href":"https:\/\/www.gtline.com\/de\/wp-json\/wp\/v2\/comments?post=27088"}],"version-history":[{"count":3,"href":"https:\/\/www.gtline.com\/de\/wp-json\/wp\/v2\/product\/27088\/revisions"}],"predecessor-version":[{"id":27133,"href":"https:\/\/www.gtline.com\/de\/wp-json\/wp\/v2\/product\/27088\/revisions\/27133"}],"wp:featuredmedia":[{"embeddable":true,"href":"https:\/\/www.gtline.com\/de\/wp-json\/wp\/v2\/media\/27090"}],"wp:attachment":[{"href":"https:\/\/www.gtline.com\/de\/wp-json\/wp\/v2\/media?parent=27088"}],"wp:term":[{"taxonomy":"product_brand","embeddable":true,"href":"https:\/\/www.gtline.com\/de\/wp-json\/wp\/v2\/product_brand?post=27088"},{"taxonomy":"product_cat","embeddable":true,"href":"https:\/\/www.gtline.com\/de\/wp-json\/wp\/v2\/product_cat?post=27088"},{"taxonomy":"product_tag","embeddable":true,"href":"https:\/\/www.gtline.com\/de\/wp-json\/wp\/v2\/product_tag?post=27088"}],"curies":[{"name":"wp","href":"https:\/\/api.w.org\/{rel}","templated":true}]}}