{"id":27089,"date":"2026-02-04T03:12:57","date_gmt":"2026-02-04T03:12:57","guid":{"rendered":"https:\/\/www.gtline.com\/de\/prodotto\/monolith-lt-20-zaino-portautensili\/"},"modified":"2026-04-17T02:14:07","modified_gmt":"2026-04-17T02:14:07","slug":"monolith-lt-20-zaino-portautensili","status":"publish","type":"product","link":"https:\/\/www.gtline.com\/de\/products\/monolith-lt-20-zaino-portautensili\/","title":{"rendered":"Work Line by GT &ndash; Rucksack MONOLITH LT20 (Demn&auml;chst verf&uuml;gbar)"},"content":{"rendered":"<p data-start=\"3349\" data-end=\"3578\"><strong data-start=\"3349\" data-end=\"3366\">Kapazit\u00e4t 20L<\/strong> \u2013 Mit einem Volumen von 20 Litern bietet der Monolith LT20 Rucksack die ideale Balance zwischen kompakter Gr\u00f6\u00dfe und gro\u00dfz\u00fcgigem Stauraum und eignet sich damit perfekt f\u00fcr den t\u00e4glichen professionellen Einsatz.<\/p>\n<p data-start=\"3581\" data-end=\"3818\"><strong data-start=\"3581\" data-end=\"3607\">Verst\u00e4rkte Schutzbasis<\/strong> \u2013 Die Basis mit Skidplate und Schutzf\u00fc\u00dfen sch\u00fctzt den Rucksack vor St\u00f6\u00dfen, Kratzern und Schmutz, verl\u00e4ngert die Lebensdauer des Produkts und gew\u00e4hrleistet Zuverl\u00e4ssigkeit in anspruchsvollen Arbeitsumgebungen.<\/p>\n<p data-start=\"3821\" data-end=\"4016\"><strong data-start=\"3821\" data-end=\"3852\">Selbststehende Konstruktion<\/strong> \u2013 Die Konstruktion ist so gestaltet, dass sie jederzeit aufrecht steht, und bietet Stabilit\u00e4t sowie sofortigen Zugriff auf den Inhalt ohne externe Unterst\u00fctzung.<\/p>\n<p data-start=\"4019\" data-end=\"4238\"><strong data-start=\"4019\" data-end=\"4062\">Intelligente interne Panel-Organisation<\/strong> \u2013 Dedizierte Innenf\u00e4cher nehmen Laptops, Dokumente und B\u00fcrozubeh\u00f6r auf. Das halbsteife EVA-Frontpanel erh\u00f6ht den Schutz und integriert eine praktische Tasche f\u00fcr Kleinteile.<\/p>\n<p data-start=\"4241\" data-end=\"4426\"><strong data-start=\"4241\" data-end=\"4282\">Ergonomisches gepolstertes R\u00fcckenteil<\/strong> \u2013 Das \u00e4u\u00dfere R\u00fcckenteil verf\u00fcgt \u00fcber ergonomische Polsterungen, die den Tragekomfort verbessern und Erm\u00fcdung bei l\u00e4ngerer Nutzung reduzieren.<\/p>\n<p data-start=\"4429\" data-end=\"4625\"><strong data-start=\"4429\" data-end=\"4479\">Seitentasche f\u00fcr Werkzeuge mit hoher Kapazit\u00e4t<\/strong> \u2013 Eine Seitentasche enth\u00e4lt 26 Innenf\u00e4cher f\u00fcr Werkzeuge und 6 Gummib\u00e4nder, sodass bis zu 44 Werkzeuge organisiert transportiert werden k\u00f6nnen.<\/p>\n<p data-start=\"4628\" data-end=\"4791\"><strong data-start=\"4628\" data-end=\"4656\">Ergonomischer Tragegriff<\/strong> \u2013 Der ergonomische Griff erm\u00f6glicht ein bequemes und sicheres Tragen per Hand, wenn der Rucksack nicht auf dem R\u00fccken getragen wird.<\/p>\n<p data-start=\"4794\" data-end=\"4965\"><strong data-start=\"4794\" data-end=\"4817\">Doppelzugang-Design<\/strong> \u2013 Vorder- und R\u00fcckzug\u00e4nge erm\u00f6glichen flexiblen, schnellen Zugriff auf Werkzeuge und Ausr\u00fcstung und verbessern die Effizienz bei Arbeitsabl\u00e4ufen.<\/p>\n","protected":false},"excerpt":{"rendered":"<p data-start=\"1138\" data-end=\"1339\">Der <strong data-start=\"1157\" data-end=\"1174\">Monolith LT20<\/strong> ist der Work Line-Rucksack mit innovativem Design, entwickelt, um Organisation, Praktikabilit\u00e4t und Komfort im t\u00e4glichen professionellen Einsatz zu gew\u00e4hrleisten.<\/p>\n<p data-start=\"1341\" data-end=\"1513\">Die selbststehende Struktur mit Schutzplatte, der doppelte Front- und R\u00fcckenzugang sowie das Fach f\u00fcr Laptop und Dokumente sorgen f\u00fcr Ordnung und schnelle Arbeitsabl\u00e4ufe.<\/p>\n<p data-start=\"1515\" data-end=\"1644\">Mit 26 Innentaschen, 6 Gummib\u00e4ndern und F\u00e4chern f\u00fcr Zubeh\u00f6r erm\u00f6glicht er den organisierten Transport von bis zu 44 Werkzeugen.<\/p>\n","protected":false},"featured_media":27101,"comment_status":"open","ping_status":"closed","template":"","meta":{"_acf_changed":false},"product_brand":[],"product_cat":[230],"product_tag":[],"class_list":{"0":"post-27089","1":"product","2":"type-product","3":"status-publish","4":"has-post-thumbnail","6":"product_cat-linea-top","7":"pa_produkttyp-werkzeugtaschen-und-rucksacke","9":"first","10":"instock","11":"shipping-taxable","12":"purchasable","13":"product-type-simple"},"acf":[],"yoast_head":"<!-- This site is optimized with the Yoast SEO plugin v25.4 - https:\/\/yoast.com\/wordpress\/plugins\/seo\/ -->\n<title>Work Line by GT &ndash; Rucksack MONOLITH LT20 (Demn&auml;chst verf&uuml;gbar) - Gt Line DE<\/title>\n<meta name=\"robots\" content=\"index, follow, max-snippet:-1, max-image-preview:large, max-video-preview:-1\" \/>\n<link rel=\"canonical\" href=\"https:\/\/www.gtline.com\/de\/products\/monolith-lt-20-zaino-portautensili\/\" \/>\n<meta property=\"og:locale\" content=\"de_DE\" \/>\n<meta property=\"og:type\" content=\"article\" \/>\n<meta property=\"og:title\" content=\"Work Line by GT &ndash; Rucksack MONOLITH LT20 (Demn&auml;chst verf&uuml;gbar) - Gt Line DE\" \/>\n<meta property=\"og:description\" content=\"Der Monolith LT20 ist der Work Line-Rucksack mit innovativem Design, entwickelt, um Organisation, Praktikabilit\u00e4t und Komfort im t\u00e4glichen professionellen Einsatz zu gew\u00e4hrleisten. Die selbststehende Struktur mit Schutzplatte, der doppelte Front- und R\u00fcckenzugang sowie das Fach f\u00fcr Laptop und Dokumente sorgen f\u00fcr Ordnung und schnelle Arbeitsabl\u00e4ufe. Mit 26 Innentaschen, 6 Gummib\u00e4ndern und F\u00e4chern f\u00fcr Zubeh\u00f6r erm\u00f6glicht er den organisierten Transport von bis zu 44 Werkzeugen.\" \/>\n<meta property=\"og:url\" content=\"https:\/\/www.gtline.com\/de\/products\/monolith-lt-20-zaino-portautensili\/\" \/>\n<meta property=\"og:site_name\" content=\"Gt Line DE\" \/>\n<meta property=\"article:publisher\" content=\"https:\/\/www.facebook.com\/gtlinesrl?locale=it_IT\" \/>\n<meta property=\"article:modified_time\" content=\"2026-04-17T02:14:07+00:00\" \/>\n<meta name=\"twitter:card\" content=\"summary_large_image\" \/>\n<meta name=\"twitter:label1\" content=\"Gesch\u00e4tzte Lesezeit\" \/>\n\t<meta name=\"twitter:data1\" content=\"1\u00a0Minute\" \/>\n<script type=\"application\/ld+json\" class=\"yoast-schema-graph\">{\"@context\":\"https:\/\/schema.org\",\"@graph\":[{\"@type\":\"WebPage\",\"@id\":\"https:\/\/www.gtline.com\/de\/products\/monolith-lt-20-zaino-portautensili\/\",\"url\":\"https:\/\/www.gtline.com\/de\/products\/monolith-lt-20-zaino-portautensili\/\",\"name\":\"Work Line by GT &ndash; Rucksack MONOLITH LT20 (Demn&auml;chst verf&uuml;gbar) - Gt Line DE\",\"isPartOf\":{\"@id\":\"https:\/\/www.gtline.com\/de\/#website\"},\"primaryImageOfPage\":{\"@id\":\"https:\/\/www.gtline.com\/de\/products\/monolith-lt-20-zaino-portautensili\/#primaryimage\"},\"image\":{\"@id\":\"https:\/\/www.gtline.com\/de\/products\/monolith-lt-20-zaino-portautensili\/#primaryimage\"},\"thumbnailUrl\":\"https:\/\/www.gtline.com\/de\/wp-content\/uploads\/sites\/5\/2026\/02\/MONOLITH-LT-20_01_9179.jpg\",\"datePublished\":\"2026-02-04T03:12:57+00:00\",\"dateModified\":\"2026-04-17T02:14:07+00:00\",\"breadcrumb\":{\"@id\":\"https:\/\/www.gtline.com\/de\/products\/monolith-lt-20-zaino-portautensili\/#breadcrumb\"},\"inLanguage\":\"de\",\"potentialAction\":[{\"@type\":\"ReadAction\",\"target\":[\"https:\/\/www.gtline.com\/de\/products\/monolith-lt-20-zaino-portautensili\/\"]}]},{\"@type\":\"ImageObject\",\"inLanguage\":\"de\",\"@id\":\"https:\/\/www.gtline.com\/de\/products\/monolith-lt-20-zaino-portautensili\/#primaryimage\",\"url\":\"https:\/\/www.gtline.com\/de\/wp-content\/uploads\/sites\/5\/2026\/02\/MONOLITH-LT-20_01_9179.jpg\",\"contentUrl\":\"https:\/\/www.gtline.com\/de\/wp-content\/uploads\/sites\/5\/2026\/02\/MONOLITH-LT-20_01_9179.jpg\",\"width\":500,\"height\":500},{\"@type\":\"BreadcrumbList\",\"@id\":\"https:\/\/www.gtline.com\/de\/products\/monolith-lt-20-zaino-portautensili\/#breadcrumb\",\"itemListElement\":[{\"@type\":\"ListItem\",\"position\":1,\"name\":\"Home\",\"item\":\"https:\/\/www.gtline.com\/de\/\"},{\"@type\":\"ListItem\",\"position\":2,\"name\":\"Shop\",\"item\":\"https:\/\/www.gtline.com\/de\/negozio\/\"},{\"@type\":\"ListItem\",\"position\":3,\"name\":\"MONOLITH LT 20-ZAINO PORTAUTENSILI\"}]},{\"@type\":\"WebSite\",\"@id\":\"https:\/\/www.gtline.com\/de\/#website\",\"url\":\"https:\/\/www.gtline.com\/de\/\",\"name\":\"Gt Line\",\"description\":\"\",\"publisher\":{\"@id\":\"https:\/\/www.gtline.com\/de\/#organization\"},\"potentialAction\":[{\"@type\":\"SearchAction\",\"target\":{\"@type\":\"EntryPoint\",\"urlTemplate\":\"https:\/\/www.gtline.com\/de\/?s={search_term_string}\"},\"query-input\":{\"@type\":\"PropertyValueSpecification\",\"valueRequired\":true,\"valueName\":\"search_term_string\"}}],\"inLanguage\":\"de\"},{\"@type\":\"Organization\",\"@id\":\"https:\/\/www.gtline.com\/de\/#organization\",\"name\":\"Gt Line\",\"url\":\"https:\/\/www.gtline.com\/de\/\",\"logo\":{\"@type\":\"ImageObject\",\"inLanguage\":\"de\",\"@id\":\"https:\/\/www.gtline.com\/de\/#\/schema\/logo\/image\/\",\"url\":\"https:\/\/www.gtline.com\/de\/wp-content\/uploads\/sites\/5\/2025\/02\/logo.png\",\"contentUrl\":\"https:\/\/www.gtline.com\/de\/wp-content\/uploads\/sites\/5\/2025\/02\/logo.png\",\"width\":228,\"height\":146,\"caption\":\"Gt Line\"},\"image\":{\"@id\":\"https:\/\/www.gtline.com\/de\/#\/schema\/logo\/image\/\"},\"sameAs\":[\"https:\/\/www.facebook.com\/gtlinesrl?locale=it_IT\",\"https:\/\/www.instagram.com\/gt_line_srl\/\",\"https:\/\/www.youtube.com\/channel\/UCDvpkFqswNJOVFz64PkYRQQ\",\"https:\/\/www.linkedin.com\/company\/gt-line-srl\/\"]}]}<\/script>\n<!-- \/ Yoast SEO plugin. -->","yoast_head_json":{"title":"Work Line by GT &ndash; Rucksack MONOLITH LT20 (Demn&auml;chst verf&uuml;gbar) - Gt Line DE","robots":{"index":"index","follow":"follow","max-snippet":"max-snippet:-1","max-image-preview":"max-image-preview:large","max-video-preview":"max-video-preview:-1"},"canonical":"https:\/\/www.gtline.com\/de\/products\/monolith-lt-20-zaino-portautensili\/","og_locale":"de_DE","og_type":"article","og_title":"Work Line by GT &ndash; Rucksack MONOLITH LT20 (Demn&auml;chst verf&uuml;gbar) - Gt Line DE","og_description":"Der Monolith LT20 ist der Work Line-Rucksack mit innovativem Design, entwickelt, um Organisation, Praktikabilit\u00e4t und Komfort im t\u00e4glichen professionellen Einsatz zu gew\u00e4hrleisten. Die selbststehende Struktur mit Schutzplatte, der doppelte Front- und R\u00fcckenzugang sowie das Fach f\u00fcr Laptop und Dokumente sorgen f\u00fcr Ordnung und schnelle Arbeitsabl\u00e4ufe. Mit 26 Innentaschen, 6 Gummib\u00e4ndern und F\u00e4chern f\u00fcr Zubeh\u00f6r erm\u00f6glicht er den organisierten Transport von bis zu 44 Werkzeugen.","og_url":"https:\/\/www.gtline.com\/de\/products\/monolith-lt-20-zaino-portautensili\/","og_site_name":"Gt Line DE","article_publisher":"https:\/\/www.facebook.com\/gtlinesrl?locale=it_IT","article_modified_time":"2026-04-17T02:14:07+00:00","twitter_card":"summary_large_image","twitter_misc":{"Gesch\u00e4tzte Lesezeit":"1\u00a0Minute"},"schema":{"@context":"https:\/\/schema.org","@graph":[{"@type":"WebPage","@id":"https:\/\/www.gtline.com\/de\/products\/monolith-lt-20-zaino-portautensili\/","url":"https:\/\/www.gtline.com\/de\/products\/monolith-lt-20-zaino-portautensili\/","name":"Work Line by GT &ndash; Rucksack MONOLITH LT20 (Demn&auml;chst verf&uuml;gbar) - Gt Line DE","isPartOf":{"@id":"https:\/\/www.gtline.com\/de\/#website"},"primaryImageOfPage":{"@id":"https:\/\/www.gtline.com\/de\/products\/monolith-lt-20-zaino-portautensili\/#primaryimage"},"image":{"@id":"https:\/\/www.gtline.com\/de\/products\/monolith-lt-20-zaino-portautensili\/#primaryimage"},"thumbnailUrl":"https:\/\/www.gtline.com\/de\/wp-content\/uploads\/sites\/5\/2026\/02\/MONOLITH-LT-20_01_9179.jpg","datePublished":"2026-02-04T03:12:57+00:00","dateModified":"2026-04-17T02:14:07+00:00","breadcrumb":{"@id":"https:\/\/www.gtline.com\/de\/products\/monolith-lt-20-zaino-portautensili\/#breadcrumb"},"inLanguage":"de","potentialAction":[{"@type":"ReadAction","target":["https:\/\/www.gtline.com\/de\/products\/monolith-lt-20-zaino-portautensili\/"]}]},{"@type":"ImageObject","inLanguage":"de","@id":"https:\/\/www.gtline.com\/de\/products\/monolith-lt-20-zaino-portautensili\/#primaryimage","url":"https:\/\/www.gtline.com\/de\/wp-content\/uploads\/sites\/5\/2026\/02\/MONOLITH-LT-20_01_9179.jpg","contentUrl":"https:\/\/www.gtline.com\/de\/wp-content\/uploads\/sites\/5\/2026\/02\/MONOLITH-LT-20_01_9179.jpg","width":500,"height":500},{"@type":"BreadcrumbList","@id":"https:\/\/www.gtline.com\/de\/products\/monolith-lt-20-zaino-portautensili\/#breadcrumb","itemListElement":[{"@type":"ListItem","position":1,"name":"Home","item":"https:\/\/www.gtline.com\/de\/"},{"@type":"ListItem","position":2,"name":"Shop","item":"https:\/\/www.gtline.com\/de\/negozio\/"},{"@type":"ListItem","position":3,"name":"MONOLITH LT 20-ZAINO PORTAUTENSILI"}]},{"@type":"WebSite","@id":"https:\/\/www.gtline.com\/de\/#website","url":"https:\/\/www.gtline.com\/de\/","name":"Gt Line","description":"","publisher":{"@id":"https:\/\/www.gtline.com\/de\/#organization"},"potentialAction":[{"@type":"SearchAction","target":{"@type":"EntryPoint","urlTemplate":"https:\/\/www.gtline.com\/de\/?s={search_term_string}"},"query-input":{"@type":"PropertyValueSpecification","valueRequired":true,"valueName":"search_term_string"}}],"inLanguage":"de"},{"@type":"Organization","@id":"https:\/\/www.gtline.com\/de\/#organization","name":"Gt Line","url":"https:\/\/www.gtline.com\/de\/","logo":{"@type":"ImageObject","inLanguage":"de","@id":"https:\/\/www.gtline.com\/de\/#\/schema\/logo\/image\/","url":"https:\/\/www.gtline.com\/de\/wp-content\/uploads\/sites\/5\/2025\/02\/logo.png","contentUrl":"https:\/\/www.gtline.com\/de\/wp-content\/uploads\/sites\/5\/2025\/02\/logo.png","width":228,"height":146,"caption":"Gt Line"},"image":{"@id":"https:\/\/www.gtline.com\/de\/#\/schema\/logo\/image\/"},"sameAs":["https:\/\/www.facebook.com\/gtlinesrl?locale=it_IT","https:\/\/www.instagram.com\/gt_line_srl\/","https:\/\/www.youtube.com\/channel\/UCDvpkFqswNJOVFz64PkYRQQ","https:\/\/www.linkedin.com\/company\/gt-line-srl\/"]}]}},"_links":{"self":[{"href":"https:\/\/www.gtline.com\/de\/wp-json\/wp\/v2\/product\/27089","targetHints":{"allow":["GET"]}}],"collection":[{"href":"https:\/\/www.gtline.com\/de\/wp-json\/wp\/v2\/product"}],"about":[{"href":"https:\/\/www.gtline.com\/de\/wp-json\/wp\/v2\/types\/product"}],"replies":[{"embeddable":true,"href":"https:\/\/www.gtline.com\/de\/wp-json\/wp\/v2\/comments?post=27089"}],"version-history":[{"count":2,"href":"https:\/\/www.gtline.com\/de\/wp-json\/wp\/v2\/product\/27089\/revisions"}],"predecessor-version":[{"id":27134,"href":"https:\/\/www.gtline.com\/de\/wp-json\/wp\/v2\/product\/27089\/revisions\/27134"}],"wp:featuredmedia":[{"embeddable":true,"href":"https:\/\/www.gtline.com\/de\/wp-json\/wp\/v2\/media\/27101"}],"wp:attachment":[{"href":"https:\/\/www.gtline.com\/de\/wp-json\/wp\/v2\/media?parent=27089"}],"wp:term":[{"taxonomy":"product_brand","embeddable":true,"href":"https:\/\/www.gtline.com\/de\/wp-json\/wp\/v2\/product_brand?post=27089"},{"taxonomy":"product_cat","embeddable":true,"href":"https:\/\/www.gtline.com\/de\/wp-json\/wp\/v2\/product_cat?post=27089"},{"taxonomy":"product_tag","embeddable":true,"href":"https:\/\/www.gtline.com\/de\/wp-json\/wp\/v2\/product_tag?post=27089"}],"curies":[{"name":"wp","href":"https:\/\/api.w.org\/{rel}","templated":true}]}}