{"id":1589,"date":"2025-03-10T04:24:01","date_gmt":"2025-03-10T04:24:01","guid":{"rendered":"https:\/\/gtline.com\/?page_id=1589"},"modified":"2025-12-11T13:19:37","modified_gmt":"2025-12-11T13:19:37","slug":"productos","status":"publish","type":"page","link":"https:\/\/www.gtline.com\/es\/productos\/","title":{"rendered":"Productos"},"content":{"rendered":"\t\t<div data-elementor-type=\"wp-page\" data-elementor-id=\"1589\" class=\"elementor elementor-1589\" data-elementor-post-type=\"page\">\n\t\t\t\t<div class=\"elementor-element elementor-element-c77adf3 elementor-hidden-mobile e-flex e-con-boxed e-con e-parent\" data-id=\"c77adf3\" data-element_type=\"container\" data-settings=\"{&quot;background_background&quot;:&quot;classic&quot;}\">\n\t\t\t\t\t<div class=\"e-con-inner\">\n\t\t<div class=\"elementor-element elementor-element-9e7ac4d e-con-full e-flex e-con e-child\" data-id=\"9e7ac4d\" data-element_type=\"container\">\n\t\t\t\t<div class=\"elementor-element elementor-element-02160ab elementor-icon-list--layout-inline elementor-list-item-link-full_width elementor-widget elementor-widget-icon-list\" data-id=\"02160ab\" data-element_type=\"widget\" data-widget_type=\"icon-list.default\">\n\t\t\t\t<div class=\"elementor-widget-container\">\n\t\t\t\t\t\t\t<ul class=\"elementor-icon-list-items elementor-inline-items\">\n\t\t\t\t\t\t\t<li class=\"elementor-icon-list-item elementor-inline-item\">\n\t\t\t\t\t\t\t\t\t\t<span class=\"elementor-icon-list-text\">\/<\/span>\n\t\t\t\t\t\t\t\t\t<\/li>\n\t\t\t\t\t\t\t\t<li class=\"elementor-icon-list-item elementor-inline-item\">\n\t\t\t\t\t\t\t\t\t\t<span class=\"elementor-icon-list-text\">Productos<\/span>\n\t\t\t\t\t\t\t\t\t<\/li>\n\t\t\t\t\t\t<\/ul>\n\t\t\t\t\t\t<\/div>\n\t\t\t\t<\/div>\n\t\t\t\t<div class=\"elementor-element elementor-element-ffdb587 elementor-widget elementor-widget-spacer\" data-id=\"ffdb587\" data-element_type=\"widget\" data-widget_type=\"spacer.default\">\n\t\t\t\t<div class=\"elementor-widget-container\">\n\t\t\t\t\t\t\t<div class=\"elementor-spacer\">\n\t\t\t<div class=\"elementor-spacer-inner\"><\/div>\n\t\t<\/div>\n\t\t\t\t\t\t<\/div>\n\t\t\t\t<\/div>\n\t\t\t\t<div class=\"elementor-element elementor-element-701b70e elementor-widget elementor-widget-heading\" data-id=\"701b70e\" data-element_type=\"widget\" data-widget_type=\"heading.default\">\n\t\t\t\t<div class=\"elementor-widget-container\">\n\t\t\t\t\t<h1 class=\"elementor-heading-title elementor-size-default\">Maletines profesionales, contenedores t\u00e9cnicos y bolsas para herramientas<\/h1>\t\t\t\t<\/div>\n\t\t\t\t<\/div>\n\t\t\t\t<div class=\"elementor-element elementor-element-44696bf elementor-widget__width-initial elementor-widget elementor-widget-heading\" data-id=\"44696bf\" data-element_type=\"widget\" data-widget_type=\"heading.default\">\n\t\t\t\t<div class=\"elementor-widget-container\">\n\t\t\t\t\t<h2 class=\"elementor-heading-title elementor-size-default\">Dise\u00f1ados para satisfacer las necesidades espec\u00edficas de cada profesional, garantizando practicidad, durabilidad y comodidad en cualquier entorno de trabajo.<\/h2>\t\t\t\t<\/div>\n\t\t\t\t<\/div>\n\t\t\t\t<\/div>\n\t\t\t\t\t<\/div>\n\t\t\t\t<\/div>\n\t\t<div class=\"elementor-element elementor-element-ee24570 elementor-hidden-desktop elementor-hidden-tablet e-flex e-con-boxed e-con e-parent\" data-id=\"ee24570\" data-element_type=\"container\" data-settings=\"{&quot;background_background&quot;:&quot;classic&quot;}\">\n\t\t\t\t\t<div class=\"e-con-inner\">\n\t\t\t\t\t<\/div>\n\t\t\t\t<\/div>\n\t\t<div class=\"elementor-element elementor-element-cc8a8c9 elementor-hidden-desktop elementor-hidden-tablet e-flex e-con-boxed e-con e-parent\" data-id=\"cc8a8c9\" data-element_type=\"container\" data-settings=\"{&quot;background_background&quot;:&quot;classic&quot;}\">\n\t\t\t\t\t<div class=\"e-con-inner\">\n\t\t<div class=\"elementor-element elementor-element-1b04e79 e-con-full e-flex e-con e-child\" data-id=\"1b04e79\" data-element_type=\"container\">\n\t\t\t\t<div class=\"elementor-element elementor-element-1533518 elementor-icon-list--layout-inline elementor-mobile-align-center elementor-list-item-link-full_width elementor-widget elementor-widget-icon-list\" data-id=\"1533518\" data-element_type=\"widget\" data-widget_type=\"icon-list.default\">\n\t\t\t\t<div class=\"elementor-widget-container\">\n\t\t\t\t\t\t\t<ul class=\"elementor-icon-list-items elementor-inline-items\">\n\t\t\t\t\t\t\t<li class=\"elementor-icon-list-item elementor-inline-item\">\n\t\t\t\t\t\t\t\t\t\t<span class=\"elementor-icon-list-text\">\/<\/span>\n\t\t\t\t\t\t\t\t\t<\/li>\n\t\t\t\t\t\t\t\t<li class=\"elementor-icon-list-item elementor-inline-item\">\n\t\t\t\t\t\t\t\t\t\t<span class=\"elementor-icon-list-text\">Productos<\/span>\n\t\t\t\t\t\t\t\t\t<\/li>\n\t\t\t\t\t\t<\/ul>\n\t\t\t\t\t\t<\/div>\n\t\t\t\t<\/div>\n\t\t\t\t<div class=\"elementor-element elementor-element-6dd2312 elementor-widget elementor-widget-heading\" data-id=\"6dd2312\" data-element_type=\"widget\" data-widget_type=\"heading.default\">\n\t\t\t\t<div class=\"elementor-widget-container\">\n\t\t\t\t\t<h1 class=\"elementor-heading-title elementor-size-default\">Maletines profesionales, contenedores t\u00e9cnicos y bolsas para herramientas<\/h1>\t\t\t\t<\/div>\n\t\t\t\t<\/div>\n\t\t\t\t<div class=\"elementor-element elementor-element-c4f1bcd elementor-widget__width-initial elementor-widget elementor-widget-heading\" data-id=\"c4f1bcd\" data-element_type=\"widget\" data-widget_type=\"heading.default\">\n\t\t\t\t<div class=\"elementor-widget-container\">\n\t\t\t\t\t<h2 class=\"elementor-heading-title elementor-size-default\">Dise\u00f1ados para satisfacer las necesidades espec\u00edficas de cada profesional, garantizando practicidad, durabilidad y comodidad en cualquier entorno de trabajo.<\/h2>\t\t\t\t<\/div>\n\t\t\t\t<\/div>\n\t\t\t\t<\/div>\n\t\t\t\t\t<\/div>\n\t\t\t\t<\/div>\n\t\t<div class=\"elementor-element elementor-element-7707b70 e-con-full e-flex e-con e-parent\" data-id=\"7707b70\" data-element_type=\"container\">\n\t\t\t\t<div class=\"elementor-element elementor-element-d7071e6 elementor-widget elementor-widget-spacer\" data-id=\"d7071e6\" data-element_type=\"widget\" data-widget_type=\"spacer.default\">\n\t\t\t\t<div class=\"elementor-widget-container\">\n\t\t\t\t\t\t\t<div class=\"elementor-spacer\">\n\t\t\t<div class=\"elementor-spacer-inner\"><\/div>\n\t\t<\/div>\n\t\t\t\t\t\t<\/div>\n\t\t\t\t<\/div>\n\t\t\t\t<div class=\"elementor-element elementor-element-d872480 elementor-widget elementor-widget-shortcode\" data-id=\"d872480\" data-element_type=\"widget\" data-widget_type=\"shortcode.default\">\n\t\t\t\t<div class=\"elementor-widget-container\">\n\t\t\t\t\t\t\t<div class=\"elementor-shortcode\">\n<div class=\"product-card-grid\"><div class=\"product-card\"><a href=\"https:\/\/www.gtline.com\/es\/tipo-de-producto\/maletas-estancas-para-herramientas\/\" alt=\"Maletas estancas para herramientas\" title=\"Maletas estancas para herramientas\"><div class=\"product-card-img\"><img decoding=\"async\" src=\"https:\/\/www.gtline.com\/es\/wp-content\/uploads\/sites\/4\/2025\/06\/valigie-a-tenuta-stagna.png\" alt=\"Maletas estancas para herramientas\" title=\"Maletas estancas para herramientas\" title=\"Maletas estancas para herramientas\"><\/div><div class=\"product-card-content\"><h4>Productos<\/h4><h3>Maletas estancas para herramientas<\/h3><p>Maletines y trolleys robustos, impermeables y resistentes a impactos, fabricados en polipropileno y ideales para su uso en entornos exigentes. Resistentes a agentes corrosivos, ofrecen una protecci\u00f3n m\u00e1xima para su equipo.<\/p>\n<span class=\"btn-red\">Ver productos<\/span><\/div><\/a><\/div><div class=\"product-card\"><a href=\"https:\/\/www.gtline.com\/es\/tipo-de-producto\/maletas-para-herramientas\/\" alt=\"Maletas para herramientas\" title=\"Maletas para herramientas\"><div class=\"product-card-img\"><img decoding=\"async\" src=\"https:\/\/www.gtline.com\/es\/wp-content\/uploads\/sites\/4\/2025\/06\/valigia-portautensili-atomik.png\" alt=\"Maletas para herramientas\" title=\"Maletas para herramientas\" title=\"Maletas para herramientas\"><\/div><div class=\"product-card-content\"><h4>Productos<\/h4><h3>Maletas para herramientas<\/h3><p>Maletines y trolleys robustos y ligeros, fabricados con materiales de alta calidad como polipropileno, HDPE, aluminio y ABS moldeado por inyecci\u00f3n, dise\u00f1ados para proporcionar una protecci\u00f3n confiable y un transporte f\u00e1cil de sus herramientas.<\/p>\n<span class=\"btn-red\">Ver productos<\/span><\/div><\/a><\/div><div class=\"product-card\"><a href=\"https:\/\/www.gtline.com\/es\/tipo-de-producto\/all-in-one-modular-system\/\" alt=\"All In One Modular System\" title=\"All In One Modular System\"><div class=\"product-card-img\"><img decoding=\"async\" src=\"https:\/\/www.gtline.com\/es\/wp-content\/uploads\/sites\/4\/2025\/06\/valigia-All-in-1-.png\" alt=\"All In One Modular System\" title=\"All In One Modular System\" title=\"All In One Modular System\"><\/div><div class=\"product-card-content\"><h4>Productos<\/h4><h3>All In One Modular System<\/h3><p>Trolley de polipropileno ligeros y resistentes con cajones extra\u00edbles \u2013 perfectos para su uso en entornos de trabajo exigentes y dif\u00edciles.<\/p>\n<span class=\"btn-red\">Ver productos<\/span><\/div><\/a><\/div><div class=\"product-card\"><a href=\"https:\/\/www.gtline.com\/es\/tipo-de-producto\/bolsas-y-mochilas-para-herramientas\/\" alt=\"Bolsas y mochilas para herramientas\" title=\"Bolsas y mochilas para herramientas\"><div class=\"product-card-img\"><img decoding=\"async\" src=\"https:\/\/www.gtline.com\/es\/wp-content\/uploads\/sites\/4\/2025\/06\/zaino-trolley-portautensili.png\" alt=\"Bolsas y mochilas para herramientas\" title=\"Bolsas y mochilas para herramientas\" title=\"Bolsas y mochilas para herramientas\"><\/div><div class=\"product-card-content\"><h4>Productos<\/h4><h3>Bolsas y mochilas para herramientas<\/h3><p>Fabricadas con nylon 600D duradero, estas bolsas profesionales para herramientas son resistentes a los desgarros, ligeras y altamente funcionales ideales para el uso diario en entornos de trabajo exigentes.<\/p>\n<span class=\"btn-red\">Ver productos<\/span><\/div><\/a><\/div><\/div>\n\n\n<div class=\"product-card-full\"><div class=\"product-card-img\"><img decoding=\"async\" src=\"https:\/\/www.gtline.com\/es\/wp-content\/uploads\/sites\/4\/2025\/03\/img-linea-explorer.jpg\" alt=\"Linea Explorer Cases\" title=\"Linea Explorer Cases\"><\/div><div class=\"product-card-content\"><h4>Productos<\/h4><h3>Linea Explorer Cases<\/h3><p>Maletines y contenedores profesionales impermeables para herramientas, dise\u00f1ados para resistir impactos y agentes corrosivos, perfectos para el transporte seguro de equipos e instrumentos sensibles. Totalmente personalizables para satisfacer una amplia gama de requisitos profesionales.<\/p>\n<a href=\"https:\/\/www.gtline.com\/es\/tipo-de-producto\/linea-explorer-cases\/\"  class=\"btn-red\">Ver productos<\/a><\/div><\/div>\n <\/div>\n\t\t\t\t\t\t<\/div>\n\t\t\t\t<\/div>\n\t\t\t\t<\/div>\n\t\t<div class=\"elementor-element elementor-element-70d5941 e-flex e-con-boxed e-con e-parent\" data-id=\"70d5941\" data-element_type=\"container\" data-settings=\"{&quot;background_background&quot;:&quot;classic&quot;}\">\n\t\t\t\t\t<div class=\"e-con-inner\">\n\t\t\t\t<div class=\"elementor-element elementor-element-a825933 elementor-widget elementor-widget-heading\" data-id=\"a825933\" data-element_type=\"widget\" data-widget_type=\"heading.default\">\n\t\t\t\t<div class=\"elementor-widget-container\">\n\t\t\t\t\t<h2 class=\"elementor-heading-title elementor-size-default\">\u00bfNecesitas ayuda?<\/h2>\t\t\t\t<\/div>\n\t\t\t\t<\/div>\n\t\t\t\t<div class=\"elementor-element elementor-element-259775f elementor-widget__width-initial font-25 elementor-widget elementor-widget-text-editor\" data-id=\"259775f\" data-element_type=\"widget\" data-widget_type=\"text-editor.default\">\n\t\t\t\t<div class=\"elementor-widget-container\">\n\t\t\t\t\t\t\t\t\t<p>Estamos aqu\u00ed para ti.<br \/>Obt\u00e9n asistencia con productos, repuestos, accesorios, distribuidores autorizados y todos los servicios que GT Line ofrece para apoyar a sus clientes.<\/p>\t\t\t\t\t\t\t\t<\/div>\n\t\t\t\t<\/div>\n\t\t\t\t<div class=\"elementor-element elementor-element-709941f elementor-align-justify elementor-widget__width-initial elementor-widget elementor-widget-button\" data-id=\"709941f\" data-element_type=\"widget\" data-widget_type=\"button.default\">\n\t\t\t\t<div class=\"elementor-widget-container\">\n\t\t\t\t\t\t\t\t\t<div class=\"elementor-button-wrapper\">\n\t\t\t\t\t<a class=\"elementor-button elementor-button-link elementor-size-sm\" href=\"https:\/\/www.gtline.com\/es\/contacto\/\">\n\t\t\t\t\t\t<span class=\"elementor-button-content-wrapper\">\n\t\t\t\t\t\t\t\t\t<span class=\"elementor-button-text\">Contacto<\/span>\n\t\t\t\t\t<\/span>\n\t\t\t\t\t<\/a>\n\t\t\t\t<\/div>\n\t\t\t\t\t\t\t\t<\/div>\n\t\t\t\t<\/div>\n\t\t\t\t\t<\/div>\n\t\t\t\t<\/div>\n\t\t\t\t<\/div>\n\t\t","protected":false},"excerpt":{"rendered":"<p>\/ Productos Maletines profesionales, contenedores t\u00e9cnicos y bolsas para herramientas Dise\u00f1ados para satisfacer las necesidades espec\u00edficas de cada profesional, garantizando practicidad, durabilidad y comodidad en cualquier entorno de trabajo. \/ Productos Maletines profesionales, contenedores t\u00e9cnicos y bolsas para herramientas Dise\u00f1ados para satisfacer las necesidades espec\u00edficas de cada profesional, garantizando practicidad, durabilidad y comodidad en cualquier [&hellip;]<\/p>\n","protected":false},"author":2,"featured_media":0,"parent":0,"menu_order":0,"comment_status":"closed","ping_status":"closed","template":"","meta":{"_acf_changed":false,"footnotes":""},"class_list":["post-1589","page","type-page","status-publish","hentry"],"acf":[],"yoast_head":"<!-- This site is optimized with the Yoast SEO plugin v25.4 - https:\/\/yoast.com\/wordpress\/plugins\/seo\/ -->\n<title>Productos | GT Line<\/title>\n<meta name=\"description\" content=\"Productos GT Line para elegir bolsas y maletas de herramientas con resistencia y dise\u00f1o profesional para uso intensivo en el trabajo diario.\" \/>\n<meta name=\"robots\" content=\"index, follow, max-snippet:-1, max-image-preview:large, max-video-preview:-1\" \/>\n<link rel=\"canonical\" href=\"https:\/\/www.gtline.com\/es\/productos\/\" \/>\n<meta property=\"og:locale\" content=\"es_ES\" \/>\n<meta property=\"og:type\" content=\"article\" \/>\n<meta property=\"og:title\" content=\"Productos | GT Line\" \/>\n<meta property=\"og:description\" content=\"Productos GT Line para elegir bolsas y maletas de herramientas con resistencia y dise\u00f1o profesional para uso intensivo en el trabajo diario.\" \/>\n<meta property=\"og:url\" content=\"https:\/\/www.gtline.com\/es\/productos\/\" \/>\n<meta property=\"og:site_name\" content=\"Gt Line ES\" \/>\n<meta property=\"article:publisher\" content=\"https:\/\/www.facebook.com\/gtlinesrl?locale=it_IT\" \/>\n<meta property=\"article:modified_time\" content=\"2025-12-11T13:19:37+00:00\" \/>\n<meta name=\"twitter:card\" content=\"summary_large_image\" \/>\n<meta name=\"twitter:label1\" content=\"Tiempo de lectura\" \/>\n\t<meta name=\"twitter:data1\" content=\"1 minuto\" \/>\n<script type=\"application\/ld+json\" class=\"yoast-schema-graph\">{\"@context\":\"https:\/\/schema.org\",\"@graph\":[{\"@type\":\"WebPage\",\"@id\":\"https:\/\/www.gtline.com\/es\/productos\/\",\"url\":\"https:\/\/www.gtline.com\/es\/productos\/\",\"name\":\"Productos | GT Line\",\"isPartOf\":{\"@id\":\"https:\/\/www.gtline.com\/es\/#website\"},\"datePublished\":\"2025-03-10T04:24:01+00:00\",\"dateModified\":\"2025-12-11T13:19:37+00:00\",\"description\":\"Productos GT Line para elegir bolsas y maletas de herramientas con resistencia y dise\u00f1o profesional para uso intensivo en el trabajo diario.\",\"breadcrumb\":{\"@id\":\"https:\/\/www.gtline.com\/es\/productos\/#breadcrumb\"},\"inLanguage\":\"es\",\"potentialAction\":[{\"@type\":\"ReadAction\",\"target\":[\"https:\/\/www.gtline.com\/es\/productos\/\"]}]},{\"@type\":\"BreadcrumbList\",\"@id\":\"https:\/\/www.gtline.com\/es\/productos\/#breadcrumb\",\"itemListElement\":[{\"@type\":\"ListItem\",\"position\":1,\"name\":\"Home\",\"item\":\"https:\/\/www.gtline.com\/es\/\"},{\"@type\":\"ListItem\",\"position\":2,\"name\":\"Productos\"}]},{\"@type\":\"WebSite\",\"@id\":\"https:\/\/www.gtline.com\/es\/#website\",\"url\":\"https:\/\/www.gtline.com\/es\/\",\"name\":\"Gt Line\",\"description\":\"\",\"publisher\":{\"@id\":\"https:\/\/www.gtline.com\/es\/#organization\"},\"potentialAction\":[{\"@type\":\"SearchAction\",\"target\":{\"@type\":\"EntryPoint\",\"urlTemplate\":\"https:\/\/www.gtline.com\/es\/?s={search_term_string}\"},\"query-input\":{\"@type\":\"PropertyValueSpecification\",\"valueRequired\":true,\"valueName\":\"search_term_string\"}}],\"inLanguage\":\"es\"},{\"@type\":\"Organization\",\"@id\":\"https:\/\/www.gtline.com\/es\/#organization\",\"name\":\"Gt Line\",\"url\":\"https:\/\/www.gtline.com\/es\/\",\"logo\":{\"@type\":\"ImageObject\",\"inLanguage\":\"es\",\"@id\":\"https:\/\/www.gtline.com\/es\/#\/schema\/logo\/image\/\",\"url\":\"https:\/\/www.gtline.com\/es\/wp-content\/uploads\/sites\/4\/2025\/02\/logo.png\",\"contentUrl\":\"https:\/\/www.gtline.com\/es\/wp-content\/uploads\/sites\/4\/2025\/02\/logo.png\",\"width\":228,\"height\":146,\"caption\":\"Gt Line\"},\"image\":{\"@id\":\"https:\/\/www.gtline.com\/es\/#\/schema\/logo\/image\/\"},\"sameAs\":[\"https:\/\/www.facebook.com\/gtlinesrl?locale=it_IT\",\"https:\/\/www.instagram.com\/gt_line_srl\/\",\"https:\/\/www.youtube.com\/channel\/UCDvpkFqswNJOVFz64PkYRQQ\",\"https:\/\/www.linkedin.com\/company\/gt-line-srl\/\"]}]}<\/script>\n<!-- \/ Yoast SEO plugin. -->","yoast_head_json":{"title":"Productos | GT Line","description":"Productos GT Line para elegir bolsas y maletas de herramientas con resistencia y dise\u00f1o profesional para uso intensivo en el trabajo diario.","robots":{"index":"index","follow":"follow","max-snippet":"max-snippet:-1","max-image-preview":"max-image-preview:large","max-video-preview":"max-video-preview:-1"},"canonical":"https:\/\/www.gtline.com\/es\/productos\/","og_locale":"es_ES","og_type":"article","og_title":"Productos | GT Line","og_description":"Productos GT Line para elegir bolsas y maletas de herramientas con resistencia y dise\u00f1o profesional para uso intensivo en el trabajo diario.","og_url":"https:\/\/www.gtline.com\/es\/productos\/","og_site_name":"Gt Line ES","article_publisher":"https:\/\/www.facebook.com\/gtlinesrl?locale=it_IT","article_modified_time":"2025-12-11T13:19:37+00:00","twitter_card":"summary_large_image","twitter_misc":{"Tiempo de lectura":"1 minuto"},"schema":{"@context":"https:\/\/schema.org","@graph":[{"@type":"WebPage","@id":"https:\/\/www.gtline.com\/es\/productos\/","url":"https:\/\/www.gtline.com\/es\/productos\/","name":"Productos | GT Line","isPartOf":{"@id":"https:\/\/www.gtline.com\/es\/#website"},"datePublished":"2025-03-10T04:24:01+00:00","dateModified":"2025-12-11T13:19:37+00:00","description":"Productos GT Line para elegir bolsas y maletas de herramientas con resistencia y dise\u00f1o profesional para uso intensivo en el trabajo diario.","breadcrumb":{"@id":"https:\/\/www.gtline.com\/es\/productos\/#breadcrumb"},"inLanguage":"es","potentialAction":[{"@type":"ReadAction","target":["https:\/\/www.gtline.com\/es\/productos\/"]}]},{"@type":"BreadcrumbList","@id":"https:\/\/www.gtline.com\/es\/productos\/#breadcrumb","itemListElement":[{"@type":"ListItem","position":1,"name":"Home","item":"https:\/\/www.gtline.com\/es\/"},{"@type":"ListItem","position":2,"name":"Productos"}]},{"@type":"WebSite","@id":"https:\/\/www.gtline.com\/es\/#website","url":"https:\/\/www.gtline.com\/es\/","name":"Gt Line","description":"","publisher":{"@id":"https:\/\/www.gtline.com\/es\/#organization"},"potentialAction":[{"@type":"SearchAction","target":{"@type":"EntryPoint","urlTemplate":"https:\/\/www.gtline.com\/es\/?s={search_term_string}"},"query-input":{"@type":"PropertyValueSpecification","valueRequired":true,"valueName":"search_term_string"}}],"inLanguage":"es"},{"@type":"Organization","@id":"https:\/\/www.gtline.com\/es\/#organization","name":"Gt Line","url":"https:\/\/www.gtline.com\/es\/","logo":{"@type":"ImageObject","inLanguage":"es","@id":"https:\/\/www.gtline.com\/es\/#\/schema\/logo\/image\/","url":"https:\/\/www.gtline.com\/es\/wp-content\/uploads\/sites\/4\/2025\/02\/logo.png","contentUrl":"https:\/\/www.gtline.com\/es\/wp-content\/uploads\/sites\/4\/2025\/02\/logo.png","width":228,"height":146,"caption":"Gt Line"},"image":{"@id":"https:\/\/www.gtline.com\/es\/#\/schema\/logo\/image\/"},"sameAs":["https:\/\/www.facebook.com\/gtlinesrl?locale=it_IT","https:\/\/www.instagram.com\/gt_line_srl\/","https:\/\/www.youtube.com\/channel\/UCDvpkFqswNJOVFz64PkYRQQ","https:\/\/www.linkedin.com\/company\/gt-line-srl\/"]}]}},"_links":{"self":[{"href":"https:\/\/www.gtline.com\/es\/wp-json\/wp\/v2\/pages\/1589","targetHints":{"allow":["GET"]}}],"collection":[{"href":"https:\/\/www.gtline.com\/es\/wp-json\/wp\/v2\/pages"}],"about":[{"href":"https:\/\/www.gtline.com\/es\/wp-json\/wp\/v2\/types\/page"}],"author":[{"embeddable":true,"href":"https:\/\/www.gtline.com\/es\/wp-json\/wp\/v2\/users\/2"}],"replies":[{"embeddable":true,"href":"https:\/\/www.gtline.com\/es\/wp-json\/wp\/v2\/comments?post=1589"}],"version-history":[{"count":118,"href":"https:\/\/www.gtline.com\/es\/wp-json\/wp\/v2\/pages\/1589\/revisions"}],"predecessor-version":[{"id":22636,"href":"https:\/\/www.gtline.com\/es\/wp-json\/wp\/v2\/pages\/1589\/revisions\/22636"}],"wp:attachment":[{"href":"https:\/\/www.gtline.com\/es\/wp-json\/wp\/v2\/media?parent=1589"}],"curies":[{"name":"wp","href":"https:\/\/api.w.org\/{rel}","templated":true}]}}