{"id":2110,"date":"2025-03-12T03:54:09","date_gmt":"2025-03-12T03:54:09","guid":{"rendered":"https:\/\/gtline.com\/?page_id=2110"},"modified":"2025-12-11T13:21:45","modified_gmt":"2025-12-11T13:21:45","slug":"download","status":"publish","type":"page","link":"https:\/\/www.gtline.com\/es\/download\/","title":{"rendered":"Download"},"content":{"rendered":"\t\t<div data-elementor-type=\"wp-page\" data-elementor-id=\"2110\" class=\"elementor elementor-2110\" data-elementor-post-type=\"page\">\n\t\t\t\t<div class=\"elementor-element elementor-element-26d0711 elementor-hidden-mobile e-flex e-con-boxed e-con e-parent\" data-id=\"26d0711\" data-element_type=\"container\" data-settings=\"{&quot;background_background&quot;:&quot;classic&quot;}\">\n\t\t\t\t\t<div class=\"e-con-inner\">\n\t\t\t\t<div class=\"elementor-element elementor-element-81d47b4 elementor-icon-list--layout-inline elementor-list-item-link-full_width elementor-widget elementor-widget-icon-list\" data-id=\"81d47b4\" data-element_type=\"widget\" data-widget_type=\"icon-list.default\">\n\t\t\t\t<div class=\"elementor-widget-container\">\n\t\t\t\t\t\t\t<ul class=\"elementor-icon-list-items elementor-inline-items\">\n\t\t\t\t\t\t\t<li class=\"elementor-icon-list-item elementor-inline-item\">\n\t\t\t\t\t\t\t\t\t\t<span class=\"elementor-icon-list-text\">\/<\/span>\n\t\t\t\t\t\t\t\t\t<\/li>\n\t\t\t\t\t\t\t\t<li class=\"elementor-icon-list-item elementor-inline-item\">\n\t\t\t\t\t\t\t\t\t\t\t<a href=\"\/download\/\">\n\n\t\t\t\t\t\t\t\t\t\t\t<span class=\"elementor-icon-list-text\">Download<\/span>\n\t\t\t\t\t\t\t\t\t\t\t<\/a>\n\t\t\t\t\t\t\t\t\t<\/li>\n\t\t\t\t\t\t<\/ul>\n\t\t\t\t\t\t<\/div>\n\t\t\t\t<\/div>\n\t\t\t\t<div class=\"elementor-element elementor-element-cac67c1 elementor-widget elementor-widget-heading\" data-id=\"cac67c1\" data-element_type=\"widget\" data-widget_type=\"heading.default\">\n\t\t\t\t<div class=\"elementor-widget-container\">\n\t\t\t\t\t<h1 class=\"elementor-heading-title elementor-size-default\">Descarga nuestros documentos oficiales<\/h1>\t\t\t\t<\/div>\n\t\t\t\t<\/div>\n\t\t\t\t<div class=\"elementor-element elementor-element-d49b07f elementor-widget__width-initial elementor-widget elementor-widget-text-editor\" data-id=\"d49b07f\" data-element_type=\"widget\" data-widget_type=\"text-editor.default\">\n\t\t\t\t<div class=\"elementor-widget-container\">\n\t\t\t\t\t\t\t\t\t<p>Cat\u00e1logos, Certificaciones, Fichas de productos y Kits de medios a tu disposici\u00f3n.<\/p>\t\t\t\t\t\t\t\t<\/div>\n\t\t\t\t<\/div>\n\t\t\t\t\t<\/div>\n\t\t\t\t<\/div>\n\t\t<div class=\"elementor-element elementor-element-03e6913 elementor-hidden-desktop elementor-hidden-tablet e-flex e-con-boxed e-con e-parent\" data-id=\"03e6913\" data-element_type=\"container\" data-settings=\"{&quot;background_background&quot;:&quot;classic&quot;}\">\n\t\t\t\t\t<div class=\"e-con-inner\">\n\t\t\t\t\t<\/div>\n\t\t\t\t<\/div>\n\t\t<div class=\"elementor-element elementor-element-77dc6ac elementor-hidden-desktop elementor-hidden-tablet e-flex e-con-boxed e-con e-parent\" data-id=\"77dc6ac\" data-element_type=\"container\" data-settings=\"{&quot;background_background&quot;:&quot;classic&quot;}\">\n\t\t\t\t\t<div class=\"e-con-inner\">\n\t\t\t\t<div class=\"elementor-element elementor-element-29a24b4 elementor-icon-list--layout-inline elementor-mobile-align-center elementor-list-item-link-full_width elementor-widget elementor-widget-icon-list\" data-id=\"29a24b4\" data-element_type=\"widget\" data-widget_type=\"icon-list.default\">\n\t\t\t\t<div class=\"elementor-widget-container\">\n\t\t\t\t\t\t\t<ul class=\"elementor-icon-list-items elementor-inline-items\">\n\t\t\t\t\t\t\t<li class=\"elementor-icon-list-item elementor-inline-item\">\n\t\t\t\t\t\t\t\t\t\t<span class=\"elementor-icon-list-text\">\/<\/span>\n\t\t\t\t\t\t\t\t\t<\/li>\n\t\t\t\t\t\t\t\t<li class=\"elementor-icon-list-item elementor-inline-item\">\n\t\t\t\t\t\t\t\t\t\t\t<a href=\"\/download\/\">\n\n\t\t\t\t\t\t\t\t\t\t\t<span class=\"elementor-icon-list-text\">Download<\/span>\n\t\t\t\t\t\t\t\t\t\t\t<\/a>\n\t\t\t\t\t\t\t\t\t<\/li>\n\t\t\t\t\t\t<\/ul>\n\t\t\t\t\t\t<\/div>\n\t\t\t\t<\/div>\n\t\t\t\t<div class=\"elementor-element elementor-element-89b45fa elementor-widget elementor-widget-heading\" data-id=\"89b45fa\" data-element_type=\"widget\" data-widget_type=\"heading.default\">\n\t\t\t\t<div class=\"elementor-widget-container\">\n\t\t\t\t\t<h1 class=\"elementor-heading-title elementor-size-default\">Descarga nuestros documentos oficiales<\/h1>\t\t\t\t<\/div>\n\t\t\t\t<\/div>\n\t\t\t\t<div class=\"elementor-element elementor-element-a9ea901 elementor-widget__width-initial elementor-widget elementor-widget-text-editor\" data-id=\"a9ea901\" data-element_type=\"widget\" data-widget_type=\"text-editor.default\">\n\t\t\t\t<div class=\"elementor-widget-container\">\n\t\t\t\t\t\t\t\t\tCat\u00e1logos, Certificaciones, Fichas de productos y Kits de medios a tu disposici\u00f3n.\n\t\t\t\t\t\t\t\t<\/div>\n\t\t\t\t<\/div>\n\t\t\t\t\t<\/div>\n\t\t\t\t<\/div>\n\t\t<div class=\"elementor-element elementor-element-2e2cb3f e-flex e-con-boxed e-con e-parent\" data-id=\"2e2cb3f\" data-element_type=\"container\">\n\t\t\t\t\t<div class=\"e-con-inner\">\n\t\t<div class=\"elementor-element elementor-element-691704f e-con-full e-flex e-con e-child\" data-id=\"691704f\" data-element_type=\"container\">\n\t\t<div class=\"elementor-element elementor-element-28a06cd e-con-full e-flex e-con e-child\" data-id=\"28a06cd\" data-element_type=\"container\">\n\t\t\t\t<div class=\"elementor-element elementor-element-0b15c12 elementor-widget__width-initial elementor-widget elementor-widget-heading\" data-id=\"0b15c12\" data-element_type=\"widget\" data-widget_type=\"heading.default\">\n\t\t\t\t<div class=\"elementor-widget-container\">\n\t\t\t\t\t<h2 class=\"elementor-heading-title elementor-size-default\">Accede f\u00e1cilmente a todos los documentos oficiales de GT Line y Work by GT Line<\/h2>\t\t\t\t<\/div>\n\t\t\t\t<\/div>\n\t\t\t\t<div class=\"elementor-element elementor-element-6292ed3 elementor-widget__width-initial elementor-widget elementor-widget-text-editor\" data-id=\"6292ed3\" data-element_type=\"widget\" data-widget_type=\"text-editor.default\">\n\t\t\t\t<div class=\"elementor-widget-container\">\n\t\t\t\t\t\t\t\t\t<p>Simplicidad, profesionalismo y transparencia a tu servicio. Aqu\u00ed puedes descargar los cat\u00e1logos de productos m\u00e1s recientes, el kit de medios, las certificaciones de la empresa y las fichas de productos, ofreciendo una visi\u00f3n completa y detallada de nuestras soluciones.<\/p>\t\t\t\t\t\t\t\t<\/div>\n\t\t\t\t<\/div>\n\t\t\t\t<\/div>\n\t\t<div class=\"elementor-element elementor-element-e05ad2c e-con-full e-flex e-con e-child\" data-id=\"e05ad2c\" data-element_type=\"container\">\n\t\t\t\t<div class=\"elementor-element elementor-element-d6172ae elementor-widget elementor-widget-shortcode\" data-id=\"d6172ae\" data-element_type=\"widget\" data-widget_type=\"shortcode.default\">\n\t\t\t\t<div class=\"elementor-widget-container\">\n\t\t\t\t\t\t\t<div class=\"elementor-shortcode\">        <div class=\"downloads-category-grid\">\n                            <div class=\"download-category-item\">\n                    <a href=\"https:\/\/www.gtline.com\/es\/download-category\/catalogos\/\">\n                        <div class=\"download-category-img\">\n                                                            <img decoding=\"async\" src=\"https:\/\/www.gtline.com\/es\/wp-content\/uploads\/sites\/4\/2025\/04\/Download-cataloghi_mod.jpg\" alt=\"\" title=\"\" \/>\n                                                    <\/div>\n                        <div class=\"download-category-content\">\n                            <h5>Download<\/h5>\n                            <h3>CAT\u00c1LOGOS<\/h3>\n                                                                                    <span class=\"btn-red\">Ver descarga<\/span>\n                        <\/div>\n                    <\/a>\n                <\/div>\n                            <div class=\"download-category-item\">\n                    <a href=\"https:\/\/www.gtline.com\/es\/download-category\/products\/\">\n                        <div class=\"download-category-img\">\n                                                            <img decoding=\"async\" src=\"https:\/\/www.gtline.com\/es\/wp-content\/uploads\/sites\/4\/2025\/03\/Group-614.png\" alt=\"\" title=\"\" \/>\n                                                    <\/div>\n                        <div class=\"download-category-content\">\n                            <h5>Download<\/h5>\n                            <h3>PRODUCTOS<\/h3>\n                                                                                    <span class=\"btn-red\">Ver descarga<\/span>\n                        <\/div>\n                    <\/a>\n                <\/div>\n                            <div class=\"download-category-item\">\n                    <a href=\"https:\/\/www.gtline.com\/es\/download-category\/mediakit\/\">\n                        <div class=\"download-category-img\">\n                                                            <img decoding=\"async\" src=\"https:\/\/www.gtline.com\/es\/wp-content\/uploads\/sites\/4\/2025\/04\/Download-Media-Kit_mod.jpg\" alt=\"\" title=\"\" \/>\n                                                    <\/div>\n                        <div class=\"download-category-content\">\n                            <h5>Download<\/h5>\n                            <h3>Mediakit<\/h3>\n                                                                                    <span class=\"btn-red\">Ver descarga<\/span>\n                        <\/div>\n                    <\/a>\n                <\/div>\n                            <div class=\"download-category-item\">\n                    <a href=\"https:\/\/www.gtline.com\/es\/download-category\/certifications\/\">\n                        <div class=\"download-category-img\">\n                                                            <img decoding=\"async\" src=\"https:\/\/www.gtline.com\/es\/wp-content\/uploads\/sites\/4\/2025\/04\/Download-Certificazioni_mod.jpg\" alt=\"\" title=\"\" \/>\n                                                    <\/div>\n                        <div class=\"download-category-content\">\n                            <h5>Download<\/h5>\n                            <h3>Certifications<\/h3>\n                                                                                    <span class=\"btn-red\">Ver descarga<\/span>\n                        <\/div>\n                    <\/a>\n                <\/div>\n                    <\/div>\n        <\/div>\n\t\t\t\t\t\t<\/div>\n\t\t\t\t<\/div>\n\t\t\t\t<\/div>\n\t\t\t\t<\/div>\n\t\t\t\t\t<\/div>\n\t\t\t\t<\/div>\n\t\t<div class=\"elementor-element elementor-element-5f631f4 e-flex e-con-boxed e-con e-parent\" data-id=\"5f631f4\" data-element_type=\"container\" data-settings=\"{&quot;background_background&quot;:&quot;classic&quot;}\">\n\t\t\t\t\t<div class=\"e-con-inner\">\n\t\t<div class=\"elementor-element elementor-element-1d5c930 e-con-full e-flex e-con e-child\" data-id=\"1d5c930\" data-element_type=\"container\">\n\t\t\t\t<div class=\"elementor-element elementor-element-b73a7fe elementor-widget elementor-widget-heading\" data-id=\"b73a7fe\" data-element_type=\"widget\" data-widget_type=\"heading.default\">\n\t\t\t\t<div class=\"elementor-widget-container\">\n\t\t\t\t\t<h1 class=\"elementor-heading-title elementor-size-default\">\u00bfNecesitas ayuda?<\/h1>\t\t\t\t<\/div>\n\t\t\t\t<\/div>\n\t\t\t\t<div class=\"elementor-element elementor-element-6b05598 elementor-widget__width-initial font-25 elementor-widget elementor-widget-text-editor\" data-id=\"6b05598\" data-element_type=\"widget\" data-widget_type=\"text-editor.default\">\n\t\t\t\t<div class=\"elementor-widget-container\">\n\t\t\t\t\t\t\t\t\tEstamos aqu\u00ed para ti.\nObt\u00e9n asistencia con productos, repuestos, accesorios, distribuidores autorizados y todos los servicios que GT Line ofrece para apoyar a sus clientes.\t\t\t\t\t\t\t\t<\/div>\n\t\t\t\t<\/div>\n\t\t\t\t<div class=\"elementor-element elementor-element-a52f0af elementor-align-justify elementor-widget__width-initial elementor-widget elementor-widget-button\" data-id=\"a52f0af\" data-element_type=\"widget\" data-widget_type=\"button.default\">\n\t\t\t\t<div class=\"elementor-widget-container\">\n\t\t\t\t\t\t\t\t\t<div class=\"elementor-button-wrapper\">\n\t\t\t\t\t<a class=\"elementor-button elementor-button-link elementor-size-sm\" href=\"https:\/\/www.gtline.com\/es\/contacto\/\">\n\t\t\t\t\t\t<span class=\"elementor-button-content-wrapper\">\n\t\t\t\t\t\t\t\t\t<span class=\"elementor-button-text\">CONTACTO<\/span>\n\t\t\t\t\t<\/span>\n\t\t\t\t\t<\/a>\n\t\t\t\t<\/div>\n\t\t\t\t\t\t\t\t<\/div>\n\t\t\t\t<\/div>\n\t\t\t\t<\/div>\n\t\t\t\t\t<\/div>\n\t\t\t\t<\/div>\n\t\t\t\t<\/div>\n\t\t","protected":false},"excerpt":{"rendered":"<p>\/ Download Descarga nuestros documentos oficiales Cat\u00e1logos, Certificaciones, Fichas de productos y Kits de medios a tu disposici\u00f3n. \/ Download Descarga nuestros documentos oficiales Cat\u00e1logos, Certificaciones, Fichas de productos y Kits de medios a tu disposici\u00f3n. Accede f\u00e1cilmente a todos los documentos oficiales de GT Line y Work by GT Line Simplicidad, profesionalismo y transparencia [&hellip;]<\/p>\n","protected":false},"author":2,"featured_media":0,"parent":0,"menu_order":0,"comment_status":"closed","ping_status":"closed","template":"elementor_header_footer","meta":{"_acf_changed":false,"footnotes":""},"class_list":["post-2110","page","type-page","status-publish","hentry"],"acf":[],"yoast_head":"<!-- This site is optimized with the Yoast SEO plugin v25.4 - https:\/\/yoast.com\/wordpress\/plugins\/seo\/ -->\n<title>Descargar | GT Line<\/title>\n<meta name=\"description\" content=\"Descarga cat\u00e1logos GT Line y descubre soluciones de bolsas y maletas para herramientas para elegir la opci\u00f3n perfecta y mejorar tu organizaci\u00f3n diaria.\" \/>\n<meta name=\"robots\" content=\"index, follow, max-snippet:-1, max-image-preview:large, max-video-preview:-1\" \/>\n<link rel=\"canonical\" href=\"https:\/\/www.gtline.com\/es\/download\/\" \/>\n<meta property=\"og:locale\" content=\"es_ES\" \/>\n<meta property=\"og:type\" content=\"article\" \/>\n<meta property=\"og:title\" content=\"Descargar | GT Line\" \/>\n<meta property=\"og:description\" content=\"Descarga cat\u00e1logos GT Line y descubre soluciones de bolsas y maletas para herramientas para elegir la opci\u00f3n perfecta y mejorar tu organizaci\u00f3n diaria.\" \/>\n<meta property=\"og:url\" content=\"https:\/\/www.gtline.com\/es\/download\/\" \/>\n<meta property=\"og:site_name\" content=\"Gt Line ES\" \/>\n<meta property=\"article:publisher\" content=\"https:\/\/www.facebook.com\/gtlinesrl?locale=it_IT\" \/>\n<meta property=\"article:modified_time\" content=\"2025-12-11T13:21:45+00:00\" \/>\n<meta name=\"twitter:card\" content=\"summary_large_image\" \/>\n<meta name=\"twitter:label1\" content=\"Tiempo de lectura\" \/>\n\t<meta name=\"twitter:data1\" content=\"1 minuto\" \/>\n<script type=\"application\/ld+json\" class=\"yoast-schema-graph\">{\"@context\":\"https:\/\/schema.org\",\"@graph\":[{\"@type\":\"WebPage\",\"@id\":\"https:\/\/www.gtline.com\/es\/download\/\",\"url\":\"https:\/\/www.gtline.com\/es\/download\/\",\"name\":\"Descargar | GT Line\",\"isPartOf\":{\"@id\":\"https:\/\/www.gtline.com\/es\/#website\"},\"datePublished\":\"2025-03-12T03:54:09+00:00\",\"dateModified\":\"2025-12-11T13:21:45+00:00\",\"description\":\"Descarga cat\u00e1logos GT Line y descubre soluciones de bolsas y maletas para herramientas para elegir la opci\u00f3n perfecta y mejorar tu organizaci\u00f3n diaria.\",\"breadcrumb\":{\"@id\":\"https:\/\/www.gtline.com\/es\/download\/#breadcrumb\"},\"inLanguage\":\"es\",\"potentialAction\":[{\"@type\":\"ReadAction\",\"target\":[\"https:\/\/www.gtline.com\/es\/download\/\"]}]},{\"@type\":\"BreadcrumbList\",\"@id\":\"https:\/\/www.gtline.com\/es\/download\/#breadcrumb\",\"itemListElement\":[{\"@type\":\"ListItem\",\"position\":1,\"name\":\"Home\",\"item\":\"https:\/\/www.gtline.com\/es\/\"},{\"@type\":\"ListItem\",\"position\":2,\"name\":\"Download\"}]},{\"@type\":\"WebSite\",\"@id\":\"https:\/\/www.gtline.com\/es\/#website\",\"url\":\"https:\/\/www.gtline.com\/es\/\",\"name\":\"Gt Line\",\"description\":\"\",\"publisher\":{\"@id\":\"https:\/\/www.gtline.com\/es\/#organization\"},\"potentialAction\":[{\"@type\":\"SearchAction\",\"target\":{\"@type\":\"EntryPoint\",\"urlTemplate\":\"https:\/\/www.gtline.com\/es\/?s={search_term_string}\"},\"query-input\":{\"@type\":\"PropertyValueSpecification\",\"valueRequired\":true,\"valueName\":\"search_term_string\"}}],\"inLanguage\":\"es\"},{\"@type\":\"Organization\",\"@id\":\"https:\/\/www.gtline.com\/es\/#organization\",\"name\":\"Gt Line\",\"url\":\"https:\/\/www.gtline.com\/es\/\",\"logo\":{\"@type\":\"ImageObject\",\"inLanguage\":\"es\",\"@id\":\"https:\/\/www.gtline.com\/es\/#\/schema\/logo\/image\/\",\"url\":\"https:\/\/www.gtline.com\/es\/wp-content\/uploads\/sites\/4\/2025\/02\/logo.png\",\"contentUrl\":\"https:\/\/www.gtline.com\/es\/wp-content\/uploads\/sites\/4\/2025\/02\/logo.png\",\"width\":228,\"height\":146,\"caption\":\"Gt Line\"},\"image\":{\"@id\":\"https:\/\/www.gtline.com\/es\/#\/schema\/logo\/image\/\"},\"sameAs\":[\"https:\/\/www.facebook.com\/gtlinesrl?locale=it_IT\",\"https:\/\/www.instagram.com\/gt_line_srl\/\",\"https:\/\/www.youtube.com\/channel\/UCDvpkFqswNJOVFz64PkYRQQ\",\"https:\/\/www.linkedin.com\/company\/gt-line-srl\/\"]}]}<\/script>\n<!-- \/ Yoast SEO plugin. -->","yoast_head_json":{"title":"Descargar | GT Line","description":"Descarga cat\u00e1logos GT Line y descubre soluciones de bolsas y maletas para herramientas para elegir la opci\u00f3n perfecta y mejorar tu organizaci\u00f3n diaria.","robots":{"index":"index","follow":"follow","max-snippet":"max-snippet:-1","max-image-preview":"max-image-preview:large","max-video-preview":"max-video-preview:-1"},"canonical":"https:\/\/www.gtline.com\/es\/download\/","og_locale":"es_ES","og_type":"article","og_title":"Descargar | GT Line","og_description":"Descarga cat\u00e1logos GT Line y descubre soluciones de bolsas y maletas para herramientas para elegir la opci\u00f3n perfecta y mejorar tu organizaci\u00f3n diaria.","og_url":"https:\/\/www.gtline.com\/es\/download\/","og_site_name":"Gt Line ES","article_publisher":"https:\/\/www.facebook.com\/gtlinesrl?locale=it_IT","article_modified_time":"2025-12-11T13:21:45+00:00","twitter_card":"summary_large_image","twitter_misc":{"Tiempo de lectura":"1 minuto"},"schema":{"@context":"https:\/\/schema.org","@graph":[{"@type":"WebPage","@id":"https:\/\/www.gtline.com\/es\/download\/","url":"https:\/\/www.gtline.com\/es\/download\/","name":"Descargar | GT Line","isPartOf":{"@id":"https:\/\/www.gtline.com\/es\/#website"},"datePublished":"2025-03-12T03:54:09+00:00","dateModified":"2025-12-11T13:21:45+00:00","description":"Descarga cat\u00e1logos GT Line y descubre soluciones de bolsas y maletas para herramientas para elegir la opci\u00f3n perfecta y mejorar tu organizaci\u00f3n diaria.","breadcrumb":{"@id":"https:\/\/www.gtline.com\/es\/download\/#breadcrumb"},"inLanguage":"es","potentialAction":[{"@type":"ReadAction","target":["https:\/\/www.gtline.com\/es\/download\/"]}]},{"@type":"BreadcrumbList","@id":"https:\/\/www.gtline.com\/es\/download\/#breadcrumb","itemListElement":[{"@type":"ListItem","position":1,"name":"Home","item":"https:\/\/www.gtline.com\/es\/"},{"@type":"ListItem","position":2,"name":"Download"}]},{"@type":"WebSite","@id":"https:\/\/www.gtline.com\/es\/#website","url":"https:\/\/www.gtline.com\/es\/","name":"Gt Line","description":"","publisher":{"@id":"https:\/\/www.gtline.com\/es\/#organization"},"potentialAction":[{"@type":"SearchAction","target":{"@type":"EntryPoint","urlTemplate":"https:\/\/www.gtline.com\/es\/?s={search_term_string}"},"query-input":{"@type":"PropertyValueSpecification","valueRequired":true,"valueName":"search_term_string"}}],"inLanguage":"es"},{"@type":"Organization","@id":"https:\/\/www.gtline.com\/es\/#organization","name":"Gt Line","url":"https:\/\/www.gtline.com\/es\/","logo":{"@type":"ImageObject","inLanguage":"es","@id":"https:\/\/www.gtline.com\/es\/#\/schema\/logo\/image\/","url":"https:\/\/www.gtline.com\/es\/wp-content\/uploads\/sites\/4\/2025\/02\/logo.png","contentUrl":"https:\/\/www.gtline.com\/es\/wp-content\/uploads\/sites\/4\/2025\/02\/logo.png","width":228,"height":146,"caption":"Gt Line"},"image":{"@id":"https:\/\/www.gtline.com\/es\/#\/schema\/logo\/image\/"},"sameAs":["https:\/\/www.facebook.com\/gtlinesrl?locale=it_IT","https:\/\/www.instagram.com\/gt_line_srl\/","https:\/\/www.youtube.com\/channel\/UCDvpkFqswNJOVFz64PkYRQQ","https:\/\/www.linkedin.com\/company\/gt-line-srl\/"]}]}},"_links":{"self":[{"href":"https:\/\/www.gtline.com\/es\/wp-json\/wp\/v2\/pages\/2110","targetHints":{"allow":["GET"]}}],"collection":[{"href":"https:\/\/www.gtline.com\/es\/wp-json\/wp\/v2\/pages"}],"about":[{"href":"https:\/\/www.gtline.com\/es\/wp-json\/wp\/v2\/types\/page"}],"author":[{"embeddable":true,"href":"https:\/\/www.gtline.com\/es\/wp-json\/wp\/v2\/users\/2"}],"replies":[{"embeddable":true,"href":"https:\/\/www.gtline.com\/es\/wp-json\/wp\/v2\/comments?post=2110"}],"version-history":[{"count":78,"href":"https:\/\/www.gtline.com\/es\/wp-json\/wp\/v2\/pages\/2110\/revisions"}],"predecessor-version":[{"id":22638,"href":"https:\/\/www.gtline.com\/es\/wp-json\/wp\/v2\/pages\/2110\/revisions\/22638"}],"wp:attachment":[{"href":"https:\/\/www.gtline.com\/es\/wp-json\/wp\/v2\/media?parent=2110"}],"curies":[{"name":"wp","href":"https:\/\/api.w.org\/{rel}","templated":true}]}}