{"id":744,"date":"2025-02-24T07:00:24","date_gmt":"2025-02-24T07:00:24","guid":{"rendered":"https:\/\/gtline.com\/?page_id=744"},"modified":"2025-12-11T13:22:54","modified_gmt":"2025-12-11T13:22:54","slug":"blog","status":"publish","type":"page","link":"https:\/\/www.gtline.com\/es\/blog\/","title":{"rendered":"Blog"},"content":{"rendered":"\t\t<div data-elementor-type=\"wp-page\" data-elementor-id=\"744\" class=\"elementor elementor-744\" data-elementor-post-type=\"page\">\n\t\t\t\t<div class=\"elementor-element elementor-element-1b4d77e elementor-hidden-mobile e-flex e-con-boxed e-con e-parent\" data-id=\"1b4d77e\" data-element_type=\"container\" data-settings=\"{&quot;background_background&quot;:&quot;classic&quot;}\">\n\t\t\t\t\t<div class=\"e-con-inner\">\n\t\t\t\t<div class=\"elementor-element elementor-element-6d3f2af elementor-widget elementor-widget-text-editor\" data-id=\"6d3f2af\" data-element_type=\"widget\" data-widget_type=\"text-editor.default\">\n\t\t\t\t<div class=\"elementor-widget-container\">\n\t\t\t\t\t\t\t\t\t<p>\/ Blog<\/p>\t\t\t\t\t\t\t\t<\/div>\n\t\t\t\t<\/div>\n\t\t\t\t<div class=\"elementor-element elementor-element-00ab010 elementor-widget elementor-widget-heading\" data-id=\"00ab010\" data-element_type=\"widget\" data-widget_type=\"heading.default\">\n\t\t\t\t<div class=\"elementor-widget-container\">\n\t\t\t\t\t<h1 class=\"elementor-heading-title elementor-size-default\">El Blog de GT Line: Soluciones innovadoras para profesionales de la industria<\/h1>\t\t\t\t<\/div>\n\t\t\t\t<\/div>\n\t\t\t\t<div class=\"elementor-element elementor-element-88c55c4 elementor-widget__width-initial elementor-widget elementor-widget-heading\" data-id=\"88c55c4\" data-element_type=\"widget\" data-widget_type=\"heading.default\">\n\t\t\t\t<div class=\"elementor-widget-container\">\n\t\t\t\t\t<h2 class=\"elementor-heading-title elementor-size-default\">Descubre las \u00faltimas noticias, consejos pr\u00e1cticos y art\u00edculos detallados sobre maletines t\u00e9cnicos, contenedores profesionales y bolsas para herramientas, accesorios y t\u00e9cnicas para optimizar tu trabajo.<\/h2>\t\t\t\t<\/div>\n\t\t\t\t<\/div>\n\t\t\t\t\t<\/div>\n\t\t\t\t<\/div>\n\t\t<div class=\"elementor-element elementor-element-43886a6 elementor-hidden-desktop elementor-hidden-tablet e-flex e-con-boxed e-con e-parent\" data-id=\"43886a6\" data-element_type=\"container\" data-settings=\"{&quot;background_background&quot;:&quot;classic&quot;}\">\n\t\t\t\t\t<div class=\"e-con-inner\">\n\t\t\t\t\t<\/div>\n\t\t\t\t<\/div>\n\t\t<div class=\"elementor-element elementor-element-3740dea elementor-hidden-desktop elementor-hidden-tablet e-flex e-con-boxed e-con e-parent\" data-id=\"3740dea\" data-element_type=\"container\" data-settings=\"{&quot;background_background&quot;:&quot;classic&quot;}\">\n\t\t\t\t\t<div class=\"e-con-inner\">\n\t\t\t\t<div class=\"elementor-element elementor-element-2e2caf3 elementor-widget elementor-widget-text-editor\" data-id=\"2e2caf3\" data-element_type=\"widget\" data-widget_type=\"text-editor.default\">\n\t\t\t\t<div class=\"elementor-widget-container\">\n\t\t\t\t\t\t\t\t\t<p>\/ Blog<\/p>\t\t\t\t\t\t\t\t<\/div>\n\t\t\t\t<\/div>\n\t\t\t\t<div class=\"elementor-element elementor-element-7cde28c elementor-widget elementor-widget-heading\" data-id=\"7cde28c\" data-element_type=\"widget\" data-widget_type=\"heading.default\">\n\t\t\t\t<div class=\"elementor-widget-container\">\n\t\t\t\t\t<h1 class=\"elementor-heading-title elementor-size-default\">El Blog de GT Line: Soluciones innovadoras para profesionales de la industria<\/h1>\t\t\t\t<\/div>\n\t\t\t\t<\/div>\n\t\t\t\t<div class=\"elementor-element elementor-element-9c63b19 elementor-widget__width-initial elementor-widget elementor-widget-heading\" data-id=\"9c63b19\" data-element_type=\"widget\" data-widget_type=\"heading.default\">\n\t\t\t\t<div class=\"elementor-widget-container\">\n\t\t\t\t\t<h2 class=\"elementor-heading-title elementor-size-default\">Descubre las \u00faltimas noticias, consejos pr\u00e1cticos y art\u00edculos detallados sobre maletines t\u00e9cnicos, contenedores profesionales y bolsas para herramientas, accesorios y t\u00e9cnicas para optimizar tu trabajo.\n<\/h2>\t\t\t\t<\/div>\n\t\t\t\t<\/div>\n\t\t\t\t\t<\/div>\n\t\t\t\t<\/div>\n\t\t<div class=\"elementor-element elementor-element-2381a0c e-flex e-con-boxed e-con e-parent\" data-id=\"2381a0c\" data-element_type=\"container\">\n\t\t\t\t\t<div class=\"e-con-inner\">\n\t\t<div class=\"elementor-element elementor-element-5147845 e-con-full e-flex e-con e-child\" data-id=\"5147845\" data-element_type=\"container\">\n\t\t<div class=\"elementor-element elementor-element-614cd71 e-con-full e-flex e-con e-child\" data-id=\"614cd71\" data-element_type=\"container\">\n\t\t\t\t<div class=\"elementor-element elementor-element-e512c64 elementor-widget elementor-widget-shortcode\" data-id=\"e512c64\" data-element_type=\"widget\" data-widget_type=\"shortcode.default\">\n\t\t\t\t<div class=\"elementor-widget-container\">\n\t\t\t\t\t\t\t<div class=\"elementor-shortcode\">\n    <div class=\"filter-container\">\n        <!-- Category Filter -->\n        <div class=\"category-filter-form row-wrap\">\n                        <h3>Filtrar por categor\u00eda<\/h3>\n            <select name=\"category\" id=\"category-dropdown\">\n                <option value=\"\">Filtrar por categor\u00eda<\/option>\n                                    <option value=\"corporate\">\n                        Corporativa                    <\/option>\n                                    <option value=\"fiere-ed-eventi\">\n                        Ferias y eventos                    <\/option>\n                                    <option value=\"prodotti\">\n                        Productos                    <\/option>\n                            <\/select>\n        <\/div>\n\n        <!-- Search Box -->\n        <div class=\"search-form row-wrap\">\n                        <h3>Buscar por tema<\/h3>\n            <input type=\"text\" id=\"search-input\" placeholder=\"Enter a topic\">\n            <button id=\"search-button\"><img decoding=\"async\" src=\"\/wp-content\/uploads\/2025\/02\/Frame-13.png\" alt=\"icon\" title=\"icon\"><\/button>\n        <\/div>\n    <\/div> \n\n    <div class=\"custArticalMn custBlogArticals\" id=\"filtered-posts\">\n                        <div class=\"feature-content\">\n\t\t\t\t<a href=\"https:\/\/www.gtline.com\/es\/2026\/03\/02\/gt-line-group-en-eisenwarenmesse-2026-descubre-nuestras-novedades-en-colonia-3-6-de-marzo\/\">\n                                        <div class=\"custBlogArticalsTtl\">\n                        <span class=\"post-date\">17 abril 2026<\/span>                        <h2>\n                            GT Line Group en Eisenwarenmesse 2026 \u2013 Descubre nuestras novedades en Colonia, 3\u20136 de marzo                        <\/h2>\n                    <\/div>\n\t\t\t\t<\/a>\n                <\/div>\n                            <div class=\"feature-content\">\n\t\t\t\t<a href=\"https:\/\/www.gtline.com\/es\/2025\/03\/22\/moldeo-por-inyeccion-la-tecnologia-detras-de-la-excelencia-de-las-maletas-gt-line-y-explorer-cases\/\">\n                                            <div class=\"post-thumbnail\">\n\t\t\t\t\t\t <img decoding=\"async\" src=\"https:\/\/www.gtline.com\/es\/wp-content\/uploads\/sites\/4\/2025\/04\/stampa-a-iniezione_2.png\" alt=\"Moldeo por Inyecci\u00f3n: La Tecnolog\u00eda Detr\u00e1s de la Excelencia de las Maletas GT Line y Explorer Cases\" title=\"Moldeo por Inyecci\u00f3n: La Tecnolog\u00eda Detr\u00e1s de la Excelencia de las Maletas GT Line y Explorer Cases\" title=\"Moldeo por Inyecci\u00f3n: La Tecnolog\u00eda Detr\u00e1s de la Excelencia de las Maletas GT Line y Explorer Cases\">\n                        <\/div>\n                                        <div class=\"custBlogArticalsTtl\">\n                        <span class=\"post-date\">17 abril 2026<\/span>                        <h2>\n                            Moldeo por Inyecci\u00f3n: La Tecnolog\u00eda Detr\u00e1s de la Excelencia de las Maletas GT Line y Explorer Cases                        <\/h2>\n                    <\/div>\n\t\t\t\t<\/a>\n                <\/div>\n                            <div class=\"feature-content\">\n\t\t\t\t<a href=\"https:\/\/www.gtline.com\/es\/2025\/03\/01\/gtline-bolognafiere\/\">\n                                            <div class=\"post-thumbnail\">\n\t\t\t\t\t\t <img decoding=\"async\" src=\"https:\/\/www.gtline.com\/es\/wp-content\/uploads\/sites\/4\/2025\/03\/GT_articolo_MECSPE.png\" alt=\"Del 5 al 7 de marzo, vis\u00edtanos en nuestro stand en el Pabell\u00f3n 16, Stand F10 de BolognaFiere\" title=\"Del 5 al 7 de marzo, vis\u00edtanos en nuestro stand en el Pabell\u00f3n 16, Stand F10 de BolognaFiere\" title=\"Del 5 al 7 de marzo, vis\u00edtanos en nuestro stand en el Pabell\u00f3n 16, Stand F10 de BolognaFiere\">\n                        <\/div>\n                                        <div class=\"custBlogArticalsTtl\">\n                        <span class=\"post-date\">17 abril 2026<\/span>                        <h2>\n                            Del 5 al 7 de marzo, vis\u00edtanos en nuestro stand en el Pabell\u00f3n 16, Stand F10 de BolognaFiere                        <\/h2>\n                    <\/div>\n\t\t\t\t<\/a>\n                <\/div>\n                            <div class=\"feature-content\">\n\t\t\t\t<a href=\"https:\/\/www.gtline.com\/es\/2025\/02\/24\/new-monolith-lt-35-work-by-gt-line\/\">\n                                            <div class=\"post-thumbnail\">\n\t\t\t\t\t\t <img decoding=\"async\" src=\"https:\/\/www.gtline.com\/es\/wp-content\/uploads\/sites\/4\/2025\/04\/Blog_Monolith_Copertina-scaled.jpg\" alt=\"New Monolith LT 35 Work by GT Line\" title=\"New Monolith LT 35 Work by GT Line\" title=\"New Monolith LT 35 Work by GT Line\">\n                        <\/div>\n                                        <div class=\"custBlogArticalsTtl\">\n                        <span class=\"post-date\">17 abril 2026<\/span>                        <h2>\n                            New Monolith LT 35 Work by GT Line                        <\/h2>\n                    <\/div>\n\t\t\t\t<\/a>\n                <\/div>\n                            <div class=\"feature-content\">\n\t\t\t\t<a href=\"https:\/\/www.gtline.com\/es\/2025\/01\/16\/maletas-trolley-y-mochilas-profesionales-para-herramientas-las-mejores-soluciones-para-quienes-siempre-trabajan-en-movimiento\/\">\n                                            <div class=\"post-thumbnail\">\n\t\t\t\t\t\t <img decoding=\"async\" src=\"https:\/\/www.gtline.com\/es\/wp-content\/uploads\/sites\/4\/2025\/04\/test_2_blog.png\" alt=\"Maletas trolley y mochilas profesionales para herramientas: \u00a1las mejores soluciones para quienes siempre trabajan en movimiento!\" title=\"Maletas trolley y mochilas profesionales para herramientas: \u00a1las mejores soluciones para quienes siempre trabajan en movimiento!\" title=\"Maletas trolley y mochilas profesionales para herramientas: \u00a1las mejores soluciones para quienes siempre trabajan en movimiento!\">\n                        <\/div>\n                                        <div class=\"custBlogArticalsTtl\">\n                        <span class=\"post-date\">17 abril 2026<\/span>                        <h2>\n                            Maletas trolley y mochilas profesionales para herramientas: \u00a1las mejores soluciones para quienes siempre trabajan en movimiento!                        <\/h2>\n                    <\/div>\n\t\t\t\t<\/a>\n                <\/div>\n                            <div class=\"feature-content\">\n\t\t\t\t<a href=\"https:\/\/www.gtline.com\/es\/2024\/12\/06\/modularidad-proteccion-y-transporte-todo-en-uno-con-el-sistema-all-in-one\/\">\n                                            <div class=\"post-thumbnail\">\n\t\t\t\t\t\t <img decoding=\"async\" src=\"https:\/\/www.gtline.com\/es\/wp-content\/uploads\/sites\/4\/2025\/04\/carosello_AI1_blo_3png.png\" alt=\"Modularidad, Protecci\u00f3n y Transporte: \u00a1Todo en Uno con el Sistema All in One!\" title=\"Modularidad, Protecci\u00f3n y Transporte: \u00a1Todo en Uno con el Sistema All in One!\" title=\"Modularidad, Protecci\u00f3n y Transporte: \u00a1Todo en Uno con el Sistema All in One!\">\n                        <\/div>\n                                        <div class=\"custBlogArticalsTtl\">\n                        <span class=\"post-date\">17 abril 2026<\/span>                        <h2>\n                            Modularidad, Protecci\u00f3n y Transporte: \u00a1Todo en Uno con el Sistema All in One!                        <\/h2>\n                    <\/div>\n\t\t\t\t<\/a>\n                <\/div>\n                <\/div>\n\n  <script>\n        document.getElementById('category-dropdown').addEventListener('change', fetchFilteredPosts);\n        document.getElementById('search-button').addEventListener('click', fetchFilteredPosts);\n        document.getElementById('search-input').addEventListener('keypress', function(event) {\n            if (event.key === 'Enter') {\n                fetchFilteredPosts();\n            }\n        });\n\n        function fetchFilteredPosts() {\n            var selectedCategory = document.getElementById('category-dropdown').value;\n            var searchQuery = document.getElementById('search-input').value;\n\n            var xhr = new XMLHttpRequest();\n            xhr.open('GET', 'https:\/\/www.gtline.com\/es\/wp-admin\/admin-ajax.php?action=filter_posts&category=' + selectedCategory + '&search=' + searchQuery, true);\n            xhr.onreadystatechange = function() {\n                if (xhr.readyState === 4 && xhr.status === 200) {\n                    document.getElementById('filtered-posts').innerHTML = xhr.responseText;\n                }\n            };\n            xhr.send();\n        }\n    <\/script>\n\n    <\/div>\n\t\t\t\t\t\t<\/div>\n\t\t\t\t<\/div>\n\t\t\t\t<\/div>\n\t\t<div class=\"elementor-element elementor-element-dcdc394 e-con-full e-flex e-con e-child\" data-id=\"dcdc394\" data-element_type=\"container\">\n\t\t\t\t<div class=\"elementor-element elementor-element-b50e9a6 elementor-widget elementor-widget-shortcode\" data-id=\"b50e9a6\" data-element_type=\"widget\" data-widget_type=\"shortcode.default\">\n\t\t\t\t<div class=\"elementor-widget-container\">\n\t\t\t\t\t\t\t<div class=\"elementor-shortcode\">        <div class=\"custApndOrder\"><\/div>\n        <div class=\"custSdeBarCats\">\n            <div class=\"custSdeBarCatsTtl\"> \n                <div class=\"custHeadingsAnimations\">\n                                        <h3 class=\"elementor-heading-title\">M\u00e1s le\u00eddo<\/h3>\n                <\/div>\n            <\/div>\n            <div class=\"custSdeBarCatsList\">\n                <div class=\"category-section\"><h4>Corporativa<\/h4><ul><li><a href=\"https:\/\/www.gtline.com\/es\/2025\/03\/22\/moldeo-por-inyeccion-la-tecnologia-detras-de-la-excelencia-de-las-maletas-gt-line-y-explorer-cases\/\">Moldeo por Inyecci\u00f3n: La Tecnolog\u00eda Detr\u00e1s de la Excelencia de las Maletas GT Line y Explorer Cases<\/a><\/li><\/ul><\/div><hr><div class=\"category-section\"><h4>Ferias y eventos<\/h4><ul><li><a href=\"https:\/\/www.gtline.com\/es\/2026\/03\/02\/gt-line-group-en-eisenwarenmesse-2026-descubre-nuestras-novedades-en-colonia-3-6-de-marzo\/\">GT Line Group en Eisenwarenmesse 2026 \u2013 Descubre nuestras novedades en Colonia, 3\u20136 de marzo<\/a><\/li><li><a href=\"https:\/\/www.gtline.com\/es\/2025\/03\/01\/gtline-bolognafiere\/\">Del 5 al 7 de marzo, vis\u00edtanos en nuestro stand en el Pabell\u00f3n 16, Stand F10 de BolognaFiere<\/a><\/li><\/ul><\/div><hr><div class=\"category-section\"><h4>Productos<\/h4><ul><li><a href=\"https:\/\/www.gtline.com\/es\/2025\/02\/24\/new-monolith-lt-35-work-by-gt-line\/\">New Monolith LT 35 Work by GT Line<\/a><\/li><li><a href=\"https:\/\/www.gtline.com\/es\/2025\/01\/16\/maletas-trolley-y-mochilas-profesionales-para-herramientas-las-mejores-soluciones-para-quienes-siempre-trabajan-en-movimiento\/\">Maletas trolley y mochilas profesionales para herramientas: \u00a1las mejores soluciones para quienes siempre trabajan en movimiento!<\/a><\/li><\/ul><\/div><hr>            <\/div>\n        <\/div>\n        <\/div>\n\t\t\t\t\t\t<\/div>\n\t\t\t\t<\/div>\n\t\t\t\t<\/div>\n\t\t\t\t<\/div>\n\t\t\t\t\t<\/div>\n\t\t\t\t<\/div>\n\t\t\t\t<\/div>\n\t\t","protected":false},"excerpt":{"rendered":"<p>\/ Blog El Blog de GT Line: Soluciones innovadoras para profesionales de la industria Descubre las \u00faltimas noticias, consejos pr\u00e1cticos y art\u00edculos detallados sobre maletines t\u00e9cnicos, contenedores profesionales y bolsas para herramientas, accesorios y t\u00e9cnicas para optimizar tu trabajo. \/ Blog El Blog de GT Line: Soluciones innovadoras para profesionales de la industria Descubre las [&hellip;]<\/p>\n","protected":false},"author":2,"featured_media":0,"parent":0,"menu_order":0,"comment_status":"closed","ping_status":"closed","template":"elementor_header_footer","meta":{"_acf_changed":false,"footnotes":""},"class_list":["post-744","page","type-page","status-publish","hentry"],"acf":[],"yoast_head":"<!-- This site is optimized with the Yoast SEO plugin v25.4 - https:\/\/yoast.com\/wordpress\/plugins\/seo\/ -->\n<title>Blog | GT Line<\/title>\n<meta name=\"description\" content=\"Blog GT Line con noticias y consejos sobre bolsas y maletas para herramientas para mejorar organizaci\u00f3n, eficiencia y rendimiento en el trabajo profesional.\" \/>\n<meta name=\"robots\" content=\"index, follow, max-snippet:-1, max-image-preview:large, max-video-preview:-1\" \/>\n<link rel=\"canonical\" href=\"https:\/\/www.gtline.com\/es\/blog\/\" \/>\n<meta property=\"og:locale\" content=\"es_ES\" \/>\n<meta property=\"og:type\" content=\"article\" \/>\n<meta property=\"og:title\" content=\"Blog | GT Line\" \/>\n<meta property=\"og:description\" content=\"Blog GT Line con noticias y consejos sobre bolsas y maletas para herramientas para mejorar organizaci\u00f3n, eficiencia y rendimiento en el trabajo profesional.\" \/>\n<meta property=\"og:url\" content=\"https:\/\/www.gtline.com\/es\/blog\/\" \/>\n<meta property=\"og:site_name\" content=\"Gt Line ES\" \/>\n<meta property=\"article:publisher\" content=\"https:\/\/www.facebook.com\/gtlinesrl?locale=it_IT\" \/>\n<meta property=\"article:modified_time\" content=\"2025-12-11T13:22:54+00:00\" \/>\n<meta name=\"twitter:card\" content=\"summary_large_image\" \/>\n<meta name=\"twitter:label1\" content=\"Tiempo de lectura\" \/>\n\t<meta name=\"twitter:data1\" content=\"1 minuto\" \/>\n<script type=\"application\/ld+json\" class=\"yoast-schema-graph\">{\"@context\":\"https:\/\/schema.org\",\"@graph\":[{\"@type\":\"WebPage\",\"@id\":\"https:\/\/www.gtline.com\/es\/blog\/\",\"url\":\"https:\/\/www.gtline.com\/es\/blog\/\",\"name\":\"Blog | GT Line\",\"isPartOf\":{\"@id\":\"https:\/\/www.gtline.com\/es\/#website\"},\"datePublished\":\"2025-02-24T07:00:24+00:00\",\"dateModified\":\"2025-12-11T13:22:54+00:00\",\"description\":\"Blog GT Line con noticias y consejos sobre bolsas y maletas para herramientas para mejorar organizaci\u00f3n, eficiencia y rendimiento en el trabajo profesional.\",\"breadcrumb\":{\"@id\":\"https:\/\/www.gtline.com\/es\/blog\/#breadcrumb\"},\"inLanguage\":\"es\",\"potentialAction\":[{\"@type\":\"ReadAction\",\"target\":[\"https:\/\/www.gtline.com\/es\/blog\/\"]}]},{\"@type\":\"BreadcrumbList\",\"@id\":\"https:\/\/www.gtline.com\/es\/blog\/#breadcrumb\",\"itemListElement\":[{\"@type\":\"ListItem\",\"position\":1,\"name\":\"Home\",\"item\":\"https:\/\/www.gtline.com\/es\/\"},{\"@type\":\"ListItem\",\"position\":2,\"name\":\"Blog\"}]},{\"@type\":\"WebSite\",\"@id\":\"https:\/\/www.gtline.com\/es\/#website\",\"url\":\"https:\/\/www.gtline.com\/es\/\",\"name\":\"Gt Line\",\"description\":\"\",\"publisher\":{\"@id\":\"https:\/\/www.gtline.com\/es\/#organization\"},\"potentialAction\":[{\"@type\":\"SearchAction\",\"target\":{\"@type\":\"EntryPoint\",\"urlTemplate\":\"https:\/\/www.gtline.com\/es\/?s={search_term_string}\"},\"query-input\":{\"@type\":\"PropertyValueSpecification\",\"valueRequired\":true,\"valueName\":\"search_term_string\"}}],\"inLanguage\":\"es\"},{\"@type\":\"Organization\",\"@id\":\"https:\/\/www.gtline.com\/es\/#organization\",\"name\":\"Gt Line\",\"url\":\"https:\/\/www.gtline.com\/es\/\",\"logo\":{\"@type\":\"ImageObject\",\"inLanguage\":\"es\",\"@id\":\"https:\/\/www.gtline.com\/es\/#\/schema\/logo\/image\/\",\"url\":\"https:\/\/www.gtline.com\/es\/wp-content\/uploads\/sites\/4\/2025\/02\/logo.png\",\"contentUrl\":\"https:\/\/www.gtline.com\/es\/wp-content\/uploads\/sites\/4\/2025\/02\/logo.png\",\"width\":228,\"height\":146,\"caption\":\"Gt Line\"},\"image\":{\"@id\":\"https:\/\/www.gtline.com\/es\/#\/schema\/logo\/image\/\"},\"sameAs\":[\"https:\/\/www.facebook.com\/gtlinesrl?locale=it_IT\",\"https:\/\/www.instagram.com\/gt_line_srl\/\",\"https:\/\/www.youtube.com\/channel\/UCDvpkFqswNJOVFz64PkYRQQ\",\"https:\/\/www.linkedin.com\/company\/gt-line-srl\/\"]}]}<\/script>\n<!-- \/ Yoast SEO plugin. -->","yoast_head_json":{"title":"Blog | GT Line","description":"Blog GT Line con noticias y consejos sobre bolsas y maletas para herramientas para mejorar organizaci\u00f3n, eficiencia y rendimiento en el trabajo profesional.","robots":{"index":"index","follow":"follow","max-snippet":"max-snippet:-1","max-image-preview":"max-image-preview:large","max-video-preview":"max-video-preview:-1"},"canonical":"https:\/\/www.gtline.com\/es\/blog\/","og_locale":"es_ES","og_type":"article","og_title":"Blog | GT Line","og_description":"Blog GT Line con noticias y consejos sobre bolsas y maletas para herramientas para mejorar organizaci\u00f3n, eficiencia y rendimiento en el trabajo profesional.","og_url":"https:\/\/www.gtline.com\/es\/blog\/","og_site_name":"Gt Line ES","article_publisher":"https:\/\/www.facebook.com\/gtlinesrl?locale=it_IT","article_modified_time":"2025-12-11T13:22:54+00:00","twitter_card":"summary_large_image","twitter_misc":{"Tiempo de lectura":"1 minuto"},"schema":{"@context":"https:\/\/schema.org","@graph":[{"@type":"WebPage","@id":"https:\/\/www.gtline.com\/es\/blog\/","url":"https:\/\/www.gtline.com\/es\/blog\/","name":"Blog | GT Line","isPartOf":{"@id":"https:\/\/www.gtline.com\/es\/#website"},"datePublished":"2025-02-24T07:00:24+00:00","dateModified":"2025-12-11T13:22:54+00:00","description":"Blog GT Line con noticias y consejos sobre bolsas y maletas para herramientas para mejorar organizaci\u00f3n, eficiencia y rendimiento en el trabajo profesional.","breadcrumb":{"@id":"https:\/\/www.gtline.com\/es\/blog\/#breadcrumb"},"inLanguage":"es","potentialAction":[{"@type":"ReadAction","target":["https:\/\/www.gtline.com\/es\/blog\/"]}]},{"@type":"BreadcrumbList","@id":"https:\/\/www.gtline.com\/es\/blog\/#breadcrumb","itemListElement":[{"@type":"ListItem","position":1,"name":"Home","item":"https:\/\/www.gtline.com\/es\/"},{"@type":"ListItem","position":2,"name":"Blog"}]},{"@type":"WebSite","@id":"https:\/\/www.gtline.com\/es\/#website","url":"https:\/\/www.gtline.com\/es\/","name":"Gt Line","description":"","publisher":{"@id":"https:\/\/www.gtline.com\/es\/#organization"},"potentialAction":[{"@type":"SearchAction","target":{"@type":"EntryPoint","urlTemplate":"https:\/\/www.gtline.com\/es\/?s={search_term_string}"},"query-input":{"@type":"PropertyValueSpecification","valueRequired":true,"valueName":"search_term_string"}}],"inLanguage":"es"},{"@type":"Organization","@id":"https:\/\/www.gtline.com\/es\/#organization","name":"Gt Line","url":"https:\/\/www.gtline.com\/es\/","logo":{"@type":"ImageObject","inLanguage":"es","@id":"https:\/\/www.gtline.com\/es\/#\/schema\/logo\/image\/","url":"https:\/\/www.gtline.com\/es\/wp-content\/uploads\/sites\/4\/2025\/02\/logo.png","contentUrl":"https:\/\/www.gtline.com\/es\/wp-content\/uploads\/sites\/4\/2025\/02\/logo.png","width":228,"height":146,"caption":"Gt Line"},"image":{"@id":"https:\/\/www.gtline.com\/es\/#\/schema\/logo\/image\/"},"sameAs":["https:\/\/www.facebook.com\/gtlinesrl?locale=it_IT","https:\/\/www.instagram.com\/gt_line_srl\/","https:\/\/www.youtube.com\/channel\/UCDvpkFqswNJOVFz64PkYRQQ","https:\/\/www.linkedin.com\/company\/gt-line-srl\/"]}]}},"_links":{"self":[{"href":"https:\/\/www.gtline.com\/es\/wp-json\/wp\/v2\/pages\/744","targetHints":{"allow":["GET"]}}],"collection":[{"href":"https:\/\/www.gtline.com\/es\/wp-json\/wp\/v2\/pages"}],"about":[{"href":"https:\/\/www.gtline.com\/es\/wp-json\/wp\/v2\/types\/page"}],"author":[{"embeddable":true,"href":"https:\/\/www.gtline.com\/es\/wp-json\/wp\/v2\/users\/2"}],"replies":[{"embeddable":true,"href":"https:\/\/www.gtline.com\/es\/wp-json\/wp\/v2\/comments?post=744"}],"version-history":[{"count":122,"href":"https:\/\/www.gtline.com\/es\/wp-json\/wp\/v2\/pages\/744\/revisions"}],"predecessor-version":[{"id":22639,"href":"https:\/\/www.gtline.com\/es\/wp-json\/wp\/v2\/pages\/744\/revisions\/22639"}],"wp:attachment":[{"href":"https:\/\/www.gtline.com\/es\/wp-json\/wp\/v2\/media?parent=744"}],"curies":[{"name":"wp","href":"https:\/\/api.w.org\/{rel}","templated":true}]}}