{"id":15996,"date":"2025-07-21T09:53:26","date_gmt":"2025-07-21T09:53:26","guid":{"rendered":"https:\/\/www.gtline.com\/es\/prodotto\/gt-line-maleta-profesional-waterproof-gt-44-19-pts\/"},"modified":"2026-04-23T03:02:28","modified_gmt":"2026-04-23T03:02:28","slug":"gt-line-maleta-profesional-waterproof-gt-44-19-pts","status":"publish","type":"product","link":"https:\/\/www.gtline.com\/es\/products\/gt-line-maleta-profesional-waterproof-gt-44-19-pts\/","title":{"rendered":"GT Line Maleta Profesional GT 44-19 PTS"},"content":{"rendered":"<p>1. Cierre estanco y protecci\u00f3n total frente a agentes externos. <br \/> Gracias a la junta moldeada y la v\u00e1lvula de alivio de presi\u00f3n, este estuche es totalmente impermeable, protegiendo las herramientas y accesorios del agua, la humedad, el polvo y las part\u00edculas finas. <br \/> <br \/>\n2. Durabilidad superior para entornos extremos. <br \/> El polipropileno de alto espesor combinado con pasadores de bisagra resistentes a la corrosi\u00f3n garantiza la durabilidad incluso en presencia de productos qu\u00edmicos, agentes corrosivos o condiciones clim\u00e1ticas extremas (de -33 \u00b0C a +90 \u00b0C). <br \/> <br \/>\n3. Construcci\u00f3n robusta y apilable. <br \/> El dise\u00f1o permite un apilamiento seguro, mientras que las \u00e1reas de bloqueo de acero reforzado aumentan la protecci\u00f3n durante el transporte y el almacenamiento. <br \/> <br \/>\n4. Organizaci\u00f3n interna avanzada y modular. <br \/> Dos paneles de herramientas con FLEXI POUCHES y una base con divisores\u2122 de alta estabilidad proporcionan una organizaci\u00f3n \u00f3ptima de cualquier herramienta o accesorio t\u00e9cnico. <br \/> <br \/>\n5. Transporte pr\u00e1ctico y c\u00f3modo. <br \/> El mango ergon\u00f3mico recubierto de goma ofrece un agarre seguro y c\u00f3modo, mientras que los tirantes de la tapa presurizados por gas garantizan una apertura y cierre seguros y sin esfuerzo. <br \/> <br \/>\n6. Almacenamiento adicional para documentos y piezas peque\u00f1as. <br \/> Incluye una bolsa para documentos y dos mini cajones para organizar componentes peque\u00f1os, siempre a mano y bien guardados. <br \/> <br \/>\n7. Seguridad e identificaci\u00f3n instant\u00e1neas. <br \/> El soporte de etiqueta de identificaci\u00f3n incorporado permite una identificaci\u00f3n r\u00e1pida de la caja de herramientas, ideal para profesionales m\u00f3viles o espacios de trabajo compartidos.<\/p>\n","protected":false},"excerpt":{"rendered":"<p>El malet\u00edn profesional GT 44-19 PTS es el contenedor ideal para profesionales que necesitan una protecci\u00f3n fiable para herramientas y equipos.<\/p>\n<p>Dise\u00f1ado en polipropileno de alta resistencia, es un malet\u00edn de herramientas de tama\u00f1o mediano, totalmente herm\u00e9tico y resistente al agua, los golpes, la arena, el polvo y la corrosi\u00f3n.<\/p>\n","protected":false},"featured_media":6990,"comment_status":"open","ping_status":"closed","template":"","meta":{"_acf_changed":false},"product_brand":[],"product_cat":[245],"product_tag":[],"class_list":{"0":"post-15996","1":"product","2":"type-product","3":"status-publish","4":"has-post-thumbnail","6":"product_cat-245","7":"pa_aplicaciones-maletas-y-bolsas-para-electricistas","8":"pa_aplicaciones-maletas-y-bolsas-para-fontaneros","9":"pa_aplicaciones-maletas-y-bolsas-para-mantenedores","10":"pa_aplicaciones-maletas-y-bolsas-para-tecnicos-de-campo","11":"pa_aplicaciones-todas","12":"pa_tipo-de-producto-maletas-estancas-para-herramientas","13":"pa_tipo-de-producto-maletas-para-herramientas","15":"first","16":"instock","17":"shipping-taxable","18":"purchasable","19":"product-type-simple"},"acf":[],"yoast_head":"<!-- This site is optimized with the Yoast SEO plugin v27.4 - https:\/\/yoast.com\/product\/yoast-seo-wordpress\/ -->\n<title>Maleta Impermeable Profesional GT 44-19 PTS | GT Line<\/title>\n<meta name=\"description\" content=\"Maleta impermeable GT 44-19 PTS con cierre seguro y estructura duradera para proteger herramientas frente a agua, polvo y golpes en obra.\" \/>\n<meta name=\"robots\" content=\"index, follow, max-snippet:-1, max-image-preview:large, max-video-preview:-1\" \/>\n<link rel=\"canonical\" href=\"https:\/\/www.gtline.com\/es\/products\/gt-line-maleta-profesional-waterproof-gt-44-19-pts\/\" \/>\n<meta property=\"og:locale\" content=\"es_ES\" \/>\n<meta property=\"og:type\" content=\"article\" \/>\n<meta property=\"og:title\" content=\"Maleta Impermeable Profesional GT 44-19 PTS | GT Line\" \/>\n<meta property=\"og:description\" content=\"Maleta impermeable GT 44-19 PTS con cierre seguro y estructura duradera para proteger herramientas frente a agua, polvo y golpes en obra.\" \/>\n<meta property=\"og:url\" content=\"https:\/\/www.gtline.com\/es\/products\/gt-line-maleta-profesional-waterproof-gt-44-19-pts\/\" \/>\n<meta property=\"og:site_name\" content=\"Gt Line ES\" \/>\n<meta property=\"article:publisher\" content=\"https:\/\/www.facebook.com\/gtlinesrl?locale=it_IT\" \/>\n<meta property=\"article:modified_time\" content=\"2026-04-23T03:02:28+00:00\" \/>\n<meta property=\"og:image\" content=\"https:\/\/www.gtline.com\/es\/wp-content\/uploads\/sites\/4\/2025\/05\/GT-44-19_PTS_01_8632.jpg\" \/>\n\t<meta property=\"og:image:width\" content=\"500\" \/>\n\t<meta property=\"og:image:height\" content=\"500\" \/>\n\t<meta property=\"og:image:type\" content=\"image\/jpeg\" \/>\n<meta name=\"twitter:card\" content=\"summary_large_image\" \/>\n<meta name=\"twitter:label1\" content=\"Tiempo de lectura\" \/>\n\t<meta name=\"twitter:data1\" content=\"2 minutos\" \/>\n<script type=\"application\/ld+json\" class=\"yoast-schema-graph\">{\"@context\":\"https:\\\/\\\/schema.org\",\"@graph\":[{\"@type\":\"WebPage\",\"@id\":\"https:\\\/\\\/www.gtline.com\\\/es\\\/products\\\/gt-line-maleta-profesional-waterproof-gt-44-19-pts\\\/\",\"url\":\"https:\\\/\\\/www.gtline.com\\\/es\\\/products\\\/gt-line-maleta-profesional-waterproof-gt-44-19-pts\\\/\",\"name\":\"Maleta Impermeable Profesional GT 44-19 PTS | GT Line\",\"isPartOf\":{\"@id\":\"https:\\\/\\\/www.gtline.com\\\/es\\\/#website\"},\"primaryImageOfPage\":{\"@id\":\"https:\\\/\\\/www.gtline.com\\\/es\\\/products\\\/gt-line-maleta-profesional-waterproof-gt-44-19-pts\\\/#primaryimage\"},\"image\":{\"@id\":\"https:\\\/\\\/www.gtline.com\\\/es\\\/products\\\/gt-line-maleta-profesional-waterproof-gt-44-19-pts\\\/#primaryimage\"},\"thumbnailUrl\":\"https:\\\/\\\/www.gtline.com\\\/es\\\/wp-content\\\/uploads\\\/sites\\\/4\\\/2025\\\/05\\\/GT-44-19_PTS_01_8632.jpg\",\"datePublished\":\"2025-07-21T09:53:26+00:00\",\"dateModified\":\"2026-04-23T03:02:28+00:00\",\"description\":\"Maleta impermeable GT 44-19 PTS con cierre seguro y estructura duradera para proteger herramientas frente a agua, polvo y golpes en obra.\",\"breadcrumb\":{\"@id\":\"https:\\\/\\\/www.gtline.com\\\/es\\\/products\\\/gt-line-maleta-profesional-waterproof-gt-44-19-pts\\\/#breadcrumb\"},\"inLanguage\":\"es\",\"potentialAction\":[{\"@type\":\"ReadAction\",\"target\":[\"https:\\\/\\\/www.gtline.com\\\/es\\\/products\\\/gt-line-maleta-profesional-waterproof-gt-44-19-pts\\\/\"]}]},{\"@type\":\"ImageObject\",\"inLanguage\":\"es\",\"@id\":\"https:\\\/\\\/www.gtline.com\\\/es\\\/products\\\/gt-line-maleta-profesional-waterproof-gt-44-19-pts\\\/#primaryimage\",\"url\":\"https:\\\/\\\/www.gtline.com\\\/es\\\/wp-content\\\/uploads\\\/sites\\\/4\\\/2025\\\/05\\\/GT-44-19_PTS_01_8632.jpg\",\"contentUrl\":\"https:\\\/\\\/www.gtline.com\\\/es\\\/wp-content\\\/uploads\\\/sites\\\/4\\\/2025\\\/05\\\/GT-44-19_PTS_01_8632.jpg\",\"width\":500,\"height\":500},{\"@type\":\"BreadcrumbList\",\"@id\":\"https:\\\/\\\/www.gtline.com\\\/es\\\/products\\\/gt-line-maleta-profesional-waterproof-gt-44-19-pts\\\/#breadcrumb\",\"itemListElement\":[{\"@type\":\"ListItem\",\"position\":1,\"name\":\"Home\",\"item\":\"https:\\\/\\\/www.gtline.com\\\/es\\\/\"},{\"@type\":\"ListItem\",\"position\":2,\"name\":\"Shop\",\"item\":\"https:\\\/\\\/www.gtline.com\\\/es\\\/negozio\\\/\"},{\"@type\":\"ListItem\",\"position\":3,\"name\":\"GT Line Maleta Profesional GT 44-19 PTS\"}]},{\"@type\":\"WebSite\",\"@id\":\"https:\\\/\\\/www.gtline.com\\\/es\\\/#website\",\"url\":\"https:\\\/\\\/www.gtline.com\\\/es\\\/\",\"name\":\"Gt Line\",\"description\":\"\",\"publisher\":{\"@id\":\"https:\\\/\\\/www.gtline.com\\\/es\\\/#organization\"},\"potentialAction\":[{\"@type\":\"SearchAction\",\"target\":{\"@type\":\"EntryPoint\",\"urlTemplate\":\"https:\\\/\\\/www.gtline.com\\\/es\\\/?s={search_term_string}\"},\"query-input\":{\"@type\":\"PropertyValueSpecification\",\"valueRequired\":true,\"valueName\":\"search_term_string\"}}],\"inLanguage\":\"es\"},{\"@type\":\"Organization\",\"@id\":\"https:\\\/\\\/www.gtline.com\\\/es\\\/#organization\",\"name\":\"Gt Line\",\"url\":\"https:\\\/\\\/www.gtline.com\\\/es\\\/\",\"logo\":{\"@type\":\"ImageObject\",\"inLanguage\":\"es\",\"@id\":\"https:\\\/\\\/www.gtline.com\\\/es\\\/#\\\/schema\\\/logo\\\/image\\\/\",\"url\":\"https:\\\/\\\/www.gtline.com\\\/es\\\/wp-content\\\/uploads\\\/sites\\\/4\\\/2025\\\/02\\\/logo.png\",\"contentUrl\":\"https:\\\/\\\/www.gtline.com\\\/es\\\/wp-content\\\/uploads\\\/sites\\\/4\\\/2025\\\/02\\\/logo.png\",\"width\":228,\"height\":146,\"caption\":\"Gt Line\"},\"image\":{\"@id\":\"https:\\\/\\\/www.gtline.com\\\/es\\\/#\\\/schema\\\/logo\\\/image\\\/\"},\"sameAs\":[\"https:\\\/\\\/www.facebook.com\\\/gtlinesrl?locale=it_IT\",\"https:\\\/\\\/www.instagram.com\\\/gt_line_srl\\\/\",\"https:\\\/\\\/www.youtube.com\\\/channel\\\/UCDvpkFqswNJOVFz64PkYRQQ\",\"https:\\\/\\\/www.linkedin.com\\\/company\\\/gt-line-srl\\\/\"]}]}<\/script>\n<!-- \/ Yoast SEO plugin. -->","yoast_head_json":{"title":"Maleta Impermeable Profesional GT 44-19 PTS | GT Line","description":"Maleta impermeable GT 44-19 PTS con cierre seguro y estructura duradera para proteger herramientas frente a agua, polvo y golpes en obra.","robots":{"index":"index","follow":"follow","max-snippet":"max-snippet:-1","max-image-preview":"max-image-preview:large","max-video-preview":"max-video-preview:-1"},"canonical":"https:\/\/www.gtline.com\/es\/products\/gt-line-maleta-profesional-waterproof-gt-44-19-pts\/","og_locale":"es_ES","og_type":"article","og_title":"Maleta Impermeable Profesional GT 44-19 PTS | GT Line","og_description":"Maleta impermeable GT 44-19 PTS con cierre seguro y estructura duradera para proteger herramientas frente a agua, polvo y golpes en obra.","og_url":"https:\/\/www.gtline.com\/es\/products\/gt-line-maleta-profesional-waterproof-gt-44-19-pts\/","og_site_name":"Gt Line ES","article_publisher":"https:\/\/www.facebook.com\/gtlinesrl?locale=it_IT","article_modified_time":"2026-04-23T03:02:28+00:00","og_image":[{"width":500,"height":500,"url":"https:\/\/www.gtline.com\/es\/wp-content\/uploads\/sites\/4\/2025\/05\/GT-44-19_PTS_01_8632.jpg","type":"image\/jpeg"}],"twitter_card":"summary_large_image","twitter_misc":{"Tiempo de lectura":"2 minutos"},"schema":{"@context":"https:\/\/schema.org","@graph":[{"@type":"WebPage","@id":"https:\/\/www.gtline.com\/es\/products\/gt-line-maleta-profesional-waterproof-gt-44-19-pts\/","url":"https:\/\/www.gtline.com\/es\/products\/gt-line-maleta-profesional-waterproof-gt-44-19-pts\/","name":"Maleta Impermeable Profesional GT 44-19 PTS | GT Line","isPartOf":{"@id":"https:\/\/www.gtline.com\/es\/#website"},"primaryImageOfPage":{"@id":"https:\/\/www.gtline.com\/es\/products\/gt-line-maleta-profesional-waterproof-gt-44-19-pts\/#primaryimage"},"image":{"@id":"https:\/\/www.gtline.com\/es\/products\/gt-line-maleta-profesional-waterproof-gt-44-19-pts\/#primaryimage"},"thumbnailUrl":"https:\/\/www.gtline.com\/es\/wp-content\/uploads\/sites\/4\/2025\/05\/GT-44-19_PTS_01_8632.jpg","datePublished":"2025-07-21T09:53:26+00:00","dateModified":"2026-04-23T03:02:28+00:00","description":"Maleta impermeable GT 44-19 PTS con cierre seguro y estructura duradera para proteger herramientas frente a agua, polvo y golpes en obra.","breadcrumb":{"@id":"https:\/\/www.gtline.com\/es\/products\/gt-line-maleta-profesional-waterproof-gt-44-19-pts\/#breadcrumb"},"inLanguage":"es","potentialAction":[{"@type":"ReadAction","target":["https:\/\/www.gtline.com\/es\/products\/gt-line-maleta-profesional-waterproof-gt-44-19-pts\/"]}]},{"@type":"ImageObject","inLanguage":"es","@id":"https:\/\/www.gtline.com\/es\/products\/gt-line-maleta-profesional-waterproof-gt-44-19-pts\/#primaryimage","url":"https:\/\/www.gtline.com\/es\/wp-content\/uploads\/sites\/4\/2025\/05\/GT-44-19_PTS_01_8632.jpg","contentUrl":"https:\/\/www.gtline.com\/es\/wp-content\/uploads\/sites\/4\/2025\/05\/GT-44-19_PTS_01_8632.jpg","width":500,"height":500},{"@type":"BreadcrumbList","@id":"https:\/\/www.gtline.com\/es\/products\/gt-line-maleta-profesional-waterproof-gt-44-19-pts\/#breadcrumb","itemListElement":[{"@type":"ListItem","position":1,"name":"Home","item":"https:\/\/www.gtline.com\/es\/"},{"@type":"ListItem","position":2,"name":"Shop","item":"https:\/\/www.gtline.com\/es\/negozio\/"},{"@type":"ListItem","position":3,"name":"GT Line Maleta Profesional GT 44-19 PTS"}]},{"@type":"WebSite","@id":"https:\/\/www.gtline.com\/es\/#website","url":"https:\/\/www.gtline.com\/es\/","name":"Gt Line","description":"","publisher":{"@id":"https:\/\/www.gtline.com\/es\/#organization"},"potentialAction":[{"@type":"SearchAction","target":{"@type":"EntryPoint","urlTemplate":"https:\/\/www.gtline.com\/es\/?s={search_term_string}"},"query-input":{"@type":"PropertyValueSpecification","valueRequired":true,"valueName":"search_term_string"}}],"inLanguage":"es"},{"@type":"Organization","@id":"https:\/\/www.gtline.com\/es\/#organization","name":"Gt Line","url":"https:\/\/www.gtline.com\/es\/","logo":{"@type":"ImageObject","inLanguage":"es","@id":"https:\/\/www.gtline.com\/es\/#\/schema\/logo\/image\/","url":"https:\/\/www.gtline.com\/es\/wp-content\/uploads\/sites\/4\/2025\/02\/logo.png","contentUrl":"https:\/\/www.gtline.com\/es\/wp-content\/uploads\/sites\/4\/2025\/02\/logo.png","width":228,"height":146,"caption":"Gt Line"},"image":{"@id":"https:\/\/www.gtline.com\/es\/#\/schema\/logo\/image\/"},"sameAs":["https:\/\/www.facebook.com\/gtlinesrl?locale=it_IT","https:\/\/www.instagram.com\/gt_line_srl\/","https:\/\/www.youtube.com\/channel\/UCDvpkFqswNJOVFz64PkYRQQ","https:\/\/www.linkedin.com\/company\/gt-line-srl\/"]}]}},"_links":{"self":[{"href":"https:\/\/www.gtline.com\/es\/wp-json\/wp\/v2\/product\/15996","targetHints":{"allow":["GET"]}}],"collection":[{"href":"https:\/\/www.gtline.com\/es\/wp-json\/wp\/v2\/product"}],"about":[{"href":"https:\/\/www.gtline.com\/es\/wp-json\/wp\/v2\/types\/product"}],"replies":[{"embeddable":true,"href":"https:\/\/www.gtline.com\/es\/wp-json\/wp\/v2\/comments?post=15996"}],"version-history":[{"count":4,"href":"https:\/\/www.gtline.com\/es\/wp-json\/wp\/v2\/product\/15996\/revisions"}],"predecessor-version":[{"id":22894,"href":"https:\/\/www.gtline.com\/es\/wp-json\/wp\/v2\/product\/15996\/revisions\/22894"}],"wp:featuredmedia":[{"embeddable":true,"href":"https:\/\/www.gtline.com\/es\/wp-json\/wp\/v2\/media\/6990"}],"wp:attachment":[{"href":"https:\/\/www.gtline.com\/es\/wp-json\/wp\/v2\/media?parent=15996"}],"wp:term":[{"taxonomy":"product_brand","embeddable":true,"href":"https:\/\/www.gtline.com\/es\/wp-json\/wp\/v2\/product_brand?post=15996"},{"taxonomy":"product_cat","embeddable":true,"href":"https:\/\/www.gtline.com\/es\/wp-json\/wp\/v2\/product_cat?post=15996"},{"taxonomy":"product_tag","embeddable":true,"href":"https:\/\/www.gtline.com\/es\/wp-json\/wp\/v2\/product_tag?post=15996"}],"curies":[{"name":"wp","href":"https:\/\/api.w.org\/{rel}","templated":true}]}}