{"id":15997,"date":"2025-07-21T09:59:22","date_gmt":"2025-07-21T09:59:22","guid":{"rendered":"https:\/\/www.gtline.com\/es\/prodotto\/gt-line-trolley-porta-herramientas-ai1\/"},"modified":"2026-04-17T03:11:52","modified_gmt":"2026-04-17T03:11:52","slug":"gt-line-trolley-porta-herramientas-ai1","status":"publish","type":"product","link":"https:\/\/www.gtline.com\/es\/products\/gt-line-trolley-porta-herramientas-ai1\/","title":{"rendered":"GT Line Trolley Porta herramientas AI1"},"content":{"rendered":"<p>1. M\u00e1xima resistencia y durabilidad en todas las condiciones. <br \/> <br \/>\nEl polipropileno resistente a los impactos garantiza una protecci\u00f3n eficaz contra los impactos, el polvo, el agua, las temperaturas extremas y los agentes corrosivos, garantizando la m\u00e1xima seguridad para sus herramientas.  <\/p>\n<p>2. Sistema de transporte ergon\u00f3mico y silencioso. <br \/> <br \/>\nEl asa telesc\u00f3pica combinada con 4 ruedas autolubricantes hace que el carro sea f\u00e1cil de maniobrar incluso cuando est\u00e1 completamente cargado, ideal para el movimiento frecuente en cualquier tipo de superficie.  <\/p>\n<p>3. Organizaci\u00f3n interna flexible e inteligente. <br \/> <br \/>\nLa bandeja superior extra\u00edble y los 5 cajones de piezas peque\u00f1as (mod. WL01, WL02, WL04) proporcionan un espacio interno organizado, lo que permite un acceso r\u00e1pido y una gesti\u00f3n precisa de la herramienta.  <\/p>\n<p>4. Modularidad avanzada para configuraciones personalizadas. <br \/> <br \/>\nGracias al sistema de acoplamiento patentado para m\u00f3dulos AI1MOD y a la compatibilidad con los cajones AIDRAW (disponibles en 3 alturas y varias configuraciones), es posible crear una caja de herramientas perfectamente personalizada.  <\/p>\n<p>5. Seguridad mejorada para la protecci\u00f3n de la herramienta. <br \/> <br \/>\nCierre centralizado con llave, dos cerraduras en la tapa delantera y dos en la parte superior. Preparado para candados adicionales y tapas extra\u00edbles con cierre de seguridad para evitar aperturas accidentales.  <\/p>\n<p>6. Identificaci\u00f3n r\u00e1pida y profesional. <br \/> <br \/>\nEtiqueta adhesiva para la identificaci\u00f3n del contenido y soporte de etiqueta de identificaci\u00f3n integrado para el reconocimiento inmediato en entornos aeroportuarios o log\u00edsticos.  <\/p>\n<p>7. Compacto pero extremadamente espacioso. <br \/> <br \/>\nCon unas dimensiones exteriores de 585 x 389,2 x 466 mm y un peso contenido de 10,85 kg, el carro AI1 ofrece un excelente equilibrio entre compacidad y capacidad de carga, ideal para el transporte a\u00e9reo y el uso diario.  <\/p>\n<p>8. Caja de herramientas profesional avanzada. <br \/> <br \/>\nLa estructura apilable, la capacidad de configurar los espacios internos y la amplia gama de accesorios disponibles hacen de AI1 uno de los estuches de herramientas m\u00e1s avanzados y vers\u00e1tiles del mercado.<\/p>\n","protected":false},"excerpt":{"rendered":"<p>El carro de herramientas AI1 es el contenedor profesional ideal para aquellos que trabajan en movimiento y necesitan una caja de herramientas s\u00f3lida, espaciosa y perfectamente organizada. Fabricado en polipropileno de alta resistencia con tecnolog\u00eda de moldeo por inyecci\u00f3n, ofrece ligereza, protecci\u00f3n y durabilidad incluso en las condiciones de trabajo m\u00e1s extremas. Este malet\u00edn profesional se vende vac\u00edo y se puede personalizar con una de las 10 configuraciones est\u00e1ndar posibles gracias a la amplia gama de accesorios y est\u00e1 equipado con una bandeja extra\u00edble, cerraduras reforzadas y un sistema de transporte ergon\u00f3mico con 4 ruedas robustas y asa telesc\u00f3pica. AI1 es la elecci\u00f3n perfecta para t\u00e9cnicos, t\u00e9cnicos de mantenimiento, instaladores y operadores de los sectores aeron\u00e1utico, industrial y de la construcci\u00f3n que necesitan un malet\u00edn de herramientas vers\u00e1til, personalizable y listo para usar.<\/p>\n","protected":false},"featured_media":9101,"comment_status":"open","ping_status":"closed","template":"","meta":{"_acf_changed":false},"product_brand":[],"product_cat":[229],"product_tag":[],"class_list":{"0":"post-15997","1":"product","2":"type-product","3":"status-publish","4":"has-post-thumbnail","6":"product_cat-tool-chest","7":"pa_aplicaciones-maletas-y-bolsas-para-el-sector-aeroespacial-mro","8":"pa_aplicaciones-maletas-y-bolsas-para-electricistas","9":"pa_aplicaciones-maletas-y-bolsas-para-fontaneros","10":"pa_aplicaciones-maletas-y-bolsas-para-mantenedores","11":"pa_aplicaciones-maletas-y-bolsas-para-tecnicos-de-campo","12":"pa_tipo-de-producto-maletas-para-herramientas","13":"pa_tipo-de-producto-all-in-one-modular-system","15":"first","16":"instock","17":"shipping-taxable","18":"purchasable","19":"product-type-simple"},"acf":[],"yoast_head":"<!-- This site is optimized with the Yoast SEO plugin v25.4 - https:\/\/yoast.com\/wordpress\/plugins\/seo\/ -->\n<title>Trolley Porta Herramientas AI1 | GT Line<\/title>\n<meta name=\"description\" content=\"Trolley porta herramientas AI1 con ruedas s\u00f3lidas, gran capacidad interna y organizaci\u00f3n eficiente para intervenci\u00f3n t\u00e9cnica profesional continua.\" \/>\n<meta name=\"robots\" content=\"index, follow, max-snippet:-1, max-image-preview:large, max-video-preview:-1\" \/>\n<link rel=\"canonical\" href=\"https:\/\/www.gtline.com\/es\/products\/gt-line-trolley-porta-herramientas-ai1\/\" \/>\n<meta property=\"og:locale\" content=\"es_ES\" \/>\n<meta property=\"og:type\" content=\"article\" \/>\n<meta property=\"og:title\" content=\"Trolley Porta Herramientas AI1 | GT Line\" \/>\n<meta property=\"og:description\" content=\"Trolley porta herramientas AI1 con ruedas s\u00f3lidas, gran capacidad interna y organizaci\u00f3n eficiente para intervenci\u00f3n t\u00e9cnica profesional continua.\" \/>\n<meta property=\"og:url\" content=\"https:\/\/www.gtline.com\/es\/products\/gt-line-trolley-porta-herramientas-ai1\/\" \/>\n<meta property=\"og:site_name\" content=\"Gt Line ES\" \/>\n<meta property=\"article:publisher\" content=\"https:\/\/www.facebook.com\/gtlinesrl?locale=it_IT\" \/>\n<meta property=\"article:modified_time\" content=\"2026-04-17T03:11:52+00:00\" \/>\n<meta property=\"og:image\" content=\"https:\/\/www.gtline.com\/es\/wp-content\/uploads\/sites\/4\/2025\/05\/AI1_01_9097.jpg\" \/>\n\t<meta property=\"og:image:width\" content=\"500\" \/>\n\t<meta property=\"og:image:height\" content=\"500\" \/>\n\t<meta property=\"og:image:type\" content=\"image\/jpeg\" \/>\n<meta name=\"twitter:card\" content=\"summary_large_image\" \/>\n<meta name=\"twitter:label1\" content=\"Tiempo de lectura\" \/>\n\t<meta name=\"twitter:data1\" content=\"2 minutos\" \/>\n<script type=\"application\/ld+json\" class=\"yoast-schema-graph\">{\"@context\":\"https:\/\/schema.org\",\"@graph\":[{\"@type\":\"WebPage\",\"@id\":\"https:\/\/www.gtline.com\/es\/products\/gt-line-trolley-porta-herramientas-ai1\/\",\"url\":\"https:\/\/www.gtline.com\/es\/products\/gt-line-trolley-porta-herramientas-ai1\/\",\"name\":\"Trolley Porta Herramientas AI1 | GT Line\",\"isPartOf\":{\"@id\":\"https:\/\/www.gtline.com\/es\/#website\"},\"primaryImageOfPage\":{\"@id\":\"https:\/\/www.gtline.com\/es\/products\/gt-line-trolley-porta-herramientas-ai1\/#primaryimage\"},\"image\":{\"@id\":\"https:\/\/www.gtline.com\/es\/products\/gt-line-trolley-porta-herramientas-ai1\/#primaryimage\"},\"thumbnailUrl\":\"https:\/\/www.gtline.com\/es\/wp-content\/uploads\/sites\/4\/2025\/05\/AI1_01_9097.jpg\",\"datePublished\":\"2025-07-21T09:59:22+00:00\",\"dateModified\":\"2026-04-17T03:11:52+00:00\",\"description\":\"Trolley porta herramientas AI1 con ruedas s\u00f3lidas, gran capacidad interna y organizaci\u00f3n eficiente para intervenci\u00f3n t\u00e9cnica profesional continua.\",\"breadcrumb\":{\"@id\":\"https:\/\/www.gtline.com\/es\/products\/gt-line-trolley-porta-herramientas-ai1\/#breadcrumb\"},\"inLanguage\":\"es\",\"potentialAction\":[{\"@type\":\"ReadAction\",\"target\":[\"https:\/\/www.gtline.com\/es\/products\/gt-line-trolley-porta-herramientas-ai1\/\"]}]},{\"@type\":\"ImageObject\",\"inLanguage\":\"es\",\"@id\":\"https:\/\/www.gtline.com\/es\/products\/gt-line-trolley-porta-herramientas-ai1\/#primaryimage\",\"url\":\"https:\/\/www.gtline.com\/es\/wp-content\/uploads\/sites\/4\/2025\/05\/AI1_01_9097.jpg\",\"contentUrl\":\"https:\/\/www.gtline.com\/es\/wp-content\/uploads\/sites\/4\/2025\/05\/AI1_01_9097.jpg\",\"width\":500,\"height\":500},{\"@type\":\"BreadcrumbList\",\"@id\":\"https:\/\/www.gtline.com\/es\/products\/gt-line-trolley-porta-herramientas-ai1\/#breadcrumb\",\"itemListElement\":[{\"@type\":\"ListItem\",\"position\":1,\"name\":\"Home\",\"item\":\"https:\/\/www.gtline.com\/es\/\"},{\"@type\":\"ListItem\",\"position\":2,\"name\":\"Shop\",\"item\":\"https:\/\/www.gtline.com\/es\/negozio\/\"},{\"@type\":\"ListItem\",\"position\":3,\"name\":\"GT Line Trolley Porta herramientas AI1\"}]},{\"@type\":\"WebSite\",\"@id\":\"https:\/\/www.gtline.com\/es\/#website\",\"url\":\"https:\/\/www.gtline.com\/es\/\",\"name\":\"Gt Line\",\"description\":\"\",\"publisher\":{\"@id\":\"https:\/\/www.gtline.com\/es\/#organization\"},\"potentialAction\":[{\"@type\":\"SearchAction\",\"target\":{\"@type\":\"EntryPoint\",\"urlTemplate\":\"https:\/\/www.gtline.com\/es\/?s={search_term_string}\"},\"query-input\":{\"@type\":\"PropertyValueSpecification\",\"valueRequired\":true,\"valueName\":\"search_term_string\"}}],\"inLanguage\":\"es\"},{\"@type\":\"Organization\",\"@id\":\"https:\/\/www.gtline.com\/es\/#organization\",\"name\":\"Gt Line\",\"url\":\"https:\/\/www.gtline.com\/es\/\",\"logo\":{\"@type\":\"ImageObject\",\"inLanguage\":\"es\",\"@id\":\"https:\/\/www.gtline.com\/es\/#\/schema\/logo\/image\/\",\"url\":\"https:\/\/www.gtline.com\/es\/wp-content\/uploads\/sites\/4\/2025\/02\/logo.png\",\"contentUrl\":\"https:\/\/www.gtline.com\/es\/wp-content\/uploads\/sites\/4\/2025\/02\/logo.png\",\"width\":228,\"height\":146,\"caption\":\"Gt Line\"},\"image\":{\"@id\":\"https:\/\/www.gtline.com\/es\/#\/schema\/logo\/image\/\"},\"sameAs\":[\"https:\/\/www.facebook.com\/gtlinesrl?locale=it_IT\",\"https:\/\/www.instagram.com\/gt_line_srl\/\",\"https:\/\/www.youtube.com\/channel\/UCDvpkFqswNJOVFz64PkYRQQ\",\"https:\/\/www.linkedin.com\/company\/gt-line-srl\/\"]}]}<\/script>\n<!-- \/ Yoast SEO plugin. -->","yoast_head_json":{"title":"Trolley Porta Herramientas AI1 | GT Line","description":"Trolley porta herramientas AI1 con ruedas s\u00f3lidas, gran capacidad interna y organizaci\u00f3n eficiente para intervenci\u00f3n t\u00e9cnica profesional continua.","robots":{"index":"index","follow":"follow","max-snippet":"max-snippet:-1","max-image-preview":"max-image-preview:large","max-video-preview":"max-video-preview:-1"},"canonical":"https:\/\/www.gtline.com\/es\/products\/gt-line-trolley-porta-herramientas-ai1\/","og_locale":"es_ES","og_type":"article","og_title":"Trolley Porta Herramientas AI1 | GT Line","og_description":"Trolley porta herramientas AI1 con ruedas s\u00f3lidas, gran capacidad interna y organizaci\u00f3n eficiente para intervenci\u00f3n t\u00e9cnica profesional continua.","og_url":"https:\/\/www.gtline.com\/es\/products\/gt-line-trolley-porta-herramientas-ai1\/","og_site_name":"Gt Line ES","article_publisher":"https:\/\/www.facebook.com\/gtlinesrl?locale=it_IT","article_modified_time":"2026-04-17T03:11:52+00:00","og_image":[{"width":500,"height":500,"url":"https:\/\/www.gtline.com\/es\/wp-content\/uploads\/sites\/4\/2025\/05\/AI1_01_9097.jpg","type":"image\/jpeg"}],"twitter_card":"summary_large_image","twitter_misc":{"Tiempo de lectura":"2 minutos"},"schema":{"@context":"https:\/\/schema.org","@graph":[{"@type":"WebPage","@id":"https:\/\/www.gtline.com\/es\/products\/gt-line-trolley-porta-herramientas-ai1\/","url":"https:\/\/www.gtline.com\/es\/products\/gt-line-trolley-porta-herramientas-ai1\/","name":"Trolley Porta Herramientas AI1 | GT Line","isPartOf":{"@id":"https:\/\/www.gtline.com\/es\/#website"},"primaryImageOfPage":{"@id":"https:\/\/www.gtline.com\/es\/products\/gt-line-trolley-porta-herramientas-ai1\/#primaryimage"},"image":{"@id":"https:\/\/www.gtline.com\/es\/products\/gt-line-trolley-porta-herramientas-ai1\/#primaryimage"},"thumbnailUrl":"https:\/\/www.gtline.com\/es\/wp-content\/uploads\/sites\/4\/2025\/05\/AI1_01_9097.jpg","datePublished":"2025-07-21T09:59:22+00:00","dateModified":"2026-04-17T03:11:52+00:00","description":"Trolley porta herramientas AI1 con ruedas s\u00f3lidas, gran capacidad interna y organizaci\u00f3n eficiente para intervenci\u00f3n t\u00e9cnica profesional continua.","breadcrumb":{"@id":"https:\/\/www.gtline.com\/es\/products\/gt-line-trolley-porta-herramientas-ai1\/#breadcrumb"},"inLanguage":"es","potentialAction":[{"@type":"ReadAction","target":["https:\/\/www.gtline.com\/es\/products\/gt-line-trolley-porta-herramientas-ai1\/"]}]},{"@type":"ImageObject","inLanguage":"es","@id":"https:\/\/www.gtline.com\/es\/products\/gt-line-trolley-porta-herramientas-ai1\/#primaryimage","url":"https:\/\/www.gtline.com\/es\/wp-content\/uploads\/sites\/4\/2025\/05\/AI1_01_9097.jpg","contentUrl":"https:\/\/www.gtline.com\/es\/wp-content\/uploads\/sites\/4\/2025\/05\/AI1_01_9097.jpg","width":500,"height":500},{"@type":"BreadcrumbList","@id":"https:\/\/www.gtline.com\/es\/products\/gt-line-trolley-porta-herramientas-ai1\/#breadcrumb","itemListElement":[{"@type":"ListItem","position":1,"name":"Home","item":"https:\/\/www.gtline.com\/es\/"},{"@type":"ListItem","position":2,"name":"Shop","item":"https:\/\/www.gtline.com\/es\/negozio\/"},{"@type":"ListItem","position":3,"name":"GT Line Trolley Porta herramientas AI1"}]},{"@type":"WebSite","@id":"https:\/\/www.gtline.com\/es\/#website","url":"https:\/\/www.gtline.com\/es\/","name":"Gt Line","description":"","publisher":{"@id":"https:\/\/www.gtline.com\/es\/#organization"},"potentialAction":[{"@type":"SearchAction","target":{"@type":"EntryPoint","urlTemplate":"https:\/\/www.gtline.com\/es\/?s={search_term_string}"},"query-input":{"@type":"PropertyValueSpecification","valueRequired":true,"valueName":"search_term_string"}}],"inLanguage":"es"},{"@type":"Organization","@id":"https:\/\/www.gtline.com\/es\/#organization","name":"Gt Line","url":"https:\/\/www.gtline.com\/es\/","logo":{"@type":"ImageObject","inLanguage":"es","@id":"https:\/\/www.gtline.com\/es\/#\/schema\/logo\/image\/","url":"https:\/\/www.gtline.com\/es\/wp-content\/uploads\/sites\/4\/2025\/02\/logo.png","contentUrl":"https:\/\/www.gtline.com\/es\/wp-content\/uploads\/sites\/4\/2025\/02\/logo.png","width":228,"height":146,"caption":"Gt Line"},"image":{"@id":"https:\/\/www.gtline.com\/es\/#\/schema\/logo\/image\/"},"sameAs":["https:\/\/www.facebook.com\/gtlinesrl?locale=it_IT","https:\/\/www.instagram.com\/gt_line_srl\/","https:\/\/www.youtube.com\/channel\/UCDvpkFqswNJOVFz64PkYRQQ","https:\/\/www.linkedin.com\/company\/gt-line-srl\/"]}]}},"_links":{"self":[{"href":"https:\/\/www.gtline.com\/es\/wp-json\/wp\/v2\/product\/15997","targetHints":{"allow":["GET"]}}],"collection":[{"href":"https:\/\/www.gtline.com\/es\/wp-json\/wp\/v2\/product"}],"about":[{"href":"https:\/\/www.gtline.com\/es\/wp-json\/wp\/v2\/types\/product"}],"replies":[{"embeddable":true,"href":"https:\/\/www.gtline.com\/es\/wp-json\/wp\/v2\/comments?post=15997"}],"version-history":[{"count":3,"href":"https:\/\/www.gtline.com\/es\/wp-json\/wp\/v2\/product\/15997\/revisions"}],"predecessor-version":[{"id":23123,"href":"https:\/\/www.gtline.com\/es\/wp-json\/wp\/v2\/product\/15997\/revisions\/23123"}],"wp:featuredmedia":[{"embeddable":true,"href":"https:\/\/www.gtline.com\/es\/wp-json\/wp\/v2\/media\/9101"}],"wp:attachment":[{"href":"https:\/\/www.gtline.com\/es\/wp-json\/wp\/v2\/media?parent=15997"}],"wp:term":[{"taxonomy":"product_brand","embeddable":true,"href":"https:\/\/www.gtline.com\/es\/wp-json\/wp\/v2\/product_brand?post=15997"},{"taxonomy":"product_cat","embeddable":true,"href":"https:\/\/www.gtline.com\/es\/wp-json\/wp\/v2\/product_cat?post=15997"},{"taxonomy":"product_tag","embeddable":true,"href":"https:\/\/www.gtline.com\/es\/wp-json\/wp\/v2\/product_tag?post=15997"}],"curies":[{"name":"wp","href":"https:\/\/api.w.org\/{rel}","templated":true}]}}