{"id":16030,"date":"2025-07-21T10:17:54","date_gmt":"2025-07-21T10:17:54","guid":{"rendered":"https:\/\/www.gtline.com\/es\/prodotto\/gt-line-trolley-profesional-atomik-wh-pel\/"},"modified":"2026-04-17T03:01:05","modified_gmt":"2026-04-17T03:01:05","slug":"gt-line-trolley-profesional-atomik-wh-pel","status":"publish","type":"product","link":"https:\/\/www.gtline.com\/es\/products\/gt-line-trolley-profesional-atomik-wh-pel\/","title":{"rendered":"GT Line Trolley Profesional Atomik WH PEL"},"content":{"rendered":"<p>1. Protecci\u00f3n duradera en entornos de trabajo hostiles. <\/p>\n<p>El polipropileno de paredes gruesas ofrece una alta resistencia a los impactos, las sustancias corrosivas y las temperaturas extremas, lo que garantiza que la carcasa resista incluso las condiciones m\u00e1s exigentes. <\/p>\n<p>2. Esquinas reforzadas y protecci\u00f3n uniforme contra impactos. <\/p>\n<p>El moldeo por inyecci\u00f3n crea una estructura s\u00f3lida con esquinas reforzadas que brindan una protecci\u00f3n constante en toda la caja, minimizando el da\u00f1o por estr\u00e9s o impactos diarios. <\/p>\n<p>3. Organizaci\u00f3n interna \u00f3ptima y acceso r\u00e1pido a las herramientas, con paneles de herramientas dobles con soportes el\u00e1sticos. <\/p>\n<p>Los divisores ajustables y extra\u00edbles y las opciones de panel el\u00e1stico permiten una f\u00e1cil personalizaci\u00f3n del interior y un acceso r\u00e1pido a las herramientas y accesorios. <\/p>\n<p>4. Protecci\u00f3n avanzada contra accesos no autorizados. <\/p>\n<p>Las cerraduras con llave y las bisagras met\u00e1licas reforzadas ofrecen un cierre seguro, protegiendo sus herramientas de la manipulaci\u00f3n. <\/p>\n<p>5. Transporte c\u00f3modo y f\u00e1cil incluso a largas distancias. <\/p>\n<p>El mango ergon\u00f3mico recubierto de goma garantiza un manejo c\u00f3modo, mientras que las ruedas con rodamientos de bolas hacen que el transporte sea suave y sin esfuerzo. <br \/> 6. R\u00e1pida identificaci\u00f3n y \u00f3ptima gesti\u00f3n de accesorios. <\/p>\n<p>El soporte para etiquetas de identificaci\u00f3n garantiza una identificaci\u00f3n r\u00e1pida, y el panel adicional y el bolsillo para documentos integrado proporcionan espacio para organizar el papeleo, las tarjetas de visita y otros accesorios. <\/p>\n<p>7. Compacto y f\u00e1cil de transportar. <\/p>\n<p>El malet\u00edn est\u00e1 dise\u00f1ado para ser f\u00e1cilmente guardado y transportado, ideal para profesionales en movimiento que a\u00fan requieren la m\u00e1xima protecci\u00f3n para sus herramientas.\u00a0<\/p><\/p>\n","protected":false},"excerpt":{"rendered":"<p>El malet\u00edn Atomik WH es la soluci\u00f3n perfecta para profesionales viajeros que necesitan seguridad, durabilidad y organizaci\u00f3n,<br \/> junto con comodidad durante sus desplazamientos.<br \/> Fabricado en polipropileno grueso mediante tecnolog\u00eda de moldeo por inyecci\u00f3n,<br \/> garantiza protecci\u00f3n contra impactos, sustancias corrosivas y temperaturas extremas.<br \/> Dise\u00f1ado para los profesionales m\u00e1s exigentes, ofrece protecci\u00f3n duradera, organizaci\u00f3n \u00f3ptima y facilidad de uso.<\/p>\n","protected":false},"featured_media":8476,"comment_status":"open","ping_status":"closed","template":"","meta":{"_acf_changed":false},"product_brand":[],"product_cat":[232],"product_tag":[],"class_list":{"0":"post-16030","1":"product","2":"type-product","3":"status-publish","4":"has-post-thumbnail","6":"product_cat-atomik","7":"pa_aplicaciones-maletas-y-bolsas-para-electricistas","8":"pa_aplicaciones-maletas-y-bolsas-para-fontaneros","9":"pa_aplicaciones-maletas-y-bolsas-para-mantenedores","10":"pa_aplicaciones-maletas-y-bolsas-para-tecnicos-de-campo","11":"pa_tipo-de-producto-maletas-para-herramientas","13":"first","14":"instock","15":"shipping-taxable","16":"purchasable","17":"product-type-simple"},"acf":[],"yoast_head":"<!-- This site is optimized with the Yoast SEO plugin v25.4 - https:\/\/yoast.com\/wordpress\/plugins\/seo\/ -->\n<title>Trolley para Herramientas Atomik WH PEL | GT Line<\/title>\n<meta name=\"description\" content=\"Trolley para herramientas Atomik WH PEL con ruedas resistentes, organizaci\u00f3n interna y protecci\u00f3n avanzada para uso intensivo profesional.\" \/>\n<meta name=\"robots\" content=\"index, follow, max-snippet:-1, max-image-preview:large, max-video-preview:-1\" \/>\n<link rel=\"canonical\" href=\"https:\/\/www.gtline.com\/es\/products\/gt-line-trolley-profesional-atomik-wh-pel\/\" \/>\n<meta property=\"og:locale\" content=\"es_ES\" \/>\n<meta property=\"og:type\" content=\"article\" \/>\n<meta property=\"og:title\" content=\"Trolley para Herramientas Atomik WH PEL | GT Line\" \/>\n<meta property=\"og:description\" content=\"Trolley para herramientas Atomik WH PEL con ruedas resistentes, organizaci\u00f3n interna y protecci\u00f3n avanzada para uso intensivo profesional.\" \/>\n<meta property=\"og:url\" content=\"https:\/\/www.gtline.com\/es\/products\/gt-line-trolley-profesional-atomik-wh-pel\/\" \/>\n<meta property=\"og:site_name\" content=\"Gt Line ES\" \/>\n<meta property=\"article:publisher\" content=\"https:\/\/www.facebook.com\/gtlinesrl?locale=it_IT\" \/>\n<meta property=\"article:modified_time\" content=\"2026-04-17T03:01:05+00:00\" \/>\n<meta property=\"og:image\" content=\"https:\/\/www.gtline.com\/es\/wp-content\/uploads\/sites\/4\/2025\/05\/ATOMIK-WH_PEL_01_8576.jpg\" \/>\n\t<meta property=\"og:image:width\" content=\"500\" \/>\n\t<meta property=\"og:image:height\" content=\"500\" \/>\n\t<meta property=\"og:image:type\" content=\"image\/jpeg\" \/>\n<meta name=\"twitter:card\" content=\"summary_large_image\" \/>\n<meta name=\"twitter:label1\" content=\"Tiempo de lectura\" \/>\n\t<meta name=\"twitter:data1\" content=\"2 minutos\" \/>\n<script type=\"application\/ld+json\" class=\"yoast-schema-graph\">{\"@context\":\"https:\/\/schema.org\",\"@graph\":[{\"@type\":\"WebPage\",\"@id\":\"https:\/\/www.gtline.com\/es\/products\/gt-line-trolley-profesional-atomik-wh-pel\/\",\"url\":\"https:\/\/www.gtline.com\/es\/products\/gt-line-trolley-profesional-atomik-wh-pel\/\",\"name\":\"Trolley para Herramientas Atomik WH PEL | GT Line\",\"isPartOf\":{\"@id\":\"https:\/\/www.gtline.com\/es\/#website\"},\"primaryImageOfPage\":{\"@id\":\"https:\/\/www.gtline.com\/es\/products\/gt-line-trolley-profesional-atomik-wh-pel\/#primaryimage\"},\"image\":{\"@id\":\"https:\/\/www.gtline.com\/es\/products\/gt-line-trolley-profesional-atomik-wh-pel\/#primaryimage\"},\"thumbnailUrl\":\"https:\/\/www.gtline.com\/es\/wp-content\/uploads\/sites\/4\/2025\/05\/ATOMIK-WH_PEL_01_8576.jpg\",\"datePublished\":\"2025-07-21T10:17:54+00:00\",\"dateModified\":\"2026-04-17T03:01:05+00:00\",\"description\":\"Trolley para herramientas Atomik WH PEL con ruedas resistentes, organizaci\u00f3n interna y protecci\u00f3n avanzada para uso intensivo profesional.\",\"breadcrumb\":{\"@id\":\"https:\/\/www.gtline.com\/es\/products\/gt-line-trolley-profesional-atomik-wh-pel\/#breadcrumb\"},\"inLanguage\":\"es\",\"potentialAction\":[{\"@type\":\"ReadAction\",\"target\":[\"https:\/\/www.gtline.com\/es\/products\/gt-line-trolley-profesional-atomik-wh-pel\/\"]}]},{\"@type\":\"ImageObject\",\"inLanguage\":\"es\",\"@id\":\"https:\/\/www.gtline.com\/es\/products\/gt-line-trolley-profesional-atomik-wh-pel\/#primaryimage\",\"url\":\"https:\/\/www.gtline.com\/es\/wp-content\/uploads\/sites\/4\/2025\/05\/ATOMIK-WH_PEL_01_8576.jpg\",\"contentUrl\":\"https:\/\/www.gtline.com\/es\/wp-content\/uploads\/sites\/4\/2025\/05\/ATOMIK-WH_PEL_01_8576.jpg\",\"width\":500,\"height\":500},{\"@type\":\"BreadcrumbList\",\"@id\":\"https:\/\/www.gtline.com\/es\/products\/gt-line-trolley-profesional-atomik-wh-pel\/#breadcrumb\",\"itemListElement\":[{\"@type\":\"ListItem\",\"position\":1,\"name\":\"Home\",\"item\":\"https:\/\/www.gtline.com\/es\/\"},{\"@type\":\"ListItem\",\"position\":2,\"name\":\"Shop\",\"item\":\"https:\/\/www.gtline.com\/es\/negozio\/\"},{\"@type\":\"ListItem\",\"position\":3,\"name\":\"GT Line Trolley Profesional Atomik WH PEL\"}]},{\"@type\":\"WebSite\",\"@id\":\"https:\/\/www.gtline.com\/es\/#website\",\"url\":\"https:\/\/www.gtline.com\/es\/\",\"name\":\"Gt Line\",\"description\":\"\",\"publisher\":{\"@id\":\"https:\/\/www.gtline.com\/es\/#organization\"},\"potentialAction\":[{\"@type\":\"SearchAction\",\"target\":{\"@type\":\"EntryPoint\",\"urlTemplate\":\"https:\/\/www.gtline.com\/es\/?s={search_term_string}\"},\"query-input\":{\"@type\":\"PropertyValueSpecification\",\"valueRequired\":true,\"valueName\":\"search_term_string\"}}],\"inLanguage\":\"es\"},{\"@type\":\"Organization\",\"@id\":\"https:\/\/www.gtline.com\/es\/#organization\",\"name\":\"Gt Line\",\"url\":\"https:\/\/www.gtline.com\/es\/\",\"logo\":{\"@type\":\"ImageObject\",\"inLanguage\":\"es\",\"@id\":\"https:\/\/www.gtline.com\/es\/#\/schema\/logo\/image\/\",\"url\":\"https:\/\/www.gtline.com\/es\/wp-content\/uploads\/sites\/4\/2025\/02\/logo.png\",\"contentUrl\":\"https:\/\/www.gtline.com\/es\/wp-content\/uploads\/sites\/4\/2025\/02\/logo.png\",\"width\":228,\"height\":146,\"caption\":\"Gt Line\"},\"image\":{\"@id\":\"https:\/\/www.gtline.com\/es\/#\/schema\/logo\/image\/\"},\"sameAs\":[\"https:\/\/www.facebook.com\/gtlinesrl?locale=it_IT\",\"https:\/\/www.instagram.com\/gt_line_srl\/\",\"https:\/\/www.youtube.com\/channel\/UCDvpkFqswNJOVFz64PkYRQQ\",\"https:\/\/www.linkedin.com\/company\/gt-line-srl\/\"]}]}<\/script>\n<!-- \/ Yoast SEO plugin. -->","yoast_head_json":{"title":"Trolley para Herramientas Atomik WH PEL | GT Line","description":"Trolley para herramientas Atomik WH PEL con ruedas resistentes, organizaci\u00f3n interna y protecci\u00f3n avanzada para uso intensivo profesional.","robots":{"index":"index","follow":"follow","max-snippet":"max-snippet:-1","max-image-preview":"max-image-preview:large","max-video-preview":"max-video-preview:-1"},"canonical":"https:\/\/www.gtline.com\/es\/products\/gt-line-trolley-profesional-atomik-wh-pel\/","og_locale":"es_ES","og_type":"article","og_title":"Trolley para Herramientas Atomik WH PEL | GT Line","og_description":"Trolley para herramientas Atomik WH PEL con ruedas resistentes, organizaci\u00f3n interna y protecci\u00f3n avanzada para uso intensivo profesional.","og_url":"https:\/\/www.gtline.com\/es\/products\/gt-line-trolley-profesional-atomik-wh-pel\/","og_site_name":"Gt Line ES","article_publisher":"https:\/\/www.facebook.com\/gtlinesrl?locale=it_IT","article_modified_time":"2026-04-17T03:01:05+00:00","og_image":[{"width":500,"height":500,"url":"https:\/\/www.gtline.com\/es\/wp-content\/uploads\/sites\/4\/2025\/05\/ATOMIK-WH_PEL_01_8576.jpg","type":"image\/jpeg"}],"twitter_card":"summary_large_image","twitter_misc":{"Tiempo de lectura":"2 minutos"},"schema":{"@context":"https:\/\/schema.org","@graph":[{"@type":"WebPage","@id":"https:\/\/www.gtline.com\/es\/products\/gt-line-trolley-profesional-atomik-wh-pel\/","url":"https:\/\/www.gtline.com\/es\/products\/gt-line-trolley-profesional-atomik-wh-pel\/","name":"Trolley para Herramientas Atomik WH PEL | GT Line","isPartOf":{"@id":"https:\/\/www.gtline.com\/es\/#website"},"primaryImageOfPage":{"@id":"https:\/\/www.gtline.com\/es\/products\/gt-line-trolley-profesional-atomik-wh-pel\/#primaryimage"},"image":{"@id":"https:\/\/www.gtline.com\/es\/products\/gt-line-trolley-profesional-atomik-wh-pel\/#primaryimage"},"thumbnailUrl":"https:\/\/www.gtline.com\/es\/wp-content\/uploads\/sites\/4\/2025\/05\/ATOMIK-WH_PEL_01_8576.jpg","datePublished":"2025-07-21T10:17:54+00:00","dateModified":"2026-04-17T03:01:05+00:00","description":"Trolley para herramientas Atomik WH PEL con ruedas resistentes, organizaci\u00f3n interna y protecci\u00f3n avanzada para uso intensivo profesional.","breadcrumb":{"@id":"https:\/\/www.gtline.com\/es\/products\/gt-line-trolley-profesional-atomik-wh-pel\/#breadcrumb"},"inLanguage":"es","potentialAction":[{"@type":"ReadAction","target":["https:\/\/www.gtline.com\/es\/products\/gt-line-trolley-profesional-atomik-wh-pel\/"]}]},{"@type":"ImageObject","inLanguage":"es","@id":"https:\/\/www.gtline.com\/es\/products\/gt-line-trolley-profesional-atomik-wh-pel\/#primaryimage","url":"https:\/\/www.gtline.com\/es\/wp-content\/uploads\/sites\/4\/2025\/05\/ATOMIK-WH_PEL_01_8576.jpg","contentUrl":"https:\/\/www.gtline.com\/es\/wp-content\/uploads\/sites\/4\/2025\/05\/ATOMIK-WH_PEL_01_8576.jpg","width":500,"height":500},{"@type":"BreadcrumbList","@id":"https:\/\/www.gtline.com\/es\/products\/gt-line-trolley-profesional-atomik-wh-pel\/#breadcrumb","itemListElement":[{"@type":"ListItem","position":1,"name":"Home","item":"https:\/\/www.gtline.com\/es\/"},{"@type":"ListItem","position":2,"name":"Shop","item":"https:\/\/www.gtline.com\/es\/negozio\/"},{"@type":"ListItem","position":3,"name":"GT Line Trolley Profesional Atomik WH PEL"}]},{"@type":"WebSite","@id":"https:\/\/www.gtline.com\/es\/#website","url":"https:\/\/www.gtline.com\/es\/","name":"Gt Line","description":"","publisher":{"@id":"https:\/\/www.gtline.com\/es\/#organization"},"potentialAction":[{"@type":"SearchAction","target":{"@type":"EntryPoint","urlTemplate":"https:\/\/www.gtline.com\/es\/?s={search_term_string}"},"query-input":{"@type":"PropertyValueSpecification","valueRequired":true,"valueName":"search_term_string"}}],"inLanguage":"es"},{"@type":"Organization","@id":"https:\/\/www.gtline.com\/es\/#organization","name":"Gt Line","url":"https:\/\/www.gtline.com\/es\/","logo":{"@type":"ImageObject","inLanguage":"es","@id":"https:\/\/www.gtline.com\/es\/#\/schema\/logo\/image\/","url":"https:\/\/www.gtline.com\/es\/wp-content\/uploads\/sites\/4\/2025\/02\/logo.png","contentUrl":"https:\/\/www.gtline.com\/es\/wp-content\/uploads\/sites\/4\/2025\/02\/logo.png","width":228,"height":146,"caption":"Gt Line"},"image":{"@id":"https:\/\/www.gtline.com\/es\/#\/schema\/logo\/image\/"},"sameAs":["https:\/\/www.facebook.com\/gtlinesrl?locale=it_IT","https:\/\/www.instagram.com\/gt_line_srl\/","https:\/\/www.youtube.com\/channel\/UCDvpkFqswNJOVFz64PkYRQQ","https:\/\/www.linkedin.com\/company\/gt-line-srl\/"]}]}},"_links":{"self":[{"href":"https:\/\/www.gtline.com\/es\/wp-json\/wp\/v2\/product\/16030","targetHints":{"allow":["GET"]}}],"collection":[{"href":"https:\/\/www.gtline.com\/es\/wp-json\/wp\/v2\/product"}],"about":[{"href":"https:\/\/www.gtline.com\/es\/wp-json\/wp\/v2\/types\/product"}],"replies":[{"embeddable":true,"href":"https:\/\/www.gtline.com\/es\/wp-json\/wp\/v2\/comments?post=16030"}],"version-history":[{"count":3,"href":"https:\/\/www.gtline.com\/es\/wp-json\/wp\/v2\/product\/16030\/revisions"}],"predecessor-version":[{"id":22864,"href":"https:\/\/www.gtline.com\/es\/wp-json\/wp\/v2\/product\/16030\/revisions\/22864"}],"wp:featuredmedia":[{"embeddable":true,"href":"https:\/\/www.gtline.com\/es\/wp-json\/wp\/v2\/media\/8476"}],"wp:attachment":[{"href":"https:\/\/www.gtline.com\/es\/wp-json\/wp\/v2\/media?parent=16030"}],"wp:term":[{"taxonomy":"product_brand","embeddable":true,"href":"https:\/\/www.gtline.com\/es\/wp-json\/wp\/v2\/product_brand?post=16030"},{"taxonomy":"product_cat","embeddable":true,"href":"https:\/\/www.gtline.com\/es\/wp-json\/wp\/v2\/product_cat?post=16030"},{"taxonomy":"product_tag","embeddable":true,"href":"https:\/\/www.gtline.com\/es\/wp-json\/wp\/v2\/product_tag?post=16030"}],"curies":[{"name":"wp","href":"https:\/\/api.w.org\/{rel}","templated":true}]}}