{"id":16036,"date":"2025-07-21T10:18:09","date_gmt":"2025-07-21T10:18:09","guid":{"rendered":"https:\/\/www.gtline.com\/es\/prodotto\/gt-line-maleta-profesional-atomik-pel\/"},"modified":"2026-04-17T03:01:21","modified_gmt":"2026-04-17T03:01:21","slug":"gt-line-maleta-profesional-atomik-pel","status":"publish","type":"product","link":"https:\/\/www.gtline.com\/es\/products\/gt-line-maleta-profesional-atomik-pel\/","title":{"rendered":"GT Line Maleta Profesional Atomik PEL"},"content":{"rendered":"<p>1. Protecci\u00f3n duradera en entornos de trabajo exigentes. <\/p>\n<p>El polipropileno de paredes gruesas ofrece una alta resistencia a los impactos, las sustancias corrosivas y las temperaturas extremas, lo que garantiza que la carcasa resista incluso las condiciones m\u00e1s duras. <\/p>\n<p>2. Esquinas reforzadas y protecci\u00f3n constante contra impactos y tensiones. <\/p>\n<p>El moldeo por inyecci\u00f3n crea una estructura s\u00f3lida con esquinas reforzadas, lo que brinda una protecci\u00f3n uniforme en toda la carcasa y reduce los da\u00f1os causados por el desgaste diario. <\/p>\n<p>3. Organizaci\u00f3n interna \u00f3ptima y acceso r\u00e1pido a las herramientas, mejorado por dos paneles de herramientas con soportes el\u00e1sticos en uno o ambos lados. <\/p>\n<p>Los divisores ajustables y extra\u00edbles, junto con los paneles con bolsas PSS\u2122 o FLEXI,\u2122 permiten una f\u00e1cil personalizaci\u00f3n del interior, lo que garantiza un acceso r\u00e1pido y organizado a todas las herramientas y accesorios. <\/p>\n<p>4. Protecci\u00f3n mejorada contra el acceso no autorizado. <\/p>\n<p>Las cerraduras de llave y las bisagras met\u00e1licas reforzadas proporcionan un cierre seguro, protegiendo sus herramientas de manipulaciones y aperturas no autorizadas. <\/p>\n<p>5. Transporte c\u00f3modo y conveniente en largas distancias. <\/p>\n<p>El mango ergon\u00f3mico recubierto de goma ofrece un agarre c\u00f3modo, lo que reduce la fatiga y mejora el manejo incluso durante viajes prolongados. <\/p>\n<p>6. Las ruedas con rodamientos de bolas garantizan una movilidad suave y sin esfuerzo. <br \/>\u00a0<\/p>\n<p>El soporte para etiquetas de identificaci\u00f3n permite una identificaci\u00f3n r\u00e1pida, mientras que el panel adicional y el bolsillo para documentos incorporado brindan espacio para organizar el papeleo, las tarjetas de visita y los accesorios. <\/p>\n<p>7. Dise\u00f1o compacto y f\u00e1cilmente transportable. <\/p>\n<p>Dise\u00f1ado para la portabilidad y la eficiencia del espacio, este estuche es perfecto para los profesionales en movimiento que a\u00fan exigen una protecci\u00f3n robusta de la herramienta.\u00a0<\/p>\n","protected":false},"excerpt":{"rendered":"<p>El malet\u00edn Atomik es la soluci\u00f3n perfecta para profesionales que necesitan seguridad, durabilidad y organizaci\u00f3n.<br \/> Fabricado en polipropileno de gran espesor mediante tecnolog\u00eda de moldeo por inyecci\u00f3n,<br \/> proporciona protecci\u00f3n contra impactos, sustancias corrosivas y temperaturas extremas.<br \/> Dise\u00f1ado para los profesionales m\u00e1s exigentes, ofrece protecci\u00f3n duradera y una organizaci\u00f3n \u00f3ptima.<\/p>\n","protected":false},"featured_media":6909,"comment_status":"open","ping_status":"closed","template":"","meta":{"_acf_changed":false},"product_brand":[],"product_cat":[232],"product_tag":[],"class_list":{"0":"post-16036","1":"product","2":"type-product","3":"status-publish","4":"has-post-thumbnail","6":"product_cat-atomik","7":"pa_aplicaciones-maletas-y-bolsas-para-electricistas","8":"pa_aplicaciones-maletas-y-bolsas-para-fontaneros","9":"pa_aplicaciones-maletas-y-bolsas-para-mantenedores","10":"pa_tipo-de-producto-maletas-para-herramientas","12":"first","13":"instock","14":"shipping-taxable","15":"purchasable","16":"product-type-simple"},"acf":[],"yoast_head":"<!-- This site is optimized with the Yoast SEO plugin v25.4 - https:\/\/yoast.com\/wordpress\/plugins\/seo\/ -->\n<title>Maleta para Herramientas Profesional Atomik PEL | GT Line<\/title>\n<meta name=\"description\" content=\"Maleta para herramientas profesional Atomik PEL con interiores resistentes y dise\u00f1o pr\u00e1ctico para proteger y organizar utensilios en el trabajo.\" \/>\n<meta name=\"robots\" content=\"index, follow, max-snippet:-1, max-image-preview:large, max-video-preview:-1\" \/>\n<link rel=\"canonical\" href=\"https:\/\/www.gtline.com\/es\/products\/gt-line-maleta-profesional-atomik-pel\/\" \/>\n<meta property=\"og:locale\" content=\"es_ES\" \/>\n<meta property=\"og:type\" content=\"article\" \/>\n<meta property=\"og:title\" content=\"Maleta para Herramientas Profesional Atomik PEL | GT Line\" \/>\n<meta property=\"og:description\" content=\"Maleta para herramientas profesional Atomik PEL con interiores resistentes y dise\u00f1o pr\u00e1ctico para proteger y organizar utensilios en el trabajo.\" \/>\n<meta property=\"og:url\" content=\"https:\/\/www.gtline.com\/es\/products\/gt-line-maleta-profesional-atomik-pel\/\" \/>\n<meta property=\"og:site_name\" content=\"Gt Line ES\" \/>\n<meta property=\"article:publisher\" content=\"https:\/\/www.facebook.com\/gtlinesrl?locale=it_IT\" \/>\n<meta property=\"article:modified_time\" content=\"2026-04-17T03:01:21+00:00\" \/>\n<meta property=\"og:image\" content=\"https:\/\/www.gtline.com\/es\/wp-content\/uploads\/sites\/4\/2025\/05\/ATOMIK215_PEL_01_8581.jpg\" \/>\n\t<meta property=\"og:image:width\" content=\"500\" \/>\n\t<meta property=\"og:image:height\" content=\"500\" \/>\n\t<meta property=\"og:image:type\" content=\"image\/jpeg\" \/>\n<meta name=\"twitter:card\" content=\"summary_large_image\" \/>\n<meta name=\"twitter:label1\" content=\"Tiempo de lectura\" \/>\n\t<meta name=\"twitter:data1\" content=\"2 minutos\" \/>\n<script type=\"application\/ld+json\" class=\"yoast-schema-graph\">{\"@context\":\"https:\/\/schema.org\",\"@graph\":[{\"@type\":\"WebPage\",\"@id\":\"https:\/\/www.gtline.com\/es\/products\/gt-line-maleta-profesional-atomik-pel\/\",\"url\":\"https:\/\/www.gtline.com\/es\/products\/gt-line-maleta-profesional-atomik-pel\/\",\"name\":\"Maleta para Herramientas Profesional Atomik PEL | GT Line\",\"isPartOf\":{\"@id\":\"https:\/\/www.gtline.com\/es\/#website\"},\"primaryImageOfPage\":{\"@id\":\"https:\/\/www.gtline.com\/es\/products\/gt-line-maleta-profesional-atomik-pel\/#primaryimage\"},\"image\":{\"@id\":\"https:\/\/www.gtline.com\/es\/products\/gt-line-maleta-profesional-atomik-pel\/#primaryimage\"},\"thumbnailUrl\":\"https:\/\/www.gtline.com\/es\/wp-content\/uploads\/sites\/4\/2025\/05\/ATOMIK215_PEL_01_8581.jpg\",\"datePublished\":\"2025-07-21T10:18:09+00:00\",\"dateModified\":\"2026-04-17T03:01:21+00:00\",\"description\":\"Maleta para herramientas profesional Atomik PEL con interiores resistentes y dise\u00f1o pr\u00e1ctico para proteger y organizar utensilios en el trabajo.\",\"breadcrumb\":{\"@id\":\"https:\/\/www.gtline.com\/es\/products\/gt-line-maleta-profesional-atomik-pel\/#breadcrumb\"},\"inLanguage\":\"es\",\"potentialAction\":[{\"@type\":\"ReadAction\",\"target\":[\"https:\/\/www.gtline.com\/es\/products\/gt-line-maleta-profesional-atomik-pel\/\"]}]},{\"@type\":\"ImageObject\",\"inLanguage\":\"es\",\"@id\":\"https:\/\/www.gtline.com\/es\/products\/gt-line-maleta-profesional-atomik-pel\/#primaryimage\",\"url\":\"https:\/\/www.gtline.com\/es\/wp-content\/uploads\/sites\/4\/2025\/05\/ATOMIK215_PEL_01_8581.jpg\",\"contentUrl\":\"https:\/\/www.gtline.com\/es\/wp-content\/uploads\/sites\/4\/2025\/05\/ATOMIK215_PEL_01_8581.jpg\",\"width\":500,\"height\":500},{\"@type\":\"BreadcrumbList\",\"@id\":\"https:\/\/www.gtline.com\/es\/products\/gt-line-maleta-profesional-atomik-pel\/#breadcrumb\",\"itemListElement\":[{\"@type\":\"ListItem\",\"position\":1,\"name\":\"Home\",\"item\":\"https:\/\/www.gtline.com\/es\/\"},{\"@type\":\"ListItem\",\"position\":2,\"name\":\"Shop\",\"item\":\"https:\/\/www.gtline.com\/es\/negozio\/\"},{\"@type\":\"ListItem\",\"position\":3,\"name\":\"GT Line Maleta Profesional Atomik PEL\"}]},{\"@type\":\"WebSite\",\"@id\":\"https:\/\/www.gtline.com\/es\/#website\",\"url\":\"https:\/\/www.gtline.com\/es\/\",\"name\":\"Gt Line\",\"description\":\"\",\"publisher\":{\"@id\":\"https:\/\/www.gtline.com\/es\/#organization\"},\"potentialAction\":[{\"@type\":\"SearchAction\",\"target\":{\"@type\":\"EntryPoint\",\"urlTemplate\":\"https:\/\/www.gtline.com\/es\/?s={search_term_string}\"},\"query-input\":{\"@type\":\"PropertyValueSpecification\",\"valueRequired\":true,\"valueName\":\"search_term_string\"}}],\"inLanguage\":\"es\"},{\"@type\":\"Organization\",\"@id\":\"https:\/\/www.gtline.com\/es\/#organization\",\"name\":\"Gt Line\",\"url\":\"https:\/\/www.gtline.com\/es\/\",\"logo\":{\"@type\":\"ImageObject\",\"inLanguage\":\"es\",\"@id\":\"https:\/\/www.gtline.com\/es\/#\/schema\/logo\/image\/\",\"url\":\"https:\/\/www.gtline.com\/es\/wp-content\/uploads\/sites\/4\/2025\/02\/logo.png\",\"contentUrl\":\"https:\/\/www.gtline.com\/es\/wp-content\/uploads\/sites\/4\/2025\/02\/logo.png\",\"width\":228,\"height\":146,\"caption\":\"Gt Line\"},\"image\":{\"@id\":\"https:\/\/www.gtline.com\/es\/#\/schema\/logo\/image\/\"},\"sameAs\":[\"https:\/\/www.facebook.com\/gtlinesrl?locale=it_IT\",\"https:\/\/www.instagram.com\/gt_line_srl\/\",\"https:\/\/www.youtube.com\/channel\/UCDvpkFqswNJOVFz64PkYRQQ\",\"https:\/\/www.linkedin.com\/company\/gt-line-srl\/\"]}]}<\/script>\n<!-- \/ Yoast SEO plugin. -->","yoast_head_json":{"title":"Maleta para Herramientas Profesional Atomik PEL | GT Line","description":"Maleta para herramientas profesional Atomik PEL con interiores resistentes y dise\u00f1o pr\u00e1ctico para proteger y organizar utensilios en el trabajo.","robots":{"index":"index","follow":"follow","max-snippet":"max-snippet:-1","max-image-preview":"max-image-preview:large","max-video-preview":"max-video-preview:-1"},"canonical":"https:\/\/www.gtline.com\/es\/products\/gt-line-maleta-profesional-atomik-pel\/","og_locale":"es_ES","og_type":"article","og_title":"Maleta para Herramientas Profesional Atomik PEL | GT Line","og_description":"Maleta para herramientas profesional Atomik PEL con interiores resistentes y dise\u00f1o pr\u00e1ctico para proteger y organizar utensilios en el trabajo.","og_url":"https:\/\/www.gtline.com\/es\/products\/gt-line-maleta-profesional-atomik-pel\/","og_site_name":"Gt Line ES","article_publisher":"https:\/\/www.facebook.com\/gtlinesrl?locale=it_IT","article_modified_time":"2026-04-17T03:01:21+00:00","og_image":[{"width":500,"height":500,"url":"https:\/\/www.gtline.com\/es\/wp-content\/uploads\/sites\/4\/2025\/05\/ATOMIK215_PEL_01_8581.jpg","type":"image\/jpeg"}],"twitter_card":"summary_large_image","twitter_misc":{"Tiempo de lectura":"2 minutos"},"schema":{"@context":"https:\/\/schema.org","@graph":[{"@type":"WebPage","@id":"https:\/\/www.gtline.com\/es\/products\/gt-line-maleta-profesional-atomik-pel\/","url":"https:\/\/www.gtline.com\/es\/products\/gt-line-maleta-profesional-atomik-pel\/","name":"Maleta para Herramientas Profesional Atomik PEL | GT Line","isPartOf":{"@id":"https:\/\/www.gtline.com\/es\/#website"},"primaryImageOfPage":{"@id":"https:\/\/www.gtline.com\/es\/products\/gt-line-maleta-profesional-atomik-pel\/#primaryimage"},"image":{"@id":"https:\/\/www.gtline.com\/es\/products\/gt-line-maleta-profesional-atomik-pel\/#primaryimage"},"thumbnailUrl":"https:\/\/www.gtline.com\/es\/wp-content\/uploads\/sites\/4\/2025\/05\/ATOMIK215_PEL_01_8581.jpg","datePublished":"2025-07-21T10:18:09+00:00","dateModified":"2026-04-17T03:01:21+00:00","description":"Maleta para herramientas profesional Atomik PEL con interiores resistentes y dise\u00f1o pr\u00e1ctico para proteger y organizar utensilios en el trabajo.","breadcrumb":{"@id":"https:\/\/www.gtline.com\/es\/products\/gt-line-maleta-profesional-atomik-pel\/#breadcrumb"},"inLanguage":"es","potentialAction":[{"@type":"ReadAction","target":["https:\/\/www.gtline.com\/es\/products\/gt-line-maleta-profesional-atomik-pel\/"]}]},{"@type":"ImageObject","inLanguage":"es","@id":"https:\/\/www.gtline.com\/es\/products\/gt-line-maleta-profesional-atomik-pel\/#primaryimage","url":"https:\/\/www.gtline.com\/es\/wp-content\/uploads\/sites\/4\/2025\/05\/ATOMIK215_PEL_01_8581.jpg","contentUrl":"https:\/\/www.gtline.com\/es\/wp-content\/uploads\/sites\/4\/2025\/05\/ATOMIK215_PEL_01_8581.jpg","width":500,"height":500},{"@type":"BreadcrumbList","@id":"https:\/\/www.gtline.com\/es\/products\/gt-line-maleta-profesional-atomik-pel\/#breadcrumb","itemListElement":[{"@type":"ListItem","position":1,"name":"Home","item":"https:\/\/www.gtline.com\/es\/"},{"@type":"ListItem","position":2,"name":"Shop","item":"https:\/\/www.gtline.com\/es\/negozio\/"},{"@type":"ListItem","position":3,"name":"GT Line Maleta Profesional Atomik PEL"}]},{"@type":"WebSite","@id":"https:\/\/www.gtline.com\/es\/#website","url":"https:\/\/www.gtline.com\/es\/","name":"Gt Line","description":"","publisher":{"@id":"https:\/\/www.gtline.com\/es\/#organization"},"potentialAction":[{"@type":"SearchAction","target":{"@type":"EntryPoint","urlTemplate":"https:\/\/www.gtline.com\/es\/?s={search_term_string}"},"query-input":{"@type":"PropertyValueSpecification","valueRequired":true,"valueName":"search_term_string"}}],"inLanguage":"es"},{"@type":"Organization","@id":"https:\/\/www.gtline.com\/es\/#organization","name":"Gt Line","url":"https:\/\/www.gtline.com\/es\/","logo":{"@type":"ImageObject","inLanguage":"es","@id":"https:\/\/www.gtline.com\/es\/#\/schema\/logo\/image\/","url":"https:\/\/www.gtline.com\/es\/wp-content\/uploads\/sites\/4\/2025\/02\/logo.png","contentUrl":"https:\/\/www.gtline.com\/es\/wp-content\/uploads\/sites\/4\/2025\/02\/logo.png","width":228,"height":146,"caption":"Gt Line"},"image":{"@id":"https:\/\/www.gtline.com\/es\/#\/schema\/logo\/image\/"},"sameAs":["https:\/\/www.facebook.com\/gtlinesrl?locale=it_IT","https:\/\/www.instagram.com\/gt_line_srl\/","https:\/\/www.youtube.com\/channel\/UCDvpkFqswNJOVFz64PkYRQQ","https:\/\/www.linkedin.com\/company\/gt-line-srl\/"]}]}},"_links":{"self":[{"href":"https:\/\/www.gtline.com\/es\/wp-json\/wp\/v2\/product\/16036","targetHints":{"allow":["GET"]}}],"collection":[{"href":"https:\/\/www.gtline.com\/es\/wp-json\/wp\/v2\/product"}],"about":[{"href":"https:\/\/www.gtline.com\/es\/wp-json\/wp\/v2\/types\/product"}],"replies":[{"embeddable":true,"href":"https:\/\/www.gtline.com\/es\/wp-json\/wp\/v2\/comments?post=16036"}],"version-history":[{"count":3,"href":"https:\/\/www.gtline.com\/es\/wp-json\/wp\/v2\/product\/16036\/revisions"}],"predecessor-version":[{"id":22870,"href":"https:\/\/www.gtline.com\/es\/wp-json\/wp\/v2\/product\/16036\/revisions\/22870"}],"wp:featuredmedia":[{"embeddable":true,"href":"https:\/\/www.gtline.com\/es\/wp-json\/wp\/v2\/media\/6909"}],"wp:attachment":[{"href":"https:\/\/www.gtline.com\/es\/wp-json\/wp\/v2\/media?parent=16036"}],"wp:term":[{"taxonomy":"product_brand","embeddable":true,"href":"https:\/\/www.gtline.com\/es\/wp-json\/wp\/v2\/product_brand?post=16036"},{"taxonomy":"product_cat","embeddable":true,"href":"https:\/\/www.gtline.com\/es\/wp-json\/wp\/v2\/product_cat?post=16036"},{"taxonomy":"product_tag","embeddable":true,"href":"https:\/\/www.gtline.com\/es\/wp-json\/wp\/v2\/product_tag?post=16036"}],"curies":[{"name":"wp","href":"https:\/\/api.w.org\/{rel}","templated":true}]}}