{"id":16041,"date":"2025-07-21T10:18:24","date_gmt":"2025-07-21T10:18:24","guid":{"rendered":"https:\/\/www.gtline.com\/es\/prodotto\/gt-line-maleta-profesional-bomber-170-pel\/"},"modified":"2026-04-17T03:01:37","modified_gmt":"2026-04-17T03:01:37","slug":"gt-line-maleta-profesional-bomber-170-pel","status":"publish","type":"product","link":"https:\/\/www.gtline.com\/es\/products\/gt-line-maleta-profesional-bomber-170-pel\/","title":{"rendered":"GT Line Maleta Profesional BOMBER 170 PEL"},"content":{"rendered":"<p>1. M\u00e1xima protecci\u00f3n contra golpes, temperaturas extremas y productos qu\u00edmicos. <br \/> Las carcasas de polietileno de alta densidad moldeadas con tecnolog\u00eda de rotomoldeo garantizan una protecci\u00f3n superior, lo que hace que esta caja de herramientas sea ideal para entornos de trabajo exigentes y transporte pesado. <br \/> <br \/>\n2. Estructura de doble pared para una resistencia excepcional. <br \/> La construcci\u00f3n de doble capa absorbe los impactos y aumenta la seguridad de sus herramientas en las condiciones m\u00e1s duras. <br \/> <br \/>\n3. Gesti\u00f3n inteligente de herramientas a trav\u00e9s de la aplicaci\u00f3n INTELLIRESPOND.Esta <br \/> tecnolog\u00eda integrada permite el seguimiento del contenido y la organizaci\u00f3n digital, transformando su caja de herramientas en un socio de trabajo inteligente.<br \/> <br \/>\n4. Candados con certificaci\u00f3n TSA para viajar sin preocupaciones. <br \/> Dos candados TSA permiten realizar controles en el aeropuerto sin da\u00f1os, ideal para los profesionales que viajan. <br \/> <br \/>\n5. Bisagras met\u00e1licas y soportes de tapa para una mayor durabilidad. <br \/> Las bisagras reforzadas y remachadas ofrecen una resistencia excepcional mediante el uso repetido. <br \/> <br \/>\n6. Organizaci\u00f3n interna vers\u00e1til y pr\u00e1ctica. <br \/> La base cuenta con divisores ajustables y dos cajones de piezas peque\u00f1as para un dise\u00f1o totalmente personalizable. <br \/> <br \/>\n7. Asa ergon\u00f3mica para una m\u00e1xima comodidad de transporte. <br \/> La empu\u00f1adura de goma mejora la comodidad y reduce la fatiga durante el transporte. <br \/> <br \/>\n8. Bolsa de documentos integrada para una organizaci\u00f3n completa. <br \/> Perfecto para almacenar manuales, hojas t\u00e9cnicas e informes de trabajo, todo en un contenedor profesional.<\/p>\n","protected":false},"excerpt":{"rendered":"<p>El Bomber 170 es un malet\u00edn profesional ultrarresistente, ideal para t\u00e9cnicos y personal de mantenimiento que buscan un malet\u00edn de herramientas seguro, organizado y listo para usar. Cuenta con una construcci\u00f3n de doble pared con carcasas de polietileno resistentes a impactos.<\/p>\n","protected":false},"featured_media":6927,"comment_status":"open","ping_status":"closed","template":"","meta":{"_acf_changed":false},"product_brand":[],"product_cat":[235],"product_tag":[],"class_list":{"0":"post-16041","1":"product","2":"type-product","3":"status-publish","4":"has-post-thumbnail","6":"product_cat-bomber","7":"pa_aplicaciones-maletas-y-bolsas-para-electricistas","8":"pa_aplicaciones-maletas-y-bolsas-para-fontaneros","9":"pa_aplicaciones-maletas-y-bolsas-para-mantenedores","10":"pa_aplicaciones-maletas-y-bolsas-para-tecnicos-de-campo","11":"pa_tipo-de-producto-maletas-para-herramientas","13":"first","14":"instock","15":"shipping-taxable","16":"purchasable","17":"product-type-simple"},"acf":[],"yoast_head":"<!-- This site is optimized with the Yoast SEO plugin v25.4 - https:\/\/yoast.com\/wordpress\/plugins\/seo\/ -->\n<title>Maleta para Herramientas Profesional Bomber 170 PEL | GT Line<\/title>\n<meta name=\"description\" content=\"Maleta profesional Bomber 170 PEL con alta resistencia, compartimentos bien distribuidos y protecci\u00f3n total para herramientas en obra.\" \/>\n<meta name=\"robots\" content=\"index, follow, max-snippet:-1, max-image-preview:large, max-video-preview:-1\" \/>\n<link rel=\"canonical\" href=\"https:\/\/www.gtline.com\/es\/products\/gt-line-maleta-profesional-bomber-170-pel\/\" \/>\n<meta property=\"og:locale\" content=\"es_ES\" \/>\n<meta property=\"og:type\" content=\"article\" \/>\n<meta property=\"og:title\" content=\"Maleta para Herramientas Profesional Bomber 170 PEL | GT Line\" \/>\n<meta property=\"og:description\" content=\"Maleta profesional Bomber 170 PEL con alta resistencia, compartimentos bien distribuidos y protecci\u00f3n total para herramientas en obra.\" \/>\n<meta property=\"og:url\" content=\"https:\/\/www.gtline.com\/es\/products\/gt-line-maleta-profesional-bomber-170-pel\/\" \/>\n<meta property=\"og:site_name\" content=\"Gt Line ES\" \/>\n<meta property=\"article:publisher\" content=\"https:\/\/www.facebook.com\/gtlinesrl?locale=it_IT\" \/>\n<meta property=\"article:modified_time\" content=\"2026-04-17T03:01:37+00:00\" \/>\n<meta property=\"og:image\" content=\"https:\/\/www.gtline.com\/es\/wp-content\/uploads\/sites\/4\/2025\/05\/BOMBER-170_PEL_01_8600.jpg\" \/>\n\t<meta property=\"og:image:width\" content=\"500\" \/>\n\t<meta property=\"og:image:height\" content=\"500\" \/>\n\t<meta property=\"og:image:type\" content=\"image\/jpeg\" \/>\n<meta name=\"twitter:card\" content=\"summary_large_image\" \/>\n<meta name=\"twitter:label1\" content=\"Tiempo de lectura\" \/>\n\t<meta name=\"twitter:data1\" content=\"2 minutos\" \/>\n<script type=\"application\/ld+json\" class=\"yoast-schema-graph\">{\"@context\":\"https:\/\/schema.org\",\"@graph\":[{\"@type\":\"WebPage\",\"@id\":\"https:\/\/www.gtline.com\/es\/products\/gt-line-maleta-profesional-bomber-170-pel\/\",\"url\":\"https:\/\/www.gtline.com\/es\/products\/gt-line-maleta-profesional-bomber-170-pel\/\",\"name\":\"Maleta para Herramientas Profesional Bomber 170 PEL | GT Line\",\"isPartOf\":{\"@id\":\"https:\/\/www.gtline.com\/es\/#website\"},\"primaryImageOfPage\":{\"@id\":\"https:\/\/www.gtline.com\/es\/products\/gt-line-maleta-profesional-bomber-170-pel\/#primaryimage\"},\"image\":{\"@id\":\"https:\/\/www.gtline.com\/es\/products\/gt-line-maleta-profesional-bomber-170-pel\/#primaryimage\"},\"thumbnailUrl\":\"https:\/\/www.gtline.com\/es\/wp-content\/uploads\/sites\/4\/2025\/05\/BOMBER-170_PEL_01_8600.jpg\",\"datePublished\":\"2025-07-21T10:18:24+00:00\",\"dateModified\":\"2026-04-17T03:01:37+00:00\",\"description\":\"Maleta profesional Bomber 170 PEL con alta resistencia, compartimentos bien distribuidos y protecci\u00f3n total para herramientas en obra.\",\"breadcrumb\":{\"@id\":\"https:\/\/www.gtline.com\/es\/products\/gt-line-maleta-profesional-bomber-170-pel\/#breadcrumb\"},\"inLanguage\":\"es\",\"potentialAction\":[{\"@type\":\"ReadAction\",\"target\":[\"https:\/\/www.gtline.com\/es\/products\/gt-line-maleta-profesional-bomber-170-pel\/\"]}]},{\"@type\":\"ImageObject\",\"inLanguage\":\"es\",\"@id\":\"https:\/\/www.gtline.com\/es\/products\/gt-line-maleta-profesional-bomber-170-pel\/#primaryimage\",\"url\":\"https:\/\/www.gtline.com\/es\/wp-content\/uploads\/sites\/4\/2025\/05\/BOMBER-170_PEL_01_8600.jpg\",\"contentUrl\":\"https:\/\/www.gtline.com\/es\/wp-content\/uploads\/sites\/4\/2025\/05\/BOMBER-170_PEL_01_8600.jpg\",\"width\":500,\"height\":500},{\"@type\":\"BreadcrumbList\",\"@id\":\"https:\/\/www.gtline.com\/es\/products\/gt-line-maleta-profesional-bomber-170-pel\/#breadcrumb\",\"itemListElement\":[{\"@type\":\"ListItem\",\"position\":1,\"name\":\"Home\",\"item\":\"https:\/\/www.gtline.com\/es\/\"},{\"@type\":\"ListItem\",\"position\":2,\"name\":\"Shop\",\"item\":\"https:\/\/www.gtline.com\/es\/negozio\/\"},{\"@type\":\"ListItem\",\"position\":3,\"name\":\"GT Line Maleta Profesional BOMBER 170 PEL\"}]},{\"@type\":\"WebSite\",\"@id\":\"https:\/\/www.gtline.com\/es\/#website\",\"url\":\"https:\/\/www.gtline.com\/es\/\",\"name\":\"Gt Line\",\"description\":\"\",\"publisher\":{\"@id\":\"https:\/\/www.gtline.com\/es\/#organization\"},\"potentialAction\":[{\"@type\":\"SearchAction\",\"target\":{\"@type\":\"EntryPoint\",\"urlTemplate\":\"https:\/\/www.gtline.com\/es\/?s={search_term_string}\"},\"query-input\":{\"@type\":\"PropertyValueSpecification\",\"valueRequired\":true,\"valueName\":\"search_term_string\"}}],\"inLanguage\":\"es\"},{\"@type\":\"Organization\",\"@id\":\"https:\/\/www.gtline.com\/es\/#organization\",\"name\":\"Gt Line\",\"url\":\"https:\/\/www.gtline.com\/es\/\",\"logo\":{\"@type\":\"ImageObject\",\"inLanguage\":\"es\",\"@id\":\"https:\/\/www.gtline.com\/es\/#\/schema\/logo\/image\/\",\"url\":\"https:\/\/www.gtline.com\/es\/wp-content\/uploads\/sites\/4\/2025\/02\/logo.png\",\"contentUrl\":\"https:\/\/www.gtline.com\/es\/wp-content\/uploads\/sites\/4\/2025\/02\/logo.png\",\"width\":228,\"height\":146,\"caption\":\"Gt Line\"},\"image\":{\"@id\":\"https:\/\/www.gtline.com\/es\/#\/schema\/logo\/image\/\"},\"sameAs\":[\"https:\/\/www.facebook.com\/gtlinesrl?locale=it_IT\",\"https:\/\/www.instagram.com\/gt_line_srl\/\",\"https:\/\/www.youtube.com\/channel\/UCDvpkFqswNJOVFz64PkYRQQ\",\"https:\/\/www.linkedin.com\/company\/gt-line-srl\/\"]}]}<\/script>\n<!-- \/ Yoast SEO plugin. -->","yoast_head_json":{"title":"Maleta para Herramientas Profesional Bomber 170 PEL | GT Line","description":"Maleta profesional Bomber 170 PEL con alta resistencia, compartimentos bien distribuidos y protecci\u00f3n total para herramientas en obra.","robots":{"index":"index","follow":"follow","max-snippet":"max-snippet:-1","max-image-preview":"max-image-preview:large","max-video-preview":"max-video-preview:-1"},"canonical":"https:\/\/www.gtline.com\/es\/products\/gt-line-maleta-profesional-bomber-170-pel\/","og_locale":"es_ES","og_type":"article","og_title":"Maleta para Herramientas Profesional Bomber 170 PEL | GT Line","og_description":"Maleta profesional Bomber 170 PEL con alta resistencia, compartimentos bien distribuidos y protecci\u00f3n total para herramientas en obra.","og_url":"https:\/\/www.gtline.com\/es\/products\/gt-line-maleta-profesional-bomber-170-pel\/","og_site_name":"Gt Line ES","article_publisher":"https:\/\/www.facebook.com\/gtlinesrl?locale=it_IT","article_modified_time":"2026-04-17T03:01:37+00:00","og_image":[{"width":500,"height":500,"url":"https:\/\/www.gtline.com\/es\/wp-content\/uploads\/sites\/4\/2025\/05\/BOMBER-170_PEL_01_8600.jpg","type":"image\/jpeg"}],"twitter_card":"summary_large_image","twitter_misc":{"Tiempo de lectura":"2 minutos"},"schema":{"@context":"https:\/\/schema.org","@graph":[{"@type":"WebPage","@id":"https:\/\/www.gtline.com\/es\/products\/gt-line-maleta-profesional-bomber-170-pel\/","url":"https:\/\/www.gtline.com\/es\/products\/gt-line-maleta-profesional-bomber-170-pel\/","name":"Maleta para Herramientas Profesional Bomber 170 PEL | GT Line","isPartOf":{"@id":"https:\/\/www.gtline.com\/es\/#website"},"primaryImageOfPage":{"@id":"https:\/\/www.gtline.com\/es\/products\/gt-line-maleta-profesional-bomber-170-pel\/#primaryimage"},"image":{"@id":"https:\/\/www.gtline.com\/es\/products\/gt-line-maleta-profesional-bomber-170-pel\/#primaryimage"},"thumbnailUrl":"https:\/\/www.gtline.com\/es\/wp-content\/uploads\/sites\/4\/2025\/05\/BOMBER-170_PEL_01_8600.jpg","datePublished":"2025-07-21T10:18:24+00:00","dateModified":"2026-04-17T03:01:37+00:00","description":"Maleta profesional Bomber 170 PEL con alta resistencia, compartimentos bien distribuidos y protecci\u00f3n total para herramientas en obra.","breadcrumb":{"@id":"https:\/\/www.gtline.com\/es\/products\/gt-line-maleta-profesional-bomber-170-pel\/#breadcrumb"},"inLanguage":"es","potentialAction":[{"@type":"ReadAction","target":["https:\/\/www.gtline.com\/es\/products\/gt-line-maleta-profesional-bomber-170-pel\/"]}]},{"@type":"ImageObject","inLanguage":"es","@id":"https:\/\/www.gtline.com\/es\/products\/gt-line-maleta-profesional-bomber-170-pel\/#primaryimage","url":"https:\/\/www.gtline.com\/es\/wp-content\/uploads\/sites\/4\/2025\/05\/BOMBER-170_PEL_01_8600.jpg","contentUrl":"https:\/\/www.gtline.com\/es\/wp-content\/uploads\/sites\/4\/2025\/05\/BOMBER-170_PEL_01_8600.jpg","width":500,"height":500},{"@type":"BreadcrumbList","@id":"https:\/\/www.gtline.com\/es\/products\/gt-line-maleta-profesional-bomber-170-pel\/#breadcrumb","itemListElement":[{"@type":"ListItem","position":1,"name":"Home","item":"https:\/\/www.gtline.com\/es\/"},{"@type":"ListItem","position":2,"name":"Shop","item":"https:\/\/www.gtline.com\/es\/negozio\/"},{"@type":"ListItem","position":3,"name":"GT Line Maleta Profesional BOMBER 170 PEL"}]},{"@type":"WebSite","@id":"https:\/\/www.gtline.com\/es\/#website","url":"https:\/\/www.gtline.com\/es\/","name":"Gt Line","description":"","publisher":{"@id":"https:\/\/www.gtline.com\/es\/#organization"},"potentialAction":[{"@type":"SearchAction","target":{"@type":"EntryPoint","urlTemplate":"https:\/\/www.gtline.com\/es\/?s={search_term_string}"},"query-input":{"@type":"PropertyValueSpecification","valueRequired":true,"valueName":"search_term_string"}}],"inLanguage":"es"},{"@type":"Organization","@id":"https:\/\/www.gtline.com\/es\/#organization","name":"Gt Line","url":"https:\/\/www.gtline.com\/es\/","logo":{"@type":"ImageObject","inLanguage":"es","@id":"https:\/\/www.gtline.com\/es\/#\/schema\/logo\/image\/","url":"https:\/\/www.gtline.com\/es\/wp-content\/uploads\/sites\/4\/2025\/02\/logo.png","contentUrl":"https:\/\/www.gtline.com\/es\/wp-content\/uploads\/sites\/4\/2025\/02\/logo.png","width":228,"height":146,"caption":"Gt Line"},"image":{"@id":"https:\/\/www.gtline.com\/es\/#\/schema\/logo\/image\/"},"sameAs":["https:\/\/www.facebook.com\/gtlinesrl?locale=it_IT","https:\/\/www.instagram.com\/gt_line_srl\/","https:\/\/www.youtube.com\/channel\/UCDvpkFqswNJOVFz64PkYRQQ","https:\/\/www.linkedin.com\/company\/gt-line-srl\/"]}]}},"_links":{"self":[{"href":"https:\/\/www.gtline.com\/es\/wp-json\/wp\/v2\/product\/16041","targetHints":{"allow":["GET"]}}],"collection":[{"href":"https:\/\/www.gtline.com\/es\/wp-json\/wp\/v2\/product"}],"about":[{"href":"https:\/\/www.gtline.com\/es\/wp-json\/wp\/v2\/types\/product"}],"replies":[{"embeddable":true,"href":"https:\/\/www.gtline.com\/es\/wp-json\/wp\/v2\/comments?post=16041"}],"version-history":[{"count":4,"href":"https:\/\/www.gtline.com\/es\/wp-json\/wp\/v2\/product\/16041\/revisions"}],"predecessor-version":[{"id":22876,"href":"https:\/\/www.gtline.com\/es\/wp-json\/wp\/v2\/product\/16041\/revisions\/22876"}],"wp:featuredmedia":[{"embeddable":true,"href":"https:\/\/www.gtline.com\/es\/wp-json\/wp\/v2\/media\/6927"}],"wp:attachment":[{"href":"https:\/\/www.gtline.com\/es\/wp-json\/wp\/v2\/media?parent=16041"}],"wp:term":[{"taxonomy":"product_brand","embeddable":true,"href":"https:\/\/www.gtline.com\/es\/wp-json\/wp\/v2\/product_brand?post=16041"},{"taxonomy":"product_cat","embeddable":true,"href":"https:\/\/www.gtline.com\/es\/wp-json\/wp\/v2\/product_cat?post=16041"},{"taxonomy":"product_tag","embeddable":true,"href":"https:\/\/www.gtline.com\/es\/wp-json\/wp\/v2\/product_tag?post=16041"}],"curies":[{"name":"wp","href":"https:\/\/api.w.org\/{rel}","templated":true}]}}