{"id":16047,"date":"2025-07-21T10:18:38","date_gmt":"2025-07-21T10:18:38","guid":{"rendered":"https:\/\/www.gtline.com\/es\/prodotto\/gt-line-trolley-profesional-boxer-wh-pel\/"},"modified":"2026-04-17T03:01:53","modified_gmt":"2026-04-17T03:01:53","slug":"gt-line-trolley-profesional-boxer-wh-pel","status":"publish","type":"product","link":"https:\/\/www.gtline.com\/es\/products\/gt-line-trolley-profesional-boxer-wh-pel\/","title":{"rendered":"GT Line Trolley Profesional BOXER WH PEL"},"content":{"rendered":"<p>1. F\u00e1cil de transportar sin comprometer la dureza. <br \/> El nuevo mango de goma proporciona una sujeci\u00f3n segura y c\u00f3moda, incluso para trayectos largos. <br \/> <br \/>\n2. Protecci\u00f3n segura para sus herramientas. <br \/> Las nuevas cerraduras laterales con llaves ofrecen una fuerte defensa contra el acceso no autorizado. <br \/> <br \/>\n3. Organizaci\u00f3n eficiente para una gesti\u00f3n \u00f3ptima. <br \/> El bolsillo para documentos y los dos cajones para piezas peque\u00f1as ayudan a mantener los art\u00edculos ordenados y accesibles. <br \/> <br \/>\n4. Pr\u00e1ctico soporte de tapa para un uso c\u00f3modo. <br \/> La barra de soporte de la tapa mantiene la cubierta abierta durante el uso, lo que hace que las operaciones sean m\u00e1s suaves y r\u00e1pidas. <br \/> <br \/>\n5. M\u00e1xima versatilidad para cada herramienta. <br \/> Dos paneles de herramientas el\u00e1sticos le permiten almacenar y recuperar herramientas esenciales r\u00e1pidamente mientras mantiene el orden dentro de la caja. <br \/> <br \/>\n6. Fondo termoformado para una protecci\u00f3n \u00f3ptima. <br \/> Dise\u00f1ado para soportar y proteger art\u00edculos de diferentes tama\u00f1os y formas, garantizando un almacenamiento y transporte seguros.<\/p>\n","protected":false},"excerpt":{"rendered":"<p>El malet\u00edn Boxer WH logra el equilibrio perfecto entre ligereza y resistencia, lo que lo convierte en una opci\u00f3n ideal para profesionales que buscan un contenedor pr\u00e1ctico y fiable.<br \/> A pesar de su tama\u00f1o compacto, ofrece una capacidad interna generosa.<br \/> Fabricado en polipropileno moldeado por inyecci\u00f3n, ofrece una excelente relaci\u00f3n calidad-precio sin comprometer el espacio de almacenamiento.<br \/> El marco de aluminio a\u00f1ade una solidez adicional, lo que hace de este malet\u00edn una opci\u00f3n ideal para quienes necesitan una soluci\u00f3n profesional que combine practicidad, seguridad y dise\u00f1o funcional.<br \/> Boxer WH es un aliado esencial para los profesionales en movimiento.<\/p>\n","protected":false},"featured_media":6952,"comment_status":"open","ping_status":"closed","template":"","meta":{"_acf_changed":false},"product_brand":[],"product_cat":[236],"product_tag":[],"class_list":{"0":"post-16047","1":"product","2":"type-product","3":"status-publish","4":"has-post-thumbnail","6":"product_cat-boxer","7":"pa_aplicaciones-maletas-y-bolsas-para-electricistas","8":"pa_aplicaciones-maletas-y-bolsas-para-fontaneros","9":"pa_aplicaciones-maletas-y-bolsas-para-mantenedores","10":"pa_aplicaciones-maletas-y-bolsas-para-tecnicos-de-campo","11":"pa_tipo-de-producto-maletas-para-herramientas","13":"first","14":"instock","15":"shipping-taxable","16":"purchasable","17":"product-type-simple"},"acf":[],"yoast_head":"<!-- This site is optimized with the Yoast SEO plugin v25.4 - https:\/\/yoast.com\/wordpress\/plugins\/seo\/ -->\n<title>Trolley para Herramientas Profesional Boxer WH PEL | GT Line<\/title>\n<meta name=\"description\" content=\"Trolley para herramientas Boxer WH PEL con ruedas s\u00f3lidas y espacio optimizado para transportar todo con seguridad en desplazamientos.\" \/>\n<meta name=\"robots\" content=\"index, follow, max-snippet:-1, max-image-preview:large, max-video-preview:-1\" \/>\n<link rel=\"canonical\" href=\"https:\/\/www.gtline.com\/es\/products\/gt-line-trolley-profesional-boxer-wh-pel\/\" \/>\n<meta property=\"og:locale\" content=\"es_ES\" \/>\n<meta property=\"og:type\" content=\"article\" \/>\n<meta property=\"og:title\" content=\"Trolley para Herramientas Profesional Boxer WH PEL | GT Line\" \/>\n<meta property=\"og:description\" content=\"Trolley para herramientas Boxer WH PEL con ruedas s\u00f3lidas y espacio optimizado para transportar todo con seguridad en desplazamientos.\" \/>\n<meta property=\"og:url\" content=\"https:\/\/www.gtline.com\/es\/products\/gt-line-trolley-profesional-boxer-wh-pel\/\" \/>\n<meta property=\"og:site_name\" content=\"Gt Line ES\" \/>\n<meta property=\"article:publisher\" content=\"https:\/\/www.facebook.com\/gtlinesrl?locale=it_IT\" \/>\n<meta property=\"article:modified_time\" content=\"2026-04-17T03:01:53+00:00\" \/>\n<meta property=\"og:image\" content=\"https:\/\/www.gtline.com\/es\/wp-content\/uploads\/sites\/4\/2025\/05\/BOXER-WH_PEL_01_8606.jpg\" \/>\n\t<meta property=\"og:image:width\" content=\"500\" \/>\n\t<meta property=\"og:image:height\" content=\"500\" \/>\n\t<meta property=\"og:image:type\" content=\"image\/jpeg\" \/>\n<meta name=\"twitter:card\" content=\"summary_large_image\" \/>\n<meta name=\"twitter:label1\" content=\"Tiempo de lectura\" \/>\n\t<meta name=\"twitter:data1\" content=\"1 minuto\" \/>\n<script type=\"application\/ld+json\" class=\"yoast-schema-graph\">{\"@context\":\"https:\/\/schema.org\",\"@graph\":[{\"@type\":\"WebPage\",\"@id\":\"https:\/\/www.gtline.com\/es\/products\/gt-line-trolley-profesional-boxer-wh-pel\/\",\"url\":\"https:\/\/www.gtline.com\/es\/products\/gt-line-trolley-profesional-boxer-wh-pel\/\",\"name\":\"Trolley para Herramientas Profesional Boxer WH PEL | GT Line\",\"isPartOf\":{\"@id\":\"https:\/\/www.gtline.com\/es\/#website\"},\"primaryImageOfPage\":{\"@id\":\"https:\/\/www.gtline.com\/es\/products\/gt-line-trolley-profesional-boxer-wh-pel\/#primaryimage\"},\"image\":{\"@id\":\"https:\/\/www.gtline.com\/es\/products\/gt-line-trolley-profesional-boxer-wh-pel\/#primaryimage\"},\"thumbnailUrl\":\"https:\/\/www.gtline.com\/es\/wp-content\/uploads\/sites\/4\/2025\/05\/BOXER-WH_PEL_01_8606.jpg\",\"datePublished\":\"2025-07-21T10:18:38+00:00\",\"dateModified\":\"2026-04-17T03:01:53+00:00\",\"description\":\"Trolley para herramientas Boxer WH PEL con ruedas s\u00f3lidas y espacio optimizado para transportar todo con seguridad en desplazamientos.\",\"breadcrumb\":{\"@id\":\"https:\/\/www.gtline.com\/es\/products\/gt-line-trolley-profesional-boxer-wh-pel\/#breadcrumb\"},\"inLanguage\":\"es\",\"potentialAction\":[{\"@type\":\"ReadAction\",\"target\":[\"https:\/\/www.gtline.com\/es\/products\/gt-line-trolley-profesional-boxer-wh-pel\/\"]}]},{\"@type\":\"ImageObject\",\"inLanguage\":\"es\",\"@id\":\"https:\/\/www.gtline.com\/es\/products\/gt-line-trolley-profesional-boxer-wh-pel\/#primaryimage\",\"url\":\"https:\/\/www.gtline.com\/es\/wp-content\/uploads\/sites\/4\/2025\/05\/BOXER-WH_PEL_01_8606.jpg\",\"contentUrl\":\"https:\/\/www.gtline.com\/es\/wp-content\/uploads\/sites\/4\/2025\/05\/BOXER-WH_PEL_01_8606.jpg\",\"width\":500,\"height\":500},{\"@type\":\"BreadcrumbList\",\"@id\":\"https:\/\/www.gtline.com\/es\/products\/gt-line-trolley-profesional-boxer-wh-pel\/#breadcrumb\",\"itemListElement\":[{\"@type\":\"ListItem\",\"position\":1,\"name\":\"Home\",\"item\":\"https:\/\/www.gtline.com\/es\/\"},{\"@type\":\"ListItem\",\"position\":2,\"name\":\"Shop\",\"item\":\"https:\/\/www.gtline.com\/es\/negozio\/\"},{\"@type\":\"ListItem\",\"position\":3,\"name\":\"GT Line Trolley Profesional BOXER WH PEL\"}]},{\"@type\":\"WebSite\",\"@id\":\"https:\/\/www.gtline.com\/es\/#website\",\"url\":\"https:\/\/www.gtline.com\/es\/\",\"name\":\"Gt Line\",\"description\":\"\",\"publisher\":{\"@id\":\"https:\/\/www.gtline.com\/es\/#organization\"},\"potentialAction\":[{\"@type\":\"SearchAction\",\"target\":{\"@type\":\"EntryPoint\",\"urlTemplate\":\"https:\/\/www.gtline.com\/es\/?s={search_term_string}\"},\"query-input\":{\"@type\":\"PropertyValueSpecification\",\"valueRequired\":true,\"valueName\":\"search_term_string\"}}],\"inLanguage\":\"es\"},{\"@type\":\"Organization\",\"@id\":\"https:\/\/www.gtline.com\/es\/#organization\",\"name\":\"Gt Line\",\"url\":\"https:\/\/www.gtline.com\/es\/\",\"logo\":{\"@type\":\"ImageObject\",\"inLanguage\":\"es\",\"@id\":\"https:\/\/www.gtline.com\/es\/#\/schema\/logo\/image\/\",\"url\":\"https:\/\/www.gtline.com\/es\/wp-content\/uploads\/sites\/4\/2025\/02\/logo.png\",\"contentUrl\":\"https:\/\/www.gtline.com\/es\/wp-content\/uploads\/sites\/4\/2025\/02\/logo.png\",\"width\":228,\"height\":146,\"caption\":\"Gt Line\"},\"image\":{\"@id\":\"https:\/\/www.gtline.com\/es\/#\/schema\/logo\/image\/\"},\"sameAs\":[\"https:\/\/www.facebook.com\/gtlinesrl?locale=it_IT\",\"https:\/\/www.instagram.com\/gt_line_srl\/\",\"https:\/\/www.youtube.com\/channel\/UCDvpkFqswNJOVFz64PkYRQQ\",\"https:\/\/www.linkedin.com\/company\/gt-line-srl\/\"]}]}<\/script>\n<!-- \/ Yoast SEO plugin. -->","yoast_head_json":{"title":"Trolley para Herramientas Profesional Boxer WH PEL | GT Line","description":"Trolley para herramientas Boxer WH PEL con ruedas s\u00f3lidas y espacio optimizado para transportar todo con seguridad en desplazamientos.","robots":{"index":"index","follow":"follow","max-snippet":"max-snippet:-1","max-image-preview":"max-image-preview:large","max-video-preview":"max-video-preview:-1"},"canonical":"https:\/\/www.gtline.com\/es\/products\/gt-line-trolley-profesional-boxer-wh-pel\/","og_locale":"es_ES","og_type":"article","og_title":"Trolley para Herramientas Profesional Boxer WH PEL | GT Line","og_description":"Trolley para herramientas Boxer WH PEL con ruedas s\u00f3lidas y espacio optimizado para transportar todo con seguridad en desplazamientos.","og_url":"https:\/\/www.gtline.com\/es\/products\/gt-line-trolley-profesional-boxer-wh-pel\/","og_site_name":"Gt Line ES","article_publisher":"https:\/\/www.facebook.com\/gtlinesrl?locale=it_IT","article_modified_time":"2026-04-17T03:01:53+00:00","og_image":[{"width":500,"height":500,"url":"https:\/\/www.gtline.com\/es\/wp-content\/uploads\/sites\/4\/2025\/05\/BOXER-WH_PEL_01_8606.jpg","type":"image\/jpeg"}],"twitter_card":"summary_large_image","twitter_misc":{"Tiempo de lectura":"1 minuto"},"schema":{"@context":"https:\/\/schema.org","@graph":[{"@type":"WebPage","@id":"https:\/\/www.gtline.com\/es\/products\/gt-line-trolley-profesional-boxer-wh-pel\/","url":"https:\/\/www.gtline.com\/es\/products\/gt-line-trolley-profesional-boxer-wh-pel\/","name":"Trolley para Herramientas Profesional Boxer WH PEL | GT Line","isPartOf":{"@id":"https:\/\/www.gtline.com\/es\/#website"},"primaryImageOfPage":{"@id":"https:\/\/www.gtline.com\/es\/products\/gt-line-trolley-profesional-boxer-wh-pel\/#primaryimage"},"image":{"@id":"https:\/\/www.gtline.com\/es\/products\/gt-line-trolley-profesional-boxer-wh-pel\/#primaryimage"},"thumbnailUrl":"https:\/\/www.gtline.com\/es\/wp-content\/uploads\/sites\/4\/2025\/05\/BOXER-WH_PEL_01_8606.jpg","datePublished":"2025-07-21T10:18:38+00:00","dateModified":"2026-04-17T03:01:53+00:00","description":"Trolley para herramientas Boxer WH PEL con ruedas s\u00f3lidas y espacio optimizado para transportar todo con seguridad en desplazamientos.","breadcrumb":{"@id":"https:\/\/www.gtline.com\/es\/products\/gt-line-trolley-profesional-boxer-wh-pel\/#breadcrumb"},"inLanguage":"es","potentialAction":[{"@type":"ReadAction","target":["https:\/\/www.gtline.com\/es\/products\/gt-line-trolley-profesional-boxer-wh-pel\/"]}]},{"@type":"ImageObject","inLanguage":"es","@id":"https:\/\/www.gtline.com\/es\/products\/gt-line-trolley-profesional-boxer-wh-pel\/#primaryimage","url":"https:\/\/www.gtline.com\/es\/wp-content\/uploads\/sites\/4\/2025\/05\/BOXER-WH_PEL_01_8606.jpg","contentUrl":"https:\/\/www.gtline.com\/es\/wp-content\/uploads\/sites\/4\/2025\/05\/BOXER-WH_PEL_01_8606.jpg","width":500,"height":500},{"@type":"BreadcrumbList","@id":"https:\/\/www.gtline.com\/es\/products\/gt-line-trolley-profesional-boxer-wh-pel\/#breadcrumb","itemListElement":[{"@type":"ListItem","position":1,"name":"Home","item":"https:\/\/www.gtline.com\/es\/"},{"@type":"ListItem","position":2,"name":"Shop","item":"https:\/\/www.gtline.com\/es\/negozio\/"},{"@type":"ListItem","position":3,"name":"GT Line Trolley Profesional BOXER WH PEL"}]},{"@type":"WebSite","@id":"https:\/\/www.gtline.com\/es\/#website","url":"https:\/\/www.gtline.com\/es\/","name":"Gt Line","description":"","publisher":{"@id":"https:\/\/www.gtline.com\/es\/#organization"},"potentialAction":[{"@type":"SearchAction","target":{"@type":"EntryPoint","urlTemplate":"https:\/\/www.gtline.com\/es\/?s={search_term_string}"},"query-input":{"@type":"PropertyValueSpecification","valueRequired":true,"valueName":"search_term_string"}}],"inLanguage":"es"},{"@type":"Organization","@id":"https:\/\/www.gtline.com\/es\/#organization","name":"Gt Line","url":"https:\/\/www.gtline.com\/es\/","logo":{"@type":"ImageObject","inLanguage":"es","@id":"https:\/\/www.gtline.com\/es\/#\/schema\/logo\/image\/","url":"https:\/\/www.gtline.com\/es\/wp-content\/uploads\/sites\/4\/2025\/02\/logo.png","contentUrl":"https:\/\/www.gtline.com\/es\/wp-content\/uploads\/sites\/4\/2025\/02\/logo.png","width":228,"height":146,"caption":"Gt Line"},"image":{"@id":"https:\/\/www.gtline.com\/es\/#\/schema\/logo\/image\/"},"sameAs":["https:\/\/www.facebook.com\/gtlinesrl?locale=it_IT","https:\/\/www.instagram.com\/gt_line_srl\/","https:\/\/www.youtube.com\/channel\/UCDvpkFqswNJOVFz64PkYRQQ","https:\/\/www.linkedin.com\/company\/gt-line-srl\/"]}]}},"_links":{"self":[{"href":"https:\/\/www.gtline.com\/es\/wp-json\/wp\/v2\/product\/16047","targetHints":{"allow":["GET"]}}],"collection":[{"href":"https:\/\/www.gtline.com\/es\/wp-json\/wp\/v2\/product"}],"about":[{"href":"https:\/\/www.gtline.com\/es\/wp-json\/wp\/v2\/types\/product"}],"replies":[{"embeddable":true,"href":"https:\/\/www.gtline.com\/es\/wp-json\/wp\/v2\/comments?post=16047"}],"version-history":[{"count":3,"href":"https:\/\/www.gtline.com\/es\/wp-json\/wp\/v2\/product\/16047\/revisions"}],"predecessor-version":[{"id":22882,"href":"https:\/\/www.gtline.com\/es\/wp-json\/wp\/v2\/product\/16047\/revisions\/22882"}],"wp:featuredmedia":[{"embeddable":true,"href":"https:\/\/www.gtline.com\/es\/wp-json\/wp\/v2\/media\/6952"}],"wp:attachment":[{"href":"https:\/\/www.gtline.com\/es\/wp-json\/wp\/v2\/media?parent=16047"}],"wp:term":[{"taxonomy":"product_brand","embeddable":true,"href":"https:\/\/www.gtline.com\/es\/wp-json\/wp\/v2\/product_brand?post=16047"},{"taxonomy":"product_cat","embeddable":true,"href":"https:\/\/www.gtline.com\/es\/wp-json\/wp\/v2\/product_cat?post=16047"},{"taxonomy":"product_tag","embeddable":true,"href":"https:\/\/www.gtline.com\/es\/wp-json\/wp\/v2\/product_tag?post=16047"}],"curies":[{"name":"wp","href":"https:\/\/api.w.org\/{rel}","templated":true}]}}