{"id":16053,"date":"2025-07-21T10:18:53","date_gmt":"2025-07-21T10:18:53","guid":{"rendered":"https:\/\/www.gtline.com\/es\/prodotto\/gt-line-trolley-profesional-flash-wh-2-pel\/"},"modified":"2026-04-17T03:02:08","modified_gmt":"2026-04-17T03:02:08","slug":"gt-line-trolley-profesional-flash-wh-2-pel","status":"publish","type":"product","link":"https:\/\/www.gtline.com\/es\/products\/gt-line-trolley-profesional-flash-wh-2-pel\/","title":{"rendered":"GT Line Trolley Profesional Flash WH 2 PEL"},"content":{"rendered":"<p>1. Estructura robusta para una protecci\u00f3n duradera. <br \/> Su carcasa de ABS de alta resistencia y su borde de aluminio proporcionan resistencia a los impactos y protecci\u00f3n contra el desgaste diario, lo que convierte al Flash WH 2 en una opci\u00f3n fiable para los lugares de trabajo m\u00e1s exigentes. <br \/> <br \/>\n2. Dise\u00f1o inteligente para herramientas y documentos. <br \/> Equipado con dos paneles el\u00e1sticos para herramientas y una bolsa para documentos, mantiene todo ordenado y al alcance de la mano. <br \/> <br \/>\n3. Interior flexible con divisores extra\u00edbles. <br \/> La bandeja inferior cuenta con divisores modulares para una personalizaci\u00f3n completa basada en el tama\u00f1o de la herramienta. <br \/> <br \/>\n4. Seguridad reforzada para su equipo. <br \/> Dos cerraduras de llave y bisagras reforzadas garantizan un cierre fuerte y protegen las herramientas del acceso no autorizado. <br \/> <br \/>\n5. F\u00e1cil de limpiar y mantener. <br \/> El interior est\u00e1 dise\u00f1ado para limpiarse con un pa\u00f1o para una higiene y un orden duraderos. <br \/> <br \/>\n6. M\u00e1xima comodidad en el transporte. <br \/> El asa telesc\u00f3pica, las ruedas de rodadura suave y el asa de transporte ergon\u00f3mica con agarre de goma garantizan una movilidad c\u00f3moda, incluso en largas distancias. <br \/> <br \/>\n7. Ideal para profesionales en movimiento. <br \/> El dise\u00f1o compacto y el sistema de carro hacen de Flash WH 2 el malet\u00edn de herramientas port\u00e1til perfecto y listo para usar.<\/p>\n","protected":false},"excerpt":{"rendered":"<p>El carro profesional Flash WH 2 de GT Line es la opci\u00f3n ideal para quienes buscan un malet\u00edn de herramientas duradero, vers\u00e1til y f\u00e1cil de transportar.<br \/> Fabricado con una estructura de ABS moldeado por inyecci\u00f3n y reforzado con resistentes perfiles de aluminio, este contenedor profesional combina ligereza y resistencia.<br \/> Perfecto para t\u00e9cnicos y profesionales del mantenimiento en movimiento, el Flash WH 2 garantiza una excelente organizaci\u00f3n de herramientas y un rendimiento duradero incluso en condiciones exigentes.<br \/> Una excelente soluci\u00f3n para profesionales que buscan un malet\u00edn de alta calidad a un precio competitivo.<\/p>\n","protected":false},"featured_media":6975,"comment_status":"open","ping_status":"closed","template":"","meta":{"_acf_changed":false},"product_brand":[],"product_cat":[238],"product_tag":[],"class_list":{"0":"post-16053","1":"product","2":"type-product","3":"status-publish","4":"has-post-thumbnail","6":"product_cat-flash-cases","7":"pa_aplicaciones-maletas-y-bolsas-para-electricistas","8":"pa_aplicaciones-maletas-y-bolsas-para-fontaneros","9":"pa_aplicaciones-maletas-y-bolsas-para-mantenedores","10":"pa_aplicaciones-maletas-y-bolsas-para-tecnicos-de-campo","11":"pa_tipo-de-producto-maletas-para-herramientas","13":"first","14":"instock","15":"shipping-taxable","16":"purchasable","17":"product-type-simple"},"acf":[],"yoast_head":"<!-- This site is optimized with the Yoast SEO plugin v25.4 - https:\/\/yoast.com\/wordpress\/plugins\/seo\/ -->\n<title>Trolley para Herramientas Flash WH 2 PEL | GT Line<\/title>\n<meta name=\"description\" content=\"Trolley para herramientas Flash WH 2 PEL con ruedas resistentes, organizaci\u00f3n interna y protecci\u00f3n profesional para t\u00e9cnicos que trabajan en movimiento.\" \/>\n<meta name=\"robots\" content=\"index, follow, max-snippet:-1, max-image-preview:large, max-video-preview:-1\" \/>\n<link rel=\"canonical\" href=\"https:\/\/www.gtline.com\/es\/products\/gt-line-trolley-profesional-flash-wh-2-pel\/\" \/>\n<meta property=\"og:locale\" content=\"es_ES\" \/>\n<meta property=\"og:type\" content=\"article\" \/>\n<meta property=\"og:title\" content=\"Trolley para Herramientas Flash WH 2 PEL | GT Line\" \/>\n<meta property=\"og:description\" content=\"Trolley para herramientas Flash WH 2 PEL con ruedas resistentes, organizaci\u00f3n interna y protecci\u00f3n profesional para t\u00e9cnicos que trabajan en movimiento.\" \/>\n<meta property=\"og:url\" content=\"https:\/\/www.gtline.com\/es\/products\/gt-line-trolley-profesional-flash-wh-2-pel\/\" \/>\n<meta property=\"og:site_name\" content=\"Gt Line ES\" \/>\n<meta property=\"article:publisher\" content=\"https:\/\/www.facebook.com\/gtlinesrl?locale=it_IT\" \/>\n<meta property=\"article:modified_time\" content=\"2026-04-17T03:02:08+00:00\" \/>\n<meta property=\"og:image\" content=\"https:\/\/www.gtline.com\/es\/wp-content\/uploads\/sites\/4\/2025\/05\/FLASH-WH-2_PEL_01_8612.jpg\" \/>\n\t<meta property=\"og:image:width\" content=\"500\" \/>\n\t<meta property=\"og:image:height\" content=\"500\" \/>\n\t<meta property=\"og:image:type\" content=\"image\/jpeg\" \/>\n<meta name=\"twitter:card\" content=\"summary_large_image\" \/>\n<meta name=\"twitter:label1\" content=\"Tiempo de lectura\" \/>\n\t<meta name=\"twitter:data1\" content=\"2 minutos\" \/>\n<script type=\"application\/ld+json\" class=\"yoast-schema-graph\">{\"@context\":\"https:\/\/schema.org\",\"@graph\":[{\"@type\":\"WebPage\",\"@id\":\"https:\/\/www.gtline.com\/es\/products\/gt-line-trolley-profesional-flash-wh-2-pel\/\",\"url\":\"https:\/\/www.gtline.com\/es\/products\/gt-line-trolley-profesional-flash-wh-2-pel\/\",\"name\":\"Trolley para Herramientas Flash WH 2 PEL | GT Line\",\"isPartOf\":{\"@id\":\"https:\/\/www.gtline.com\/es\/#website\"},\"primaryImageOfPage\":{\"@id\":\"https:\/\/www.gtline.com\/es\/products\/gt-line-trolley-profesional-flash-wh-2-pel\/#primaryimage\"},\"image\":{\"@id\":\"https:\/\/www.gtline.com\/es\/products\/gt-line-trolley-profesional-flash-wh-2-pel\/#primaryimage\"},\"thumbnailUrl\":\"https:\/\/www.gtline.com\/es\/wp-content\/uploads\/sites\/4\/2025\/05\/FLASH-WH-2_PEL_01_8612.jpg\",\"datePublished\":\"2025-07-21T10:18:53+00:00\",\"dateModified\":\"2026-04-17T03:02:08+00:00\",\"description\":\"Trolley para herramientas Flash WH 2 PEL con ruedas resistentes, organizaci\u00f3n interna y protecci\u00f3n profesional para t\u00e9cnicos que trabajan en movimiento.\",\"breadcrumb\":{\"@id\":\"https:\/\/www.gtline.com\/es\/products\/gt-line-trolley-profesional-flash-wh-2-pel\/#breadcrumb\"},\"inLanguage\":\"es\",\"potentialAction\":[{\"@type\":\"ReadAction\",\"target\":[\"https:\/\/www.gtline.com\/es\/products\/gt-line-trolley-profesional-flash-wh-2-pel\/\"]}]},{\"@type\":\"ImageObject\",\"inLanguage\":\"es\",\"@id\":\"https:\/\/www.gtline.com\/es\/products\/gt-line-trolley-profesional-flash-wh-2-pel\/#primaryimage\",\"url\":\"https:\/\/www.gtline.com\/es\/wp-content\/uploads\/sites\/4\/2025\/05\/FLASH-WH-2_PEL_01_8612.jpg\",\"contentUrl\":\"https:\/\/www.gtline.com\/es\/wp-content\/uploads\/sites\/4\/2025\/05\/FLASH-WH-2_PEL_01_8612.jpg\",\"width\":500,\"height\":500},{\"@type\":\"BreadcrumbList\",\"@id\":\"https:\/\/www.gtline.com\/es\/products\/gt-line-trolley-profesional-flash-wh-2-pel\/#breadcrumb\",\"itemListElement\":[{\"@type\":\"ListItem\",\"position\":1,\"name\":\"Home\",\"item\":\"https:\/\/www.gtline.com\/es\/\"},{\"@type\":\"ListItem\",\"position\":2,\"name\":\"Shop\",\"item\":\"https:\/\/www.gtline.com\/es\/negozio\/\"},{\"@type\":\"ListItem\",\"position\":3,\"name\":\"GT Line Trolley Profesional Flash WH 2 PEL\"}]},{\"@type\":\"WebSite\",\"@id\":\"https:\/\/www.gtline.com\/es\/#website\",\"url\":\"https:\/\/www.gtline.com\/es\/\",\"name\":\"Gt Line\",\"description\":\"\",\"publisher\":{\"@id\":\"https:\/\/www.gtline.com\/es\/#organization\"},\"potentialAction\":[{\"@type\":\"SearchAction\",\"target\":{\"@type\":\"EntryPoint\",\"urlTemplate\":\"https:\/\/www.gtline.com\/es\/?s={search_term_string}\"},\"query-input\":{\"@type\":\"PropertyValueSpecification\",\"valueRequired\":true,\"valueName\":\"search_term_string\"}}],\"inLanguage\":\"es\"},{\"@type\":\"Organization\",\"@id\":\"https:\/\/www.gtline.com\/es\/#organization\",\"name\":\"Gt Line\",\"url\":\"https:\/\/www.gtline.com\/es\/\",\"logo\":{\"@type\":\"ImageObject\",\"inLanguage\":\"es\",\"@id\":\"https:\/\/www.gtline.com\/es\/#\/schema\/logo\/image\/\",\"url\":\"https:\/\/www.gtline.com\/es\/wp-content\/uploads\/sites\/4\/2025\/02\/logo.png\",\"contentUrl\":\"https:\/\/www.gtline.com\/es\/wp-content\/uploads\/sites\/4\/2025\/02\/logo.png\",\"width\":228,\"height\":146,\"caption\":\"Gt Line\"},\"image\":{\"@id\":\"https:\/\/www.gtline.com\/es\/#\/schema\/logo\/image\/\"},\"sameAs\":[\"https:\/\/www.facebook.com\/gtlinesrl?locale=it_IT\",\"https:\/\/www.instagram.com\/gt_line_srl\/\",\"https:\/\/www.youtube.com\/channel\/UCDvpkFqswNJOVFz64PkYRQQ\",\"https:\/\/www.linkedin.com\/company\/gt-line-srl\/\"]}]}<\/script>\n<!-- \/ Yoast SEO plugin. -->","yoast_head_json":{"title":"Trolley para Herramientas Flash WH 2 PEL | GT Line","description":"Trolley para herramientas Flash WH 2 PEL con ruedas resistentes, organizaci\u00f3n interna y protecci\u00f3n profesional para t\u00e9cnicos que trabajan en movimiento.","robots":{"index":"index","follow":"follow","max-snippet":"max-snippet:-1","max-image-preview":"max-image-preview:large","max-video-preview":"max-video-preview:-1"},"canonical":"https:\/\/www.gtline.com\/es\/products\/gt-line-trolley-profesional-flash-wh-2-pel\/","og_locale":"es_ES","og_type":"article","og_title":"Trolley para Herramientas Flash WH 2 PEL | GT Line","og_description":"Trolley para herramientas Flash WH 2 PEL con ruedas resistentes, organizaci\u00f3n interna y protecci\u00f3n profesional para t\u00e9cnicos que trabajan en movimiento.","og_url":"https:\/\/www.gtline.com\/es\/products\/gt-line-trolley-profesional-flash-wh-2-pel\/","og_site_name":"Gt Line ES","article_publisher":"https:\/\/www.facebook.com\/gtlinesrl?locale=it_IT","article_modified_time":"2026-04-17T03:02:08+00:00","og_image":[{"width":500,"height":500,"url":"https:\/\/www.gtline.com\/es\/wp-content\/uploads\/sites\/4\/2025\/05\/FLASH-WH-2_PEL_01_8612.jpg","type":"image\/jpeg"}],"twitter_card":"summary_large_image","twitter_misc":{"Tiempo de lectura":"2 minutos"},"schema":{"@context":"https:\/\/schema.org","@graph":[{"@type":"WebPage","@id":"https:\/\/www.gtline.com\/es\/products\/gt-line-trolley-profesional-flash-wh-2-pel\/","url":"https:\/\/www.gtline.com\/es\/products\/gt-line-trolley-profesional-flash-wh-2-pel\/","name":"Trolley para Herramientas Flash WH 2 PEL | GT Line","isPartOf":{"@id":"https:\/\/www.gtline.com\/es\/#website"},"primaryImageOfPage":{"@id":"https:\/\/www.gtline.com\/es\/products\/gt-line-trolley-profesional-flash-wh-2-pel\/#primaryimage"},"image":{"@id":"https:\/\/www.gtline.com\/es\/products\/gt-line-trolley-profesional-flash-wh-2-pel\/#primaryimage"},"thumbnailUrl":"https:\/\/www.gtline.com\/es\/wp-content\/uploads\/sites\/4\/2025\/05\/FLASH-WH-2_PEL_01_8612.jpg","datePublished":"2025-07-21T10:18:53+00:00","dateModified":"2026-04-17T03:02:08+00:00","description":"Trolley para herramientas Flash WH 2 PEL con ruedas resistentes, organizaci\u00f3n interna y protecci\u00f3n profesional para t\u00e9cnicos que trabajan en movimiento.","breadcrumb":{"@id":"https:\/\/www.gtline.com\/es\/products\/gt-line-trolley-profesional-flash-wh-2-pel\/#breadcrumb"},"inLanguage":"es","potentialAction":[{"@type":"ReadAction","target":["https:\/\/www.gtline.com\/es\/products\/gt-line-trolley-profesional-flash-wh-2-pel\/"]}]},{"@type":"ImageObject","inLanguage":"es","@id":"https:\/\/www.gtline.com\/es\/products\/gt-line-trolley-profesional-flash-wh-2-pel\/#primaryimage","url":"https:\/\/www.gtline.com\/es\/wp-content\/uploads\/sites\/4\/2025\/05\/FLASH-WH-2_PEL_01_8612.jpg","contentUrl":"https:\/\/www.gtline.com\/es\/wp-content\/uploads\/sites\/4\/2025\/05\/FLASH-WH-2_PEL_01_8612.jpg","width":500,"height":500},{"@type":"BreadcrumbList","@id":"https:\/\/www.gtline.com\/es\/products\/gt-line-trolley-profesional-flash-wh-2-pel\/#breadcrumb","itemListElement":[{"@type":"ListItem","position":1,"name":"Home","item":"https:\/\/www.gtline.com\/es\/"},{"@type":"ListItem","position":2,"name":"Shop","item":"https:\/\/www.gtline.com\/es\/negozio\/"},{"@type":"ListItem","position":3,"name":"GT Line Trolley Profesional Flash WH 2 PEL"}]},{"@type":"WebSite","@id":"https:\/\/www.gtline.com\/es\/#website","url":"https:\/\/www.gtline.com\/es\/","name":"Gt Line","description":"","publisher":{"@id":"https:\/\/www.gtline.com\/es\/#organization"},"potentialAction":[{"@type":"SearchAction","target":{"@type":"EntryPoint","urlTemplate":"https:\/\/www.gtline.com\/es\/?s={search_term_string}"},"query-input":{"@type":"PropertyValueSpecification","valueRequired":true,"valueName":"search_term_string"}}],"inLanguage":"es"},{"@type":"Organization","@id":"https:\/\/www.gtline.com\/es\/#organization","name":"Gt Line","url":"https:\/\/www.gtline.com\/es\/","logo":{"@type":"ImageObject","inLanguage":"es","@id":"https:\/\/www.gtline.com\/es\/#\/schema\/logo\/image\/","url":"https:\/\/www.gtline.com\/es\/wp-content\/uploads\/sites\/4\/2025\/02\/logo.png","contentUrl":"https:\/\/www.gtline.com\/es\/wp-content\/uploads\/sites\/4\/2025\/02\/logo.png","width":228,"height":146,"caption":"Gt Line"},"image":{"@id":"https:\/\/www.gtline.com\/es\/#\/schema\/logo\/image\/"},"sameAs":["https:\/\/www.facebook.com\/gtlinesrl?locale=it_IT","https:\/\/www.instagram.com\/gt_line_srl\/","https:\/\/www.youtube.com\/channel\/UCDvpkFqswNJOVFz64PkYRQQ","https:\/\/www.linkedin.com\/company\/gt-line-srl\/"]}]}},"_links":{"self":[{"href":"https:\/\/www.gtline.com\/es\/wp-json\/wp\/v2\/product\/16053","targetHints":{"allow":["GET"]}}],"collection":[{"href":"https:\/\/www.gtline.com\/es\/wp-json\/wp\/v2\/product"}],"about":[{"href":"https:\/\/www.gtline.com\/es\/wp-json\/wp\/v2\/types\/product"}],"replies":[{"embeddable":true,"href":"https:\/\/www.gtline.com\/es\/wp-json\/wp\/v2\/comments?post=16053"}],"version-history":[{"count":3,"href":"https:\/\/www.gtline.com\/es\/wp-json\/wp\/v2\/product\/16053\/revisions"}],"predecessor-version":[{"id":22888,"href":"https:\/\/www.gtline.com\/es\/wp-json\/wp\/v2\/product\/16053\/revisions\/22888"}],"wp:featuredmedia":[{"embeddable":true,"href":"https:\/\/www.gtline.com\/es\/wp-json\/wp\/v2\/media\/6975"}],"wp:attachment":[{"href":"https:\/\/www.gtline.com\/es\/wp-json\/wp\/v2\/media?parent=16053"}],"wp:term":[{"taxonomy":"product_brand","embeddable":true,"href":"https:\/\/www.gtline.com\/es\/wp-json\/wp\/v2\/product_brand?post=16053"},{"taxonomy":"product_cat","embeddable":true,"href":"https:\/\/www.gtline.com\/es\/wp-json\/wp\/v2\/product_cat?post=16053"},{"taxonomy":"product_tag","embeddable":true,"href":"https:\/\/www.gtline.com\/es\/wp-json\/wp\/v2\/product_tag?post=16053"}],"curies":[{"name":"wp","href":"https:\/\/api.w.org\/{rel}","templated":true}]}}