{"id":16064,"date":"2025-07-21T10:19:22","date_gmt":"2025-07-21T10:19:22","guid":{"rendered":"https:\/\/www.gtline.com\/es\/prodotto\/gt-line-trolley-profesional-waterproof-gt-52-21-pss\/"},"modified":"2026-04-17T03:02:39","modified_gmt":"2026-04-17T03:02:39","slug":"gt-line-trolley-profesional-waterproof-gt-52-21-pss","status":"publish","type":"product","link":"https:\/\/www.gtline.com\/es\/products\/gt-line-trolley-profesional-waterproof-gt-52-21-pss\/","title":{"rendered":"GT Line Trolley Profesional GT 52-21 PSS"},"content":{"rendered":"<p>1. Resistente al agua y protecci\u00f3n total contra agentes externos.<br \/>Garantiza resistencia al agua, humedad, arena y polvo fino.<br \/> 2. Resistencia superior para condiciones extremas. <br \/> Fabricado en polipropileno de alto espesor, con pasadores de bisagra resistentes a la corrosi\u00f3n y refuerzos de acero, ofrece protecci\u00f3n contra impactos, aplastamiento y agentes corrosivos en un amplio rango de temperaturas (de -33 \u00b0C a +90 \u00b0C). <br \/> 3. Capacidad extra grande para herramientas y equipos voluminosos. <br \/> El fondo termoformado con divisores ajustables permite una organizaci\u00f3n eficiente de equipos irregulares o de gran tama\u00f1o. <br \/> 4. Organizaci\u00f3n profesional y personalizable. <br \/> Equipado con 2 paneles de herramientas el\u00e1sticos y una bolsa para documentos, este estuche mantiene las herramientas y los documentos ordenados para un flujo de trabajo \u00f3ptimo. <br \/> 5. Movilidad ideal para viajes a\u00e9reos. <br \/> El mango telesc\u00f3pico, las ruedas duraderas y el tama\u00f1o compatible con la cabina lo convierten en el estuche de herramientas perfecto para los viajeros frecuentes. <br \/> 6. Seguridad avanzada e identificaci\u00f3n r\u00e1pida. <br \/> Un nuevo sistema de bloqueo de palanca, un soporte de etiqueta de identificaci\u00f3n extra\u00edble y una ranura opcional para etiquetas de env\u00edo garantizan la seguridad y la trazabilidad durante el transporte. <br \/> 7. Estabilidad y facilidad de uso en el campo. <br \/> Los tirantes de la tapa presurizados con gas mantienen la tapa abierta para el acceso manos libres, incluso en entornos operativos complejos.<\/p>\n","protected":false},"excerpt":{"rendered":"<p>El carro profesional GT 52-21 es un contenedor profesional dise\u00f1ado para ofrecer un alto rendimiento en condiciones adversas. Herm\u00e9tico y resistente al agua, protege completamente las herramientas y el equipo de la humedad, la arena y el polvo.<\/p>\n<p>Gracias a su gran capacidad, asa telesc\u00f3pica y ruedas integradas, este malet\u00edn de herramientas tambi\u00e9n es perfecto para viajes en avi\u00f3n y para el uso diario.<\/p>\n","protected":false},"featured_media":7013,"comment_status":"open","ping_status":"closed","template":"","meta":{"_acf_changed":false},"product_brand":[],"product_cat":[246],"product_tag":[],"class_list":{"0":"post-16064","1":"product","2":"type-product","3":"status-publish","4":"has-post-thumbnail","6":"product_cat-246","7":"pa_aplicaciones-maletas-y-bolsas-para-electricistas","8":"pa_aplicaciones-maletas-y-bolsas-para-fontaneros","9":"pa_aplicaciones-maletas-y-bolsas-para-mantenedores","10":"pa_aplicaciones-maletas-y-bolsas-para-tecnicos-de-campo","11":"pa_aplicaciones-todas","12":"pa_tipo-de-producto-maletas-para-herramientas","13":"pa_tipo-de-producto-maletas-estancas-para-herramientas","15":"first","16":"instock","17":"shipping-taxable","18":"purchasable","19":"product-type-simple"},"acf":[],"yoast_head":"<!-- This site is optimized with the Yoast SEO plugin v25.4 - https:\/\/yoast.com\/wordpress\/plugins\/seo\/ -->\n<title>Maleta Impermeable Profesional GT 52-21 PSS | GT Line<\/title>\n<meta name=\"description\" content=\"GT 52-21 PSS es una maleta impermeable profesional con organizaci\u00f3n interna y dise\u00f1o robusto para trabajos en ambientes exigentes.\" \/>\n<meta name=\"robots\" content=\"index, follow, max-snippet:-1, max-image-preview:large, max-video-preview:-1\" \/>\n<link rel=\"canonical\" href=\"https:\/\/www.gtline.com\/es\/products\/gt-line-trolley-profesional-waterproof-gt-52-21-pss\/\" \/>\n<meta property=\"og:locale\" content=\"es_ES\" \/>\n<meta property=\"og:type\" content=\"article\" \/>\n<meta property=\"og:title\" content=\"Maleta Impermeable Profesional GT 52-21 PSS | GT Line\" \/>\n<meta property=\"og:description\" content=\"GT 52-21 PSS es una maleta impermeable profesional con organizaci\u00f3n interna y dise\u00f1o robusto para trabajos en ambientes exigentes.\" \/>\n<meta property=\"og:url\" content=\"https:\/\/www.gtline.com\/es\/products\/gt-line-trolley-profesional-waterproof-gt-52-21-pss\/\" \/>\n<meta property=\"og:site_name\" content=\"Gt Line ES\" \/>\n<meta property=\"article:publisher\" content=\"https:\/\/www.facebook.com\/gtlinesrl?locale=it_IT\" \/>\n<meta property=\"article:modified_time\" content=\"2026-04-17T03:02:39+00:00\" \/>\n<meta property=\"og:image\" content=\"https:\/\/www.gtline.com\/es\/wp-content\/uploads\/sites\/4\/2025\/05\/GT-52-21_PSS_01_8636.jpg\" \/>\n\t<meta property=\"og:image:width\" content=\"500\" \/>\n\t<meta property=\"og:image:height\" content=\"500\" \/>\n\t<meta property=\"og:image:type\" content=\"image\/jpeg\" \/>\n<meta name=\"twitter:card\" content=\"summary_large_image\" \/>\n<meta name=\"twitter:label1\" content=\"Tiempo de lectura\" \/>\n\t<meta name=\"twitter:data1\" content=\"2 minutos\" \/>\n<script type=\"application\/ld+json\" class=\"yoast-schema-graph\">{\"@context\":\"https:\/\/schema.org\",\"@graph\":[{\"@type\":\"WebPage\",\"@id\":\"https:\/\/www.gtline.com\/es\/products\/gt-line-trolley-profesional-waterproof-gt-52-21-pss\/\",\"url\":\"https:\/\/www.gtline.com\/es\/products\/gt-line-trolley-profesional-waterproof-gt-52-21-pss\/\",\"name\":\"Maleta Impermeable Profesional GT 52-21 PSS | GT Line\",\"isPartOf\":{\"@id\":\"https:\/\/www.gtline.com\/es\/#website\"},\"primaryImageOfPage\":{\"@id\":\"https:\/\/www.gtline.com\/es\/products\/gt-line-trolley-profesional-waterproof-gt-52-21-pss\/#primaryimage\"},\"image\":{\"@id\":\"https:\/\/www.gtline.com\/es\/products\/gt-line-trolley-profesional-waterproof-gt-52-21-pss\/#primaryimage\"},\"thumbnailUrl\":\"https:\/\/www.gtline.com\/es\/wp-content\/uploads\/sites\/4\/2025\/05\/GT-52-21_PSS_01_8636.jpg\",\"datePublished\":\"2025-07-21T10:19:22+00:00\",\"dateModified\":\"2026-04-17T03:02:39+00:00\",\"description\":\"GT 52-21 PSS es una maleta impermeable profesional con organizaci\u00f3n interna y dise\u00f1o robusto para trabajos en ambientes exigentes.\",\"breadcrumb\":{\"@id\":\"https:\/\/www.gtline.com\/es\/products\/gt-line-trolley-profesional-waterproof-gt-52-21-pss\/#breadcrumb\"},\"inLanguage\":\"es\",\"potentialAction\":[{\"@type\":\"ReadAction\",\"target\":[\"https:\/\/www.gtline.com\/es\/products\/gt-line-trolley-profesional-waterproof-gt-52-21-pss\/\"]}]},{\"@type\":\"ImageObject\",\"inLanguage\":\"es\",\"@id\":\"https:\/\/www.gtline.com\/es\/products\/gt-line-trolley-profesional-waterproof-gt-52-21-pss\/#primaryimage\",\"url\":\"https:\/\/www.gtline.com\/es\/wp-content\/uploads\/sites\/4\/2025\/05\/GT-52-21_PSS_01_8636.jpg\",\"contentUrl\":\"https:\/\/www.gtline.com\/es\/wp-content\/uploads\/sites\/4\/2025\/05\/GT-52-21_PSS_01_8636.jpg\",\"width\":500,\"height\":500},{\"@type\":\"BreadcrumbList\",\"@id\":\"https:\/\/www.gtline.com\/es\/products\/gt-line-trolley-profesional-waterproof-gt-52-21-pss\/#breadcrumb\",\"itemListElement\":[{\"@type\":\"ListItem\",\"position\":1,\"name\":\"Home\",\"item\":\"https:\/\/www.gtline.com\/es\/\"},{\"@type\":\"ListItem\",\"position\":2,\"name\":\"Shop\",\"item\":\"https:\/\/www.gtline.com\/es\/negozio\/\"},{\"@type\":\"ListItem\",\"position\":3,\"name\":\"GT Line Trolley Profesional GT 52-21 PSS\"}]},{\"@type\":\"WebSite\",\"@id\":\"https:\/\/www.gtline.com\/es\/#website\",\"url\":\"https:\/\/www.gtline.com\/es\/\",\"name\":\"Gt Line\",\"description\":\"\",\"publisher\":{\"@id\":\"https:\/\/www.gtline.com\/es\/#organization\"},\"potentialAction\":[{\"@type\":\"SearchAction\",\"target\":{\"@type\":\"EntryPoint\",\"urlTemplate\":\"https:\/\/www.gtline.com\/es\/?s={search_term_string}\"},\"query-input\":{\"@type\":\"PropertyValueSpecification\",\"valueRequired\":true,\"valueName\":\"search_term_string\"}}],\"inLanguage\":\"es\"},{\"@type\":\"Organization\",\"@id\":\"https:\/\/www.gtline.com\/es\/#organization\",\"name\":\"Gt Line\",\"url\":\"https:\/\/www.gtline.com\/es\/\",\"logo\":{\"@type\":\"ImageObject\",\"inLanguage\":\"es\",\"@id\":\"https:\/\/www.gtline.com\/es\/#\/schema\/logo\/image\/\",\"url\":\"https:\/\/www.gtline.com\/es\/wp-content\/uploads\/sites\/4\/2025\/02\/logo.png\",\"contentUrl\":\"https:\/\/www.gtline.com\/es\/wp-content\/uploads\/sites\/4\/2025\/02\/logo.png\",\"width\":228,\"height\":146,\"caption\":\"Gt Line\"},\"image\":{\"@id\":\"https:\/\/www.gtline.com\/es\/#\/schema\/logo\/image\/\"},\"sameAs\":[\"https:\/\/www.facebook.com\/gtlinesrl?locale=it_IT\",\"https:\/\/www.instagram.com\/gt_line_srl\/\",\"https:\/\/www.youtube.com\/channel\/UCDvpkFqswNJOVFz64PkYRQQ\",\"https:\/\/www.linkedin.com\/company\/gt-line-srl\/\"]}]}<\/script>\n<!-- \/ Yoast SEO plugin. -->","yoast_head_json":{"title":"Maleta Impermeable Profesional GT 52-21 PSS | GT Line","description":"GT 52-21 PSS es una maleta impermeable profesional con organizaci\u00f3n interna y dise\u00f1o robusto para trabajos en ambientes exigentes.","robots":{"index":"index","follow":"follow","max-snippet":"max-snippet:-1","max-image-preview":"max-image-preview:large","max-video-preview":"max-video-preview:-1"},"canonical":"https:\/\/www.gtline.com\/es\/products\/gt-line-trolley-profesional-waterproof-gt-52-21-pss\/","og_locale":"es_ES","og_type":"article","og_title":"Maleta Impermeable Profesional GT 52-21 PSS | GT Line","og_description":"GT 52-21 PSS es una maleta impermeable profesional con organizaci\u00f3n interna y dise\u00f1o robusto para trabajos en ambientes exigentes.","og_url":"https:\/\/www.gtline.com\/es\/products\/gt-line-trolley-profesional-waterproof-gt-52-21-pss\/","og_site_name":"Gt Line ES","article_publisher":"https:\/\/www.facebook.com\/gtlinesrl?locale=it_IT","article_modified_time":"2026-04-17T03:02:39+00:00","og_image":[{"width":500,"height":500,"url":"https:\/\/www.gtline.com\/es\/wp-content\/uploads\/sites\/4\/2025\/05\/GT-52-21_PSS_01_8636.jpg","type":"image\/jpeg"}],"twitter_card":"summary_large_image","twitter_misc":{"Tiempo de lectura":"2 minutos"},"schema":{"@context":"https:\/\/schema.org","@graph":[{"@type":"WebPage","@id":"https:\/\/www.gtline.com\/es\/products\/gt-line-trolley-profesional-waterproof-gt-52-21-pss\/","url":"https:\/\/www.gtline.com\/es\/products\/gt-line-trolley-profesional-waterproof-gt-52-21-pss\/","name":"Maleta Impermeable Profesional GT 52-21 PSS | GT Line","isPartOf":{"@id":"https:\/\/www.gtline.com\/es\/#website"},"primaryImageOfPage":{"@id":"https:\/\/www.gtline.com\/es\/products\/gt-line-trolley-profesional-waterproof-gt-52-21-pss\/#primaryimage"},"image":{"@id":"https:\/\/www.gtline.com\/es\/products\/gt-line-trolley-profesional-waterproof-gt-52-21-pss\/#primaryimage"},"thumbnailUrl":"https:\/\/www.gtline.com\/es\/wp-content\/uploads\/sites\/4\/2025\/05\/GT-52-21_PSS_01_8636.jpg","datePublished":"2025-07-21T10:19:22+00:00","dateModified":"2026-04-17T03:02:39+00:00","description":"GT 52-21 PSS es una maleta impermeable profesional con organizaci\u00f3n interna y dise\u00f1o robusto para trabajos en ambientes exigentes.","breadcrumb":{"@id":"https:\/\/www.gtline.com\/es\/products\/gt-line-trolley-profesional-waterproof-gt-52-21-pss\/#breadcrumb"},"inLanguage":"es","potentialAction":[{"@type":"ReadAction","target":["https:\/\/www.gtline.com\/es\/products\/gt-line-trolley-profesional-waterproof-gt-52-21-pss\/"]}]},{"@type":"ImageObject","inLanguage":"es","@id":"https:\/\/www.gtline.com\/es\/products\/gt-line-trolley-profesional-waterproof-gt-52-21-pss\/#primaryimage","url":"https:\/\/www.gtline.com\/es\/wp-content\/uploads\/sites\/4\/2025\/05\/GT-52-21_PSS_01_8636.jpg","contentUrl":"https:\/\/www.gtline.com\/es\/wp-content\/uploads\/sites\/4\/2025\/05\/GT-52-21_PSS_01_8636.jpg","width":500,"height":500},{"@type":"BreadcrumbList","@id":"https:\/\/www.gtline.com\/es\/products\/gt-line-trolley-profesional-waterproof-gt-52-21-pss\/#breadcrumb","itemListElement":[{"@type":"ListItem","position":1,"name":"Home","item":"https:\/\/www.gtline.com\/es\/"},{"@type":"ListItem","position":2,"name":"Shop","item":"https:\/\/www.gtline.com\/es\/negozio\/"},{"@type":"ListItem","position":3,"name":"GT Line Trolley Profesional GT 52-21 PSS"}]},{"@type":"WebSite","@id":"https:\/\/www.gtline.com\/es\/#website","url":"https:\/\/www.gtline.com\/es\/","name":"Gt Line","description":"","publisher":{"@id":"https:\/\/www.gtline.com\/es\/#organization"},"potentialAction":[{"@type":"SearchAction","target":{"@type":"EntryPoint","urlTemplate":"https:\/\/www.gtline.com\/es\/?s={search_term_string}"},"query-input":{"@type":"PropertyValueSpecification","valueRequired":true,"valueName":"search_term_string"}}],"inLanguage":"es"},{"@type":"Organization","@id":"https:\/\/www.gtline.com\/es\/#organization","name":"Gt Line","url":"https:\/\/www.gtline.com\/es\/","logo":{"@type":"ImageObject","inLanguage":"es","@id":"https:\/\/www.gtline.com\/es\/#\/schema\/logo\/image\/","url":"https:\/\/www.gtline.com\/es\/wp-content\/uploads\/sites\/4\/2025\/02\/logo.png","contentUrl":"https:\/\/www.gtline.com\/es\/wp-content\/uploads\/sites\/4\/2025\/02\/logo.png","width":228,"height":146,"caption":"Gt Line"},"image":{"@id":"https:\/\/www.gtline.com\/es\/#\/schema\/logo\/image\/"},"sameAs":["https:\/\/www.facebook.com\/gtlinesrl?locale=it_IT","https:\/\/www.instagram.com\/gt_line_srl\/","https:\/\/www.youtube.com\/channel\/UCDvpkFqswNJOVFz64PkYRQQ","https:\/\/www.linkedin.com\/company\/gt-line-srl\/"]}]}},"_links":{"self":[{"href":"https:\/\/www.gtline.com\/es\/wp-json\/wp\/v2\/product\/16064","targetHints":{"allow":["GET"]}}],"collection":[{"href":"https:\/\/www.gtline.com\/es\/wp-json\/wp\/v2\/product"}],"about":[{"href":"https:\/\/www.gtline.com\/es\/wp-json\/wp\/v2\/types\/product"}],"replies":[{"embeddable":true,"href":"https:\/\/www.gtline.com\/es\/wp-json\/wp\/v2\/comments?post=16064"}],"version-history":[{"count":4,"href":"https:\/\/www.gtline.com\/es\/wp-json\/wp\/v2\/product\/16064\/revisions"}],"predecessor-version":[{"id":22898,"href":"https:\/\/www.gtline.com\/es\/wp-json\/wp\/v2\/product\/16064\/revisions\/22898"}],"wp:featuredmedia":[{"embeddable":true,"href":"https:\/\/www.gtline.com\/es\/wp-json\/wp\/v2\/media\/7013"}],"wp:attachment":[{"href":"https:\/\/www.gtline.com\/es\/wp-json\/wp\/v2\/media?parent=16064"}],"wp:term":[{"taxonomy":"product_brand","embeddable":true,"href":"https:\/\/www.gtline.com\/es\/wp-json\/wp\/v2\/product_brand?post=16064"},{"taxonomy":"product_cat","embeddable":true,"href":"https:\/\/www.gtline.com\/es\/wp-json\/wp\/v2\/product_cat?post=16064"},{"taxonomy":"product_tag","embeddable":true,"href":"https:\/\/www.gtline.com\/es\/wp-json\/wp\/v2\/product_tag?post=16064"}],"curies":[{"name":"wp","href":"https:\/\/api.w.org\/{rel}","templated":true}]}}