{"id":16214,"date":"2025-07-21T10:23:09","date_gmt":"2025-07-21T10:23:09","guid":{"rendered":"https:\/\/www.gtline.com\/es\/prodotto\/gt-line-maleta-profesional-waterproof-mub65\/"},"modified":"2026-04-17T03:06:56","modified_gmt":"2026-04-17T03:06:56","slug":"gt-line-maleta-profesional-waterproof-mub65","status":"publish","type":"product","link":"https:\/\/www.gtline.com\/es\/products\/gt-line-maleta-profesional-waterproof-mub65\/","title":{"rendered":"Contenedor profesional GT Line MUB65"},"content":{"rendered":"<p>1. M\u00e1xima resistencia a la intemperie y a los productos qu\u00edmicos. <br \/> El polipropileno de alta densidad ofrece protecci\u00f3n contra la lluvia, el polvo, el barro y las sustancias corrosivas, lo que convierte al MUB65 en un estuche profesional ideal para uso en exteriores. <br \/> <br \/>\n2. Estructura reforzada para entornos dif\u00edciles. <br \/> Los refuerzos en la tapa aumentan la rigidez estructural, protegiendo las herramientas incluso de golpes o presi\u00f3n. <br \/> <br \/>\n3. Gran capacidad de carga en un formato compacto. <br \/> Las generosas dimensiones internas (653 x 340 x 312 mm) permiten transportar una amplia gama de herramientas y accesorios manteniendo el peso total bajo (solo 4,39 kg). <br \/> <br \/>\n4. F\u00e1cil transporte, incluso por dos operadores. <br \/> El asa delantera y las empu\u00f1aduras laterales permiten un transporte ergon\u00f3mico, ya sea solo o compartido. <br \/> <br \/>\n5. Seguridad y protecci\u00f3n de herramientas. <br \/> Las ranuras integradas para candado permiten bloquear la caja de herramientas, manteniendo el contenido a salvo de accesos no autorizados. <br \/> <br \/>\n6. Perfecto para profesionales m\u00f3viles. <br \/> Apilable y ligero, el MUB65 es ideal para el transporte y el almacenamiento en furgonetas, almacenes o barcos, optimizando el espacio y la eficiencia. <br \/> <br \/>\n7. Interior configurable para cualquier necesidad. <br \/> Si se entrega vac\u00edo, puede equiparse con divisores, contenedores o inserciones de espuma personalizadas para proteger herramientas de precisi\u00f3n o equipos delicados. <br \/> <br \/>\n8. Fiabilidad de nivel profesional en todos los contextos. <br \/> Dise\u00f1ado para sectores que exigen resistencia y versatilidad, es el malet\u00edn de herramientas perfecto para electricistas, t\u00e9cnicos de mantenimiento y profesionales en entornos n\u00e1uticos y al aire libre. <\/p>\n","protected":false},"excerpt":{"rendered":"<p>La caja de herramientas profesional GT Line MUB65 es un contenedor t\u00e9cnico multifuncional dise\u00f1ado para ofrecer la m\u00e1xima fiabilidad en condiciones extremas. Fabricada en polipropileno moldeado por inyecci\u00f3n, combina ligereza y resistencia con una capacidad de carga excepcional. Esta caja de herramientas es ideal para profesionales de los sectores de la construcci\u00f3n, la n\u00e1utica, la log\u00edstica y el aire libre que necesitan una caja de herramientas robusta y apilable, preparada para afrontar entornos hostiles.<\/p>\n","protected":false},"featured_media":7050,"comment_status":"open","ping_status":"closed","template":"","meta":{"_acf_changed":false},"product_brand":[],"product_cat":[234],"product_tag":[],"class_list":{"0":"post-16214","1":"product","2":"type-product","3":"status-publish","4":"has-post-thumbnail","6":"product_cat-mub","7":"pa_aplicaciones-maletas-y-bolsas-para-electricistas","8":"pa_aplicaciones-maletas-y-bolsas-para-fontaneros","9":"pa_aplicaciones-maletas-y-bolsas-para-mantenedores","10":"pa_aplicaciones-maletas-y-bolsas-para-tecnicos-de-campo","11":"pa_tipo-de-producto-maletas-para-herramientas","13":"first","14":"instock","15":"shipping-taxable","16":"purchasable","17":"product-type-simple"},"acf":[],"yoast_head":"<!-- This site is optimized with the Yoast SEO plugin v25.4 - https:\/\/yoast.com\/wordpress\/plugins\/seo\/ -->\n<title>Maleta Trolley Profesional Impermeable MUB65 | GT Line<\/title>\n<meta name=\"description\" content=\"Maleta trolley impermeable MUB65 con alta resistencia, ruedas s\u00f3lidas y protecci\u00f3n total contra agua y golpes para herramientas profesionales.\" \/>\n<meta name=\"robots\" content=\"index, follow, max-snippet:-1, max-image-preview:large, max-video-preview:-1\" \/>\n<link rel=\"canonical\" href=\"https:\/\/www.gtline.com\/es\/products\/gt-line-maleta-profesional-waterproof-mub65\/\" \/>\n<meta property=\"og:locale\" content=\"es_ES\" \/>\n<meta property=\"og:type\" content=\"article\" \/>\n<meta property=\"og:title\" content=\"Maleta Trolley Profesional Impermeable MUB65 | GT Line\" \/>\n<meta property=\"og:description\" content=\"Maleta trolley impermeable MUB65 con alta resistencia, ruedas s\u00f3lidas y protecci\u00f3n total contra agua y golpes para herramientas profesionales.\" \/>\n<meta property=\"og:url\" content=\"https:\/\/www.gtline.com\/es\/products\/gt-line-maleta-profesional-waterproof-mub65\/\" \/>\n<meta property=\"og:site_name\" content=\"Gt Line ES\" \/>\n<meta property=\"article:publisher\" content=\"https:\/\/www.facebook.com\/gtlinesrl?locale=it_IT\" \/>\n<meta property=\"article:modified_time\" content=\"2026-04-17T03:06:56+00:00\" \/>\n<meta property=\"og:image\" content=\"https:\/\/www.gtline.com\/es\/wp-content\/uploads\/sites\/4\/2025\/05\/MUB65_01_8964.jpg\" \/>\n\t<meta property=\"og:image:width\" content=\"500\" \/>\n\t<meta property=\"og:image:height\" content=\"500\" \/>\n\t<meta property=\"og:image:type\" content=\"image\/jpeg\" \/>\n<meta name=\"twitter:card\" content=\"summary_large_image\" \/>\n<meta name=\"twitter:label1\" content=\"Tiempo de lectura\" \/>\n\t<meta name=\"twitter:data1\" content=\"2 minutos\" \/>\n<script type=\"application\/ld+json\" class=\"yoast-schema-graph\">{\"@context\":\"https:\/\/schema.org\",\"@graph\":[{\"@type\":\"WebPage\",\"@id\":\"https:\/\/www.gtline.com\/es\/products\/gt-line-maleta-profesional-waterproof-mub65\/\",\"url\":\"https:\/\/www.gtline.com\/es\/products\/gt-line-maleta-profesional-waterproof-mub65\/\",\"name\":\"Maleta Trolley Profesional Impermeable MUB65 | GT Line\",\"isPartOf\":{\"@id\":\"https:\/\/www.gtline.com\/es\/#website\"},\"primaryImageOfPage\":{\"@id\":\"https:\/\/www.gtline.com\/es\/products\/gt-line-maleta-profesional-waterproof-mub65\/#primaryimage\"},\"image\":{\"@id\":\"https:\/\/www.gtline.com\/es\/products\/gt-line-maleta-profesional-waterproof-mub65\/#primaryimage\"},\"thumbnailUrl\":\"https:\/\/www.gtline.com\/es\/wp-content\/uploads\/sites\/4\/2025\/05\/MUB65_01_8964.jpg\",\"datePublished\":\"2025-07-21T10:23:09+00:00\",\"dateModified\":\"2026-04-17T03:06:56+00:00\",\"description\":\"Maleta trolley impermeable MUB65 con alta resistencia, ruedas s\u00f3lidas y protecci\u00f3n total contra agua y golpes para herramientas profesionales.\",\"breadcrumb\":{\"@id\":\"https:\/\/www.gtline.com\/es\/products\/gt-line-maleta-profesional-waterproof-mub65\/#breadcrumb\"},\"inLanguage\":\"es\",\"potentialAction\":[{\"@type\":\"ReadAction\",\"target\":[\"https:\/\/www.gtline.com\/es\/products\/gt-line-maleta-profesional-waterproof-mub65\/\"]}]},{\"@type\":\"ImageObject\",\"inLanguage\":\"es\",\"@id\":\"https:\/\/www.gtline.com\/es\/products\/gt-line-maleta-profesional-waterproof-mub65\/#primaryimage\",\"url\":\"https:\/\/www.gtline.com\/es\/wp-content\/uploads\/sites\/4\/2025\/05\/MUB65_01_8964.jpg\",\"contentUrl\":\"https:\/\/www.gtline.com\/es\/wp-content\/uploads\/sites\/4\/2025\/05\/MUB65_01_8964.jpg\",\"width\":500,\"height\":500},{\"@type\":\"BreadcrumbList\",\"@id\":\"https:\/\/www.gtline.com\/es\/products\/gt-line-maleta-profesional-waterproof-mub65\/#breadcrumb\",\"itemListElement\":[{\"@type\":\"ListItem\",\"position\":1,\"name\":\"Home\",\"item\":\"https:\/\/www.gtline.com\/es\/\"},{\"@type\":\"ListItem\",\"position\":2,\"name\":\"Shop\",\"item\":\"https:\/\/www.gtline.com\/es\/negozio\/\"},{\"@type\":\"ListItem\",\"position\":3,\"name\":\"Contenedor profesional GT Line MUB65\"}]},{\"@type\":\"WebSite\",\"@id\":\"https:\/\/www.gtline.com\/es\/#website\",\"url\":\"https:\/\/www.gtline.com\/es\/\",\"name\":\"Gt Line\",\"description\":\"\",\"publisher\":{\"@id\":\"https:\/\/www.gtline.com\/es\/#organization\"},\"potentialAction\":[{\"@type\":\"SearchAction\",\"target\":{\"@type\":\"EntryPoint\",\"urlTemplate\":\"https:\/\/www.gtline.com\/es\/?s={search_term_string}\"},\"query-input\":{\"@type\":\"PropertyValueSpecification\",\"valueRequired\":true,\"valueName\":\"search_term_string\"}}],\"inLanguage\":\"es\"},{\"@type\":\"Organization\",\"@id\":\"https:\/\/www.gtline.com\/es\/#organization\",\"name\":\"Gt Line\",\"url\":\"https:\/\/www.gtline.com\/es\/\",\"logo\":{\"@type\":\"ImageObject\",\"inLanguage\":\"es\",\"@id\":\"https:\/\/www.gtline.com\/es\/#\/schema\/logo\/image\/\",\"url\":\"https:\/\/www.gtline.com\/es\/wp-content\/uploads\/sites\/4\/2025\/02\/logo.png\",\"contentUrl\":\"https:\/\/www.gtline.com\/es\/wp-content\/uploads\/sites\/4\/2025\/02\/logo.png\",\"width\":228,\"height\":146,\"caption\":\"Gt Line\"},\"image\":{\"@id\":\"https:\/\/www.gtline.com\/es\/#\/schema\/logo\/image\/\"},\"sameAs\":[\"https:\/\/www.facebook.com\/gtlinesrl?locale=it_IT\",\"https:\/\/www.instagram.com\/gt_line_srl\/\",\"https:\/\/www.youtube.com\/channel\/UCDvpkFqswNJOVFz64PkYRQQ\",\"https:\/\/www.linkedin.com\/company\/gt-line-srl\/\"]}]}<\/script>\n<!-- \/ Yoast SEO plugin. -->","yoast_head_json":{"title":"Maleta Trolley Profesional Impermeable MUB65 | GT Line","description":"Maleta trolley impermeable MUB65 con alta resistencia, ruedas s\u00f3lidas y protecci\u00f3n total contra agua y golpes para herramientas profesionales.","robots":{"index":"index","follow":"follow","max-snippet":"max-snippet:-1","max-image-preview":"max-image-preview:large","max-video-preview":"max-video-preview:-1"},"canonical":"https:\/\/www.gtline.com\/es\/products\/gt-line-maleta-profesional-waterproof-mub65\/","og_locale":"es_ES","og_type":"article","og_title":"Maleta Trolley Profesional Impermeable MUB65 | GT Line","og_description":"Maleta trolley impermeable MUB65 con alta resistencia, ruedas s\u00f3lidas y protecci\u00f3n total contra agua y golpes para herramientas profesionales.","og_url":"https:\/\/www.gtline.com\/es\/products\/gt-line-maleta-profesional-waterproof-mub65\/","og_site_name":"Gt Line ES","article_publisher":"https:\/\/www.facebook.com\/gtlinesrl?locale=it_IT","article_modified_time":"2026-04-17T03:06:56+00:00","og_image":[{"width":500,"height":500,"url":"https:\/\/www.gtline.com\/es\/wp-content\/uploads\/sites\/4\/2025\/05\/MUB65_01_8964.jpg","type":"image\/jpeg"}],"twitter_card":"summary_large_image","twitter_misc":{"Tiempo de lectura":"2 minutos"},"schema":{"@context":"https:\/\/schema.org","@graph":[{"@type":"WebPage","@id":"https:\/\/www.gtline.com\/es\/products\/gt-line-maleta-profesional-waterproof-mub65\/","url":"https:\/\/www.gtline.com\/es\/products\/gt-line-maleta-profesional-waterproof-mub65\/","name":"Maleta Trolley Profesional Impermeable MUB65 | GT Line","isPartOf":{"@id":"https:\/\/www.gtline.com\/es\/#website"},"primaryImageOfPage":{"@id":"https:\/\/www.gtline.com\/es\/products\/gt-line-maleta-profesional-waterproof-mub65\/#primaryimage"},"image":{"@id":"https:\/\/www.gtline.com\/es\/products\/gt-line-maleta-profesional-waterproof-mub65\/#primaryimage"},"thumbnailUrl":"https:\/\/www.gtline.com\/es\/wp-content\/uploads\/sites\/4\/2025\/05\/MUB65_01_8964.jpg","datePublished":"2025-07-21T10:23:09+00:00","dateModified":"2026-04-17T03:06:56+00:00","description":"Maleta trolley impermeable MUB65 con alta resistencia, ruedas s\u00f3lidas y protecci\u00f3n total contra agua y golpes para herramientas profesionales.","breadcrumb":{"@id":"https:\/\/www.gtline.com\/es\/products\/gt-line-maleta-profesional-waterproof-mub65\/#breadcrumb"},"inLanguage":"es","potentialAction":[{"@type":"ReadAction","target":["https:\/\/www.gtline.com\/es\/products\/gt-line-maleta-profesional-waterproof-mub65\/"]}]},{"@type":"ImageObject","inLanguage":"es","@id":"https:\/\/www.gtline.com\/es\/products\/gt-line-maleta-profesional-waterproof-mub65\/#primaryimage","url":"https:\/\/www.gtline.com\/es\/wp-content\/uploads\/sites\/4\/2025\/05\/MUB65_01_8964.jpg","contentUrl":"https:\/\/www.gtline.com\/es\/wp-content\/uploads\/sites\/4\/2025\/05\/MUB65_01_8964.jpg","width":500,"height":500},{"@type":"BreadcrumbList","@id":"https:\/\/www.gtline.com\/es\/products\/gt-line-maleta-profesional-waterproof-mub65\/#breadcrumb","itemListElement":[{"@type":"ListItem","position":1,"name":"Home","item":"https:\/\/www.gtline.com\/es\/"},{"@type":"ListItem","position":2,"name":"Shop","item":"https:\/\/www.gtline.com\/es\/negozio\/"},{"@type":"ListItem","position":3,"name":"Contenedor profesional GT Line MUB65"}]},{"@type":"WebSite","@id":"https:\/\/www.gtline.com\/es\/#website","url":"https:\/\/www.gtline.com\/es\/","name":"Gt Line","description":"","publisher":{"@id":"https:\/\/www.gtline.com\/es\/#organization"},"potentialAction":[{"@type":"SearchAction","target":{"@type":"EntryPoint","urlTemplate":"https:\/\/www.gtline.com\/es\/?s={search_term_string}"},"query-input":{"@type":"PropertyValueSpecification","valueRequired":true,"valueName":"search_term_string"}}],"inLanguage":"es"},{"@type":"Organization","@id":"https:\/\/www.gtline.com\/es\/#organization","name":"Gt Line","url":"https:\/\/www.gtline.com\/es\/","logo":{"@type":"ImageObject","inLanguage":"es","@id":"https:\/\/www.gtline.com\/es\/#\/schema\/logo\/image\/","url":"https:\/\/www.gtline.com\/es\/wp-content\/uploads\/sites\/4\/2025\/02\/logo.png","contentUrl":"https:\/\/www.gtline.com\/es\/wp-content\/uploads\/sites\/4\/2025\/02\/logo.png","width":228,"height":146,"caption":"Gt Line"},"image":{"@id":"https:\/\/www.gtline.com\/es\/#\/schema\/logo\/image\/"},"sameAs":["https:\/\/www.facebook.com\/gtlinesrl?locale=it_IT","https:\/\/www.instagram.com\/gt_line_srl\/","https:\/\/www.youtube.com\/channel\/UCDvpkFqswNJOVFz64PkYRQQ","https:\/\/www.linkedin.com\/company\/gt-line-srl\/"]}]}},"_links":{"self":[{"href":"https:\/\/www.gtline.com\/es\/wp-json\/wp\/v2\/product\/16214","targetHints":{"allow":["GET"]}}],"collection":[{"href":"https:\/\/www.gtline.com\/es\/wp-json\/wp\/v2\/product"}],"about":[{"href":"https:\/\/www.gtline.com\/es\/wp-json\/wp\/v2\/types\/product"}],"replies":[{"embeddable":true,"href":"https:\/\/www.gtline.com\/es\/wp-json\/wp\/v2\/comments?post=16214"}],"version-history":[{"count":4,"href":"https:\/\/www.gtline.com\/es\/wp-json\/wp\/v2\/product\/16214\/revisions"}],"predecessor-version":[{"id":22993,"href":"https:\/\/www.gtline.com\/es\/wp-json\/wp\/v2\/product\/16214\/revisions\/22993"}],"wp:featuredmedia":[{"embeddable":true,"href":"https:\/\/www.gtline.com\/es\/wp-json\/wp\/v2\/media\/7050"}],"wp:attachment":[{"href":"https:\/\/www.gtline.com\/es\/wp-json\/wp\/v2\/media?parent=16214"}],"wp:term":[{"taxonomy":"product_brand","embeddable":true,"href":"https:\/\/www.gtline.com\/es\/wp-json\/wp\/v2\/product_brand?post=16214"},{"taxonomy":"product_cat","embeddable":true,"href":"https:\/\/www.gtline.com\/es\/wp-json\/wp\/v2\/product_cat?post=16214"},{"taxonomy":"product_tag","embeddable":true,"href":"https:\/\/www.gtline.com\/es\/wp-json\/wp\/v2\/product_tag?post=16214"}],"curies":[{"name":"wp","href":"https:\/\/api.w.org\/{rel}","templated":true}]}}