{"id":16230,"date":"2025-07-21T10:23:50","date_gmt":"2025-07-21T10:23:50","guid":{"rendered":"https:\/\/www.gtline.com\/es\/prodotto\/gt-line-maleta-profesional-rock-turtle-pts\/"},"modified":"2026-04-17T03:07:41","modified_gmt":"2026-04-17T03:07:41","slug":"gt-line-maleta-profesional-rock-turtle-pts","status":"publish","type":"product","link":"https:\/\/www.gtline.com\/es\/products\/gt-line-maleta-profesional-rock-turtle-pts\/","title":{"rendered":"GT Line Maleta Profesional Rock Turtle PTS"},"content":{"rendered":"<p>1. Protecci\u00f3n avanzada contra impactos y condiciones <br \/> dif\u00edciles<br \/>\nLogrado a trav\u00e9s de Polietileno de Alta Resistencia: este material garantiza una estructura fuerte y resistente a los impactos, protegiendo el contenido de la carcasa incluso en entornos hostiles.  <\/p>\n<p>2. Fuerza y confiabilidad <br \/> superiores<br \/>\nGarantizado por el perfil de aluminio: el borde de aluminio refuerza la estructura de la caja, aumentando la resistencia a los impactos y la corrosi\u00f3n, y mejorando la durabilidad a largo plazo.  <\/p>\n<p>3. Capacidad <br \/> m\u00e1xima de almacenamiento<br \/>\nProporcionado por el interior espacioso: las maletas GT est\u00e1n dise\u00f1adas para ofrecer un amplio espacio, lo que permite una organizaci\u00f3n \u00f3ptima de herramientas y accesorios sin comprometer la funcionalidad.  <\/p>\n<p>4. Gesti\u00f3n inteligente de <br \/> herramientas<br \/>\nHabilitado por la tecnolog\u00eda INTELLIRESPOND: con la aplicaci\u00f3n gratuita, puede monitorear y administrar f\u00e1cilmente las herramientas almacenadas en el estuche, lo que garantiza un control total sobre el contenido y el estado.  <\/p>\n<p>5. Seguridad durante el transporte <br \/> a\u00e9reo<br \/>\nGarantizado por cerraduras aprobadas por la TSA: estas cerraduras permiten un viaje a\u00e9reo seguro, lo que permite controles de seguridad sin comprometer la protecci\u00f3n del contenido.  <\/p>\n<p>6. Facilidad de transporte<br \/> <br \/>\nGracias a las ruedas con rodamientos de bolas y al mango telesc\u00f3pico: estas caracter\u00edsticas garantizan un transporte suave y c\u00f3modo, incluso en superficies irregulares, con una excelente maniobrabilidad y estabilidad.  <\/p>\n<p>7. Cierre <br \/> seguro y fiable<br \/>\nProporcionado por la cremallera de acero remachado: el cierre de la cremallera es fuerte y duradero, lo que garantiza que el estuche permanezca herm\u00e9ticamente sellado durante el transporte.  <\/p>\n<p>8. Organizaci\u00f3n eficiente de los <br \/> accesorios<br \/>\nGracias a los cajones de piezas peque\u00f1as: estos compartimentos son perfectos para mantener las herramientas y los componentes peque\u00f1os organizados y f\u00e1cilmente accesibles.  <\/p>\n<p>9. Optimizaci\u00f3n del espacio durante el transporte<br \/> <br \/>\nLogrado a trav\u00e9s de la capacidad de apilamiento: la capacidad de apilar cajas ayuda a optimizar el espacio, especialmente cuando se transportan varias unidades. <\/p>\n","protected":false},"excerpt":{"rendered":"<p data-start=\"895\" data-end=\"1247\">La maleta Rock Turtle es la compa\u00f1era ideal para los profesionales que buscan resistencia, seguridad y practicidad en un solo producto. Fabricada en polietileno de alta resistencia, con refuerzos de aluminio y esquinas protegidas, garantiza una excelente protecci\u00f3n de las herramientas incluso en entornos dif\u00edciles o durante transportes exigentes.<\/p>\n<p data-start=\"1249\" data-end=\"1556\">Perfecta para guardar herramientas manuales, el\u00e9ctricas o repuestos, ofrece un amplio espacio interior y soluciones inteligentes de organizaci\u00f3n. Gracias a sus ruedas con rodamientos de bolas y al asa telesc\u00f3pica integrada, la Rock Turtle se desplaza con facilidad incluso sobre superficies irregulares.<\/p>\n<p data-start=\"1558\" data-end=\"1708\">Pensada para quienes est\u00e1n siempre en movimiento, garantiza movilidad y protecci\u00f3n sin compromisos, haciendo cada traslado m\u00e1s eficiente y seguro.<\/p>\n","protected":false},"featured_media":21916,"comment_status":"open","ping_status":"closed","template":"","meta":{"_acf_changed":false},"product_brand":[],"product_cat":[242],"product_tag":[],"class_list":{"0":"post-16230","1":"product","2":"type-product","3":"status-publish","4":"has-post-thumbnail","6":"product_cat-rock","7":"pa_aplicaciones-maletas-y-bolsas-para-electricistas","8":"pa_aplicaciones-maletas-y-bolsas-para-fontaneros","9":"pa_aplicaciones-maletas-y-bolsas-para-mantenedores","10":"pa_aplicaciones-maletas-y-bolsas-para-tecnicos-de-campo","11":"pa_tipo-de-producto-maletas-para-herramientas","13":"first","14":"instock","15":"shipping-taxable","16":"purchasable","17":"product-type-simple"},"acf":[],"yoast_head":"<!-- This site is optimized with the Yoast SEO plugin v25.4 - https:\/\/yoast.com\/wordpress\/plugins\/seo\/ -->\n<title>Maleta para Herramientas Rock Turtle PTS | GT Line<\/title>\n<meta name=\"description\" content=\"Maleta Rock Turtle PTS con bolsillos pr\u00e1cticos para un orden perfecto, seguridad y comodidad para t\u00e9cnicos que trabajan en movimiento.\" \/>\n<meta name=\"robots\" content=\"index, follow, max-snippet:-1, max-image-preview:large, max-video-preview:-1\" \/>\n<link rel=\"canonical\" href=\"https:\/\/www.gtline.com\/es\/products\/gt-line-maleta-profesional-rock-turtle-pts\/\" \/>\n<meta property=\"og:locale\" content=\"es_ES\" \/>\n<meta property=\"og:type\" content=\"article\" \/>\n<meta property=\"og:title\" content=\"Maleta para Herramientas Rock Turtle PTS | GT Line\" \/>\n<meta property=\"og:description\" content=\"Maleta Rock Turtle PTS con bolsillos pr\u00e1cticos para un orden perfecto, seguridad y comodidad para t\u00e9cnicos que trabajan en movimiento.\" \/>\n<meta property=\"og:url\" content=\"https:\/\/www.gtline.com\/es\/products\/gt-line-maleta-profesional-rock-turtle-pts\/\" \/>\n<meta property=\"og:site_name\" content=\"Gt Line ES\" \/>\n<meta property=\"article:publisher\" content=\"https:\/\/www.facebook.com\/gtlinesrl?locale=it_IT\" \/>\n<meta property=\"article:modified_time\" content=\"2026-04-17T03:07:41+00:00\" \/>\n<meta property=\"og:image\" content=\"https:\/\/www.gtline.com\/es\/wp-content\/uploads\/sites\/4\/2025\/10\/Rock-Turtle-PTS-open-empty_8996.png\" \/>\n\t<meta property=\"og:image:width\" content=\"500\" \/>\n\t<meta property=\"og:image:height\" content=\"500\" \/>\n\t<meta property=\"og:image:type\" content=\"image\/png\" \/>\n<meta name=\"twitter:card\" content=\"summary_large_image\" \/>\n<meta name=\"twitter:label1\" content=\"Tiempo de lectura\" \/>\n\t<meta name=\"twitter:data1\" content=\"2 minutos\" \/>\n<script type=\"application\/ld+json\" class=\"yoast-schema-graph\">{\"@context\":\"https:\/\/schema.org\",\"@graph\":[{\"@type\":\"WebPage\",\"@id\":\"https:\/\/www.gtline.com\/es\/products\/gt-line-maleta-profesional-rock-turtle-pts\/\",\"url\":\"https:\/\/www.gtline.com\/es\/products\/gt-line-maleta-profesional-rock-turtle-pts\/\",\"name\":\"Maleta para Herramientas Rock Turtle PTS | GT Line\",\"isPartOf\":{\"@id\":\"https:\/\/www.gtline.com\/es\/#website\"},\"primaryImageOfPage\":{\"@id\":\"https:\/\/www.gtline.com\/es\/products\/gt-line-maleta-profesional-rock-turtle-pts\/#primaryimage\"},\"image\":{\"@id\":\"https:\/\/www.gtline.com\/es\/products\/gt-line-maleta-profesional-rock-turtle-pts\/#primaryimage\"},\"thumbnailUrl\":\"https:\/\/www.gtline.com\/es\/wp-content\/uploads\/sites\/4\/2025\/10\/Rock-Turtle-PTS-open-empty_8996.png\",\"datePublished\":\"2025-07-21T10:23:50+00:00\",\"dateModified\":\"2026-04-17T03:07:41+00:00\",\"description\":\"Maleta Rock Turtle PTS con bolsillos pr\u00e1cticos para un orden perfecto, seguridad y comodidad para t\u00e9cnicos que trabajan en movimiento.\",\"breadcrumb\":{\"@id\":\"https:\/\/www.gtline.com\/es\/products\/gt-line-maleta-profesional-rock-turtle-pts\/#breadcrumb\"},\"inLanguage\":\"es\",\"potentialAction\":[{\"@type\":\"ReadAction\",\"target\":[\"https:\/\/www.gtline.com\/es\/products\/gt-line-maleta-profesional-rock-turtle-pts\/\"]}]},{\"@type\":\"ImageObject\",\"inLanguage\":\"es\",\"@id\":\"https:\/\/www.gtline.com\/es\/products\/gt-line-maleta-profesional-rock-turtle-pts\/#primaryimage\",\"url\":\"https:\/\/www.gtline.com\/es\/wp-content\/uploads\/sites\/4\/2025\/10\/Rock-Turtle-PTS-open-empty_8996.png\",\"contentUrl\":\"https:\/\/www.gtline.com\/es\/wp-content\/uploads\/sites\/4\/2025\/10\/Rock-Turtle-PTS-open-empty_8996.png\",\"width\":500,\"height\":500},{\"@type\":\"BreadcrumbList\",\"@id\":\"https:\/\/www.gtline.com\/es\/products\/gt-line-maleta-profesional-rock-turtle-pts\/#breadcrumb\",\"itemListElement\":[{\"@type\":\"ListItem\",\"position\":1,\"name\":\"Home\",\"item\":\"https:\/\/www.gtline.com\/es\/\"},{\"@type\":\"ListItem\",\"position\":2,\"name\":\"Shop\",\"item\":\"https:\/\/www.gtline.com\/es\/negozio\/\"},{\"@type\":\"ListItem\",\"position\":3,\"name\":\"GT Line Maleta Profesional Rock Turtle PTS\"}]},{\"@type\":\"WebSite\",\"@id\":\"https:\/\/www.gtline.com\/es\/#website\",\"url\":\"https:\/\/www.gtline.com\/es\/\",\"name\":\"Gt Line\",\"description\":\"\",\"publisher\":{\"@id\":\"https:\/\/www.gtline.com\/es\/#organization\"},\"potentialAction\":[{\"@type\":\"SearchAction\",\"target\":{\"@type\":\"EntryPoint\",\"urlTemplate\":\"https:\/\/www.gtline.com\/es\/?s={search_term_string}\"},\"query-input\":{\"@type\":\"PropertyValueSpecification\",\"valueRequired\":true,\"valueName\":\"search_term_string\"}}],\"inLanguage\":\"es\"},{\"@type\":\"Organization\",\"@id\":\"https:\/\/www.gtline.com\/es\/#organization\",\"name\":\"Gt Line\",\"url\":\"https:\/\/www.gtline.com\/es\/\",\"logo\":{\"@type\":\"ImageObject\",\"inLanguage\":\"es\",\"@id\":\"https:\/\/www.gtline.com\/es\/#\/schema\/logo\/image\/\",\"url\":\"https:\/\/www.gtline.com\/es\/wp-content\/uploads\/sites\/4\/2025\/02\/logo.png\",\"contentUrl\":\"https:\/\/www.gtline.com\/es\/wp-content\/uploads\/sites\/4\/2025\/02\/logo.png\",\"width\":228,\"height\":146,\"caption\":\"Gt Line\"},\"image\":{\"@id\":\"https:\/\/www.gtline.com\/es\/#\/schema\/logo\/image\/\"},\"sameAs\":[\"https:\/\/www.facebook.com\/gtlinesrl?locale=it_IT\",\"https:\/\/www.instagram.com\/gt_line_srl\/\",\"https:\/\/www.youtube.com\/channel\/UCDvpkFqswNJOVFz64PkYRQQ\",\"https:\/\/www.linkedin.com\/company\/gt-line-srl\/\"]}]}<\/script>\n<!-- \/ Yoast SEO plugin. -->","yoast_head_json":{"title":"Maleta para Herramientas Rock Turtle PTS | GT Line","description":"Maleta Rock Turtle PTS con bolsillos pr\u00e1cticos para un orden perfecto, seguridad y comodidad para t\u00e9cnicos que trabajan en movimiento.","robots":{"index":"index","follow":"follow","max-snippet":"max-snippet:-1","max-image-preview":"max-image-preview:large","max-video-preview":"max-video-preview:-1"},"canonical":"https:\/\/www.gtline.com\/es\/products\/gt-line-maleta-profesional-rock-turtle-pts\/","og_locale":"es_ES","og_type":"article","og_title":"Maleta para Herramientas Rock Turtle PTS | GT Line","og_description":"Maleta Rock Turtle PTS con bolsillos pr\u00e1cticos para un orden perfecto, seguridad y comodidad para t\u00e9cnicos que trabajan en movimiento.","og_url":"https:\/\/www.gtline.com\/es\/products\/gt-line-maleta-profesional-rock-turtle-pts\/","og_site_name":"Gt Line ES","article_publisher":"https:\/\/www.facebook.com\/gtlinesrl?locale=it_IT","article_modified_time":"2026-04-17T03:07:41+00:00","og_image":[{"width":500,"height":500,"url":"https:\/\/www.gtline.com\/es\/wp-content\/uploads\/sites\/4\/2025\/10\/Rock-Turtle-PTS-open-empty_8996.png","type":"image\/png"}],"twitter_card":"summary_large_image","twitter_misc":{"Tiempo de lectura":"2 minutos"},"schema":{"@context":"https:\/\/schema.org","@graph":[{"@type":"WebPage","@id":"https:\/\/www.gtline.com\/es\/products\/gt-line-maleta-profesional-rock-turtle-pts\/","url":"https:\/\/www.gtline.com\/es\/products\/gt-line-maleta-profesional-rock-turtle-pts\/","name":"Maleta para Herramientas Rock Turtle PTS | GT Line","isPartOf":{"@id":"https:\/\/www.gtline.com\/es\/#website"},"primaryImageOfPage":{"@id":"https:\/\/www.gtline.com\/es\/products\/gt-line-maleta-profesional-rock-turtle-pts\/#primaryimage"},"image":{"@id":"https:\/\/www.gtline.com\/es\/products\/gt-line-maleta-profesional-rock-turtle-pts\/#primaryimage"},"thumbnailUrl":"https:\/\/www.gtline.com\/es\/wp-content\/uploads\/sites\/4\/2025\/10\/Rock-Turtle-PTS-open-empty_8996.png","datePublished":"2025-07-21T10:23:50+00:00","dateModified":"2026-04-17T03:07:41+00:00","description":"Maleta Rock Turtle PTS con bolsillos pr\u00e1cticos para un orden perfecto, seguridad y comodidad para t\u00e9cnicos que trabajan en movimiento.","breadcrumb":{"@id":"https:\/\/www.gtline.com\/es\/products\/gt-line-maleta-profesional-rock-turtle-pts\/#breadcrumb"},"inLanguage":"es","potentialAction":[{"@type":"ReadAction","target":["https:\/\/www.gtline.com\/es\/products\/gt-line-maleta-profesional-rock-turtle-pts\/"]}]},{"@type":"ImageObject","inLanguage":"es","@id":"https:\/\/www.gtline.com\/es\/products\/gt-line-maleta-profesional-rock-turtle-pts\/#primaryimage","url":"https:\/\/www.gtline.com\/es\/wp-content\/uploads\/sites\/4\/2025\/10\/Rock-Turtle-PTS-open-empty_8996.png","contentUrl":"https:\/\/www.gtline.com\/es\/wp-content\/uploads\/sites\/4\/2025\/10\/Rock-Turtle-PTS-open-empty_8996.png","width":500,"height":500},{"@type":"BreadcrumbList","@id":"https:\/\/www.gtline.com\/es\/products\/gt-line-maleta-profesional-rock-turtle-pts\/#breadcrumb","itemListElement":[{"@type":"ListItem","position":1,"name":"Home","item":"https:\/\/www.gtline.com\/es\/"},{"@type":"ListItem","position":2,"name":"Shop","item":"https:\/\/www.gtline.com\/es\/negozio\/"},{"@type":"ListItem","position":3,"name":"GT Line Maleta Profesional Rock Turtle PTS"}]},{"@type":"WebSite","@id":"https:\/\/www.gtline.com\/es\/#website","url":"https:\/\/www.gtline.com\/es\/","name":"Gt Line","description":"","publisher":{"@id":"https:\/\/www.gtline.com\/es\/#organization"},"potentialAction":[{"@type":"SearchAction","target":{"@type":"EntryPoint","urlTemplate":"https:\/\/www.gtline.com\/es\/?s={search_term_string}"},"query-input":{"@type":"PropertyValueSpecification","valueRequired":true,"valueName":"search_term_string"}}],"inLanguage":"es"},{"@type":"Organization","@id":"https:\/\/www.gtline.com\/es\/#organization","name":"Gt Line","url":"https:\/\/www.gtline.com\/es\/","logo":{"@type":"ImageObject","inLanguage":"es","@id":"https:\/\/www.gtline.com\/es\/#\/schema\/logo\/image\/","url":"https:\/\/www.gtline.com\/es\/wp-content\/uploads\/sites\/4\/2025\/02\/logo.png","contentUrl":"https:\/\/www.gtline.com\/es\/wp-content\/uploads\/sites\/4\/2025\/02\/logo.png","width":228,"height":146,"caption":"Gt Line"},"image":{"@id":"https:\/\/www.gtline.com\/es\/#\/schema\/logo\/image\/"},"sameAs":["https:\/\/www.facebook.com\/gtlinesrl?locale=it_IT","https:\/\/www.instagram.com\/gt_line_srl\/","https:\/\/www.youtube.com\/channel\/UCDvpkFqswNJOVFz64PkYRQQ","https:\/\/www.linkedin.com\/company\/gt-line-srl\/"]}]}},"_links":{"self":[{"href":"https:\/\/www.gtline.com\/es\/wp-json\/wp\/v2\/product\/16230","targetHints":{"allow":["GET"]}}],"collection":[{"href":"https:\/\/www.gtline.com\/es\/wp-json\/wp\/v2\/product"}],"about":[{"href":"https:\/\/www.gtline.com\/es\/wp-json\/wp\/v2\/types\/product"}],"replies":[{"embeddable":true,"href":"https:\/\/www.gtline.com\/es\/wp-json\/wp\/v2\/comments?post=16230"}],"version-history":[{"count":3,"href":"https:\/\/www.gtline.com\/es\/wp-json\/wp\/v2\/product\/16230\/revisions"}],"predecessor-version":[{"id":23010,"href":"https:\/\/www.gtline.com\/es\/wp-json\/wp\/v2\/product\/16230\/revisions\/23010"}],"wp:featuredmedia":[{"embeddable":true,"href":"https:\/\/www.gtline.com\/es\/wp-json\/wp\/v2\/media\/21916"}],"wp:attachment":[{"href":"https:\/\/www.gtline.com\/es\/wp-json\/wp\/v2\/media?parent=16230"}],"wp:term":[{"taxonomy":"product_brand","embeddable":true,"href":"https:\/\/www.gtline.com\/es\/wp-json\/wp\/v2\/product_brand?post=16230"},{"taxonomy":"product_cat","embeddable":true,"href":"https:\/\/www.gtline.com\/es\/wp-json\/wp\/v2\/product_cat?post=16230"},{"taxonomy":"product_tag","embeddable":true,"href":"https:\/\/www.gtline.com\/es\/wp-json\/wp\/v2\/product_tag?post=16230"}],"curies":[{"name":"wp","href":"https:\/\/api.w.org\/{rel}","templated":true}]}}