{"id":16236,"date":"2025-07-21T10:24:07","date_gmt":"2025-07-21T10:24:07","guid":{"rendered":"https:\/\/www.gtline.com\/es\/prodotto\/gt-line-maleta-profesional-v-rock-turtle-pss\/"},"modified":"2026-04-17T03:07:58","modified_gmt":"2026-04-17T03:07:58","slug":"gt-line-maleta-profesional-v-rock-turtle-pss","status":"publish","type":"product","link":"https:\/\/www.gtline.com\/es\/products\/gt-line-maleta-profesional-v-rock-turtle-pss\/","title":{"rendered":"GT Line Maleta Profesional V-Rock Turtle PSS"},"content":{"rendered":"<p>1. Protecci\u00f3n avanzada contra impactos y condiciones adversas<br \/> <br \/>\nLogrado gracias al Polietileno de Alta Resistencia: este material garantiza una estructura robusta y resistente a los impactos, protegiendo el contenido de la carcasa incluso en condiciones ambientales adversas. <br \/> <br \/>\n2. Fuerza y confiabilidad <br \/> superiores<br \/>\nGarantizado por el perfil de aluminio: el perfil de aluminio ayuda a reforzar la estructura de la caja, aumentando la resistencia a los impactos y la corrosi\u00f3n, haciendo que el producto sea m\u00e1s duradero en el tiempo. <br \/> <br \/>\n3. Capacidad <br \/> m\u00e1xima de almacenamiento<br \/>\nOfrecido por el gran volumen interno: Las maletas GT est\u00e1n dise\u00f1adas para proporcionar un amplio espacio, lo que permite una organizaci\u00f3n \u00f3ptima de las herramientas y accesorios sin comprometer la funcionalidad. <br \/> <br \/>\n4. Gesti\u00f3n inteligente de <br \/> equipos<br \/>\nHabilitado por la tecnolog\u00eda INTELLIRESPOND: con la aplicaci\u00f3n gratuita, puede monitorear y administrar f\u00e1cilmente las herramientas dentro de la caja, asegur\u00e1ndose de saber siempre qu\u00e9 hay dentro y en qu\u00e9 condiciones. <br \/> <br \/>\n5. Viajes <br \/> a\u00e9reos seguros<br \/>\nGarantizado por cerraduras aprobadas por la TSA: estas cerraduras permiten un viaje seguro, especialmente por aire, ya que se pueden realizar controles de seguridad sin comprometer la protecci\u00f3n del contenido. <br \/> <br \/>\n6. F\u00e1cil transporte<br \/> <br \/>\nGracias a las ruedas de 120 mm con rodamientos de bolas blindados y manijas telesc\u00f3picas dobles: estas caracter\u00edsticas hacen que la caja sea f\u00e1cil de mover incluso en superficies irregulares, lo que garantiza una excelente maniobrabilidad y estabilidad. <br \/> <br \/>\n7. Cierre <br \/> seguro y fiable<br \/>\nGracias a la cremallera de acero remachado: este sistema de cremallera es resistente y duradero, lo que garantiza que la funda permanezca cerrada de forma segura durante el transporte. <br \/> <br \/>\n8. Organizaci\u00f3n eficiente de los <br \/> accesorios<br \/>\nPosible gracias a los cajones de piezas peque\u00f1as: estos compartimentos son ideales para mantener las herramientas y los componentes peque\u00f1os ordenados y f\u00e1cilmente accesibles. <br \/> <br \/>\n9. Optimizaci\u00f3n del espacio durante el transporte<br \/> <br \/>\nLogrado a trav\u00e9s de la capacidad de apilamiento: la capacidad de apilar cajas ayuda a optimizar el espacio durante el transporte, especialmente cuando es necesario mover varias unidades. <\/p>\n","protected":false},"excerpt":{"rendered":"<p data-start=\"145\" data-end=\"351\">La <strong data-start=\"148\" data-end=\"165\">V-Rock Turtle<\/strong> es la soluci\u00f3n perfecta para los profesionales que buscan un producto que combine una resistencia excepcional, una protecci\u00f3n segura y una facilidad y comodidad de transporte \u00f3ptimas.<\/p>\n<p data-start=\"353\" data-end=\"568\">Esta maleta est\u00e1 fabricada en polietileno de alta resistencia, cuenta con un perfil de aluminio y esquinas reforzadas, y est\u00e1 equipada con ruedas de \u00d8 120 mm con rodamientos de bolas sellados y un asa telesc\u00f3pica.<\/p>\n","protected":false},"featured_media":7121,"comment_status":"open","ping_status":"closed","template":"","meta":{"_acf_changed":false},"product_brand":[],"product_cat":[241],"product_tag":[],"class_list":{"0":"post-16236","1":"product","2":"type-product","3":"status-publish","4":"has-post-thumbnail","6":"product_cat-turtle","7":"pa_aplicaciones-maletas-y-bolsas-para-electricistas","8":"pa_aplicaciones-maletas-y-bolsas-para-fontaneros","9":"pa_aplicaciones-maletas-y-bolsas-para-mantenedores","10":"pa_aplicaciones-maletas-y-bolsas-para-tecnicos-de-campo","11":"pa_tipo-de-producto-maletas-para-herramientas","13":"first","14":"instock","15":"shipping-taxable","16":"purchasable","17":"product-type-simple"},"acf":[],"yoast_head":"<!-- This site is optimized with the Yoast SEO plugin v25.4 - https:\/\/yoast.com\/wordpress\/plugins\/seo\/ -->\n<title>Trolley para Herramientas V-Rock Turtle PSS | GT Line<\/title>\n<meta name=\"description\" content=\"Trolley V-Rock Turtle PSS con interior adaptable, gran movilidad y estructura robusta que mantiene herramientas protegidas y ordenadas a diario.\" \/>\n<meta name=\"robots\" content=\"index, follow, max-snippet:-1, max-image-preview:large, max-video-preview:-1\" \/>\n<link rel=\"canonical\" href=\"https:\/\/www.gtline.com\/es\/products\/gt-line-maleta-profesional-v-rock-turtle-pss\/\" \/>\n<meta property=\"og:locale\" content=\"es_ES\" \/>\n<meta property=\"og:type\" content=\"article\" \/>\n<meta property=\"og:title\" content=\"Trolley para Herramientas V-Rock Turtle PSS | GT Line\" \/>\n<meta property=\"og:description\" content=\"Trolley V-Rock Turtle PSS con interior adaptable, gran movilidad y estructura robusta que mantiene herramientas protegidas y ordenadas a diario.\" \/>\n<meta property=\"og:url\" content=\"https:\/\/www.gtline.com\/es\/products\/gt-line-maleta-profesional-v-rock-turtle-pss\/\" \/>\n<meta property=\"og:site_name\" content=\"Gt Line ES\" \/>\n<meta property=\"article:publisher\" content=\"https:\/\/www.facebook.com\/gtlinesrl?locale=it_IT\" \/>\n<meta property=\"article:modified_time\" content=\"2026-04-17T03:07:58+00:00\" \/>\n<meta property=\"og:image\" content=\"https:\/\/www.gtline.com\/es\/wp-content\/uploads\/sites\/4\/2025\/05\/V-ROCK_TURTLE_PSS_01_9004.jpg\" \/>\n\t<meta property=\"og:image:width\" content=\"500\" \/>\n\t<meta property=\"og:image:height\" content=\"500\" \/>\n\t<meta property=\"og:image:type\" content=\"image\/jpeg\" \/>\n<meta name=\"twitter:card\" content=\"summary_large_image\" \/>\n<meta name=\"twitter:label1\" content=\"Tiempo de lectura\" \/>\n\t<meta name=\"twitter:data1\" content=\"2 minutos\" \/>\n<script type=\"application\/ld+json\" class=\"yoast-schema-graph\">{\"@context\":\"https:\/\/schema.org\",\"@graph\":[{\"@type\":\"WebPage\",\"@id\":\"https:\/\/www.gtline.com\/es\/products\/gt-line-maleta-profesional-v-rock-turtle-pss\/\",\"url\":\"https:\/\/www.gtline.com\/es\/products\/gt-line-maleta-profesional-v-rock-turtle-pss\/\",\"name\":\"Trolley para Herramientas V-Rock Turtle PSS | GT Line\",\"isPartOf\":{\"@id\":\"https:\/\/www.gtline.com\/es\/#website\"},\"primaryImageOfPage\":{\"@id\":\"https:\/\/www.gtline.com\/es\/products\/gt-line-maleta-profesional-v-rock-turtle-pss\/#primaryimage\"},\"image\":{\"@id\":\"https:\/\/www.gtline.com\/es\/products\/gt-line-maleta-profesional-v-rock-turtle-pss\/#primaryimage\"},\"thumbnailUrl\":\"https:\/\/www.gtline.com\/es\/wp-content\/uploads\/sites\/4\/2025\/05\/V-ROCK_TURTLE_PSS_01_9004.jpg\",\"datePublished\":\"2025-07-21T10:24:07+00:00\",\"dateModified\":\"2026-04-17T03:07:58+00:00\",\"description\":\"Trolley V-Rock Turtle PSS con interior adaptable, gran movilidad y estructura robusta que mantiene herramientas protegidas y ordenadas a diario.\",\"breadcrumb\":{\"@id\":\"https:\/\/www.gtline.com\/es\/products\/gt-line-maleta-profesional-v-rock-turtle-pss\/#breadcrumb\"},\"inLanguage\":\"es\",\"potentialAction\":[{\"@type\":\"ReadAction\",\"target\":[\"https:\/\/www.gtline.com\/es\/products\/gt-line-maleta-profesional-v-rock-turtle-pss\/\"]}]},{\"@type\":\"ImageObject\",\"inLanguage\":\"es\",\"@id\":\"https:\/\/www.gtline.com\/es\/products\/gt-line-maleta-profesional-v-rock-turtle-pss\/#primaryimage\",\"url\":\"https:\/\/www.gtline.com\/es\/wp-content\/uploads\/sites\/4\/2025\/05\/V-ROCK_TURTLE_PSS_01_9004.jpg\",\"contentUrl\":\"https:\/\/www.gtline.com\/es\/wp-content\/uploads\/sites\/4\/2025\/05\/V-ROCK_TURTLE_PSS_01_9004.jpg\",\"width\":500,\"height\":500},{\"@type\":\"BreadcrumbList\",\"@id\":\"https:\/\/www.gtline.com\/es\/products\/gt-line-maleta-profesional-v-rock-turtle-pss\/#breadcrumb\",\"itemListElement\":[{\"@type\":\"ListItem\",\"position\":1,\"name\":\"Home\",\"item\":\"https:\/\/www.gtline.com\/es\/\"},{\"@type\":\"ListItem\",\"position\":2,\"name\":\"Shop\",\"item\":\"https:\/\/www.gtline.com\/es\/negozio\/\"},{\"@type\":\"ListItem\",\"position\":3,\"name\":\"GT Line Maleta Profesional V-Rock Turtle PSS\"}]},{\"@type\":\"WebSite\",\"@id\":\"https:\/\/www.gtline.com\/es\/#website\",\"url\":\"https:\/\/www.gtline.com\/es\/\",\"name\":\"Gt Line\",\"description\":\"\",\"publisher\":{\"@id\":\"https:\/\/www.gtline.com\/es\/#organization\"},\"potentialAction\":[{\"@type\":\"SearchAction\",\"target\":{\"@type\":\"EntryPoint\",\"urlTemplate\":\"https:\/\/www.gtline.com\/es\/?s={search_term_string}\"},\"query-input\":{\"@type\":\"PropertyValueSpecification\",\"valueRequired\":true,\"valueName\":\"search_term_string\"}}],\"inLanguage\":\"es\"},{\"@type\":\"Organization\",\"@id\":\"https:\/\/www.gtline.com\/es\/#organization\",\"name\":\"Gt Line\",\"url\":\"https:\/\/www.gtline.com\/es\/\",\"logo\":{\"@type\":\"ImageObject\",\"inLanguage\":\"es\",\"@id\":\"https:\/\/www.gtline.com\/es\/#\/schema\/logo\/image\/\",\"url\":\"https:\/\/www.gtline.com\/es\/wp-content\/uploads\/sites\/4\/2025\/02\/logo.png\",\"contentUrl\":\"https:\/\/www.gtline.com\/es\/wp-content\/uploads\/sites\/4\/2025\/02\/logo.png\",\"width\":228,\"height\":146,\"caption\":\"Gt Line\"},\"image\":{\"@id\":\"https:\/\/www.gtline.com\/es\/#\/schema\/logo\/image\/\"},\"sameAs\":[\"https:\/\/www.facebook.com\/gtlinesrl?locale=it_IT\",\"https:\/\/www.instagram.com\/gt_line_srl\/\",\"https:\/\/www.youtube.com\/channel\/UCDvpkFqswNJOVFz64PkYRQQ\",\"https:\/\/www.linkedin.com\/company\/gt-line-srl\/\"]}]}<\/script>\n<!-- \/ Yoast SEO plugin. -->","yoast_head_json":{"title":"Trolley para Herramientas V-Rock Turtle PSS | GT Line","description":"Trolley V-Rock Turtle PSS con interior adaptable, gran movilidad y estructura robusta que mantiene herramientas protegidas y ordenadas a diario.","robots":{"index":"index","follow":"follow","max-snippet":"max-snippet:-1","max-image-preview":"max-image-preview:large","max-video-preview":"max-video-preview:-1"},"canonical":"https:\/\/www.gtline.com\/es\/products\/gt-line-maleta-profesional-v-rock-turtle-pss\/","og_locale":"es_ES","og_type":"article","og_title":"Trolley para Herramientas V-Rock Turtle PSS | GT Line","og_description":"Trolley V-Rock Turtle PSS con interior adaptable, gran movilidad y estructura robusta que mantiene herramientas protegidas y ordenadas a diario.","og_url":"https:\/\/www.gtline.com\/es\/products\/gt-line-maleta-profesional-v-rock-turtle-pss\/","og_site_name":"Gt Line ES","article_publisher":"https:\/\/www.facebook.com\/gtlinesrl?locale=it_IT","article_modified_time":"2026-04-17T03:07:58+00:00","og_image":[{"width":500,"height":500,"url":"https:\/\/www.gtline.com\/es\/wp-content\/uploads\/sites\/4\/2025\/05\/V-ROCK_TURTLE_PSS_01_9004.jpg","type":"image\/jpeg"}],"twitter_card":"summary_large_image","twitter_misc":{"Tiempo de lectura":"2 minutos"},"schema":{"@context":"https:\/\/schema.org","@graph":[{"@type":"WebPage","@id":"https:\/\/www.gtline.com\/es\/products\/gt-line-maleta-profesional-v-rock-turtle-pss\/","url":"https:\/\/www.gtline.com\/es\/products\/gt-line-maleta-profesional-v-rock-turtle-pss\/","name":"Trolley para Herramientas V-Rock Turtle PSS | GT Line","isPartOf":{"@id":"https:\/\/www.gtline.com\/es\/#website"},"primaryImageOfPage":{"@id":"https:\/\/www.gtline.com\/es\/products\/gt-line-maleta-profesional-v-rock-turtle-pss\/#primaryimage"},"image":{"@id":"https:\/\/www.gtline.com\/es\/products\/gt-line-maleta-profesional-v-rock-turtle-pss\/#primaryimage"},"thumbnailUrl":"https:\/\/www.gtline.com\/es\/wp-content\/uploads\/sites\/4\/2025\/05\/V-ROCK_TURTLE_PSS_01_9004.jpg","datePublished":"2025-07-21T10:24:07+00:00","dateModified":"2026-04-17T03:07:58+00:00","description":"Trolley V-Rock Turtle PSS con interior adaptable, gran movilidad y estructura robusta que mantiene herramientas protegidas y ordenadas a diario.","breadcrumb":{"@id":"https:\/\/www.gtline.com\/es\/products\/gt-line-maleta-profesional-v-rock-turtle-pss\/#breadcrumb"},"inLanguage":"es","potentialAction":[{"@type":"ReadAction","target":["https:\/\/www.gtline.com\/es\/products\/gt-line-maleta-profesional-v-rock-turtle-pss\/"]}]},{"@type":"ImageObject","inLanguage":"es","@id":"https:\/\/www.gtline.com\/es\/products\/gt-line-maleta-profesional-v-rock-turtle-pss\/#primaryimage","url":"https:\/\/www.gtline.com\/es\/wp-content\/uploads\/sites\/4\/2025\/05\/V-ROCK_TURTLE_PSS_01_9004.jpg","contentUrl":"https:\/\/www.gtline.com\/es\/wp-content\/uploads\/sites\/4\/2025\/05\/V-ROCK_TURTLE_PSS_01_9004.jpg","width":500,"height":500},{"@type":"BreadcrumbList","@id":"https:\/\/www.gtline.com\/es\/products\/gt-line-maleta-profesional-v-rock-turtle-pss\/#breadcrumb","itemListElement":[{"@type":"ListItem","position":1,"name":"Home","item":"https:\/\/www.gtline.com\/es\/"},{"@type":"ListItem","position":2,"name":"Shop","item":"https:\/\/www.gtline.com\/es\/negozio\/"},{"@type":"ListItem","position":3,"name":"GT Line Maleta Profesional V-Rock Turtle PSS"}]},{"@type":"WebSite","@id":"https:\/\/www.gtline.com\/es\/#website","url":"https:\/\/www.gtline.com\/es\/","name":"Gt Line","description":"","publisher":{"@id":"https:\/\/www.gtline.com\/es\/#organization"},"potentialAction":[{"@type":"SearchAction","target":{"@type":"EntryPoint","urlTemplate":"https:\/\/www.gtline.com\/es\/?s={search_term_string}"},"query-input":{"@type":"PropertyValueSpecification","valueRequired":true,"valueName":"search_term_string"}}],"inLanguage":"es"},{"@type":"Organization","@id":"https:\/\/www.gtline.com\/es\/#organization","name":"Gt Line","url":"https:\/\/www.gtline.com\/es\/","logo":{"@type":"ImageObject","inLanguage":"es","@id":"https:\/\/www.gtline.com\/es\/#\/schema\/logo\/image\/","url":"https:\/\/www.gtline.com\/es\/wp-content\/uploads\/sites\/4\/2025\/02\/logo.png","contentUrl":"https:\/\/www.gtline.com\/es\/wp-content\/uploads\/sites\/4\/2025\/02\/logo.png","width":228,"height":146,"caption":"Gt Line"},"image":{"@id":"https:\/\/www.gtline.com\/es\/#\/schema\/logo\/image\/"},"sameAs":["https:\/\/www.facebook.com\/gtlinesrl?locale=it_IT","https:\/\/www.instagram.com\/gt_line_srl\/","https:\/\/www.youtube.com\/channel\/UCDvpkFqswNJOVFz64PkYRQQ","https:\/\/www.linkedin.com\/company\/gt-line-srl\/"]}]}},"_links":{"self":[{"href":"https:\/\/www.gtline.com\/es\/wp-json\/wp\/v2\/product\/16236","targetHints":{"allow":["GET"]}}],"collection":[{"href":"https:\/\/www.gtline.com\/es\/wp-json\/wp\/v2\/product"}],"about":[{"href":"https:\/\/www.gtline.com\/es\/wp-json\/wp\/v2\/types\/product"}],"replies":[{"embeddable":true,"href":"https:\/\/www.gtline.com\/es\/wp-json\/wp\/v2\/comments?post=16236"}],"version-history":[{"count":4,"href":"https:\/\/www.gtline.com\/es\/wp-json\/wp\/v2\/product\/16236\/revisions"}],"predecessor-version":[{"id":23016,"href":"https:\/\/www.gtline.com\/es\/wp-json\/wp\/v2\/product\/16236\/revisions\/23016"}],"wp:featuredmedia":[{"embeddable":true,"href":"https:\/\/www.gtline.com\/es\/wp-json\/wp\/v2\/media\/7121"}],"wp:attachment":[{"href":"https:\/\/www.gtline.com\/es\/wp-json\/wp\/v2\/media?parent=16236"}],"wp:term":[{"taxonomy":"product_brand","embeddable":true,"href":"https:\/\/www.gtline.com\/es\/wp-json\/wp\/v2\/product_brand?post=16236"},{"taxonomy":"product_cat","embeddable":true,"href":"https:\/\/www.gtline.com\/es\/wp-json\/wp\/v2\/product_cat?post=16236"},{"taxonomy":"product_tag","embeddable":true,"href":"https:\/\/www.gtline.com\/es\/wp-json\/wp\/v2\/product_tag?post=16236"}],"curies":[{"name":"wp","href":"https:\/\/api.w.org\/{rel}","templated":true}]}}