{"id":16255,"date":"2025-07-21T10:24:42","date_gmt":"2025-07-21T10:24:42","guid":{"rendered":"https:\/\/www.gtline.com\/es\/prodotto\/work-line-by-gt-trolley-porta-herramientas-tool-trolley-01-r\/"},"modified":"2026-04-17T03:08:44","modified_gmt":"2026-04-17T03:08:44","slug":"work-line-by-gt-trolley-porta-herramientas-tool-trolley-01-r","status":"publish","type":"product","link":"https:\/\/www.gtline.com\/es\/products\/work-line-by-gt-trolley-porta-herramientas-tool-trolley-01-r\/","title":{"rendered":"Work Line by GT Trolley Porta herramientas Tool Trolley 01 R"},"content":{"rendered":"<p>1. Doble funci\u00f3n: <br \/> carro profesional y mochila.<br \/> 2. Correas de hombro desmontables: <br \/> permiten un cambio r\u00e1pido entre el modo de carro y la mochila de trabajo, ofreciendo la m\u00e1xima flexibilidad para el transporte diario.<br \/> 3. Dos paneles internos reversibles y organizados: <br \/> un panel con bolsillos para herramientas para una disposici\u00f3n ordenada de las herramientas; el otro con un bolsillo acolchado para computadora port\u00e1til de hasta 15&#8243;, para proteger dispositivos electr\u00f3nicos.<br \/> 4. Organizaci\u00f3n externa para documentos y accesorios: <br \/> Los dos bolsillos delanteros son ideales para manuales, documentaci\u00f3n t\u00e9cnica, papeler\u00eda o piezas peque\u00f1as, lo que convierte al carro de herramientas en una herramienta completa y funcional.<br \/> 5. Protecci\u00f3n y practicidad en cada situaci\u00f3n: <br \/> el bolsillo acolchado para port\u00e1til garantiza la seguridad durante el transporte, mientras que la configuraci\u00f3n interna modular permite la adaptaci\u00f3n a las necesidades del profesional.<br \/> 6. Ideal para intervenciones t\u00e9cnicas, servicio y mantenimiento:<br \/> Ya sea un instalador, un trabajador de mantenimiento o un t\u00e9cnico de campo, el carro de herramientas 01 R le permite llevar siempre lo que necesita, en orden y sin esfuerzo.<br \/> 7. Compatibilidad perfecta con las herramientas GT Line:<br \/> Util\u00edcelo junto con estuches de herramientas, bolsas de herramientas, rollos de herramientas y otros accesorios: se integra perfectamente en el kit de cualquier operador profesional.<br \/> 8. Dise\u00f1o compacto y portabilidad garantizada: <br \/> Optimizado para moverse con facilidad incluso en espacios reducidos, veh\u00edculos o escaleras, representa la combinaci\u00f3n perfecta de agilidad en el transporte y fiabilidad.<\/p>\n","protected":false},"excerpt":{"rendered":"<p>El carro de herramientas 01 R es la soluci\u00f3n ideal para los profesionales que buscan una bolsa de herramientas pr\u00e1ctica, bien organizada y f\u00e1cilmente transportable. <br \/> <br \/>\nEsta mochila trolley de trabajo combina la capacidad de un malet\u00edn de herramientas con la comodidad de una mochila profesional, gracias a sus correas retr\u00e1ctiles para los hombros que la transforman r\u00e1pidamente en una mochila de herramientas. <\/p>\n<p>Equipado con dos paneles reversibles, uno con bolsillos para herramientas y el otro con un compartimento acolchado para port\u00e1tiles de hasta 15\u00bb, le permite transportar de forma segura tanto herramientas como dispositivos electr\u00f3nicos. <br \/> <br \/>\nDos bolsillos frontales adicionales completan el perfil de un malet\u00edn de herramientas perfecto para los profesionales que trabajan en el campo.<\/p>\n","protected":false},"featured_media":8680,"comment_status":"open","ping_status":"closed","template":"","meta":{"_acf_changed":false},"product_brand":[],"product_cat":[230],"product_tag":[],"class_list":{"0":"post-16255","1":"product","2":"type-product","3":"status-publish","4":"has-post-thumbnail","6":"product_cat-linea-top","7":"pa_aplicaciones-maletas-y-bolsas-para-electricistas","8":"pa_aplicaciones-maletas-y-bolsas-para-fontaneros","9":"pa_aplicaciones-maletas-y-bolsas-para-mantenedores","10":"pa_aplicaciones-maletas-y-bolsas-para-tecnicos-de-campo","11":"pa_tipo-de-producto-bolsas-y-mochilas-para-herramientas","13":"first","14":"instock","15":"shipping-taxable","16":"purchasable","17":"product-type-simple"},"acf":[],"yoast_head":"<!-- This site is optimized with the Yoast SEO plugin v25.4 - https:\/\/yoast.com\/wordpress\/plugins\/seo\/ -->\n<title>Work Line By GT | Trolley Herramientas 01 R | GT Line<\/title>\n<meta name=\"description\" content=\"Trolley para herramientas Work Line 01 R con ruedas resistentes, organizaci\u00f3n pr\u00e1ctica y protecci\u00f3n para uso intensivo en obra o taller profesional.\" \/>\n<meta name=\"robots\" content=\"index, follow, max-snippet:-1, max-image-preview:large, max-video-preview:-1\" \/>\n<link rel=\"canonical\" href=\"https:\/\/www.gtline.com\/es\/products\/work-line-by-gt-trolley-porta-herramientas-tool-trolley-01-r\/\" \/>\n<meta property=\"og:locale\" content=\"es_ES\" \/>\n<meta property=\"og:type\" content=\"article\" \/>\n<meta property=\"og:title\" content=\"Work Line By GT | Trolley Herramientas 01 R | GT Line\" \/>\n<meta property=\"og:description\" content=\"Trolley para herramientas Work Line 01 R con ruedas resistentes, organizaci\u00f3n pr\u00e1ctica y protecci\u00f3n para uso intensivo en obra o taller profesional.\" \/>\n<meta property=\"og:url\" content=\"https:\/\/www.gtline.com\/es\/products\/work-line-by-gt-trolley-porta-herramientas-tool-trolley-01-r\/\" \/>\n<meta property=\"og:site_name\" content=\"Gt Line ES\" \/>\n<meta property=\"article:publisher\" content=\"https:\/\/www.facebook.com\/gtlinesrl?locale=it_IT\" \/>\n<meta property=\"article:modified_time\" content=\"2026-04-17T03:08:44+00:00\" \/>\n<meta property=\"og:image\" content=\"https:\/\/www.gtline.com\/es\/wp-content\/uploads\/sites\/4\/2025\/05\/TOOL-TROLLEY-01-R_ALL_01_9025.jpg\" \/>\n\t<meta property=\"og:image:width\" content=\"500\" \/>\n\t<meta property=\"og:image:height\" content=\"500\" \/>\n\t<meta property=\"og:image:type\" content=\"image\/jpeg\" \/>\n<meta name=\"twitter:card\" content=\"summary_large_image\" \/>\n<meta name=\"twitter:label1\" content=\"Tiempo de lectura\" \/>\n\t<meta name=\"twitter:data1\" content=\"2 minutos\" \/>\n<script type=\"application\/ld+json\" class=\"yoast-schema-graph\">{\"@context\":\"https:\/\/schema.org\",\"@graph\":[{\"@type\":\"WebPage\",\"@id\":\"https:\/\/www.gtline.com\/es\/products\/work-line-by-gt-trolley-porta-herramientas-tool-trolley-01-r\/\",\"url\":\"https:\/\/www.gtline.com\/es\/products\/work-line-by-gt-trolley-porta-herramientas-tool-trolley-01-r\/\",\"name\":\"Work Line By GT | Trolley Herramientas 01 R | GT Line\",\"isPartOf\":{\"@id\":\"https:\/\/www.gtline.com\/es\/#website\"},\"primaryImageOfPage\":{\"@id\":\"https:\/\/www.gtline.com\/es\/products\/work-line-by-gt-trolley-porta-herramientas-tool-trolley-01-r\/#primaryimage\"},\"image\":{\"@id\":\"https:\/\/www.gtline.com\/es\/products\/work-line-by-gt-trolley-porta-herramientas-tool-trolley-01-r\/#primaryimage\"},\"thumbnailUrl\":\"https:\/\/www.gtline.com\/es\/wp-content\/uploads\/sites\/4\/2025\/05\/TOOL-TROLLEY-01-R_ALL_01_9025.jpg\",\"datePublished\":\"2025-07-21T10:24:42+00:00\",\"dateModified\":\"2026-04-17T03:08:44+00:00\",\"description\":\"Trolley para herramientas Work Line 01 R con ruedas resistentes, organizaci\u00f3n pr\u00e1ctica y protecci\u00f3n para uso intensivo en obra o taller profesional.\",\"breadcrumb\":{\"@id\":\"https:\/\/www.gtline.com\/es\/products\/work-line-by-gt-trolley-porta-herramientas-tool-trolley-01-r\/#breadcrumb\"},\"inLanguage\":\"es\",\"potentialAction\":[{\"@type\":\"ReadAction\",\"target\":[\"https:\/\/www.gtline.com\/es\/products\/work-line-by-gt-trolley-porta-herramientas-tool-trolley-01-r\/\"]}]},{\"@type\":\"ImageObject\",\"inLanguage\":\"es\",\"@id\":\"https:\/\/www.gtline.com\/es\/products\/work-line-by-gt-trolley-porta-herramientas-tool-trolley-01-r\/#primaryimage\",\"url\":\"https:\/\/www.gtline.com\/es\/wp-content\/uploads\/sites\/4\/2025\/05\/TOOL-TROLLEY-01-R_ALL_01_9025.jpg\",\"contentUrl\":\"https:\/\/www.gtline.com\/es\/wp-content\/uploads\/sites\/4\/2025\/05\/TOOL-TROLLEY-01-R_ALL_01_9025.jpg\",\"width\":500,\"height\":500},{\"@type\":\"BreadcrumbList\",\"@id\":\"https:\/\/www.gtline.com\/es\/products\/work-line-by-gt-trolley-porta-herramientas-tool-trolley-01-r\/#breadcrumb\",\"itemListElement\":[{\"@type\":\"ListItem\",\"position\":1,\"name\":\"Home\",\"item\":\"https:\/\/www.gtline.com\/es\/\"},{\"@type\":\"ListItem\",\"position\":2,\"name\":\"Shop\",\"item\":\"https:\/\/www.gtline.com\/es\/negozio\/\"},{\"@type\":\"ListItem\",\"position\":3,\"name\":\"Work Line by GT Trolley Porta herramientas Tool Trolley 01 R\"}]},{\"@type\":\"WebSite\",\"@id\":\"https:\/\/www.gtline.com\/es\/#website\",\"url\":\"https:\/\/www.gtline.com\/es\/\",\"name\":\"Gt Line\",\"description\":\"\",\"publisher\":{\"@id\":\"https:\/\/www.gtline.com\/es\/#organization\"},\"potentialAction\":[{\"@type\":\"SearchAction\",\"target\":{\"@type\":\"EntryPoint\",\"urlTemplate\":\"https:\/\/www.gtline.com\/es\/?s={search_term_string}\"},\"query-input\":{\"@type\":\"PropertyValueSpecification\",\"valueRequired\":true,\"valueName\":\"search_term_string\"}}],\"inLanguage\":\"es\"},{\"@type\":\"Organization\",\"@id\":\"https:\/\/www.gtline.com\/es\/#organization\",\"name\":\"Gt Line\",\"url\":\"https:\/\/www.gtline.com\/es\/\",\"logo\":{\"@type\":\"ImageObject\",\"inLanguage\":\"es\",\"@id\":\"https:\/\/www.gtline.com\/es\/#\/schema\/logo\/image\/\",\"url\":\"https:\/\/www.gtline.com\/es\/wp-content\/uploads\/sites\/4\/2025\/02\/logo.png\",\"contentUrl\":\"https:\/\/www.gtline.com\/es\/wp-content\/uploads\/sites\/4\/2025\/02\/logo.png\",\"width\":228,\"height\":146,\"caption\":\"Gt Line\"},\"image\":{\"@id\":\"https:\/\/www.gtline.com\/es\/#\/schema\/logo\/image\/\"},\"sameAs\":[\"https:\/\/www.facebook.com\/gtlinesrl?locale=it_IT\",\"https:\/\/www.instagram.com\/gt_line_srl\/\",\"https:\/\/www.youtube.com\/channel\/UCDvpkFqswNJOVFz64PkYRQQ\",\"https:\/\/www.linkedin.com\/company\/gt-line-srl\/\"]}]}<\/script>\n<!-- \/ Yoast SEO plugin. -->","yoast_head_json":{"title":"Work Line By GT | Trolley Herramientas 01 R | GT Line","description":"Trolley para herramientas Work Line 01 R con ruedas resistentes, organizaci\u00f3n pr\u00e1ctica y protecci\u00f3n para uso intensivo en obra o taller profesional.","robots":{"index":"index","follow":"follow","max-snippet":"max-snippet:-1","max-image-preview":"max-image-preview:large","max-video-preview":"max-video-preview:-1"},"canonical":"https:\/\/www.gtline.com\/es\/products\/work-line-by-gt-trolley-porta-herramientas-tool-trolley-01-r\/","og_locale":"es_ES","og_type":"article","og_title":"Work Line By GT | Trolley Herramientas 01 R | GT Line","og_description":"Trolley para herramientas Work Line 01 R con ruedas resistentes, organizaci\u00f3n pr\u00e1ctica y protecci\u00f3n para uso intensivo en obra o taller profesional.","og_url":"https:\/\/www.gtline.com\/es\/products\/work-line-by-gt-trolley-porta-herramientas-tool-trolley-01-r\/","og_site_name":"Gt Line ES","article_publisher":"https:\/\/www.facebook.com\/gtlinesrl?locale=it_IT","article_modified_time":"2026-04-17T03:08:44+00:00","og_image":[{"width":500,"height":500,"url":"https:\/\/www.gtline.com\/es\/wp-content\/uploads\/sites\/4\/2025\/05\/TOOL-TROLLEY-01-R_ALL_01_9025.jpg","type":"image\/jpeg"}],"twitter_card":"summary_large_image","twitter_misc":{"Tiempo de lectura":"2 minutos"},"schema":{"@context":"https:\/\/schema.org","@graph":[{"@type":"WebPage","@id":"https:\/\/www.gtline.com\/es\/products\/work-line-by-gt-trolley-porta-herramientas-tool-trolley-01-r\/","url":"https:\/\/www.gtline.com\/es\/products\/work-line-by-gt-trolley-porta-herramientas-tool-trolley-01-r\/","name":"Work Line By GT | Trolley Herramientas 01 R | GT Line","isPartOf":{"@id":"https:\/\/www.gtline.com\/es\/#website"},"primaryImageOfPage":{"@id":"https:\/\/www.gtline.com\/es\/products\/work-line-by-gt-trolley-porta-herramientas-tool-trolley-01-r\/#primaryimage"},"image":{"@id":"https:\/\/www.gtline.com\/es\/products\/work-line-by-gt-trolley-porta-herramientas-tool-trolley-01-r\/#primaryimage"},"thumbnailUrl":"https:\/\/www.gtline.com\/es\/wp-content\/uploads\/sites\/4\/2025\/05\/TOOL-TROLLEY-01-R_ALL_01_9025.jpg","datePublished":"2025-07-21T10:24:42+00:00","dateModified":"2026-04-17T03:08:44+00:00","description":"Trolley para herramientas Work Line 01 R con ruedas resistentes, organizaci\u00f3n pr\u00e1ctica y protecci\u00f3n para uso intensivo en obra o taller profesional.","breadcrumb":{"@id":"https:\/\/www.gtline.com\/es\/products\/work-line-by-gt-trolley-porta-herramientas-tool-trolley-01-r\/#breadcrumb"},"inLanguage":"es","potentialAction":[{"@type":"ReadAction","target":["https:\/\/www.gtline.com\/es\/products\/work-line-by-gt-trolley-porta-herramientas-tool-trolley-01-r\/"]}]},{"@type":"ImageObject","inLanguage":"es","@id":"https:\/\/www.gtline.com\/es\/products\/work-line-by-gt-trolley-porta-herramientas-tool-trolley-01-r\/#primaryimage","url":"https:\/\/www.gtline.com\/es\/wp-content\/uploads\/sites\/4\/2025\/05\/TOOL-TROLLEY-01-R_ALL_01_9025.jpg","contentUrl":"https:\/\/www.gtline.com\/es\/wp-content\/uploads\/sites\/4\/2025\/05\/TOOL-TROLLEY-01-R_ALL_01_9025.jpg","width":500,"height":500},{"@type":"BreadcrumbList","@id":"https:\/\/www.gtline.com\/es\/products\/work-line-by-gt-trolley-porta-herramientas-tool-trolley-01-r\/#breadcrumb","itemListElement":[{"@type":"ListItem","position":1,"name":"Home","item":"https:\/\/www.gtline.com\/es\/"},{"@type":"ListItem","position":2,"name":"Shop","item":"https:\/\/www.gtline.com\/es\/negozio\/"},{"@type":"ListItem","position":3,"name":"Work Line by GT Trolley Porta herramientas Tool Trolley 01 R"}]},{"@type":"WebSite","@id":"https:\/\/www.gtline.com\/es\/#website","url":"https:\/\/www.gtline.com\/es\/","name":"Gt Line","description":"","publisher":{"@id":"https:\/\/www.gtline.com\/es\/#organization"},"potentialAction":[{"@type":"SearchAction","target":{"@type":"EntryPoint","urlTemplate":"https:\/\/www.gtline.com\/es\/?s={search_term_string}"},"query-input":{"@type":"PropertyValueSpecification","valueRequired":true,"valueName":"search_term_string"}}],"inLanguage":"es"},{"@type":"Organization","@id":"https:\/\/www.gtline.com\/es\/#organization","name":"Gt Line","url":"https:\/\/www.gtline.com\/es\/","logo":{"@type":"ImageObject","inLanguage":"es","@id":"https:\/\/www.gtline.com\/es\/#\/schema\/logo\/image\/","url":"https:\/\/www.gtline.com\/es\/wp-content\/uploads\/sites\/4\/2025\/02\/logo.png","contentUrl":"https:\/\/www.gtline.com\/es\/wp-content\/uploads\/sites\/4\/2025\/02\/logo.png","width":228,"height":146,"caption":"Gt Line"},"image":{"@id":"https:\/\/www.gtline.com\/es\/#\/schema\/logo\/image\/"},"sameAs":["https:\/\/www.facebook.com\/gtlinesrl?locale=it_IT","https:\/\/www.instagram.com\/gt_line_srl\/","https:\/\/www.youtube.com\/channel\/UCDvpkFqswNJOVFz64PkYRQQ","https:\/\/www.linkedin.com\/company\/gt-line-srl\/"]}]}},"_links":{"self":[{"href":"https:\/\/www.gtline.com\/es\/wp-json\/wp\/v2\/product\/16255","targetHints":{"allow":["GET"]}}],"collection":[{"href":"https:\/\/www.gtline.com\/es\/wp-json\/wp\/v2\/product"}],"about":[{"href":"https:\/\/www.gtline.com\/es\/wp-json\/wp\/v2\/types\/product"}],"replies":[{"embeddable":true,"href":"https:\/\/www.gtline.com\/es\/wp-json\/wp\/v2\/comments?post=16255"}],"version-history":[{"count":3,"href":"https:\/\/www.gtline.com\/es\/wp-json\/wp\/v2\/product\/16255\/revisions"}],"predecessor-version":[{"id":23035,"href":"https:\/\/www.gtline.com\/es\/wp-json\/wp\/v2\/product\/16255\/revisions\/23035"}],"wp:featuredmedia":[{"embeddable":true,"href":"https:\/\/www.gtline.com\/es\/wp-json\/wp\/v2\/media\/8680"}],"wp:attachment":[{"href":"https:\/\/www.gtline.com\/es\/wp-json\/wp\/v2\/media?parent=16255"}],"wp:term":[{"taxonomy":"product_brand","embeddable":true,"href":"https:\/\/www.gtline.com\/es\/wp-json\/wp\/v2\/product_brand?post=16255"},{"taxonomy":"product_cat","embeddable":true,"href":"https:\/\/www.gtline.com\/es\/wp-json\/wp\/v2\/product_cat?post=16255"},{"taxonomy":"product_tag","embeddable":true,"href":"https:\/\/www.gtline.com\/es\/wp-json\/wp\/v2\/product_tag?post=16255"}],"curies":[{"name":"wp","href":"https:\/\/api.w.org\/{rel}","templated":true}]}}