{"id":16257,"date":"2025-07-21T10:24:46","date_gmt":"2025-07-21T10:24:46","guid":{"rendered":"https:\/\/www.gtline.com\/es\/prodotto\/work-line-by-gt-mochila-porta-herramientas-top-07-xl-r\/"},"modified":"2026-04-17T03:08:49","modified_gmt":"2026-04-17T03:08:49","slug":"work-line-by-gt-mochila-porta-herramientas-top-07-xl-r","status":"publish","type":"product","link":"https:\/\/www.gtline.com\/es\/products\/work-line-by-gt-mochila-porta-herramientas-top-07-xl-r\/","title":{"rendered":"Work Line by GT Mochila Porta herramientas Top 07 XLR (Art&iacute;culo descatalogado &ndash; Disponible hasta agotar existencias)"},"content":{"rendered":"<p>1. Gran capacidad y espacio bien organizado: <br \/> Con generosas dimensiones (370 x 200 x 500 mm), proporciona el espacio necesario para llevar herramientas, accesorios, documentos e incluso una computadora port\u00e1til, todo en una mochila de herramientas compacta.<br \/> 2. Panel de herramientas extra\u00edble: <br \/> El panel central, equipado con bandas el\u00e1sticas y bolsillos en ambos lados, permite una organizaci\u00f3n \u00f3ptima y un acceso r\u00e1pido a las herramientas durante las intervenciones.<br \/> 3. \u00c1rea acolchada para computadora port\u00e1til de hasta 17 \u00ab: <br \/> Perfecta para proteger su computadora durante el transporte, lo que convierte al TOP 07 XLR en una excelente opci\u00f3n para aquellos que necesitan tanto una bolsa de herramientas como una soluci\u00f3n de transporte digital.<br \/> 4. M\u00faltiples bolsillos para una gesti\u00f3n organizada: <br \/> Los bolsillos externos e internos permiten separar herramientas, piezas peque\u00f1as, accesorios y documentos, reduciendo los tiempos de intervenci\u00f3n.<br \/> 5. Dise\u00f1o ergon\u00f3mico y peso equilibrado: <br \/> con un peso de solo 2,00 kg, esta mochila de trabajo logra el equilibrio perfecto entre capacidad y portabilidad, ideal para el uso diario.<br \/> 6. M\u00e1xima movilidad para el trabajo sobre la marcha: <br \/> Perfecto para usar por s\u00ed solo o en combinaci\u00f3n con una maleta profesional, es adecuado para t\u00e9cnicos de campo, mantenedores, instaladores y profesionales del servicio t\u00e9cnico.<\/p>\n","protected":false},"excerpt":{"rendered":"<p>La TOP 07 XLR es una mochila profesional de alta capacidad dise\u00f1ada para t\u00e9cnicos y operadores de campo que necesitan un almacenamiento espacioso, organizado y seguro para herramientas, accesorios y dispositivos electr\u00f3nicos. <br \/> Equipado con un compartimento acolchado para port\u00e1tiles de hasta 17\u00bb y un panel de herramientas extra\u00edble con bolsillos y trabillas el\u00e1sticas en ambos lados, ofrece una soluci\u00f3n completa para la gesti\u00f3n diaria del trabajo. <\/p>\n<p> Los bolsillos interiores y exteriores permiten una separaci\u00f3n ordenada de herramientas, piezas peque\u00f1as y documentos. <br \/> Esta mochila para herramientas combina la practicidad de una bolsa de herramientas con la capacidad de una caja de herramientas, y tambi\u00e9n se puede utilizar como mochila para carros de trabajo cuando se combina con otros sistemas GT Line. La base r\u00edgida de material pl\u00e1stico hace que el TOP 07 XLR sea estable, robusto y fiable.<\/p>\n","protected":false},"featured_media":8689,"comment_status":"open","ping_status":"closed","template":"","meta":{"_acf_changed":false},"product_brand":[],"product_cat":[230],"product_tag":[],"class_list":{"0":"post-16257","1":"product","2":"type-product","3":"status-publish","4":"has-post-thumbnail","6":"product_cat-linea-top","7":"pa_aplicaciones-maletas-y-bolsas-para-electricistas","8":"pa_aplicaciones-maletas-y-bolsas-para-fontaneros","9":"pa_aplicaciones-maletas-y-bolsas-para-mantenedores","10":"pa_aplicaciones-maletas-y-bolsas-para-tecnicos-de-campo","11":"pa_tipo-de-producto-bolsas-y-mochilas-para-herramientas","13":"first","14":"instock","15":"shipping-taxable","16":"purchasable","17":"product-type-simple"},"acf":[],"yoast_head":"<!-- This site is optimized with the Yoast SEO plugin v25.4 - https:\/\/yoast.com\/wordpress\/plugins\/seo\/ -->\n<title>Work Line By GT | Mochila Porta Herramientas Top 07 XL R | GT<\/title>\n<meta name=\"description\" content=\"Mochila porta herramientas Top 07 XL R con amplio espacio, refuerzos resistentes y comodidad para transportar equipos en trabajos exigentes.\" \/>\n<meta name=\"robots\" content=\"index, follow, max-snippet:-1, max-image-preview:large, max-video-preview:-1\" \/>\n<link rel=\"canonical\" href=\"https:\/\/www.gtline.com\/es\/products\/work-line-by-gt-mochila-porta-herramientas-top-07-xl-r\/\" \/>\n<meta property=\"og:locale\" content=\"es_ES\" \/>\n<meta property=\"og:type\" content=\"article\" \/>\n<meta property=\"og:title\" content=\"Work Line By GT | Mochila Porta Herramientas Top 07 XL R | GT\" \/>\n<meta property=\"og:description\" content=\"Mochila porta herramientas Top 07 XL R con amplio espacio, refuerzos resistentes y comodidad para transportar equipos en trabajos exigentes.\" \/>\n<meta property=\"og:url\" content=\"https:\/\/www.gtline.com\/es\/products\/work-line-by-gt-mochila-porta-herramientas-top-07-xl-r\/\" \/>\n<meta property=\"og:site_name\" content=\"Gt Line ES\" \/>\n<meta property=\"article:publisher\" content=\"https:\/\/www.facebook.com\/gtlinesrl?locale=it_IT\" \/>\n<meta property=\"article:modified_time\" content=\"2026-04-17T03:08:49+00:00\" \/>\n<meta property=\"og:image\" content=\"https:\/\/www.gtline.com\/es\/wp-content\/uploads\/sites\/4\/2025\/05\/TOP-07-XL-R_ALL_01_9027.jpg\" \/>\n\t<meta property=\"og:image:width\" content=\"500\" \/>\n\t<meta property=\"og:image:height\" content=\"500\" \/>\n\t<meta property=\"og:image:type\" content=\"image\/jpeg\" \/>\n<meta name=\"twitter:card\" content=\"summary_large_image\" \/>\n<meta name=\"twitter:label1\" content=\"Tiempo de lectura\" \/>\n\t<meta name=\"twitter:data1\" content=\"2 minutos\" \/>\n<script type=\"application\/ld+json\" class=\"yoast-schema-graph\">{\"@context\":\"https:\/\/schema.org\",\"@graph\":[{\"@type\":\"WebPage\",\"@id\":\"https:\/\/www.gtline.com\/es\/products\/work-line-by-gt-mochila-porta-herramientas-top-07-xl-r\/\",\"url\":\"https:\/\/www.gtline.com\/es\/products\/work-line-by-gt-mochila-porta-herramientas-top-07-xl-r\/\",\"name\":\"Work Line By GT | Mochila Porta Herramientas Top 07 XL R | GT\",\"isPartOf\":{\"@id\":\"https:\/\/www.gtline.com\/es\/#website\"},\"primaryImageOfPage\":{\"@id\":\"https:\/\/www.gtline.com\/es\/products\/work-line-by-gt-mochila-porta-herramientas-top-07-xl-r\/#primaryimage\"},\"image\":{\"@id\":\"https:\/\/www.gtline.com\/es\/products\/work-line-by-gt-mochila-porta-herramientas-top-07-xl-r\/#primaryimage\"},\"thumbnailUrl\":\"https:\/\/www.gtline.com\/es\/wp-content\/uploads\/sites\/4\/2025\/05\/TOP-07-XL-R_ALL_01_9027.jpg\",\"datePublished\":\"2025-07-21T10:24:46+00:00\",\"dateModified\":\"2026-04-17T03:08:49+00:00\",\"description\":\"Mochila porta herramientas Top 07 XL R con amplio espacio, refuerzos resistentes y comodidad para transportar equipos en trabajos exigentes.\",\"breadcrumb\":{\"@id\":\"https:\/\/www.gtline.com\/es\/products\/work-line-by-gt-mochila-porta-herramientas-top-07-xl-r\/#breadcrumb\"},\"inLanguage\":\"es\",\"potentialAction\":[{\"@type\":\"ReadAction\",\"target\":[\"https:\/\/www.gtline.com\/es\/products\/work-line-by-gt-mochila-porta-herramientas-top-07-xl-r\/\"]}]},{\"@type\":\"ImageObject\",\"inLanguage\":\"es\",\"@id\":\"https:\/\/www.gtline.com\/es\/products\/work-line-by-gt-mochila-porta-herramientas-top-07-xl-r\/#primaryimage\",\"url\":\"https:\/\/www.gtline.com\/es\/wp-content\/uploads\/sites\/4\/2025\/05\/TOP-07-XL-R_ALL_01_9027.jpg\",\"contentUrl\":\"https:\/\/www.gtline.com\/es\/wp-content\/uploads\/sites\/4\/2025\/05\/TOP-07-XL-R_ALL_01_9027.jpg\",\"width\":500,\"height\":500},{\"@type\":\"BreadcrumbList\",\"@id\":\"https:\/\/www.gtline.com\/es\/products\/work-line-by-gt-mochila-porta-herramientas-top-07-xl-r\/#breadcrumb\",\"itemListElement\":[{\"@type\":\"ListItem\",\"position\":1,\"name\":\"Home\",\"item\":\"https:\/\/www.gtline.com\/es\/\"},{\"@type\":\"ListItem\",\"position\":2,\"name\":\"Shop\",\"item\":\"https:\/\/www.gtline.com\/es\/negozio\/\"},{\"@type\":\"ListItem\",\"position\":3,\"name\":\"Work Line by GT Mochila Porta herramientas Top 07 XLR\"}]},{\"@type\":\"WebSite\",\"@id\":\"https:\/\/www.gtline.com\/es\/#website\",\"url\":\"https:\/\/www.gtline.com\/es\/\",\"name\":\"Gt Line\",\"description\":\"\",\"publisher\":{\"@id\":\"https:\/\/www.gtline.com\/es\/#organization\"},\"potentialAction\":[{\"@type\":\"SearchAction\",\"target\":{\"@type\":\"EntryPoint\",\"urlTemplate\":\"https:\/\/www.gtline.com\/es\/?s={search_term_string}\"},\"query-input\":{\"@type\":\"PropertyValueSpecification\",\"valueRequired\":true,\"valueName\":\"search_term_string\"}}],\"inLanguage\":\"es\"},{\"@type\":\"Organization\",\"@id\":\"https:\/\/www.gtline.com\/es\/#organization\",\"name\":\"Gt Line\",\"url\":\"https:\/\/www.gtline.com\/es\/\",\"logo\":{\"@type\":\"ImageObject\",\"inLanguage\":\"es\",\"@id\":\"https:\/\/www.gtline.com\/es\/#\/schema\/logo\/image\/\",\"url\":\"https:\/\/www.gtline.com\/es\/wp-content\/uploads\/sites\/4\/2025\/02\/logo.png\",\"contentUrl\":\"https:\/\/www.gtline.com\/es\/wp-content\/uploads\/sites\/4\/2025\/02\/logo.png\",\"width\":228,\"height\":146,\"caption\":\"Gt Line\"},\"image\":{\"@id\":\"https:\/\/www.gtline.com\/es\/#\/schema\/logo\/image\/\"},\"sameAs\":[\"https:\/\/www.facebook.com\/gtlinesrl?locale=it_IT\",\"https:\/\/www.instagram.com\/gt_line_srl\/\",\"https:\/\/www.youtube.com\/channel\/UCDvpkFqswNJOVFz64PkYRQQ\",\"https:\/\/www.linkedin.com\/company\/gt-line-srl\/\"]}]}<\/script>\n<!-- \/ Yoast SEO plugin. -->","yoast_head_json":{"title":"Work Line By GT | Mochila Porta Herramientas Top 07 XL R | GT","description":"Mochila porta herramientas Top 07 XL R con amplio espacio, refuerzos resistentes y comodidad para transportar equipos en trabajos exigentes.","robots":{"index":"index","follow":"follow","max-snippet":"max-snippet:-1","max-image-preview":"max-image-preview:large","max-video-preview":"max-video-preview:-1"},"canonical":"https:\/\/www.gtline.com\/es\/products\/work-line-by-gt-mochila-porta-herramientas-top-07-xl-r\/","og_locale":"es_ES","og_type":"article","og_title":"Work Line By GT | Mochila Porta Herramientas Top 07 XL R | GT","og_description":"Mochila porta herramientas Top 07 XL R con amplio espacio, refuerzos resistentes y comodidad para transportar equipos en trabajos exigentes.","og_url":"https:\/\/www.gtline.com\/es\/products\/work-line-by-gt-mochila-porta-herramientas-top-07-xl-r\/","og_site_name":"Gt Line ES","article_publisher":"https:\/\/www.facebook.com\/gtlinesrl?locale=it_IT","article_modified_time":"2026-04-17T03:08:49+00:00","og_image":[{"width":500,"height":500,"url":"https:\/\/www.gtline.com\/es\/wp-content\/uploads\/sites\/4\/2025\/05\/TOP-07-XL-R_ALL_01_9027.jpg","type":"image\/jpeg"}],"twitter_card":"summary_large_image","twitter_misc":{"Tiempo de lectura":"2 minutos"},"schema":{"@context":"https:\/\/schema.org","@graph":[{"@type":"WebPage","@id":"https:\/\/www.gtline.com\/es\/products\/work-line-by-gt-mochila-porta-herramientas-top-07-xl-r\/","url":"https:\/\/www.gtline.com\/es\/products\/work-line-by-gt-mochila-porta-herramientas-top-07-xl-r\/","name":"Work Line By GT | Mochila Porta Herramientas Top 07 XL R | GT","isPartOf":{"@id":"https:\/\/www.gtline.com\/es\/#website"},"primaryImageOfPage":{"@id":"https:\/\/www.gtline.com\/es\/products\/work-line-by-gt-mochila-porta-herramientas-top-07-xl-r\/#primaryimage"},"image":{"@id":"https:\/\/www.gtline.com\/es\/products\/work-line-by-gt-mochila-porta-herramientas-top-07-xl-r\/#primaryimage"},"thumbnailUrl":"https:\/\/www.gtline.com\/es\/wp-content\/uploads\/sites\/4\/2025\/05\/TOP-07-XL-R_ALL_01_9027.jpg","datePublished":"2025-07-21T10:24:46+00:00","dateModified":"2026-04-17T03:08:49+00:00","description":"Mochila porta herramientas Top 07 XL R con amplio espacio, refuerzos resistentes y comodidad para transportar equipos en trabajos exigentes.","breadcrumb":{"@id":"https:\/\/www.gtline.com\/es\/products\/work-line-by-gt-mochila-porta-herramientas-top-07-xl-r\/#breadcrumb"},"inLanguage":"es","potentialAction":[{"@type":"ReadAction","target":["https:\/\/www.gtline.com\/es\/products\/work-line-by-gt-mochila-porta-herramientas-top-07-xl-r\/"]}]},{"@type":"ImageObject","inLanguage":"es","@id":"https:\/\/www.gtline.com\/es\/products\/work-line-by-gt-mochila-porta-herramientas-top-07-xl-r\/#primaryimage","url":"https:\/\/www.gtline.com\/es\/wp-content\/uploads\/sites\/4\/2025\/05\/TOP-07-XL-R_ALL_01_9027.jpg","contentUrl":"https:\/\/www.gtline.com\/es\/wp-content\/uploads\/sites\/4\/2025\/05\/TOP-07-XL-R_ALL_01_9027.jpg","width":500,"height":500},{"@type":"BreadcrumbList","@id":"https:\/\/www.gtline.com\/es\/products\/work-line-by-gt-mochila-porta-herramientas-top-07-xl-r\/#breadcrumb","itemListElement":[{"@type":"ListItem","position":1,"name":"Home","item":"https:\/\/www.gtline.com\/es\/"},{"@type":"ListItem","position":2,"name":"Shop","item":"https:\/\/www.gtline.com\/es\/negozio\/"},{"@type":"ListItem","position":3,"name":"Work Line by GT Mochila Porta herramientas Top 07 XLR"}]},{"@type":"WebSite","@id":"https:\/\/www.gtline.com\/es\/#website","url":"https:\/\/www.gtline.com\/es\/","name":"Gt Line","description":"","publisher":{"@id":"https:\/\/www.gtline.com\/es\/#organization"},"potentialAction":[{"@type":"SearchAction","target":{"@type":"EntryPoint","urlTemplate":"https:\/\/www.gtline.com\/es\/?s={search_term_string}"},"query-input":{"@type":"PropertyValueSpecification","valueRequired":true,"valueName":"search_term_string"}}],"inLanguage":"es"},{"@type":"Organization","@id":"https:\/\/www.gtline.com\/es\/#organization","name":"Gt Line","url":"https:\/\/www.gtline.com\/es\/","logo":{"@type":"ImageObject","inLanguage":"es","@id":"https:\/\/www.gtline.com\/es\/#\/schema\/logo\/image\/","url":"https:\/\/www.gtline.com\/es\/wp-content\/uploads\/sites\/4\/2025\/02\/logo.png","contentUrl":"https:\/\/www.gtline.com\/es\/wp-content\/uploads\/sites\/4\/2025\/02\/logo.png","width":228,"height":146,"caption":"Gt Line"},"image":{"@id":"https:\/\/www.gtline.com\/es\/#\/schema\/logo\/image\/"},"sameAs":["https:\/\/www.facebook.com\/gtlinesrl?locale=it_IT","https:\/\/www.instagram.com\/gt_line_srl\/","https:\/\/www.youtube.com\/channel\/UCDvpkFqswNJOVFz64PkYRQQ","https:\/\/www.linkedin.com\/company\/gt-line-srl\/"]}]}},"_links":{"self":[{"href":"https:\/\/www.gtline.com\/es\/wp-json\/wp\/v2\/product\/16257","targetHints":{"allow":["GET"]}}],"collection":[{"href":"https:\/\/www.gtline.com\/es\/wp-json\/wp\/v2\/product"}],"about":[{"href":"https:\/\/www.gtline.com\/es\/wp-json\/wp\/v2\/types\/product"}],"replies":[{"embeddable":true,"href":"https:\/\/www.gtline.com\/es\/wp-json\/wp\/v2\/comments?post=16257"}],"version-history":[{"count":6,"href":"https:\/\/www.gtline.com\/es\/wp-json\/wp\/v2\/product\/16257\/revisions"}],"predecessor-version":[{"id":27137,"href":"https:\/\/www.gtline.com\/es\/wp-json\/wp\/v2\/product\/16257\/revisions\/27137"}],"wp:featuredmedia":[{"embeddable":true,"href":"https:\/\/www.gtline.com\/es\/wp-json\/wp\/v2\/media\/8689"}],"wp:attachment":[{"href":"https:\/\/www.gtline.com\/es\/wp-json\/wp\/v2\/media?parent=16257"}],"wp:term":[{"taxonomy":"product_brand","embeddable":true,"href":"https:\/\/www.gtline.com\/es\/wp-json\/wp\/v2\/product_brand?post=16257"},{"taxonomy":"product_cat","embeddable":true,"href":"https:\/\/www.gtline.com\/es\/wp-json\/wp\/v2\/product_cat?post=16257"},{"taxonomy":"product_tag","embeddable":true,"href":"https:\/\/www.gtline.com\/es\/wp-json\/wp\/v2\/product_tag?post=16257"}],"curies":[{"name":"wp","href":"https:\/\/api.w.org\/{rel}","templated":true}]}}