{"id":16259,"date":"2025-07-21T10:24:50","date_gmt":"2025-07-21T10:24:50","guid":{"rendered":"https:\/\/www.gtline.com\/es\/prodotto\/work-line-by-gt-mochila-porta-herramientas-top-07-r\/"},"modified":"2026-04-17T03:08:53","modified_gmt":"2026-04-17T03:08:53","slug":"work-line-by-gt-mochila-porta-herramientas-top-07-r","status":"publish","type":"product","link":"https:\/\/www.gtline.com\/es\/products\/work-line-by-gt-mochila-porta-herramientas-top-07-r\/","title":{"rendered":"Work Line by GT Mochila Porta herramientas Top 07 R"},"content":{"rendered":"<p>1. Estructura compacta y organizada. <br \/> Dos compartimentos principales separados por un panel interno desmontable, cremalleras con posibilidad de candado y resistentes bolsillos para herramientas que permiten un acceso r\u00e1pido y seguro a los equipos.<br \/> 2. Bolsillos internos y externos para herramientas, accesorios y documentos: <br \/> La organizaci\u00f3n racional permite separar herramientas de trabajo, piezas peque\u00f1as y documentaci\u00f3n t\u00e9cnica para una gesti\u00f3n eficiente del espacio.<br \/> 3. Asa acolchada, correas ajustables para los hombros y cintur\u00f3n de cintura: <br \/> m\u00e1xima comodidad incluso durante viajes largos: se adapta a su espalda y distribuye el peso de manera ergon\u00f3mica.<br \/> 4. Espalda acolchada para un ajuste c\u00f3modo: <br \/> El acolchado trasero garantiza soporte y transpirabilidad, ideal para el uso m\u00f3vil diario.<br \/> 5. Fondo reforzado con pies antideslizantes de goma: <br \/> protecci\u00f3n adicional contra superficies mojadas, polvorientas o irregulares, lo que mejora la durabilidad.<br \/> 6. Dise\u00f1o inteligente para profesionales m\u00f3viles: <br \/> Con unas dimensiones de 300 x 140 x 400 mm y un peso de 2,30 kg, esta es la mochila de herramientas ideal para uso individual o en combinaci\u00f3n con estuches o bolsas de herramientas GT Line.<br \/> 7. Seguridad y acceso r\u00e1pido en cualquier situaci\u00f3n: <br \/> Los cierres de cremallera con candado garantizan la protecci\u00f3n contra el acceso no autorizado, lo que hace que el TOP 07 R sea ideal para entornos compartidos o p\u00fablicos.<\/p>\n","protected":false},"excerpt":{"rendered":"<p>La TOP 07 R es una mochila de herramientas compacta y funcional, dise\u00f1ada para proporcionar comodidad y organizaci\u00f3n en cada situaci\u00f3n de trabajo.<br \/>\nEquipada con amplios bolsillos internos y externos, correas ajustables para los hombros, un cintur\u00f3n y soporte para la espalda acolchado, esta mochila de trabajo profesional es ideal para t\u00e9cnicos, instaladores y trabajadores de mantenimiento en movimiento.<\/p>\n<p>Los compartimentos dobles con cremallera con deslizadores bloqueables y paneles internos de portaherramientas garantizan una seguridad y organizaci\u00f3n \u00f3ptimas, mientras que los pies de goma protegen la base del desgaste y la suciedad.<\/p>\n<p>La TOP 07 R combina la practicidad de una bolsa de herramientas profesional con el dise\u00f1o compacto de una caja de herramientas, lo que la hace adecuada para su uso independiente o su integraci\u00f3n en una caja de herramientas m\u00e1s grande o en una mochila para carros de trabajo.<\/p>\n","protected":false},"featured_media":8700,"comment_status":"open","ping_status":"closed","template":"","meta":{"_acf_changed":false},"product_brand":[],"product_cat":[230],"product_tag":[],"class_list":{"0":"post-16259","1":"product","2":"type-product","3":"status-publish","4":"has-post-thumbnail","6":"product_cat-linea-top","7":"pa_aplicaciones-maletas-y-bolsas-para-electricistas","8":"pa_aplicaciones-maletas-y-bolsas-para-fontaneros","9":"pa_aplicaciones-maletas-y-bolsas-para-mantenedores","10":"pa_aplicaciones-maletas-y-bolsas-para-tecnicos-de-campo","11":"pa_tipo-de-producto-bolsas-y-mochilas-para-herramientas","13":"first","14":"instock","15":"shipping-taxable","16":"purchasable","17":"product-type-simple"},"acf":[],"yoast_head":"<!-- This site is optimized with the Yoast SEO plugin v25.4 - https:\/\/yoast.com\/wordpress\/plugins\/seo\/ -->\n<title>Work Line By GT | Mochila Porta Herramientas Top 07 R | GT<\/title>\n<meta name=\"description\" content=\"Mochila para herramientas Top 07 R con varios compartimentos accesibles, ajuste c\u00f3modo y resistencia profesional para t\u00e9cnicos que se mueven a diario.\" \/>\n<meta name=\"robots\" content=\"index, follow, max-snippet:-1, max-image-preview:large, max-video-preview:-1\" \/>\n<link rel=\"canonical\" href=\"https:\/\/www.gtline.com\/es\/products\/work-line-by-gt-mochila-porta-herramientas-top-07-r\/\" \/>\n<meta property=\"og:locale\" content=\"es_ES\" \/>\n<meta property=\"og:type\" content=\"article\" \/>\n<meta property=\"og:title\" content=\"Work Line By GT | Mochila Porta Herramientas Top 07 R | GT\" \/>\n<meta property=\"og:description\" content=\"Mochila para herramientas Top 07 R con varios compartimentos accesibles, ajuste c\u00f3modo y resistencia profesional para t\u00e9cnicos que se mueven a diario.\" \/>\n<meta property=\"og:url\" content=\"https:\/\/www.gtline.com\/es\/products\/work-line-by-gt-mochila-porta-herramientas-top-07-r\/\" \/>\n<meta property=\"og:site_name\" content=\"Gt Line ES\" \/>\n<meta property=\"article:publisher\" content=\"https:\/\/www.facebook.com\/gtlinesrl?locale=it_IT\" \/>\n<meta property=\"article:modified_time\" content=\"2026-04-17T03:08:53+00:00\" \/>\n<meta property=\"og:image\" content=\"https:\/\/www.gtline.com\/es\/wp-content\/uploads\/sites\/4\/2025\/05\/TOP-07-R_ALL_01_9028.jpg\" \/>\n\t<meta property=\"og:image:width\" content=\"500\" \/>\n\t<meta property=\"og:image:height\" content=\"500\" \/>\n\t<meta property=\"og:image:type\" content=\"image\/jpeg\" \/>\n<meta name=\"twitter:card\" content=\"summary_large_image\" \/>\n<meta name=\"twitter:label1\" content=\"Tiempo de lectura\" \/>\n\t<meta name=\"twitter:data1\" content=\"2 minutos\" \/>\n<script type=\"application\/ld+json\" class=\"yoast-schema-graph\">{\"@context\":\"https:\/\/schema.org\",\"@graph\":[{\"@type\":\"WebPage\",\"@id\":\"https:\/\/www.gtline.com\/es\/products\/work-line-by-gt-mochila-porta-herramientas-top-07-r\/\",\"url\":\"https:\/\/www.gtline.com\/es\/products\/work-line-by-gt-mochila-porta-herramientas-top-07-r\/\",\"name\":\"Work Line By GT | Mochila Porta Herramientas Top 07 R | GT\",\"isPartOf\":{\"@id\":\"https:\/\/www.gtline.com\/es\/#website\"},\"primaryImageOfPage\":{\"@id\":\"https:\/\/www.gtline.com\/es\/products\/work-line-by-gt-mochila-porta-herramientas-top-07-r\/#primaryimage\"},\"image\":{\"@id\":\"https:\/\/www.gtline.com\/es\/products\/work-line-by-gt-mochila-porta-herramientas-top-07-r\/#primaryimage\"},\"thumbnailUrl\":\"https:\/\/www.gtline.com\/es\/wp-content\/uploads\/sites\/4\/2025\/05\/TOP-07-R_ALL_01_9028.jpg\",\"datePublished\":\"2025-07-21T10:24:50+00:00\",\"dateModified\":\"2026-04-17T03:08:53+00:00\",\"description\":\"Mochila para herramientas Top 07 R con varios compartimentos accesibles, ajuste c\u00f3modo y resistencia profesional para t\u00e9cnicos que se mueven a diario.\",\"breadcrumb\":{\"@id\":\"https:\/\/www.gtline.com\/es\/products\/work-line-by-gt-mochila-porta-herramientas-top-07-r\/#breadcrumb\"},\"inLanguage\":\"es\",\"potentialAction\":[{\"@type\":\"ReadAction\",\"target\":[\"https:\/\/www.gtline.com\/es\/products\/work-line-by-gt-mochila-porta-herramientas-top-07-r\/\"]}]},{\"@type\":\"ImageObject\",\"inLanguage\":\"es\",\"@id\":\"https:\/\/www.gtline.com\/es\/products\/work-line-by-gt-mochila-porta-herramientas-top-07-r\/#primaryimage\",\"url\":\"https:\/\/www.gtline.com\/es\/wp-content\/uploads\/sites\/4\/2025\/05\/TOP-07-R_ALL_01_9028.jpg\",\"contentUrl\":\"https:\/\/www.gtline.com\/es\/wp-content\/uploads\/sites\/4\/2025\/05\/TOP-07-R_ALL_01_9028.jpg\",\"width\":500,\"height\":500},{\"@type\":\"BreadcrumbList\",\"@id\":\"https:\/\/www.gtline.com\/es\/products\/work-line-by-gt-mochila-porta-herramientas-top-07-r\/#breadcrumb\",\"itemListElement\":[{\"@type\":\"ListItem\",\"position\":1,\"name\":\"Home\",\"item\":\"https:\/\/www.gtline.com\/es\/\"},{\"@type\":\"ListItem\",\"position\":2,\"name\":\"Shop\",\"item\":\"https:\/\/www.gtline.com\/es\/negozio\/\"},{\"@type\":\"ListItem\",\"position\":3,\"name\":\"Work Line by GT Mochila Porta herramientas Top 07 R\"}]},{\"@type\":\"WebSite\",\"@id\":\"https:\/\/www.gtline.com\/es\/#website\",\"url\":\"https:\/\/www.gtline.com\/es\/\",\"name\":\"Gt Line\",\"description\":\"\",\"publisher\":{\"@id\":\"https:\/\/www.gtline.com\/es\/#organization\"},\"potentialAction\":[{\"@type\":\"SearchAction\",\"target\":{\"@type\":\"EntryPoint\",\"urlTemplate\":\"https:\/\/www.gtline.com\/es\/?s={search_term_string}\"},\"query-input\":{\"@type\":\"PropertyValueSpecification\",\"valueRequired\":true,\"valueName\":\"search_term_string\"}}],\"inLanguage\":\"es\"},{\"@type\":\"Organization\",\"@id\":\"https:\/\/www.gtline.com\/es\/#organization\",\"name\":\"Gt Line\",\"url\":\"https:\/\/www.gtline.com\/es\/\",\"logo\":{\"@type\":\"ImageObject\",\"inLanguage\":\"es\",\"@id\":\"https:\/\/www.gtline.com\/es\/#\/schema\/logo\/image\/\",\"url\":\"https:\/\/www.gtline.com\/es\/wp-content\/uploads\/sites\/4\/2025\/02\/logo.png\",\"contentUrl\":\"https:\/\/www.gtline.com\/es\/wp-content\/uploads\/sites\/4\/2025\/02\/logo.png\",\"width\":228,\"height\":146,\"caption\":\"Gt Line\"},\"image\":{\"@id\":\"https:\/\/www.gtline.com\/es\/#\/schema\/logo\/image\/\"},\"sameAs\":[\"https:\/\/www.facebook.com\/gtlinesrl?locale=it_IT\",\"https:\/\/www.instagram.com\/gt_line_srl\/\",\"https:\/\/www.youtube.com\/channel\/UCDvpkFqswNJOVFz64PkYRQQ\",\"https:\/\/www.linkedin.com\/company\/gt-line-srl\/\"]}]}<\/script>\n<!-- \/ Yoast SEO plugin. -->","yoast_head_json":{"title":"Work Line By GT | Mochila Porta Herramientas Top 07 R | GT","description":"Mochila para herramientas Top 07 R con varios compartimentos accesibles, ajuste c\u00f3modo y resistencia profesional para t\u00e9cnicos que se mueven a diario.","robots":{"index":"index","follow":"follow","max-snippet":"max-snippet:-1","max-image-preview":"max-image-preview:large","max-video-preview":"max-video-preview:-1"},"canonical":"https:\/\/www.gtline.com\/es\/products\/work-line-by-gt-mochila-porta-herramientas-top-07-r\/","og_locale":"es_ES","og_type":"article","og_title":"Work Line By GT | Mochila Porta Herramientas Top 07 R | GT","og_description":"Mochila para herramientas Top 07 R con varios compartimentos accesibles, ajuste c\u00f3modo y resistencia profesional para t\u00e9cnicos que se mueven a diario.","og_url":"https:\/\/www.gtline.com\/es\/products\/work-line-by-gt-mochila-porta-herramientas-top-07-r\/","og_site_name":"Gt Line ES","article_publisher":"https:\/\/www.facebook.com\/gtlinesrl?locale=it_IT","article_modified_time":"2026-04-17T03:08:53+00:00","og_image":[{"width":500,"height":500,"url":"https:\/\/www.gtline.com\/es\/wp-content\/uploads\/sites\/4\/2025\/05\/TOP-07-R_ALL_01_9028.jpg","type":"image\/jpeg"}],"twitter_card":"summary_large_image","twitter_misc":{"Tiempo de lectura":"2 minutos"},"schema":{"@context":"https:\/\/schema.org","@graph":[{"@type":"WebPage","@id":"https:\/\/www.gtline.com\/es\/products\/work-line-by-gt-mochila-porta-herramientas-top-07-r\/","url":"https:\/\/www.gtline.com\/es\/products\/work-line-by-gt-mochila-porta-herramientas-top-07-r\/","name":"Work Line By GT | Mochila Porta Herramientas Top 07 R | GT","isPartOf":{"@id":"https:\/\/www.gtline.com\/es\/#website"},"primaryImageOfPage":{"@id":"https:\/\/www.gtline.com\/es\/products\/work-line-by-gt-mochila-porta-herramientas-top-07-r\/#primaryimage"},"image":{"@id":"https:\/\/www.gtline.com\/es\/products\/work-line-by-gt-mochila-porta-herramientas-top-07-r\/#primaryimage"},"thumbnailUrl":"https:\/\/www.gtline.com\/es\/wp-content\/uploads\/sites\/4\/2025\/05\/TOP-07-R_ALL_01_9028.jpg","datePublished":"2025-07-21T10:24:50+00:00","dateModified":"2026-04-17T03:08:53+00:00","description":"Mochila para herramientas Top 07 R con varios compartimentos accesibles, ajuste c\u00f3modo y resistencia profesional para t\u00e9cnicos que se mueven a diario.","breadcrumb":{"@id":"https:\/\/www.gtline.com\/es\/products\/work-line-by-gt-mochila-porta-herramientas-top-07-r\/#breadcrumb"},"inLanguage":"es","potentialAction":[{"@type":"ReadAction","target":["https:\/\/www.gtline.com\/es\/products\/work-line-by-gt-mochila-porta-herramientas-top-07-r\/"]}]},{"@type":"ImageObject","inLanguage":"es","@id":"https:\/\/www.gtline.com\/es\/products\/work-line-by-gt-mochila-porta-herramientas-top-07-r\/#primaryimage","url":"https:\/\/www.gtline.com\/es\/wp-content\/uploads\/sites\/4\/2025\/05\/TOP-07-R_ALL_01_9028.jpg","contentUrl":"https:\/\/www.gtline.com\/es\/wp-content\/uploads\/sites\/4\/2025\/05\/TOP-07-R_ALL_01_9028.jpg","width":500,"height":500},{"@type":"BreadcrumbList","@id":"https:\/\/www.gtline.com\/es\/products\/work-line-by-gt-mochila-porta-herramientas-top-07-r\/#breadcrumb","itemListElement":[{"@type":"ListItem","position":1,"name":"Home","item":"https:\/\/www.gtline.com\/es\/"},{"@type":"ListItem","position":2,"name":"Shop","item":"https:\/\/www.gtline.com\/es\/negozio\/"},{"@type":"ListItem","position":3,"name":"Work Line by GT Mochila Porta herramientas Top 07 R"}]},{"@type":"WebSite","@id":"https:\/\/www.gtline.com\/es\/#website","url":"https:\/\/www.gtline.com\/es\/","name":"Gt Line","description":"","publisher":{"@id":"https:\/\/www.gtline.com\/es\/#organization"},"potentialAction":[{"@type":"SearchAction","target":{"@type":"EntryPoint","urlTemplate":"https:\/\/www.gtline.com\/es\/?s={search_term_string}"},"query-input":{"@type":"PropertyValueSpecification","valueRequired":true,"valueName":"search_term_string"}}],"inLanguage":"es"},{"@type":"Organization","@id":"https:\/\/www.gtline.com\/es\/#organization","name":"Gt Line","url":"https:\/\/www.gtline.com\/es\/","logo":{"@type":"ImageObject","inLanguage":"es","@id":"https:\/\/www.gtline.com\/es\/#\/schema\/logo\/image\/","url":"https:\/\/www.gtline.com\/es\/wp-content\/uploads\/sites\/4\/2025\/02\/logo.png","contentUrl":"https:\/\/www.gtline.com\/es\/wp-content\/uploads\/sites\/4\/2025\/02\/logo.png","width":228,"height":146,"caption":"Gt Line"},"image":{"@id":"https:\/\/www.gtline.com\/es\/#\/schema\/logo\/image\/"},"sameAs":["https:\/\/www.facebook.com\/gtlinesrl?locale=it_IT","https:\/\/www.instagram.com\/gt_line_srl\/","https:\/\/www.youtube.com\/channel\/UCDvpkFqswNJOVFz64PkYRQQ","https:\/\/www.linkedin.com\/company\/gt-line-srl\/"]}]}},"_links":{"self":[{"href":"https:\/\/www.gtline.com\/es\/wp-json\/wp\/v2\/product\/16259","targetHints":{"allow":["GET"]}}],"collection":[{"href":"https:\/\/www.gtline.com\/es\/wp-json\/wp\/v2\/product"}],"about":[{"href":"https:\/\/www.gtline.com\/es\/wp-json\/wp\/v2\/types\/product"}],"replies":[{"embeddable":true,"href":"https:\/\/www.gtline.com\/es\/wp-json\/wp\/v2\/comments?post=16259"}],"version-history":[{"count":3,"href":"https:\/\/www.gtline.com\/es\/wp-json\/wp\/v2\/product\/16259\/revisions"}],"predecessor-version":[{"id":23039,"href":"https:\/\/www.gtline.com\/es\/wp-json\/wp\/v2\/product\/16259\/revisions\/23039"}],"wp:featuredmedia":[{"embeddable":true,"href":"https:\/\/www.gtline.com\/es\/wp-json\/wp\/v2\/media\/8700"}],"wp:attachment":[{"href":"https:\/\/www.gtline.com\/es\/wp-json\/wp\/v2\/media?parent=16259"}],"wp:term":[{"taxonomy":"product_brand","embeddable":true,"href":"https:\/\/www.gtline.com\/es\/wp-json\/wp\/v2\/product_brand?post=16259"},{"taxonomy":"product_cat","embeddable":true,"href":"https:\/\/www.gtline.com\/es\/wp-json\/wp\/v2\/product_cat?post=16259"},{"taxonomy":"product_tag","embeddable":true,"href":"https:\/\/www.gtline.com\/es\/wp-json\/wp\/v2\/product_tag?post=16259"}],"curies":[{"name":"wp","href":"https:\/\/api.w.org\/{rel}","templated":true}]}}