{"id":16261,"date":"2025-07-21T10:24:53","date_gmt":"2025-07-21T10:24:53","guid":{"rendered":"https:\/\/www.gtline.com\/es\/prodotto\/work-line-by-gt-cinturn-porta-herramientas-top-tool-belt-r\/"},"modified":"2026-04-30T03:08:40","modified_gmt":"2026-04-30T03:08:40","slug":"work-line-by-gt-cinturn-porta-herramientas-top-tool-belt-r","status":"publish","type":"product","link":"https:\/\/www.gtline.com\/es\/products\/work-line-by-gt-cinturn-porta-herramientas-top-tool-belt-r\/","title":{"rendered":"Work Line by GT Cintur&oacute;n Porta herramientas Top Tool Belt R"},"content":{"rendered":"<p>1. M\u00e1xima libertad de movimiento con herramientas siempre a mano. <br \/> <br \/>\nEl cintur\u00f3n de herramientas se lleva c\u00f3modamente alrededor de la cintura, lo que le permite trabajar con ambas manos libres y reducir el movimiento para recuperar herramientas.  <\/p>\n<p>2. M\u00faltiples bolsillos cosidos para una distribuci\u00f3n inteligente de la herramienta. <br \/> <br \/>\nLos bolsillos cosidos de varios tama\u00f1os est\u00e1n dise\u00f1ados para brindar durabilidad, ideales para sujetar alicates, destornilladores, cortadores y otras herramientas de trabajo.  <\/p>\n<p>3. Soporte integrado para martillo o mazo. <br \/> <br \/>\nLa correa incluye un soporte de martillo dedicado para garantizar el transporte seguro y estable de herramientas m\u00e1s pesadas y voluminosas.  <\/p>\n<p>4. Gancho r\u00e1pido para cinta m\u00e9trica u otros accesorios. <br \/> <br \/>\nEl pr\u00e1ctico gancho mantiene la cinta m\u00e9trica f\u00e1cilmente accesible, lo que mejora la velocidad y la precisi\u00f3n durante las operaciones in situ.  <\/p>\n<p>5. Ajustable para un ajuste personalizado. <br \/> <br \/>\nF\u00e1cilmente adaptable a varios tipos de cuerpo, lo que garantiza la comodidad durante toda la jornada laboral, incluso cuando se mueve o se encuentra en posiciones inc\u00f3modas.  <\/p>\n<p>6. Estructura compacta y liviana para trabajo din\u00e1mico. <br \/> <br \/>\nCon unas medidas de 500 x 230 mm y un peso de solo 0,30 kg, est\u00e1 dise\u00f1ado para profesionales m\u00f3viles que necesitan un soporte \u00e1gil y funcional.  <\/p>\n<p>7. Compatible con sistemas de transporte de herramientas profesionales. <br \/> <br \/>\nPerfecto para combinar con estuches de herramientas, mochilas con ruedas, bolsas de herramientas o bolsas de herramientas profesionales para una configuraci\u00f3n de equipo completa y modular. <\/p>\n","protected":false},"excerpt":{"rendered":"<p data-start=\"0\" data-end=\"512\">El <strong data-start=\"3\" data-end=\"22\">Top Tool Belt R<\/strong> es un <strong data-start=\"29\" data-end=\"60\">cintur\u00f3n porta herramientas<\/strong> dise\u00f1ado para el <strong data-start=\"78\" data-end=\"93\">profesional<\/strong> que necesita tener <strong data-start=\"113\" data-end=\"143\">todo al alcance de la mano<\/strong>, manteniendo al mismo tiempo <strong data-start=\"173\" data-end=\"197\">agilidad y comodidad<\/strong> durante el trabajo.<br \/><br data-start=\"217\" data-end=\"220\">Equipado con <strong data-start=\"233\" data-end=\"286\">m\u00faltiples bolsillos cosidos de diferentes tama\u00f1os<\/strong>, <strong data-start=\"288\" data-end=\"322\">soporte para martillo o maceta<\/strong> y <strong data-start=\"325\" data-end=\"356\">enganche para cinta m\u00e9trica<\/strong>, ofrece una <strong data-start=\"369\" data-end=\"403\">soluci\u00f3n pr\u00e1ctica y resistente<\/strong> para <strong data-start=\"409\" data-end=\"509\">electricistas, t\u00e9cnicos de mantenimiento, instaladores y operarios del sector de la construcci\u00f3n<\/strong>.<\/p>\n<p data-start=\"514\" data-end=\"755\" data-is-last-node=\"\" data-is-only-node=\"\">El <strong data-start=\"517\" data-end=\"536\">Top Tool Belt R<\/strong> es el <strong data-start=\"543\" data-end=\"567\">complemento perfecto<\/strong> para <strong data-start=\"573\" data-end=\"676\">mochilas profesionales, bolsas porta herramientas, mochilas de trabajo y maletines porta utensilios<\/strong>, mejorando la <strong data-start=\"691\" data-end=\"723\">eficiencia y la organizaci\u00f3n<\/strong> en cualquier entorno operativo.<\/p>\n","protected":false},"featured_media":8709,"comment_status":"open","ping_status":"closed","template":"","meta":{"_acf_changed":false},"product_brand":[],"product_cat":[230],"product_tag":[],"class_list":{"0":"post-16261","1":"product","2":"type-product","3":"status-publish","4":"has-post-thumbnail","6":"product_cat-linea-top","7":"pa_aplicaciones-maletas-y-bolsas-para-electricistas","8":"pa_aplicaciones-maletas-y-bolsas-para-fontaneros","9":"pa_aplicaciones-maletas-y-bolsas-para-mantenedores","10":"pa_aplicaciones-maletas-y-bolsas-para-tecnicos-de-campo","11":"pa_tipo-de-producto-bolsas-y-mochilas-para-herramientas","13":"first","14":"instock","15":"shipping-taxable","16":"purchasable","17":"product-type-simple"},"acf":[],"yoast_head":"<!-- This site is optimized with the Yoast SEO plugin v27.4 - https:\/\/yoast.com\/product\/yoast-seo-wordpress\/ -->\n<title>Work Line By GT | Cintur\u00f3n Porta Herramientas Top Tool Belt R<\/title>\n<meta name=\"description\" content=\"Cintur\u00f3n porta herramientas Top Tool Belt R con soporte resistente para trabajar con manos libres y tener siempre todo al alcance profesional.\" \/>\n<meta name=\"robots\" content=\"index, follow, max-snippet:-1, max-image-preview:large, max-video-preview:-1\" \/>\n<link rel=\"canonical\" href=\"https:\/\/www.gtline.com\/es\/products\/work-line-by-gt-cinturn-porta-herramientas-top-tool-belt-r\/\" \/>\n<meta property=\"og:locale\" content=\"es_ES\" \/>\n<meta property=\"og:type\" content=\"article\" \/>\n<meta property=\"og:title\" content=\"Work Line By GT | Cintur\u00f3n Porta Herramientas Top Tool Belt R\" \/>\n<meta property=\"og:description\" content=\"Cintur\u00f3n porta herramientas Top Tool Belt R con soporte resistente para trabajar con manos libres y tener siempre todo al alcance profesional.\" \/>\n<meta property=\"og:url\" content=\"https:\/\/www.gtline.com\/es\/products\/work-line-by-gt-cinturn-porta-herramientas-top-tool-belt-r\/\" \/>\n<meta property=\"og:site_name\" content=\"Gt Line ES\" \/>\n<meta property=\"article:publisher\" content=\"https:\/\/www.facebook.com\/gtlinesrl?locale=it_IT\" \/>\n<meta property=\"article:modified_time\" content=\"2026-04-30T03:08:40+00:00\" \/>\n<meta property=\"og:image\" content=\"https:\/\/www.gtline.com\/es\/wp-content\/uploads\/sites\/4\/2025\/05\/TOP-TOOL-BELT-R_01_9029.jpg\" \/>\n\t<meta property=\"og:image:width\" content=\"500\" \/>\n\t<meta property=\"og:image:height\" content=\"500\" \/>\n\t<meta property=\"og:image:type\" content=\"image\/jpeg\" \/>\n<meta name=\"twitter:card\" content=\"summary_large_image\" \/>\n<meta name=\"twitter:label1\" content=\"Tiempo de lectura\" \/>\n\t<meta name=\"twitter:data1\" content=\"2 minutos\" \/>\n<script type=\"application\/ld+json\" class=\"yoast-schema-graph\">{\"@context\":\"https:\\\/\\\/schema.org\",\"@graph\":[{\"@type\":\"WebPage\",\"@id\":\"https:\\\/\\\/www.gtline.com\\\/es\\\/products\\\/work-line-by-gt-cinturn-porta-herramientas-top-tool-belt-r\\\/\",\"url\":\"https:\\\/\\\/www.gtline.com\\\/es\\\/products\\\/work-line-by-gt-cinturn-porta-herramientas-top-tool-belt-r\\\/\",\"name\":\"Work Line By GT | Cintur\u00f3n Porta Herramientas Top Tool Belt R\",\"isPartOf\":{\"@id\":\"https:\\\/\\\/www.gtline.com\\\/es\\\/#website\"},\"primaryImageOfPage\":{\"@id\":\"https:\\\/\\\/www.gtline.com\\\/es\\\/products\\\/work-line-by-gt-cinturn-porta-herramientas-top-tool-belt-r\\\/#primaryimage\"},\"image\":{\"@id\":\"https:\\\/\\\/www.gtline.com\\\/es\\\/products\\\/work-line-by-gt-cinturn-porta-herramientas-top-tool-belt-r\\\/#primaryimage\"},\"thumbnailUrl\":\"https:\\\/\\\/www.gtline.com\\\/es\\\/wp-content\\\/uploads\\\/sites\\\/4\\\/2025\\\/05\\\/TOP-TOOL-BELT-R_01_9029.jpg\",\"datePublished\":\"2025-07-21T10:24:53+00:00\",\"dateModified\":\"2026-04-30T03:08:40+00:00\",\"description\":\"Cintur\u00f3n porta herramientas Top Tool Belt R con soporte resistente para trabajar con manos libres y tener siempre todo al alcance profesional.\",\"breadcrumb\":{\"@id\":\"https:\\\/\\\/www.gtline.com\\\/es\\\/products\\\/work-line-by-gt-cinturn-porta-herramientas-top-tool-belt-r\\\/#breadcrumb\"},\"inLanguage\":\"es\",\"potentialAction\":[{\"@type\":\"ReadAction\",\"target\":[\"https:\\\/\\\/www.gtline.com\\\/es\\\/products\\\/work-line-by-gt-cinturn-porta-herramientas-top-tool-belt-r\\\/\"]}]},{\"@type\":\"ImageObject\",\"inLanguage\":\"es\",\"@id\":\"https:\\\/\\\/www.gtline.com\\\/es\\\/products\\\/work-line-by-gt-cinturn-porta-herramientas-top-tool-belt-r\\\/#primaryimage\",\"url\":\"https:\\\/\\\/www.gtline.com\\\/es\\\/wp-content\\\/uploads\\\/sites\\\/4\\\/2025\\\/05\\\/TOP-TOOL-BELT-R_01_9029.jpg\",\"contentUrl\":\"https:\\\/\\\/www.gtline.com\\\/es\\\/wp-content\\\/uploads\\\/sites\\\/4\\\/2025\\\/05\\\/TOP-TOOL-BELT-R_01_9029.jpg\",\"width\":500,\"height\":500},{\"@type\":\"BreadcrumbList\",\"@id\":\"https:\\\/\\\/www.gtline.com\\\/es\\\/products\\\/work-line-by-gt-cinturn-porta-herramientas-top-tool-belt-r\\\/#breadcrumb\",\"itemListElement\":[{\"@type\":\"ListItem\",\"position\":1,\"name\":\"Home\",\"item\":\"https:\\\/\\\/www.gtline.com\\\/es\\\/\"},{\"@type\":\"ListItem\",\"position\":2,\"name\":\"Shop\",\"item\":\"https:\\\/\\\/www.gtline.com\\\/es\\\/negozio\\\/\"},{\"@type\":\"ListItem\",\"position\":3,\"name\":\"Work Line by GT Cintur&oacute;n Porta herramientas Top Tool Belt R\"}]},{\"@type\":\"WebSite\",\"@id\":\"https:\\\/\\\/www.gtline.com\\\/es\\\/#website\",\"url\":\"https:\\\/\\\/www.gtline.com\\\/es\\\/\",\"name\":\"Gt Line\",\"description\":\"\",\"publisher\":{\"@id\":\"https:\\\/\\\/www.gtline.com\\\/es\\\/#organization\"},\"potentialAction\":[{\"@type\":\"SearchAction\",\"target\":{\"@type\":\"EntryPoint\",\"urlTemplate\":\"https:\\\/\\\/www.gtline.com\\\/es\\\/?s={search_term_string}\"},\"query-input\":{\"@type\":\"PropertyValueSpecification\",\"valueRequired\":true,\"valueName\":\"search_term_string\"}}],\"inLanguage\":\"es\"},{\"@type\":\"Organization\",\"@id\":\"https:\\\/\\\/www.gtline.com\\\/es\\\/#organization\",\"name\":\"Gt Line\",\"url\":\"https:\\\/\\\/www.gtline.com\\\/es\\\/\",\"logo\":{\"@type\":\"ImageObject\",\"inLanguage\":\"es\",\"@id\":\"https:\\\/\\\/www.gtline.com\\\/es\\\/#\\\/schema\\\/logo\\\/image\\\/\",\"url\":\"https:\\\/\\\/www.gtline.com\\\/es\\\/wp-content\\\/uploads\\\/sites\\\/4\\\/2025\\\/02\\\/logo.png\",\"contentUrl\":\"https:\\\/\\\/www.gtline.com\\\/es\\\/wp-content\\\/uploads\\\/sites\\\/4\\\/2025\\\/02\\\/logo.png\",\"width\":228,\"height\":146,\"caption\":\"Gt Line\"},\"image\":{\"@id\":\"https:\\\/\\\/www.gtline.com\\\/es\\\/#\\\/schema\\\/logo\\\/image\\\/\"},\"sameAs\":[\"https:\\\/\\\/www.facebook.com\\\/gtlinesrl?locale=it_IT\",\"https:\\\/\\\/www.instagram.com\\\/gt_line_srl\\\/\",\"https:\\\/\\\/www.youtube.com\\\/channel\\\/UCDvpkFqswNJOVFz64PkYRQQ\",\"https:\\\/\\\/www.linkedin.com\\\/company\\\/gt-line-srl\\\/\"]}]}<\/script>\n<!-- \/ Yoast SEO plugin. -->","yoast_head_json":{"title":"Work Line By GT | Cintur\u00f3n Porta Herramientas Top Tool Belt R","description":"Cintur\u00f3n porta herramientas Top Tool Belt R con soporte resistente para trabajar con manos libres y tener siempre todo al alcance profesional.","robots":{"index":"index","follow":"follow","max-snippet":"max-snippet:-1","max-image-preview":"max-image-preview:large","max-video-preview":"max-video-preview:-1"},"canonical":"https:\/\/www.gtline.com\/es\/products\/work-line-by-gt-cinturn-porta-herramientas-top-tool-belt-r\/","og_locale":"es_ES","og_type":"article","og_title":"Work Line By GT | Cintur\u00f3n Porta Herramientas Top Tool Belt R","og_description":"Cintur\u00f3n porta herramientas Top Tool Belt R con soporte resistente para trabajar con manos libres y tener siempre todo al alcance profesional.","og_url":"https:\/\/www.gtline.com\/es\/products\/work-line-by-gt-cinturn-porta-herramientas-top-tool-belt-r\/","og_site_name":"Gt Line ES","article_publisher":"https:\/\/www.facebook.com\/gtlinesrl?locale=it_IT","article_modified_time":"2026-04-30T03:08:40+00:00","og_image":[{"width":500,"height":500,"url":"https:\/\/www.gtline.com\/es\/wp-content\/uploads\/sites\/4\/2025\/05\/TOP-TOOL-BELT-R_01_9029.jpg","type":"image\/jpeg"}],"twitter_card":"summary_large_image","twitter_misc":{"Tiempo de lectura":"2 minutos"},"schema":{"@context":"https:\/\/schema.org","@graph":[{"@type":"WebPage","@id":"https:\/\/www.gtline.com\/es\/products\/work-line-by-gt-cinturn-porta-herramientas-top-tool-belt-r\/","url":"https:\/\/www.gtline.com\/es\/products\/work-line-by-gt-cinturn-porta-herramientas-top-tool-belt-r\/","name":"Work Line By GT | Cintur\u00f3n Porta Herramientas Top Tool Belt R","isPartOf":{"@id":"https:\/\/www.gtline.com\/es\/#website"},"primaryImageOfPage":{"@id":"https:\/\/www.gtline.com\/es\/products\/work-line-by-gt-cinturn-porta-herramientas-top-tool-belt-r\/#primaryimage"},"image":{"@id":"https:\/\/www.gtline.com\/es\/products\/work-line-by-gt-cinturn-porta-herramientas-top-tool-belt-r\/#primaryimage"},"thumbnailUrl":"https:\/\/www.gtline.com\/es\/wp-content\/uploads\/sites\/4\/2025\/05\/TOP-TOOL-BELT-R_01_9029.jpg","datePublished":"2025-07-21T10:24:53+00:00","dateModified":"2026-04-30T03:08:40+00:00","description":"Cintur\u00f3n porta herramientas Top Tool Belt R con soporte resistente para trabajar con manos libres y tener siempre todo al alcance profesional.","breadcrumb":{"@id":"https:\/\/www.gtline.com\/es\/products\/work-line-by-gt-cinturn-porta-herramientas-top-tool-belt-r\/#breadcrumb"},"inLanguage":"es","potentialAction":[{"@type":"ReadAction","target":["https:\/\/www.gtline.com\/es\/products\/work-line-by-gt-cinturn-porta-herramientas-top-tool-belt-r\/"]}]},{"@type":"ImageObject","inLanguage":"es","@id":"https:\/\/www.gtline.com\/es\/products\/work-line-by-gt-cinturn-porta-herramientas-top-tool-belt-r\/#primaryimage","url":"https:\/\/www.gtline.com\/es\/wp-content\/uploads\/sites\/4\/2025\/05\/TOP-TOOL-BELT-R_01_9029.jpg","contentUrl":"https:\/\/www.gtline.com\/es\/wp-content\/uploads\/sites\/4\/2025\/05\/TOP-TOOL-BELT-R_01_9029.jpg","width":500,"height":500},{"@type":"BreadcrumbList","@id":"https:\/\/www.gtline.com\/es\/products\/work-line-by-gt-cinturn-porta-herramientas-top-tool-belt-r\/#breadcrumb","itemListElement":[{"@type":"ListItem","position":1,"name":"Home","item":"https:\/\/www.gtline.com\/es\/"},{"@type":"ListItem","position":2,"name":"Shop","item":"https:\/\/www.gtline.com\/es\/negozio\/"},{"@type":"ListItem","position":3,"name":"Work Line by GT Cintur&oacute;n Porta herramientas Top Tool Belt R"}]},{"@type":"WebSite","@id":"https:\/\/www.gtline.com\/es\/#website","url":"https:\/\/www.gtline.com\/es\/","name":"Gt Line","description":"","publisher":{"@id":"https:\/\/www.gtline.com\/es\/#organization"},"potentialAction":[{"@type":"SearchAction","target":{"@type":"EntryPoint","urlTemplate":"https:\/\/www.gtline.com\/es\/?s={search_term_string}"},"query-input":{"@type":"PropertyValueSpecification","valueRequired":true,"valueName":"search_term_string"}}],"inLanguage":"es"},{"@type":"Organization","@id":"https:\/\/www.gtline.com\/es\/#organization","name":"Gt Line","url":"https:\/\/www.gtline.com\/es\/","logo":{"@type":"ImageObject","inLanguage":"es","@id":"https:\/\/www.gtline.com\/es\/#\/schema\/logo\/image\/","url":"https:\/\/www.gtline.com\/es\/wp-content\/uploads\/sites\/4\/2025\/02\/logo.png","contentUrl":"https:\/\/www.gtline.com\/es\/wp-content\/uploads\/sites\/4\/2025\/02\/logo.png","width":228,"height":146,"caption":"Gt Line"},"image":{"@id":"https:\/\/www.gtline.com\/es\/#\/schema\/logo\/image\/"},"sameAs":["https:\/\/www.facebook.com\/gtlinesrl?locale=it_IT","https:\/\/www.instagram.com\/gt_line_srl\/","https:\/\/www.youtube.com\/channel\/UCDvpkFqswNJOVFz64PkYRQQ","https:\/\/www.linkedin.com\/company\/gt-line-srl\/"]}]}},"_links":{"self":[{"href":"https:\/\/www.gtline.com\/es\/wp-json\/wp\/v2\/product\/16261","targetHints":{"allow":["GET"]}}],"collection":[{"href":"https:\/\/www.gtline.com\/es\/wp-json\/wp\/v2\/product"}],"about":[{"href":"https:\/\/www.gtline.com\/es\/wp-json\/wp\/v2\/types\/product"}],"replies":[{"embeddable":true,"href":"https:\/\/www.gtline.com\/es\/wp-json\/wp\/v2\/comments?post=16261"}],"version-history":[{"count":4,"href":"https:\/\/www.gtline.com\/es\/wp-json\/wp\/v2\/product\/16261\/revisions"}],"predecessor-version":[{"id":23041,"href":"https:\/\/www.gtline.com\/es\/wp-json\/wp\/v2\/product\/16261\/revisions\/23041"}],"wp:featuredmedia":[{"embeddable":true,"href":"https:\/\/www.gtline.com\/es\/wp-json\/wp\/v2\/media\/8709"}],"wp:attachment":[{"href":"https:\/\/www.gtline.com\/es\/wp-json\/wp\/v2\/media?parent=16261"}],"wp:term":[{"taxonomy":"product_brand","embeddable":true,"href":"https:\/\/www.gtline.com\/es\/wp-json\/wp\/v2\/product_brand?post=16261"},{"taxonomy":"product_cat","embeddable":true,"href":"https:\/\/www.gtline.com\/es\/wp-json\/wp\/v2\/product_cat?post=16261"},{"taxonomy":"product_tag","embeddable":true,"href":"https:\/\/www.gtline.com\/es\/wp-json\/wp\/v2\/product_tag?post=16261"}],"curies":[{"name":"wp","href":"https:\/\/api.w.org\/{rel}","templated":true}]}}