{"id":16273,"date":"2025-07-21T10:25:14","date_gmt":"2025-07-21T10:25:14","guid":{"rendered":"https:\/\/www.gtline.com\/es\/prodotto\/work-line-by-gt-bolsa-porta-herramientas-top-04-r\/"},"modified":"2026-04-17T03:09:20","modified_gmt":"2026-04-17T03:09:20","slug":"work-line-by-gt-bolsa-porta-herramientas-top-04-r","status":"publish","type":"product","link":"https:\/\/www.gtline.com\/es\/products\/work-line-by-gt-bolsa-porta-herramientas-top-04-r\/","title":{"rendered":"Work Line by GT Bolsa Porta herramientas Top 04 R"},"content":{"rendered":"<p>1. Bolsillos acolchados para una protecci\u00f3n segura de la herramienta. <br \/> Las herramientas est\u00e1n alojadas en compartimentos protegidos que las mantienen estables y a salvo de impactos o abrasi\u00f3n durante el transporte. <br \/> 2. Correa de hombro ajustable para un transporte c\u00f3modo y personalizado. <br \/> Ideal para trabajar en movimiento, la bolsa de herramientas se puede llevar c\u00f3modamente al hombro, incluso durante viajes frecuentes. <br \/> 3. Fondo reforzado a prueba de golpes para una mayor durabilidad. <br \/> Dise\u00f1ada para soportar entornos de trabajo exigentes, esta bolsa de herramientas profesional resiste ca\u00eddas, golpes y superficies irregulares. <br \/> 4. Dise\u00f1o compacto y bien equilibrado. <br \/> Con unas dimensiones de 410 x 230 x 300 mm y un peso de 1,30 kg, el TOP 04 R combina capacidad y portabilidad sin ser voluminoso. <br \/> 5. PPerfecta como bolsa independiente o en combinaci\u00f3n con otras<br \/> Se puede usar solo o como complemento de una mochila de herramientas, un estuche de herramientas o una mochila de trabajo profesional. <br \/> 6. Adecuado para todo tipo de tareas t\u00e9cnicas y operativas. <br \/> Su estructura robusta y funcional lo hace adecuado para los sectores el\u00e9ctrico, de fontaner\u00eda, electr\u00f3nico e industrial, con la m\u00e1xima flexibilidad de uso. <\/p>\n","protected":false},"excerpt":{"rendered":"<p>La TOP 04 R es una bolsa para herramientas compacta y resistente, dise\u00f1ada para garantizar el m\u00e1ximo confort y la m\u00e1xima eficiencia a los profesionales que trabajan sobre el terreno. Equipada con robustos bolsillos acolchados para la protecci\u00f3n de las herramientas y una correa ergon\u00f3mica y ajustable, es la opci\u00f3n ideal para electricistas, instaladores, mantenedores y t\u00e9cnicos que necesitan una bolsa para herramientas profesional y f\u00e1cil de transportar. La base reforzada y a prueba de golpes garantiza robustez y durabilidad, lo que la convierte en la bolsa perfecta para herramientas de trabajo.<\/p>\n","protected":false},"featured_media":8763,"comment_status":"open","ping_status":"closed","template":"","meta":{"_acf_changed":false},"product_brand":[],"product_cat":[230],"product_tag":[],"class_list":{"0":"post-16273","1":"product","2":"type-product","3":"status-publish","4":"has-post-thumbnail","6":"product_cat-linea-top","7":"pa_aplicaciones-maletas-y-bolsas-para-electricistas","8":"pa_aplicaciones-maletas-y-bolsas-para-fontaneros","9":"pa_aplicaciones-maletas-y-bolsas-para-mantenedores","10":"pa_aplicaciones-maletas-y-bolsas-para-tecnicos-de-campo","11":"pa_tipo-de-producto-bolsas-y-mochilas-para-herramientas","13":"first","14":"instock","15":"shipping-taxable","16":"purchasable","17":"product-type-simple"},"acf":[],"yoast_head":"<!-- This site is optimized with the Yoast SEO plugin v25.4 - https:\/\/yoast.com\/wordpress\/plugins\/seo\/ -->\n<title>Work Line By GT | Bolsa Porta Herramientas Top 04 R | GT Line<\/title>\n<meta name=\"description\" content=\"Bolsa Top 04 R con m\u00faltiples compartimentos y resistencia profesional para mantener herramientas organizadas y accesibles a diario.\" \/>\n<meta name=\"robots\" content=\"index, follow, max-snippet:-1, max-image-preview:large, max-video-preview:-1\" \/>\n<link rel=\"canonical\" href=\"https:\/\/www.gtline.com\/es\/products\/work-line-by-gt-bolsa-porta-herramientas-top-04-r\/\" \/>\n<meta property=\"og:locale\" content=\"es_ES\" \/>\n<meta property=\"og:type\" content=\"article\" \/>\n<meta property=\"og:title\" content=\"Work Line By GT | Bolsa Porta Herramientas Top 04 R | GT Line\" \/>\n<meta property=\"og:description\" content=\"Bolsa Top 04 R con m\u00faltiples compartimentos y resistencia profesional para mantener herramientas organizadas y accesibles a diario.\" \/>\n<meta property=\"og:url\" content=\"https:\/\/www.gtline.com\/es\/products\/work-line-by-gt-bolsa-porta-herramientas-top-04-r\/\" \/>\n<meta property=\"og:site_name\" content=\"Gt Line ES\" \/>\n<meta property=\"article:publisher\" content=\"https:\/\/www.facebook.com\/gtlinesrl?locale=it_IT\" \/>\n<meta property=\"article:modified_time\" content=\"2026-04-17T03:09:20+00:00\" \/>\n<meta property=\"og:image\" content=\"https:\/\/www.gtline.com\/es\/wp-content\/uploads\/sites\/4\/2025\/05\/TOP-04-R_ALL_01_9035.jpg\" \/>\n\t<meta property=\"og:image:width\" content=\"500\" \/>\n\t<meta property=\"og:image:height\" content=\"500\" \/>\n\t<meta property=\"og:image:type\" content=\"image\/jpeg\" \/>\n<meta name=\"twitter:card\" content=\"summary_large_image\" \/>\n<meta name=\"twitter:label1\" content=\"Tiempo de lectura\" \/>\n\t<meta name=\"twitter:data1\" content=\"2 minutos\" \/>\n<script type=\"application\/ld+json\" class=\"yoast-schema-graph\">{\"@context\":\"https:\/\/schema.org\",\"@graph\":[{\"@type\":\"WebPage\",\"@id\":\"https:\/\/www.gtline.com\/es\/products\/work-line-by-gt-bolsa-porta-herramientas-top-04-r\/\",\"url\":\"https:\/\/www.gtline.com\/es\/products\/work-line-by-gt-bolsa-porta-herramientas-top-04-r\/\",\"name\":\"Work Line By GT | Bolsa Porta Herramientas Top 04 R | GT Line\",\"isPartOf\":{\"@id\":\"https:\/\/www.gtline.com\/es\/#website\"},\"primaryImageOfPage\":{\"@id\":\"https:\/\/www.gtline.com\/es\/products\/work-line-by-gt-bolsa-porta-herramientas-top-04-r\/#primaryimage\"},\"image\":{\"@id\":\"https:\/\/www.gtline.com\/es\/products\/work-line-by-gt-bolsa-porta-herramientas-top-04-r\/#primaryimage\"},\"thumbnailUrl\":\"https:\/\/www.gtline.com\/es\/wp-content\/uploads\/sites\/4\/2025\/05\/TOP-04-R_ALL_01_9035.jpg\",\"datePublished\":\"2025-07-21T10:25:14+00:00\",\"dateModified\":\"2026-04-17T03:09:20+00:00\",\"description\":\"Bolsa Top 04 R con m\u00faltiples compartimentos y resistencia profesional para mantener herramientas organizadas y accesibles a diario.\",\"breadcrumb\":{\"@id\":\"https:\/\/www.gtline.com\/es\/products\/work-line-by-gt-bolsa-porta-herramientas-top-04-r\/#breadcrumb\"},\"inLanguage\":\"es\",\"potentialAction\":[{\"@type\":\"ReadAction\",\"target\":[\"https:\/\/www.gtline.com\/es\/products\/work-line-by-gt-bolsa-porta-herramientas-top-04-r\/\"]}]},{\"@type\":\"ImageObject\",\"inLanguage\":\"es\",\"@id\":\"https:\/\/www.gtline.com\/es\/products\/work-line-by-gt-bolsa-porta-herramientas-top-04-r\/#primaryimage\",\"url\":\"https:\/\/www.gtline.com\/es\/wp-content\/uploads\/sites\/4\/2025\/05\/TOP-04-R_ALL_01_9035.jpg\",\"contentUrl\":\"https:\/\/www.gtline.com\/es\/wp-content\/uploads\/sites\/4\/2025\/05\/TOP-04-R_ALL_01_9035.jpg\",\"width\":500,\"height\":500},{\"@type\":\"BreadcrumbList\",\"@id\":\"https:\/\/www.gtline.com\/es\/products\/work-line-by-gt-bolsa-porta-herramientas-top-04-r\/#breadcrumb\",\"itemListElement\":[{\"@type\":\"ListItem\",\"position\":1,\"name\":\"Home\",\"item\":\"https:\/\/www.gtline.com\/es\/\"},{\"@type\":\"ListItem\",\"position\":2,\"name\":\"Shop\",\"item\":\"https:\/\/www.gtline.com\/es\/negozio\/\"},{\"@type\":\"ListItem\",\"position\":3,\"name\":\"Work Line by GT Bolsa Porta herramientas Top 04 R\"}]},{\"@type\":\"WebSite\",\"@id\":\"https:\/\/www.gtline.com\/es\/#website\",\"url\":\"https:\/\/www.gtline.com\/es\/\",\"name\":\"Gt Line\",\"description\":\"\",\"publisher\":{\"@id\":\"https:\/\/www.gtline.com\/es\/#organization\"},\"potentialAction\":[{\"@type\":\"SearchAction\",\"target\":{\"@type\":\"EntryPoint\",\"urlTemplate\":\"https:\/\/www.gtline.com\/es\/?s={search_term_string}\"},\"query-input\":{\"@type\":\"PropertyValueSpecification\",\"valueRequired\":true,\"valueName\":\"search_term_string\"}}],\"inLanguage\":\"es\"},{\"@type\":\"Organization\",\"@id\":\"https:\/\/www.gtline.com\/es\/#organization\",\"name\":\"Gt Line\",\"url\":\"https:\/\/www.gtline.com\/es\/\",\"logo\":{\"@type\":\"ImageObject\",\"inLanguage\":\"es\",\"@id\":\"https:\/\/www.gtline.com\/es\/#\/schema\/logo\/image\/\",\"url\":\"https:\/\/www.gtline.com\/es\/wp-content\/uploads\/sites\/4\/2025\/02\/logo.png\",\"contentUrl\":\"https:\/\/www.gtline.com\/es\/wp-content\/uploads\/sites\/4\/2025\/02\/logo.png\",\"width\":228,\"height\":146,\"caption\":\"Gt Line\"},\"image\":{\"@id\":\"https:\/\/www.gtline.com\/es\/#\/schema\/logo\/image\/\"},\"sameAs\":[\"https:\/\/www.facebook.com\/gtlinesrl?locale=it_IT\",\"https:\/\/www.instagram.com\/gt_line_srl\/\",\"https:\/\/www.youtube.com\/channel\/UCDvpkFqswNJOVFz64PkYRQQ\",\"https:\/\/www.linkedin.com\/company\/gt-line-srl\/\"]}]}<\/script>\n<!-- \/ Yoast SEO plugin. -->","yoast_head_json":{"title":"Work Line By GT | Bolsa Porta Herramientas Top 04 R | GT Line","description":"Bolsa Top 04 R con m\u00faltiples compartimentos y resistencia profesional para mantener herramientas organizadas y accesibles a diario.","robots":{"index":"index","follow":"follow","max-snippet":"max-snippet:-1","max-image-preview":"max-image-preview:large","max-video-preview":"max-video-preview:-1"},"canonical":"https:\/\/www.gtline.com\/es\/products\/work-line-by-gt-bolsa-porta-herramientas-top-04-r\/","og_locale":"es_ES","og_type":"article","og_title":"Work Line By GT | Bolsa Porta Herramientas Top 04 R | GT Line","og_description":"Bolsa Top 04 R con m\u00faltiples compartimentos y resistencia profesional para mantener herramientas organizadas y accesibles a diario.","og_url":"https:\/\/www.gtline.com\/es\/products\/work-line-by-gt-bolsa-porta-herramientas-top-04-r\/","og_site_name":"Gt Line ES","article_publisher":"https:\/\/www.facebook.com\/gtlinesrl?locale=it_IT","article_modified_time":"2026-04-17T03:09:20+00:00","og_image":[{"width":500,"height":500,"url":"https:\/\/www.gtline.com\/es\/wp-content\/uploads\/sites\/4\/2025\/05\/TOP-04-R_ALL_01_9035.jpg","type":"image\/jpeg"}],"twitter_card":"summary_large_image","twitter_misc":{"Tiempo de lectura":"2 minutos"},"schema":{"@context":"https:\/\/schema.org","@graph":[{"@type":"WebPage","@id":"https:\/\/www.gtline.com\/es\/products\/work-line-by-gt-bolsa-porta-herramientas-top-04-r\/","url":"https:\/\/www.gtline.com\/es\/products\/work-line-by-gt-bolsa-porta-herramientas-top-04-r\/","name":"Work Line By GT | Bolsa Porta Herramientas Top 04 R | GT Line","isPartOf":{"@id":"https:\/\/www.gtline.com\/es\/#website"},"primaryImageOfPage":{"@id":"https:\/\/www.gtline.com\/es\/products\/work-line-by-gt-bolsa-porta-herramientas-top-04-r\/#primaryimage"},"image":{"@id":"https:\/\/www.gtline.com\/es\/products\/work-line-by-gt-bolsa-porta-herramientas-top-04-r\/#primaryimage"},"thumbnailUrl":"https:\/\/www.gtline.com\/es\/wp-content\/uploads\/sites\/4\/2025\/05\/TOP-04-R_ALL_01_9035.jpg","datePublished":"2025-07-21T10:25:14+00:00","dateModified":"2026-04-17T03:09:20+00:00","description":"Bolsa Top 04 R con m\u00faltiples compartimentos y resistencia profesional para mantener herramientas organizadas y accesibles a diario.","breadcrumb":{"@id":"https:\/\/www.gtline.com\/es\/products\/work-line-by-gt-bolsa-porta-herramientas-top-04-r\/#breadcrumb"},"inLanguage":"es","potentialAction":[{"@type":"ReadAction","target":["https:\/\/www.gtline.com\/es\/products\/work-line-by-gt-bolsa-porta-herramientas-top-04-r\/"]}]},{"@type":"ImageObject","inLanguage":"es","@id":"https:\/\/www.gtline.com\/es\/products\/work-line-by-gt-bolsa-porta-herramientas-top-04-r\/#primaryimage","url":"https:\/\/www.gtline.com\/es\/wp-content\/uploads\/sites\/4\/2025\/05\/TOP-04-R_ALL_01_9035.jpg","contentUrl":"https:\/\/www.gtline.com\/es\/wp-content\/uploads\/sites\/4\/2025\/05\/TOP-04-R_ALL_01_9035.jpg","width":500,"height":500},{"@type":"BreadcrumbList","@id":"https:\/\/www.gtline.com\/es\/products\/work-line-by-gt-bolsa-porta-herramientas-top-04-r\/#breadcrumb","itemListElement":[{"@type":"ListItem","position":1,"name":"Home","item":"https:\/\/www.gtline.com\/es\/"},{"@type":"ListItem","position":2,"name":"Shop","item":"https:\/\/www.gtline.com\/es\/negozio\/"},{"@type":"ListItem","position":3,"name":"Work Line by GT Bolsa Porta herramientas Top 04 R"}]},{"@type":"WebSite","@id":"https:\/\/www.gtline.com\/es\/#website","url":"https:\/\/www.gtline.com\/es\/","name":"Gt Line","description":"","publisher":{"@id":"https:\/\/www.gtline.com\/es\/#organization"},"potentialAction":[{"@type":"SearchAction","target":{"@type":"EntryPoint","urlTemplate":"https:\/\/www.gtline.com\/es\/?s={search_term_string}"},"query-input":{"@type":"PropertyValueSpecification","valueRequired":true,"valueName":"search_term_string"}}],"inLanguage":"es"},{"@type":"Organization","@id":"https:\/\/www.gtline.com\/es\/#organization","name":"Gt Line","url":"https:\/\/www.gtline.com\/es\/","logo":{"@type":"ImageObject","inLanguage":"es","@id":"https:\/\/www.gtline.com\/es\/#\/schema\/logo\/image\/","url":"https:\/\/www.gtline.com\/es\/wp-content\/uploads\/sites\/4\/2025\/02\/logo.png","contentUrl":"https:\/\/www.gtline.com\/es\/wp-content\/uploads\/sites\/4\/2025\/02\/logo.png","width":228,"height":146,"caption":"Gt Line"},"image":{"@id":"https:\/\/www.gtline.com\/es\/#\/schema\/logo\/image\/"},"sameAs":["https:\/\/www.facebook.com\/gtlinesrl?locale=it_IT","https:\/\/www.instagram.com\/gt_line_srl\/","https:\/\/www.youtube.com\/channel\/UCDvpkFqswNJOVFz64PkYRQQ","https:\/\/www.linkedin.com\/company\/gt-line-srl\/"]}]}},"_links":{"self":[{"href":"https:\/\/www.gtline.com\/es\/wp-json\/wp\/v2\/product\/16273","targetHints":{"allow":["GET"]}}],"collection":[{"href":"https:\/\/www.gtline.com\/es\/wp-json\/wp\/v2\/product"}],"about":[{"href":"https:\/\/www.gtline.com\/es\/wp-json\/wp\/v2\/types\/product"}],"replies":[{"embeddable":true,"href":"https:\/\/www.gtline.com\/es\/wp-json\/wp\/v2\/comments?post=16273"}],"version-history":[{"count":3,"href":"https:\/\/www.gtline.com\/es\/wp-json\/wp\/v2\/product\/16273\/revisions"}],"predecessor-version":[{"id":23053,"href":"https:\/\/www.gtline.com\/es\/wp-json\/wp\/v2\/product\/16273\/revisions\/23053"}],"wp:featuredmedia":[{"embeddable":true,"href":"https:\/\/www.gtline.com\/es\/wp-json\/wp\/v2\/media\/8763"}],"wp:attachment":[{"href":"https:\/\/www.gtline.com\/es\/wp-json\/wp\/v2\/media?parent=16273"}],"wp:term":[{"taxonomy":"product_brand","embeddable":true,"href":"https:\/\/www.gtline.com\/es\/wp-json\/wp\/v2\/product_brand?post=16273"},{"taxonomy":"product_cat","embeddable":true,"href":"https:\/\/www.gtline.com\/es\/wp-json\/wp\/v2\/product_cat?post=16273"},{"taxonomy":"product_tag","embeddable":true,"href":"https:\/\/www.gtline.com\/es\/wp-json\/wp\/v2\/product_tag?post=16273"}],"curies":[{"name":"wp","href":"https:\/\/api.w.org\/{rel}","templated":true}]}}