{"id":16275,"date":"2025-07-21T10:25:17","date_gmt":"2025-07-21T10:25:17","guid":{"rendered":"https:\/\/www.gtline.com\/es\/prodotto\/work-line-by-gt-bolsa-porta-herramientas-top-06-r\/"},"modified":"2026-04-17T03:09:24","modified_gmt":"2026-04-17T03:09:24","slug":"work-line-by-gt-bolsa-porta-herramientas-top-06-r","status":"publish","type":"product","link":"https:\/\/www.gtline.com\/es\/products\/work-line-by-gt-bolsa-porta-herramientas-top-06-r\/","title":{"rendered":"Work Line by GT Bolsa Porta herramientas Top 06 R"},"content":{"rendered":"<p>1. Protecci\u00f3n acolchada para herramientas delicadas. <br \/> Los bolsillos interiores protegen y mantienen en orden las herramientas y los accesorios durante el transporte, evitando golpes y ara\u00f1azos incluso en los instrumentos m\u00e1s delicados.<br \/> 2. Transporte c\u00f3modo y ajustable para cada necesidad. <br \/> La correa de hombro ergon\u00f3mica y ajustable permite llevar la bolsa c\u00f3modamente en la espalda, adapt\u00e1ndose a la postura del usuario y reduciendo la fatiga. <br \/> 3. Resistencia y estabilidad en cualquier entorno de trabajo. <br \/> El fondo reforzado a prueba de golpes protege el contenido de impactos accidentales, lo que garantiza una larga vida \u00fatil incluso en obras de construcci\u00f3n o talleres. <br \/> 4. Dise\u00f1o compacto, liviano y funcional. <br \/> Con unas dimensiones de 515 x 210 x 300 mm y un peso de solo 1,55 kg, la TOP 06 L R es perfecta para aquellos que buscan una bolsa de herramientas pr\u00e1ctica que no sacrifique la capacidad. <br \/> 5. Ideal para cualquier aplicaci\u00f3n profesional. <br \/> La TOP 06 L R es adecuada como bolsa de herramientas, mochila profesional, malet\u00edn de herramientas o mochila de herramientas para un transporte seguro y r\u00e1pido. <br \/> 6. Organizaci\u00f3n sencilla y r\u00e1pida. <br \/> Las m\u00faltiples cavidades permiten una disposici\u00f3n ordenada de las herramientas, lo que reduce el tiempo de intervenci\u00f3n y mejora la eficiencia en el campo. <br \/> 7. Trabajo por estilo Work Line by GT: fiabilidad 100% Made in Italy. <br \/> Como parte de la serie Work Line by GT, un nombre sin\u00f3nimo de calidad y durabilidad para los profesionales exigentes, la TOP 06 L R est\u00e1 dise\u00f1ada para durar y apoyarte en cada desaf\u00edo laboral. <\/p>\n","protected":false},"excerpt":{"rendered":"<p>La TOP 06 R es una bolsa de herramientas profesional dise\u00f1ada para proporcionar funcionalidad, comodidad y durabilidad a todos los profesionales en movimiento. <br \/> <br \/>\nIdeal como bolsa de herramientas o mochila de trabajo, esta soluci\u00f3n compacta es perfecta para electricistas, trabajadores de mantenimiento, t\u00e9cnicos e instaladores. <br \/> <br \/>\nLos bolsillos acolchados garantizan la protecci\u00f3n de la herramienta, mientras que la correa ajustable permite un transporte c\u00f3modo y pr\u00e1ctico. <br \/> <br \/>\nLa base antichoque reforzada ofrece una protecci\u00f3n fiable incluso en las condiciones de trabajo m\u00e1s duras, algo imprescindible para quienes buscan una bolsa de herramientas ligera, vers\u00e1til y resistente.<\/p>\n","protected":false},"featured_media":8774,"comment_status":"open","ping_status":"closed","template":"","meta":{"_acf_changed":false},"product_brand":[],"product_cat":[230],"product_tag":[],"class_list":{"0":"post-16275","1":"product","2":"type-product","3":"status-publish","4":"has-post-thumbnail","6":"product_cat-linea-top","7":"pa_aplicaciones-maletas-y-bolsas-para-electricistas","8":"pa_aplicaciones-maletas-y-bolsas-para-fontaneros","9":"pa_aplicaciones-maletas-y-bolsas-para-mantenedores","10":"pa_aplicaciones-maletas-y-bolsas-para-tecnicos-de-campo","11":"pa_tipo-de-producto-bolsas-y-mochilas-para-herramientas","13":"first","14":"instock","15":"shipping-taxable","16":"purchasable","17":"product-type-simple"},"acf":[],"yoast_head":"<!-- This site is optimized with the Yoast SEO plugin v25.4 - https:\/\/yoast.com\/wordpress\/plugins\/seo\/ -->\n<title>Work Line By GT | Bolsa Porta Herramientas Top 06 R | GT Line<\/title>\n<meta name=\"description\" content=\"Bolsa Top 06 R con dise\u00f1o funcional y robusto que ofrece orden, fiabilidad y comodidad en el transporte de herramientas profesionales.\" \/>\n<meta name=\"robots\" content=\"index, follow, max-snippet:-1, max-image-preview:large, max-video-preview:-1\" \/>\n<link rel=\"canonical\" href=\"https:\/\/www.gtline.com\/es\/products\/work-line-by-gt-bolsa-porta-herramientas-top-06-r\/\" \/>\n<meta property=\"og:locale\" content=\"es_ES\" \/>\n<meta property=\"og:type\" content=\"article\" \/>\n<meta property=\"og:title\" content=\"Work Line By GT | Bolsa Porta Herramientas Top 06 R | GT Line\" \/>\n<meta property=\"og:description\" content=\"Bolsa Top 06 R con dise\u00f1o funcional y robusto que ofrece orden, fiabilidad y comodidad en el transporte de herramientas profesionales.\" \/>\n<meta property=\"og:url\" content=\"https:\/\/www.gtline.com\/es\/products\/work-line-by-gt-bolsa-porta-herramientas-top-06-r\/\" \/>\n<meta property=\"og:site_name\" content=\"Gt Line ES\" \/>\n<meta property=\"article:publisher\" content=\"https:\/\/www.facebook.com\/gtlinesrl?locale=it_IT\" \/>\n<meta property=\"article:modified_time\" content=\"2026-04-17T03:09:24+00:00\" \/>\n<meta property=\"og:image\" content=\"https:\/\/www.gtline.com\/es\/wp-content\/uploads\/sites\/4\/2025\/05\/TOP-06-R_ALL_01_9036.jpg\" \/>\n\t<meta property=\"og:image:width\" content=\"500\" \/>\n\t<meta property=\"og:image:height\" content=\"500\" \/>\n\t<meta property=\"og:image:type\" content=\"image\/jpeg\" \/>\n<meta name=\"twitter:card\" content=\"summary_large_image\" \/>\n<meta name=\"twitter:label1\" content=\"Tiempo de lectura\" \/>\n\t<meta name=\"twitter:data1\" content=\"2 minutos\" \/>\n<script type=\"application\/ld+json\" class=\"yoast-schema-graph\">{\"@context\":\"https:\/\/schema.org\",\"@graph\":[{\"@type\":\"WebPage\",\"@id\":\"https:\/\/www.gtline.com\/es\/products\/work-line-by-gt-bolsa-porta-herramientas-top-06-r\/\",\"url\":\"https:\/\/www.gtline.com\/es\/products\/work-line-by-gt-bolsa-porta-herramientas-top-06-r\/\",\"name\":\"Work Line By GT | Bolsa Porta Herramientas Top 06 R | GT Line\",\"isPartOf\":{\"@id\":\"https:\/\/www.gtline.com\/es\/#website\"},\"primaryImageOfPage\":{\"@id\":\"https:\/\/www.gtline.com\/es\/products\/work-line-by-gt-bolsa-porta-herramientas-top-06-r\/#primaryimage\"},\"image\":{\"@id\":\"https:\/\/www.gtline.com\/es\/products\/work-line-by-gt-bolsa-porta-herramientas-top-06-r\/#primaryimage\"},\"thumbnailUrl\":\"https:\/\/www.gtline.com\/es\/wp-content\/uploads\/sites\/4\/2025\/05\/TOP-06-R_ALL_01_9036.jpg\",\"datePublished\":\"2025-07-21T10:25:17+00:00\",\"dateModified\":\"2026-04-17T03:09:24+00:00\",\"description\":\"Bolsa Top 06 R con dise\u00f1o funcional y robusto que ofrece orden, fiabilidad y comodidad en el transporte de herramientas profesionales.\",\"breadcrumb\":{\"@id\":\"https:\/\/www.gtline.com\/es\/products\/work-line-by-gt-bolsa-porta-herramientas-top-06-r\/#breadcrumb\"},\"inLanguage\":\"es\",\"potentialAction\":[{\"@type\":\"ReadAction\",\"target\":[\"https:\/\/www.gtline.com\/es\/products\/work-line-by-gt-bolsa-porta-herramientas-top-06-r\/\"]}]},{\"@type\":\"ImageObject\",\"inLanguage\":\"es\",\"@id\":\"https:\/\/www.gtline.com\/es\/products\/work-line-by-gt-bolsa-porta-herramientas-top-06-r\/#primaryimage\",\"url\":\"https:\/\/www.gtline.com\/es\/wp-content\/uploads\/sites\/4\/2025\/05\/TOP-06-R_ALL_01_9036.jpg\",\"contentUrl\":\"https:\/\/www.gtline.com\/es\/wp-content\/uploads\/sites\/4\/2025\/05\/TOP-06-R_ALL_01_9036.jpg\",\"width\":500,\"height\":500},{\"@type\":\"BreadcrumbList\",\"@id\":\"https:\/\/www.gtline.com\/es\/products\/work-line-by-gt-bolsa-porta-herramientas-top-06-r\/#breadcrumb\",\"itemListElement\":[{\"@type\":\"ListItem\",\"position\":1,\"name\":\"Home\",\"item\":\"https:\/\/www.gtline.com\/es\/\"},{\"@type\":\"ListItem\",\"position\":2,\"name\":\"Shop\",\"item\":\"https:\/\/www.gtline.com\/es\/negozio\/\"},{\"@type\":\"ListItem\",\"position\":3,\"name\":\"Work Line by GT Bolsa Porta herramientas Top 06 R\"}]},{\"@type\":\"WebSite\",\"@id\":\"https:\/\/www.gtline.com\/es\/#website\",\"url\":\"https:\/\/www.gtline.com\/es\/\",\"name\":\"Gt Line\",\"description\":\"\",\"publisher\":{\"@id\":\"https:\/\/www.gtline.com\/es\/#organization\"},\"potentialAction\":[{\"@type\":\"SearchAction\",\"target\":{\"@type\":\"EntryPoint\",\"urlTemplate\":\"https:\/\/www.gtline.com\/es\/?s={search_term_string}\"},\"query-input\":{\"@type\":\"PropertyValueSpecification\",\"valueRequired\":true,\"valueName\":\"search_term_string\"}}],\"inLanguage\":\"es\"},{\"@type\":\"Organization\",\"@id\":\"https:\/\/www.gtline.com\/es\/#organization\",\"name\":\"Gt Line\",\"url\":\"https:\/\/www.gtline.com\/es\/\",\"logo\":{\"@type\":\"ImageObject\",\"inLanguage\":\"es\",\"@id\":\"https:\/\/www.gtline.com\/es\/#\/schema\/logo\/image\/\",\"url\":\"https:\/\/www.gtline.com\/es\/wp-content\/uploads\/sites\/4\/2025\/02\/logo.png\",\"contentUrl\":\"https:\/\/www.gtline.com\/es\/wp-content\/uploads\/sites\/4\/2025\/02\/logo.png\",\"width\":228,\"height\":146,\"caption\":\"Gt Line\"},\"image\":{\"@id\":\"https:\/\/www.gtline.com\/es\/#\/schema\/logo\/image\/\"},\"sameAs\":[\"https:\/\/www.facebook.com\/gtlinesrl?locale=it_IT\",\"https:\/\/www.instagram.com\/gt_line_srl\/\",\"https:\/\/www.youtube.com\/channel\/UCDvpkFqswNJOVFz64PkYRQQ\",\"https:\/\/www.linkedin.com\/company\/gt-line-srl\/\"]}]}<\/script>\n<!-- \/ Yoast SEO plugin. -->","yoast_head_json":{"title":"Work Line By GT | Bolsa Porta Herramientas Top 06 R | GT Line","description":"Bolsa Top 06 R con dise\u00f1o funcional y robusto que ofrece orden, fiabilidad y comodidad en el transporte de herramientas profesionales.","robots":{"index":"index","follow":"follow","max-snippet":"max-snippet:-1","max-image-preview":"max-image-preview:large","max-video-preview":"max-video-preview:-1"},"canonical":"https:\/\/www.gtline.com\/es\/products\/work-line-by-gt-bolsa-porta-herramientas-top-06-r\/","og_locale":"es_ES","og_type":"article","og_title":"Work Line By GT | Bolsa Porta Herramientas Top 06 R | GT Line","og_description":"Bolsa Top 06 R con dise\u00f1o funcional y robusto que ofrece orden, fiabilidad y comodidad en el transporte de herramientas profesionales.","og_url":"https:\/\/www.gtline.com\/es\/products\/work-line-by-gt-bolsa-porta-herramientas-top-06-r\/","og_site_name":"Gt Line ES","article_publisher":"https:\/\/www.facebook.com\/gtlinesrl?locale=it_IT","article_modified_time":"2026-04-17T03:09:24+00:00","og_image":[{"width":500,"height":500,"url":"https:\/\/www.gtline.com\/es\/wp-content\/uploads\/sites\/4\/2025\/05\/TOP-06-R_ALL_01_9036.jpg","type":"image\/jpeg"}],"twitter_card":"summary_large_image","twitter_misc":{"Tiempo de lectura":"2 minutos"},"schema":{"@context":"https:\/\/schema.org","@graph":[{"@type":"WebPage","@id":"https:\/\/www.gtline.com\/es\/products\/work-line-by-gt-bolsa-porta-herramientas-top-06-r\/","url":"https:\/\/www.gtline.com\/es\/products\/work-line-by-gt-bolsa-porta-herramientas-top-06-r\/","name":"Work Line By GT | Bolsa Porta Herramientas Top 06 R | GT Line","isPartOf":{"@id":"https:\/\/www.gtline.com\/es\/#website"},"primaryImageOfPage":{"@id":"https:\/\/www.gtline.com\/es\/products\/work-line-by-gt-bolsa-porta-herramientas-top-06-r\/#primaryimage"},"image":{"@id":"https:\/\/www.gtline.com\/es\/products\/work-line-by-gt-bolsa-porta-herramientas-top-06-r\/#primaryimage"},"thumbnailUrl":"https:\/\/www.gtline.com\/es\/wp-content\/uploads\/sites\/4\/2025\/05\/TOP-06-R_ALL_01_9036.jpg","datePublished":"2025-07-21T10:25:17+00:00","dateModified":"2026-04-17T03:09:24+00:00","description":"Bolsa Top 06 R con dise\u00f1o funcional y robusto que ofrece orden, fiabilidad y comodidad en el transporte de herramientas profesionales.","breadcrumb":{"@id":"https:\/\/www.gtline.com\/es\/products\/work-line-by-gt-bolsa-porta-herramientas-top-06-r\/#breadcrumb"},"inLanguage":"es","potentialAction":[{"@type":"ReadAction","target":["https:\/\/www.gtline.com\/es\/products\/work-line-by-gt-bolsa-porta-herramientas-top-06-r\/"]}]},{"@type":"ImageObject","inLanguage":"es","@id":"https:\/\/www.gtline.com\/es\/products\/work-line-by-gt-bolsa-porta-herramientas-top-06-r\/#primaryimage","url":"https:\/\/www.gtline.com\/es\/wp-content\/uploads\/sites\/4\/2025\/05\/TOP-06-R_ALL_01_9036.jpg","contentUrl":"https:\/\/www.gtline.com\/es\/wp-content\/uploads\/sites\/4\/2025\/05\/TOP-06-R_ALL_01_9036.jpg","width":500,"height":500},{"@type":"BreadcrumbList","@id":"https:\/\/www.gtline.com\/es\/products\/work-line-by-gt-bolsa-porta-herramientas-top-06-r\/#breadcrumb","itemListElement":[{"@type":"ListItem","position":1,"name":"Home","item":"https:\/\/www.gtline.com\/es\/"},{"@type":"ListItem","position":2,"name":"Shop","item":"https:\/\/www.gtline.com\/es\/negozio\/"},{"@type":"ListItem","position":3,"name":"Work Line by GT Bolsa Porta herramientas Top 06 R"}]},{"@type":"WebSite","@id":"https:\/\/www.gtline.com\/es\/#website","url":"https:\/\/www.gtline.com\/es\/","name":"Gt Line","description":"","publisher":{"@id":"https:\/\/www.gtline.com\/es\/#organization"},"potentialAction":[{"@type":"SearchAction","target":{"@type":"EntryPoint","urlTemplate":"https:\/\/www.gtline.com\/es\/?s={search_term_string}"},"query-input":{"@type":"PropertyValueSpecification","valueRequired":true,"valueName":"search_term_string"}}],"inLanguage":"es"},{"@type":"Organization","@id":"https:\/\/www.gtline.com\/es\/#organization","name":"Gt Line","url":"https:\/\/www.gtline.com\/es\/","logo":{"@type":"ImageObject","inLanguage":"es","@id":"https:\/\/www.gtline.com\/es\/#\/schema\/logo\/image\/","url":"https:\/\/www.gtline.com\/es\/wp-content\/uploads\/sites\/4\/2025\/02\/logo.png","contentUrl":"https:\/\/www.gtline.com\/es\/wp-content\/uploads\/sites\/4\/2025\/02\/logo.png","width":228,"height":146,"caption":"Gt Line"},"image":{"@id":"https:\/\/www.gtline.com\/es\/#\/schema\/logo\/image\/"},"sameAs":["https:\/\/www.facebook.com\/gtlinesrl?locale=it_IT","https:\/\/www.instagram.com\/gt_line_srl\/","https:\/\/www.youtube.com\/channel\/UCDvpkFqswNJOVFz64PkYRQQ","https:\/\/www.linkedin.com\/company\/gt-line-srl\/"]}]}},"_links":{"self":[{"href":"https:\/\/www.gtline.com\/es\/wp-json\/wp\/v2\/product\/16275","targetHints":{"allow":["GET"]}}],"collection":[{"href":"https:\/\/www.gtline.com\/es\/wp-json\/wp\/v2\/product"}],"about":[{"href":"https:\/\/www.gtline.com\/es\/wp-json\/wp\/v2\/types\/product"}],"replies":[{"embeddable":true,"href":"https:\/\/www.gtline.com\/es\/wp-json\/wp\/v2\/comments?post=16275"}],"version-history":[{"count":3,"href":"https:\/\/www.gtline.com\/es\/wp-json\/wp\/v2\/product\/16275\/revisions"}],"predecessor-version":[{"id":23055,"href":"https:\/\/www.gtline.com\/es\/wp-json\/wp\/v2\/product\/16275\/revisions\/23055"}],"wp:featuredmedia":[{"embeddable":true,"href":"https:\/\/www.gtline.com\/es\/wp-json\/wp\/v2\/media\/8774"}],"wp:attachment":[{"href":"https:\/\/www.gtline.com\/es\/wp-json\/wp\/v2\/media?parent=16275"}],"wp:term":[{"taxonomy":"product_brand","embeddable":true,"href":"https:\/\/www.gtline.com\/es\/wp-json\/wp\/v2\/product_brand?post=16275"},{"taxonomy":"product_cat","embeddable":true,"href":"https:\/\/www.gtline.com\/es\/wp-json\/wp\/v2\/product_cat?post=16275"},{"taxonomy":"product_tag","embeddable":true,"href":"https:\/\/www.gtline.com\/es\/wp-json\/wp\/v2\/product_tag?post=16275"}],"curies":[{"name":"wp","href":"https:\/\/api.w.org\/{rel}","templated":true}]}}