{"id":16281,"date":"2025-07-21T10:25:28","date_gmt":"2025-07-21T10:25:28","guid":{"rendered":"https:\/\/www.gtline.com\/es\/prodotto\/work-line-by-gt-bolsa-porta-herramientas-bag-06-r\/"},"modified":"2026-04-17T03:09:36","modified_gmt":"2026-04-17T03:09:36","slug":"work-line-by-gt-bolsa-porta-herramientas-bag-06-r","status":"publish","type":"product","link":"https:\/\/www.gtline.com\/es\/products\/work-line-by-gt-bolsa-porta-herramientas-bag-06-r\/","title":{"rendered":"Work Line by GT Bolsa Porta herramientas BAG 06 R"},"content":{"rendered":"<p>1. M\u00e1xima versatilidad para cada necesidad profesional. <br \/> Equipada con bolsillos de varios tama\u00f1os, la BAG 06 R ofrece una organizaci\u00f3n inteligente de las herramientas, lo que le permite tener a mano todo, desde alicates hasta destornilladores y componentes peque\u00f1os. <br \/> 2. Protecci\u00f3n segura de la herramienta durante el transporte. <br \/> La cremallera superior garantiza que el contenido permanezca protegido y organizado incluso mientras est\u00e1 en movimiento, evitando p\u00e9rdidas accidentales y protegiendo las herramientas del polvo y la humedad. <br \/> 3. Comodidad y practicidad para el d\u00eda a d\u00eda. <br \/> Las asas centrales ergon\u00f3micas permiten un transporte r\u00e1pido y c\u00f3modo, ideal para quienes trabajan en varios sitios o se desplazan con frecuencia. <br \/> 4. Libertad de movimiento con la m\u00e1xima comodidad. <br \/> La correa ajustable para el hombro ofrece una alternativa pr\u00e1ctica al transporte manual, mejorando la distribuci\u00f3n del peso y liberando las manos para acciones r\u00e1pidas o llevar otro equipo. <br \/> 5. Dise\u00f1o compacto pero espacioso. <br \/> Con una longitud de 510 mm, una anchura de 200 mm y una altura de 270 mm, esta bolsa de herramientas profesional se adapta a todo lo que necesita sin ser voluminosa.<br \/> 6. Ligereza que marca la diferencia. <br \/> Con un peso de solo 1,2 kg, la BAG 06 R es el aliado perfecto para aquellos que necesitan una bolsa de herramientas profesional ligera pero duradera para el uso diario. <br \/> 7. Compatible con otras soluciones de transporte de GT Line. <br \/> Ideal para insertar en un carro de herramientas o combinarlo con una caja de herramientas para un sistema de transporte modular y completo dise\u00f1ado para los profesionales modernos. <\/p>\n","protected":false},"excerpt":{"rendered":"<p>La BAG 06 R es la bolsa de herramientas perfecta para los profesionales que valoran la practicidad, la durabilidad y la organizaci\u00f3n funcional. <br \/> Ligero pero robusto, est\u00e1 dise\u00f1ado para un acceso r\u00e1pido y ordenado a las herramientas de trabajo. <br \/> Gracias al cierre superior con cremallera, las asas centrales y la correa ajustable para el hombro, esta bolsa de herramientas es ideal para electricistas, trabajadores de mantenimiento, instaladores y t\u00e9cnicos m\u00f3viles.\u00a0<\/p>\n","protected":false},"featured_media":8804,"comment_status":"open","ping_status":"closed","template":"","meta":{"_acf_changed":false},"product_brand":[],"product_cat":[233],"product_tag":[],"class_list":{"0":"post-16281","1":"product","2":"type-product","3":"status-publish","4":"has-post-thumbnail","6":"product_cat-linea-basic","7":"pa_aplicaciones-maletas-y-bolsas-para-electricistas","8":"pa_aplicaciones-maletas-y-bolsas-para-fontaneros","9":"pa_aplicaciones-maletas-y-bolsas-para-mantenedores","10":"pa_aplicaciones-maletas-y-bolsas-para-tecnicos-de-campo","11":"pa_tipo-de-producto-bolsas-y-mochilas-para-herramientas","13":"first","14":"instock","15":"shipping-taxable","16":"purchasable","17":"product-type-simple"},"acf":[],"yoast_head":"<!-- This site is optimized with the Yoast SEO plugin v25.4 - https:\/\/yoast.com\/wordpress\/plugins\/seo\/ -->\n<title>Work Line By GT | Bolsa Porta Herramientas BAG 06 R<\/title>\n<meta name=\"description\" content=\"Bolsa porta herramientas BAG 06 R con estructura s\u00f3lida, buena capacidad y r\u00e1pido acceso para trabajar con mayor eficiencia en instalaciones profesionales.\" \/>\n<meta name=\"robots\" content=\"index, follow, max-snippet:-1, max-image-preview:large, max-video-preview:-1\" \/>\n<link rel=\"canonical\" href=\"https:\/\/www.gtline.com\/es\/products\/work-line-by-gt-bolsa-porta-herramientas-bag-06-r\/\" \/>\n<meta property=\"og:locale\" content=\"es_ES\" \/>\n<meta property=\"og:type\" content=\"article\" \/>\n<meta property=\"og:title\" content=\"Work Line By GT | Bolsa Porta Herramientas BAG 06 R\" \/>\n<meta property=\"og:description\" content=\"Bolsa porta herramientas BAG 06 R con estructura s\u00f3lida, buena capacidad y r\u00e1pido acceso para trabajar con mayor eficiencia en instalaciones profesionales.\" \/>\n<meta property=\"og:url\" content=\"https:\/\/www.gtline.com\/es\/products\/work-line-by-gt-bolsa-porta-herramientas-bag-06-r\/\" \/>\n<meta property=\"og:site_name\" content=\"Gt Line ES\" \/>\n<meta property=\"article:publisher\" content=\"https:\/\/www.facebook.com\/gtlinesrl?locale=it_IT\" \/>\n<meta property=\"article:modified_time\" content=\"2026-04-17T03:09:36+00:00\" \/>\n<meta property=\"og:image\" content=\"https:\/\/www.gtline.com\/es\/wp-content\/uploads\/sites\/4\/2025\/05\/BAG-06-R_ALL_01_9039.jpg\" \/>\n\t<meta property=\"og:image:width\" content=\"500\" \/>\n\t<meta property=\"og:image:height\" content=\"500\" \/>\n\t<meta property=\"og:image:type\" content=\"image\/jpeg\" \/>\n<meta name=\"twitter:card\" content=\"summary_large_image\" \/>\n<meta name=\"twitter:label1\" content=\"Tiempo de lectura\" \/>\n\t<meta name=\"twitter:data1\" content=\"2 minutos\" \/>\n<script type=\"application\/ld+json\" class=\"yoast-schema-graph\">{\"@context\":\"https:\/\/schema.org\",\"@graph\":[{\"@type\":\"WebPage\",\"@id\":\"https:\/\/www.gtline.com\/es\/products\/work-line-by-gt-bolsa-porta-herramientas-bag-06-r\/\",\"url\":\"https:\/\/www.gtline.com\/es\/products\/work-line-by-gt-bolsa-porta-herramientas-bag-06-r\/\",\"name\":\"Work Line By GT | Bolsa Porta Herramientas BAG 06 R\",\"isPartOf\":{\"@id\":\"https:\/\/www.gtline.com\/es\/#website\"},\"primaryImageOfPage\":{\"@id\":\"https:\/\/www.gtline.com\/es\/products\/work-line-by-gt-bolsa-porta-herramientas-bag-06-r\/#primaryimage\"},\"image\":{\"@id\":\"https:\/\/www.gtline.com\/es\/products\/work-line-by-gt-bolsa-porta-herramientas-bag-06-r\/#primaryimage\"},\"thumbnailUrl\":\"https:\/\/www.gtline.com\/es\/wp-content\/uploads\/sites\/4\/2025\/05\/BAG-06-R_ALL_01_9039.jpg\",\"datePublished\":\"2025-07-21T10:25:28+00:00\",\"dateModified\":\"2026-04-17T03:09:36+00:00\",\"description\":\"Bolsa porta herramientas BAG 06 R con estructura s\u00f3lida, buena capacidad y r\u00e1pido acceso para trabajar con mayor eficiencia en instalaciones profesionales.\",\"breadcrumb\":{\"@id\":\"https:\/\/www.gtline.com\/es\/products\/work-line-by-gt-bolsa-porta-herramientas-bag-06-r\/#breadcrumb\"},\"inLanguage\":\"es\",\"potentialAction\":[{\"@type\":\"ReadAction\",\"target\":[\"https:\/\/www.gtline.com\/es\/products\/work-line-by-gt-bolsa-porta-herramientas-bag-06-r\/\"]}]},{\"@type\":\"ImageObject\",\"inLanguage\":\"es\",\"@id\":\"https:\/\/www.gtline.com\/es\/products\/work-line-by-gt-bolsa-porta-herramientas-bag-06-r\/#primaryimage\",\"url\":\"https:\/\/www.gtline.com\/es\/wp-content\/uploads\/sites\/4\/2025\/05\/BAG-06-R_ALL_01_9039.jpg\",\"contentUrl\":\"https:\/\/www.gtline.com\/es\/wp-content\/uploads\/sites\/4\/2025\/05\/BAG-06-R_ALL_01_9039.jpg\",\"width\":500,\"height\":500},{\"@type\":\"BreadcrumbList\",\"@id\":\"https:\/\/www.gtline.com\/es\/products\/work-line-by-gt-bolsa-porta-herramientas-bag-06-r\/#breadcrumb\",\"itemListElement\":[{\"@type\":\"ListItem\",\"position\":1,\"name\":\"Home\",\"item\":\"https:\/\/www.gtline.com\/es\/\"},{\"@type\":\"ListItem\",\"position\":2,\"name\":\"Shop\",\"item\":\"https:\/\/www.gtline.com\/es\/negozio\/\"},{\"@type\":\"ListItem\",\"position\":3,\"name\":\"Work Line by GT Bolsa Porta herramientas BAG 06 R\"}]},{\"@type\":\"WebSite\",\"@id\":\"https:\/\/www.gtline.com\/es\/#website\",\"url\":\"https:\/\/www.gtline.com\/es\/\",\"name\":\"Gt Line\",\"description\":\"\",\"publisher\":{\"@id\":\"https:\/\/www.gtline.com\/es\/#organization\"},\"potentialAction\":[{\"@type\":\"SearchAction\",\"target\":{\"@type\":\"EntryPoint\",\"urlTemplate\":\"https:\/\/www.gtline.com\/es\/?s={search_term_string}\"},\"query-input\":{\"@type\":\"PropertyValueSpecification\",\"valueRequired\":true,\"valueName\":\"search_term_string\"}}],\"inLanguage\":\"es\"},{\"@type\":\"Organization\",\"@id\":\"https:\/\/www.gtline.com\/es\/#organization\",\"name\":\"Gt Line\",\"url\":\"https:\/\/www.gtline.com\/es\/\",\"logo\":{\"@type\":\"ImageObject\",\"inLanguage\":\"es\",\"@id\":\"https:\/\/www.gtline.com\/es\/#\/schema\/logo\/image\/\",\"url\":\"https:\/\/www.gtline.com\/es\/wp-content\/uploads\/sites\/4\/2025\/02\/logo.png\",\"contentUrl\":\"https:\/\/www.gtline.com\/es\/wp-content\/uploads\/sites\/4\/2025\/02\/logo.png\",\"width\":228,\"height\":146,\"caption\":\"Gt Line\"},\"image\":{\"@id\":\"https:\/\/www.gtline.com\/es\/#\/schema\/logo\/image\/\"},\"sameAs\":[\"https:\/\/www.facebook.com\/gtlinesrl?locale=it_IT\",\"https:\/\/www.instagram.com\/gt_line_srl\/\",\"https:\/\/www.youtube.com\/channel\/UCDvpkFqswNJOVFz64PkYRQQ\",\"https:\/\/www.linkedin.com\/company\/gt-line-srl\/\"]}]}<\/script>\n<!-- \/ Yoast SEO plugin. -->","yoast_head_json":{"title":"Work Line By GT | Bolsa Porta Herramientas BAG 06 R","description":"Bolsa porta herramientas BAG 06 R con estructura s\u00f3lida, buena capacidad y r\u00e1pido acceso para trabajar con mayor eficiencia en instalaciones profesionales.","robots":{"index":"index","follow":"follow","max-snippet":"max-snippet:-1","max-image-preview":"max-image-preview:large","max-video-preview":"max-video-preview:-1"},"canonical":"https:\/\/www.gtline.com\/es\/products\/work-line-by-gt-bolsa-porta-herramientas-bag-06-r\/","og_locale":"es_ES","og_type":"article","og_title":"Work Line By GT | Bolsa Porta Herramientas BAG 06 R","og_description":"Bolsa porta herramientas BAG 06 R con estructura s\u00f3lida, buena capacidad y r\u00e1pido acceso para trabajar con mayor eficiencia en instalaciones profesionales.","og_url":"https:\/\/www.gtline.com\/es\/products\/work-line-by-gt-bolsa-porta-herramientas-bag-06-r\/","og_site_name":"Gt Line ES","article_publisher":"https:\/\/www.facebook.com\/gtlinesrl?locale=it_IT","article_modified_time":"2026-04-17T03:09:36+00:00","og_image":[{"width":500,"height":500,"url":"https:\/\/www.gtline.com\/es\/wp-content\/uploads\/sites\/4\/2025\/05\/BAG-06-R_ALL_01_9039.jpg","type":"image\/jpeg"}],"twitter_card":"summary_large_image","twitter_misc":{"Tiempo de lectura":"2 minutos"},"schema":{"@context":"https:\/\/schema.org","@graph":[{"@type":"WebPage","@id":"https:\/\/www.gtline.com\/es\/products\/work-line-by-gt-bolsa-porta-herramientas-bag-06-r\/","url":"https:\/\/www.gtline.com\/es\/products\/work-line-by-gt-bolsa-porta-herramientas-bag-06-r\/","name":"Work Line By GT | Bolsa Porta Herramientas BAG 06 R","isPartOf":{"@id":"https:\/\/www.gtline.com\/es\/#website"},"primaryImageOfPage":{"@id":"https:\/\/www.gtline.com\/es\/products\/work-line-by-gt-bolsa-porta-herramientas-bag-06-r\/#primaryimage"},"image":{"@id":"https:\/\/www.gtline.com\/es\/products\/work-line-by-gt-bolsa-porta-herramientas-bag-06-r\/#primaryimage"},"thumbnailUrl":"https:\/\/www.gtline.com\/es\/wp-content\/uploads\/sites\/4\/2025\/05\/BAG-06-R_ALL_01_9039.jpg","datePublished":"2025-07-21T10:25:28+00:00","dateModified":"2026-04-17T03:09:36+00:00","description":"Bolsa porta herramientas BAG 06 R con estructura s\u00f3lida, buena capacidad y r\u00e1pido acceso para trabajar con mayor eficiencia en instalaciones profesionales.","breadcrumb":{"@id":"https:\/\/www.gtline.com\/es\/products\/work-line-by-gt-bolsa-porta-herramientas-bag-06-r\/#breadcrumb"},"inLanguage":"es","potentialAction":[{"@type":"ReadAction","target":["https:\/\/www.gtline.com\/es\/products\/work-line-by-gt-bolsa-porta-herramientas-bag-06-r\/"]}]},{"@type":"ImageObject","inLanguage":"es","@id":"https:\/\/www.gtline.com\/es\/products\/work-line-by-gt-bolsa-porta-herramientas-bag-06-r\/#primaryimage","url":"https:\/\/www.gtline.com\/es\/wp-content\/uploads\/sites\/4\/2025\/05\/BAG-06-R_ALL_01_9039.jpg","contentUrl":"https:\/\/www.gtline.com\/es\/wp-content\/uploads\/sites\/4\/2025\/05\/BAG-06-R_ALL_01_9039.jpg","width":500,"height":500},{"@type":"BreadcrumbList","@id":"https:\/\/www.gtline.com\/es\/products\/work-line-by-gt-bolsa-porta-herramientas-bag-06-r\/#breadcrumb","itemListElement":[{"@type":"ListItem","position":1,"name":"Home","item":"https:\/\/www.gtline.com\/es\/"},{"@type":"ListItem","position":2,"name":"Shop","item":"https:\/\/www.gtline.com\/es\/negozio\/"},{"@type":"ListItem","position":3,"name":"Work Line by GT Bolsa Porta herramientas BAG 06 R"}]},{"@type":"WebSite","@id":"https:\/\/www.gtline.com\/es\/#website","url":"https:\/\/www.gtline.com\/es\/","name":"Gt Line","description":"","publisher":{"@id":"https:\/\/www.gtline.com\/es\/#organization"},"potentialAction":[{"@type":"SearchAction","target":{"@type":"EntryPoint","urlTemplate":"https:\/\/www.gtline.com\/es\/?s={search_term_string}"},"query-input":{"@type":"PropertyValueSpecification","valueRequired":true,"valueName":"search_term_string"}}],"inLanguage":"es"},{"@type":"Organization","@id":"https:\/\/www.gtline.com\/es\/#organization","name":"Gt Line","url":"https:\/\/www.gtline.com\/es\/","logo":{"@type":"ImageObject","inLanguage":"es","@id":"https:\/\/www.gtline.com\/es\/#\/schema\/logo\/image\/","url":"https:\/\/www.gtline.com\/es\/wp-content\/uploads\/sites\/4\/2025\/02\/logo.png","contentUrl":"https:\/\/www.gtline.com\/es\/wp-content\/uploads\/sites\/4\/2025\/02\/logo.png","width":228,"height":146,"caption":"Gt Line"},"image":{"@id":"https:\/\/www.gtline.com\/es\/#\/schema\/logo\/image\/"},"sameAs":["https:\/\/www.facebook.com\/gtlinesrl?locale=it_IT","https:\/\/www.instagram.com\/gt_line_srl\/","https:\/\/www.youtube.com\/channel\/UCDvpkFqswNJOVFz64PkYRQQ","https:\/\/www.linkedin.com\/company\/gt-line-srl\/"]}]}},"_links":{"self":[{"href":"https:\/\/www.gtline.com\/es\/wp-json\/wp\/v2\/product\/16281","targetHints":{"allow":["GET"]}}],"collection":[{"href":"https:\/\/www.gtline.com\/es\/wp-json\/wp\/v2\/product"}],"about":[{"href":"https:\/\/www.gtline.com\/es\/wp-json\/wp\/v2\/types\/product"}],"replies":[{"embeddable":true,"href":"https:\/\/www.gtline.com\/es\/wp-json\/wp\/v2\/comments?post=16281"}],"version-history":[{"count":3,"href":"https:\/\/www.gtline.com\/es\/wp-json\/wp\/v2\/product\/16281\/revisions"}],"predecessor-version":[{"id":23061,"href":"https:\/\/www.gtline.com\/es\/wp-json\/wp\/v2\/product\/16281\/revisions\/23061"}],"wp:featuredmedia":[{"embeddable":true,"href":"https:\/\/www.gtline.com\/es\/wp-json\/wp\/v2\/media\/8804"}],"wp:attachment":[{"href":"https:\/\/www.gtline.com\/es\/wp-json\/wp\/v2\/media?parent=16281"}],"wp:term":[{"taxonomy":"product_brand","embeddable":true,"href":"https:\/\/www.gtline.com\/es\/wp-json\/wp\/v2\/product_brand?post=16281"},{"taxonomy":"product_cat","embeddable":true,"href":"https:\/\/www.gtline.com\/es\/wp-json\/wp\/v2\/product_cat?post=16281"},{"taxonomy":"product_tag","embeddable":true,"href":"https:\/\/www.gtline.com\/es\/wp-json\/wp\/v2\/product_tag?post=16281"}],"curies":[{"name":"wp","href":"https:\/\/api.w.org\/{rel}","templated":true}]}}