{"id":16293,"date":"2025-07-21T10:25:49","date_gmt":"2025-07-21T10:25:49","guid":{"rendered":"https:\/\/www.gtline.com\/es\/prodotto\/work-line-by-gt-panel-porta-herramientas-tool-roll-20t-r\/"},"modified":"2026-04-17T03:09:58","modified_gmt":"2026-04-17T03:09:58","slug":"work-line-by-gt-panel-porta-herramientas-tool-roll-20t-r","status":"publish","type":"product","link":"https:\/\/www.gtline.com\/es\/products\/work-line-by-gt-panel-porta-herramientas-tool-roll-20t-r\/","title":{"rendered":"Work Line by GT Panel Porta herramientas Tool Roll 20T R"},"content":{"rendered":"<p>1. 20 compartimentos para herramientas para m\u00e1xima capacidad organizativa. <br \/> <br \/>\nIdeal para organizar de forma ordenada una amplia variedad de herramientas, accesorios y piezas peque\u00f1as, listas para usar en cualquier momento.  <\/p>\n<p>2. Formato abierto de 790 x 320 mm para visibilidad inmediata. <br \/> <br \/>\nLa gran superficie proporciona una visi\u00f3n completa de todas las herramientas, lo que simplifica la selecci\u00f3n y mejora la eficiencia del trabajo.  <\/p>\n<p>3. Dise\u00f1o enrollable ultracompacto. <br \/> <br \/>\nUna vez cerrado, el Tool Roll20T R ocupa muy poco espacio y cabe f\u00e1cilmente en cualquier bolsa de herramientas profesional, mochila de trabajo o caja de herramientas.  <\/p>\n<p>4. Ligero: solo 0,50 kg. <br \/> <br \/>\nSu ligereza hace que sea pr\u00e1ctico de transportar durante largos per\u00edodos, perfecto para trabajos r\u00e1pidos o como parte de una caja de herramientas m\u00e1s grande.  <\/p>\n<p>5. Uso vers\u00e1til en cualquier contexto operativo. <br \/> <br \/>\nCompatible con mochilas profesionales, bolsas de herramientas, bolsas de herramientas con carro y bolsas de herramientas de trabajo, se adapta perfectamente a la rutina de cada profesional.  <\/p>\n<p>6. Accesorio esencial para la gesti\u00f3n de herramientas m\u00f3viles. <br \/> <br \/>\nDise\u00f1ado para trabajadores de campo, es una soluci\u00f3n eficaz para mantener todo en orden, incluso en espacios reducidos o durante el transporte. <\/p>\n","protected":false},"excerpt":{"rendered":"<p>El Tool Roll 20T R es el rollo de herramientas ideal para los profesionales que buscan una organizaci\u00f3n eficiente y compacta. <br \/> <br \/>\nCon 20 bolsillos para herramientas en una amplia superficie, transporta ordenadamente destornilladores, alicates, llaves y herramientas de varios tama\u00f1os. <br \/> <br \/>\nUna vez enrollado, su tama\u00f1o es m\u00ednimo, perfecto para caber dentro de una bolsa de herramientas, una mochila de herramientas, una maleta o un estuche profesional. <br \/> <br \/>\nExtremadamente ligero pero espacioso, es la elecci\u00f3n correcta para t\u00e9cnicos m\u00f3viles, instaladores y trabajadores de mantenimiento que quieren tenerlo todo bajo control.<\/p>\n","protected":false},"featured_media":8859,"comment_status":"open","ping_status":"closed","template":"","meta":{"_acf_changed":false},"product_brand":[],"product_cat":[230],"product_tag":[],"class_list":{"0":"post-16293","1":"product","2":"type-product","3":"status-publish","4":"has-post-thumbnail","6":"product_cat-linea-top","7":"pa_aplicaciones-maletas-y-bolsas-para-electricistas","8":"pa_aplicaciones-maletas-y-bolsas-para-fontaneros","9":"pa_aplicaciones-maletas-y-bolsas-para-mantenedores","10":"pa_aplicaciones-maletas-y-bolsas-para-tecnicos-de-campo","11":"pa_tipo-de-producto-bolsas-y-mochilas-para-herramientas","13":"first","14":"instock","15":"shipping-taxable","16":"purchasable","17":"product-type-simple"},"acf":[],"yoast_head":"<!-- This site is optimized with the Yoast SEO plugin v25.4 - https:\/\/yoast.com\/wordpress\/plugins\/seo\/ -->\n<title>Work Line By GT | Estuche Enrollable Herramientas Top Tool Roll 20TR<\/title>\n<meta name=\"description\" content=\"Top Tool Roll 20TR con secciones accesibles para ordenar herramientas peque\u00f1as y transportarlas con seguridad en cualquier trabajo t\u00e9cnico.\" \/>\n<meta name=\"robots\" content=\"index, follow, max-snippet:-1, max-image-preview:large, max-video-preview:-1\" \/>\n<link rel=\"canonical\" href=\"https:\/\/www.gtline.com\/es\/products\/work-line-by-gt-panel-porta-herramientas-tool-roll-20t-r\/\" \/>\n<meta property=\"og:locale\" content=\"es_ES\" \/>\n<meta property=\"og:type\" content=\"article\" \/>\n<meta property=\"og:title\" content=\"Work Line By GT | Estuche Enrollable Herramientas Top Tool Roll 20TR\" \/>\n<meta property=\"og:description\" content=\"Top Tool Roll 20TR con secciones accesibles para ordenar herramientas peque\u00f1as y transportarlas con seguridad en cualquier trabajo t\u00e9cnico.\" \/>\n<meta property=\"og:url\" content=\"https:\/\/www.gtline.com\/es\/products\/work-line-by-gt-panel-porta-herramientas-tool-roll-20t-r\/\" \/>\n<meta property=\"og:site_name\" content=\"Gt Line ES\" \/>\n<meta property=\"article:publisher\" content=\"https:\/\/www.facebook.com\/gtlinesrl?locale=it_IT\" \/>\n<meta property=\"article:modified_time\" content=\"2026-04-17T03:09:58+00:00\" \/>\n<meta property=\"og:image\" content=\"https:\/\/www.gtline.com\/es\/wp-content\/uploads\/sites\/4\/2025\/05\/TOOL-ROLL-20T-R_ALL_01_9050.jpg\" \/>\n\t<meta property=\"og:image:width\" content=\"500\" \/>\n\t<meta property=\"og:image:height\" content=\"500\" \/>\n\t<meta property=\"og:image:type\" content=\"image\/jpeg\" \/>\n<meta name=\"twitter:card\" content=\"summary_large_image\" \/>\n<meta name=\"twitter:label1\" content=\"Tiempo de lectura\" \/>\n\t<meta name=\"twitter:data1\" content=\"2 minutos\" \/>\n<script type=\"application\/ld+json\" class=\"yoast-schema-graph\">{\"@context\":\"https:\/\/schema.org\",\"@graph\":[{\"@type\":\"WebPage\",\"@id\":\"https:\/\/www.gtline.com\/es\/products\/work-line-by-gt-panel-porta-herramientas-tool-roll-20t-r\/\",\"url\":\"https:\/\/www.gtline.com\/es\/products\/work-line-by-gt-panel-porta-herramientas-tool-roll-20t-r\/\",\"name\":\"Work Line By GT | Estuche Enrollable Herramientas Top Tool Roll 20TR\",\"isPartOf\":{\"@id\":\"https:\/\/www.gtline.com\/es\/#website\"},\"primaryImageOfPage\":{\"@id\":\"https:\/\/www.gtline.com\/es\/products\/work-line-by-gt-panel-porta-herramientas-tool-roll-20t-r\/#primaryimage\"},\"image\":{\"@id\":\"https:\/\/www.gtline.com\/es\/products\/work-line-by-gt-panel-porta-herramientas-tool-roll-20t-r\/#primaryimage\"},\"thumbnailUrl\":\"https:\/\/www.gtline.com\/es\/wp-content\/uploads\/sites\/4\/2025\/05\/TOOL-ROLL-20T-R_ALL_01_9050.jpg\",\"datePublished\":\"2025-07-21T10:25:49+00:00\",\"dateModified\":\"2026-04-17T03:09:58+00:00\",\"description\":\"Top Tool Roll 20TR con secciones accesibles para ordenar herramientas peque\u00f1as y transportarlas con seguridad en cualquier trabajo t\u00e9cnico.\",\"breadcrumb\":{\"@id\":\"https:\/\/www.gtline.com\/es\/products\/work-line-by-gt-panel-porta-herramientas-tool-roll-20t-r\/#breadcrumb\"},\"inLanguage\":\"es\",\"potentialAction\":[{\"@type\":\"ReadAction\",\"target\":[\"https:\/\/www.gtline.com\/es\/products\/work-line-by-gt-panel-porta-herramientas-tool-roll-20t-r\/\"]}]},{\"@type\":\"ImageObject\",\"inLanguage\":\"es\",\"@id\":\"https:\/\/www.gtline.com\/es\/products\/work-line-by-gt-panel-porta-herramientas-tool-roll-20t-r\/#primaryimage\",\"url\":\"https:\/\/www.gtline.com\/es\/wp-content\/uploads\/sites\/4\/2025\/05\/TOOL-ROLL-20T-R_ALL_01_9050.jpg\",\"contentUrl\":\"https:\/\/www.gtline.com\/es\/wp-content\/uploads\/sites\/4\/2025\/05\/TOOL-ROLL-20T-R_ALL_01_9050.jpg\",\"width\":500,\"height\":500},{\"@type\":\"BreadcrumbList\",\"@id\":\"https:\/\/www.gtline.com\/es\/products\/work-line-by-gt-panel-porta-herramientas-tool-roll-20t-r\/#breadcrumb\",\"itemListElement\":[{\"@type\":\"ListItem\",\"position\":1,\"name\":\"Home\",\"item\":\"https:\/\/www.gtline.com\/es\/\"},{\"@type\":\"ListItem\",\"position\":2,\"name\":\"Shop\",\"item\":\"https:\/\/www.gtline.com\/es\/negozio\/\"},{\"@type\":\"ListItem\",\"position\":3,\"name\":\"Work Line by GT Panel Porta herramientas Tool Roll 20T R\"}]},{\"@type\":\"WebSite\",\"@id\":\"https:\/\/www.gtline.com\/es\/#website\",\"url\":\"https:\/\/www.gtline.com\/es\/\",\"name\":\"Gt Line\",\"description\":\"\",\"publisher\":{\"@id\":\"https:\/\/www.gtline.com\/es\/#organization\"},\"potentialAction\":[{\"@type\":\"SearchAction\",\"target\":{\"@type\":\"EntryPoint\",\"urlTemplate\":\"https:\/\/www.gtline.com\/es\/?s={search_term_string}\"},\"query-input\":{\"@type\":\"PropertyValueSpecification\",\"valueRequired\":true,\"valueName\":\"search_term_string\"}}],\"inLanguage\":\"es\"},{\"@type\":\"Organization\",\"@id\":\"https:\/\/www.gtline.com\/es\/#organization\",\"name\":\"Gt Line\",\"url\":\"https:\/\/www.gtline.com\/es\/\",\"logo\":{\"@type\":\"ImageObject\",\"inLanguage\":\"es\",\"@id\":\"https:\/\/www.gtline.com\/es\/#\/schema\/logo\/image\/\",\"url\":\"https:\/\/www.gtline.com\/es\/wp-content\/uploads\/sites\/4\/2025\/02\/logo.png\",\"contentUrl\":\"https:\/\/www.gtline.com\/es\/wp-content\/uploads\/sites\/4\/2025\/02\/logo.png\",\"width\":228,\"height\":146,\"caption\":\"Gt Line\"},\"image\":{\"@id\":\"https:\/\/www.gtline.com\/es\/#\/schema\/logo\/image\/\"},\"sameAs\":[\"https:\/\/www.facebook.com\/gtlinesrl?locale=it_IT\",\"https:\/\/www.instagram.com\/gt_line_srl\/\",\"https:\/\/www.youtube.com\/channel\/UCDvpkFqswNJOVFz64PkYRQQ\",\"https:\/\/www.linkedin.com\/company\/gt-line-srl\/\"]}]}<\/script>\n<!-- \/ Yoast SEO plugin. -->","yoast_head_json":{"title":"Work Line By GT | Estuche Enrollable Herramientas Top Tool Roll 20TR","description":"Top Tool Roll 20TR con secciones accesibles para ordenar herramientas peque\u00f1as y transportarlas con seguridad en cualquier trabajo t\u00e9cnico.","robots":{"index":"index","follow":"follow","max-snippet":"max-snippet:-1","max-image-preview":"max-image-preview:large","max-video-preview":"max-video-preview:-1"},"canonical":"https:\/\/www.gtline.com\/es\/products\/work-line-by-gt-panel-porta-herramientas-tool-roll-20t-r\/","og_locale":"es_ES","og_type":"article","og_title":"Work Line By GT | Estuche Enrollable Herramientas Top Tool Roll 20TR","og_description":"Top Tool Roll 20TR con secciones accesibles para ordenar herramientas peque\u00f1as y transportarlas con seguridad en cualquier trabajo t\u00e9cnico.","og_url":"https:\/\/www.gtline.com\/es\/products\/work-line-by-gt-panel-porta-herramientas-tool-roll-20t-r\/","og_site_name":"Gt Line ES","article_publisher":"https:\/\/www.facebook.com\/gtlinesrl?locale=it_IT","article_modified_time":"2026-04-17T03:09:58+00:00","og_image":[{"width":500,"height":500,"url":"https:\/\/www.gtline.com\/es\/wp-content\/uploads\/sites\/4\/2025\/05\/TOOL-ROLL-20T-R_ALL_01_9050.jpg","type":"image\/jpeg"}],"twitter_card":"summary_large_image","twitter_misc":{"Tiempo de lectura":"2 minutos"},"schema":{"@context":"https:\/\/schema.org","@graph":[{"@type":"WebPage","@id":"https:\/\/www.gtline.com\/es\/products\/work-line-by-gt-panel-porta-herramientas-tool-roll-20t-r\/","url":"https:\/\/www.gtline.com\/es\/products\/work-line-by-gt-panel-porta-herramientas-tool-roll-20t-r\/","name":"Work Line By GT | Estuche Enrollable Herramientas Top Tool Roll 20TR","isPartOf":{"@id":"https:\/\/www.gtline.com\/es\/#website"},"primaryImageOfPage":{"@id":"https:\/\/www.gtline.com\/es\/products\/work-line-by-gt-panel-porta-herramientas-tool-roll-20t-r\/#primaryimage"},"image":{"@id":"https:\/\/www.gtline.com\/es\/products\/work-line-by-gt-panel-porta-herramientas-tool-roll-20t-r\/#primaryimage"},"thumbnailUrl":"https:\/\/www.gtline.com\/es\/wp-content\/uploads\/sites\/4\/2025\/05\/TOOL-ROLL-20T-R_ALL_01_9050.jpg","datePublished":"2025-07-21T10:25:49+00:00","dateModified":"2026-04-17T03:09:58+00:00","description":"Top Tool Roll 20TR con secciones accesibles para ordenar herramientas peque\u00f1as y transportarlas con seguridad en cualquier trabajo t\u00e9cnico.","breadcrumb":{"@id":"https:\/\/www.gtline.com\/es\/products\/work-line-by-gt-panel-porta-herramientas-tool-roll-20t-r\/#breadcrumb"},"inLanguage":"es","potentialAction":[{"@type":"ReadAction","target":["https:\/\/www.gtline.com\/es\/products\/work-line-by-gt-panel-porta-herramientas-tool-roll-20t-r\/"]}]},{"@type":"ImageObject","inLanguage":"es","@id":"https:\/\/www.gtline.com\/es\/products\/work-line-by-gt-panel-porta-herramientas-tool-roll-20t-r\/#primaryimage","url":"https:\/\/www.gtline.com\/es\/wp-content\/uploads\/sites\/4\/2025\/05\/TOOL-ROLL-20T-R_ALL_01_9050.jpg","contentUrl":"https:\/\/www.gtline.com\/es\/wp-content\/uploads\/sites\/4\/2025\/05\/TOOL-ROLL-20T-R_ALL_01_9050.jpg","width":500,"height":500},{"@type":"BreadcrumbList","@id":"https:\/\/www.gtline.com\/es\/products\/work-line-by-gt-panel-porta-herramientas-tool-roll-20t-r\/#breadcrumb","itemListElement":[{"@type":"ListItem","position":1,"name":"Home","item":"https:\/\/www.gtline.com\/es\/"},{"@type":"ListItem","position":2,"name":"Shop","item":"https:\/\/www.gtline.com\/es\/negozio\/"},{"@type":"ListItem","position":3,"name":"Work Line by GT Panel Porta herramientas Tool Roll 20T R"}]},{"@type":"WebSite","@id":"https:\/\/www.gtline.com\/es\/#website","url":"https:\/\/www.gtline.com\/es\/","name":"Gt Line","description":"","publisher":{"@id":"https:\/\/www.gtline.com\/es\/#organization"},"potentialAction":[{"@type":"SearchAction","target":{"@type":"EntryPoint","urlTemplate":"https:\/\/www.gtline.com\/es\/?s={search_term_string}"},"query-input":{"@type":"PropertyValueSpecification","valueRequired":true,"valueName":"search_term_string"}}],"inLanguage":"es"},{"@type":"Organization","@id":"https:\/\/www.gtline.com\/es\/#organization","name":"Gt Line","url":"https:\/\/www.gtline.com\/es\/","logo":{"@type":"ImageObject","inLanguage":"es","@id":"https:\/\/www.gtline.com\/es\/#\/schema\/logo\/image\/","url":"https:\/\/www.gtline.com\/es\/wp-content\/uploads\/sites\/4\/2025\/02\/logo.png","contentUrl":"https:\/\/www.gtline.com\/es\/wp-content\/uploads\/sites\/4\/2025\/02\/logo.png","width":228,"height":146,"caption":"Gt Line"},"image":{"@id":"https:\/\/www.gtline.com\/es\/#\/schema\/logo\/image\/"},"sameAs":["https:\/\/www.facebook.com\/gtlinesrl?locale=it_IT","https:\/\/www.instagram.com\/gt_line_srl\/","https:\/\/www.youtube.com\/channel\/UCDvpkFqswNJOVFz64PkYRQQ","https:\/\/www.linkedin.com\/company\/gt-line-srl\/"]}]}},"_links":{"self":[{"href":"https:\/\/www.gtline.com\/es\/wp-json\/wp\/v2\/product\/16293","targetHints":{"allow":["GET"]}}],"collection":[{"href":"https:\/\/www.gtline.com\/es\/wp-json\/wp\/v2\/product"}],"about":[{"href":"https:\/\/www.gtline.com\/es\/wp-json\/wp\/v2\/types\/product"}],"replies":[{"embeddable":true,"href":"https:\/\/www.gtline.com\/es\/wp-json\/wp\/v2\/comments?post=16293"}],"version-history":[{"count":3,"href":"https:\/\/www.gtline.com\/es\/wp-json\/wp\/v2\/product\/16293\/revisions"}],"predecessor-version":[{"id":23073,"href":"https:\/\/www.gtline.com\/es\/wp-json\/wp\/v2\/product\/16293\/revisions\/23073"}],"wp:featuredmedia":[{"embeddable":true,"href":"https:\/\/www.gtline.com\/es\/wp-json\/wp\/v2\/media\/8859"}],"wp:attachment":[{"href":"https:\/\/www.gtline.com\/es\/wp-json\/wp\/v2\/media?parent=16293"}],"wp:term":[{"taxonomy":"product_brand","embeddable":true,"href":"https:\/\/www.gtline.com\/es\/wp-json\/wp\/v2\/product_brand?post=16293"},{"taxonomy":"product_cat","embeddable":true,"href":"https:\/\/www.gtline.com\/es\/wp-json\/wp\/v2\/product_cat?post=16293"},{"taxonomy":"product_tag","embeddable":true,"href":"https:\/\/www.gtline.com\/es\/wp-json\/wp\/v2\/product_tag?post=16293"}],"curies":[{"name":"wp","href":"https:\/\/api.w.org\/{rel}","templated":true}]}}