{"id":16297,"date":"2025-07-21T10:25:55","date_gmt":"2025-07-21T10:25:55","guid":{"rendered":"https:\/\/www.gtline.com\/es\/prodotto\/work-line-by-gt-panel-porta-herramientas-tool-roll-12t-r\/"},"modified":"2026-04-17T03:10:05","modified_gmt":"2026-04-17T03:10:05","slug":"work-line-by-gt-panel-porta-herramientas-tool-roll-12t-r","status":"publish","type":"product","link":"https:\/\/www.gtline.com\/es\/products\/work-line-by-gt-panel-porta-herramientas-tool-roll-12t-r\/","title":{"rendered":"Work Line by GT Panel Porta herramientas Tool Roll 12T R"},"content":{"rendered":"<p>1. Rollo de herramientas con 12 bolsillos independientes. <br \/> <br \/>\nCada herramienta tiene su propio espacio dedicado gracias a los bolsillos bien distribuidos, ideales para un acceso ordenado e inmediato a las herramientas m\u00e1s utilizadas.  <\/p>\n<p>2. Dise\u00f1o compacto y plegable para una m\u00e1xima portabilidad. <br \/> <br \/>\nCuando no est\u00e1 en uso, el rollo se pliega sobre s\u00ed mismo, ocupando muy poco espacio en cualquier bolsa de herramientas, mochila profesional o estuche de herramientas.  <\/p>\n<p>3. Tama\u00f1o abierto de 500 x 320 mm para una visibilidad completa. <br \/> <br \/>\nEl dise\u00f1o extendido proporciona una visi\u00f3n completa de las herramientas, lo que reduce el tiempo de b\u00fasqueda y aumenta la productividad en el campo.  <\/p>\n<p>4. Ultraligero: solo 0,35 kg. <br \/> <br \/>\nEl Tool Roll12T R es la elecci\u00f3n perfecta para aquellos que necesitan una bolsa de herramientas de trabajo ligera pero espaciosa, f\u00e1cil de transportar incluso con la mano.  <\/p>\n<p>5. Ideal para cualquier tipo de profesional. <br \/> <br \/>\nPerfecto para combinar con una mochila con ruedas, un malet\u00edn de herramientas o usarlo como accesorio independiente para intervenciones r\u00e1pidas y espec\u00edficas.  <\/p>\n<p>6. Compatible con todas las soluciones de GT Line. <br \/> <br \/>\nDise\u00f1ado para integrarse f\u00e1cilmente con otros estuches, bolsas de herramientas y mochilas profesionales de la gama Work by GT Line. <\/p>\n","protected":false},"excerpt":{"rendered":"<p>El Tool Roll 12T R es el portaherramientas enrollable ideal para aquellos que buscan una soluci\u00f3n pr\u00e1ctica, ligera y altamente funcional para la organizaci\u00f3n de herramientas. <br \/> <br \/>\nCon 12 bolsillos dedicados, este rollo sostiene llaves, alicates, destornilladores y m\u00e1s de una manera ordenada y segura. <br \/> <br \/>\nIdeal para usar dentro de una bolsa de herramientas profesional, una mochila de trabajo, una caja de herramientas o por s\u00ed solo, es imprescindible para los t\u00e9cnicos modernos que valoran la velocidad y la eficiencia. <br \/> <br \/>\nEl Tool Roll12T R combina compacidad con versatilidad: la bolsa de herramientas ultraligera perfecta.<\/p>\n","protected":false},"featured_media":8874,"comment_status":"open","ping_status":"closed","template":"","meta":{"_acf_changed":false},"product_brand":[],"product_cat":[230],"product_tag":[],"class_list":{"0":"post-16297","1":"product","2":"type-product","3":"status-publish","4":"has-post-thumbnail","6":"product_cat-linea-top","7":"pa_aplicaciones-maletas-y-bolsas-para-electricistas","8":"pa_aplicaciones-maletas-y-bolsas-para-fontaneros","9":"pa_aplicaciones-maletas-y-bolsas-para-mantenedores","10":"pa_aplicaciones-maletas-y-bolsas-para-tecnicos-de-campo","11":"pa_tipo-de-producto-bolsas-y-mochilas-para-herramientas","13":"first","14":"instock","15":"shipping-taxable","16":"purchasable","17":"product-type-simple"},"acf":[],"yoast_head":"<!-- This site is optimized with the Yoast SEO plugin v25.4 - https:\/\/yoast.com\/wordpress\/plugins\/seo\/ -->\n<title>Work Line By GT | Estuche Enrollable Herramientas Top Tool Roll 12TR<\/title>\n<meta name=\"description\" content=\"Top Tool Roll 12TR ideal para organizar herramientas b\u00e1sicas con acceso r\u00e1pido y protecci\u00f3n durante el trabajo profesional diario.\" \/>\n<meta name=\"robots\" content=\"index, follow, max-snippet:-1, max-image-preview:large, max-video-preview:-1\" \/>\n<link rel=\"canonical\" href=\"https:\/\/www.gtline.com\/es\/products\/work-line-by-gt-panel-porta-herramientas-tool-roll-12t-r\/\" \/>\n<meta property=\"og:locale\" content=\"es_ES\" \/>\n<meta property=\"og:type\" content=\"article\" \/>\n<meta property=\"og:title\" content=\"Work Line By GT | Estuche Enrollable Herramientas Top Tool Roll 12TR\" \/>\n<meta property=\"og:description\" content=\"Top Tool Roll 12TR ideal para organizar herramientas b\u00e1sicas con acceso r\u00e1pido y protecci\u00f3n durante el trabajo profesional diario.\" \/>\n<meta property=\"og:url\" content=\"https:\/\/www.gtline.com\/es\/products\/work-line-by-gt-panel-porta-herramientas-tool-roll-12t-r\/\" \/>\n<meta property=\"og:site_name\" content=\"Gt Line ES\" \/>\n<meta property=\"article:publisher\" content=\"https:\/\/www.facebook.com\/gtlinesrl?locale=it_IT\" \/>\n<meta property=\"article:modified_time\" content=\"2026-04-17T03:10:05+00:00\" \/>\n<meta property=\"og:image\" content=\"https:\/\/www.gtline.com\/es\/wp-content\/uploads\/sites\/4\/2025\/05\/TOOL-ROLL-12T-R_ALL_01_9052.jpg\" \/>\n\t<meta property=\"og:image:width\" content=\"500\" \/>\n\t<meta property=\"og:image:height\" content=\"500\" \/>\n\t<meta property=\"og:image:type\" content=\"image\/jpeg\" \/>\n<meta name=\"twitter:card\" content=\"summary_large_image\" \/>\n<meta name=\"twitter:label1\" content=\"Tiempo de lectura\" \/>\n\t<meta name=\"twitter:data1\" content=\"2 minutos\" \/>\n<script type=\"application\/ld+json\" class=\"yoast-schema-graph\">{\"@context\":\"https:\/\/schema.org\",\"@graph\":[{\"@type\":\"WebPage\",\"@id\":\"https:\/\/www.gtline.com\/es\/products\/work-line-by-gt-panel-porta-herramientas-tool-roll-12t-r\/\",\"url\":\"https:\/\/www.gtline.com\/es\/products\/work-line-by-gt-panel-porta-herramientas-tool-roll-12t-r\/\",\"name\":\"Work Line By GT | Estuche Enrollable Herramientas Top Tool Roll 12TR\",\"isPartOf\":{\"@id\":\"https:\/\/www.gtline.com\/es\/#website\"},\"primaryImageOfPage\":{\"@id\":\"https:\/\/www.gtline.com\/es\/products\/work-line-by-gt-panel-porta-herramientas-tool-roll-12t-r\/#primaryimage\"},\"image\":{\"@id\":\"https:\/\/www.gtline.com\/es\/products\/work-line-by-gt-panel-porta-herramientas-tool-roll-12t-r\/#primaryimage\"},\"thumbnailUrl\":\"https:\/\/www.gtline.com\/es\/wp-content\/uploads\/sites\/4\/2025\/05\/TOOL-ROLL-12T-R_ALL_01_9052.jpg\",\"datePublished\":\"2025-07-21T10:25:55+00:00\",\"dateModified\":\"2026-04-17T03:10:05+00:00\",\"description\":\"Top Tool Roll 12TR ideal para organizar herramientas b\u00e1sicas con acceso r\u00e1pido y protecci\u00f3n durante el trabajo profesional diario.\",\"breadcrumb\":{\"@id\":\"https:\/\/www.gtline.com\/es\/products\/work-line-by-gt-panel-porta-herramientas-tool-roll-12t-r\/#breadcrumb\"},\"inLanguage\":\"es\",\"potentialAction\":[{\"@type\":\"ReadAction\",\"target\":[\"https:\/\/www.gtline.com\/es\/products\/work-line-by-gt-panel-porta-herramientas-tool-roll-12t-r\/\"]}]},{\"@type\":\"ImageObject\",\"inLanguage\":\"es\",\"@id\":\"https:\/\/www.gtline.com\/es\/products\/work-line-by-gt-panel-porta-herramientas-tool-roll-12t-r\/#primaryimage\",\"url\":\"https:\/\/www.gtline.com\/es\/wp-content\/uploads\/sites\/4\/2025\/05\/TOOL-ROLL-12T-R_ALL_01_9052.jpg\",\"contentUrl\":\"https:\/\/www.gtline.com\/es\/wp-content\/uploads\/sites\/4\/2025\/05\/TOOL-ROLL-12T-R_ALL_01_9052.jpg\",\"width\":500,\"height\":500},{\"@type\":\"BreadcrumbList\",\"@id\":\"https:\/\/www.gtline.com\/es\/products\/work-line-by-gt-panel-porta-herramientas-tool-roll-12t-r\/#breadcrumb\",\"itemListElement\":[{\"@type\":\"ListItem\",\"position\":1,\"name\":\"Home\",\"item\":\"https:\/\/www.gtline.com\/es\/\"},{\"@type\":\"ListItem\",\"position\":2,\"name\":\"Shop\",\"item\":\"https:\/\/www.gtline.com\/es\/negozio\/\"},{\"@type\":\"ListItem\",\"position\":3,\"name\":\"Work Line by GT Panel Porta herramientas Tool Roll 12T R\"}]},{\"@type\":\"WebSite\",\"@id\":\"https:\/\/www.gtline.com\/es\/#website\",\"url\":\"https:\/\/www.gtline.com\/es\/\",\"name\":\"Gt Line\",\"description\":\"\",\"publisher\":{\"@id\":\"https:\/\/www.gtline.com\/es\/#organization\"},\"potentialAction\":[{\"@type\":\"SearchAction\",\"target\":{\"@type\":\"EntryPoint\",\"urlTemplate\":\"https:\/\/www.gtline.com\/es\/?s={search_term_string}\"},\"query-input\":{\"@type\":\"PropertyValueSpecification\",\"valueRequired\":true,\"valueName\":\"search_term_string\"}}],\"inLanguage\":\"es\"},{\"@type\":\"Organization\",\"@id\":\"https:\/\/www.gtline.com\/es\/#organization\",\"name\":\"Gt Line\",\"url\":\"https:\/\/www.gtline.com\/es\/\",\"logo\":{\"@type\":\"ImageObject\",\"inLanguage\":\"es\",\"@id\":\"https:\/\/www.gtline.com\/es\/#\/schema\/logo\/image\/\",\"url\":\"https:\/\/www.gtline.com\/es\/wp-content\/uploads\/sites\/4\/2025\/02\/logo.png\",\"contentUrl\":\"https:\/\/www.gtline.com\/es\/wp-content\/uploads\/sites\/4\/2025\/02\/logo.png\",\"width\":228,\"height\":146,\"caption\":\"Gt Line\"},\"image\":{\"@id\":\"https:\/\/www.gtline.com\/es\/#\/schema\/logo\/image\/\"},\"sameAs\":[\"https:\/\/www.facebook.com\/gtlinesrl?locale=it_IT\",\"https:\/\/www.instagram.com\/gt_line_srl\/\",\"https:\/\/www.youtube.com\/channel\/UCDvpkFqswNJOVFz64PkYRQQ\",\"https:\/\/www.linkedin.com\/company\/gt-line-srl\/\"]}]}<\/script>\n<!-- \/ Yoast SEO plugin. -->","yoast_head_json":{"title":"Work Line By GT | Estuche Enrollable Herramientas Top Tool Roll 12TR","description":"Top Tool Roll 12TR ideal para organizar herramientas b\u00e1sicas con acceso r\u00e1pido y protecci\u00f3n durante el trabajo profesional diario.","robots":{"index":"index","follow":"follow","max-snippet":"max-snippet:-1","max-image-preview":"max-image-preview:large","max-video-preview":"max-video-preview:-1"},"canonical":"https:\/\/www.gtline.com\/es\/products\/work-line-by-gt-panel-porta-herramientas-tool-roll-12t-r\/","og_locale":"es_ES","og_type":"article","og_title":"Work Line By GT | Estuche Enrollable Herramientas Top Tool Roll 12TR","og_description":"Top Tool Roll 12TR ideal para organizar herramientas b\u00e1sicas con acceso r\u00e1pido y protecci\u00f3n durante el trabajo profesional diario.","og_url":"https:\/\/www.gtline.com\/es\/products\/work-line-by-gt-panel-porta-herramientas-tool-roll-12t-r\/","og_site_name":"Gt Line ES","article_publisher":"https:\/\/www.facebook.com\/gtlinesrl?locale=it_IT","article_modified_time":"2026-04-17T03:10:05+00:00","og_image":[{"width":500,"height":500,"url":"https:\/\/www.gtline.com\/es\/wp-content\/uploads\/sites\/4\/2025\/05\/TOOL-ROLL-12T-R_ALL_01_9052.jpg","type":"image\/jpeg"}],"twitter_card":"summary_large_image","twitter_misc":{"Tiempo de lectura":"2 minutos"},"schema":{"@context":"https:\/\/schema.org","@graph":[{"@type":"WebPage","@id":"https:\/\/www.gtline.com\/es\/products\/work-line-by-gt-panel-porta-herramientas-tool-roll-12t-r\/","url":"https:\/\/www.gtline.com\/es\/products\/work-line-by-gt-panel-porta-herramientas-tool-roll-12t-r\/","name":"Work Line By GT | Estuche Enrollable Herramientas Top Tool Roll 12TR","isPartOf":{"@id":"https:\/\/www.gtline.com\/es\/#website"},"primaryImageOfPage":{"@id":"https:\/\/www.gtline.com\/es\/products\/work-line-by-gt-panel-porta-herramientas-tool-roll-12t-r\/#primaryimage"},"image":{"@id":"https:\/\/www.gtline.com\/es\/products\/work-line-by-gt-panel-porta-herramientas-tool-roll-12t-r\/#primaryimage"},"thumbnailUrl":"https:\/\/www.gtline.com\/es\/wp-content\/uploads\/sites\/4\/2025\/05\/TOOL-ROLL-12T-R_ALL_01_9052.jpg","datePublished":"2025-07-21T10:25:55+00:00","dateModified":"2026-04-17T03:10:05+00:00","description":"Top Tool Roll 12TR ideal para organizar herramientas b\u00e1sicas con acceso r\u00e1pido y protecci\u00f3n durante el trabajo profesional diario.","breadcrumb":{"@id":"https:\/\/www.gtline.com\/es\/products\/work-line-by-gt-panel-porta-herramientas-tool-roll-12t-r\/#breadcrumb"},"inLanguage":"es","potentialAction":[{"@type":"ReadAction","target":["https:\/\/www.gtline.com\/es\/products\/work-line-by-gt-panel-porta-herramientas-tool-roll-12t-r\/"]}]},{"@type":"ImageObject","inLanguage":"es","@id":"https:\/\/www.gtline.com\/es\/products\/work-line-by-gt-panel-porta-herramientas-tool-roll-12t-r\/#primaryimage","url":"https:\/\/www.gtline.com\/es\/wp-content\/uploads\/sites\/4\/2025\/05\/TOOL-ROLL-12T-R_ALL_01_9052.jpg","contentUrl":"https:\/\/www.gtline.com\/es\/wp-content\/uploads\/sites\/4\/2025\/05\/TOOL-ROLL-12T-R_ALL_01_9052.jpg","width":500,"height":500},{"@type":"BreadcrumbList","@id":"https:\/\/www.gtline.com\/es\/products\/work-line-by-gt-panel-porta-herramientas-tool-roll-12t-r\/#breadcrumb","itemListElement":[{"@type":"ListItem","position":1,"name":"Home","item":"https:\/\/www.gtline.com\/es\/"},{"@type":"ListItem","position":2,"name":"Shop","item":"https:\/\/www.gtline.com\/es\/negozio\/"},{"@type":"ListItem","position":3,"name":"Work Line by GT Panel Porta herramientas Tool Roll 12T R"}]},{"@type":"WebSite","@id":"https:\/\/www.gtline.com\/es\/#website","url":"https:\/\/www.gtline.com\/es\/","name":"Gt Line","description":"","publisher":{"@id":"https:\/\/www.gtline.com\/es\/#organization"},"potentialAction":[{"@type":"SearchAction","target":{"@type":"EntryPoint","urlTemplate":"https:\/\/www.gtline.com\/es\/?s={search_term_string}"},"query-input":{"@type":"PropertyValueSpecification","valueRequired":true,"valueName":"search_term_string"}}],"inLanguage":"es"},{"@type":"Organization","@id":"https:\/\/www.gtline.com\/es\/#organization","name":"Gt Line","url":"https:\/\/www.gtline.com\/es\/","logo":{"@type":"ImageObject","inLanguage":"es","@id":"https:\/\/www.gtline.com\/es\/#\/schema\/logo\/image\/","url":"https:\/\/www.gtline.com\/es\/wp-content\/uploads\/sites\/4\/2025\/02\/logo.png","contentUrl":"https:\/\/www.gtline.com\/es\/wp-content\/uploads\/sites\/4\/2025\/02\/logo.png","width":228,"height":146,"caption":"Gt Line"},"image":{"@id":"https:\/\/www.gtline.com\/es\/#\/schema\/logo\/image\/"},"sameAs":["https:\/\/www.facebook.com\/gtlinesrl?locale=it_IT","https:\/\/www.instagram.com\/gt_line_srl\/","https:\/\/www.youtube.com\/channel\/UCDvpkFqswNJOVFz64PkYRQQ","https:\/\/www.linkedin.com\/company\/gt-line-srl\/"]}]}},"_links":{"self":[{"href":"https:\/\/www.gtline.com\/es\/wp-json\/wp\/v2\/product\/16297","targetHints":{"allow":["GET"]}}],"collection":[{"href":"https:\/\/www.gtline.com\/es\/wp-json\/wp\/v2\/product"}],"about":[{"href":"https:\/\/www.gtline.com\/es\/wp-json\/wp\/v2\/types\/product"}],"replies":[{"embeddable":true,"href":"https:\/\/www.gtline.com\/es\/wp-json\/wp\/v2\/comments?post=16297"}],"version-history":[{"count":3,"href":"https:\/\/www.gtline.com\/es\/wp-json\/wp\/v2\/product\/16297\/revisions"}],"predecessor-version":[{"id":23077,"href":"https:\/\/www.gtline.com\/es\/wp-json\/wp\/v2\/product\/16297\/revisions\/23077"}],"wp:featuredmedia":[{"embeddable":true,"href":"https:\/\/www.gtline.com\/es\/wp-json\/wp\/v2\/media\/8874"}],"wp:attachment":[{"href":"https:\/\/www.gtline.com\/es\/wp-json\/wp\/v2\/media?parent=16297"}],"wp:term":[{"taxonomy":"product_brand","embeddable":true,"href":"https:\/\/www.gtline.com\/es\/wp-json\/wp\/v2\/product_brand?post=16297"},{"taxonomy":"product_cat","embeddable":true,"href":"https:\/\/www.gtline.com\/es\/wp-json\/wp\/v2\/product_cat?post=16297"},{"taxonomy":"product_tag","embeddable":true,"href":"https:\/\/www.gtline.com\/es\/wp-json\/wp\/v2\/product_tag?post=16297"}],"curies":[{"name":"wp","href":"https:\/\/api.w.org\/{rel}","templated":true}]}}