{"id":16301,"date":"2025-07-21T10:26:01","date_gmt":"2025-07-21T10:26:01","guid":{"rendered":"https:\/\/www.gtline.com\/es\/prodotto\/work-line-by-gt-bolsillo-para-clavos-top-nail-r\/"},"modified":"2026-04-30T03:09:52","modified_gmt":"2026-04-30T03:09:52","slug":"work-line-by-gt-bolsillo-para-clavos-top-nail-r","status":"publish","type":"product","link":"https:\/\/www.gtline.com\/es\/products\/work-line-by-gt-bolsillo-para-clavos-top-nail-r\/","title":{"rendered":"Work Line by GT &ndash; Bolsillo para Clavos Top Nail R"},"content":{"rendered":"<p data-start=\"1149\" data-end=\"1333\"><strong data-start=\"1149\" data-end=\"1203\">1.Bolsa para clavos con cierre tipo saco con cord\u00f3n.<br \/><\/strong><br data-start=\"1203\" data-end=\"1206\">Mantiene el contenido <strong data-start=\"1231\" data-end=\"1263\">seguro incluso en movimiento<\/strong>, evitando derrames accidentales durante las operaciones de trabajo.<strong data-start=\"1149\" data-end=\"1203\"><br \/><\/strong><\/p>\n<p data-start=\"1338\" data-end=\"1525\"><strong data-start=\"1338\" data-end=\"1380\">2.F\u00e1cil enganche al cintur\u00f3n de trabajo.<strong data-start=\"1149\" data-end=\"1203\"><br \/><\/strong><\/strong><br data-start=\"1380\" data-end=\"1383\">Se integra perfectamente con el <strong data-start=\"1418\" data-end=\"1460\">cintur\u00f3n porta herramientas Top Belt R<\/strong>, convirti\u00e9ndolo en una <strong data-start=\"1484\" data-end=\"1522\">soluci\u00f3n pr\u00e1ctica y personalizable<\/strong>.<strong data-start=\"1149\" data-end=\"1203\"><br \/><\/strong><\/p>\n<p data-start=\"1530\" data-end=\"1739\"><strong data-start=\"1530\" data-end=\"1564\">3.Dise\u00f1o compacto y ultraligero.<strong data-start=\"1149\" data-end=\"1203\"><br \/><\/strong><\/strong><br data-start=\"1564\" data-end=\"1567\">Con unas dimensiones de <strong data-start=\"1594\" data-end=\"1615\">160 x 60 x 160 mm<\/strong> y un peso de solo <strong data-start=\"1634\" data-end=\"1644\">0,1 kg<\/strong>, no limita los movimientos y puede <strong data-start=\"1680\" data-end=\"1736\" data-is-only-node=\"\">llevarse c\u00f3modamente durante toda la jornada laboral<\/strong>.<strong data-start=\"1149\" data-end=\"1203\"><br \/><\/strong><\/p>\n<p data-start=\"1744\" data-end=\"1981\"><strong data-start=\"1744\" data-end=\"1810\">4.Perfecta para tornillos, clavos, tacos y material de fijaci\u00f3n.<strong data-start=\"1149\" data-end=\"1203\"><br \/><\/strong><\/strong><br data-start=\"1810\" data-end=\"1813\">Adem\u00e1s de clavos, es ideal para <strong data-start=\"1848\" data-end=\"1896\">guardar todas las piezas peque\u00f1as necesarias<\/strong>, siempre <strong data-start=\"1906\" data-end=\"1931\">al alcance de la mano<\/strong> durante instalaciones o intervenciones r\u00e1pidas.<strong data-start=\"1149\" data-end=\"1203\"><br \/><\/strong><\/p>\n<p data-start=\"1986\" data-end=\"2140\"><strong data-start=\"1986\" data-end=\"2033\">5.Accesorio esencial para trabajos din\u00e1micos.<strong data-start=\"1149\" data-end=\"1203\"><br \/><\/strong><\/strong><br data-start=\"2033\" data-end=\"2036\">Ideal para <strong data-start=\"2050\" data-end=\"2079\">artesanos y profesionales<\/strong> que trabajan <strong data-start=\"2093\" data-end=\"2137\">en escaleras, andamios o puestos m\u00f3viles<\/strong>.<strong data-start=\"1149\" data-end=\"1203\"><br \/><\/strong><\/p>\n<p data-start=\"2145\" data-end=\"2402\" data-is-last-node=\"\"><strong data-start=\"2145\" data-end=\"2193\">6.Compatible con todas las soluciones GT Line.<strong data-start=\"1149\" data-end=\"1203\"><br \/><\/strong><\/strong><br data-start=\"2193\" data-end=\"2196\">Puede utilizarse junto con <strong data-start=\"2226\" data-end=\"2301\">maletines de herramientas, mochilas de trabajo, bolsas porta utensilios<\/strong> y <strong data-start=\"2304\" data-end=\"2330\">trolleys profesionales<\/strong>, permitiendo una <strong data-start=\"2348\" data-end=\"2401\" data-is-only-node=\"\">gesti\u00f3n modular y eficiente del equipo de trabajo<\/strong>.<\/p>\n","protected":false},"excerpt":{"rendered":"<p>Top Nail R es un bolsillo compacto y ligero para piezas peque\u00f1as, dise\u00f1ado para fijarse a un cintur\u00f3n de trabajo como el Top Belt R, garantizando la m\u00e1xima libertad de movimiento y un acceso r\u00e1pido a los materiales durante las tareas cotidianas. Gracias al cierre tipo saco con cord\u00f3n, los clavos y la ferreter\u00eda permanecen protegidos y siempre disponibles cuando se necesitan. Ideal para carpinteros, ebanistas, t\u00e9cnicos y operarios de mantenimiento, es el complemento perfecto para combinar con un bolso portaherramientas o una maleta portautensilios para un equipo completo y modular.<\/p>\n","protected":false},"featured_media":8888,"comment_status":"open","ping_status":"closed","template":"","meta":{"_acf_changed":false},"product_brand":[],"product_cat":[230],"product_tag":[],"class_list":{"0":"post-16301","1":"product","2":"type-product","3":"status-publish","4":"has-post-thumbnail","6":"product_cat-linea-top","7":"pa_aplicaciones-maletas-y-bolsas-para-electricistas","8":"pa_aplicaciones-maletas-y-bolsas-para-fontaneros","9":"pa_aplicaciones-maletas-y-bolsas-para-mantenedores","10":"pa_aplicaciones-maletas-y-bolsas-para-tecnicos-de-campo","11":"pa_tipo-de-producto-bolsas-y-mochilas-para-herramientas","13":"first","14":"instock","15":"shipping-taxable","16":"purchasable","17":"product-type-simple"},"acf":[],"yoast_head":"<!-- This site is optimized with the Yoast SEO plugin v27.4 - https:\/\/yoast.com\/product\/yoast-seo-wordpress\/ -->\n<title>Work Line By GT | Bolsillo para Clavos Top Nail R | GT Line<\/title>\n<meta name=\"description\" content=\"Bolsillo Top Nail R para clavos con gran resistencia y acceso inmediato para facilitar el trabajo eficiente de t\u00e9cnicos e instaladores.\" \/>\n<meta name=\"robots\" content=\"index, follow, max-snippet:-1, max-image-preview:large, max-video-preview:-1\" \/>\n<link rel=\"canonical\" href=\"https:\/\/www.gtline.com\/es\/products\/work-line-by-gt-bolsillo-para-clavos-top-nail-r\/\" \/>\n<meta property=\"og:locale\" content=\"es_ES\" \/>\n<meta property=\"og:type\" content=\"article\" \/>\n<meta property=\"og:title\" content=\"Work Line By GT | Bolsillo para Clavos Top Nail R | GT Line\" \/>\n<meta property=\"og:description\" content=\"Bolsillo Top Nail R para clavos con gran resistencia y acceso inmediato para facilitar el trabajo eficiente de t\u00e9cnicos e instaladores.\" \/>\n<meta property=\"og:url\" content=\"https:\/\/www.gtline.com\/es\/products\/work-line-by-gt-bolsillo-para-clavos-top-nail-r\/\" \/>\n<meta property=\"og:site_name\" content=\"Gt Line ES\" \/>\n<meta property=\"article:publisher\" content=\"https:\/\/www.facebook.com\/gtlinesrl?locale=it_IT\" \/>\n<meta property=\"article:modified_time\" content=\"2026-04-30T03:09:52+00:00\" \/>\n<meta property=\"og:image\" content=\"https:\/\/www.gtline.com\/es\/wp-content\/uploads\/sites\/4\/2025\/05\/TOP-NAIL-R_01_9054.jpg\" \/>\n\t<meta property=\"og:image:width\" content=\"500\" \/>\n\t<meta property=\"og:image:height\" content=\"500\" \/>\n\t<meta property=\"og:image:type\" content=\"image\/jpeg\" \/>\n<meta name=\"twitter:card\" content=\"summary_large_image\" \/>\n<meta name=\"twitter:label1\" content=\"Tiempo de lectura\" \/>\n\t<meta name=\"twitter:data1\" content=\"1 minuto\" \/>\n<script type=\"application\/ld+json\" class=\"yoast-schema-graph\">{\"@context\":\"https:\\\/\\\/schema.org\",\"@graph\":[{\"@type\":\"WebPage\",\"@id\":\"https:\\\/\\\/www.gtline.com\\\/es\\\/products\\\/work-line-by-gt-bolsillo-para-clavos-top-nail-r\\\/\",\"url\":\"https:\\\/\\\/www.gtline.com\\\/es\\\/products\\\/work-line-by-gt-bolsillo-para-clavos-top-nail-r\\\/\",\"name\":\"Work Line By GT | Bolsillo para Clavos Top Nail R | GT Line\",\"isPartOf\":{\"@id\":\"https:\\\/\\\/www.gtline.com\\\/es\\\/#website\"},\"primaryImageOfPage\":{\"@id\":\"https:\\\/\\\/www.gtline.com\\\/es\\\/products\\\/work-line-by-gt-bolsillo-para-clavos-top-nail-r\\\/#primaryimage\"},\"image\":{\"@id\":\"https:\\\/\\\/www.gtline.com\\\/es\\\/products\\\/work-line-by-gt-bolsillo-para-clavos-top-nail-r\\\/#primaryimage\"},\"thumbnailUrl\":\"https:\\\/\\\/www.gtline.com\\\/es\\\/wp-content\\\/uploads\\\/sites\\\/4\\\/2025\\\/05\\\/TOP-NAIL-R_01_9054.jpg\",\"datePublished\":\"2025-07-21T10:26:01+00:00\",\"dateModified\":\"2026-04-30T03:09:52+00:00\",\"description\":\"Bolsillo Top Nail R para clavos con gran resistencia y acceso inmediato para facilitar el trabajo eficiente de t\u00e9cnicos e instaladores.\",\"breadcrumb\":{\"@id\":\"https:\\\/\\\/www.gtline.com\\\/es\\\/products\\\/work-line-by-gt-bolsillo-para-clavos-top-nail-r\\\/#breadcrumb\"},\"inLanguage\":\"es\",\"potentialAction\":[{\"@type\":\"ReadAction\",\"target\":[\"https:\\\/\\\/www.gtline.com\\\/es\\\/products\\\/work-line-by-gt-bolsillo-para-clavos-top-nail-r\\\/\"]}]},{\"@type\":\"ImageObject\",\"inLanguage\":\"es\",\"@id\":\"https:\\\/\\\/www.gtline.com\\\/es\\\/products\\\/work-line-by-gt-bolsillo-para-clavos-top-nail-r\\\/#primaryimage\",\"url\":\"https:\\\/\\\/www.gtline.com\\\/es\\\/wp-content\\\/uploads\\\/sites\\\/4\\\/2025\\\/05\\\/TOP-NAIL-R_01_9054.jpg\",\"contentUrl\":\"https:\\\/\\\/www.gtline.com\\\/es\\\/wp-content\\\/uploads\\\/sites\\\/4\\\/2025\\\/05\\\/TOP-NAIL-R_01_9054.jpg\",\"width\":500,\"height\":500},{\"@type\":\"BreadcrumbList\",\"@id\":\"https:\\\/\\\/www.gtline.com\\\/es\\\/products\\\/work-line-by-gt-bolsillo-para-clavos-top-nail-r\\\/#breadcrumb\",\"itemListElement\":[{\"@type\":\"ListItem\",\"position\":1,\"name\":\"Home\",\"item\":\"https:\\\/\\\/www.gtline.com\\\/es\\\/\"},{\"@type\":\"ListItem\",\"position\":2,\"name\":\"Shop\",\"item\":\"https:\\\/\\\/www.gtline.com\\\/es\\\/negozio\\\/\"},{\"@type\":\"ListItem\",\"position\":3,\"name\":\"Work Line by GT &ndash; Bolsillo para Clavos Top Nail R\"}]},{\"@type\":\"WebSite\",\"@id\":\"https:\\\/\\\/www.gtline.com\\\/es\\\/#website\",\"url\":\"https:\\\/\\\/www.gtline.com\\\/es\\\/\",\"name\":\"Gt Line\",\"description\":\"\",\"publisher\":{\"@id\":\"https:\\\/\\\/www.gtline.com\\\/es\\\/#organization\"},\"potentialAction\":[{\"@type\":\"SearchAction\",\"target\":{\"@type\":\"EntryPoint\",\"urlTemplate\":\"https:\\\/\\\/www.gtline.com\\\/es\\\/?s={search_term_string}\"},\"query-input\":{\"@type\":\"PropertyValueSpecification\",\"valueRequired\":true,\"valueName\":\"search_term_string\"}}],\"inLanguage\":\"es\"},{\"@type\":\"Organization\",\"@id\":\"https:\\\/\\\/www.gtline.com\\\/es\\\/#organization\",\"name\":\"Gt Line\",\"url\":\"https:\\\/\\\/www.gtline.com\\\/es\\\/\",\"logo\":{\"@type\":\"ImageObject\",\"inLanguage\":\"es\",\"@id\":\"https:\\\/\\\/www.gtline.com\\\/es\\\/#\\\/schema\\\/logo\\\/image\\\/\",\"url\":\"https:\\\/\\\/www.gtline.com\\\/es\\\/wp-content\\\/uploads\\\/sites\\\/4\\\/2025\\\/02\\\/logo.png\",\"contentUrl\":\"https:\\\/\\\/www.gtline.com\\\/es\\\/wp-content\\\/uploads\\\/sites\\\/4\\\/2025\\\/02\\\/logo.png\",\"width\":228,\"height\":146,\"caption\":\"Gt Line\"},\"image\":{\"@id\":\"https:\\\/\\\/www.gtline.com\\\/es\\\/#\\\/schema\\\/logo\\\/image\\\/\"},\"sameAs\":[\"https:\\\/\\\/www.facebook.com\\\/gtlinesrl?locale=it_IT\",\"https:\\\/\\\/www.instagram.com\\\/gt_line_srl\\\/\",\"https:\\\/\\\/www.youtube.com\\\/channel\\\/UCDvpkFqswNJOVFz64PkYRQQ\",\"https:\\\/\\\/www.linkedin.com\\\/company\\\/gt-line-srl\\\/\"]}]}<\/script>\n<!-- \/ Yoast SEO plugin. -->","yoast_head_json":{"title":"Work Line By GT | Bolsillo para Clavos Top Nail R | GT Line","description":"Bolsillo Top Nail R para clavos con gran resistencia y acceso inmediato para facilitar el trabajo eficiente de t\u00e9cnicos e instaladores.","robots":{"index":"index","follow":"follow","max-snippet":"max-snippet:-1","max-image-preview":"max-image-preview:large","max-video-preview":"max-video-preview:-1"},"canonical":"https:\/\/www.gtline.com\/es\/products\/work-line-by-gt-bolsillo-para-clavos-top-nail-r\/","og_locale":"es_ES","og_type":"article","og_title":"Work Line By GT | Bolsillo para Clavos Top Nail R | GT Line","og_description":"Bolsillo Top Nail R para clavos con gran resistencia y acceso inmediato para facilitar el trabajo eficiente de t\u00e9cnicos e instaladores.","og_url":"https:\/\/www.gtline.com\/es\/products\/work-line-by-gt-bolsillo-para-clavos-top-nail-r\/","og_site_name":"Gt Line ES","article_publisher":"https:\/\/www.facebook.com\/gtlinesrl?locale=it_IT","article_modified_time":"2026-04-30T03:09:52+00:00","og_image":[{"width":500,"height":500,"url":"https:\/\/www.gtline.com\/es\/wp-content\/uploads\/sites\/4\/2025\/05\/TOP-NAIL-R_01_9054.jpg","type":"image\/jpeg"}],"twitter_card":"summary_large_image","twitter_misc":{"Tiempo de lectura":"1 minuto"},"schema":{"@context":"https:\/\/schema.org","@graph":[{"@type":"WebPage","@id":"https:\/\/www.gtline.com\/es\/products\/work-line-by-gt-bolsillo-para-clavos-top-nail-r\/","url":"https:\/\/www.gtline.com\/es\/products\/work-line-by-gt-bolsillo-para-clavos-top-nail-r\/","name":"Work Line By GT | Bolsillo para Clavos Top Nail R | GT Line","isPartOf":{"@id":"https:\/\/www.gtline.com\/es\/#website"},"primaryImageOfPage":{"@id":"https:\/\/www.gtline.com\/es\/products\/work-line-by-gt-bolsillo-para-clavos-top-nail-r\/#primaryimage"},"image":{"@id":"https:\/\/www.gtline.com\/es\/products\/work-line-by-gt-bolsillo-para-clavos-top-nail-r\/#primaryimage"},"thumbnailUrl":"https:\/\/www.gtline.com\/es\/wp-content\/uploads\/sites\/4\/2025\/05\/TOP-NAIL-R_01_9054.jpg","datePublished":"2025-07-21T10:26:01+00:00","dateModified":"2026-04-30T03:09:52+00:00","description":"Bolsillo Top Nail R para clavos con gran resistencia y acceso inmediato para facilitar el trabajo eficiente de t\u00e9cnicos e instaladores.","breadcrumb":{"@id":"https:\/\/www.gtline.com\/es\/products\/work-line-by-gt-bolsillo-para-clavos-top-nail-r\/#breadcrumb"},"inLanguage":"es","potentialAction":[{"@type":"ReadAction","target":["https:\/\/www.gtline.com\/es\/products\/work-line-by-gt-bolsillo-para-clavos-top-nail-r\/"]}]},{"@type":"ImageObject","inLanguage":"es","@id":"https:\/\/www.gtline.com\/es\/products\/work-line-by-gt-bolsillo-para-clavos-top-nail-r\/#primaryimage","url":"https:\/\/www.gtline.com\/es\/wp-content\/uploads\/sites\/4\/2025\/05\/TOP-NAIL-R_01_9054.jpg","contentUrl":"https:\/\/www.gtline.com\/es\/wp-content\/uploads\/sites\/4\/2025\/05\/TOP-NAIL-R_01_9054.jpg","width":500,"height":500},{"@type":"BreadcrumbList","@id":"https:\/\/www.gtline.com\/es\/products\/work-line-by-gt-bolsillo-para-clavos-top-nail-r\/#breadcrumb","itemListElement":[{"@type":"ListItem","position":1,"name":"Home","item":"https:\/\/www.gtline.com\/es\/"},{"@type":"ListItem","position":2,"name":"Shop","item":"https:\/\/www.gtline.com\/es\/negozio\/"},{"@type":"ListItem","position":3,"name":"Work Line by GT &ndash; Bolsillo para Clavos Top Nail R"}]},{"@type":"WebSite","@id":"https:\/\/www.gtline.com\/es\/#website","url":"https:\/\/www.gtline.com\/es\/","name":"Gt Line","description":"","publisher":{"@id":"https:\/\/www.gtline.com\/es\/#organization"},"potentialAction":[{"@type":"SearchAction","target":{"@type":"EntryPoint","urlTemplate":"https:\/\/www.gtline.com\/es\/?s={search_term_string}"},"query-input":{"@type":"PropertyValueSpecification","valueRequired":true,"valueName":"search_term_string"}}],"inLanguage":"es"},{"@type":"Organization","@id":"https:\/\/www.gtline.com\/es\/#organization","name":"Gt Line","url":"https:\/\/www.gtline.com\/es\/","logo":{"@type":"ImageObject","inLanguage":"es","@id":"https:\/\/www.gtline.com\/es\/#\/schema\/logo\/image\/","url":"https:\/\/www.gtline.com\/es\/wp-content\/uploads\/sites\/4\/2025\/02\/logo.png","contentUrl":"https:\/\/www.gtline.com\/es\/wp-content\/uploads\/sites\/4\/2025\/02\/logo.png","width":228,"height":146,"caption":"Gt Line"},"image":{"@id":"https:\/\/www.gtline.com\/es\/#\/schema\/logo\/image\/"},"sameAs":["https:\/\/www.facebook.com\/gtlinesrl?locale=it_IT","https:\/\/www.instagram.com\/gt_line_srl\/","https:\/\/www.youtube.com\/channel\/UCDvpkFqswNJOVFz64PkYRQQ","https:\/\/www.linkedin.com\/company\/gt-line-srl\/"]}]}},"_links":{"self":[{"href":"https:\/\/www.gtline.com\/es\/wp-json\/wp\/v2\/product\/16301","targetHints":{"allow":["GET"]}}],"collection":[{"href":"https:\/\/www.gtline.com\/es\/wp-json\/wp\/v2\/product"}],"about":[{"href":"https:\/\/www.gtline.com\/es\/wp-json\/wp\/v2\/types\/product"}],"replies":[{"embeddable":true,"href":"https:\/\/www.gtline.com\/es\/wp-json\/wp\/v2\/comments?post=16301"}],"version-history":[{"count":4,"href":"https:\/\/www.gtline.com\/es\/wp-json\/wp\/v2\/product\/16301\/revisions"}],"predecessor-version":[{"id":23081,"href":"https:\/\/www.gtline.com\/es\/wp-json\/wp\/v2\/product\/16301\/revisions\/23081"}],"wp:featuredmedia":[{"embeddable":true,"href":"https:\/\/www.gtline.com\/es\/wp-json\/wp\/v2\/media\/8888"}],"wp:attachment":[{"href":"https:\/\/www.gtline.com\/es\/wp-json\/wp\/v2\/media?parent=16301"}],"wp:term":[{"taxonomy":"product_brand","embeddable":true,"href":"https:\/\/www.gtline.com\/es\/wp-json\/wp\/v2\/product_brand?post=16301"},{"taxonomy":"product_cat","embeddable":true,"href":"https:\/\/www.gtline.com\/es\/wp-json\/wp\/v2\/product_cat?post=16301"},{"taxonomy":"product_tag","embeddable":true,"href":"https:\/\/www.gtline.com\/es\/wp-json\/wp\/v2\/product_tag?post=16301"}],"curies":[{"name":"wp","href":"https:\/\/api.w.org\/{rel}","templated":true}]}}