{"id":16305,"date":"2025-07-21T10:26:07","date_gmt":"2025-07-21T10:26:07","guid":{"rendered":"https:\/\/www.gtline.com\/es\/prodotto\/work-line-by-gt-cintura-porta-attrezzi-top-belt-r\/"},"modified":"2026-04-30T03:09:58","modified_gmt":"2026-04-30T03:09:58","slug":"work-line-by-gt-cintura-porta-attrezzi-top-belt-r","status":"publish","type":"product","link":"https:\/\/www.gtline.com\/es\/products\/work-line-by-gt-cintura-porta-attrezzi-top-belt-r\/","title":{"rendered":"Work Line by GT Cintura Porta Attrezzi Top Belt R"},"content":{"rendered":"<p data-start=\"3\" data-end=\"226\"><strong data-start=\"3\" data-end=\"71\" data-is-only-node=\"\">1.Comodidad prolongada incluso durante largas jornadas de trabajo.<br \/><\/strong><br data-start=\"71\" data-end=\"74\">El <strong data-start=\"80\" data-end=\"113\">cintur\u00f3n acolchado ergon\u00f3mico<\/strong> garantiza el m\u00e1ximo confort, evitando puntos de presi\u00f3n incluso con cargas pesadas o herramientas voluminosas.<\/p>\n<p data-start=\"231\" data-end=\"408\"><strong data-start=\"231\" data-end=\"275\" data-is-only-node=\"\">2.Talla ajustable para un ajuste a medida.<br \/><\/strong><br data-start=\"275\" data-end=\"278\">Con una <strong data-start=\"289\" data-end=\"331\">longitud regulable de 920 mm a 1350 mm<\/strong>, se adapta perfectamente a cualquier complexi\u00f3n y tipo de ropa de trabajo.<\/p>\n<p data-start=\"413\" data-end=\"630\"><strong data-start=\"413\" data-end=\"465\" data-is-only-node=\"\">3.Sistema de liberaci\u00f3n r\u00e1pida, pr\u00e1ctico y seguro.<br \/><\/strong><br data-start=\"465\" data-end=\"468\">El <strong data-start=\"474\" data-end=\"505\">cierre de liberaci\u00f3n r\u00e1pida<\/strong> permite poner y quitar el cintur\u00f3n en pocos segundos, manteniendo siempre el m\u00e1ximo nivel de <strong data-start=\"599\" data-end=\"627\">seguridad durante su uso<\/strong>.<\/p>\n<p data-start=\"635\" data-end=\"881\"><strong data-start=\"635\" data-end=\"694\" data-is-only-node=\"\">4.Modularidad total para una configuraci\u00f3n personalizada.<br \/><\/strong><br data-start=\"694\" data-end=\"697\"><strong data-start=\"700\" data-end=\"774\">Compatible con los accesorios porta herramientas de la l\u00ednea Work Line<\/strong>, permite crear un <strong data-start=\"793\" data-end=\"830\">cintur\u00f3n de herramientas a medida<\/strong>, adaptado a las necesidades de cada profesional.<\/p>\n<p data-start=\"886\" data-end=\"1096\"><strong data-start=\"886\" data-end=\"947\" data-is-only-node=\"\">5.Herramienta esencial para quienes trabajan en movimiento.<br \/><\/strong><br data-start=\"947\" data-end=\"950\">Perfecto para quienes prefieren un <strong data-start=\"988\" data-end=\"1027\">conjunto de herramientas \u201cport\u00e1til\u201d<\/strong>, que ofrece <strong data-start=\"1040\" data-end=\"1093\">m\u00e1xima libertad de movimiento y rapidez operativa<\/strong>.<\/p>\n<p data-start=\"1101\" data-end=\"1358\"><strong data-start=\"1101\" data-end=\"1171\" data-is-only-node=\"\">6.Complemento perfecto para mochilas y maletines porta herramientas.<br \/><\/strong><br data-start=\"1171\" data-end=\"1174\">El <strong data-start=\"1180\" data-end=\"1194\">TOP BELT R<\/strong> se integra perfectamente con una <strong data-start=\"1228\" data-end=\"1298\">mochila profesional, mochila de trabajo o malet\u00edn porta utensilios<\/strong>, ampliando la <strong data-start=\"1313\" data-end=\"1355\">capacidad de transporte y organizaci\u00f3n<\/strong>.<\/p>\n<p data-start=\"1363\" data-end=\"1566\"><strong data-start=\"1363\" data-end=\"1405\" data-is-only-node=\"\">7.Dise\u00f1o resistente, ligero y funcional.<br \/><\/strong><br data-start=\"1405\" data-end=\"1408\">Con un <strong data-start=\"1418\" data-end=\"1442\">peso de solo 1,55 kg<\/strong>, combina <strong data-start=\"1452\" data-end=\"1478\">resistencia y ligereza<\/strong>, garantizando una <strong data-start=\"1497\" data-end=\"1518\">larga durabilidad<\/strong> incluso en <strong data-start=\"1530\" data-end=\"1563\">entornos de trabajo exigentes<\/strong>.<\/p>\n<p data-start=\"1571\" data-end=\"1831\" data-is-last-node=\"\"><strong data-start=\"1571\" data-end=\"1626\" data-is-only-node=\"\">8.Work by GT Line: modularidad y calidad profesional.<br \/><\/strong><br data-start=\"1626\" data-end=\"1629\">Parte de la <strong data-start=\"1644\" data-end=\"1672\">gama profesional GT Line<\/strong>, el <strong data-start=\"1677\" data-end=\"1691\">TOP BELT R<\/strong> est\u00e1 dise\u00f1ado para satisfacer las necesidades de <strong data-start=\"1741\" data-end=\"1779\">t\u00e9cnicos, artesanos e instaladores<\/strong> que buscan <strong data-start=\"1791\" data-end=\"1830\">fiabilidad, ergonom\u00eda y practicidad<\/strong>.<\/p>\n","protected":false},"excerpt":{"rendered":"<p data-start=\"0\" data-end=\"292\">El <strong data-start=\"3\" data-end=\"17\">TOP BELT R<\/strong> es la <strong data-start=\"24\" data-end=\"68\">soluci\u00f3n perfecta para los profesionales<\/strong> que buscan un <strong data-start=\"83\" data-end=\"144\">cintur\u00f3n porta herramientas c\u00f3modo, resistente y vers\u00e1til<\/strong>.<br \/><br data-start=\"145\" data-end=\"148\">Fabricado con <strong data-start=\"162\" data-end=\"186\">acolchado ergon\u00f3mico<\/strong>, ofrece una <strong data-start=\"199\" data-end=\"230\">gran libertad de movimiento<\/strong> y una <strong data-start=\"237\" data-end=\"269\">distribuci\u00f3n \u00f3ptima del peso<\/strong> de las herramientas.<\/p>\n<p data-start=\"294\" data-end=\"610\">Gracias a su <strong data-start=\"307\" data-end=\"337\">sistema de enganche r\u00e1pido<\/strong> y a la <strong data-start=\"345\" data-end=\"404\">compatibilidad con los accesorios de la l\u00ednea Work Line<\/strong>, se convierte en un <strong data-start=\"425\" data-end=\"459\">sistema de transporte port\u00e1til<\/strong>, siendo una excelente <strong data-start=\"482\" data-end=\"511\">alternativa o complemento<\/strong> a cualquier <strong data-start=\"524\" data-end=\"551\">bolsa para herramientas<\/strong>, <strong data-start=\"553\" data-end=\"576\">mochila profesional<\/strong> o <strong data-start=\"579\" data-end=\"607\">malet\u00edn porta utensilios<\/strong>.<\/p>\n<p data-start=\"612\" data-end=\"792\" data-is-last-node=\"\" data-is-only-node=\"\"><strong data-start=\"612\" data-end=\"635\">Ligero y resistente<\/strong>, es ideal para <strong data-start=\"651\" data-end=\"720\">electricistas, t\u00e9cnicos de mantenimiento y profesionales de campo<\/strong> que necesitan tener sus herramientas <strong data-start=\"758\" data-end=\"791\" data-is-only-node=\"\">siempre al alcance de la mano<\/strong>.<\/p>\n","protected":false},"featured_media":8905,"comment_status":"open","ping_status":"closed","template":"","meta":{"_acf_changed":false},"product_brand":[],"product_cat":[230],"product_tag":[],"class_list":{"0":"post-16305","1":"product","2":"type-product","3":"status-publish","4":"has-post-thumbnail","6":"product_cat-linea-top","7":"pa_aplicaciones-maletas-y-bolsas-para-electricistas","8":"pa_aplicaciones-maletas-y-bolsas-para-fontaneros","9":"pa_aplicaciones-maletas-y-bolsas-para-mantenedores","10":"pa_aplicaciones-maletas-y-bolsas-para-tecnicos-de-campo","11":"pa_tipo-de-producto-bolsas-y-mochilas-para-herramientas","13":"first","14":"instock","15":"shipping-taxable","16":"purchasable","17":"product-type-simple"},"acf":[],"yoast_head":"<!-- This site is optimized with the Yoast SEO plugin v27.4 - https:\/\/yoast.com\/product\/yoast-seo-wordpress\/ -->\n<title>Work Line By GT | Cintur\u00f3n Porta Herramientas Top Belt R<\/title>\n<meta name=\"description\" content=\"Cintur\u00f3n Top Belt R con m\u00faltiples bolsillos y sujeci\u00f3n c\u00f3moda que permite trabajar con manos libres y eficiencia en todo momento.\" \/>\n<meta name=\"robots\" content=\"index, follow, max-snippet:-1, max-image-preview:large, max-video-preview:-1\" \/>\n<link rel=\"canonical\" href=\"https:\/\/www.gtline.com\/es\/products\/work-line-by-gt-cintura-porta-attrezzi-top-belt-r\/\" \/>\n<meta property=\"og:locale\" content=\"es_ES\" \/>\n<meta property=\"og:type\" content=\"article\" \/>\n<meta property=\"og:title\" content=\"Work Line By GT | Cintur\u00f3n Porta Herramientas Top Belt R\" \/>\n<meta property=\"og:description\" content=\"Cintur\u00f3n Top Belt R con m\u00faltiples bolsillos y sujeci\u00f3n c\u00f3moda que permite trabajar con manos libres y eficiencia en todo momento.\" \/>\n<meta property=\"og:url\" content=\"https:\/\/www.gtline.com\/es\/products\/work-line-by-gt-cintura-porta-attrezzi-top-belt-r\/\" \/>\n<meta property=\"og:site_name\" content=\"Gt Line ES\" \/>\n<meta property=\"article:publisher\" content=\"https:\/\/www.facebook.com\/gtlinesrl?locale=it_IT\" \/>\n<meta property=\"article:modified_time\" content=\"2026-04-30T03:09:58+00:00\" \/>\n<meta property=\"og:image\" content=\"https:\/\/www.gtline.com\/es\/wp-content\/uploads\/sites\/4\/2025\/05\/TOP-BELT-R_ALL_01_9056.jpg\" \/>\n\t<meta property=\"og:image:width\" content=\"500\" \/>\n\t<meta property=\"og:image:height\" content=\"500\" \/>\n\t<meta property=\"og:image:type\" content=\"image\/jpeg\" \/>\n<meta name=\"twitter:card\" content=\"summary_large_image\" \/>\n<meta name=\"twitter:label1\" content=\"Tiempo de lectura\" \/>\n\t<meta name=\"twitter:data1\" content=\"2 minutos\" \/>\n<script type=\"application\/ld+json\" class=\"yoast-schema-graph\">{\"@context\":\"https:\\\/\\\/schema.org\",\"@graph\":[{\"@type\":\"WebPage\",\"@id\":\"https:\\\/\\\/www.gtline.com\\\/es\\\/products\\\/work-line-by-gt-cintura-porta-attrezzi-top-belt-r\\\/\",\"url\":\"https:\\\/\\\/www.gtline.com\\\/es\\\/products\\\/work-line-by-gt-cintura-porta-attrezzi-top-belt-r\\\/\",\"name\":\"Work Line By GT | Cintur\u00f3n Porta Herramientas Top Belt R\",\"isPartOf\":{\"@id\":\"https:\\\/\\\/www.gtline.com\\\/es\\\/#website\"},\"primaryImageOfPage\":{\"@id\":\"https:\\\/\\\/www.gtline.com\\\/es\\\/products\\\/work-line-by-gt-cintura-porta-attrezzi-top-belt-r\\\/#primaryimage\"},\"image\":{\"@id\":\"https:\\\/\\\/www.gtline.com\\\/es\\\/products\\\/work-line-by-gt-cintura-porta-attrezzi-top-belt-r\\\/#primaryimage\"},\"thumbnailUrl\":\"https:\\\/\\\/www.gtline.com\\\/es\\\/wp-content\\\/uploads\\\/sites\\\/4\\\/2025\\\/05\\\/TOP-BELT-R_ALL_01_9056.jpg\",\"datePublished\":\"2025-07-21T10:26:07+00:00\",\"dateModified\":\"2026-04-30T03:09:58+00:00\",\"description\":\"Cintur\u00f3n Top Belt R con m\u00faltiples bolsillos y sujeci\u00f3n c\u00f3moda que permite trabajar con manos libres y eficiencia en todo momento.\",\"breadcrumb\":{\"@id\":\"https:\\\/\\\/www.gtline.com\\\/es\\\/products\\\/work-line-by-gt-cintura-porta-attrezzi-top-belt-r\\\/#breadcrumb\"},\"inLanguage\":\"es\",\"potentialAction\":[{\"@type\":\"ReadAction\",\"target\":[\"https:\\\/\\\/www.gtline.com\\\/es\\\/products\\\/work-line-by-gt-cintura-porta-attrezzi-top-belt-r\\\/\"]}]},{\"@type\":\"ImageObject\",\"inLanguage\":\"es\",\"@id\":\"https:\\\/\\\/www.gtline.com\\\/es\\\/products\\\/work-line-by-gt-cintura-porta-attrezzi-top-belt-r\\\/#primaryimage\",\"url\":\"https:\\\/\\\/www.gtline.com\\\/es\\\/wp-content\\\/uploads\\\/sites\\\/4\\\/2025\\\/05\\\/TOP-BELT-R_ALL_01_9056.jpg\",\"contentUrl\":\"https:\\\/\\\/www.gtline.com\\\/es\\\/wp-content\\\/uploads\\\/sites\\\/4\\\/2025\\\/05\\\/TOP-BELT-R_ALL_01_9056.jpg\",\"width\":500,\"height\":500},{\"@type\":\"BreadcrumbList\",\"@id\":\"https:\\\/\\\/www.gtline.com\\\/es\\\/products\\\/work-line-by-gt-cintura-porta-attrezzi-top-belt-r\\\/#breadcrumb\",\"itemListElement\":[{\"@type\":\"ListItem\",\"position\":1,\"name\":\"Home\",\"item\":\"https:\\\/\\\/www.gtline.com\\\/es\\\/\"},{\"@type\":\"ListItem\",\"position\":2,\"name\":\"Shop\",\"item\":\"https:\\\/\\\/www.gtline.com\\\/es\\\/negozio\\\/\"},{\"@type\":\"ListItem\",\"position\":3,\"name\":\"Work Line by GT Cintura Porta Attrezzi Top Belt R\"}]},{\"@type\":\"WebSite\",\"@id\":\"https:\\\/\\\/www.gtline.com\\\/es\\\/#website\",\"url\":\"https:\\\/\\\/www.gtline.com\\\/es\\\/\",\"name\":\"Gt Line\",\"description\":\"\",\"publisher\":{\"@id\":\"https:\\\/\\\/www.gtline.com\\\/es\\\/#organization\"},\"potentialAction\":[{\"@type\":\"SearchAction\",\"target\":{\"@type\":\"EntryPoint\",\"urlTemplate\":\"https:\\\/\\\/www.gtline.com\\\/es\\\/?s={search_term_string}\"},\"query-input\":{\"@type\":\"PropertyValueSpecification\",\"valueRequired\":true,\"valueName\":\"search_term_string\"}}],\"inLanguage\":\"es\"},{\"@type\":\"Organization\",\"@id\":\"https:\\\/\\\/www.gtline.com\\\/es\\\/#organization\",\"name\":\"Gt Line\",\"url\":\"https:\\\/\\\/www.gtline.com\\\/es\\\/\",\"logo\":{\"@type\":\"ImageObject\",\"inLanguage\":\"es\",\"@id\":\"https:\\\/\\\/www.gtline.com\\\/es\\\/#\\\/schema\\\/logo\\\/image\\\/\",\"url\":\"https:\\\/\\\/www.gtline.com\\\/es\\\/wp-content\\\/uploads\\\/sites\\\/4\\\/2025\\\/02\\\/logo.png\",\"contentUrl\":\"https:\\\/\\\/www.gtline.com\\\/es\\\/wp-content\\\/uploads\\\/sites\\\/4\\\/2025\\\/02\\\/logo.png\",\"width\":228,\"height\":146,\"caption\":\"Gt Line\"},\"image\":{\"@id\":\"https:\\\/\\\/www.gtline.com\\\/es\\\/#\\\/schema\\\/logo\\\/image\\\/\"},\"sameAs\":[\"https:\\\/\\\/www.facebook.com\\\/gtlinesrl?locale=it_IT\",\"https:\\\/\\\/www.instagram.com\\\/gt_line_srl\\\/\",\"https:\\\/\\\/www.youtube.com\\\/channel\\\/UCDvpkFqswNJOVFz64PkYRQQ\",\"https:\\\/\\\/www.linkedin.com\\\/company\\\/gt-line-srl\\\/\"]}]}<\/script>\n<!-- \/ Yoast SEO plugin. -->","yoast_head_json":{"title":"Work Line By GT | Cintur\u00f3n Porta Herramientas Top Belt R","description":"Cintur\u00f3n Top Belt R con m\u00faltiples bolsillos y sujeci\u00f3n c\u00f3moda que permite trabajar con manos libres y eficiencia en todo momento.","robots":{"index":"index","follow":"follow","max-snippet":"max-snippet:-1","max-image-preview":"max-image-preview:large","max-video-preview":"max-video-preview:-1"},"canonical":"https:\/\/www.gtline.com\/es\/products\/work-line-by-gt-cintura-porta-attrezzi-top-belt-r\/","og_locale":"es_ES","og_type":"article","og_title":"Work Line By GT | Cintur\u00f3n Porta Herramientas Top Belt R","og_description":"Cintur\u00f3n Top Belt R con m\u00faltiples bolsillos y sujeci\u00f3n c\u00f3moda que permite trabajar con manos libres y eficiencia en todo momento.","og_url":"https:\/\/www.gtline.com\/es\/products\/work-line-by-gt-cintura-porta-attrezzi-top-belt-r\/","og_site_name":"Gt Line ES","article_publisher":"https:\/\/www.facebook.com\/gtlinesrl?locale=it_IT","article_modified_time":"2026-04-30T03:09:58+00:00","og_image":[{"width":500,"height":500,"url":"https:\/\/www.gtline.com\/es\/wp-content\/uploads\/sites\/4\/2025\/05\/TOP-BELT-R_ALL_01_9056.jpg","type":"image\/jpeg"}],"twitter_card":"summary_large_image","twitter_misc":{"Tiempo de lectura":"2 minutos"},"schema":{"@context":"https:\/\/schema.org","@graph":[{"@type":"WebPage","@id":"https:\/\/www.gtline.com\/es\/products\/work-line-by-gt-cintura-porta-attrezzi-top-belt-r\/","url":"https:\/\/www.gtline.com\/es\/products\/work-line-by-gt-cintura-porta-attrezzi-top-belt-r\/","name":"Work Line By GT | Cintur\u00f3n Porta Herramientas Top Belt R","isPartOf":{"@id":"https:\/\/www.gtline.com\/es\/#website"},"primaryImageOfPage":{"@id":"https:\/\/www.gtline.com\/es\/products\/work-line-by-gt-cintura-porta-attrezzi-top-belt-r\/#primaryimage"},"image":{"@id":"https:\/\/www.gtline.com\/es\/products\/work-line-by-gt-cintura-porta-attrezzi-top-belt-r\/#primaryimage"},"thumbnailUrl":"https:\/\/www.gtline.com\/es\/wp-content\/uploads\/sites\/4\/2025\/05\/TOP-BELT-R_ALL_01_9056.jpg","datePublished":"2025-07-21T10:26:07+00:00","dateModified":"2026-04-30T03:09:58+00:00","description":"Cintur\u00f3n Top Belt R con m\u00faltiples bolsillos y sujeci\u00f3n c\u00f3moda que permite trabajar con manos libres y eficiencia en todo momento.","breadcrumb":{"@id":"https:\/\/www.gtline.com\/es\/products\/work-line-by-gt-cintura-porta-attrezzi-top-belt-r\/#breadcrumb"},"inLanguage":"es","potentialAction":[{"@type":"ReadAction","target":["https:\/\/www.gtline.com\/es\/products\/work-line-by-gt-cintura-porta-attrezzi-top-belt-r\/"]}]},{"@type":"ImageObject","inLanguage":"es","@id":"https:\/\/www.gtline.com\/es\/products\/work-line-by-gt-cintura-porta-attrezzi-top-belt-r\/#primaryimage","url":"https:\/\/www.gtline.com\/es\/wp-content\/uploads\/sites\/4\/2025\/05\/TOP-BELT-R_ALL_01_9056.jpg","contentUrl":"https:\/\/www.gtline.com\/es\/wp-content\/uploads\/sites\/4\/2025\/05\/TOP-BELT-R_ALL_01_9056.jpg","width":500,"height":500},{"@type":"BreadcrumbList","@id":"https:\/\/www.gtline.com\/es\/products\/work-line-by-gt-cintura-porta-attrezzi-top-belt-r\/#breadcrumb","itemListElement":[{"@type":"ListItem","position":1,"name":"Home","item":"https:\/\/www.gtline.com\/es\/"},{"@type":"ListItem","position":2,"name":"Shop","item":"https:\/\/www.gtline.com\/es\/negozio\/"},{"@type":"ListItem","position":3,"name":"Work Line by GT Cintura Porta Attrezzi Top Belt R"}]},{"@type":"WebSite","@id":"https:\/\/www.gtline.com\/es\/#website","url":"https:\/\/www.gtline.com\/es\/","name":"Gt Line","description":"","publisher":{"@id":"https:\/\/www.gtline.com\/es\/#organization"},"potentialAction":[{"@type":"SearchAction","target":{"@type":"EntryPoint","urlTemplate":"https:\/\/www.gtline.com\/es\/?s={search_term_string}"},"query-input":{"@type":"PropertyValueSpecification","valueRequired":true,"valueName":"search_term_string"}}],"inLanguage":"es"},{"@type":"Organization","@id":"https:\/\/www.gtline.com\/es\/#organization","name":"Gt Line","url":"https:\/\/www.gtline.com\/es\/","logo":{"@type":"ImageObject","inLanguage":"es","@id":"https:\/\/www.gtline.com\/es\/#\/schema\/logo\/image\/","url":"https:\/\/www.gtline.com\/es\/wp-content\/uploads\/sites\/4\/2025\/02\/logo.png","contentUrl":"https:\/\/www.gtline.com\/es\/wp-content\/uploads\/sites\/4\/2025\/02\/logo.png","width":228,"height":146,"caption":"Gt Line"},"image":{"@id":"https:\/\/www.gtline.com\/es\/#\/schema\/logo\/image\/"},"sameAs":["https:\/\/www.facebook.com\/gtlinesrl?locale=it_IT","https:\/\/www.instagram.com\/gt_line_srl\/","https:\/\/www.youtube.com\/channel\/UCDvpkFqswNJOVFz64PkYRQQ","https:\/\/www.linkedin.com\/company\/gt-line-srl\/"]}]}},"_links":{"self":[{"href":"https:\/\/www.gtline.com\/es\/wp-json\/wp\/v2\/product\/16305","targetHints":{"allow":["GET"]}}],"collection":[{"href":"https:\/\/www.gtline.com\/es\/wp-json\/wp\/v2\/product"}],"about":[{"href":"https:\/\/www.gtline.com\/es\/wp-json\/wp\/v2\/types\/product"}],"replies":[{"embeddable":true,"href":"https:\/\/www.gtline.com\/es\/wp-json\/wp\/v2\/comments?post=16305"}],"version-history":[{"count":4,"href":"https:\/\/www.gtline.com\/es\/wp-json\/wp\/v2\/product\/16305\/revisions"}],"predecessor-version":[{"id":23085,"href":"https:\/\/www.gtline.com\/es\/wp-json\/wp\/v2\/product\/16305\/revisions\/23085"}],"wp:featuredmedia":[{"embeddable":true,"href":"https:\/\/www.gtline.com\/es\/wp-json\/wp\/v2\/media\/8905"}],"wp:attachment":[{"href":"https:\/\/www.gtline.com\/es\/wp-json\/wp\/v2\/media?parent=16305"}],"wp:term":[{"taxonomy":"product_brand","embeddable":true,"href":"https:\/\/www.gtline.com\/es\/wp-json\/wp\/v2\/product_brand?post=16305"},{"taxonomy":"product_cat","embeddable":true,"href":"https:\/\/www.gtline.com\/es\/wp-json\/wp\/v2\/product_cat?post=16305"},{"taxonomy":"product_tag","embeddable":true,"href":"https:\/\/www.gtline.com\/es\/wp-json\/wp\/v2\/product_tag?post=16305"}],"curies":[{"name":"wp","href":"https:\/\/api.w.org\/{rel}","templated":true}]}}