{"id":16307,"date":"2025-07-21T10:26:11","date_gmt":"2025-07-21T10:26:11","guid":{"rendered":"https:\/\/www.gtline.com\/es\/prodotto\/work-line-by-gt-bolsa-porta-herramientas-bag-case-pts-r\/"},"modified":"2026-04-17T03:10:22","modified_gmt":"2026-04-17T03:10:22","slug":"work-line-by-gt-bolsa-porta-herramientas-bag-case-pts-r","status":"publish","type":"product","link":"https:\/\/www.gtline.com\/es\/products\/work-line-by-gt-bolsa-porta-herramientas-bag-case-pts-r\/","title":{"rendered":"Work Line by GT Bolsa Porta herramientas BAG &amp; CASE PTS R"},"content":{"rendered":"<p>1. Organizaci\u00f3n de herramientas inteligente y personalizable.<\/p>\n<p>Los dos paneles de herramientas con sistema FLEXI POUCHES\u2122 ofrecen flexibilidad y un acceso r\u00e1pido a las herramientas, lo que hace que esta bolsa sea ideal para electricistas, personal de mantenimiento y t\u00e9cnicos en movimiento.<\/p>\n<p>2. M\u00e1xima estabilidad y orden gracias a su base modular.<\/p>\n<p>La base con divisores modulares de gran estabilidad permite una divisi\u00f3n personalizada del espacio para mantener en orden incluso las herramientas y componentes m\u00e1s peque\u00f1os.<\/p>\n<p>3. Protecci\u00f3n y seguridad durante el transporte.<\/p>\n<p>El cierre de cremallera con cerradura protege sus herramientas del acceso no deseado.<\/p>\n<p>4. M\u00e1xima comodidad de transporte.<\/p>\n<p>La correa de hombro ajustable de neopreno permite una distribuci\u00f3n equilibrada del peso y reduce la fatiga durante el viaje.<\/p>\n<p>5. Estructura duradera con esquinas reforzadas.<\/p>\n<p>Los tejidos resistentes de alta densidad, los protectores de esquinas de goma y las cremalleras de gran tama\u00f1o hacen de esta bolsa un objeto dise\u00f1ado para durar y soportar un uso intensivo.<\/p>\n<p>6. Espacio adicional para documentos y piezas peque\u00f1as. <\/p>\n<p>Equipada con un bolsillo para documentos y dos cajones para piezas peque\u00f1as, esta bolsa de herramientas se adapta perfectamente a todas sus necesidades de organizaci\u00f3n y almacenamiento en el campo.<\/p>\n<p>7. Compacta pero espaciosa: ideal para el trabajo diario.<\/p>\n<p>Con unas dimensiones de 455 mm (largo) x 170 mm (ancho) x 360 mm (alto) y un peso de 4 kg, es una bolsa compacta y espaciosa.<\/p>\n","protected":false},"excerpt":{"rendered":"<p>La bolsa de herramientas BAG &amp; CASE PTS R es la soluci\u00f3n ideal para los profesionales que buscan el equilibrio perfecto entre funcionalidad, durabilidad y comodidad. <br \/> Esta bolsa de herramientas profesional combina un dise\u00f1o compacto con una excelente capacidad de organizaci\u00f3n, gracias al sistema FLEXI POUCHES, los divisores modulares\u2122 y los cajones de piezas. <br \/> Construida para soportar un uso intensivo en actividades de mantenimiento, es una bolsa de herramientas profesional muy pr\u00e1ctica y c\u00f3moda, equipada con una correa de hombro Ultra Comfort para una ergonom\u00eda \u00f3ptima.<\/p>\n","protected":false},"featured_media":8912,"comment_status":"open","ping_status":"closed","template":"","meta":{"_acf_changed":false},"product_brand":[],"product_cat":[230],"product_tag":[],"class_list":{"0":"post-16307","1":"product","2":"type-product","3":"status-publish","4":"has-post-thumbnail","6":"product_cat-linea-top","7":"pa_aplicaciones-maletas-y-bolsas-para-electricistas","8":"pa_aplicaciones-maletas-y-bolsas-para-fontaneros","9":"pa_aplicaciones-maletas-y-bolsas-para-mantenedores","10":"pa_aplicaciones-maletas-y-bolsas-para-tecnicos-de-campo","11":"pa_tipo-de-producto-bolsas-y-mochilas-para-herramientas","13":"first","14":"instock","15":"shipping-taxable","16":"purchasable","17":"product-type-simple"},"acf":[],"yoast_head":"<!-- This site is optimized with the Yoast SEO plugin v25.4 - https:\/\/yoast.com\/wordpress\/plugins\/seo\/ -->\n<title>Work Line By GT | Bolsa Porta Herramientas Bag &amp; Case PTS R<\/title>\n<meta name=\"description\" content=\"Bolsa Bag &amp; Case PTS R con organizaci\u00f3n interna pr\u00e1ctica y materiales resistentes para proteger herramientas y agilizar cada tarea profesional.\" \/>\n<meta name=\"robots\" content=\"index, follow, max-snippet:-1, max-image-preview:large, max-video-preview:-1\" \/>\n<link rel=\"canonical\" href=\"https:\/\/www.gtline.com\/es\/products\/work-line-by-gt-bolsa-porta-herramientas-bag-case-pts-r\/\" \/>\n<meta property=\"og:locale\" content=\"es_ES\" \/>\n<meta property=\"og:type\" content=\"article\" \/>\n<meta property=\"og:title\" content=\"Work Line By GT | Bolsa Porta Herramientas Bag &amp; Case PTS R\" \/>\n<meta property=\"og:description\" content=\"Bolsa Bag &amp; Case PTS R con organizaci\u00f3n interna pr\u00e1ctica y materiales resistentes para proteger herramientas y agilizar cada tarea profesional.\" \/>\n<meta property=\"og:url\" content=\"https:\/\/www.gtline.com\/es\/products\/work-line-by-gt-bolsa-porta-herramientas-bag-case-pts-r\/\" \/>\n<meta property=\"og:site_name\" content=\"Gt Line ES\" \/>\n<meta property=\"article:publisher\" content=\"https:\/\/www.facebook.com\/gtlinesrl?locale=it_IT\" \/>\n<meta property=\"article:modified_time\" content=\"2026-04-17T03:10:22+00:00\" \/>\n<meta property=\"og:image\" content=\"https:\/\/www.gtline.com\/es\/wp-content\/uploads\/sites\/4\/2025\/05\/BAG-CASE-PTS_ALL_01_9057.jpg\" \/>\n\t<meta property=\"og:image:width\" content=\"500\" \/>\n\t<meta property=\"og:image:height\" content=\"500\" \/>\n\t<meta property=\"og:image:type\" content=\"image\/jpeg\" \/>\n<meta name=\"twitter:card\" content=\"summary_large_image\" \/>\n<meta name=\"twitter:label1\" content=\"Tiempo de lectura\" \/>\n\t<meta name=\"twitter:data1\" content=\"2 minutos\" \/>\n<script type=\"application\/ld+json\" class=\"yoast-schema-graph\">{\"@context\":\"https:\/\/schema.org\",\"@graph\":[{\"@type\":\"WebPage\",\"@id\":\"https:\/\/www.gtline.com\/es\/products\/work-line-by-gt-bolsa-porta-herramientas-bag-case-pts-r\/\",\"url\":\"https:\/\/www.gtline.com\/es\/products\/work-line-by-gt-bolsa-porta-herramientas-bag-case-pts-r\/\",\"name\":\"Work Line By GT | Bolsa Porta Herramientas Bag & Case PTS R\",\"isPartOf\":{\"@id\":\"https:\/\/www.gtline.com\/es\/#website\"},\"primaryImageOfPage\":{\"@id\":\"https:\/\/www.gtline.com\/es\/products\/work-line-by-gt-bolsa-porta-herramientas-bag-case-pts-r\/#primaryimage\"},\"image\":{\"@id\":\"https:\/\/www.gtline.com\/es\/products\/work-line-by-gt-bolsa-porta-herramientas-bag-case-pts-r\/#primaryimage\"},\"thumbnailUrl\":\"https:\/\/www.gtline.com\/es\/wp-content\/uploads\/sites\/4\/2025\/05\/BAG-CASE-PTS_ALL_01_9057.jpg\",\"datePublished\":\"2025-07-21T10:26:11+00:00\",\"dateModified\":\"2026-04-17T03:10:22+00:00\",\"description\":\"Bolsa Bag & Case PTS R con organizaci\u00f3n interna pr\u00e1ctica y materiales resistentes para proteger herramientas y agilizar cada tarea profesional.\",\"breadcrumb\":{\"@id\":\"https:\/\/www.gtline.com\/es\/products\/work-line-by-gt-bolsa-porta-herramientas-bag-case-pts-r\/#breadcrumb\"},\"inLanguage\":\"es\",\"potentialAction\":[{\"@type\":\"ReadAction\",\"target\":[\"https:\/\/www.gtline.com\/es\/products\/work-line-by-gt-bolsa-porta-herramientas-bag-case-pts-r\/\"]}]},{\"@type\":\"ImageObject\",\"inLanguage\":\"es\",\"@id\":\"https:\/\/www.gtline.com\/es\/products\/work-line-by-gt-bolsa-porta-herramientas-bag-case-pts-r\/#primaryimage\",\"url\":\"https:\/\/www.gtline.com\/es\/wp-content\/uploads\/sites\/4\/2025\/05\/BAG-CASE-PTS_ALL_01_9057.jpg\",\"contentUrl\":\"https:\/\/www.gtline.com\/es\/wp-content\/uploads\/sites\/4\/2025\/05\/BAG-CASE-PTS_ALL_01_9057.jpg\",\"width\":500,\"height\":500},{\"@type\":\"BreadcrumbList\",\"@id\":\"https:\/\/www.gtline.com\/es\/products\/work-line-by-gt-bolsa-porta-herramientas-bag-case-pts-r\/#breadcrumb\",\"itemListElement\":[{\"@type\":\"ListItem\",\"position\":1,\"name\":\"Home\",\"item\":\"https:\/\/www.gtline.com\/es\/\"},{\"@type\":\"ListItem\",\"position\":2,\"name\":\"Shop\",\"item\":\"https:\/\/www.gtline.com\/es\/negozio\/\"},{\"@type\":\"ListItem\",\"position\":3,\"name\":\"Work Line by GT Bolsa Porta herramientas BAG &amp; CASE PTS R\"}]},{\"@type\":\"WebSite\",\"@id\":\"https:\/\/www.gtline.com\/es\/#website\",\"url\":\"https:\/\/www.gtline.com\/es\/\",\"name\":\"Gt Line\",\"description\":\"\",\"publisher\":{\"@id\":\"https:\/\/www.gtline.com\/es\/#organization\"},\"potentialAction\":[{\"@type\":\"SearchAction\",\"target\":{\"@type\":\"EntryPoint\",\"urlTemplate\":\"https:\/\/www.gtline.com\/es\/?s={search_term_string}\"},\"query-input\":{\"@type\":\"PropertyValueSpecification\",\"valueRequired\":true,\"valueName\":\"search_term_string\"}}],\"inLanguage\":\"es\"},{\"@type\":\"Organization\",\"@id\":\"https:\/\/www.gtline.com\/es\/#organization\",\"name\":\"Gt Line\",\"url\":\"https:\/\/www.gtline.com\/es\/\",\"logo\":{\"@type\":\"ImageObject\",\"inLanguage\":\"es\",\"@id\":\"https:\/\/www.gtline.com\/es\/#\/schema\/logo\/image\/\",\"url\":\"https:\/\/www.gtline.com\/es\/wp-content\/uploads\/sites\/4\/2025\/02\/logo.png\",\"contentUrl\":\"https:\/\/www.gtline.com\/es\/wp-content\/uploads\/sites\/4\/2025\/02\/logo.png\",\"width\":228,\"height\":146,\"caption\":\"Gt Line\"},\"image\":{\"@id\":\"https:\/\/www.gtline.com\/es\/#\/schema\/logo\/image\/\"},\"sameAs\":[\"https:\/\/www.facebook.com\/gtlinesrl?locale=it_IT\",\"https:\/\/www.instagram.com\/gt_line_srl\/\",\"https:\/\/www.youtube.com\/channel\/UCDvpkFqswNJOVFz64PkYRQQ\",\"https:\/\/www.linkedin.com\/company\/gt-line-srl\/\"]}]}<\/script>\n<!-- \/ Yoast SEO plugin. -->","yoast_head_json":{"title":"Work Line By GT | Bolsa Porta Herramientas Bag & Case PTS R","description":"Bolsa Bag & Case PTS R con organizaci\u00f3n interna pr\u00e1ctica y materiales resistentes para proteger herramientas y agilizar cada tarea profesional.","robots":{"index":"index","follow":"follow","max-snippet":"max-snippet:-1","max-image-preview":"max-image-preview:large","max-video-preview":"max-video-preview:-1"},"canonical":"https:\/\/www.gtline.com\/es\/products\/work-line-by-gt-bolsa-porta-herramientas-bag-case-pts-r\/","og_locale":"es_ES","og_type":"article","og_title":"Work Line By GT | Bolsa Porta Herramientas Bag & Case PTS R","og_description":"Bolsa Bag & Case PTS R con organizaci\u00f3n interna pr\u00e1ctica y materiales resistentes para proteger herramientas y agilizar cada tarea profesional.","og_url":"https:\/\/www.gtline.com\/es\/products\/work-line-by-gt-bolsa-porta-herramientas-bag-case-pts-r\/","og_site_name":"Gt Line ES","article_publisher":"https:\/\/www.facebook.com\/gtlinesrl?locale=it_IT","article_modified_time":"2026-04-17T03:10:22+00:00","og_image":[{"width":500,"height":500,"url":"https:\/\/www.gtline.com\/es\/wp-content\/uploads\/sites\/4\/2025\/05\/BAG-CASE-PTS_ALL_01_9057.jpg","type":"image\/jpeg"}],"twitter_card":"summary_large_image","twitter_misc":{"Tiempo de lectura":"2 minutos"},"schema":{"@context":"https:\/\/schema.org","@graph":[{"@type":"WebPage","@id":"https:\/\/www.gtline.com\/es\/products\/work-line-by-gt-bolsa-porta-herramientas-bag-case-pts-r\/","url":"https:\/\/www.gtline.com\/es\/products\/work-line-by-gt-bolsa-porta-herramientas-bag-case-pts-r\/","name":"Work Line By GT | Bolsa Porta Herramientas Bag & Case PTS R","isPartOf":{"@id":"https:\/\/www.gtline.com\/es\/#website"},"primaryImageOfPage":{"@id":"https:\/\/www.gtline.com\/es\/products\/work-line-by-gt-bolsa-porta-herramientas-bag-case-pts-r\/#primaryimage"},"image":{"@id":"https:\/\/www.gtline.com\/es\/products\/work-line-by-gt-bolsa-porta-herramientas-bag-case-pts-r\/#primaryimage"},"thumbnailUrl":"https:\/\/www.gtline.com\/es\/wp-content\/uploads\/sites\/4\/2025\/05\/BAG-CASE-PTS_ALL_01_9057.jpg","datePublished":"2025-07-21T10:26:11+00:00","dateModified":"2026-04-17T03:10:22+00:00","description":"Bolsa Bag & Case PTS R con organizaci\u00f3n interna pr\u00e1ctica y materiales resistentes para proteger herramientas y agilizar cada tarea profesional.","breadcrumb":{"@id":"https:\/\/www.gtline.com\/es\/products\/work-line-by-gt-bolsa-porta-herramientas-bag-case-pts-r\/#breadcrumb"},"inLanguage":"es","potentialAction":[{"@type":"ReadAction","target":["https:\/\/www.gtline.com\/es\/products\/work-line-by-gt-bolsa-porta-herramientas-bag-case-pts-r\/"]}]},{"@type":"ImageObject","inLanguage":"es","@id":"https:\/\/www.gtline.com\/es\/products\/work-line-by-gt-bolsa-porta-herramientas-bag-case-pts-r\/#primaryimage","url":"https:\/\/www.gtline.com\/es\/wp-content\/uploads\/sites\/4\/2025\/05\/BAG-CASE-PTS_ALL_01_9057.jpg","contentUrl":"https:\/\/www.gtline.com\/es\/wp-content\/uploads\/sites\/4\/2025\/05\/BAG-CASE-PTS_ALL_01_9057.jpg","width":500,"height":500},{"@type":"BreadcrumbList","@id":"https:\/\/www.gtline.com\/es\/products\/work-line-by-gt-bolsa-porta-herramientas-bag-case-pts-r\/#breadcrumb","itemListElement":[{"@type":"ListItem","position":1,"name":"Home","item":"https:\/\/www.gtline.com\/es\/"},{"@type":"ListItem","position":2,"name":"Shop","item":"https:\/\/www.gtline.com\/es\/negozio\/"},{"@type":"ListItem","position":3,"name":"Work Line by GT Bolsa Porta herramientas BAG &amp; CASE PTS R"}]},{"@type":"WebSite","@id":"https:\/\/www.gtline.com\/es\/#website","url":"https:\/\/www.gtline.com\/es\/","name":"Gt Line","description":"","publisher":{"@id":"https:\/\/www.gtline.com\/es\/#organization"},"potentialAction":[{"@type":"SearchAction","target":{"@type":"EntryPoint","urlTemplate":"https:\/\/www.gtline.com\/es\/?s={search_term_string}"},"query-input":{"@type":"PropertyValueSpecification","valueRequired":true,"valueName":"search_term_string"}}],"inLanguage":"es"},{"@type":"Organization","@id":"https:\/\/www.gtline.com\/es\/#organization","name":"Gt Line","url":"https:\/\/www.gtline.com\/es\/","logo":{"@type":"ImageObject","inLanguage":"es","@id":"https:\/\/www.gtline.com\/es\/#\/schema\/logo\/image\/","url":"https:\/\/www.gtline.com\/es\/wp-content\/uploads\/sites\/4\/2025\/02\/logo.png","contentUrl":"https:\/\/www.gtline.com\/es\/wp-content\/uploads\/sites\/4\/2025\/02\/logo.png","width":228,"height":146,"caption":"Gt Line"},"image":{"@id":"https:\/\/www.gtline.com\/es\/#\/schema\/logo\/image\/"},"sameAs":["https:\/\/www.facebook.com\/gtlinesrl?locale=it_IT","https:\/\/www.instagram.com\/gt_line_srl\/","https:\/\/www.youtube.com\/channel\/UCDvpkFqswNJOVFz64PkYRQQ","https:\/\/www.linkedin.com\/company\/gt-line-srl\/"]}]}},"_links":{"self":[{"href":"https:\/\/www.gtline.com\/es\/wp-json\/wp\/v2\/product\/16307","targetHints":{"allow":["GET"]}}],"collection":[{"href":"https:\/\/www.gtline.com\/es\/wp-json\/wp\/v2\/product"}],"about":[{"href":"https:\/\/www.gtline.com\/es\/wp-json\/wp\/v2\/types\/product"}],"replies":[{"embeddable":true,"href":"https:\/\/www.gtline.com\/es\/wp-json\/wp\/v2\/comments?post=16307"}],"version-history":[{"count":4,"href":"https:\/\/www.gtline.com\/es\/wp-json\/wp\/v2\/product\/16307\/revisions"}],"predecessor-version":[{"id":23087,"href":"https:\/\/www.gtline.com\/es\/wp-json\/wp\/v2\/product\/16307\/revisions\/23087"}],"wp:featuredmedia":[{"embeddable":true,"href":"https:\/\/www.gtline.com\/es\/wp-json\/wp\/v2\/media\/8912"}],"wp:attachment":[{"href":"https:\/\/www.gtline.com\/es\/wp-json\/wp\/v2\/media?parent=16307"}],"wp:term":[{"taxonomy":"product_brand","embeddable":true,"href":"https:\/\/www.gtline.com\/es\/wp-json\/wp\/v2\/product_brand?post=16307"},{"taxonomy":"product_cat","embeddable":true,"href":"https:\/\/www.gtline.com\/es\/wp-json\/wp\/v2\/product_cat?post=16307"},{"taxonomy":"product_tag","embeddable":true,"href":"https:\/\/www.gtline.com\/es\/wp-json\/wp\/v2\/product_tag?post=16307"}],"curies":[{"name":"wp","href":"https:\/\/api.w.org\/{rel}","templated":true}]}}