{"id":16312,"date":"2025-07-21T10:26:22","date_gmt":"2025-07-21T10:26:22","guid":{"rendered":"https:\/\/www.gtline.com\/es\/prodotto\/work-line-by-gt-bolsa-porta-herramientas-btp-02-r\/"},"modified":"2026-04-17T03:10:33","modified_gmt":"2026-04-17T03:10:33","slug":"work-line-by-gt-bolsa-porta-herramientas-btp-02-r","status":"publish","type":"product","link":"https:\/\/www.gtline.com\/es\/products\/work-line-by-gt-bolsa-porta-herramientas-btp-02-r\/","title":{"rendered":"Work Line by GT Bolsa Porta herramientas BTP 02 R (Art&iacute;culo descatalogado &ndash; Disponible hasta agotar existencias)"},"content":{"rendered":"<p>1. Estructura ultrarresistente para uso profesional intensivo. <br \/> Construida con nailon 600D, costuras reforzadas y una base interior de acero galvanizado, la BTP 02 R resiste impactos, abrasiones y desgaste diario, lo que la convierte en una bolsa de herramientas dise\u00f1ada para durar. <br \/> 2. Visibilidad mejorada para mayor seguridad. <br \/> Las inserciones reflectantes mejoran la visibilidad en entornos con poca luz, lo que mejora la seguridad del operador en las obras de construcci\u00f3n y en las \u00e1reas de trabajo nocturnas. <br \/> 3. Acceso completo gracias a los paneles frontales plegables dobles. <br \/> Los paneles delantero y trasero con aberturas de 90\u00b0 permiten un f\u00e1cil acceso a todo el juego de herramientas. <br \/> 4. M\u00e1xima organizaci\u00f3n de herramientas. <br \/> Las bolsas internas FLEXI y el\u2122 sistema modular PSS\u2122 permiten un almacenamiento de herramientas preciso, organizado y seguro para una eficiencia operativa \u00f3ptima. <br \/> 5. Espacio extra y funcionalidad inteligente. <br \/> Los bolsillos exteriores laterales ofrecen una capacidad adicional para accesorios y piezas peque\u00f1as, mientras que las correas el\u00e1sticas exteriores permiten el transporte seguro de herramientas largas. <br \/> 6. Comodidad total durante el transporte. <br \/> Equipada con una correa de hombro acolchada ajustable y un asa de goma, esta bolsa de herramientas profesional garantiza un transporte seguro y f\u00e1cil en cualquier situaci\u00f3n. <br \/> 7. Capacidad estructurada y compacta. <br \/> Con unas dimensiones internas de 415 x 180 x 270 mm y un peso de 4,4 kg, la BTP 02 R es una caja de herramientas compacta pero completa, ideal para aquellos que buscan un equilibrio entre espacio, organizaci\u00f3n y portabilidad. <\/p>\n","protected":false},"excerpt":{"rendered":"<p>La BTP 02 R es una bolsa de herramientas profesional extremadamente duradera, vers\u00e1til y segura para quienes trabajan en entornos din\u00e1micos y necesitan un control total. <br \/> Fabricado en nailon 600D resistente al desgarro con costuras reforzadas, base de acero galvanizado e inserciones reflectantes, garantiza durabilidad, resistencia y visibilidad incluso en condiciones de poca luz. <br \/> Las dos solapas delanteras y traseras plegables de 90\u00b0, las\u2122 bolsas FLEXI y el sistema PSS\u2122 proporcionan una organizaci\u00f3n interna de alto nivel. <br \/> Esta bolsa para herramientas es perfecta como malet\u00edn portaherramientas compacto o como complemento de un trolley portaherramientas.<\/p>\n","protected":false},"featured_media":8945,"comment_status":"open","ping_status":"closed","template":"","meta":{"_acf_changed":false},"product_brand":[],"product_cat":[233],"product_tag":[],"class_list":{"0":"post-16312","1":"product","2":"type-product","3":"status-publish","4":"has-post-thumbnail","6":"product_cat-linea-basic","7":"pa_aplicaciones-maletas-y-bolsas-para-electricistas","8":"pa_aplicaciones-maletas-y-bolsas-para-fontaneros","9":"pa_aplicaciones-maletas-y-bolsas-para-mantenedores","10":"pa_aplicaciones-maletas-y-bolsas-para-tecnicos-de-campo","11":"pa_tipo-de-producto-bolsas-y-mochilas-para-herramientas","13":"first","14":"instock","15":"shipping-taxable","16":"purchasable","17":"product-type-simple"},"acf":[],"yoast_head":"<!-- This site is optimized with the Yoast SEO plugin v25.4 - https:\/\/yoast.com\/wordpress\/plugins\/seo\/ -->\n<title>Work Line By GT | Bolsa Porta Herramientas BTP 02 R<\/title>\n<meta name=\"description\" content=\"Bolsa porta herramientas BTP 02 R con buena capacidad, materiales reforzados y organizaci\u00f3n pr\u00e1ctica para instaladores y t\u00e9cnicos en acci\u00f3n.\" \/>\n<meta name=\"robots\" content=\"index, follow, max-snippet:-1, max-image-preview:large, max-video-preview:-1\" \/>\n<link rel=\"canonical\" href=\"https:\/\/www.gtline.com\/es\/products\/work-line-by-gt-bolsa-porta-herramientas-btp-02-r\/\" \/>\n<meta property=\"og:locale\" content=\"es_ES\" \/>\n<meta property=\"og:type\" content=\"article\" \/>\n<meta property=\"og:title\" content=\"Work Line By GT | Bolsa Porta Herramientas BTP 02 R\" \/>\n<meta property=\"og:description\" content=\"Bolsa porta herramientas BTP 02 R con buena capacidad, materiales reforzados y organizaci\u00f3n pr\u00e1ctica para instaladores y t\u00e9cnicos en acci\u00f3n.\" \/>\n<meta property=\"og:url\" content=\"https:\/\/www.gtline.com\/es\/products\/work-line-by-gt-bolsa-porta-herramientas-btp-02-r\/\" \/>\n<meta property=\"og:site_name\" content=\"Gt Line ES\" \/>\n<meta property=\"article:publisher\" content=\"https:\/\/www.facebook.com\/gtlinesrl?locale=it_IT\" \/>\n<meta property=\"article:modified_time\" content=\"2026-04-17T03:10:33+00:00\" \/>\n<meta property=\"og:image\" content=\"https:\/\/www.gtline.com\/es\/wp-content\/uploads\/sites\/4\/2025\/05\/BTP-02-R_ALL_01_9065.jpg\" \/>\n\t<meta property=\"og:image:width\" content=\"500\" \/>\n\t<meta property=\"og:image:height\" content=\"500\" \/>\n\t<meta property=\"og:image:type\" content=\"image\/jpeg\" \/>\n<meta name=\"twitter:card\" content=\"summary_large_image\" \/>\n<meta name=\"twitter:label1\" content=\"Tiempo de lectura\" \/>\n\t<meta name=\"twitter:data1\" content=\"2 minutos\" \/>\n<script type=\"application\/ld+json\" class=\"yoast-schema-graph\">{\"@context\":\"https:\/\/schema.org\",\"@graph\":[{\"@type\":\"WebPage\",\"@id\":\"https:\/\/www.gtline.com\/es\/products\/work-line-by-gt-bolsa-porta-herramientas-btp-02-r\/\",\"url\":\"https:\/\/www.gtline.com\/es\/products\/work-line-by-gt-bolsa-porta-herramientas-btp-02-r\/\",\"name\":\"Work Line By GT | Bolsa Porta Herramientas BTP 02 R\",\"isPartOf\":{\"@id\":\"https:\/\/www.gtline.com\/es\/#website\"},\"primaryImageOfPage\":{\"@id\":\"https:\/\/www.gtline.com\/es\/products\/work-line-by-gt-bolsa-porta-herramientas-btp-02-r\/#primaryimage\"},\"image\":{\"@id\":\"https:\/\/www.gtline.com\/es\/products\/work-line-by-gt-bolsa-porta-herramientas-btp-02-r\/#primaryimage\"},\"thumbnailUrl\":\"https:\/\/www.gtline.com\/es\/wp-content\/uploads\/sites\/4\/2025\/05\/BTP-02-R_ALL_01_9065.jpg\",\"datePublished\":\"2025-07-21T10:26:22+00:00\",\"dateModified\":\"2026-04-17T03:10:33+00:00\",\"description\":\"Bolsa porta herramientas BTP 02 R con buena capacidad, materiales reforzados y organizaci\u00f3n pr\u00e1ctica para instaladores y t\u00e9cnicos en acci\u00f3n.\",\"breadcrumb\":{\"@id\":\"https:\/\/www.gtline.com\/es\/products\/work-line-by-gt-bolsa-porta-herramientas-btp-02-r\/#breadcrumb\"},\"inLanguage\":\"es\",\"potentialAction\":[{\"@type\":\"ReadAction\",\"target\":[\"https:\/\/www.gtline.com\/es\/products\/work-line-by-gt-bolsa-porta-herramientas-btp-02-r\/\"]}]},{\"@type\":\"ImageObject\",\"inLanguage\":\"es\",\"@id\":\"https:\/\/www.gtline.com\/es\/products\/work-line-by-gt-bolsa-porta-herramientas-btp-02-r\/#primaryimage\",\"url\":\"https:\/\/www.gtline.com\/es\/wp-content\/uploads\/sites\/4\/2025\/05\/BTP-02-R_ALL_01_9065.jpg\",\"contentUrl\":\"https:\/\/www.gtline.com\/es\/wp-content\/uploads\/sites\/4\/2025\/05\/BTP-02-R_ALL_01_9065.jpg\",\"width\":500,\"height\":500},{\"@type\":\"BreadcrumbList\",\"@id\":\"https:\/\/www.gtline.com\/es\/products\/work-line-by-gt-bolsa-porta-herramientas-btp-02-r\/#breadcrumb\",\"itemListElement\":[{\"@type\":\"ListItem\",\"position\":1,\"name\":\"Home\",\"item\":\"https:\/\/www.gtline.com\/es\/\"},{\"@type\":\"ListItem\",\"position\":2,\"name\":\"Shop\",\"item\":\"https:\/\/www.gtline.com\/es\/negozio\/\"},{\"@type\":\"ListItem\",\"position\":3,\"name\":\"Work Line by GT Bolsa Porta herramientas BTP 02 R\"}]},{\"@type\":\"WebSite\",\"@id\":\"https:\/\/www.gtline.com\/es\/#website\",\"url\":\"https:\/\/www.gtline.com\/es\/\",\"name\":\"Gt Line\",\"description\":\"\",\"publisher\":{\"@id\":\"https:\/\/www.gtline.com\/es\/#organization\"},\"potentialAction\":[{\"@type\":\"SearchAction\",\"target\":{\"@type\":\"EntryPoint\",\"urlTemplate\":\"https:\/\/www.gtline.com\/es\/?s={search_term_string}\"},\"query-input\":{\"@type\":\"PropertyValueSpecification\",\"valueRequired\":true,\"valueName\":\"search_term_string\"}}],\"inLanguage\":\"es\"},{\"@type\":\"Organization\",\"@id\":\"https:\/\/www.gtline.com\/es\/#organization\",\"name\":\"Gt Line\",\"url\":\"https:\/\/www.gtline.com\/es\/\",\"logo\":{\"@type\":\"ImageObject\",\"inLanguage\":\"es\",\"@id\":\"https:\/\/www.gtline.com\/es\/#\/schema\/logo\/image\/\",\"url\":\"https:\/\/www.gtline.com\/es\/wp-content\/uploads\/sites\/4\/2025\/02\/logo.png\",\"contentUrl\":\"https:\/\/www.gtline.com\/es\/wp-content\/uploads\/sites\/4\/2025\/02\/logo.png\",\"width\":228,\"height\":146,\"caption\":\"Gt Line\"},\"image\":{\"@id\":\"https:\/\/www.gtline.com\/es\/#\/schema\/logo\/image\/\"},\"sameAs\":[\"https:\/\/www.facebook.com\/gtlinesrl?locale=it_IT\",\"https:\/\/www.instagram.com\/gt_line_srl\/\",\"https:\/\/www.youtube.com\/channel\/UCDvpkFqswNJOVFz64PkYRQQ\",\"https:\/\/www.linkedin.com\/company\/gt-line-srl\/\"]}]}<\/script>\n<!-- \/ Yoast SEO plugin. -->","yoast_head_json":{"title":"Work Line By GT | Bolsa Porta Herramientas BTP 02 R","description":"Bolsa porta herramientas BTP 02 R con buena capacidad, materiales reforzados y organizaci\u00f3n pr\u00e1ctica para instaladores y t\u00e9cnicos en acci\u00f3n.","robots":{"index":"index","follow":"follow","max-snippet":"max-snippet:-1","max-image-preview":"max-image-preview:large","max-video-preview":"max-video-preview:-1"},"canonical":"https:\/\/www.gtline.com\/es\/products\/work-line-by-gt-bolsa-porta-herramientas-btp-02-r\/","og_locale":"es_ES","og_type":"article","og_title":"Work Line By GT | Bolsa Porta Herramientas BTP 02 R","og_description":"Bolsa porta herramientas BTP 02 R con buena capacidad, materiales reforzados y organizaci\u00f3n pr\u00e1ctica para instaladores y t\u00e9cnicos en acci\u00f3n.","og_url":"https:\/\/www.gtline.com\/es\/products\/work-line-by-gt-bolsa-porta-herramientas-btp-02-r\/","og_site_name":"Gt Line ES","article_publisher":"https:\/\/www.facebook.com\/gtlinesrl?locale=it_IT","article_modified_time":"2026-04-17T03:10:33+00:00","og_image":[{"width":500,"height":500,"url":"https:\/\/www.gtline.com\/es\/wp-content\/uploads\/sites\/4\/2025\/05\/BTP-02-R_ALL_01_9065.jpg","type":"image\/jpeg"}],"twitter_card":"summary_large_image","twitter_misc":{"Tiempo de lectura":"2 minutos"},"schema":{"@context":"https:\/\/schema.org","@graph":[{"@type":"WebPage","@id":"https:\/\/www.gtline.com\/es\/products\/work-line-by-gt-bolsa-porta-herramientas-btp-02-r\/","url":"https:\/\/www.gtline.com\/es\/products\/work-line-by-gt-bolsa-porta-herramientas-btp-02-r\/","name":"Work Line By GT | Bolsa Porta Herramientas BTP 02 R","isPartOf":{"@id":"https:\/\/www.gtline.com\/es\/#website"},"primaryImageOfPage":{"@id":"https:\/\/www.gtline.com\/es\/products\/work-line-by-gt-bolsa-porta-herramientas-btp-02-r\/#primaryimage"},"image":{"@id":"https:\/\/www.gtline.com\/es\/products\/work-line-by-gt-bolsa-porta-herramientas-btp-02-r\/#primaryimage"},"thumbnailUrl":"https:\/\/www.gtline.com\/es\/wp-content\/uploads\/sites\/4\/2025\/05\/BTP-02-R_ALL_01_9065.jpg","datePublished":"2025-07-21T10:26:22+00:00","dateModified":"2026-04-17T03:10:33+00:00","description":"Bolsa porta herramientas BTP 02 R con buena capacidad, materiales reforzados y organizaci\u00f3n pr\u00e1ctica para instaladores y t\u00e9cnicos en acci\u00f3n.","breadcrumb":{"@id":"https:\/\/www.gtline.com\/es\/products\/work-line-by-gt-bolsa-porta-herramientas-btp-02-r\/#breadcrumb"},"inLanguage":"es","potentialAction":[{"@type":"ReadAction","target":["https:\/\/www.gtline.com\/es\/products\/work-line-by-gt-bolsa-porta-herramientas-btp-02-r\/"]}]},{"@type":"ImageObject","inLanguage":"es","@id":"https:\/\/www.gtline.com\/es\/products\/work-line-by-gt-bolsa-porta-herramientas-btp-02-r\/#primaryimage","url":"https:\/\/www.gtline.com\/es\/wp-content\/uploads\/sites\/4\/2025\/05\/BTP-02-R_ALL_01_9065.jpg","contentUrl":"https:\/\/www.gtline.com\/es\/wp-content\/uploads\/sites\/4\/2025\/05\/BTP-02-R_ALL_01_9065.jpg","width":500,"height":500},{"@type":"BreadcrumbList","@id":"https:\/\/www.gtline.com\/es\/products\/work-line-by-gt-bolsa-porta-herramientas-btp-02-r\/#breadcrumb","itemListElement":[{"@type":"ListItem","position":1,"name":"Home","item":"https:\/\/www.gtline.com\/es\/"},{"@type":"ListItem","position":2,"name":"Shop","item":"https:\/\/www.gtline.com\/es\/negozio\/"},{"@type":"ListItem","position":3,"name":"Work Line by GT Bolsa Porta herramientas BTP 02 R"}]},{"@type":"WebSite","@id":"https:\/\/www.gtline.com\/es\/#website","url":"https:\/\/www.gtline.com\/es\/","name":"Gt Line","description":"","publisher":{"@id":"https:\/\/www.gtline.com\/es\/#organization"},"potentialAction":[{"@type":"SearchAction","target":{"@type":"EntryPoint","urlTemplate":"https:\/\/www.gtline.com\/es\/?s={search_term_string}"},"query-input":{"@type":"PropertyValueSpecification","valueRequired":true,"valueName":"search_term_string"}}],"inLanguage":"es"},{"@type":"Organization","@id":"https:\/\/www.gtline.com\/es\/#organization","name":"Gt Line","url":"https:\/\/www.gtline.com\/es\/","logo":{"@type":"ImageObject","inLanguage":"es","@id":"https:\/\/www.gtline.com\/es\/#\/schema\/logo\/image\/","url":"https:\/\/www.gtline.com\/es\/wp-content\/uploads\/sites\/4\/2025\/02\/logo.png","contentUrl":"https:\/\/www.gtline.com\/es\/wp-content\/uploads\/sites\/4\/2025\/02\/logo.png","width":228,"height":146,"caption":"Gt Line"},"image":{"@id":"https:\/\/www.gtline.com\/es\/#\/schema\/logo\/image\/"},"sameAs":["https:\/\/www.facebook.com\/gtlinesrl?locale=it_IT","https:\/\/www.instagram.com\/gt_line_srl\/","https:\/\/www.youtube.com\/channel\/UCDvpkFqswNJOVFz64PkYRQQ","https:\/\/www.linkedin.com\/company\/gt-line-srl\/"]}]}},"_links":{"self":[{"href":"https:\/\/www.gtline.com\/es\/wp-json\/wp\/v2\/product\/16312","targetHints":{"allow":["GET"]}}],"collection":[{"href":"https:\/\/www.gtline.com\/es\/wp-json\/wp\/v2\/product"}],"about":[{"href":"https:\/\/www.gtline.com\/es\/wp-json\/wp\/v2\/types\/product"}],"replies":[{"embeddable":true,"href":"https:\/\/www.gtline.com\/es\/wp-json\/wp\/v2\/comments?post=16312"}],"version-history":[{"count":4,"href":"https:\/\/www.gtline.com\/es\/wp-json\/wp\/v2\/product\/16312\/revisions"}],"predecessor-version":[{"id":27141,"href":"https:\/\/www.gtline.com\/es\/wp-json\/wp\/v2\/product\/16312\/revisions\/27141"}],"wp:featuredmedia":[{"embeddable":true,"href":"https:\/\/www.gtline.com\/es\/wp-json\/wp\/v2\/media\/8945"}],"wp:attachment":[{"href":"https:\/\/www.gtline.com\/es\/wp-json\/wp\/v2\/media?parent=16312"}],"wp:term":[{"taxonomy":"product_brand","embeddable":true,"href":"https:\/\/www.gtline.com\/es\/wp-json\/wp\/v2\/product_brand?post=16312"},{"taxonomy":"product_cat","embeddable":true,"href":"https:\/\/www.gtline.com\/es\/wp-json\/wp\/v2\/product_cat?post=16312"},{"taxonomy":"product_tag","embeddable":true,"href":"https:\/\/www.gtline.com\/es\/wp-json\/wp\/v2\/product_tag?post=16312"}],"curies":[{"name":"wp","href":"https:\/\/api.w.org\/{rel}","templated":true}]}}