{"id":16322,"date":"2025-07-21T10:26:42","date_gmt":"2025-07-21T10:26:42","guid":{"rendered":"https:\/\/www.gtline.com\/es\/prodotto\/gt-line-trolley-profesional-new-mega-wheels-pel\/"},"modified":"2026-04-17T03:10:55","modified_gmt":"2026-04-17T03:10:55","slug":"gt-line-trolley-profesional-new-mega-wheels-pel","status":"publish","type":"product","link":"https:\/\/www.gtline.com\/es\/products\/gt-line-trolley-profesional-new-mega-wheels-pel\/","title":{"rendered":"GT Line Trolley Profesional New Mega Wheels PEL"},"content":{"rendered":"<p>1. Mayor robustez y estabilidad durante el transporte:<br \/> <br \/>\nGracias a las carcasas de polietileno rotomoldeadas con patas integradas, esta caja ofrece una excelente protecci\u00f3n contra impactos y abrasiones. <br \/> <br \/>\n2. Seguridad y comodidad durante los controles aeroportuarios:<br \/> <br \/>\nLas cerraduras con llave aprobadas por la TSA permiten inspecciones autorizadas sin riesgo de da\u00f1os. <br \/> <br \/>\n3. Durabilidad mejorada y rendimiento duradero:<br \/> <br \/>\nLos puntales de soporte met\u00e1licos de la tapa garantizan que la cubierta permanezca abierta de forma segura durante el uso. <br \/> <br \/>\n4. Transporte suave y sin esfuerzo, incluso en largas distancias:<br \/> <br \/>\nEl mango telesc\u00f3pico est\u00e1 dise\u00f1ado ergon\u00f3micamente para un agarre c\u00f3modo, mientras que las ruedas con rodamientos de bolas garantizan una f\u00e1cil movilidad. <br \/> <br \/>\n5. Espacio interno personalizable para una organizaci\u00f3n \u00f3ptima de las herramientas:<br \/> <br \/>\nEl compartimento inferior cuenta con divisores ajustables para adaptar el espacio a las necesidades espec\u00edficas de la herramienta. <br \/> <br \/>\n6. Transporte c\u00f3modo que reduce la fatiga:<br \/> <br \/>\nEl mango ergon\u00f3mico recubierto de goma garantiza un agarre seguro y c\u00f3modo para un transporte prolongado. <br \/> <br \/>\n7. M\u00e1xima resistencia y seguridad:<br \/> <br \/>\nLa robusta bisagra de acero remachada multipunto mantiene la caja cerrada y protegida de forma segura. <br \/> <br \/>\n8. Soluci\u00f3n que ahorra espacio para el transporte y el almacenamiento:<br \/> <br \/>\nEl dise\u00f1o apilable del carro hace que la gesti\u00f3n del espacio sea m\u00e1s f\u00e1cil y eficiente. <br \/> <br \/>\n9. Acceso r\u00e1pido a documentos importantes:<br \/> <br \/>\nEl bolsillo para documentos integrado es ideal para mantener los tickets, los contratos y la documentaci\u00f3n al alcance de la mano. <br \/> <br \/>\n10. Organizaci\u00f3n eficiente de peque\u00f1as herramientas y accesorios:<br \/> <br \/>\nDos cajones de piezas peque\u00f1as permiten un almacenamiento ordenado y accesible incluso de los art\u00edculos m\u00e1s peque\u00f1os. <br \/> <br \/>\n11. Organizaci\u00f3n de herramientas con paneles de doble y un solo lado:<br \/> <br \/>\nIncluye un panel de herramientas con bandas el\u00e1sticas en ambos lados y un panel con bandas el\u00e1sticas en un solo lado. <\/p>\n","protected":false},"excerpt":{"rendered":"<p>El nuevo carro profesional Mega Wheels es la soluci\u00f3n perfecta para profesionales que necesitan transportar sus herramientas de forma segura y organizada.<\/p>\n<p>Gracias a su robusta construcci\u00f3n de doble pared y a sus tecnolog\u00edas avanzadas, este malet\u00edn de herramientas est\u00e1 dise\u00f1ado para soportar condiciones extremas y garantizar un acceso f\u00e1cil y seguro.<\/p>\n","protected":false},"featured_media":9010,"comment_status":"open","ping_status":"closed","template":"","meta":{"_acf_changed":false},"product_brand":[],"product_cat":[248],"product_tag":[],"class_list":{"0":"post-16322","1":"product","2":"type-product","3":"status-publish","4":"has-post-thumbnail","6":"product_cat-new-mega","7":"pa_aplicaciones-maletas-y-bolsas-para-electricistas","8":"pa_aplicaciones-maletas-y-bolsas-para-fontaneros","9":"pa_aplicaciones-maletas-y-bolsas-para-mantenedores","10":"pa_aplicaciones-maletas-y-bolsas-para-tecnicos-de-campo","11":"pa_aplicaciones-todas","12":"pa_tipo-de-producto-maletas-para-herramientas","14":"first","15":"instock","16":"shipping-taxable","17":"purchasable","18":"product-type-simple"},"acf":[],"yoast_head":"<!-- This site is optimized with the Yoast SEO plugin v25.4 - https:\/\/yoast.com\/wordpress\/plugins\/seo\/ -->\n<title>Trolley para Herramientas Profesional New Mega Wheels PEL<\/title>\n<meta name=\"description\" content=\"Trolley New Mega Wheels PEL con ruedas muy s\u00f3lidas, gran capacidad y protecci\u00f3n avanzada para herramientas en uso profesional diario.\" \/>\n<meta name=\"robots\" content=\"index, follow, max-snippet:-1, max-image-preview:large, max-video-preview:-1\" \/>\n<link rel=\"canonical\" href=\"https:\/\/www.gtline.com\/es\/products\/gt-line-trolley-profesional-new-mega-wheels-pel\/\" \/>\n<meta property=\"og:locale\" content=\"es_ES\" \/>\n<meta property=\"og:type\" content=\"article\" \/>\n<meta property=\"og:title\" content=\"Trolley para Herramientas Profesional New Mega Wheels PEL\" \/>\n<meta property=\"og:description\" content=\"Trolley New Mega Wheels PEL con ruedas muy s\u00f3lidas, gran capacidad y protecci\u00f3n avanzada para herramientas en uso profesional diario.\" \/>\n<meta property=\"og:url\" content=\"https:\/\/www.gtline.com\/es\/products\/gt-line-trolley-profesional-new-mega-wheels-pel\/\" \/>\n<meta property=\"og:site_name\" content=\"Gt Line ES\" \/>\n<meta property=\"article:publisher\" content=\"https:\/\/www.facebook.com\/gtlinesrl?locale=it_IT\" \/>\n<meta property=\"article:modified_time\" content=\"2026-04-17T03:10:55+00:00\" \/>\n<meta property=\"og:image\" content=\"https:\/\/www.gtline.com\/es\/wp-content\/uploads\/sites\/4\/2025\/05\/NM-WHEELS_PEL_01_9079.jpg\" \/>\n\t<meta property=\"og:image:width\" content=\"500\" \/>\n\t<meta property=\"og:image:height\" content=\"500\" \/>\n\t<meta property=\"og:image:type\" content=\"image\/jpeg\" \/>\n<meta name=\"twitter:card\" content=\"summary_large_image\" \/>\n<meta name=\"twitter:label1\" content=\"Tiempo de lectura\" \/>\n\t<meta name=\"twitter:data1\" content=\"2 minutos\" \/>\n<script type=\"application\/ld+json\" class=\"yoast-schema-graph\">{\"@context\":\"https:\/\/schema.org\",\"@graph\":[{\"@type\":\"WebPage\",\"@id\":\"https:\/\/www.gtline.com\/es\/products\/gt-line-trolley-profesional-new-mega-wheels-pel\/\",\"url\":\"https:\/\/www.gtline.com\/es\/products\/gt-line-trolley-profesional-new-mega-wheels-pel\/\",\"name\":\"Trolley para Herramientas Profesional New Mega Wheels PEL\",\"isPartOf\":{\"@id\":\"https:\/\/www.gtline.com\/es\/#website\"},\"primaryImageOfPage\":{\"@id\":\"https:\/\/www.gtline.com\/es\/products\/gt-line-trolley-profesional-new-mega-wheels-pel\/#primaryimage\"},\"image\":{\"@id\":\"https:\/\/www.gtline.com\/es\/products\/gt-line-trolley-profesional-new-mega-wheels-pel\/#primaryimage\"},\"thumbnailUrl\":\"https:\/\/www.gtline.com\/es\/wp-content\/uploads\/sites\/4\/2025\/05\/NM-WHEELS_PEL_01_9079.jpg\",\"datePublished\":\"2025-07-21T10:26:42+00:00\",\"dateModified\":\"2026-04-17T03:10:55+00:00\",\"description\":\"Trolley New Mega Wheels PEL con ruedas muy s\u00f3lidas, gran capacidad y protecci\u00f3n avanzada para herramientas en uso profesional diario.\",\"breadcrumb\":{\"@id\":\"https:\/\/www.gtline.com\/es\/products\/gt-line-trolley-profesional-new-mega-wheels-pel\/#breadcrumb\"},\"inLanguage\":\"es\",\"potentialAction\":[{\"@type\":\"ReadAction\",\"target\":[\"https:\/\/www.gtline.com\/es\/products\/gt-line-trolley-profesional-new-mega-wheels-pel\/\"]}]},{\"@type\":\"ImageObject\",\"inLanguage\":\"es\",\"@id\":\"https:\/\/www.gtline.com\/es\/products\/gt-line-trolley-profesional-new-mega-wheels-pel\/#primaryimage\",\"url\":\"https:\/\/www.gtline.com\/es\/wp-content\/uploads\/sites\/4\/2025\/05\/NM-WHEELS_PEL_01_9079.jpg\",\"contentUrl\":\"https:\/\/www.gtline.com\/es\/wp-content\/uploads\/sites\/4\/2025\/05\/NM-WHEELS_PEL_01_9079.jpg\",\"width\":500,\"height\":500},{\"@type\":\"BreadcrumbList\",\"@id\":\"https:\/\/www.gtline.com\/es\/products\/gt-line-trolley-profesional-new-mega-wheels-pel\/#breadcrumb\",\"itemListElement\":[{\"@type\":\"ListItem\",\"position\":1,\"name\":\"Home\",\"item\":\"https:\/\/www.gtline.com\/es\/\"},{\"@type\":\"ListItem\",\"position\":2,\"name\":\"Shop\",\"item\":\"https:\/\/www.gtline.com\/es\/negozio\/\"},{\"@type\":\"ListItem\",\"position\":3,\"name\":\"GT Line Trolley Profesional New Mega Wheels PEL\"}]},{\"@type\":\"WebSite\",\"@id\":\"https:\/\/www.gtline.com\/es\/#website\",\"url\":\"https:\/\/www.gtline.com\/es\/\",\"name\":\"Gt Line\",\"description\":\"\",\"publisher\":{\"@id\":\"https:\/\/www.gtline.com\/es\/#organization\"},\"potentialAction\":[{\"@type\":\"SearchAction\",\"target\":{\"@type\":\"EntryPoint\",\"urlTemplate\":\"https:\/\/www.gtline.com\/es\/?s={search_term_string}\"},\"query-input\":{\"@type\":\"PropertyValueSpecification\",\"valueRequired\":true,\"valueName\":\"search_term_string\"}}],\"inLanguage\":\"es\"},{\"@type\":\"Organization\",\"@id\":\"https:\/\/www.gtline.com\/es\/#organization\",\"name\":\"Gt Line\",\"url\":\"https:\/\/www.gtline.com\/es\/\",\"logo\":{\"@type\":\"ImageObject\",\"inLanguage\":\"es\",\"@id\":\"https:\/\/www.gtline.com\/es\/#\/schema\/logo\/image\/\",\"url\":\"https:\/\/www.gtline.com\/es\/wp-content\/uploads\/sites\/4\/2025\/02\/logo.png\",\"contentUrl\":\"https:\/\/www.gtline.com\/es\/wp-content\/uploads\/sites\/4\/2025\/02\/logo.png\",\"width\":228,\"height\":146,\"caption\":\"Gt Line\"},\"image\":{\"@id\":\"https:\/\/www.gtline.com\/es\/#\/schema\/logo\/image\/\"},\"sameAs\":[\"https:\/\/www.facebook.com\/gtlinesrl?locale=it_IT\",\"https:\/\/www.instagram.com\/gt_line_srl\/\",\"https:\/\/www.youtube.com\/channel\/UCDvpkFqswNJOVFz64PkYRQQ\",\"https:\/\/www.linkedin.com\/company\/gt-line-srl\/\"]}]}<\/script>\n<!-- \/ Yoast SEO plugin. -->","yoast_head_json":{"title":"Trolley para Herramientas Profesional New Mega Wheels PEL","description":"Trolley New Mega Wheels PEL con ruedas muy s\u00f3lidas, gran capacidad y protecci\u00f3n avanzada para herramientas en uso profesional diario.","robots":{"index":"index","follow":"follow","max-snippet":"max-snippet:-1","max-image-preview":"max-image-preview:large","max-video-preview":"max-video-preview:-1"},"canonical":"https:\/\/www.gtline.com\/es\/products\/gt-line-trolley-profesional-new-mega-wheels-pel\/","og_locale":"es_ES","og_type":"article","og_title":"Trolley para Herramientas Profesional New Mega Wheels PEL","og_description":"Trolley New Mega Wheels PEL con ruedas muy s\u00f3lidas, gran capacidad y protecci\u00f3n avanzada para herramientas en uso profesional diario.","og_url":"https:\/\/www.gtline.com\/es\/products\/gt-line-trolley-profesional-new-mega-wheels-pel\/","og_site_name":"Gt Line ES","article_publisher":"https:\/\/www.facebook.com\/gtlinesrl?locale=it_IT","article_modified_time":"2026-04-17T03:10:55+00:00","og_image":[{"width":500,"height":500,"url":"https:\/\/www.gtline.com\/es\/wp-content\/uploads\/sites\/4\/2025\/05\/NM-WHEELS_PEL_01_9079.jpg","type":"image\/jpeg"}],"twitter_card":"summary_large_image","twitter_misc":{"Tiempo de lectura":"2 minutos"},"schema":{"@context":"https:\/\/schema.org","@graph":[{"@type":"WebPage","@id":"https:\/\/www.gtline.com\/es\/products\/gt-line-trolley-profesional-new-mega-wheels-pel\/","url":"https:\/\/www.gtline.com\/es\/products\/gt-line-trolley-profesional-new-mega-wheels-pel\/","name":"Trolley para Herramientas Profesional New Mega Wheels PEL","isPartOf":{"@id":"https:\/\/www.gtline.com\/es\/#website"},"primaryImageOfPage":{"@id":"https:\/\/www.gtline.com\/es\/products\/gt-line-trolley-profesional-new-mega-wheels-pel\/#primaryimage"},"image":{"@id":"https:\/\/www.gtline.com\/es\/products\/gt-line-trolley-profesional-new-mega-wheels-pel\/#primaryimage"},"thumbnailUrl":"https:\/\/www.gtline.com\/es\/wp-content\/uploads\/sites\/4\/2025\/05\/NM-WHEELS_PEL_01_9079.jpg","datePublished":"2025-07-21T10:26:42+00:00","dateModified":"2026-04-17T03:10:55+00:00","description":"Trolley New Mega Wheels PEL con ruedas muy s\u00f3lidas, gran capacidad y protecci\u00f3n avanzada para herramientas en uso profesional diario.","breadcrumb":{"@id":"https:\/\/www.gtline.com\/es\/products\/gt-line-trolley-profesional-new-mega-wheels-pel\/#breadcrumb"},"inLanguage":"es","potentialAction":[{"@type":"ReadAction","target":["https:\/\/www.gtline.com\/es\/products\/gt-line-trolley-profesional-new-mega-wheels-pel\/"]}]},{"@type":"ImageObject","inLanguage":"es","@id":"https:\/\/www.gtline.com\/es\/products\/gt-line-trolley-profesional-new-mega-wheels-pel\/#primaryimage","url":"https:\/\/www.gtline.com\/es\/wp-content\/uploads\/sites\/4\/2025\/05\/NM-WHEELS_PEL_01_9079.jpg","contentUrl":"https:\/\/www.gtline.com\/es\/wp-content\/uploads\/sites\/4\/2025\/05\/NM-WHEELS_PEL_01_9079.jpg","width":500,"height":500},{"@type":"BreadcrumbList","@id":"https:\/\/www.gtline.com\/es\/products\/gt-line-trolley-profesional-new-mega-wheels-pel\/#breadcrumb","itemListElement":[{"@type":"ListItem","position":1,"name":"Home","item":"https:\/\/www.gtline.com\/es\/"},{"@type":"ListItem","position":2,"name":"Shop","item":"https:\/\/www.gtline.com\/es\/negozio\/"},{"@type":"ListItem","position":3,"name":"GT Line Trolley Profesional New Mega Wheels PEL"}]},{"@type":"WebSite","@id":"https:\/\/www.gtline.com\/es\/#website","url":"https:\/\/www.gtline.com\/es\/","name":"Gt Line","description":"","publisher":{"@id":"https:\/\/www.gtline.com\/es\/#organization"},"potentialAction":[{"@type":"SearchAction","target":{"@type":"EntryPoint","urlTemplate":"https:\/\/www.gtline.com\/es\/?s={search_term_string}"},"query-input":{"@type":"PropertyValueSpecification","valueRequired":true,"valueName":"search_term_string"}}],"inLanguage":"es"},{"@type":"Organization","@id":"https:\/\/www.gtline.com\/es\/#organization","name":"Gt Line","url":"https:\/\/www.gtline.com\/es\/","logo":{"@type":"ImageObject","inLanguage":"es","@id":"https:\/\/www.gtline.com\/es\/#\/schema\/logo\/image\/","url":"https:\/\/www.gtline.com\/es\/wp-content\/uploads\/sites\/4\/2025\/02\/logo.png","contentUrl":"https:\/\/www.gtline.com\/es\/wp-content\/uploads\/sites\/4\/2025\/02\/logo.png","width":228,"height":146,"caption":"Gt Line"},"image":{"@id":"https:\/\/www.gtline.com\/es\/#\/schema\/logo\/image\/"},"sameAs":["https:\/\/www.facebook.com\/gtlinesrl?locale=it_IT","https:\/\/www.instagram.com\/gt_line_srl\/","https:\/\/www.youtube.com\/channel\/UCDvpkFqswNJOVFz64PkYRQQ","https:\/\/www.linkedin.com\/company\/gt-line-srl\/"]}]}},"_links":{"self":[{"href":"https:\/\/www.gtline.com\/es\/wp-json\/wp\/v2\/product\/16322","targetHints":{"allow":["GET"]}}],"collection":[{"href":"https:\/\/www.gtline.com\/es\/wp-json\/wp\/v2\/product"}],"about":[{"href":"https:\/\/www.gtline.com\/es\/wp-json\/wp\/v2\/types\/product"}],"replies":[{"embeddable":true,"href":"https:\/\/www.gtline.com\/es\/wp-json\/wp\/v2\/comments?post=16322"}],"version-history":[{"count":4,"href":"https:\/\/www.gtline.com\/es\/wp-json\/wp\/v2\/product\/16322\/revisions"}],"predecessor-version":[{"id":23103,"href":"https:\/\/www.gtline.com\/es\/wp-json\/wp\/v2\/product\/16322\/revisions\/23103"}],"wp:featuredmedia":[{"embeddable":true,"href":"https:\/\/www.gtline.com\/es\/wp-json\/wp\/v2\/media\/9010"}],"wp:attachment":[{"href":"https:\/\/www.gtline.com\/es\/wp-json\/wp\/v2\/media?parent=16322"}],"wp:term":[{"taxonomy":"product_brand","embeddable":true,"href":"https:\/\/www.gtline.com\/es\/wp-json\/wp\/v2\/product_brand?post=16322"},{"taxonomy":"product_cat","embeddable":true,"href":"https:\/\/www.gtline.com\/es\/wp-json\/wp\/v2\/product_cat?post=16322"},{"taxonomy":"product_tag","embeddable":true,"href":"https:\/\/www.gtline.com\/es\/wp-json\/wp\/v2\/product_tag?post=16322"}],"curies":[{"name":"wp","href":"https:\/\/api.w.org\/{rel}","templated":true}]}}