{"id":16324,"date":"2025-07-21T10:26:48","date_gmt":"2025-07-21T10:26:48","guid":{"rendered":"https:\/\/www.gtline.com\/es\/prodotto\/gt-line-trolley-profesional-new-mega-wheels-pts\/"},"modified":"2026-04-17T03:11:01","modified_gmt":"2026-04-17T03:11:01","slug":"gt-line-trolley-profesional-new-mega-wheels-pts","status":"publish","type":"product","link":"https:\/\/www.gtline.com\/es\/products\/gt-line-trolley-profesional-new-mega-wheels-pts\/","title":{"rendered":"GT Line Trolley Profesional New Mega Wheels PTS"},"content":{"rendered":"<p>1. Mayor robustez y estabilidad durante el transporte:<br \/> <br \/>\nLas carcasas de polietileno rotomoldeadas con patas integradas proporcionan una excelente protecci\u00f3n contra impactos y abrasiones.  <\/p>\n<p>2. Seguridad y facilidad durante los controles de seguridad del aeropuerto:<br \/> <br \/>\nLas cerraduras con llave aprobadas por la TSA permiten que el personal autorizado inspeccione el equipaje f\u00e1cilmente, evitando roturas o aperturas forzadas.  <\/p>\n<p>3. Mayor durabilidad en el tiempo:<br \/> <br \/>\nLos puntales de soporte de la tapa de metal mantienen la tapa abierta de forma segura durante el uso.  <\/p>\n<p>4. Transporte suave y sin esfuerzo, incluso en largas distancias:<br \/> <br \/>\nEl mango telesc\u00f3pico est\u00e1 dise\u00f1ado para un agarre c\u00f3modo, y las ruedas con rodamientos de bolas garantizan una f\u00e1cil movilidad.  <\/p>\n<p>5. Dise\u00f1o interno personalizable para una mejor organizaci\u00f3n de las herramientas:<br \/> <br \/>\nEl compartimento inferior incluye divisores ajustables para adaptar el espacio a necesidades espec\u00edficas. Los paneles de herramientas con FLEXI POUCHES permiten una\u2122 organizaci\u00f3n flexible y eficiente.  <\/p>\n<p>6. Transporte c\u00f3modo que reduce la fatiga:<br \/> <br \/>\nDise\u00f1ado pensando en un agarre seguro, el mango ergon\u00f3mico recubierto de goma garantiza la comodidad incluso para un uso prolongado.  <\/p>\n<p>7. M\u00e1xima durabilidad y seguridad:<br \/> <br \/>\nLa robusta cremallera de acero remachada multipunto garantiza que el estuche permanezca cerrado de forma segura.  <\/p>\n<p>8. Ahorro de espacio durante el transporte y el almacenamiento:<br \/> <br \/>\nEl carro es apilable, optimizando la gesti\u00f3n del espacio.  <\/p>\n<p>9. Acceso r\u00e1pido a documentos importantes:<br \/> <br \/>\nEl bolsillo del portadocumentos mantiene los billetes, los contratos y la documentaci\u00f3n al alcance de la mano.  <\/p>\n<p>10. Organizaci\u00f3n eficiente de peque\u00f1as herramientas y accesorios:<br \/> <br \/>\nLos cajones de dos partes permiten organizar de forma ordenada incluso los accesorios m\u00e1s peque\u00f1os.  <\/p>\n<p>11. Incluye 1 panel de herramientas de doble cara con FLEXI POUCHES\u2122 y 1 panel de herramientas de una sola cara con FLEXI POUCHES.\u2122<\/p>\n","protected":false},"excerpt":{"rendered":"<p>El nuevo carro profesional Mega Wheels es la soluci\u00f3n perfecta para profesionales que necesitan transportar sus herramientas de forma segura y organizada.<\/p>\n<p>Gracias a su robusta construcci\u00f3n de doble pared y a sus tecnolog\u00edas avanzadas, este malet\u00edn de herramientas est\u00e1 dise\u00f1ado para soportar condiciones extremas y garantizar un acceso f\u00e1cil y seguro.<\/p>\n","protected":false},"featured_media":9024,"comment_status":"open","ping_status":"closed","template":"","meta":{"_acf_changed":false},"product_brand":[],"product_cat":[248],"product_tag":[],"class_list":{"0":"post-16324","1":"product","2":"type-product","3":"status-publish","4":"has-post-thumbnail","6":"product_cat-new-mega","7":"pa_aplicaciones-maletas-y-bolsas-para-electricistas","8":"pa_aplicaciones-maletas-y-bolsas-para-fontaneros","9":"pa_aplicaciones-maletas-y-bolsas-para-mantenedores","10":"pa_aplicaciones-maletas-y-bolsas-para-tecnicos-de-campo","11":"pa_aplicaciones-todas","12":"pa_tipo-de-producto-maletas-para-herramientas","14":"first","15":"instock","16":"shipping-taxable","17":"purchasable","18":"product-type-simple"},"acf":[],"yoast_head":"<!-- This site is optimized with the Yoast SEO plugin v25.4 - https:\/\/yoast.com\/wordpress\/plugins\/seo\/ -->\n<title>Trolley para Herramientas Profesional New Mega Wheels PTS<\/title>\n<meta name=\"description\" content=\"Trolley New Mega Wheels PTS con bolsillos funcionales, resistencia superior y organizaci\u00f3n t\u00e9cnica ideal para desplazamientos frecuentes.\" \/>\n<meta name=\"robots\" content=\"index, follow, max-snippet:-1, max-image-preview:large, max-video-preview:-1\" \/>\n<link rel=\"canonical\" href=\"https:\/\/www.gtline.com\/es\/products\/gt-line-trolley-profesional-new-mega-wheels-pts\/\" \/>\n<meta property=\"og:locale\" content=\"es_ES\" \/>\n<meta property=\"og:type\" content=\"article\" \/>\n<meta property=\"og:title\" content=\"Trolley para Herramientas Profesional New Mega Wheels PTS\" \/>\n<meta property=\"og:description\" content=\"Trolley New Mega Wheels PTS con bolsillos funcionales, resistencia superior y organizaci\u00f3n t\u00e9cnica ideal para desplazamientos frecuentes.\" \/>\n<meta property=\"og:url\" content=\"https:\/\/www.gtline.com\/es\/products\/gt-line-trolley-profesional-new-mega-wheels-pts\/\" \/>\n<meta property=\"og:site_name\" content=\"Gt Line ES\" \/>\n<meta property=\"article:publisher\" content=\"https:\/\/www.facebook.com\/gtlinesrl?locale=it_IT\" \/>\n<meta property=\"article:modified_time\" content=\"2026-04-17T03:11:01+00:00\" \/>\n<meta property=\"og:image\" content=\"https:\/\/www.gtline.com\/es\/wp-content\/uploads\/sites\/4\/2025\/05\/NM-WHEELS_PTS_01_9080.jpg\" \/>\n\t<meta property=\"og:image:width\" content=\"500\" \/>\n\t<meta property=\"og:image:height\" content=\"500\" \/>\n\t<meta property=\"og:image:type\" content=\"image\/jpeg\" \/>\n<meta name=\"twitter:card\" content=\"summary_large_image\" \/>\n<meta name=\"twitter:label1\" content=\"Tiempo de lectura\" \/>\n\t<meta name=\"twitter:data1\" content=\"2 minutos\" \/>\n<script type=\"application\/ld+json\" class=\"yoast-schema-graph\">{\"@context\":\"https:\/\/schema.org\",\"@graph\":[{\"@type\":\"WebPage\",\"@id\":\"https:\/\/www.gtline.com\/es\/products\/gt-line-trolley-profesional-new-mega-wheels-pts\/\",\"url\":\"https:\/\/www.gtline.com\/es\/products\/gt-line-trolley-profesional-new-mega-wheels-pts\/\",\"name\":\"Trolley para Herramientas Profesional New Mega Wheels PTS\",\"isPartOf\":{\"@id\":\"https:\/\/www.gtline.com\/es\/#website\"},\"primaryImageOfPage\":{\"@id\":\"https:\/\/www.gtline.com\/es\/products\/gt-line-trolley-profesional-new-mega-wheels-pts\/#primaryimage\"},\"image\":{\"@id\":\"https:\/\/www.gtline.com\/es\/products\/gt-line-trolley-profesional-new-mega-wheels-pts\/#primaryimage\"},\"thumbnailUrl\":\"https:\/\/www.gtline.com\/es\/wp-content\/uploads\/sites\/4\/2025\/05\/NM-WHEELS_PTS_01_9080.jpg\",\"datePublished\":\"2025-07-21T10:26:48+00:00\",\"dateModified\":\"2026-04-17T03:11:01+00:00\",\"description\":\"Trolley New Mega Wheels PTS con bolsillos funcionales, resistencia superior y organizaci\u00f3n t\u00e9cnica ideal para desplazamientos frecuentes.\",\"breadcrumb\":{\"@id\":\"https:\/\/www.gtline.com\/es\/products\/gt-line-trolley-profesional-new-mega-wheels-pts\/#breadcrumb\"},\"inLanguage\":\"es\",\"potentialAction\":[{\"@type\":\"ReadAction\",\"target\":[\"https:\/\/www.gtline.com\/es\/products\/gt-line-trolley-profesional-new-mega-wheels-pts\/\"]}]},{\"@type\":\"ImageObject\",\"inLanguage\":\"es\",\"@id\":\"https:\/\/www.gtline.com\/es\/products\/gt-line-trolley-profesional-new-mega-wheels-pts\/#primaryimage\",\"url\":\"https:\/\/www.gtline.com\/es\/wp-content\/uploads\/sites\/4\/2025\/05\/NM-WHEELS_PTS_01_9080.jpg\",\"contentUrl\":\"https:\/\/www.gtline.com\/es\/wp-content\/uploads\/sites\/4\/2025\/05\/NM-WHEELS_PTS_01_9080.jpg\",\"width\":500,\"height\":500},{\"@type\":\"BreadcrumbList\",\"@id\":\"https:\/\/www.gtline.com\/es\/products\/gt-line-trolley-profesional-new-mega-wheels-pts\/#breadcrumb\",\"itemListElement\":[{\"@type\":\"ListItem\",\"position\":1,\"name\":\"Home\",\"item\":\"https:\/\/www.gtline.com\/es\/\"},{\"@type\":\"ListItem\",\"position\":2,\"name\":\"Shop\",\"item\":\"https:\/\/www.gtline.com\/es\/negozio\/\"},{\"@type\":\"ListItem\",\"position\":3,\"name\":\"GT Line Trolley Profesional New Mega Wheels PTS\"}]},{\"@type\":\"WebSite\",\"@id\":\"https:\/\/www.gtline.com\/es\/#website\",\"url\":\"https:\/\/www.gtline.com\/es\/\",\"name\":\"Gt Line\",\"description\":\"\",\"publisher\":{\"@id\":\"https:\/\/www.gtline.com\/es\/#organization\"},\"potentialAction\":[{\"@type\":\"SearchAction\",\"target\":{\"@type\":\"EntryPoint\",\"urlTemplate\":\"https:\/\/www.gtline.com\/es\/?s={search_term_string}\"},\"query-input\":{\"@type\":\"PropertyValueSpecification\",\"valueRequired\":true,\"valueName\":\"search_term_string\"}}],\"inLanguage\":\"es\"},{\"@type\":\"Organization\",\"@id\":\"https:\/\/www.gtline.com\/es\/#organization\",\"name\":\"Gt Line\",\"url\":\"https:\/\/www.gtline.com\/es\/\",\"logo\":{\"@type\":\"ImageObject\",\"inLanguage\":\"es\",\"@id\":\"https:\/\/www.gtline.com\/es\/#\/schema\/logo\/image\/\",\"url\":\"https:\/\/www.gtline.com\/es\/wp-content\/uploads\/sites\/4\/2025\/02\/logo.png\",\"contentUrl\":\"https:\/\/www.gtline.com\/es\/wp-content\/uploads\/sites\/4\/2025\/02\/logo.png\",\"width\":228,\"height\":146,\"caption\":\"Gt Line\"},\"image\":{\"@id\":\"https:\/\/www.gtline.com\/es\/#\/schema\/logo\/image\/\"},\"sameAs\":[\"https:\/\/www.facebook.com\/gtlinesrl?locale=it_IT\",\"https:\/\/www.instagram.com\/gt_line_srl\/\",\"https:\/\/www.youtube.com\/channel\/UCDvpkFqswNJOVFz64PkYRQQ\",\"https:\/\/www.linkedin.com\/company\/gt-line-srl\/\"]}]}<\/script>\n<!-- \/ Yoast SEO plugin. -->","yoast_head_json":{"title":"Trolley para Herramientas Profesional New Mega Wheels PTS","description":"Trolley New Mega Wheels PTS con bolsillos funcionales, resistencia superior y organizaci\u00f3n t\u00e9cnica ideal para desplazamientos frecuentes.","robots":{"index":"index","follow":"follow","max-snippet":"max-snippet:-1","max-image-preview":"max-image-preview:large","max-video-preview":"max-video-preview:-1"},"canonical":"https:\/\/www.gtline.com\/es\/products\/gt-line-trolley-profesional-new-mega-wheels-pts\/","og_locale":"es_ES","og_type":"article","og_title":"Trolley para Herramientas Profesional New Mega Wheels PTS","og_description":"Trolley New Mega Wheels PTS con bolsillos funcionales, resistencia superior y organizaci\u00f3n t\u00e9cnica ideal para desplazamientos frecuentes.","og_url":"https:\/\/www.gtline.com\/es\/products\/gt-line-trolley-profesional-new-mega-wheels-pts\/","og_site_name":"Gt Line ES","article_publisher":"https:\/\/www.facebook.com\/gtlinesrl?locale=it_IT","article_modified_time":"2026-04-17T03:11:01+00:00","og_image":[{"width":500,"height":500,"url":"https:\/\/www.gtline.com\/es\/wp-content\/uploads\/sites\/4\/2025\/05\/NM-WHEELS_PTS_01_9080.jpg","type":"image\/jpeg"}],"twitter_card":"summary_large_image","twitter_misc":{"Tiempo de lectura":"2 minutos"},"schema":{"@context":"https:\/\/schema.org","@graph":[{"@type":"WebPage","@id":"https:\/\/www.gtline.com\/es\/products\/gt-line-trolley-profesional-new-mega-wheels-pts\/","url":"https:\/\/www.gtline.com\/es\/products\/gt-line-trolley-profesional-new-mega-wheels-pts\/","name":"Trolley para Herramientas Profesional New Mega Wheels PTS","isPartOf":{"@id":"https:\/\/www.gtline.com\/es\/#website"},"primaryImageOfPage":{"@id":"https:\/\/www.gtline.com\/es\/products\/gt-line-trolley-profesional-new-mega-wheels-pts\/#primaryimage"},"image":{"@id":"https:\/\/www.gtline.com\/es\/products\/gt-line-trolley-profesional-new-mega-wheels-pts\/#primaryimage"},"thumbnailUrl":"https:\/\/www.gtline.com\/es\/wp-content\/uploads\/sites\/4\/2025\/05\/NM-WHEELS_PTS_01_9080.jpg","datePublished":"2025-07-21T10:26:48+00:00","dateModified":"2026-04-17T03:11:01+00:00","description":"Trolley New Mega Wheels PTS con bolsillos funcionales, resistencia superior y organizaci\u00f3n t\u00e9cnica ideal para desplazamientos frecuentes.","breadcrumb":{"@id":"https:\/\/www.gtline.com\/es\/products\/gt-line-trolley-profesional-new-mega-wheels-pts\/#breadcrumb"},"inLanguage":"es","potentialAction":[{"@type":"ReadAction","target":["https:\/\/www.gtline.com\/es\/products\/gt-line-trolley-profesional-new-mega-wheels-pts\/"]}]},{"@type":"ImageObject","inLanguage":"es","@id":"https:\/\/www.gtline.com\/es\/products\/gt-line-trolley-profesional-new-mega-wheels-pts\/#primaryimage","url":"https:\/\/www.gtline.com\/es\/wp-content\/uploads\/sites\/4\/2025\/05\/NM-WHEELS_PTS_01_9080.jpg","contentUrl":"https:\/\/www.gtline.com\/es\/wp-content\/uploads\/sites\/4\/2025\/05\/NM-WHEELS_PTS_01_9080.jpg","width":500,"height":500},{"@type":"BreadcrumbList","@id":"https:\/\/www.gtline.com\/es\/products\/gt-line-trolley-profesional-new-mega-wheels-pts\/#breadcrumb","itemListElement":[{"@type":"ListItem","position":1,"name":"Home","item":"https:\/\/www.gtline.com\/es\/"},{"@type":"ListItem","position":2,"name":"Shop","item":"https:\/\/www.gtline.com\/es\/negozio\/"},{"@type":"ListItem","position":3,"name":"GT Line Trolley Profesional New Mega Wheels PTS"}]},{"@type":"WebSite","@id":"https:\/\/www.gtline.com\/es\/#website","url":"https:\/\/www.gtline.com\/es\/","name":"Gt Line","description":"","publisher":{"@id":"https:\/\/www.gtline.com\/es\/#organization"},"potentialAction":[{"@type":"SearchAction","target":{"@type":"EntryPoint","urlTemplate":"https:\/\/www.gtline.com\/es\/?s={search_term_string}"},"query-input":{"@type":"PropertyValueSpecification","valueRequired":true,"valueName":"search_term_string"}}],"inLanguage":"es"},{"@type":"Organization","@id":"https:\/\/www.gtline.com\/es\/#organization","name":"Gt Line","url":"https:\/\/www.gtline.com\/es\/","logo":{"@type":"ImageObject","inLanguage":"es","@id":"https:\/\/www.gtline.com\/es\/#\/schema\/logo\/image\/","url":"https:\/\/www.gtline.com\/es\/wp-content\/uploads\/sites\/4\/2025\/02\/logo.png","contentUrl":"https:\/\/www.gtline.com\/es\/wp-content\/uploads\/sites\/4\/2025\/02\/logo.png","width":228,"height":146,"caption":"Gt Line"},"image":{"@id":"https:\/\/www.gtline.com\/es\/#\/schema\/logo\/image\/"},"sameAs":["https:\/\/www.facebook.com\/gtlinesrl?locale=it_IT","https:\/\/www.instagram.com\/gt_line_srl\/","https:\/\/www.youtube.com\/channel\/UCDvpkFqswNJOVFz64PkYRQQ","https:\/\/www.linkedin.com\/company\/gt-line-srl\/"]}]}},"_links":{"self":[{"href":"https:\/\/www.gtline.com\/es\/wp-json\/wp\/v2\/product\/16324","targetHints":{"allow":["GET"]}}],"collection":[{"href":"https:\/\/www.gtline.com\/es\/wp-json\/wp\/v2\/product"}],"about":[{"href":"https:\/\/www.gtline.com\/es\/wp-json\/wp\/v2\/types\/product"}],"replies":[{"embeddable":true,"href":"https:\/\/www.gtline.com\/es\/wp-json\/wp\/v2\/comments?post=16324"}],"version-history":[{"count":4,"href":"https:\/\/www.gtline.com\/es\/wp-json\/wp\/v2\/product\/16324\/revisions"}],"predecessor-version":[{"id":23105,"href":"https:\/\/www.gtline.com\/es\/wp-json\/wp\/v2\/product\/16324\/revisions\/23105"}],"wp:featuredmedia":[{"embeddable":true,"href":"https:\/\/www.gtline.com\/es\/wp-json\/wp\/v2\/media\/9024"}],"wp:attachment":[{"href":"https:\/\/www.gtline.com\/es\/wp-json\/wp\/v2\/media?parent=16324"}],"wp:term":[{"taxonomy":"product_brand","embeddable":true,"href":"https:\/\/www.gtline.com\/es\/wp-json\/wp\/v2\/product_brand?post=16324"},{"taxonomy":"product_cat","embeddable":true,"href":"https:\/\/www.gtline.com\/es\/wp-json\/wp\/v2\/product_cat?post=16324"},{"taxonomy":"product_tag","embeddable":true,"href":"https:\/\/www.gtline.com\/es\/wp-json\/wp\/v2\/product_tag?post=16324"}],"curies":[{"name":"wp","href":"https:\/\/api.w.org\/{rel}","templated":true}]}}