{"id":16327,"date":"2025-07-21T10:26:55","date_gmt":"2025-07-21T10:26:55","guid":{"rendered":"https:\/\/www.gtline.com\/es\/prodotto\/gt-line-maleta-porta-herramientas-ai1mod16\/"},"modified":"2026-04-17T03:11:09","modified_gmt":"2026-04-17T03:11:09","slug":"gt-line-maleta-porta-herramientas-ai1mod16","status":"publish","type":"product","link":"https:\/\/www.gtline.com\/es\/products\/gt-line-maleta-porta-herramientas-ai1mod16\/","title":{"rendered":"GT Line Maleta Porta herramientas AI1MOD16"},"content":{"rendered":"<p>1. Expansi\u00f3n inteligente del sistema <br \/> TODO EN UNO<br \/>\nAI1MOD16 est\u00e1 dise\u00f1ado para aumentar la capacidad de carga del carro ALL IN ONE, transform\u00e1ndolo en un sistema de transporte profesional sobre ruedas modular y personalizable.  <\/p>\n<p>2. Utilizable como una unidad <br \/> independiente<br \/>\nEste m\u00f3dulo tambi\u00e9n funciona como un malet\u00edn profesional independiente, ideal para transportar herramientas adicionales, componentes o piezas de repuesto grandes.  <\/p>\n<p>3. Sistema patentado de bloqueo y desbloqueo para un apilamiento <br \/> r\u00e1pido<br \/>\nEl pr\u00e1ctico bot\u00f3n de liberaci\u00f3n permite un f\u00e1cil apilamiento y separaci\u00f3n de m\u00f3dulos, lo que simplifica las operaciones de campo y mejora la eficiencia de la organizaci\u00f3n de la herramienta.  <\/p>\n<p>4. Compatibilidad con versiones <br \/> anteriores de ALL IN ONE<br \/>\nCon la incorporaci\u00f3n de la nueva cubierta AI1LID, los m\u00f3dulos AI1MOD tambi\u00e9n se pueden integrar con carros de generaciones anteriores, ofreciendo la m\u00e1xima versatilidad.  <\/p>\n<p>5. Estructura <br \/> ligera pero duradera<br \/>\nFabricada en polipropileno resistente a los impactos mediante moldeo por inyecci\u00f3n, la carcasa ofrece resistencia y durabilidad sin comprometer la ligereza (s\u00f3lo 3,21 kg), ideal para el uso diario.  <\/p>\n<p>6. Tecnolog\u00eda INTELLIRESPOND para la gesti\u00f3n <br \/> digital<br \/>\nGracias a la aplicaci\u00f3n gratuita, puede administrar su inventario de herramientas directamente desde su tel\u00e9fono inteligente o tableta, mejorando el control y la eficiencia operativa. M\u00e1s informaci\u00f3n en www.intellirespond.com.  <\/p>\n<p>7. Dise\u00f1o compacto y f\u00e1cilmente integrable<br \/> <br \/>\nCon unas dimensiones exteriores de 585 x 369 x 198 mm, la caja encaja perfectamente con otros m\u00f3dulos y encuentra su lugar en cualquier contexto operativo, incluidos los veh\u00edculos equipados o los talleres m\u00f3viles.<\/p>\n","protected":false},"excerpt":{"rendered":"<p>La caja de herramientas AI1MOD16 es un m\u00f3dulo compacto y robusto dise\u00f1ado para ampliar la capacidad del sistema TODO EN UNO de GT Line. <br \/> <br \/>\nPerfecto como caja de herramientas independiente o contenedor profesional integrado, el AI1MOD16 proporciona la m\u00e1xima flexibilidad para los profesionales que necesitan espacio adicional para herramientas manuales, herramientas el\u00e9ctricas y piezas de repuesto voluminosas. <br \/> <br \/>\nFabricada en polipropileno duradero mediante moldeo por inyecci\u00f3n, esta caja de herramientas cuenta con el sistema patentado Lock-Unlock para un apilamiento y liberaci\u00f3n r\u00e1pidos y seguros. <br \/> <br \/>\nCuando se combina con la cubierta AI1LID, tambi\u00e9n se puede utilizar con versiones anteriores de TODO EN UNO, AI1MOD16 garantiza una compatibilidad total y un flujo de trabajo continuo. <br \/> <br \/>\nCon la tecnolog\u00eda INTELLIRESPOND integrada, puede rastrear y administrar digitalmente el contenido de su caja de herramientas directamente desde su tel\u00e9fono inteligente.<\/p>\n","protected":false},"featured_media":9139,"comment_status":"open","ping_status":"closed","template":"","meta":{"_acf_changed":false},"product_brand":[],"product_cat":[231],"product_tag":[],"class_list":{"0":"post-16327","1":"product","2":"type-product","3":"status-publish","4":"has-post-thumbnail","6":"product_cat-impilabili","7":"pa_aplicaciones-maletas-y-bolsas-para-el-sector-aeroespacial-mro","8":"pa_aplicaciones-maletas-y-bolsas-para-electricistas","9":"pa_aplicaciones-maletas-y-bolsas-para-fontaneros","10":"pa_aplicaciones-maletas-y-bolsas-para-mantenedores","11":"pa_aplicaciones-maletas-y-bolsas-para-tecnicos-de-campo","12":"pa_aplicaciones-todas","13":"pa_tipo-de-producto-maletas-para-herramientas","14":"pa_tipo-de-producto-all-in-one-modular-system","16":"first","17":"instock","18":"shipping-taxable","19":"purchasable","20":"product-type-simple"},"acf":[],"yoast_head":"<!-- This site is optimized with the Yoast SEO plugin v25.4 - https:\/\/yoast.com\/wordpress\/plugins\/seo\/ -->\n<title>Maleta para Herramientas AI1MOD16 | GT Line<\/title>\n<meta name=\"description\" content=\"Maleta para herramientas AI1MOD16 robusta y bien organizada, pensada para proteger herramientas y facilitar intervenciones profesionales.\" \/>\n<meta name=\"robots\" content=\"index, follow, max-snippet:-1, max-image-preview:large, max-video-preview:-1\" \/>\n<link rel=\"canonical\" href=\"https:\/\/www.gtline.com\/es\/products\/gt-line-maleta-porta-herramientas-ai1mod16\/\" \/>\n<meta property=\"og:locale\" content=\"es_ES\" \/>\n<meta property=\"og:type\" content=\"article\" \/>\n<meta property=\"og:title\" content=\"Maleta para Herramientas AI1MOD16 | GT Line\" \/>\n<meta property=\"og:description\" content=\"Maleta para herramientas AI1MOD16 robusta y bien organizada, pensada para proteger herramientas y facilitar intervenciones profesionales.\" \/>\n<meta property=\"og:url\" content=\"https:\/\/www.gtline.com\/es\/products\/gt-line-maleta-porta-herramientas-ai1mod16\/\" \/>\n<meta property=\"og:site_name\" content=\"Gt Line ES\" \/>\n<meta property=\"article:publisher\" content=\"https:\/\/www.facebook.com\/gtlinesrl?locale=it_IT\" \/>\n<meta property=\"article:modified_time\" content=\"2026-04-17T03:11:09+00:00\" \/>\n<meta property=\"og:image\" content=\"https:\/\/www.gtline.com\/es\/wp-content\/uploads\/sites\/4\/2025\/05\/AI1MOD16-vuoto_9088.jpg\" \/>\n\t<meta property=\"og:image:width\" content=\"500\" \/>\n\t<meta property=\"og:image:height\" content=\"500\" \/>\n\t<meta property=\"og:image:type\" content=\"image\/jpeg\" \/>\n<meta name=\"twitter:card\" content=\"summary_large_image\" \/>\n<meta name=\"twitter:label1\" content=\"Tiempo de lectura\" \/>\n\t<meta name=\"twitter:data1\" content=\"2 minutos\" \/>\n<script type=\"application\/ld+json\" class=\"yoast-schema-graph\">{\"@context\":\"https:\/\/schema.org\",\"@graph\":[{\"@type\":\"WebPage\",\"@id\":\"https:\/\/www.gtline.com\/es\/products\/gt-line-maleta-porta-herramientas-ai1mod16\/\",\"url\":\"https:\/\/www.gtline.com\/es\/products\/gt-line-maleta-porta-herramientas-ai1mod16\/\",\"name\":\"Maleta para Herramientas AI1MOD16 | GT Line\",\"isPartOf\":{\"@id\":\"https:\/\/www.gtline.com\/es\/#website\"},\"primaryImageOfPage\":{\"@id\":\"https:\/\/www.gtline.com\/es\/products\/gt-line-maleta-porta-herramientas-ai1mod16\/#primaryimage\"},\"image\":{\"@id\":\"https:\/\/www.gtline.com\/es\/products\/gt-line-maleta-porta-herramientas-ai1mod16\/#primaryimage\"},\"thumbnailUrl\":\"https:\/\/www.gtline.com\/es\/wp-content\/uploads\/sites\/4\/2025\/05\/AI1MOD16-vuoto_9088.jpg\",\"datePublished\":\"2025-07-21T10:26:55+00:00\",\"dateModified\":\"2026-04-17T03:11:09+00:00\",\"description\":\"Maleta para herramientas AI1MOD16 robusta y bien organizada, pensada para proteger herramientas y facilitar intervenciones profesionales.\",\"breadcrumb\":{\"@id\":\"https:\/\/www.gtline.com\/es\/products\/gt-line-maleta-porta-herramientas-ai1mod16\/#breadcrumb\"},\"inLanguage\":\"es\",\"potentialAction\":[{\"@type\":\"ReadAction\",\"target\":[\"https:\/\/www.gtline.com\/es\/products\/gt-line-maleta-porta-herramientas-ai1mod16\/\"]}]},{\"@type\":\"ImageObject\",\"inLanguage\":\"es\",\"@id\":\"https:\/\/www.gtline.com\/es\/products\/gt-line-maleta-porta-herramientas-ai1mod16\/#primaryimage\",\"url\":\"https:\/\/www.gtline.com\/es\/wp-content\/uploads\/sites\/4\/2025\/05\/AI1MOD16-vuoto_9088.jpg\",\"contentUrl\":\"https:\/\/www.gtline.com\/es\/wp-content\/uploads\/sites\/4\/2025\/05\/AI1MOD16-vuoto_9088.jpg\",\"width\":500,\"height\":500},{\"@type\":\"BreadcrumbList\",\"@id\":\"https:\/\/www.gtline.com\/es\/products\/gt-line-maleta-porta-herramientas-ai1mod16\/#breadcrumb\",\"itemListElement\":[{\"@type\":\"ListItem\",\"position\":1,\"name\":\"Home\",\"item\":\"https:\/\/www.gtline.com\/es\/\"},{\"@type\":\"ListItem\",\"position\":2,\"name\":\"Shop\",\"item\":\"https:\/\/www.gtline.com\/es\/negozio\/\"},{\"@type\":\"ListItem\",\"position\":3,\"name\":\"GT Line Maleta Porta herramientas AI1MOD16\"}]},{\"@type\":\"WebSite\",\"@id\":\"https:\/\/www.gtline.com\/es\/#website\",\"url\":\"https:\/\/www.gtline.com\/es\/\",\"name\":\"Gt Line\",\"description\":\"\",\"publisher\":{\"@id\":\"https:\/\/www.gtline.com\/es\/#organization\"},\"potentialAction\":[{\"@type\":\"SearchAction\",\"target\":{\"@type\":\"EntryPoint\",\"urlTemplate\":\"https:\/\/www.gtline.com\/es\/?s={search_term_string}\"},\"query-input\":{\"@type\":\"PropertyValueSpecification\",\"valueRequired\":true,\"valueName\":\"search_term_string\"}}],\"inLanguage\":\"es\"},{\"@type\":\"Organization\",\"@id\":\"https:\/\/www.gtline.com\/es\/#organization\",\"name\":\"Gt Line\",\"url\":\"https:\/\/www.gtline.com\/es\/\",\"logo\":{\"@type\":\"ImageObject\",\"inLanguage\":\"es\",\"@id\":\"https:\/\/www.gtline.com\/es\/#\/schema\/logo\/image\/\",\"url\":\"https:\/\/www.gtline.com\/es\/wp-content\/uploads\/sites\/4\/2025\/02\/logo.png\",\"contentUrl\":\"https:\/\/www.gtline.com\/es\/wp-content\/uploads\/sites\/4\/2025\/02\/logo.png\",\"width\":228,\"height\":146,\"caption\":\"Gt Line\"},\"image\":{\"@id\":\"https:\/\/www.gtline.com\/es\/#\/schema\/logo\/image\/\"},\"sameAs\":[\"https:\/\/www.facebook.com\/gtlinesrl?locale=it_IT\",\"https:\/\/www.instagram.com\/gt_line_srl\/\",\"https:\/\/www.youtube.com\/channel\/UCDvpkFqswNJOVFz64PkYRQQ\",\"https:\/\/www.linkedin.com\/company\/gt-line-srl\/\"]}]}<\/script>\n<!-- \/ Yoast SEO plugin. -->","yoast_head_json":{"title":"Maleta para Herramientas AI1MOD16 | GT Line","description":"Maleta para herramientas AI1MOD16 robusta y bien organizada, pensada para proteger herramientas y facilitar intervenciones profesionales.","robots":{"index":"index","follow":"follow","max-snippet":"max-snippet:-1","max-image-preview":"max-image-preview:large","max-video-preview":"max-video-preview:-1"},"canonical":"https:\/\/www.gtline.com\/es\/products\/gt-line-maleta-porta-herramientas-ai1mod16\/","og_locale":"es_ES","og_type":"article","og_title":"Maleta para Herramientas AI1MOD16 | GT Line","og_description":"Maleta para herramientas AI1MOD16 robusta y bien organizada, pensada para proteger herramientas y facilitar intervenciones profesionales.","og_url":"https:\/\/www.gtline.com\/es\/products\/gt-line-maleta-porta-herramientas-ai1mod16\/","og_site_name":"Gt Line ES","article_publisher":"https:\/\/www.facebook.com\/gtlinesrl?locale=it_IT","article_modified_time":"2026-04-17T03:11:09+00:00","og_image":[{"width":500,"height":500,"url":"https:\/\/www.gtline.com\/es\/wp-content\/uploads\/sites\/4\/2025\/05\/AI1MOD16-vuoto_9088.jpg","type":"image\/jpeg"}],"twitter_card":"summary_large_image","twitter_misc":{"Tiempo de lectura":"2 minutos"},"schema":{"@context":"https:\/\/schema.org","@graph":[{"@type":"WebPage","@id":"https:\/\/www.gtline.com\/es\/products\/gt-line-maleta-porta-herramientas-ai1mod16\/","url":"https:\/\/www.gtline.com\/es\/products\/gt-line-maleta-porta-herramientas-ai1mod16\/","name":"Maleta para Herramientas AI1MOD16 | GT Line","isPartOf":{"@id":"https:\/\/www.gtline.com\/es\/#website"},"primaryImageOfPage":{"@id":"https:\/\/www.gtline.com\/es\/products\/gt-line-maleta-porta-herramientas-ai1mod16\/#primaryimage"},"image":{"@id":"https:\/\/www.gtline.com\/es\/products\/gt-line-maleta-porta-herramientas-ai1mod16\/#primaryimage"},"thumbnailUrl":"https:\/\/www.gtline.com\/es\/wp-content\/uploads\/sites\/4\/2025\/05\/AI1MOD16-vuoto_9088.jpg","datePublished":"2025-07-21T10:26:55+00:00","dateModified":"2026-04-17T03:11:09+00:00","description":"Maleta para herramientas AI1MOD16 robusta y bien organizada, pensada para proteger herramientas y facilitar intervenciones profesionales.","breadcrumb":{"@id":"https:\/\/www.gtline.com\/es\/products\/gt-line-maleta-porta-herramientas-ai1mod16\/#breadcrumb"},"inLanguage":"es","potentialAction":[{"@type":"ReadAction","target":["https:\/\/www.gtline.com\/es\/products\/gt-line-maleta-porta-herramientas-ai1mod16\/"]}]},{"@type":"ImageObject","inLanguage":"es","@id":"https:\/\/www.gtline.com\/es\/products\/gt-line-maleta-porta-herramientas-ai1mod16\/#primaryimage","url":"https:\/\/www.gtline.com\/es\/wp-content\/uploads\/sites\/4\/2025\/05\/AI1MOD16-vuoto_9088.jpg","contentUrl":"https:\/\/www.gtline.com\/es\/wp-content\/uploads\/sites\/4\/2025\/05\/AI1MOD16-vuoto_9088.jpg","width":500,"height":500},{"@type":"BreadcrumbList","@id":"https:\/\/www.gtline.com\/es\/products\/gt-line-maleta-porta-herramientas-ai1mod16\/#breadcrumb","itemListElement":[{"@type":"ListItem","position":1,"name":"Home","item":"https:\/\/www.gtline.com\/es\/"},{"@type":"ListItem","position":2,"name":"Shop","item":"https:\/\/www.gtline.com\/es\/negozio\/"},{"@type":"ListItem","position":3,"name":"GT Line Maleta Porta herramientas AI1MOD16"}]},{"@type":"WebSite","@id":"https:\/\/www.gtline.com\/es\/#website","url":"https:\/\/www.gtline.com\/es\/","name":"Gt Line","description":"","publisher":{"@id":"https:\/\/www.gtline.com\/es\/#organization"},"potentialAction":[{"@type":"SearchAction","target":{"@type":"EntryPoint","urlTemplate":"https:\/\/www.gtline.com\/es\/?s={search_term_string}"},"query-input":{"@type":"PropertyValueSpecification","valueRequired":true,"valueName":"search_term_string"}}],"inLanguage":"es"},{"@type":"Organization","@id":"https:\/\/www.gtline.com\/es\/#organization","name":"Gt Line","url":"https:\/\/www.gtline.com\/es\/","logo":{"@type":"ImageObject","inLanguage":"es","@id":"https:\/\/www.gtline.com\/es\/#\/schema\/logo\/image\/","url":"https:\/\/www.gtline.com\/es\/wp-content\/uploads\/sites\/4\/2025\/02\/logo.png","contentUrl":"https:\/\/www.gtline.com\/es\/wp-content\/uploads\/sites\/4\/2025\/02\/logo.png","width":228,"height":146,"caption":"Gt Line"},"image":{"@id":"https:\/\/www.gtline.com\/es\/#\/schema\/logo\/image\/"},"sameAs":["https:\/\/www.facebook.com\/gtlinesrl?locale=it_IT","https:\/\/www.instagram.com\/gt_line_srl\/","https:\/\/www.youtube.com\/channel\/UCDvpkFqswNJOVFz64PkYRQQ","https:\/\/www.linkedin.com\/company\/gt-line-srl\/"]}]}},"_links":{"self":[{"href":"https:\/\/www.gtline.com\/es\/wp-json\/wp\/v2\/product\/16327","targetHints":{"allow":["GET"]}}],"collection":[{"href":"https:\/\/www.gtline.com\/es\/wp-json\/wp\/v2\/product"}],"about":[{"href":"https:\/\/www.gtline.com\/es\/wp-json\/wp\/v2\/types\/product"}],"replies":[{"embeddable":true,"href":"https:\/\/www.gtline.com\/es\/wp-json\/wp\/v2\/comments?post=16327"}],"version-history":[{"count":3,"href":"https:\/\/www.gtline.com\/es\/wp-json\/wp\/v2\/product\/16327\/revisions"}],"predecessor-version":[{"id":23108,"href":"https:\/\/www.gtline.com\/es\/wp-json\/wp\/v2\/product\/16327\/revisions\/23108"}],"wp:featuredmedia":[{"embeddable":true,"href":"https:\/\/www.gtline.com\/es\/wp-json\/wp\/v2\/media\/9139"}],"wp:attachment":[{"href":"https:\/\/www.gtline.com\/es\/wp-json\/wp\/v2\/media?parent=16327"}],"wp:term":[{"taxonomy":"product_brand","embeddable":true,"href":"https:\/\/www.gtline.com\/es\/wp-json\/wp\/v2\/product_brand?post=16327"},{"taxonomy":"product_cat","embeddable":true,"href":"https:\/\/www.gtline.com\/es\/wp-json\/wp\/v2\/product_cat?post=16327"},{"taxonomy":"product_tag","embeddable":true,"href":"https:\/\/www.gtline.com\/es\/wp-json\/wp\/v2\/product_tag?post=16327"}],"curies":[{"name":"wp","href":"https:\/\/api.w.org\/{rel}","templated":true}]}}