{"id":16329,"date":"2025-07-21T10:27:02","date_gmt":"2025-07-21T10:27:02","guid":{"rendered":"https:\/\/www.gtline.com\/es\/prodotto\/gt-line-maleta-porta-herramientas-ai1mod16-pel\/"},"modified":"2026-04-17T03:11:14","modified_gmt":"2026-04-17T03:11:14","slug":"gt-line-maleta-porta-herramientas-ai1mod16-pel","status":"publish","type":"product","link":"https:\/\/www.gtline.com\/es\/products\/gt-line-maleta-porta-herramientas-ai1mod16-pel\/","title":{"rendered":"GT Line Maleta Porta herramientas AI1MOD16 PEL"},"content":{"rendered":"<p>1. Estructura compacta y liviana, construida para durar<br \/>\nFabricado en polipropileno resistente a los impactos con tecnolog\u00eda de moldeo por inyecci\u00f3n, ofrece durabilidad y resistencia en todas las condiciones de trabajo, con un peso de solo 4,11 kg.<br \/>\n2. Dos paneles de herramientas el\u00e1sticos para una gesti\u00f3n organizada<br \/>\nLos paneles el\u00e1sticos internos permiten una disposici\u00f3n precisa de herramientas manuales de varias formas y tama\u00f1os, lo que garantiza el orden y la accesibilidad inmediata durante el uso diario.<br \/>\n3. Sistema modular AI1MOD para una m\u00e1xima versatilidad<br \/>\nUtilizable en combinaci\u00f3n con otros m\u00f3dulos o de forma independiente, AI1MOD16 PEL es la opci\u00f3n ideal para crear un contenedor profesional adaptado a sus necesidades operativas.<br \/>\n4. Sistema patentado de bloqueo y desbloqueo para un apilamiento y liberaci\u00f3n r\u00e1pidos<br \/>\nEl pr\u00e1ctico mecanismo de botones permite conectar y separar los m\u00f3dulos con un solo gesto, lo que simplifica el transporte y la organizaci\u00f3n.<br \/>\n5. Compatibilidad con versiones anteriores del sistema ALL IN ONE<br \/>\nCon la nueva cubierta AI1LID, AI1MOD16 PEL tambi\u00e9n se puede utilizar con carros ALL IN ONE de generaciones anteriores, lo que garantiza una compatibilidad total con versiones anteriores.<br \/>\n6. Gesti\u00f3n de contenido digital con INTELLIRESPOND<br \/>\nLa aplicaci\u00f3n gratuita INTELLIRESPOND permite el seguimiento del inventario y la gesti\u00f3n de las herramientas en el estuche directamente desde su dispositivo m\u00f3vil. M\u00e1s info en www.intellirespond.com.<br \/>\n7. Dimensiones optimizadas para la integraci\u00f3n y el transporte<br \/>\nCon unas dimensiones externas de 585 x 369 x 198 mm, AI1MOD16 PEL es f\u00e1cil de transportar, apilar y almacenar sin sacrificar la capacidad necesaria para las herramientas de trabajo.<\/p>\n","protected":false},"excerpt":{"rendered":"<p>El malet\u00edn de herramientas PEL AI1MOD16 es la soluci\u00f3n perfecta para aquellos que desean un contenedor profesional compacto con la eficiencia de un malet\u00edn de herramientas altamente organizado. <br \/> <br \/>\nEquipado con dos paneles internos con bucles el\u00e1sticos, este malet\u00edn de herramientas profesional le permite organizar y asegurar herramientas de todo tipo para un acceso r\u00e1pido y f\u00e1cil. <br \/> <br \/>\nParte del sistema modular AI1MOD y compatible con el famoso carro ALL IN ONE de GT Line, tambi\u00e9n se puede utilizar de forma independiente. <br \/> <br \/>\nEl sistema patentado de apilamiento Lock-Unlock le permite conectar y liberar m\u00f3dulos en segundos, convirtiendo cada configuraci\u00f3n en una caja de herramientas personalizada y profesional. <br \/> <br \/>\nEl estuche tambi\u00e9n incluye la tecnolog\u00eda INTELLIRESPOND para el seguimiento digital de herramientas a trav\u00e9s de un tel\u00e9fono inteligente o una tableta.<\/p>\n","protected":false},"featured_media":9150,"comment_status":"open","ping_status":"closed","template":"","meta":{"_acf_changed":false},"product_brand":[],"product_cat":[231],"product_tag":[],"class_list":{"0":"post-16329","1":"product","2":"type-product","3":"status-publish","4":"has-post-thumbnail","6":"product_cat-impilabili","7":"pa_aplicaciones-maletas-y-bolsas-para-el-sector-aeroespacial-mro","8":"pa_aplicaciones-maletas-y-bolsas-para-electricistas","9":"pa_aplicaciones-maletas-y-bolsas-para-fontaneros","10":"pa_aplicaciones-maletas-y-bolsas-para-mantenedores","11":"pa_aplicaciones-maletas-y-bolsas-para-tecnicos-de-campo","12":"pa_aplicaciones-todas","13":"pa_tipo-de-producto-maletas-para-herramientas","14":"pa_tipo-de-producto-all-in-one-modular-system","16":"first","17":"instock","18":"shipping-taxable","19":"purchasable","20":"product-type-simple"},"acf":[],"yoast_head":"<!-- This site is optimized with the Yoast SEO plugin v25.4 - https:\/\/yoast.com\/wordpress\/plugins\/seo\/ -->\n<title>Maleta para Herramientas AI1MOD16 PEL | GT Line<\/title>\n<meta name=\"description\" content=\"AI1MOD16 PEL es una maleta profesional con interior preciso, carcasa resistente y protecci\u00f3n fiable para herramientas en obra o taller.\" \/>\n<meta name=\"robots\" content=\"index, follow, max-snippet:-1, max-image-preview:large, max-video-preview:-1\" \/>\n<link rel=\"canonical\" href=\"https:\/\/www.gtline.com\/es\/products\/gt-line-maleta-porta-herramientas-ai1mod16-pel\/\" \/>\n<meta property=\"og:locale\" content=\"es_ES\" \/>\n<meta property=\"og:type\" content=\"article\" \/>\n<meta property=\"og:title\" content=\"Maleta para Herramientas AI1MOD16 PEL | GT Line\" \/>\n<meta property=\"og:description\" content=\"AI1MOD16 PEL es una maleta profesional con interior preciso, carcasa resistente y protecci\u00f3n fiable para herramientas en obra o taller.\" \/>\n<meta property=\"og:url\" content=\"https:\/\/www.gtline.com\/es\/products\/gt-line-maleta-porta-herramientas-ai1mod16-pel\/\" \/>\n<meta property=\"og:site_name\" content=\"Gt Line ES\" \/>\n<meta property=\"article:publisher\" content=\"https:\/\/www.facebook.com\/gtlinesrl?locale=it_IT\" \/>\n<meta property=\"article:modified_time\" content=\"2026-04-17T03:11:14+00:00\" \/>\n<meta property=\"og:image\" content=\"https:\/\/www.gtline.com\/es\/wp-content\/uploads\/sites\/4\/2025\/05\/AI1MOD16_PEL_01_9089.jpg\" \/>\n\t<meta property=\"og:image:width\" content=\"500\" \/>\n\t<meta property=\"og:image:height\" content=\"500\" \/>\n\t<meta property=\"og:image:type\" content=\"image\/jpeg\" \/>\n<meta name=\"twitter:card\" content=\"summary_large_image\" \/>\n<meta name=\"twitter:label1\" content=\"Tiempo de lectura\" \/>\n\t<meta name=\"twitter:data1\" content=\"2 minutos\" \/>\n<script type=\"application\/ld+json\" class=\"yoast-schema-graph\">{\"@context\":\"https:\/\/schema.org\",\"@graph\":[{\"@type\":\"WebPage\",\"@id\":\"https:\/\/www.gtline.com\/es\/products\/gt-line-maleta-porta-herramientas-ai1mod16-pel\/\",\"url\":\"https:\/\/www.gtline.com\/es\/products\/gt-line-maleta-porta-herramientas-ai1mod16-pel\/\",\"name\":\"Maleta para Herramientas AI1MOD16 PEL | GT Line\",\"isPartOf\":{\"@id\":\"https:\/\/www.gtline.com\/es\/#website\"},\"primaryImageOfPage\":{\"@id\":\"https:\/\/www.gtline.com\/es\/products\/gt-line-maleta-porta-herramientas-ai1mod16-pel\/#primaryimage\"},\"image\":{\"@id\":\"https:\/\/www.gtline.com\/es\/products\/gt-line-maleta-porta-herramientas-ai1mod16-pel\/#primaryimage\"},\"thumbnailUrl\":\"https:\/\/www.gtline.com\/es\/wp-content\/uploads\/sites\/4\/2025\/05\/AI1MOD16_PEL_01_9089.jpg\",\"datePublished\":\"2025-07-21T10:27:02+00:00\",\"dateModified\":\"2026-04-17T03:11:14+00:00\",\"description\":\"AI1MOD16 PEL es una maleta profesional con interior preciso, carcasa resistente y protecci\u00f3n fiable para herramientas en obra o taller.\",\"breadcrumb\":{\"@id\":\"https:\/\/www.gtline.com\/es\/products\/gt-line-maleta-porta-herramientas-ai1mod16-pel\/#breadcrumb\"},\"inLanguage\":\"es\",\"potentialAction\":[{\"@type\":\"ReadAction\",\"target\":[\"https:\/\/www.gtline.com\/es\/products\/gt-line-maleta-porta-herramientas-ai1mod16-pel\/\"]}]},{\"@type\":\"ImageObject\",\"inLanguage\":\"es\",\"@id\":\"https:\/\/www.gtline.com\/es\/products\/gt-line-maleta-porta-herramientas-ai1mod16-pel\/#primaryimage\",\"url\":\"https:\/\/www.gtline.com\/es\/wp-content\/uploads\/sites\/4\/2025\/05\/AI1MOD16_PEL_01_9089.jpg\",\"contentUrl\":\"https:\/\/www.gtline.com\/es\/wp-content\/uploads\/sites\/4\/2025\/05\/AI1MOD16_PEL_01_9089.jpg\",\"width\":500,\"height\":500},{\"@type\":\"BreadcrumbList\",\"@id\":\"https:\/\/www.gtline.com\/es\/products\/gt-line-maleta-porta-herramientas-ai1mod16-pel\/#breadcrumb\",\"itemListElement\":[{\"@type\":\"ListItem\",\"position\":1,\"name\":\"Home\",\"item\":\"https:\/\/www.gtline.com\/es\/\"},{\"@type\":\"ListItem\",\"position\":2,\"name\":\"Shop\",\"item\":\"https:\/\/www.gtline.com\/es\/negozio\/\"},{\"@type\":\"ListItem\",\"position\":3,\"name\":\"GT Line Maleta Porta herramientas AI1MOD16 PEL\"}]},{\"@type\":\"WebSite\",\"@id\":\"https:\/\/www.gtline.com\/es\/#website\",\"url\":\"https:\/\/www.gtline.com\/es\/\",\"name\":\"Gt Line\",\"description\":\"\",\"publisher\":{\"@id\":\"https:\/\/www.gtline.com\/es\/#organization\"},\"potentialAction\":[{\"@type\":\"SearchAction\",\"target\":{\"@type\":\"EntryPoint\",\"urlTemplate\":\"https:\/\/www.gtline.com\/es\/?s={search_term_string}\"},\"query-input\":{\"@type\":\"PropertyValueSpecification\",\"valueRequired\":true,\"valueName\":\"search_term_string\"}}],\"inLanguage\":\"es\"},{\"@type\":\"Organization\",\"@id\":\"https:\/\/www.gtline.com\/es\/#organization\",\"name\":\"Gt Line\",\"url\":\"https:\/\/www.gtline.com\/es\/\",\"logo\":{\"@type\":\"ImageObject\",\"inLanguage\":\"es\",\"@id\":\"https:\/\/www.gtline.com\/es\/#\/schema\/logo\/image\/\",\"url\":\"https:\/\/www.gtline.com\/es\/wp-content\/uploads\/sites\/4\/2025\/02\/logo.png\",\"contentUrl\":\"https:\/\/www.gtline.com\/es\/wp-content\/uploads\/sites\/4\/2025\/02\/logo.png\",\"width\":228,\"height\":146,\"caption\":\"Gt Line\"},\"image\":{\"@id\":\"https:\/\/www.gtline.com\/es\/#\/schema\/logo\/image\/\"},\"sameAs\":[\"https:\/\/www.facebook.com\/gtlinesrl?locale=it_IT\",\"https:\/\/www.instagram.com\/gt_line_srl\/\",\"https:\/\/www.youtube.com\/channel\/UCDvpkFqswNJOVFz64PkYRQQ\",\"https:\/\/www.linkedin.com\/company\/gt-line-srl\/\"]}]}<\/script>\n<!-- \/ Yoast SEO plugin. -->","yoast_head_json":{"title":"Maleta para Herramientas AI1MOD16 PEL | GT Line","description":"AI1MOD16 PEL es una maleta profesional con interior preciso, carcasa resistente y protecci\u00f3n fiable para herramientas en obra o taller.","robots":{"index":"index","follow":"follow","max-snippet":"max-snippet:-1","max-image-preview":"max-image-preview:large","max-video-preview":"max-video-preview:-1"},"canonical":"https:\/\/www.gtline.com\/es\/products\/gt-line-maleta-porta-herramientas-ai1mod16-pel\/","og_locale":"es_ES","og_type":"article","og_title":"Maleta para Herramientas AI1MOD16 PEL | GT Line","og_description":"AI1MOD16 PEL es una maleta profesional con interior preciso, carcasa resistente y protecci\u00f3n fiable para herramientas en obra o taller.","og_url":"https:\/\/www.gtline.com\/es\/products\/gt-line-maleta-porta-herramientas-ai1mod16-pel\/","og_site_name":"Gt Line ES","article_publisher":"https:\/\/www.facebook.com\/gtlinesrl?locale=it_IT","article_modified_time":"2026-04-17T03:11:14+00:00","og_image":[{"width":500,"height":500,"url":"https:\/\/www.gtline.com\/es\/wp-content\/uploads\/sites\/4\/2025\/05\/AI1MOD16_PEL_01_9089.jpg","type":"image\/jpeg"}],"twitter_card":"summary_large_image","twitter_misc":{"Tiempo de lectura":"2 minutos"},"schema":{"@context":"https:\/\/schema.org","@graph":[{"@type":"WebPage","@id":"https:\/\/www.gtline.com\/es\/products\/gt-line-maleta-porta-herramientas-ai1mod16-pel\/","url":"https:\/\/www.gtline.com\/es\/products\/gt-line-maleta-porta-herramientas-ai1mod16-pel\/","name":"Maleta para Herramientas AI1MOD16 PEL | GT Line","isPartOf":{"@id":"https:\/\/www.gtline.com\/es\/#website"},"primaryImageOfPage":{"@id":"https:\/\/www.gtline.com\/es\/products\/gt-line-maleta-porta-herramientas-ai1mod16-pel\/#primaryimage"},"image":{"@id":"https:\/\/www.gtline.com\/es\/products\/gt-line-maleta-porta-herramientas-ai1mod16-pel\/#primaryimage"},"thumbnailUrl":"https:\/\/www.gtline.com\/es\/wp-content\/uploads\/sites\/4\/2025\/05\/AI1MOD16_PEL_01_9089.jpg","datePublished":"2025-07-21T10:27:02+00:00","dateModified":"2026-04-17T03:11:14+00:00","description":"AI1MOD16 PEL es una maleta profesional con interior preciso, carcasa resistente y protecci\u00f3n fiable para herramientas en obra o taller.","breadcrumb":{"@id":"https:\/\/www.gtline.com\/es\/products\/gt-line-maleta-porta-herramientas-ai1mod16-pel\/#breadcrumb"},"inLanguage":"es","potentialAction":[{"@type":"ReadAction","target":["https:\/\/www.gtline.com\/es\/products\/gt-line-maleta-porta-herramientas-ai1mod16-pel\/"]}]},{"@type":"ImageObject","inLanguage":"es","@id":"https:\/\/www.gtline.com\/es\/products\/gt-line-maleta-porta-herramientas-ai1mod16-pel\/#primaryimage","url":"https:\/\/www.gtline.com\/es\/wp-content\/uploads\/sites\/4\/2025\/05\/AI1MOD16_PEL_01_9089.jpg","contentUrl":"https:\/\/www.gtline.com\/es\/wp-content\/uploads\/sites\/4\/2025\/05\/AI1MOD16_PEL_01_9089.jpg","width":500,"height":500},{"@type":"BreadcrumbList","@id":"https:\/\/www.gtline.com\/es\/products\/gt-line-maleta-porta-herramientas-ai1mod16-pel\/#breadcrumb","itemListElement":[{"@type":"ListItem","position":1,"name":"Home","item":"https:\/\/www.gtline.com\/es\/"},{"@type":"ListItem","position":2,"name":"Shop","item":"https:\/\/www.gtline.com\/es\/negozio\/"},{"@type":"ListItem","position":3,"name":"GT Line Maleta Porta herramientas AI1MOD16 PEL"}]},{"@type":"WebSite","@id":"https:\/\/www.gtline.com\/es\/#website","url":"https:\/\/www.gtline.com\/es\/","name":"Gt Line","description":"","publisher":{"@id":"https:\/\/www.gtline.com\/es\/#organization"},"potentialAction":[{"@type":"SearchAction","target":{"@type":"EntryPoint","urlTemplate":"https:\/\/www.gtline.com\/es\/?s={search_term_string}"},"query-input":{"@type":"PropertyValueSpecification","valueRequired":true,"valueName":"search_term_string"}}],"inLanguage":"es"},{"@type":"Organization","@id":"https:\/\/www.gtline.com\/es\/#organization","name":"Gt Line","url":"https:\/\/www.gtline.com\/es\/","logo":{"@type":"ImageObject","inLanguage":"es","@id":"https:\/\/www.gtline.com\/es\/#\/schema\/logo\/image\/","url":"https:\/\/www.gtline.com\/es\/wp-content\/uploads\/sites\/4\/2025\/02\/logo.png","contentUrl":"https:\/\/www.gtline.com\/es\/wp-content\/uploads\/sites\/4\/2025\/02\/logo.png","width":228,"height":146,"caption":"Gt Line"},"image":{"@id":"https:\/\/www.gtline.com\/es\/#\/schema\/logo\/image\/"},"sameAs":["https:\/\/www.facebook.com\/gtlinesrl?locale=it_IT","https:\/\/www.instagram.com\/gt_line_srl\/","https:\/\/www.youtube.com\/channel\/UCDvpkFqswNJOVFz64PkYRQQ","https:\/\/www.linkedin.com\/company\/gt-line-srl\/"]}]}},"_links":{"self":[{"href":"https:\/\/www.gtline.com\/es\/wp-json\/wp\/v2\/product\/16329","targetHints":{"allow":["GET"]}}],"collection":[{"href":"https:\/\/www.gtline.com\/es\/wp-json\/wp\/v2\/product"}],"about":[{"href":"https:\/\/www.gtline.com\/es\/wp-json\/wp\/v2\/types\/product"}],"replies":[{"embeddable":true,"href":"https:\/\/www.gtline.com\/es\/wp-json\/wp\/v2\/comments?post=16329"}],"version-history":[{"count":3,"href":"https:\/\/www.gtline.com\/es\/wp-json\/wp\/v2\/product\/16329\/revisions"}],"predecessor-version":[{"id":23110,"href":"https:\/\/www.gtline.com\/es\/wp-json\/wp\/v2\/product\/16329\/revisions\/23110"}],"wp:featuredmedia":[{"embeddable":true,"href":"https:\/\/www.gtline.com\/es\/wp-json\/wp\/v2\/media\/9150"}],"wp:attachment":[{"href":"https:\/\/www.gtline.com\/es\/wp-json\/wp\/v2\/media?parent=16329"}],"wp:term":[{"taxonomy":"product_brand","embeddable":true,"href":"https:\/\/www.gtline.com\/es\/wp-json\/wp\/v2\/product_brand?post=16329"},{"taxonomy":"product_cat","embeddable":true,"href":"https:\/\/www.gtline.com\/es\/wp-json\/wp\/v2\/product_cat?post=16329"},{"taxonomy":"product_tag","embeddable":true,"href":"https:\/\/www.gtline.com\/es\/wp-json\/wp\/v2\/product_tag?post=16329"}],"curies":[{"name":"wp","href":"https:\/\/api.w.org\/{rel}","templated":true}]}}