{"id":16331,"date":"2025-07-21T10:27:08","date_gmt":"2025-07-21T10:27:08","guid":{"rendered":"https:\/\/www.gtline.com\/es\/prodotto\/gt-line-maleta-porta-herramientas-ai1mod16-pts\/"},"modified":"2026-04-17T03:11:20","modified_gmt":"2026-04-17T03:11:20","slug":"gt-line-maleta-porta-herramientas-ai1mod16-pts","status":"publish","type":"product","link":"https:\/\/www.gtline.com\/es\/products\/gt-line-maleta-porta-herramientas-ai1mod16-pts\/","title":{"rendered":"GT Line Maleta Porta herramientas AI1MOD16 PTS"},"content":{"rendered":"<p>1. Flexibilidad y orden con FLEXI POUCHES\u2122<br \/>\nLos dos paneles internos con bolsillos flexibles permiten almacenar y organizar las herramientas manuales de forma r\u00e1pida, visible y personalizada, mejorando la eficiencia operativa.<br \/>\n2. Estructura compacta, liviana y ultra duradera<br \/>\nFabricada en polipropileno de alta resistencia con moldeo por inyecci\u00f3n, la carcasa ofrece robustez en entornos hostiles manteniendo un bajo peso de 4,11 kg.<br \/>\n3. Sistema modular AI1MOD compatible con TODO EN UNO<br \/>\nSe puede utilizar de forma independiente o apilable con otros m\u00f3dulos para crear un contenedor profesional con ruedas, ideal para talleres m\u00f3viles y operadores de campo.<br \/>\n4. Sistema patentado de bloqueo y desbloqueo para una conexi\u00f3n r\u00e1pida<br \/>\nEl pr\u00e1ctico mecanismo de pulsador permite conectar o desconectar los m\u00f3dulos en cuesti\u00f3n de segundos, lo que facilita el transporte y la configuraci\u00f3n.<br \/>\n5. Retrocompatibilidad gracias a la cubierta AI1LID<br \/>\nEl m\u00f3dulo es retrocompatible con los carros ALL IN ONE de la generaci\u00f3n anterior, que se pueden actualizar con la nueva tapa para garantizar la continuidad y la versatilidad de uso.<br \/>\n6. Gesti\u00f3n digital integrada con INTELLIRESPOND<br \/>\nLa aplicaci\u00f3n gratuita permite el monitoreo, la gesti\u00f3n de inventario y el control de herramientas a trav\u00e9s de tel\u00e9fonos inteligentes o tabletas. M\u00e1s informaci\u00f3n en www.intellirespond.com.<br \/>\n7. Dimensiones \u00f3ptimas para el transporte y la integraci\u00f3n<br \/>\nCon unas medidas externas de 585 x 369 x 198 mm, la caja es f\u00e1cilmente apilable y perfecta para veh\u00edculos equipados, estanter\u00edas profesionales y sistemas m\u00f3viles.<\/p>\n","protected":false},"excerpt":{"rendered":"<p>El malet\u00edn de herramientas AI1MOD16 PTS ofrece una soluci\u00f3n pr\u00e1ctica y profesional para aquellos que buscan un contenedor compacto, resistente y altamente organizado. <br \/> <br \/>\nEquipado con dos paneles de herramientas con FLEXI POUCHES, este malet\u00edn de herramientas permite una disposici\u00f3n extremadamente flexible de varias herramientas manuales\u2122, lo que garantiza un acceso r\u00e1pido. <br \/> <br \/>\nForma parte del sistema modular AI1MOD de GT Line y puede utilizarse de forma independiente o apilarse con otros m\u00f3dulos ALL IN ONE gracias al sistema patentado Lock-Unlock. <br \/> <br \/>\nFabricado en polipropileno resistente a los impactos, es compatible con las generaciones anteriores de carros a trav\u00e9s de la cubierta AI1LID. <br \/> <br \/>\nTambi\u00e9n incluye la tecnolog\u00eda INTELLIRESPOND para la gesti\u00f3n inteligente de contenidos digitales.<\/p>\n","protected":false},"featured_media":9162,"comment_status":"open","ping_status":"closed","template":"","meta":{"_acf_changed":false},"product_brand":[],"product_cat":[231],"product_tag":[],"class_list":{"0":"post-16331","1":"product","2":"type-product","3":"status-publish","4":"has-post-thumbnail","6":"product_cat-impilabili","7":"pa_aplicaciones-maletas-y-bolsas-para-el-sector-aeroespacial-mro","8":"pa_aplicaciones-maletas-y-bolsas-para-electricistas","9":"pa_aplicaciones-maletas-y-bolsas-para-fontaneros","10":"pa_aplicaciones-maletas-y-bolsas-para-mantenedores","11":"pa_aplicaciones-maletas-y-bolsas-para-tecnicos-de-campo","12":"pa_aplicaciones-todas","13":"pa_tipo-de-producto-maletas-para-herramientas","14":"pa_tipo-de-producto-all-in-one-modular-system","16":"first","17":"instock","18":"shipping-taxable","19":"purchasable","20":"product-type-simple"},"acf":[],"yoast_head":"<!-- This site is optimized with the Yoast SEO plugin v25.4 - https:\/\/yoast.com\/wordpress\/plugins\/seo\/ -->\n<title>Maleta para Herramientas AI1MOD16 PTS | GT Line<\/title>\n<meta name=\"description\" content=\"Maleta AI1MOD16 PTS con bolsillos accesibles y dise\u00f1o s\u00f3lido que permite un orden perfecto y m\u00e1s eficiencia en cada tarea profesional.\" \/>\n<meta name=\"robots\" content=\"index, follow, max-snippet:-1, max-image-preview:large, max-video-preview:-1\" \/>\n<link rel=\"canonical\" href=\"https:\/\/www.gtline.com\/es\/products\/gt-line-maleta-porta-herramientas-ai1mod16-pts\/\" \/>\n<meta property=\"og:locale\" content=\"es_ES\" \/>\n<meta property=\"og:type\" content=\"article\" \/>\n<meta property=\"og:title\" content=\"Maleta para Herramientas AI1MOD16 PTS | GT Line\" \/>\n<meta property=\"og:description\" content=\"Maleta AI1MOD16 PTS con bolsillos accesibles y dise\u00f1o s\u00f3lido que permite un orden perfecto y m\u00e1s eficiencia en cada tarea profesional.\" \/>\n<meta property=\"og:url\" content=\"https:\/\/www.gtline.com\/es\/products\/gt-line-maleta-porta-herramientas-ai1mod16-pts\/\" \/>\n<meta property=\"og:site_name\" content=\"Gt Line ES\" \/>\n<meta property=\"article:publisher\" content=\"https:\/\/www.facebook.com\/gtlinesrl?locale=it_IT\" \/>\n<meta property=\"article:modified_time\" content=\"2026-04-17T03:11:20+00:00\" \/>\n<meta property=\"og:image\" content=\"https:\/\/www.gtline.com\/es\/wp-content\/uploads\/sites\/4\/2025\/05\/AI1MOD16_PTS_01_9090.jpg\" \/>\n\t<meta property=\"og:image:width\" content=\"500\" \/>\n\t<meta property=\"og:image:height\" content=\"500\" \/>\n\t<meta property=\"og:image:type\" content=\"image\/jpeg\" \/>\n<meta name=\"twitter:card\" content=\"summary_large_image\" \/>\n<meta name=\"twitter:label1\" content=\"Tiempo de lectura\" \/>\n\t<meta name=\"twitter:data1\" content=\"2 minutos\" \/>\n<script type=\"application\/ld+json\" class=\"yoast-schema-graph\">{\"@context\":\"https:\/\/schema.org\",\"@graph\":[{\"@type\":\"WebPage\",\"@id\":\"https:\/\/www.gtline.com\/es\/products\/gt-line-maleta-porta-herramientas-ai1mod16-pts\/\",\"url\":\"https:\/\/www.gtline.com\/es\/products\/gt-line-maleta-porta-herramientas-ai1mod16-pts\/\",\"name\":\"Maleta para Herramientas AI1MOD16 PTS | GT Line\",\"isPartOf\":{\"@id\":\"https:\/\/www.gtline.com\/es\/#website\"},\"primaryImageOfPage\":{\"@id\":\"https:\/\/www.gtline.com\/es\/products\/gt-line-maleta-porta-herramientas-ai1mod16-pts\/#primaryimage\"},\"image\":{\"@id\":\"https:\/\/www.gtline.com\/es\/products\/gt-line-maleta-porta-herramientas-ai1mod16-pts\/#primaryimage\"},\"thumbnailUrl\":\"https:\/\/www.gtline.com\/es\/wp-content\/uploads\/sites\/4\/2025\/05\/AI1MOD16_PTS_01_9090.jpg\",\"datePublished\":\"2025-07-21T10:27:08+00:00\",\"dateModified\":\"2026-04-17T03:11:20+00:00\",\"description\":\"Maleta AI1MOD16 PTS con bolsillos accesibles y dise\u00f1o s\u00f3lido que permite un orden perfecto y m\u00e1s eficiencia en cada tarea profesional.\",\"breadcrumb\":{\"@id\":\"https:\/\/www.gtline.com\/es\/products\/gt-line-maleta-porta-herramientas-ai1mod16-pts\/#breadcrumb\"},\"inLanguage\":\"es\",\"potentialAction\":[{\"@type\":\"ReadAction\",\"target\":[\"https:\/\/www.gtline.com\/es\/products\/gt-line-maleta-porta-herramientas-ai1mod16-pts\/\"]}]},{\"@type\":\"ImageObject\",\"inLanguage\":\"es\",\"@id\":\"https:\/\/www.gtline.com\/es\/products\/gt-line-maleta-porta-herramientas-ai1mod16-pts\/#primaryimage\",\"url\":\"https:\/\/www.gtline.com\/es\/wp-content\/uploads\/sites\/4\/2025\/05\/AI1MOD16_PTS_01_9090.jpg\",\"contentUrl\":\"https:\/\/www.gtline.com\/es\/wp-content\/uploads\/sites\/4\/2025\/05\/AI1MOD16_PTS_01_9090.jpg\",\"width\":500,\"height\":500},{\"@type\":\"BreadcrumbList\",\"@id\":\"https:\/\/www.gtline.com\/es\/products\/gt-line-maleta-porta-herramientas-ai1mod16-pts\/#breadcrumb\",\"itemListElement\":[{\"@type\":\"ListItem\",\"position\":1,\"name\":\"Home\",\"item\":\"https:\/\/www.gtline.com\/es\/\"},{\"@type\":\"ListItem\",\"position\":2,\"name\":\"Shop\",\"item\":\"https:\/\/www.gtline.com\/es\/negozio\/\"},{\"@type\":\"ListItem\",\"position\":3,\"name\":\"GT Line Maleta Porta herramientas AI1MOD16 PTS\"}]},{\"@type\":\"WebSite\",\"@id\":\"https:\/\/www.gtline.com\/es\/#website\",\"url\":\"https:\/\/www.gtline.com\/es\/\",\"name\":\"Gt Line\",\"description\":\"\",\"publisher\":{\"@id\":\"https:\/\/www.gtline.com\/es\/#organization\"},\"potentialAction\":[{\"@type\":\"SearchAction\",\"target\":{\"@type\":\"EntryPoint\",\"urlTemplate\":\"https:\/\/www.gtline.com\/es\/?s={search_term_string}\"},\"query-input\":{\"@type\":\"PropertyValueSpecification\",\"valueRequired\":true,\"valueName\":\"search_term_string\"}}],\"inLanguage\":\"es\"},{\"@type\":\"Organization\",\"@id\":\"https:\/\/www.gtline.com\/es\/#organization\",\"name\":\"Gt Line\",\"url\":\"https:\/\/www.gtline.com\/es\/\",\"logo\":{\"@type\":\"ImageObject\",\"inLanguage\":\"es\",\"@id\":\"https:\/\/www.gtline.com\/es\/#\/schema\/logo\/image\/\",\"url\":\"https:\/\/www.gtline.com\/es\/wp-content\/uploads\/sites\/4\/2025\/02\/logo.png\",\"contentUrl\":\"https:\/\/www.gtline.com\/es\/wp-content\/uploads\/sites\/4\/2025\/02\/logo.png\",\"width\":228,\"height\":146,\"caption\":\"Gt Line\"},\"image\":{\"@id\":\"https:\/\/www.gtline.com\/es\/#\/schema\/logo\/image\/\"},\"sameAs\":[\"https:\/\/www.facebook.com\/gtlinesrl?locale=it_IT\",\"https:\/\/www.instagram.com\/gt_line_srl\/\",\"https:\/\/www.youtube.com\/channel\/UCDvpkFqswNJOVFz64PkYRQQ\",\"https:\/\/www.linkedin.com\/company\/gt-line-srl\/\"]}]}<\/script>\n<!-- \/ Yoast SEO plugin. -->","yoast_head_json":{"title":"Maleta para Herramientas AI1MOD16 PTS | GT Line","description":"Maleta AI1MOD16 PTS con bolsillos accesibles y dise\u00f1o s\u00f3lido que permite un orden perfecto y m\u00e1s eficiencia en cada tarea profesional.","robots":{"index":"index","follow":"follow","max-snippet":"max-snippet:-1","max-image-preview":"max-image-preview:large","max-video-preview":"max-video-preview:-1"},"canonical":"https:\/\/www.gtline.com\/es\/products\/gt-line-maleta-porta-herramientas-ai1mod16-pts\/","og_locale":"es_ES","og_type":"article","og_title":"Maleta para Herramientas AI1MOD16 PTS | GT Line","og_description":"Maleta AI1MOD16 PTS con bolsillos accesibles y dise\u00f1o s\u00f3lido que permite un orden perfecto y m\u00e1s eficiencia en cada tarea profesional.","og_url":"https:\/\/www.gtline.com\/es\/products\/gt-line-maleta-porta-herramientas-ai1mod16-pts\/","og_site_name":"Gt Line ES","article_publisher":"https:\/\/www.facebook.com\/gtlinesrl?locale=it_IT","article_modified_time":"2026-04-17T03:11:20+00:00","og_image":[{"width":500,"height":500,"url":"https:\/\/www.gtline.com\/es\/wp-content\/uploads\/sites\/4\/2025\/05\/AI1MOD16_PTS_01_9090.jpg","type":"image\/jpeg"}],"twitter_card":"summary_large_image","twitter_misc":{"Tiempo de lectura":"2 minutos"},"schema":{"@context":"https:\/\/schema.org","@graph":[{"@type":"WebPage","@id":"https:\/\/www.gtline.com\/es\/products\/gt-line-maleta-porta-herramientas-ai1mod16-pts\/","url":"https:\/\/www.gtline.com\/es\/products\/gt-line-maleta-porta-herramientas-ai1mod16-pts\/","name":"Maleta para Herramientas AI1MOD16 PTS | GT Line","isPartOf":{"@id":"https:\/\/www.gtline.com\/es\/#website"},"primaryImageOfPage":{"@id":"https:\/\/www.gtline.com\/es\/products\/gt-line-maleta-porta-herramientas-ai1mod16-pts\/#primaryimage"},"image":{"@id":"https:\/\/www.gtline.com\/es\/products\/gt-line-maleta-porta-herramientas-ai1mod16-pts\/#primaryimage"},"thumbnailUrl":"https:\/\/www.gtline.com\/es\/wp-content\/uploads\/sites\/4\/2025\/05\/AI1MOD16_PTS_01_9090.jpg","datePublished":"2025-07-21T10:27:08+00:00","dateModified":"2026-04-17T03:11:20+00:00","description":"Maleta AI1MOD16 PTS con bolsillos accesibles y dise\u00f1o s\u00f3lido que permite un orden perfecto y m\u00e1s eficiencia en cada tarea profesional.","breadcrumb":{"@id":"https:\/\/www.gtline.com\/es\/products\/gt-line-maleta-porta-herramientas-ai1mod16-pts\/#breadcrumb"},"inLanguage":"es","potentialAction":[{"@type":"ReadAction","target":["https:\/\/www.gtline.com\/es\/products\/gt-line-maleta-porta-herramientas-ai1mod16-pts\/"]}]},{"@type":"ImageObject","inLanguage":"es","@id":"https:\/\/www.gtline.com\/es\/products\/gt-line-maleta-porta-herramientas-ai1mod16-pts\/#primaryimage","url":"https:\/\/www.gtline.com\/es\/wp-content\/uploads\/sites\/4\/2025\/05\/AI1MOD16_PTS_01_9090.jpg","contentUrl":"https:\/\/www.gtline.com\/es\/wp-content\/uploads\/sites\/4\/2025\/05\/AI1MOD16_PTS_01_9090.jpg","width":500,"height":500},{"@type":"BreadcrumbList","@id":"https:\/\/www.gtline.com\/es\/products\/gt-line-maleta-porta-herramientas-ai1mod16-pts\/#breadcrumb","itemListElement":[{"@type":"ListItem","position":1,"name":"Home","item":"https:\/\/www.gtline.com\/es\/"},{"@type":"ListItem","position":2,"name":"Shop","item":"https:\/\/www.gtline.com\/es\/negozio\/"},{"@type":"ListItem","position":3,"name":"GT Line Maleta Porta herramientas AI1MOD16 PTS"}]},{"@type":"WebSite","@id":"https:\/\/www.gtline.com\/es\/#website","url":"https:\/\/www.gtline.com\/es\/","name":"Gt Line","description":"","publisher":{"@id":"https:\/\/www.gtline.com\/es\/#organization"},"potentialAction":[{"@type":"SearchAction","target":{"@type":"EntryPoint","urlTemplate":"https:\/\/www.gtline.com\/es\/?s={search_term_string}"},"query-input":{"@type":"PropertyValueSpecification","valueRequired":true,"valueName":"search_term_string"}}],"inLanguage":"es"},{"@type":"Organization","@id":"https:\/\/www.gtline.com\/es\/#organization","name":"Gt Line","url":"https:\/\/www.gtline.com\/es\/","logo":{"@type":"ImageObject","inLanguage":"es","@id":"https:\/\/www.gtline.com\/es\/#\/schema\/logo\/image\/","url":"https:\/\/www.gtline.com\/es\/wp-content\/uploads\/sites\/4\/2025\/02\/logo.png","contentUrl":"https:\/\/www.gtline.com\/es\/wp-content\/uploads\/sites\/4\/2025\/02\/logo.png","width":228,"height":146,"caption":"Gt Line"},"image":{"@id":"https:\/\/www.gtline.com\/es\/#\/schema\/logo\/image\/"},"sameAs":["https:\/\/www.facebook.com\/gtlinesrl?locale=it_IT","https:\/\/www.instagram.com\/gt_line_srl\/","https:\/\/www.youtube.com\/channel\/UCDvpkFqswNJOVFz64PkYRQQ","https:\/\/www.linkedin.com\/company\/gt-line-srl\/"]}]}},"_links":{"self":[{"href":"https:\/\/www.gtline.com\/es\/wp-json\/wp\/v2\/product\/16331","targetHints":{"allow":["GET"]}}],"collection":[{"href":"https:\/\/www.gtline.com\/es\/wp-json\/wp\/v2\/product"}],"about":[{"href":"https:\/\/www.gtline.com\/es\/wp-json\/wp\/v2\/types\/product"}],"replies":[{"embeddable":true,"href":"https:\/\/www.gtline.com\/es\/wp-json\/wp\/v2\/comments?post=16331"}],"version-history":[{"count":3,"href":"https:\/\/www.gtline.com\/es\/wp-json\/wp\/v2\/product\/16331\/revisions"}],"predecessor-version":[{"id":23112,"href":"https:\/\/www.gtline.com\/es\/wp-json\/wp\/v2\/product\/16331\/revisions\/23112"}],"wp:featuredmedia":[{"embeddable":true,"href":"https:\/\/www.gtline.com\/es\/wp-json\/wp\/v2\/media\/9162"}],"wp:attachment":[{"href":"https:\/\/www.gtline.com\/es\/wp-json\/wp\/v2\/media?parent=16331"}],"wp:term":[{"taxonomy":"product_brand","embeddable":true,"href":"https:\/\/www.gtline.com\/es\/wp-json\/wp\/v2\/product_brand?post=16331"},{"taxonomy":"product_cat","embeddable":true,"href":"https:\/\/www.gtline.com\/es\/wp-json\/wp\/v2\/product_cat?post=16331"},{"taxonomy":"product_tag","embeddable":true,"href":"https:\/\/www.gtline.com\/es\/wp-json\/wp\/v2\/product_tag?post=16331"}],"curies":[{"name":"wp","href":"https:\/\/api.w.org\/{rel}","templated":true}]}}